{"id":26589,"date":"2026-03-14T18:41:53","date_gmt":"2026-03-14T17:41:53","guid":{"rendered":"https:\/\/www.swisscrochet.ch\/product\/marchenart-manila-hemp-yarn-double\/"},"modified":"2026-03-14T18:54:16","modified_gmt":"2026-03-14T17:54:16","slug":"marchenart-manila-hemp-yarn-double","status":"publish","type":"product","link":"https:\/\/www.swisscrochet.ch\/fr\/produit\/marchenart-manila-hemp-yarn-double\/","title":{"rendered":"M\u00e4rchenart &#8211; Manila Hemp Yarn Double"},"content":{"rendered":"","protected":false},"excerpt":{"rendered":"<p>Manila Hemp Yarn Double est un fil raphia fabriqu\u00e9 \u00e0 partir de 100 % papier de chanvre de Manille, un fil de papier japonais traditionnel connu pour sa texture naturelle et sa tenue structur\u00e9e. Fabriqu\u00e9 au Japon, ce mat\u00e9riau unique convient particuli\u00e8rement aux projets qui n\u00e9cessitent stabilit\u00e9 et maintien de la forme.<\/p>\n<p>Manila Hemp Yarn Double est id\u00e9al pour les projets d\u2019\u00e9t\u00e9 structur\u00e9s tels que les sacs, les \u00e9l\u00e9ments de d\u00e9coration int\u00e9rieure et les accessoires comme les chapeaux. Il s\u2019agit de la version plus \u00e9paisse du Manila Hemp Yarn, avec un ruban d\u2019environ deux fois la largeur.<\/p>\n<p>L\u2019\u00e9chantillon pr\u00e9sent\u00e9 a \u00e9t\u00e9 lav\u00e9 \u00e0 la main dans de l\u2019eau ti\u00e8de puis repass\u00e9 \u00e0 la vapeur.<\/p>\n<p>Manila Hemp Yarn Double est disponible dans une palette de 3 couleurs : beige, brun clair et noir classique.<\/p>\n<p>Choisissez Manila Hemp Yarn Double pour des accessoires d\u2019\u00e9t\u00e9 structur\u00e9s qui conservent parfaitement leur forme.<\/p>\n<p><strong>Disponible exclusivement chez Swiss Crochet.<\/strong><\/p>\n","protected":false},"featured_media":26523,"template":"","meta":[],"product_brand":[],"product_cat":[227,1882],"product_tag":[],"class_list":{"0":"post-26589","1":"product","2":"type-product","3":"status-publish","4":"has-post-thumbnail","6":"product_cat-fils","7":"product_cat-fils-sacs-et-decoration-interieure","8":"pa_y1-brand-marchenart","9":"pa_y17-yarn-weight-aran-fr","10":"description-off","12":"first","13":"instock","14":"taxable","15":"shipping-taxable","16":"purchasable","17":"product-type-variable","18":"wvs-archive-product-wrapper"},"bundled_by":[],"bundle_stock_status":"instock","bundle_stock_quantity":null,"bundle_virtual":false,"bundle_layout":"","bundle_add_to_cart_form_location":"","bundle_editable_in_cart":false,"bundle_sold_individually_context":"","bundle_item_grouping":"","bundle_min_size":"","bundle_max_size":"","bundle_price":[],"bundled_items":[],"bundle_sell_ids":[],"yoast_head":"<!-- This site is optimized with the Yoast SEO plugin v27.4 - https:\/\/yoast.com\/product\/yoast-seo-wordpress\/ -->\n<title>M\u00e4rchenart - Manila Hemp Yarn Double &#171; Swiss Crochet<\/title>\n<meta name=\"description\" content=\"Fil raphia Manila Hemp Yarn Double en papier raffia du Japon. Fil ruban \u00e9pais, id\u00e9al pour sacs au crochet, chapeaux et accessoires d\u2019\u00e9t\u00e9 structur\u00e9s.\" \/>\n<meta name=\"robots\" content=\"index, follow, max-snippet:-1, max-image-preview:large, max-video-preview:-1\" \/>\n<link rel=\"canonical\" href=\"https:\/\/www.swisscrochet.ch\/fr\/produit\/marchenart-manila-hemp-yarn-double\/\" \/>\n<meta property=\"og:locale\" content=\"fr_FR\" \/>\n<meta property=\"og:type\" content=\"article\" \/>\n<meta property=\"og:title\" content=\"M\u00e4rchenart - Manila Hemp Yarn Double &#171; Swiss Crochet\" \/>\n<meta property=\"og:description\" content=\"Fil raphia Manila Hemp Yarn Double en papier raffia du Japon. Fil ruban \u00e9pais, id\u00e9al pour sacs au crochet, chapeaux et accessoires d\u2019\u00e9t\u00e9 structur\u00e9s.\" \/>\n<meta property=\"og:url\" content=\"https:\/\/www.swisscrochet.ch\/fr\/produit\/marchenart-manila-hemp-yarn-double\/\" \/>\n<meta property=\"og:site_name\" content=\"Swiss Crochet\" \/>\n<meta property=\"article:modified_time\" content=\"2026-03-14T17:54:16+00:00\" \/>\n<meta property=\"og:image\" content=\"https:\/\/www.swisscrochet.ch\/wp-content\/uploads\/2026\/03\/Marchenart-Manila-Hemp-Yarn-Double-Overview.jpg\" \/>\n\t<meta property=\"og:image:width\" content=\"1000\" \/>\n\t<meta property=\"og:image:height\" content=\"1000\" \/>\n\t<meta property=\"og:image:type\" content=\"image\/jpeg\" \/>\n<meta name=\"twitter:card\" content=\"summary_large_image\" \/>\n<meta name=\"twitter:label1\" content=\"Dur\u00e9e de lecture estim\u00e9e\" \/>\n\t<meta name=\"twitter:data1\" content=\"1 minute\" \/>\n<script type=\"application\/ld+json\" class=\"yoast-schema-graph\">{\"@context\":\"https:\\\/\\\/schema.org\",\"@graph\":[{\"@type\":[\"WebPage\",\"ItemPage\"],\"@id\":\"https:\\\/\\\/www.swisscrochet.ch\\\/fr\\\/produit\\\/marchenart-manila-hemp-yarn-double\\\/\",\"url\":\"https:\\\/\\\/www.swisscrochet.ch\\\/fr\\\/produit\\\/marchenart-manila-hemp-yarn-double\\\/\",\"name\":\"M\u00e4rchenart - Manila Hemp Yarn Double &#171; Swiss Crochet\",\"isPartOf\":{\"@id\":\"https:\\\/\\\/www.swisscrochet.ch\\\/#website\"},\"primaryImageOfPage\":{\"@id\":\"https:\\\/\\\/www.swisscrochet.ch\\\/fr\\\/produit\\\/marchenart-manila-hemp-yarn-double\\\/#primaryimage\"},\"image\":{\"@id\":\"https:\\\/\\\/www.swisscrochet.ch\\\/fr\\\/produit\\\/marchenart-manila-hemp-yarn-double\\\/#primaryimage\"},\"thumbnailUrl\":\"https:\\\/\\\/www.swisscrochet.ch\\\/wp-content\\\/uploads\\\/2026\\\/03\\\/Marchenart-Manila-Hemp-Yarn-Double-Overview.jpg\",\"datePublished\":\"2026-03-14T17:41:53+00:00\",\"dateModified\":\"2026-03-14T17:54:16+00:00\",\"description\":\"Fil raphia Manila Hemp Yarn Double en papier raffia du Japon. Fil ruban \u00e9pais, id\u00e9al pour sacs au crochet, chapeaux et accessoires d\u2019\u00e9t\u00e9 structur\u00e9s.\",\"breadcrumb\":{\"@id\":\"https:\\\/\\\/www.swisscrochet.ch\\\/fr\\\/produit\\\/marchenart-manila-hemp-yarn-double\\\/#breadcrumb\"},\"inLanguage\":\"fr-FR\",\"potentialAction\":[{\"@type\":\"ReadAction\",\"target\":[\"https:\\\/\\\/www.swisscrochet.ch\\\/fr\\\/produit\\\/marchenart-manila-hemp-yarn-double\\\/\"]}]},{\"@type\":\"ImageObject\",\"inLanguage\":\"fr-FR\",\"@id\":\"https:\\\/\\\/www.swisscrochet.ch\\\/fr\\\/produit\\\/marchenart-manila-hemp-yarn-double\\\/#primaryimage\",\"url\":\"https:\\\/\\\/www.swisscrochet.ch\\\/wp-content\\\/uploads\\\/2026\\\/03\\\/Marchenart-Manila-Hemp-Yarn-Double-Overview.jpg\",\"contentUrl\":\"https:\\\/\\\/www.swisscrochet.ch\\\/wp-content\\\/uploads\\\/2026\\\/03\\\/Marchenart-Manila-Hemp-Yarn-Double-Overview.jpg\",\"width\":1000,\"height\":1000},{\"@type\":\"BreadcrumbList\",\"@id\":\"https:\\\/\\\/www.swisscrochet.ch\\\/fr\\\/produit\\\/marchenart-manila-hemp-yarn-double\\\/#breadcrumb\",\"itemListElement\":[{\"@type\":\"ListItem\",\"position\":1,\"name\":\"Home\",\"item\":\"https:\\\/\\\/www.swisscrochet.ch\\\/fr\\\/\"},{\"@type\":\"ListItem\",\"position\":2,\"name\":\"Boutique\",\"item\":\"https:\\\/\\\/www.swisscrochet.ch\\\/fr\\\/boutique\\\/\"},{\"@type\":\"ListItem\",\"position\":3,\"name\":\"M\u00e4rchenart &#8211; Manila Hemp Yarn Double\"}]},{\"@type\":\"WebSite\",\"@id\":\"https:\\\/\\\/www.swisscrochet.ch\\\/#website\",\"url\":\"https:\\\/\\\/www.swisscrochet.ch\\\/\",\"name\":\"Swiss Crochet\",\"description\":\"Lib\u00e9rez votre potentiel cr\u00e9atif\",\"potentialAction\":[{\"@type\":\"SearchAction\",\"target\":{\"@type\":\"EntryPoint\",\"urlTemplate\":\"https:\\\/\\\/www.swisscrochet.ch\\\/?s={search_term_string}\"},\"query-input\":{\"@type\":\"PropertyValueSpecification\",\"valueRequired\":true,\"valueName\":\"search_term_string\"}}],\"inLanguage\":\"fr-FR\"}]}<\/script>\n<!-- \/ Yoast SEO plugin. -->","yoast_head_json":{"title":"M\u00e4rchenart - Manila Hemp Yarn Double &#171; Swiss Crochet","description":"Fil raphia Manila Hemp Yarn Double en papier raffia du Japon. Fil ruban \u00e9pais, id\u00e9al pour sacs au crochet, chapeaux et accessoires d\u2019\u00e9t\u00e9 structur\u00e9s.","robots":{"index":"index","follow":"follow","max-snippet":"max-snippet:-1","max-image-preview":"max-image-preview:large","max-video-preview":"max-video-preview:-1"},"canonical":"https:\/\/www.swisscrochet.ch\/fr\/produit\/marchenart-manila-hemp-yarn-double\/","og_locale":"fr_FR","og_type":"article","og_title":"M\u00e4rchenart - Manila Hemp Yarn Double &#171; Swiss Crochet","og_description":"Fil raphia Manila Hemp Yarn Double en papier raffia du Japon. Fil ruban \u00e9pais, id\u00e9al pour sacs au crochet, chapeaux et accessoires d\u2019\u00e9t\u00e9 structur\u00e9s.","og_url":"https:\/\/www.swisscrochet.ch\/fr\/produit\/marchenart-manila-hemp-yarn-double\/","og_site_name":"Swiss Crochet","article_modified_time":"2026-03-14T17:54:16+00:00","og_image":[{"width":1000,"height":1000,"url":"https:\/\/www.swisscrochet.ch\/wp-content\/uploads\/2026\/03\/Marchenart-Manila-Hemp-Yarn-Double-Overview.jpg","type":"image\/jpeg"}],"twitter_card":"summary_large_image","twitter_misc":{"Dur\u00e9e de lecture estim\u00e9e":"1 minute"},"schema":{"@context":"https:\/\/schema.org","@graph":[{"@type":["WebPage","ItemPage"],"@id":"https:\/\/www.swisscrochet.ch\/fr\/produit\/marchenart-manila-hemp-yarn-double\/","url":"https:\/\/www.swisscrochet.ch\/fr\/produit\/marchenart-manila-hemp-yarn-double\/","name":"M\u00e4rchenart - Manila Hemp Yarn Double &#171; Swiss Crochet","isPartOf":{"@id":"https:\/\/www.swisscrochet.ch\/#website"},"primaryImageOfPage":{"@id":"https:\/\/www.swisscrochet.ch\/fr\/produit\/marchenart-manila-hemp-yarn-double\/#primaryimage"},"image":{"@id":"https:\/\/www.swisscrochet.ch\/fr\/produit\/marchenart-manila-hemp-yarn-double\/#primaryimage"},"thumbnailUrl":"https:\/\/www.swisscrochet.ch\/wp-content\/uploads\/2026\/03\/Marchenart-Manila-Hemp-Yarn-Double-Overview.jpg","datePublished":"2026-03-14T17:41:53+00:00","dateModified":"2026-03-14T17:54:16+00:00","description":"Fil raphia Manila Hemp Yarn Double en papier raffia du Japon. Fil ruban \u00e9pais, id\u00e9al pour sacs au crochet, chapeaux et accessoires d\u2019\u00e9t\u00e9 structur\u00e9s.","breadcrumb":{"@id":"https:\/\/www.swisscrochet.ch\/fr\/produit\/marchenart-manila-hemp-yarn-double\/#breadcrumb"},"inLanguage":"fr-FR","potentialAction":[{"@type":"ReadAction","target":["https:\/\/www.swisscrochet.ch\/fr\/produit\/marchenart-manila-hemp-yarn-double\/"]}]},{"@type":"ImageObject","inLanguage":"fr-FR","@id":"https:\/\/www.swisscrochet.ch\/fr\/produit\/marchenart-manila-hemp-yarn-double\/#primaryimage","url":"https:\/\/www.swisscrochet.ch\/wp-content\/uploads\/2026\/03\/Marchenart-Manila-Hemp-Yarn-Double-Overview.jpg","contentUrl":"https:\/\/www.swisscrochet.ch\/wp-content\/uploads\/2026\/03\/Marchenart-Manila-Hemp-Yarn-Double-Overview.jpg","width":1000,"height":1000},{"@type":"BreadcrumbList","@id":"https:\/\/www.swisscrochet.ch\/fr\/produit\/marchenart-manila-hemp-yarn-double\/#breadcrumb","itemListElement":[{"@type":"ListItem","position":1,"name":"Home","item":"https:\/\/www.swisscrochet.ch\/fr\/"},{"@type":"ListItem","position":2,"name":"Boutique","item":"https:\/\/www.swisscrochet.ch\/fr\/boutique\/"},{"@type":"ListItem","position":3,"name":"M\u00e4rchenart &#8211; Manila Hemp Yarn Double"}]},{"@type":"WebSite","@id":"https:\/\/www.swisscrochet.ch\/#website","url":"https:\/\/www.swisscrochet.ch\/","name":"Swiss Crochet","description":"Lib\u00e9rez votre potentiel cr\u00e9atif","potentialAction":[{"@type":"SearchAction","target":{"@type":"EntryPoint","urlTemplate":"https:\/\/www.swisscrochet.ch\/?s={search_term_string}"},"query-input":{"@type":"PropertyValueSpecification","valueRequired":true,"valueName":"search_term_string"}}],"inLanguage":"fr-FR"}]}},"_links":{"self":[{"href":"https:\/\/www.swisscrochet.ch\/fr\/wp-json\/wp\/v2\/product\/26589","targetHints":{"allow":["GET"]}}],"collection":[{"href":"https:\/\/www.swisscrochet.ch\/fr\/wp-json\/wp\/v2\/product"}],"about":[{"href":"https:\/\/www.swisscrochet.ch\/fr\/wp-json\/wp\/v2\/types\/product"}],"wp:featuredmedia":[{"embeddable":true,"href":"https:\/\/www.swisscrochet.ch\/fr\/wp-json\/wp\/v2\/media\/26523"}],"wp:attachment":[{"href":"https:\/\/www.swisscrochet.ch\/fr\/wp-json\/wp\/v2\/media?parent=26589"}],"wp:term":[{"taxonomy":"product_brand","embeddable":true,"href":"https:\/\/www.swisscrochet.ch\/fr\/wp-json\/wp\/v2\/product_brand?post=26589"},{"taxonomy":"product_cat","embeddable":true,"href":"https:\/\/www.swisscrochet.ch\/fr\/wp-json\/wp\/v2\/product_cat?post=26589"},{"taxonomy":"product_tag","embeddable":true,"href":"https:\/\/www.swisscrochet.ch\/fr\/wp-json\/wp\/v2\/product_tag?post=26589"}],"curies":[{"name":"wp","href":"https:\/\/api.w.org\/{rel}","templated":true}]}}