{"id":26611,"date":"2026-03-14T19:21:49","date_gmt":"2026-03-14T18:21:49","guid":{"rendered":"https:\/\/www.swisscrochet.ch\/product\/pony-sock-blockers\/"},"modified":"2026-03-14T19:27:33","modified_gmt":"2026-03-14T18:27:33","slug":"pony-forme-a-chaussettes-1-piece","status":"publish","type":"product","link":"https:\/\/www.swisscrochet.ch\/fr\/produit\/pony-forme-a-chaussettes-1-piece\/","title":{"rendered":"Pony &#8211; Forme \u00e0 chaussettes &#8211; 1 pi\u00e8ce"},"content":{"rendered":"","protected":false},"excerpt":{"rendered":"<p>Donnez une finition soign\u00e9e \u00e0 vos chaussettes faites main avec ces formes \u00e0 chaussettes pratiques de Pony. Con\u00e7ues pour aider \u00e0 mettre en forme et pr\u00e9senter les chaussettes termin\u00e9es, elles permettent \u00e0 votre ouvrage de s\u00e9cher uniform\u00e9ment apr\u00e8s le lavage tout en mettant en valeur le point et la structure g\u00e9n\u00e9rale.<\/p>\n<p>Fabriqu\u00e9es en aluminium anodis\u00e9, ces formes \u00e0 chaussettes sont l\u00e9g\u00e8res mais robustes. Le mat\u00e9riau conserve sa forme au fil du temps et r\u00e9siste \u00e0 l\u2019eau, ce qui les rend parfaitement adapt\u00e9es au blocage et au s\u00e9chage r\u00e9guliers.<\/p>\n<p>Chaque taille est cod\u00e9e par couleur pour une identification facile et est fournie en une seule pi\u00e8ce.<\/p>\n<p><strong>D\u00e9tails<\/strong><\/p>\n<p>\u2013 Fabriqu\u00e9es en aluminium anodis\u00e9<br \/>\n\u2013 L\u00e9g\u00e8res, durables et r\u00e9sistantes \u00e0 l\u2019eau<br \/>\n\u2013 Id\u00e9ales pour mettre en forme et s\u00e9cher les chaussettes faites main<br \/>\n\u2013 Code couleur selon la taille<\/p>\n<p><strong>Tailles disponibles :<\/strong> 36-37, 38-39, 40-41, 42-43<\/p>\n<p>Un outil simple et efficace pour terminer vos chaussettes proprement et avec r\u00e9gularit\u00e9.<\/p>\n","protected":false},"featured_media":25741,"template":"","meta":[],"product_brand":[],"product_cat":[221,575],"product_tag":[],"class_list":{"0":"post-26611","1":"product","2":"type-product","3":"status-publish","4":"has-post-thumbnail","6":"product_cat-crochets-et-outils","7":"product_cat-outils-de-blocage","8":"pa_t1-manufacturer-pony","9":"description-off","11":"first","12":"instock","13":"taxable","14":"shipping-taxable","15":"purchasable","16":"product-type-variable","17":"wvs-archive-product-wrapper"},"bundled_by":["29814","29817"],"bundle_stock_status":"instock","bundle_stock_quantity":null,"bundle_virtual":false,"bundle_layout":"","bundle_add_to_cart_form_location":"","bundle_editable_in_cart":false,"bundle_sold_individually_context":"","bundle_item_grouping":"","bundle_min_size":"","bundle_max_size":"","bundle_price":[],"bundled_items":[],"bundle_sell_ids":[],"yoast_head":"<!-- This site is optimized with the Yoast SEO plugin v27.4 - https:\/\/yoast.com\/product\/yoast-seo-wordpress\/ -->\n<title>Pony - Forme \u00e0 chaussettes - 1 pi\u00e8ce &#171; Swiss Crochet<\/title>\n<meta name=\"description\" content=\"Formes \u00e0 chaussettes Pony en aluminium anodis\u00e9. Outil l\u00e9ger et r\u00e9sistant \u00e0 l\u2019eau pour mettre en forme les chaussettes, disponible en tailles 36\u201343, id\u00e9al pour bloquer les chaussettes faites main.\" \/>\n<meta name=\"robots\" content=\"index, follow, max-snippet:-1, max-image-preview:large, max-video-preview:-1\" \/>\n<link rel=\"canonical\" href=\"https:\/\/www.swisscrochet.ch\/fr\/produit\/pony-forme-a-chaussettes-1-piece\/\" \/>\n<meta property=\"og:locale\" content=\"fr_FR\" \/>\n<meta property=\"og:type\" content=\"article\" \/>\n<meta property=\"og:title\" content=\"Pony - Forme \u00e0 chaussettes - 1 pi\u00e8ce &#171; Swiss Crochet\" \/>\n<meta property=\"og:description\" content=\"Formes \u00e0 chaussettes Pony en aluminium anodis\u00e9. Outil l\u00e9ger et r\u00e9sistant \u00e0 l\u2019eau pour mettre en forme les chaussettes, disponible en tailles 36\u201343, id\u00e9al pour bloquer les chaussettes faites main.\" \/>\n<meta property=\"og:url\" content=\"https:\/\/www.swisscrochet.ch\/fr\/produit\/pony-forme-a-chaussettes-1-piece\/\" \/>\n<meta property=\"og:site_name\" content=\"Swiss Crochet\" \/>\n<meta property=\"article:modified_time\" content=\"2026-03-14T18:27:33+00:00\" \/>\n<meta property=\"og:image\" content=\"https:\/\/www.swisscrochet.ch\/wp-content\/uploads\/2026\/03\/Pony-Sock-Blockers-Overview.jpg\" \/>\n\t<meta property=\"og:image:width\" content=\"1000\" \/>\n\t<meta property=\"og:image:height\" content=\"1000\" \/>\n\t<meta property=\"og:image:type\" content=\"image\/jpeg\" \/>\n<meta name=\"twitter:card\" content=\"summary_large_image\" \/>\n<meta name=\"twitter:label1\" content=\"Dur\u00e9e de lecture estim\u00e9e\" \/>\n\t<meta name=\"twitter:data1\" content=\"1 minute\" \/>\n<script type=\"application\/ld+json\" class=\"yoast-schema-graph\">{\"@context\":\"https:\\\/\\\/schema.org\",\"@graph\":[{\"@type\":[\"WebPage\",\"ItemPage\"],\"@id\":\"https:\\\/\\\/www.swisscrochet.ch\\\/fr\\\/produit\\\/pony-forme-a-chaussettes-1-piece\\\/\",\"url\":\"https:\\\/\\\/www.swisscrochet.ch\\\/fr\\\/produit\\\/pony-forme-a-chaussettes-1-piece\\\/\",\"name\":\"Pony - Forme \u00e0 chaussettes - 1 pi\u00e8ce &#171; Swiss Crochet\",\"isPartOf\":{\"@id\":\"https:\\\/\\\/www.swisscrochet.ch\\\/#website\"},\"primaryImageOfPage\":{\"@id\":\"https:\\\/\\\/www.swisscrochet.ch\\\/fr\\\/produit\\\/pony-forme-a-chaussettes-1-piece\\\/#primaryimage\"},\"image\":{\"@id\":\"https:\\\/\\\/www.swisscrochet.ch\\\/fr\\\/produit\\\/pony-forme-a-chaussettes-1-piece\\\/#primaryimage\"},\"thumbnailUrl\":\"https:\\\/\\\/www.swisscrochet.ch\\\/wp-content\\\/uploads\\\/2026\\\/03\\\/Pony-Sock-Blockers-Overview.jpg\",\"datePublished\":\"2026-03-14T18:21:49+00:00\",\"dateModified\":\"2026-03-14T18:27:33+00:00\",\"description\":\"Formes \u00e0 chaussettes Pony en aluminium anodis\u00e9. Outil l\u00e9ger et r\u00e9sistant \u00e0 l\u2019eau pour mettre en forme les chaussettes, disponible en tailles 36\u201343, id\u00e9al pour bloquer les chaussettes faites main.\",\"breadcrumb\":{\"@id\":\"https:\\\/\\\/www.swisscrochet.ch\\\/fr\\\/produit\\\/pony-forme-a-chaussettes-1-piece\\\/#breadcrumb\"},\"inLanguage\":\"fr-FR\",\"potentialAction\":[{\"@type\":\"ReadAction\",\"target\":[\"https:\\\/\\\/www.swisscrochet.ch\\\/fr\\\/produit\\\/pony-forme-a-chaussettes-1-piece\\\/\"]}]},{\"@type\":\"ImageObject\",\"inLanguage\":\"fr-FR\",\"@id\":\"https:\\\/\\\/www.swisscrochet.ch\\\/fr\\\/produit\\\/pony-forme-a-chaussettes-1-piece\\\/#primaryimage\",\"url\":\"https:\\\/\\\/www.swisscrochet.ch\\\/wp-content\\\/uploads\\\/2026\\\/03\\\/Pony-Sock-Blockers-Overview.jpg\",\"contentUrl\":\"https:\\\/\\\/www.swisscrochet.ch\\\/wp-content\\\/uploads\\\/2026\\\/03\\\/Pony-Sock-Blockers-Overview.jpg\",\"width\":1000,\"height\":1000},{\"@type\":\"BreadcrumbList\",\"@id\":\"https:\\\/\\\/www.swisscrochet.ch\\\/fr\\\/produit\\\/pony-forme-a-chaussettes-1-piece\\\/#breadcrumb\",\"itemListElement\":[{\"@type\":\"ListItem\",\"position\":1,\"name\":\"Home\",\"item\":\"https:\\\/\\\/www.swisscrochet.ch\\\/fr\\\/\"},{\"@type\":\"ListItem\",\"position\":2,\"name\":\"Boutique\",\"item\":\"https:\\\/\\\/www.swisscrochet.ch\\\/fr\\\/boutique\\\/\"},{\"@type\":\"ListItem\",\"position\":3,\"name\":\"Pony &#8211; Forme \u00e0 chaussettes &#8211; 1 pi\u00e8ce\"}]},{\"@type\":\"WebSite\",\"@id\":\"https:\\\/\\\/www.swisscrochet.ch\\\/#website\",\"url\":\"https:\\\/\\\/www.swisscrochet.ch\\\/\",\"name\":\"Swiss Crochet\",\"description\":\"Lib\u00e9rez votre potentiel cr\u00e9atif\",\"potentialAction\":[{\"@type\":\"SearchAction\",\"target\":{\"@type\":\"EntryPoint\",\"urlTemplate\":\"https:\\\/\\\/www.swisscrochet.ch\\\/?s={search_term_string}\"},\"query-input\":{\"@type\":\"PropertyValueSpecification\",\"valueRequired\":true,\"valueName\":\"search_term_string\"}}],\"inLanguage\":\"fr-FR\"}]}<\/script>\n<!-- \/ Yoast SEO plugin. -->","yoast_head_json":{"title":"Pony - Forme \u00e0 chaussettes - 1 pi\u00e8ce &#171; Swiss Crochet","description":"Formes \u00e0 chaussettes Pony en aluminium anodis\u00e9. Outil l\u00e9ger et r\u00e9sistant \u00e0 l\u2019eau pour mettre en forme les chaussettes, disponible en tailles 36\u201343, id\u00e9al pour bloquer les chaussettes faites main.","robots":{"index":"index","follow":"follow","max-snippet":"max-snippet:-1","max-image-preview":"max-image-preview:large","max-video-preview":"max-video-preview:-1"},"canonical":"https:\/\/www.swisscrochet.ch\/fr\/produit\/pony-forme-a-chaussettes-1-piece\/","og_locale":"fr_FR","og_type":"article","og_title":"Pony - Forme \u00e0 chaussettes - 1 pi\u00e8ce &#171; Swiss Crochet","og_description":"Formes \u00e0 chaussettes Pony en aluminium anodis\u00e9. Outil l\u00e9ger et r\u00e9sistant \u00e0 l\u2019eau pour mettre en forme les chaussettes, disponible en tailles 36\u201343, id\u00e9al pour bloquer les chaussettes faites main.","og_url":"https:\/\/www.swisscrochet.ch\/fr\/produit\/pony-forme-a-chaussettes-1-piece\/","og_site_name":"Swiss Crochet","article_modified_time":"2026-03-14T18:27:33+00:00","og_image":[{"width":1000,"height":1000,"url":"https:\/\/www.swisscrochet.ch\/wp-content\/uploads\/2026\/03\/Pony-Sock-Blockers-Overview.jpg","type":"image\/jpeg"}],"twitter_card":"summary_large_image","twitter_misc":{"Dur\u00e9e de lecture estim\u00e9e":"1 minute"},"schema":{"@context":"https:\/\/schema.org","@graph":[{"@type":["WebPage","ItemPage"],"@id":"https:\/\/www.swisscrochet.ch\/fr\/produit\/pony-forme-a-chaussettes-1-piece\/","url":"https:\/\/www.swisscrochet.ch\/fr\/produit\/pony-forme-a-chaussettes-1-piece\/","name":"Pony - Forme \u00e0 chaussettes - 1 pi\u00e8ce &#171; Swiss Crochet","isPartOf":{"@id":"https:\/\/www.swisscrochet.ch\/#website"},"primaryImageOfPage":{"@id":"https:\/\/www.swisscrochet.ch\/fr\/produit\/pony-forme-a-chaussettes-1-piece\/#primaryimage"},"image":{"@id":"https:\/\/www.swisscrochet.ch\/fr\/produit\/pony-forme-a-chaussettes-1-piece\/#primaryimage"},"thumbnailUrl":"https:\/\/www.swisscrochet.ch\/wp-content\/uploads\/2026\/03\/Pony-Sock-Blockers-Overview.jpg","datePublished":"2026-03-14T18:21:49+00:00","dateModified":"2026-03-14T18:27:33+00:00","description":"Formes \u00e0 chaussettes Pony en aluminium anodis\u00e9. Outil l\u00e9ger et r\u00e9sistant \u00e0 l\u2019eau pour mettre en forme les chaussettes, disponible en tailles 36\u201343, id\u00e9al pour bloquer les chaussettes faites main.","breadcrumb":{"@id":"https:\/\/www.swisscrochet.ch\/fr\/produit\/pony-forme-a-chaussettes-1-piece\/#breadcrumb"},"inLanguage":"fr-FR","potentialAction":[{"@type":"ReadAction","target":["https:\/\/www.swisscrochet.ch\/fr\/produit\/pony-forme-a-chaussettes-1-piece\/"]}]},{"@type":"ImageObject","inLanguage":"fr-FR","@id":"https:\/\/www.swisscrochet.ch\/fr\/produit\/pony-forme-a-chaussettes-1-piece\/#primaryimage","url":"https:\/\/www.swisscrochet.ch\/wp-content\/uploads\/2026\/03\/Pony-Sock-Blockers-Overview.jpg","contentUrl":"https:\/\/www.swisscrochet.ch\/wp-content\/uploads\/2026\/03\/Pony-Sock-Blockers-Overview.jpg","width":1000,"height":1000},{"@type":"BreadcrumbList","@id":"https:\/\/www.swisscrochet.ch\/fr\/produit\/pony-forme-a-chaussettes-1-piece\/#breadcrumb","itemListElement":[{"@type":"ListItem","position":1,"name":"Home","item":"https:\/\/www.swisscrochet.ch\/fr\/"},{"@type":"ListItem","position":2,"name":"Boutique","item":"https:\/\/www.swisscrochet.ch\/fr\/boutique\/"},{"@type":"ListItem","position":3,"name":"Pony &#8211; Forme \u00e0 chaussettes &#8211; 1 pi\u00e8ce"}]},{"@type":"WebSite","@id":"https:\/\/www.swisscrochet.ch\/#website","url":"https:\/\/www.swisscrochet.ch\/","name":"Swiss Crochet","description":"Lib\u00e9rez votre potentiel cr\u00e9atif","potentialAction":[{"@type":"SearchAction","target":{"@type":"EntryPoint","urlTemplate":"https:\/\/www.swisscrochet.ch\/?s={search_term_string}"},"query-input":{"@type":"PropertyValueSpecification","valueRequired":true,"valueName":"search_term_string"}}],"inLanguage":"fr-FR"}]}},"_links":{"self":[{"href":"https:\/\/www.swisscrochet.ch\/fr\/wp-json\/wp\/v2\/product\/26611","targetHints":{"allow":["GET"]}}],"collection":[{"href":"https:\/\/www.swisscrochet.ch\/fr\/wp-json\/wp\/v2\/product"}],"about":[{"href":"https:\/\/www.swisscrochet.ch\/fr\/wp-json\/wp\/v2\/types\/product"}],"wp:featuredmedia":[{"embeddable":true,"href":"https:\/\/www.swisscrochet.ch\/fr\/wp-json\/wp\/v2\/media\/25741"}],"wp:attachment":[{"href":"https:\/\/www.swisscrochet.ch\/fr\/wp-json\/wp\/v2\/media?parent=26611"}],"wp:term":[{"taxonomy":"product_brand","embeddable":true,"href":"https:\/\/www.swisscrochet.ch\/fr\/wp-json\/wp\/v2\/product_brand?post=26611"},{"taxonomy":"product_cat","embeddable":true,"href":"https:\/\/www.swisscrochet.ch\/fr\/wp-json\/wp\/v2\/product_cat?post=26611"},{"taxonomy":"product_tag","embeddable":true,"href":"https:\/\/www.swisscrochet.ch\/fr\/wp-json\/wp\/v2\/product_tag?post=26611"}],"curies":[{"name":"wp","href":"https:\/\/api.w.org\/{rel}","templated":true}]}}