{"id":26636,"date":"2026-03-14T19:46:02","date_gmt":"2026-03-14T18:46:02","guid":{"rendered":"https:\/\/www.swisscrochet.ch\/product\/opry-wobble-ball\/"},"modified":"2026-03-14T19:51:08","modified_gmt":"2026-03-14T18:51:08","slug":"opry-balle-oscillante","status":"publish","type":"product","link":"https:\/\/www.swisscrochet.ch\/fr\/produit\/opry-balle-oscillante\/","title":{"rendered":"Opry &#8211; Balle oscillante"},"content":{"rendered":"","protected":false},"excerpt":{"rendered":"<p>Apportez un mouvement ludique \u00e0 vos jouets faits main avec la balle oscillante d\u2019Opry. Con\u00e7ue comme base pour des figurines et animaux au crochet, cette balle ing\u00e9nieuse se balance doucement lorsqu\u2019on la pousse et produit un joyeux tintement gr\u00e2ce \u00e0 la petite clochette cach\u00e9e \u00e0 l\u2019int\u00e9rieur.<\/p>\n<p>La base lest\u00e9e permet au jouet de se balancer d\u2019avant en arri\u00e8re sans basculer, cr\u00e9ant ainsi un \u00e9l\u00e9ment interactif amusant qui divertit les tout-petits. Il suffit de crocheter le personnage de votre choix autour de la balle pour la transformer en un cadeau fait main unique.<\/p>\n<p>Pour un r\u00e9sultat optimal, veillez \u00e0 ce que la figurine crochet\u00e9e soit centr\u00e9e sur la balle afin qu\u2019elle reste bien \u00e9quilibr\u00e9e et oscille en douceur.<\/p>\n<p><strong>D\u00e9tails<\/strong><\/p>\n<p>\u2013 Clochette int\u00e9gr\u00e9e produisant un doux tintement<br \/>\n\u2013 Con\u00e7ue comme base pour jouets au crochet<br \/>\n\u2013 Hauteur : 110 mm<br \/>\n\u2013 Disponible en 4 couleurs<\/p>\n<p>Fourni par pi\u00e8ce.<\/p>\n<p>Une base ludique pour cr\u00e9er de charmants jouets faits main avec mouvement et son.<\/p>\n","protected":false},"featured_media":25721,"template":"","meta":[],"product_brand":[],"product_cat":[560,221],"product_tag":[],"class_list":{"0":"post-26636","1":"product","2":"type-product","3":"status-publish","4":"has-post-thumbnail","6":"product_cat-autres-accessoires","7":"product_cat-crochets-et-outils","8":"pa_t1-manufacturer-opry-fr","9":"description-off","11":"first","12":"instock","13":"taxable","14":"shipping-taxable","15":"purchasable","16":"product-type-variable","17":"wvs-archive-product-wrapper"},"bundled_by":["29140","29149","29168"],"bundle_stock_status":"instock","bundle_stock_quantity":null,"bundle_virtual":false,"bundle_layout":"","bundle_add_to_cart_form_location":"","bundle_editable_in_cart":false,"bundle_sold_individually_context":"","bundle_item_grouping":"","bundle_min_size":"","bundle_max_size":"","bundle_price":[],"bundled_items":[],"bundle_sell_ids":[],"yoast_head":"<!-- This site is optimized with the Yoast SEO plugin v27.4 - https:\/\/yoast.com\/product\/yoast-seo-wordpress\/ -->\n<title>Opry - Balle oscillante &#171; Swiss Crochet<\/title>\n<meta name=\"description\" content=\"Balle oscillante Opry avec clochette pour jouets au crochet. Base lest\u00e9e cr\u00e9ant un mouvement de balancement ludique. Id\u00e9ale pour jouets pour b\u00e9b\u00e9s faits main et figurines amigurumi. Hauteur 110 mm.\" \/>\n<meta name=\"robots\" content=\"index, follow, max-snippet:-1, max-image-preview:large, max-video-preview:-1\" \/>\n<link rel=\"canonical\" href=\"https:\/\/www.swisscrochet.ch\/fr\/produit\/opry-balle-oscillante\/\" \/>\n<meta property=\"og:locale\" content=\"fr_FR\" \/>\n<meta property=\"og:type\" content=\"article\" \/>\n<meta property=\"og:title\" content=\"Opry - Balle oscillante &#171; Swiss Crochet\" \/>\n<meta property=\"og:description\" content=\"Balle oscillante Opry avec clochette pour jouets au crochet. Base lest\u00e9e cr\u00e9ant un mouvement de balancement ludique. Id\u00e9ale pour jouets pour b\u00e9b\u00e9s faits main et figurines amigurumi. Hauteur 110 mm.\" \/>\n<meta property=\"og:url\" content=\"https:\/\/www.swisscrochet.ch\/fr\/produit\/opry-balle-oscillante\/\" \/>\n<meta property=\"og:site_name\" content=\"Swiss Crochet\" \/>\n<meta property=\"article:modified_time\" content=\"2026-03-14T18:51:08+00:00\" \/>\n<meta property=\"og:image\" content=\"https:\/\/www.swisscrochet.ch\/wp-content\/uploads\/2026\/03\/Opry-Wobble-Ball-Overview.jpg\" \/>\n\t<meta property=\"og:image:width\" content=\"1000\" \/>\n\t<meta property=\"og:image:height\" content=\"1000\" \/>\n\t<meta property=\"og:image:type\" content=\"image\/jpeg\" \/>\n<meta name=\"twitter:card\" content=\"summary_large_image\" \/>\n<meta name=\"twitter:label1\" content=\"Dur\u00e9e de lecture estim\u00e9e\" \/>\n\t<meta name=\"twitter:data1\" content=\"1 minute\" \/>\n<script type=\"application\/ld+json\" class=\"yoast-schema-graph\">{\"@context\":\"https:\\\/\\\/schema.org\",\"@graph\":[{\"@type\":[\"WebPage\",\"ItemPage\"],\"@id\":\"https:\\\/\\\/www.swisscrochet.ch\\\/fr\\\/produit\\\/opry-balle-oscillante\\\/\",\"url\":\"https:\\\/\\\/www.swisscrochet.ch\\\/fr\\\/produit\\\/opry-balle-oscillante\\\/\",\"name\":\"Opry - Balle oscillante &#171; Swiss Crochet\",\"isPartOf\":{\"@id\":\"https:\\\/\\\/www.swisscrochet.ch\\\/#website\"},\"primaryImageOfPage\":{\"@id\":\"https:\\\/\\\/www.swisscrochet.ch\\\/fr\\\/produit\\\/opry-balle-oscillante\\\/#primaryimage\"},\"image\":{\"@id\":\"https:\\\/\\\/www.swisscrochet.ch\\\/fr\\\/produit\\\/opry-balle-oscillante\\\/#primaryimage\"},\"thumbnailUrl\":\"https:\\\/\\\/www.swisscrochet.ch\\\/wp-content\\\/uploads\\\/2026\\\/03\\\/Opry-Wobble-Ball-Overview.jpg\",\"datePublished\":\"2026-03-14T18:46:02+00:00\",\"dateModified\":\"2026-03-14T18:51:08+00:00\",\"description\":\"Balle oscillante Opry avec clochette pour jouets au crochet. Base lest\u00e9e cr\u00e9ant un mouvement de balancement ludique. Id\u00e9ale pour jouets pour b\u00e9b\u00e9s faits main et figurines amigurumi. Hauteur 110 mm.\",\"breadcrumb\":{\"@id\":\"https:\\\/\\\/www.swisscrochet.ch\\\/fr\\\/produit\\\/opry-balle-oscillante\\\/#breadcrumb\"},\"inLanguage\":\"fr-FR\",\"potentialAction\":[{\"@type\":\"ReadAction\",\"target\":[\"https:\\\/\\\/www.swisscrochet.ch\\\/fr\\\/produit\\\/opry-balle-oscillante\\\/\"]}]},{\"@type\":\"ImageObject\",\"inLanguage\":\"fr-FR\",\"@id\":\"https:\\\/\\\/www.swisscrochet.ch\\\/fr\\\/produit\\\/opry-balle-oscillante\\\/#primaryimage\",\"url\":\"https:\\\/\\\/www.swisscrochet.ch\\\/wp-content\\\/uploads\\\/2026\\\/03\\\/Opry-Wobble-Ball-Overview.jpg\",\"contentUrl\":\"https:\\\/\\\/www.swisscrochet.ch\\\/wp-content\\\/uploads\\\/2026\\\/03\\\/Opry-Wobble-Ball-Overview.jpg\",\"width\":1000,\"height\":1000},{\"@type\":\"BreadcrumbList\",\"@id\":\"https:\\\/\\\/www.swisscrochet.ch\\\/fr\\\/produit\\\/opry-balle-oscillante\\\/#breadcrumb\",\"itemListElement\":[{\"@type\":\"ListItem\",\"position\":1,\"name\":\"Home\",\"item\":\"https:\\\/\\\/www.swisscrochet.ch\\\/fr\\\/\"},{\"@type\":\"ListItem\",\"position\":2,\"name\":\"Boutique\",\"item\":\"https:\\\/\\\/www.swisscrochet.ch\\\/fr\\\/boutique\\\/\"},{\"@type\":\"ListItem\",\"position\":3,\"name\":\"Opry &#8211; Balle oscillante\"}]},{\"@type\":\"WebSite\",\"@id\":\"https:\\\/\\\/www.swisscrochet.ch\\\/#website\",\"url\":\"https:\\\/\\\/www.swisscrochet.ch\\\/\",\"name\":\"Swiss Crochet\",\"description\":\"Lib\u00e9rez votre potentiel cr\u00e9atif\",\"potentialAction\":[{\"@type\":\"SearchAction\",\"target\":{\"@type\":\"EntryPoint\",\"urlTemplate\":\"https:\\\/\\\/www.swisscrochet.ch\\\/?s={search_term_string}\"},\"query-input\":{\"@type\":\"PropertyValueSpecification\",\"valueRequired\":true,\"valueName\":\"search_term_string\"}}],\"inLanguage\":\"fr-FR\"}]}<\/script>\n<!-- \/ Yoast SEO plugin. -->","yoast_head_json":{"title":"Opry - Balle oscillante &#171; Swiss Crochet","description":"Balle oscillante Opry avec clochette pour jouets au crochet. Base lest\u00e9e cr\u00e9ant un mouvement de balancement ludique. Id\u00e9ale pour jouets pour b\u00e9b\u00e9s faits main et figurines amigurumi. Hauteur 110 mm.","robots":{"index":"index","follow":"follow","max-snippet":"max-snippet:-1","max-image-preview":"max-image-preview:large","max-video-preview":"max-video-preview:-1"},"canonical":"https:\/\/www.swisscrochet.ch\/fr\/produit\/opry-balle-oscillante\/","og_locale":"fr_FR","og_type":"article","og_title":"Opry - Balle oscillante &#171; Swiss Crochet","og_description":"Balle oscillante Opry avec clochette pour jouets au crochet. Base lest\u00e9e cr\u00e9ant un mouvement de balancement ludique. Id\u00e9ale pour jouets pour b\u00e9b\u00e9s faits main et figurines amigurumi. Hauteur 110 mm.","og_url":"https:\/\/www.swisscrochet.ch\/fr\/produit\/opry-balle-oscillante\/","og_site_name":"Swiss Crochet","article_modified_time":"2026-03-14T18:51:08+00:00","og_image":[{"width":1000,"height":1000,"url":"https:\/\/www.swisscrochet.ch\/wp-content\/uploads\/2026\/03\/Opry-Wobble-Ball-Overview.jpg","type":"image\/jpeg"}],"twitter_card":"summary_large_image","twitter_misc":{"Dur\u00e9e de lecture estim\u00e9e":"1 minute"},"schema":{"@context":"https:\/\/schema.org","@graph":[{"@type":["WebPage","ItemPage"],"@id":"https:\/\/www.swisscrochet.ch\/fr\/produit\/opry-balle-oscillante\/","url":"https:\/\/www.swisscrochet.ch\/fr\/produit\/opry-balle-oscillante\/","name":"Opry - Balle oscillante &#171; Swiss Crochet","isPartOf":{"@id":"https:\/\/www.swisscrochet.ch\/#website"},"primaryImageOfPage":{"@id":"https:\/\/www.swisscrochet.ch\/fr\/produit\/opry-balle-oscillante\/#primaryimage"},"image":{"@id":"https:\/\/www.swisscrochet.ch\/fr\/produit\/opry-balle-oscillante\/#primaryimage"},"thumbnailUrl":"https:\/\/www.swisscrochet.ch\/wp-content\/uploads\/2026\/03\/Opry-Wobble-Ball-Overview.jpg","datePublished":"2026-03-14T18:46:02+00:00","dateModified":"2026-03-14T18:51:08+00:00","description":"Balle oscillante Opry avec clochette pour jouets au crochet. Base lest\u00e9e cr\u00e9ant un mouvement de balancement ludique. Id\u00e9ale pour jouets pour b\u00e9b\u00e9s faits main et figurines amigurumi. Hauteur 110 mm.","breadcrumb":{"@id":"https:\/\/www.swisscrochet.ch\/fr\/produit\/opry-balle-oscillante\/#breadcrumb"},"inLanguage":"fr-FR","potentialAction":[{"@type":"ReadAction","target":["https:\/\/www.swisscrochet.ch\/fr\/produit\/opry-balle-oscillante\/"]}]},{"@type":"ImageObject","inLanguage":"fr-FR","@id":"https:\/\/www.swisscrochet.ch\/fr\/produit\/opry-balle-oscillante\/#primaryimage","url":"https:\/\/www.swisscrochet.ch\/wp-content\/uploads\/2026\/03\/Opry-Wobble-Ball-Overview.jpg","contentUrl":"https:\/\/www.swisscrochet.ch\/wp-content\/uploads\/2026\/03\/Opry-Wobble-Ball-Overview.jpg","width":1000,"height":1000},{"@type":"BreadcrumbList","@id":"https:\/\/www.swisscrochet.ch\/fr\/produit\/opry-balle-oscillante\/#breadcrumb","itemListElement":[{"@type":"ListItem","position":1,"name":"Home","item":"https:\/\/www.swisscrochet.ch\/fr\/"},{"@type":"ListItem","position":2,"name":"Boutique","item":"https:\/\/www.swisscrochet.ch\/fr\/boutique\/"},{"@type":"ListItem","position":3,"name":"Opry &#8211; Balle oscillante"}]},{"@type":"WebSite","@id":"https:\/\/www.swisscrochet.ch\/#website","url":"https:\/\/www.swisscrochet.ch\/","name":"Swiss Crochet","description":"Lib\u00e9rez votre potentiel cr\u00e9atif","potentialAction":[{"@type":"SearchAction","target":{"@type":"EntryPoint","urlTemplate":"https:\/\/www.swisscrochet.ch\/?s={search_term_string}"},"query-input":{"@type":"PropertyValueSpecification","valueRequired":true,"valueName":"search_term_string"}}],"inLanguage":"fr-FR"}]}},"_links":{"self":[{"href":"https:\/\/www.swisscrochet.ch\/fr\/wp-json\/wp\/v2\/product\/26636","targetHints":{"allow":["GET"]}}],"collection":[{"href":"https:\/\/www.swisscrochet.ch\/fr\/wp-json\/wp\/v2\/product"}],"about":[{"href":"https:\/\/www.swisscrochet.ch\/fr\/wp-json\/wp\/v2\/types\/product"}],"wp:featuredmedia":[{"embeddable":true,"href":"https:\/\/www.swisscrochet.ch\/fr\/wp-json\/wp\/v2\/media\/25721"}],"wp:attachment":[{"href":"https:\/\/www.swisscrochet.ch\/fr\/wp-json\/wp\/v2\/media?parent=26636"}],"wp:term":[{"taxonomy":"product_brand","embeddable":true,"href":"https:\/\/www.swisscrochet.ch\/fr\/wp-json\/wp\/v2\/product_brand?post=26636"},{"taxonomy":"product_cat","embeddable":true,"href":"https:\/\/www.swisscrochet.ch\/fr\/wp-json\/wp\/v2\/product_cat?post=26636"},{"taxonomy":"product_tag","embeddable":true,"href":"https:\/\/www.swisscrochet.ch\/fr\/wp-json\/wp\/v2\/product_tag?post=26636"}],"curies":[{"name":"wp","href":"https:\/\/api.w.org\/{rel}","templated":true}]}}