{"id":2720,"date":"2025-01-10T17:29:47","date_gmt":"2025-01-10T16:29:47","guid":{"rendered":"https:\/\/www.swisscrochet.ch\/product\/nakyang-daol\/"},"modified":"2026-04-10T14:21:47","modified_gmt":"2026-04-10T12:21:47","slug":"nakyang-daol","status":"publish","type":"product","link":"https:\/\/www.swisscrochet.ch\/fr\/produit\/nakyang-daol\/","title":{"rendered":"Nakyang &#8211; Daol"},"content":{"rendered":"","protected":false},"excerpt":{"rendered":"<p>Daol est un fil unique en son genre, fabriqu\u00e9 \u00e0 partir de 100 % de papier cor\u00e9en, con\u00e7u pour des projets n\u00e9cessitant solidit\u00e9 et structure. Sa construction \u00e0 4 brins cr\u00e9e une surface lisse et uniforme, tandis que le Z-twist emp\u00eache le fil de s\u2019effilocher ou de se diviser pendant le crochetage, garantissant une exp\u00e9rience agr\u00e9able.<\/p>\n<p>Le processus de filature a lieu dans les propres installations de Nakyang \u00e0 Gyeongsan, en Cor\u00e9e du Sud, pr\u00e8s de Daegu, ancien centre textile du pays. Le processus de teinture est r\u00e9alis\u00e9 par des entreprises partenaires situ\u00e9es \u00e0 proximit\u00e9 imm\u00e9diate, toutes dans la r\u00e9gion de Gyeongsan et de Daegu.<\/p>\n<p>Le fait que les installations de filature et de teinture soient proches les unes des autres permet de r\u00e9duire les distances de transport entre les \u00e9tapes de production et soutient un processus de fabrication plus rationalis\u00e9 et localement concentr\u00e9.<\/p>\n<p>Gr\u00e2ce \u00e0 sa composition en papier, Daol n\u2019offre aucune \u00e9lasticit\u00e9, ce qui le rend parfait pour confectionner des paniers, sacs, chapeaux et autres objets qui doivent conserver leur forme et r\u00e9sister \u00e0 l\u2019\u00e9tirement. Cependant, ce manque d\u2019\u00e9lasticit\u00e9 le rend moins adapt\u00e9 pour les v\u00eatements portables.<\/p>\n<p>L\u2019\u00e9chantillon illustr\u00e9 a \u00e9t\u00e9 lav\u00e9 \u00e0 la main et repass\u00e9 \u00e0 la vapeur.<\/p>\n<p>Choisissez Daol pour des projets o\u00f9 la solidit\u00e9, la structure et un mat\u00e9riau unique font toute la diff\u00e9rence.<\/p>\n<p><strong>Disponible exclusivement chez Swiss Crochet.<\/strong><\/p>\n<p><strong>Remarque \u2013 10.04.2026 :<\/strong> Pour les couleurs en faible stock ou actuellement en rupture : ce fil est produit en Cor\u00e9e du Sud, o\u00f9 il est fil\u00e9 et teint. En raison de la situation politique actuelle, les d\u00e9lais de livraison sont incertains. Les exp\u00e9ditions \u00e9tant effectu\u00e9es par voie maritime, le r\u00e9approvisionnement peut prendre environ 2 mois ou plus.<\/p>\n<p>Le fil est teint de mani\u00e8re tr\u00e8s homog\u00e8ne, sans diff\u00e9rences visibles entre les lots de teinture. Vous pouvez donc combiner en toute confiance les lots actuels et futurs si n\u00e9cessaire.<\/p>\n<p>Merci pour votre patience.<\/p>\n","protected":false},"featured_media":3926,"template":"","meta":[],"product_brand":[],"product_cat":[227,1882],"product_tag":[],"class_list":{"0":"post-2720","1":"product","2":"type-product","3":"status-publish","4":"has-post-thumbnail","6":"product_cat-fils","7":"product_cat-fils-sacs-et-decoration-interieure","8":"pa_y1-brand-nakyang-fr","9":"pa_y17-yarn-weight-aran-fr","10":"description-off","12":"first","13":"instock","14":"taxable","15":"shipping-taxable","16":"purchasable","17":"product-type-variable","18":"wvs-archive-product-wrapper"},"bundled_by":["16144","16153"],"bundle_stock_status":"instock","bundle_stock_quantity":null,"bundle_virtual":false,"bundle_layout":"","bundle_add_to_cart_form_location":"","bundle_editable_in_cart":false,"bundle_sold_individually_context":"","bundle_item_grouping":"","bundle_min_size":"","bundle_max_size":"","bundle_price":[],"bundled_items":[],"bundle_sell_ids":[],"yoast_head":"<!-- This site is optimized with the Yoast SEO plugin v27.5 - https:\/\/yoast.com\/product\/yoast-seo-wordpress\/ -->\n<title>Nakyang - Daol &#171; Swiss Crochet<\/title>\n<meta name=\"description\" content=\"Nakyang Daol - Fil de papier cor\u00e9en unique \u00e0 100% avec une construction \u00e0 4 brins et un twist Z. Parfait pour des projets structur\u00e9s comme des paniers, des sacs et des chapeaux.\" \/>\n<meta name=\"robots\" content=\"index, follow, max-snippet:-1, max-image-preview:large, max-video-preview:-1\" \/>\n<link rel=\"canonical\" href=\"https:\/\/www.swisscrochet.ch\/fr\/produit\/nakyang-daol\/\" \/>\n<meta property=\"og:locale\" content=\"fr_FR\" \/>\n<meta property=\"og:type\" content=\"article\" \/>\n<meta property=\"og:title\" content=\"Nakyang - Daol &#171; Swiss Crochet\" \/>\n<meta property=\"og:description\" content=\"Nakyang Daol - Fil de papier cor\u00e9en unique \u00e0 100% avec une construction \u00e0 4 brins et un twist Z. Parfait pour des projets structur\u00e9s comme des paniers, des sacs et des chapeaux.\" \/>\n<meta property=\"og:url\" content=\"https:\/\/www.swisscrochet.ch\/fr\/produit\/nakyang-daol\/\" \/>\n<meta property=\"og:site_name\" content=\"Swiss Crochet\" \/>\n<meta property=\"article:modified_time\" content=\"2026-04-10T12:21:47+00:00\" \/>\n<meta property=\"og:image\" content=\"https:\/\/www.swisscrochet.ch\/wp-content\/uploads\/2025\/01\/Nakyang-Daol-Overview.jpg\" \/>\n\t<meta property=\"og:image:width\" content=\"1000\" \/>\n\t<meta property=\"og:image:height\" content=\"1000\" \/>\n\t<meta property=\"og:image:type\" content=\"image\/jpeg\" \/>\n<meta name=\"twitter:card\" content=\"summary_large_image\" \/>\n<meta name=\"twitter:label1\" content=\"Dur\u00e9e de lecture estim\u00e9e\" \/>\n\t<meta name=\"twitter:data1\" content=\"1 minute\" \/>\n<script type=\"application\/ld+json\" class=\"yoast-schema-graph\">{\"@context\":\"https:\\\/\\\/schema.org\",\"@graph\":[{\"@type\":[\"WebPage\",\"ItemPage\"],\"@id\":\"https:\\\/\\\/www.swisscrochet.ch\\\/fr\\\/produit\\\/nakyang-daol\\\/\",\"url\":\"https:\\\/\\\/www.swisscrochet.ch\\\/fr\\\/produit\\\/nakyang-daol\\\/\",\"name\":\"Nakyang - Daol &#171; Swiss Crochet\",\"isPartOf\":{\"@id\":\"https:\\\/\\\/www.swisscrochet.ch\\\/#website\"},\"primaryImageOfPage\":{\"@id\":\"https:\\\/\\\/www.swisscrochet.ch\\\/fr\\\/produit\\\/nakyang-daol\\\/#primaryimage\"},\"image\":{\"@id\":\"https:\\\/\\\/www.swisscrochet.ch\\\/fr\\\/produit\\\/nakyang-daol\\\/#primaryimage\"},\"thumbnailUrl\":\"https:\\\/\\\/www.swisscrochet.ch\\\/wp-content\\\/uploads\\\/2025\\\/01\\\/Nakyang-Daol-Overview.jpg\",\"datePublished\":\"2025-01-10T16:29:47+00:00\",\"dateModified\":\"2026-04-10T12:21:47+00:00\",\"description\":\"Nakyang Daol - Fil de papier cor\u00e9en unique \u00e0 100% avec une construction \u00e0 4 brins et un twist Z. Parfait pour des projets structur\u00e9s comme des paniers, des sacs et des chapeaux.\",\"breadcrumb\":{\"@id\":\"https:\\\/\\\/www.swisscrochet.ch\\\/fr\\\/produit\\\/nakyang-daol\\\/#breadcrumb\"},\"inLanguage\":\"fr-FR\",\"potentialAction\":[{\"@type\":\"ReadAction\",\"target\":[\"https:\\\/\\\/www.swisscrochet.ch\\\/fr\\\/produit\\\/nakyang-daol\\\/\"]}]},{\"@type\":\"ImageObject\",\"inLanguage\":\"fr-FR\",\"@id\":\"https:\\\/\\\/www.swisscrochet.ch\\\/fr\\\/produit\\\/nakyang-daol\\\/#primaryimage\",\"url\":\"https:\\\/\\\/www.swisscrochet.ch\\\/wp-content\\\/uploads\\\/2025\\\/01\\\/Nakyang-Daol-Overview.jpg\",\"contentUrl\":\"https:\\\/\\\/www.swisscrochet.ch\\\/wp-content\\\/uploads\\\/2025\\\/01\\\/Nakyang-Daol-Overview.jpg\",\"width\":1000,\"height\":1000},{\"@type\":\"BreadcrumbList\",\"@id\":\"https:\\\/\\\/www.swisscrochet.ch\\\/fr\\\/produit\\\/nakyang-daol\\\/#breadcrumb\",\"itemListElement\":[{\"@type\":\"ListItem\",\"position\":1,\"name\":\"Home\",\"item\":\"https:\\\/\\\/www.swisscrochet.ch\\\/fr\\\/\"},{\"@type\":\"ListItem\",\"position\":2,\"name\":\"Boutique\",\"item\":\"https:\\\/\\\/www.swisscrochet.ch\\\/fr\\\/boutique\\\/\"},{\"@type\":\"ListItem\",\"position\":3,\"name\":\"Nakyang &#8211; Daol\"}]},{\"@type\":\"WebSite\",\"@id\":\"https:\\\/\\\/www.swisscrochet.ch\\\/#website\",\"url\":\"https:\\\/\\\/www.swisscrochet.ch\\\/\",\"name\":\"Swiss Crochet\",\"description\":\"Lib\u00e9rez votre potentiel cr\u00e9atif\",\"potentialAction\":[{\"@type\":\"SearchAction\",\"target\":{\"@type\":\"EntryPoint\",\"urlTemplate\":\"https:\\\/\\\/www.swisscrochet.ch\\\/?s={search_term_string}\"},\"query-input\":{\"@type\":\"PropertyValueSpecification\",\"valueRequired\":true,\"valueName\":\"search_term_string\"}}],\"inLanguage\":\"fr-FR\"}]}<\/script>\n<!-- \/ Yoast SEO plugin. -->","yoast_head_json":{"title":"Nakyang - Daol &#171; Swiss Crochet","description":"Nakyang Daol - Fil de papier cor\u00e9en unique \u00e0 100% avec une construction \u00e0 4 brins et un twist Z. Parfait pour des projets structur\u00e9s comme des paniers, des sacs et des chapeaux.","robots":{"index":"index","follow":"follow","max-snippet":"max-snippet:-1","max-image-preview":"max-image-preview:large","max-video-preview":"max-video-preview:-1"},"canonical":"https:\/\/www.swisscrochet.ch\/fr\/produit\/nakyang-daol\/","og_locale":"fr_FR","og_type":"article","og_title":"Nakyang - Daol &#171; Swiss Crochet","og_description":"Nakyang Daol - Fil de papier cor\u00e9en unique \u00e0 100% avec une construction \u00e0 4 brins et un twist Z. Parfait pour des projets structur\u00e9s comme des paniers, des sacs et des chapeaux.","og_url":"https:\/\/www.swisscrochet.ch\/fr\/produit\/nakyang-daol\/","og_site_name":"Swiss Crochet","article_modified_time":"2026-04-10T12:21:47+00:00","og_image":[{"width":1000,"height":1000,"url":"https:\/\/www.swisscrochet.ch\/wp-content\/uploads\/2025\/01\/Nakyang-Daol-Overview.jpg","type":"image\/jpeg"}],"twitter_card":"summary_large_image","twitter_misc":{"Dur\u00e9e de lecture estim\u00e9e":"1 minute"},"schema":{"@context":"https:\/\/schema.org","@graph":[{"@type":["WebPage","ItemPage"],"@id":"https:\/\/www.swisscrochet.ch\/fr\/produit\/nakyang-daol\/","url":"https:\/\/www.swisscrochet.ch\/fr\/produit\/nakyang-daol\/","name":"Nakyang - Daol &#171; Swiss Crochet","isPartOf":{"@id":"https:\/\/www.swisscrochet.ch\/#website"},"primaryImageOfPage":{"@id":"https:\/\/www.swisscrochet.ch\/fr\/produit\/nakyang-daol\/#primaryimage"},"image":{"@id":"https:\/\/www.swisscrochet.ch\/fr\/produit\/nakyang-daol\/#primaryimage"},"thumbnailUrl":"https:\/\/www.swisscrochet.ch\/wp-content\/uploads\/2025\/01\/Nakyang-Daol-Overview.jpg","datePublished":"2025-01-10T16:29:47+00:00","dateModified":"2026-04-10T12:21:47+00:00","description":"Nakyang Daol - Fil de papier cor\u00e9en unique \u00e0 100% avec une construction \u00e0 4 brins et un twist Z. Parfait pour des projets structur\u00e9s comme des paniers, des sacs et des chapeaux.","breadcrumb":{"@id":"https:\/\/www.swisscrochet.ch\/fr\/produit\/nakyang-daol\/#breadcrumb"},"inLanguage":"fr-FR","potentialAction":[{"@type":"ReadAction","target":["https:\/\/www.swisscrochet.ch\/fr\/produit\/nakyang-daol\/"]}]},{"@type":"ImageObject","inLanguage":"fr-FR","@id":"https:\/\/www.swisscrochet.ch\/fr\/produit\/nakyang-daol\/#primaryimage","url":"https:\/\/www.swisscrochet.ch\/wp-content\/uploads\/2025\/01\/Nakyang-Daol-Overview.jpg","contentUrl":"https:\/\/www.swisscrochet.ch\/wp-content\/uploads\/2025\/01\/Nakyang-Daol-Overview.jpg","width":1000,"height":1000},{"@type":"BreadcrumbList","@id":"https:\/\/www.swisscrochet.ch\/fr\/produit\/nakyang-daol\/#breadcrumb","itemListElement":[{"@type":"ListItem","position":1,"name":"Home","item":"https:\/\/www.swisscrochet.ch\/fr\/"},{"@type":"ListItem","position":2,"name":"Boutique","item":"https:\/\/www.swisscrochet.ch\/fr\/boutique\/"},{"@type":"ListItem","position":3,"name":"Nakyang &#8211; Daol"}]},{"@type":"WebSite","@id":"https:\/\/www.swisscrochet.ch\/#website","url":"https:\/\/www.swisscrochet.ch\/","name":"Swiss Crochet","description":"Lib\u00e9rez votre potentiel cr\u00e9atif","potentialAction":[{"@type":"SearchAction","target":{"@type":"EntryPoint","urlTemplate":"https:\/\/www.swisscrochet.ch\/?s={search_term_string}"},"query-input":{"@type":"PropertyValueSpecification","valueRequired":true,"valueName":"search_term_string"}}],"inLanguage":"fr-FR"}]}},"_links":{"self":[{"href":"https:\/\/www.swisscrochet.ch\/fr\/wp-json\/wp\/v2\/product\/2720","targetHints":{"allow":["GET"]}}],"collection":[{"href":"https:\/\/www.swisscrochet.ch\/fr\/wp-json\/wp\/v2\/product"}],"about":[{"href":"https:\/\/www.swisscrochet.ch\/fr\/wp-json\/wp\/v2\/types\/product"}],"wp:featuredmedia":[{"embeddable":true,"href":"https:\/\/www.swisscrochet.ch\/fr\/wp-json\/wp\/v2\/media\/3926"}],"wp:attachment":[{"href":"https:\/\/www.swisscrochet.ch\/fr\/wp-json\/wp\/v2\/media?parent=2720"}],"wp:term":[{"taxonomy":"product_brand","embeddable":true,"href":"https:\/\/www.swisscrochet.ch\/fr\/wp-json\/wp\/v2\/product_brand?post=2720"},{"taxonomy":"product_cat","embeddable":true,"href":"https:\/\/www.swisscrochet.ch\/fr\/wp-json\/wp\/v2\/product_cat?post=2720"},{"taxonomy":"product_tag","embeddable":true,"href":"https:\/\/www.swisscrochet.ch\/fr\/wp-json\/wp\/v2\/product_tag?post=2720"}],"curies":[{"name":"wp","href":"https:\/\/api.w.org\/{rel}","templated":true}]}}