{"id":27263,"date":"2026-03-18T17:45:52","date_gmt":"2026-03-18T16:45:52","guid":{"rendered":"https:\/\/www.swisscrochet.ch\/product\/malabrigo-susurro\/"},"modified":"2026-03-18T17:50:20","modified_gmt":"2026-03-18T16:50:20","slug":"malabrigo-susurro","status":"publish","type":"product","link":"https:\/\/www.swisscrochet.ch\/fr\/produit\/malabrigo-susurro\/","title":{"rendered":"Malabrigo &#8211; Susurro"},"content":{"rendered":"","protected":false},"excerpt":{"rendered":"<p>Susurro est un m\u00e9lange luxueux de laine m\u00e9rinos douce, de soie et de lin \u2014 id\u00e9al pour les projets de printemps et d\u2019\u00e9t\u00e9 qui n\u00e9cessitent \u00e0 la fois confort et \u00e9l\u00e9gance. Sa construction simple brin et sa torsion Z offrent une excellente d\u00e9finition des points tout en aidant \u00e0 \u00e9viter que le fil ne se s\u00e9pare ou ne s\u2019effiloche, ce qui le rend tr\u00e8s agr\u00e9able \u00e0 travailler.<\/p>\n<p>La combinaison de laine, de soie et de lin cr\u00e9e une belle profondeur de couleur avec un \u00e9clat subtil, presque m\u00e9tallique. L\u2019\u00e9quilibre entre la texture nette du lin et la douceur du m\u00e9rinos et de la soie conf\u00e8re au fil un caract\u00e8re unique et une finition raffin\u00e9e.<\/p>\n<p>Compos\u00e9 de 50 % de soie de m\u00fbrier, 25 % de lin et 25 % de laine m\u00e9rinos, Susurro convient \u00e0 une grande vari\u00e9t\u00e9 de projets de crochet \u2014 des v\u00eatements tels que pulls, cardigans et tops aux accessoires l\u00e9gers comme les ch\u00e2les et les \u00e9charpes.<\/p>\n<p>L\u2019\u00e9chantillon pr\u00e9sent\u00e9 a \u00e9t\u00e9 lav\u00e9 en machine (programme laine \u00e0 30\u00b0C) puis repass\u00e9 \u00e0 la vapeur.<\/p>\n<p>Choisissez Susurro pour des projets raffin\u00e9s et l\u00e9gers avec une texture naturelle, un beau drap\u00e9 et une finition subtilement lumineuse.<\/p>\n<p><strong>Remarque :<\/strong> <em>Malabrigo est r\u00e9put\u00e9 pour ses coloris vibrants teints \u00e0 la main \u2014 ainsi que pour les variations visibles entre les lots de teinture. Afin de vous offrir une visibilit\u00e9 compl\u00e8te sur le stock actuel, chaque lot est photographi\u00e9 et pr\u00e9sent\u00e9 s\u00e9par\u00e9ment. Les images des coloris par d\u00e9faut sont mises \u00e0 jour en cons\u00e9quence.<\/em><\/p>\n","protected":false},"featured_media":26874,"template":"","meta":[],"product_brand":[],"product_cat":[227,1893],"product_tag":[],"class_list":{"0":"post-27263","1":"product","2":"type-product","3":"status-publish","4":"has-post-thumbnail","6":"product_cat-fils","7":"product_cat-fils-vetements","8":"pa_y1-brand-malabrigo","9":"pa_y17-yarn-weight-sport-fr","10":"description-off","12":"first","13":"instock","14":"taxable","15":"shipping-taxable","16":"purchasable","17":"product-type-variable","18":"wvs-archive-product-wrapper"},"bundled_by":["28051","28055"],"bundle_stock_status":"instock","bundle_stock_quantity":null,"bundle_virtual":false,"bundle_layout":"","bundle_add_to_cart_form_location":"","bundle_editable_in_cart":false,"bundle_sold_individually_context":"","bundle_item_grouping":"","bundle_min_size":"","bundle_max_size":"","bundle_price":[],"bundled_items":[],"bundle_sell_ids":[],"yoast_head":"<!-- This site is optimized with the Yoast SEO plugin v27.5 - https:\/\/yoast.com\/product\/yoast-seo-wordpress\/ -->\n<title>Malabrigo - Susurro &#171; Swiss Crochet<\/title>\n<meta name=\"description\" content=\"Fil Malabrigo Susurro en soie, lin et m\u00e9rinos. Fil l\u00e9ger simple brin avec un beau drap\u00e9 et un l\u00e9ger \u00e9clat, id\u00e9al pour v\u00eatements et projets de crochet d\u2019\u00e9t\u00e9.\" \/>\n<meta name=\"robots\" content=\"index, follow, max-snippet:-1, max-image-preview:large, max-video-preview:-1\" \/>\n<link rel=\"canonical\" href=\"https:\/\/www.swisscrochet.ch\/fr\/produit\/malabrigo-susurro\/\" \/>\n<meta property=\"og:locale\" content=\"fr_FR\" \/>\n<meta property=\"og:type\" content=\"article\" \/>\n<meta property=\"og:title\" content=\"Malabrigo - Susurro &#171; Swiss Crochet\" \/>\n<meta property=\"og:description\" content=\"Fil Malabrigo Susurro en soie, lin et m\u00e9rinos. Fil l\u00e9ger simple brin avec un beau drap\u00e9 et un l\u00e9ger \u00e9clat, id\u00e9al pour v\u00eatements et projets de crochet d\u2019\u00e9t\u00e9.\" \/>\n<meta property=\"og:url\" content=\"https:\/\/www.swisscrochet.ch\/fr\/produit\/malabrigo-susurro\/\" \/>\n<meta property=\"og:site_name\" content=\"Swiss Crochet\" \/>\n<meta property=\"article:modified_time\" content=\"2026-03-18T16:50:20+00:00\" \/>\n<meta property=\"og:image\" content=\"https:\/\/www.swisscrochet.ch\/wp-content\/uploads\/2026\/03\/Malabrigo-Susurro-Overview.jpg\" \/>\n\t<meta property=\"og:image:width\" content=\"1000\" \/>\n\t<meta property=\"og:image:height\" content=\"1000\" \/>\n\t<meta property=\"og:image:type\" content=\"image\/jpeg\" \/>\n<meta name=\"twitter:card\" content=\"summary_large_image\" \/>\n<meta name=\"twitter:label1\" content=\"Dur\u00e9e de lecture estim\u00e9e\" \/>\n\t<meta name=\"twitter:data1\" content=\"1 minute\" \/>\n<script type=\"application\/ld+json\" class=\"yoast-schema-graph\">{\"@context\":\"https:\\\/\\\/schema.org\",\"@graph\":[{\"@type\":[\"WebPage\",\"ItemPage\"],\"@id\":\"https:\\\/\\\/www.swisscrochet.ch\\\/fr\\\/produit\\\/malabrigo-susurro\\\/\",\"url\":\"https:\\\/\\\/www.swisscrochet.ch\\\/fr\\\/produit\\\/malabrigo-susurro\\\/\",\"name\":\"Malabrigo - Susurro &#171; Swiss Crochet\",\"isPartOf\":{\"@id\":\"https:\\\/\\\/www.swisscrochet.ch\\\/#website\"},\"primaryImageOfPage\":{\"@id\":\"https:\\\/\\\/www.swisscrochet.ch\\\/fr\\\/produit\\\/malabrigo-susurro\\\/#primaryimage\"},\"image\":{\"@id\":\"https:\\\/\\\/www.swisscrochet.ch\\\/fr\\\/produit\\\/malabrigo-susurro\\\/#primaryimage\"},\"thumbnailUrl\":\"https:\\\/\\\/www.swisscrochet.ch\\\/wp-content\\\/uploads\\\/2026\\\/03\\\/Malabrigo-Susurro-Overview.jpg\",\"datePublished\":\"2026-03-18T16:45:52+00:00\",\"dateModified\":\"2026-03-18T16:50:20+00:00\",\"description\":\"Fil Malabrigo Susurro en soie, lin et m\u00e9rinos. Fil l\u00e9ger simple brin avec un beau drap\u00e9 et un l\u00e9ger \u00e9clat, id\u00e9al pour v\u00eatements et projets de crochet d\u2019\u00e9t\u00e9.\",\"breadcrumb\":{\"@id\":\"https:\\\/\\\/www.swisscrochet.ch\\\/fr\\\/produit\\\/malabrigo-susurro\\\/#breadcrumb\"},\"inLanguage\":\"fr-FR\",\"potentialAction\":[{\"@type\":\"ReadAction\",\"target\":[\"https:\\\/\\\/www.swisscrochet.ch\\\/fr\\\/produit\\\/malabrigo-susurro\\\/\"]}]},{\"@type\":\"ImageObject\",\"inLanguage\":\"fr-FR\",\"@id\":\"https:\\\/\\\/www.swisscrochet.ch\\\/fr\\\/produit\\\/malabrigo-susurro\\\/#primaryimage\",\"url\":\"https:\\\/\\\/www.swisscrochet.ch\\\/wp-content\\\/uploads\\\/2026\\\/03\\\/Malabrigo-Susurro-Overview.jpg\",\"contentUrl\":\"https:\\\/\\\/www.swisscrochet.ch\\\/wp-content\\\/uploads\\\/2026\\\/03\\\/Malabrigo-Susurro-Overview.jpg\",\"width\":1000,\"height\":1000},{\"@type\":\"BreadcrumbList\",\"@id\":\"https:\\\/\\\/www.swisscrochet.ch\\\/fr\\\/produit\\\/malabrigo-susurro\\\/#breadcrumb\",\"itemListElement\":[{\"@type\":\"ListItem\",\"position\":1,\"name\":\"Home\",\"item\":\"https:\\\/\\\/www.swisscrochet.ch\\\/fr\\\/\"},{\"@type\":\"ListItem\",\"position\":2,\"name\":\"Boutique\",\"item\":\"https:\\\/\\\/www.swisscrochet.ch\\\/fr\\\/boutique\\\/\"},{\"@type\":\"ListItem\",\"position\":3,\"name\":\"Malabrigo &#8211; Susurro\"}]},{\"@type\":\"WebSite\",\"@id\":\"https:\\\/\\\/www.swisscrochet.ch\\\/#website\",\"url\":\"https:\\\/\\\/www.swisscrochet.ch\\\/\",\"name\":\"Swiss Crochet\",\"description\":\"Lib\u00e9rez votre potentiel cr\u00e9atif\",\"potentialAction\":[{\"@type\":\"SearchAction\",\"target\":{\"@type\":\"EntryPoint\",\"urlTemplate\":\"https:\\\/\\\/www.swisscrochet.ch\\\/?s={search_term_string}\"},\"query-input\":{\"@type\":\"PropertyValueSpecification\",\"valueRequired\":true,\"valueName\":\"search_term_string\"}}],\"inLanguage\":\"fr-FR\"}]}<\/script>\n<!-- \/ Yoast SEO plugin. -->","yoast_head_json":{"title":"Malabrigo - Susurro &#171; Swiss Crochet","description":"Fil Malabrigo Susurro en soie, lin et m\u00e9rinos. Fil l\u00e9ger simple brin avec un beau drap\u00e9 et un l\u00e9ger \u00e9clat, id\u00e9al pour v\u00eatements et projets de crochet d\u2019\u00e9t\u00e9.","robots":{"index":"index","follow":"follow","max-snippet":"max-snippet:-1","max-image-preview":"max-image-preview:large","max-video-preview":"max-video-preview:-1"},"canonical":"https:\/\/www.swisscrochet.ch\/fr\/produit\/malabrigo-susurro\/","og_locale":"fr_FR","og_type":"article","og_title":"Malabrigo - Susurro &#171; Swiss Crochet","og_description":"Fil Malabrigo Susurro en soie, lin et m\u00e9rinos. Fil l\u00e9ger simple brin avec un beau drap\u00e9 et un l\u00e9ger \u00e9clat, id\u00e9al pour v\u00eatements et projets de crochet d\u2019\u00e9t\u00e9.","og_url":"https:\/\/www.swisscrochet.ch\/fr\/produit\/malabrigo-susurro\/","og_site_name":"Swiss Crochet","article_modified_time":"2026-03-18T16:50:20+00:00","og_image":[{"width":1000,"height":1000,"url":"https:\/\/www.swisscrochet.ch\/wp-content\/uploads\/2026\/03\/Malabrigo-Susurro-Overview.jpg","type":"image\/jpeg"}],"twitter_card":"summary_large_image","twitter_misc":{"Dur\u00e9e de lecture estim\u00e9e":"1 minute"},"schema":{"@context":"https:\/\/schema.org","@graph":[{"@type":["WebPage","ItemPage"],"@id":"https:\/\/www.swisscrochet.ch\/fr\/produit\/malabrigo-susurro\/","url":"https:\/\/www.swisscrochet.ch\/fr\/produit\/malabrigo-susurro\/","name":"Malabrigo - Susurro &#171; Swiss Crochet","isPartOf":{"@id":"https:\/\/www.swisscrochet.ch\/#website"},"primaryImageOfPage":{"@id":"https:\/\/www.swisscrochet.ch\/fr\/produit\/malabrigo-susurro\/#primaryimage"},"image":{"@id":"https:\/\/www.swisscrochet.ch\/fr\/produit\/malabrigo-susurro\/#primaryimage"},"thumbnailUrl":"https:\/\/www.swisscrochet.ch\/wp-content\/uploads\/2026\/03\/Malabrigo-Susurro-Overview.jpg","datePublished":"2026-03-18T16:45:52+00:00","dateModified":"2026-03-18T16:50:20+00:00","description":"Fil Malabrigo Susurro en soie, lin et m\u00e9rinos. Fil l\u00e9ger simple brin avec un beau drap\u00e9 et un l\u00e9ger \u00e9clat, id\u00e9al pour v\u00eatements et projets de crochet d\u2019\u00e9t\u00e9.","breadcrumb":{"@id":"https:\/\/www.swisscrochet.ch\/fr\/produit\/malabrigo-susurro\/#breadcrumb"},"inLanguage":"fr-FR","potentialAction":[{"@type":"ReadAction","target":["https:\/\/www.swisscrochet.ch\/fr\/produit\/malabrigo-susurro\/"]}]},{"@type":"ImageObject","inLanguage":"fr-FR","@id":"https:\/\/www.swisscrochet.ch\/fr\/produit\/malabrigo-susurro\/#primaryimage","url":"https:\/\/www.swisscrochet.ch\/wp-content\/uploads\/2026\/03\/Malabrigo-Susurro-Overview.jpg","contentUrl":"https:\/\/www.swisscrochet.ch\/wp-content\/uploads\/2026\/03\/Malabrigo-Susurro-Overview.jpg","width":1000,"height":1000},{"@type":"BreadcrumbList","@id":"https:\/\/www.swisscrochet.ch\/fr\/produit\/malabrigo-susurro\/#breadcrumb","itemListElement":[{"@type":"ListItem","position":1,"name":"Home","item":"https:\/\/www.swisscrochet.ch\/fr\/"},{"@type":"ListItem","position":2,"name":"Boutique","item":"https:\/\/www.swisscrochet.ch\/fr\/boutique\/"},{"@type":"ListItem","position":3,"name":"Malabrigo &#8211; Susurro"}]},{"@type":"WebSite","@id":"https:\/\/www.swisscrochet.ch\/#website","url":"https:\/\/www.swisscrochet.ch\/","name":"Swiss Crochet","description":"Lib\u00e9rez votre potentiel cr\u00e9atif","potentialAction":[{"@type":"SearchAction","target":{"@type":"EntryPoint","urlTemplate":"https:\/\/www.swisscrochet.ch\/?s={search_term_string}"},"query-input":{"@type":"PropertyValueSpecification","valueRequired":true,"valueName":"search_term_string"}}],"inLanguage":"fr-FR"}]}},"_links":{"self":[{"href":"https:\/\/www.swisscrochet.ch\/fr\/wp-json\/wp\/v2\/product\/27263","targetHints":{"allow":["GET"]}}],"collection":[{"href":"https:\/\/www.swisscrochet.ch\/fr\/wp-json\/wp\/v2\/product"}],"about":[{"href":"https:\/\/www.swisscrochet.ch\/fr\/wp-json\/wp\/v2\/types\/product"}],"wp:featuredmedia":[{"embeddable":true,"href":"https:\/\/www.swisscrochet.ch\/fr\/wp-json\/wp\/v2\/media\/26874"}],"wp:attachment":[{"href":"https:\/\/www.swisscrochet.ch\/fr\/wp-json\/wp\/v2\/media?parent=27263"}],"wp:term":[{"taxonomy":"product_brand","embeddable":true,"href":"https:\/\/www.swisscrochet.ch\/fr\/wp-json\/wp\/v2\/product_brand?post=27263"},{"taxonomy":"product_cat","embeddable":true,"href":"https:\/\/www.swisscrochet.ch\/fr\/wp-json\/wp\/v2\/product_cat?post=27263"},{"taxonomy":"product_tag","embeddable":true,"href":"https:\/\/www.swisscrochet.ch\/fr\/wp-json\/wp\/v2\/product_tag?post=27263"}],"curies":[{"name":"wp","href":"https:\/\/api.w.org\/{rel}","templated":true}]}}