{"id":27685,"date":"2026-03-18T19:19:10","date_gmt":"2026-03-18T18:19:10","guid":{"rendered":"https:\/\/www.swisscrochet.ch\/product\/scheepjes-maxi-sweet-treat\/"},"modified":"2026-03-24T15:51:19","modified_gmt":"2026-03-24T14:51:19","slug":"scheepjes-maxi-sweet-treat","status":"publish","type":"product","link":"https:\/\/www.swisscrochet.ch\/fr\/produit\/scheepjes-maxi-sweet-treat\/","title":{"rendered":"Scheepjes &#8211; Maxi Sweet Treat"},"content":{"rendered":"","protected":false},"excerpt":{"rendered":"<p>Scheepjes Maxi Sweet Treat est un fil de crochet en coton 100 % merceris\u00e9, appr\u00e9ci\u00e9 pour sa respirabilit\u00e9 naturelle, son \u00e9clat subtil et sa texture lisse. Sa construction \u00e0 3 brins et sa torsion Z offrent une excellente d\u00e9finition des points tout en aidant \u00e0 \u00e9viter que le fil ne se s\u00e9pare ou ne s\u2019effiloche, ce qui le rend tr\u00e8s agr\u00e9able \u00e0 travailler.<\/p>\n<p>Maxi Sweet Treat convient \u00e0 une grande vari\u00e9t\u00e9 de projets, notamment les v\u00eatements, accessoires, amigurumi, microcrochet et ouvrages de dentelle d\u00e9licats.<\/p>\n<p>Certifi\u00e9 EN71-3, ce fil est sans danger pour les peaux sensibles, ce qui le rend id\u00e9al pour la confection d\u2019articles destin\u00e9s aux b\u00e9b\u00e9s et aux enfants. De plus, Maxi Sweet Treat est produit en utilisant des eaux us\u00e9es recycl\u00e9es, offrant ainsi une option plus respectueuse de l\u2019environnement pour des cr\u00e9ations durables.<\/p>\n<p>Trois \u00e9chantillons sont pr\u00e9sent\u00e9s :<\/p>\n<ul>\n<li>un fil simple travaill\u00e9 avec un crochet de 1.00 mm<\/li>\n<li>deux fils travaill\u00e9s avec un crochet de 2.00 mm<\/li>\n<li>trois fils travaill\u00e9s avec un crochet de 3.00 mm<\/li>\n<\/ul>\n<p>L\u2019\u00e9chantillon pr\u00e9sent\u00e9 a \u00e9t\u00e9 lav\u00e9 en machine (programme normal \u00e0 40\u00b0C) puis repass\u00e9 \u00e0 la vapeur.<\/p>\n<p>Disponible dans une palette de 87 couleurs, Maxi Sweet Treat offre de vastes possibilit\u00e9s cr\u00e9atives et des combinaisons de couleurs vari\u00e9es pour les travaux de crochet d\u00e9taill\u00e9s.<\/p>\n<p>Choisissez Maxi Sweet Treat pour une belle d\u00e9finition des points, des couleurs vibrantes et des performances fiables dans votre prochain projet.<\/p>\n","protected":false},"featured_media":27658,"template":"","meta":[],"product_brand":[],"product_cat":[1880,227,1896,1893],"product_tag":[],"class_list":{"0":"post-27685","1":"product","2":"type-product","3":"status-publish","4":"has-post-thumbnail","6":"product_cat-fils-amigurumi","7":"product_cat-fils","8":"product_cat-fils-microcrochet-et-dentelle","9":"product_cat-fils-vetements","10":"pa_y1-brand-scheepjes-fr","11":"pa_y17-yarn-weight-thread-fr","12":"description-off","14":"first","15":"instock","16":"taxable","17":"shipping-taxable","18":"purchasable","19":"product-type-variable","20":"wvs-archive-product-wrapper"},"bundled_by":[],"bundle_stock_status":"instock","bundle_stock_quantity":null,"bundle_virtual":false,"bundle_layout":"","bundle_add_to_cart_form_location":"","bundle_editable_in_cart":false,"bundle_sold_individually_context":"","bundle_item_grouping":"","bundle_min_size":"","bundle_max_size":"","bundle_price":[],"bundled_items":[],"bundle_sell_ids":[],"yoast_head":"<!-- This site is optimized with the Yoast SEO plugin v27.5 - https:\/\/yoast.com\/product\/yoast-seo-wordpress\/ -->\n<title>Scheepjes - Maxi Sweet Treat &#171; Swiss Crochet<\/title>\n<meta name=\"description\" content=\"Scheepjes Maxi Sweet Treat est un fil de crochet en coton merceris\u00e9, id\u00e9al pour la dentelle, les amigurumi et le microcrochet. Disponible en 87 couleurs vibrantes.\" \/>\n<meta name=\"robots\" content=\"index, follow, max-snippet:-1, max-image-preview:large, max-video-preview:-1\" \/>\n<link rel=\"canonical\" href=\"https:\/\/www.swisscrochet.ch\/fr\/produit\/scheepjes-maxi-sweet-treat\/\" \/>\n<meta property=\"og:locale\" content=\"fr_FR\" \/>\n<meta property=\"og:type\" content=\"article\" \/>\n<meta property=\"og:title\" content=\"Scheepjes - Maxi Sweet Treat &#171; Swiss Crochet\" \/>\n<meta property=\"og:description\" content=\"Scheepjes Maxi Sweet Treat est un fil de crochet en coton merceris\u00e9, id\u00e9al pour la dentelle, les amigurumi et le microcrochet. Disponible en 87 couleurs vibrantes.\" \/>\n<meta property=\"og:url\" content=\"https:\/\/www.swisscrochet.ch\/fr\/produit\/scheepjes-maxi-sweet-treat\/\" \/>\n<meta property=\"og:site_name\" content=\"Swiss Crochet\" \/>\n<meta property=\"article:modified_time\" content=\"2026-03-24T14:51:19+00:00\" \/>\n<meta property=\"og:image\" content=\"https:\/\/www.swisscrochet.ch\/wp-content\/uploads\/2026\/03\/Scheepjes-Maxi-Sweet-Treat-Overview.jpg\" \/>\n\t<meta property=\"og:image:width\" content=\"1000\" \/>\n\t<meta property=\"og:image:height\" content=\"1000\" \/>\n\t<meta property=\"og:image:type\" content=\"image\/jpeg\" \/>\n<meta name=\"twitter:card\" content=\"summary_large_image\" \/>\n<meta name=\"twitter:label1\" content=\"Dur\u00e9e de lecture estim\u00e9e\" \/>\n\t<meta name=\"twitter:data1\" content=\"1 minute\" \/>\n<script type=\"application\/ld+json\" class=\"yoast-schema-graph\">{\"@context\":\"https:\\\/\\\/schema.org\",\"@graph\":[{\"@type\":[\"WebPage\",\"ItemPage\"],\"@id\":\"https:\\\/\\\/www.swisscrochet.ch\\\/fr\\\/produit\\\/scheepjes-maxi-sweet-treat\\\/\",\"url\":\"https:\\\/\\\/www.swisscrochet.ch\\\/fr\\\/produit\\\/scheepjes-maxi-sweet-treat\\\/\",\"name\":\"Scheepjes - Maxi Sweet Treat &#171; Swiss Crochet\",\"isPartOf\":{\"@id\":\"https:\\\/\\\/www.swisscrochet.ch\\\/#website\"},\"primaryImageOfPage\":{\"@id\":\"https:\\\/\\\/www.swisscrochet.ch\\\/fr\\\/produit\\\/scheepjes-maxi-sweet-treat\\\/#primaryimage\"},\"image\":{\"@id\":\"https:\\\/\\\/www.swisscrochet.ch\\\/fr\\\/produit\\\/scheepjes-maxi-sweet-treat\\\/#primaryimage\"},\"thumbnailUrl\":\"https:\\\/\\\/www.swisscrochet.ch\\\/wp-content\\\/uploads\\\/2026\\\/03\\\/Scheepjes-Maxi-Sweet-Treat-Overview.jpg\",\"datePublished\":\"2026-03-18T18:19:10+00:00\",\"dateModified\":\"2026-03-24T14:51:19+00:00\",\"description\":\"Scheepjes Maxi Sweet Treat est un fil de crochet en coton merceris\u00e9, id\u00e9al pour la dentelle, les amigurumi et le microcrochet. Disponible en 87 couleurs vibrantes.\",\"breadcrumb\":{\"@id\":\"https:\\\/\\\/www.swisscrochet.ch\\\/fr\\\/produit\\\/scheepjes-maxi-sweet-treat\\\/#breadcrumb\"},\"inLanguage\":\"fr-FR\",\"potentialAction\":[{\"@type\":\"ReadAction\",\"target\":[\"https:\\\/\\\/www.swisscrochet.ch\\\/fr\\\/produit\\\/scheepjes-maxi-sweet-treat\\\/\"]}]},{\"@type\":\"ImageObject\",\"inLanguage\":\"fr-FR\",\"@id\":\"https:\\\/\\\/www.swisscrochet.ch\\\/fr\\\/produit\\\/scheepjes-maxi-sweet-treat\\\/#primaryimage\",\"url\":\"https:\\\/\\\/www.swisscrochet.ch\\\/wp-content\\\/uploads\\\/2026\\\/03\\\/Scheepjes-Maxi-Sweet-Treat-Overview.jpg\",\"contentUrl\":\"https:\\\/\\\/www.swisscrochet.ch\\\/wp-content\\\/uploads\\\/2026\\\/03\\\/Scheepjes-Maxi-Sweet-Treat-Overview.jpg\",\"width\":1000,\"height\":1000},{\"@type\":\"BreadcrumbList\",\"@id\":\"https:\\\/\\\/www.swisscrochet.ch\\\/fr\\\/produit\\\/scheepjes-maxi-sweet-treat\\\/#breadcrumb\",\"itemListElement\":[{\"@type\":\"ListItem\",\"position\":1,\"name\":\"Home\",\"item\":\"https:\\\/\\\/www.swisscrochet.ch\\\/fr\\\/\"},{\"@type\":\"ListItem\",\"position\":2,\"name\":\"Boutique\",\"item\":\"https:\\\/\\\/www.swisscrochet.ch\\\/fr\\\/boutique\\\/\"},{\"@type\":\"ListItem\",\"position\":3,\"name\":\"Scheepjes &#8211; Maxi Sweet Treat\"}]},{\"@type\":\"WebSite\",\"@id\":\"https:\\\/\\\/www.swisscrochet.ch\\\/#website\",\"url\":\"https:\\\/\\\/www.swisscrochet.ch\\\/\",\"name\":\"Swiss Crochet\",\"description\":\"Lib\u00e9rez votre potentiel cr\u00e9atif\",\"potentialAction\":[{\"@type\":\"SearchAction\",\"target\":{\"@type\":\"EntryPoint\",\"urlTemplate\":\"https:\\\/\\\/www.swisscrochet.ch\\\/?s={search_term_string}\"},\"query-input\":{\"@type\":\"PropertyValueSpecification\",\"valueRequired\":true,\"valueName\":\"search_term_string\"}}],\"inLanguage\":\"fr-FR\"}]}<\/script>\n<!-- \/ Yoast SEO plugin. -->","yoast_head_json":{"title":"Scheepjes - Maxi Sweet Treat &#171; Swiss Crochet","description":"Scheepjes Maxi Sweet Treat est un fil de crochet en coton merceris\u00e9, id\u00e9al pour la dentelle, les amigurumi et le microcrochet. Disponible en 87 couleurs vibrantes.","robots":{"index":"index","follow":"follow","max-snippet":"max-snippet:-1","max-image-preview":"max-image-preview:large","max-video-preview":"max-video-preview:-1"},"canonical":"https:\/\/www.swisscrochet.ch\/fr\/produit\/scheepjes-maxi-sweet-treat\/","og_locale":"fr_FR","og_type":"article","og_title":"Scheepjes - Maxi Sweet Treat &#171; Swiss Crochet","og_description":"Scheepjes Maxi Sweet Treat est un fil de crochet en coton merceris\u00e9, id\u00e9al pour la dentelle, les amigurumi et le microcrochet. Disponible en 87 couleurs vibrantes.","og_url":"https:\/\/www.swisscrochet.ch\/fr\/produit\/scheepjes-maxi-sweet-treat\/","og_site_name":"Swiss Crochet","article_modified_time":"2026-03-24T14:51:19+00:00","og_image":[{"width":1000,"height":1000,"url":"https:\/\/www.swisscrochet.ch\/wp-content\/uploads\/2026\/03\/Scheepjes-Maxi-Sweet-Treat-Overview.jpg","type":"image\/jpeg"}],"twitter_card":"summary_large_image","twitter_misc":{"Dur\u00e9e de lecture estim\u00e9e":"1 minute"},"schema":{"@context":"https:\/\/schema.org","@graph":[{"@type":["WebPage","ItemPage"],"@id":"https:\/\/www.swisscrochet.ch\/fr\/produit\/scheepjes-maxi-sweet-treat\/","url":"https:\/\/www.swisscrochet.ch\/fr\/produit\/scheepjes-maxi-sweet-treat\/","name":"Scheepjes - Maxi Sweet Treat &#171; Swiss Crochet","isPartOf":{"@id":"https:\/\/www.swisscrochet.ch\/#website"},"primaryImageOfPage":{"@id":"https:\/\/www.swisscrochet.ch\/fr\/produit\/scheepjes-maxi-sweet-treat\/#primaryimage"},"image":{"@id":"https:\/\/www.swisscrochet.ch\/fr\/produit\/scheepjes-maxi-sweet-treat\/#primaryimage"},"thumbnailUrl":"https:\/\/www.swisscrochet.ch\/wp-content\/uploads\/2026\/03\/Scheepjes-Maxi-Sweet-Treat-Overview.jpg","datePublished":"2026-03-18T18:19:10+00:00","dateModified":"2026-03-24T14:51:19+00:00","description":"Scheepjes Maxi Sweet Treat est un fil de crochet en coton merceris\u00e9, id\u00e9al pour la dentelle, les amigurumi et le microcrochet. Disponible en 87 couleurs vibrantes.","breadcrumb":{"@id":"https:\/\/www.swisscrochet.ch\/fr\/produit\/scheepjes-maxi-sweet-treat\/#breadcrumb"},"inLanguage":"fr-FR","potentialAction":[{"@type":"ReadAction","target":["https:\/\/www.swisscrochet.ch\/fr\/produit\/scheepjes-maxi-sweet-treat\/"]}]},{"@type":"ImageObject","inLanguage":"fr-FR","@id":"https:\/\/www.swisscrochet.ch\/fr\/produit\/scheepjes-maxi-sweet-treat\/#primaryimage","url":"https:\/\/www.swisscrochet.ch\/wp-content\/uploads\/2026\/03\/Scheepjes-Maxi-Sweet-Treat-Overview.jpg","contentUrl":"https:\/\/www.swisscrochet.ch\/wp-content\/uploads\/2026\/03\/Scheepjes-Maxi-Sweet-Treat-Overview.jpg","width":1000,"height":1000},{"@type":"BreadcrumbList","@id":"https:\/\/www.swisscrochet.ch\/fr\/produit\/scheepjes-maxi-sweet-treat\/#breadcrumb","itemListElement":[{"@type":"ListItem","position":1,"name":"Home","item":"https:\/\/www.swisscrochet.ch\/fr\/"},{"@type":"ListItem","position":2,"name":"Boutique","item":"https:\/\/www.swisscrochet.ch\/fr\/boutique\/"},{"@type":"ListItem","position":3,"name":"Scheepjes &#8211; Maxi Sweet Treat"}]},{"@type":"WebSite","@id":"https:\/\/www.swisscrochet.ch\/#website","url":"https:\/\/www.swisscrochet.ch\/","name":"Swiss Crochet","description":"Lib\u00e9rez votre potentiel cr\u00e9atif","potentialAction":[{"@type":"SearchAction","target":{"@type":"EntryPoint","urlTemplate":"https:\/\/www.swisscrochet.ch\/?s={search_term_string}"},"query-input":{"@type":"PropertyValueSpecification","valueRequired":true,"valueName":"search_term_string"}}],"inLanguage":"fr-FR"}]}},"_links":{"self":[{"href":"https:\/\/www.swisscrochet.ch\/fr\/wp-json\/wp\/v2\/product\/27685","targetHints":{"allow":["GET"]}}],"collection":[{"href":"https:\/\/www.swisscrochet.ch\/fr\/wp-json\/wp\/v2\/product"}],"about":[{"href":"https:\/\/www.swisscrochet.ch\/fr\/wp-json\/wp\/v2\/types\/product"}],"wp:featuredmedia":[{"embeddable":true,"href":"https:\/\/www.swisscrochet.ch\/fr\/wp-json\/wp\/v2\/media\/27658"}],"wp:attachment":[{"href":"https:\/\/www.swisscrochet.ch\/fr\/wp-json\/wp\/v2\/media?parent=27685"}],"wp:term":[{"taxonomy":"product_brand","embeddable":true,"href":"https:\/\/www.swisscrochet.ch\/fr\/wp-json\/wp\/v2\/product_brand?post=27685"},{"taxonomy":"product_cat","embeddable":true,"href":"https:\/\/www.swisscrochet.ch\/fr\/wp-json\/wp\/v2\/product_cat?post=27685"},{"taxonomy":"product_tag","embeddable":true,"href":"https:\/\/www.swisscrochet.ch\/fr\/wp-json\/wp\/v2\/product_tag?post=27685"}],"curies":[{"name":"wp","href":"https:\/\/api.w.org\/{rel}","templated":true}]}}