{"id":28055,"date":"2026-03-18T20:01:46","date_gmt":"2026-03-18T19:01:46","guid":{"rendered":"https:\/\/www.swisscrochet.ch\/product\/aplis-yarn-kit\/"},"modified":"2026-03-18T20:28:51","modified_gmt":"2026-03-18T19:28:51","slug":"aplis-kit-de-fil","status":"publish","type":"product","link":"https:\/\/www.swisscrochet.ch\/fr\/produit\/aplis-kit-de-fil\/","title":{"rendered":"Aplis &#8211; Kit de fil"},"content":{"rendered":"","protected":false},"excerpt":{"rendered":"<p>Aplis est un pull au crochet \u00e0 empi\u00e8cement rond avec manches courtes et un motif de points \u00e9l\u00e9gant. R\u00e9alis\u00e9 dans un m\u00e9lange luxueux de soie, lin et m\u00e9rinos, il offre une belle brillance et un drap\u00e9 fluide. Une version simplifi\u00e9e des rangs raccourcis est utilis\u00e9e pour rehausser le dos et assurer un ajustement confortable.<\/p>\n<p>Le corps et les manches sont travaill\u00e9s droit dans le motif et leur longueur peut \u00eatre facilement ajust\u00e9e. Aplis est soigneusement con\u00e7u avec des d\u00e9tails ma\u00eetris\u00e9s pour cr\u00e9er un pull au crochet facile \u00e0 porter et un essentiel de garde-robe.<\/p>\n<p>Aplis signifie \u00ab cercle \u00bb en letton.<\/p>\n<p>L\u2019\u00e9chantillon pr\u00e9sent\u00e9 est r\u00e9alis\u00e9 en taille M et utilise environ 260 g de fil (3 pelotes de Susurro).<\/p>\n<p>Tailles : XS(S, M, L, 1X, 2X, 3X, 4X, 5X)<\/p>\n<p>Tour de poitrine : 75(85, 95, 105, 115, 125, 135, 145, 155) cm \/ 30(34, 38, 42, 46, 50, 54, 58, 62) pouces<\/p>\n<p><strong>M\u00e9trage estim\u00e9 par taille :<\/strong><\/p>\n<ul>\n<li>Taille XS : 2 pelotes<\/li>\n<li>Taille S: 3 pelotes<\/li>\n<li>Taille M: 3 pelotes<\/li>\n<li>Taille L: 4 pelotes<\/li>\n<li>Taille 1X: 4 pelotes<\/li>\n<li>Taille 2X: 5 pelotes<\/li>\n<li>Taille 3X: 5 pelotes<\/li>\n<li>Taille 4X: 6 pelotes<\/li>\n<li>Taille 5X: 6 pelotes<\/li>\n<\/ul>\n<p><strong>Le kit comprend :<\/strong><\/p>\n<ul>\n<li>une copie num\u00e9rique du patron <a href=\"https:\/\/www.ravelry.com\/patterns\/library\/aplis\">Aplis<\/a> (disponible en anglais)<\/li>\n<li>Le nombre n\u00e9cessaire de pelotes de Susurro dans la couleur de votre choix, selon la taille s\u00e9lectionn\u00e9e<\/li>\n<\/ul>\n<p>&#8211;&gt; Pour plus de confort, vous pouvez \u00e9galement ajouter un crochet de 3.00 mm \u00e0 votre kit.<\/p>\n<p>Tout ce dont vous avez besoin pour d\u00e9marrer votre prochain projet pr\u00e9f\u00e9r\u00e9 \u2014 simple, \u00e9l\u00e9gant et inspirant.<\/p>\n","protected":false},"featured_media":28021,"template":"","meta":[],"product_brand":[],"product_cat":[331,1671],"product_tag":[],"class_list":{"0":"post-28055","1":"product","2":"type-product","3":"status-publish","4":"has-post-thumbnail","6":"product_cat-kits-de-fils","7":"product_cat-kits-de-fils-vetements","8":"description-off","10":"first","11":"instock","12":"virtual","13":"taxable","14":"purchasable","15":"product-type-bundle"},"bundled_by":[],"bundle_stock_status":"instock","bundle_stock_quantity":64,"bundle_virtual":false,"bundle_layout":"default","bundle_add_to_cart_form_location":"default","bundle_editable_in_cart":false,"bundle_sold_individually_context":"product","bundle_item_grouping":"parent","bundle_min_size":"","bundle_max_size":"","bundle_price":{"price":{"min":{"incl_tax":"67","excl_tax":"61.98"},"max":{"incl_tax":"","excl_tax":""}},"regular_price":{"min":{"incl_tax":"67","excl_tax":"61.98"},"max":{"incl_tax":"","excl_tax":""}}},"bundled_items":[{"bundled_item_id":1054,"product_id":27263,"menu_order":0,"quantity_min":2,"quantity_max":"","quantity_default":2,"priced_individually":true,"shipped_individually":false,"override_title":false,"title":"Malabrigo &#8211; Susurro","override_description":true,"description":"Choisissez le nombre de pelotes en fonction de votre taille :\r\n<ul>\r\n \t<li>Taille XS : 2 pelotes<\/li>\r\n \t<li>Taille S: 3 pelotes<\/li>\r\n \t<li>Taille M: 3 pelotes<\/li>\r\n \t<li>Taille L: 4 pelotes<\/li>\r\n \t<li>Taille 1X: 4 pelotes<\/li>\r\n \t<li>Taille 2X: 5 pelotes<\/li>\r\n        <li>Taille 3X: 5 pelotes<\/li>\r\n        <li>Taille 4X: 6 pelotes<\/li>\r\n        <li>Taille 5X: 6 pelotes<\/li>\r\n<\/ul>","optional":false,"hide_thumbnail":false,"discount":"","override_variations":false,"allowed_variations":[""],"override_default_variation_attributes":false,"default_variation_attributes":[],"single_product_visibility":"visible","cart_visibility":"visible","order_visibility":"visible","single_product_price_visibility":"visible","cart_price_visibility":"visible","order_price_visibility":"visible","stock_status":"in_stock"},{"bundled_item_id":1055,"product_id":3501,"menu_order":1,"quantity_min":1,"quantity_max":1,"quantity_default":1,"priced_individually":true,"shipped_individually":false,"override_title":false,"title":"Tulip &#8211; Etimo Red &#8211; Crochet avec manche souple","override_description":true,"description":"","optional":true,"hide_thumbnail":false,"discount":"","override_variations":true,"allowed_variations":[3506],"override_default_variation_attributes":true,"default_variation_attributes":[{"id":0,"name":"Size","option":"3.00 mm"}],"single_product_visibility":"visible","cart_visibility":"visible","order_visibility":"visible","single_product_price_visibility":"visible","cart_price_visibility":"visible","order_price_visibility":"visible","stock_status":"in_stock"},{"bundled_item_id":1298,"product_id":29656,"menu_order":1,"quantity_min":1,"quantity_max":1,"quantity_default":1,"priced_individually":true,"shipped_individually":true,"override_title":false,"title":"\u00dcber den Traum &#8211; Aplis","override_description":false,"description":"\u00dcber den Traum &#8211; Aplis","optional":false,"hide_thumbnail":false,"discount":"","override_variations":false,"allowed_variations":[""],"override_default_variation_attributes":false,"default_variation_attributes":[],"single_product_visibility":"hidden","cart_visibility":"visible","order_visibility":"visible","single_product_price_visibility":"visible","cart_price_visibility":"visible","order_price_visibility":"visible","stock_status":"in_stock"}],"bundle_sell_ids":[],"yoast_head":"<!-- This site is optimized with the Yoast SEO plugin v27.5 - https:\/\/yoast.com\/product\/yoast-seo-wordpress\/ -->\n<title>Aplis - Kit de fil &#171; Swiss Crochet<\/title>\n<meta name=\"description\" content=\"Kit top au crochet Aplis avec fil Malabrigo Susurro. Design estival \u00e9l\u00e9gant avec encolure ronde et beau drap\u00e9. Tailles XS\u20135X, patron PDF inclus.\" \/>\n<meta name=\"robots\" content=\"index, follow, max-snippet:-1, max-image-preview:large, max-video-preview:-1\" \/>\n<link rel=\"canonical\" href=\"https:\/\/www.swisscrochet.ch\/fr\/produit\/aplis-kit-de-fil\/\" \/>\n<meta property=\"og:locale\" content=\"fr_FR\" \/>\n<meta property=\"og:type\" content=\"article\" \/>\n<meta property=\"og:title\" content=\"Aplis - Kit de fil &#171; Swiss Crochet\" \/>\n<meta property=\"og:description\" content=\"Kit top au crochet Aplis avec fil Malabrigo Susurro. Design estival \u00e9l\u00e9gant avec encolure ronde et beau drap\u00e9. Tailles XS\u20135X, patron PDF inclus.\" \/>\n<meta property=\"og:url\" content=\"https:\/\/www.swisscrochet.ch\/fr\/produit\/aplis-kit-de-fil\/\" \/>\n<meta property=\"og:site_name\" content=\"Swiss Crochet\" \/>\n<meta property=\"article:modified_time\" content=\"2026-03-18T19:28:51+00:00\" \/>\n<meta property=\"og:image\" content=\"https:\/\/www.swisscrochet.ch\/wp-content\/uploads\/2026\/03\/Aplis-Sample-Front.jpg\" \/>\n\t<meta property=\"og:image:width\" content=\"1100\" \/>\n\t<meta property=\"og:image:height\" content=\"1100\" \/>\n\t<meta property=\"og:image:type\" content=\"image\/jpeg\" \/>\n<meta name=\"twitter:card\" content=\"summary_large_image\" \/>\n<meta name=\"twitter:label1\" content=\"Dur\u00e9e de lecture estim\u00e9e\" \/>\n\t<meta name=\"twitter:data1\" content=\"1 minute\" \/>\n<script type=\"application\/ld+json\" class=\"yoast-schema-graph\">{\"@context\":\"https:\\\/\\\/schema.org\",\"@graph\":[{\"@type\":[\"WebPage\",\"ItemPage\"],\"@id\":\"https:\\\/\\\/www.swisscrochet.ch\\\/fr\\\/produit\\\/aplis-kit-de-fil\\\/\",\"url\":\"https:\\\/\\\/www.swisscrochet.ch\\\/fr\\\/produit\\\/aplis-kit-de-fil\\\/\",\"name\":\"Aplis - Kit de fil &#171; Swiss Crochet\",\"isPartOf\":{\"@id\":\"https:\\\/\\\/www.swisscrochet.ch\\\/#website\"},\"primaryImageOfPage\":{\"@id\":\"https:\\\/\\\/www.swisscrochet.ch\\\/fr\\\/produit\\\/aplis-kit-de-fil\\\/#primaryimage\"},\"image\":{\"@id\":\"https:\\\/\\\/www.swisscrochet.ch\\\/fr\\\/produit\\\/aplis-kit-de-fil\\\/#primaryimage\"},\"thumbnailUrl\":\"https:\\\/\\\/www.swisscrochet.ch\\\/wp-content\\\/uploads\\\/2026\\\/03\\\/Aplis-Sample-Front.jpg\",\"datePublished\":\"2026-03-18T19:01:46+00:00\",\"dateModified\":\"2026-03-18T19:28:51+00:00\",\"description\":\"Kit top au crochet Aplis avec fil Malabrigo Susurro. Design estival \u00e9l\u00e9gant avec encolure ronde et beau drap\u00e9. Tailles XS\u20135X, patron PDF inclus.\",\"breadcrumb\":{\"@id\":\"https:\\\/\\\/www.swisscrochet.ch\\\/fr\\\/produit\\\/aplis-kit-de-fil\\\/#breadcrumb\"},\"inLanguage\":\"fr-FR\",\"potentialAction\":[{\"@type\":\"ReadAction\",\"target\":[\"https:\\\/\\\/www.swisscrochet.ch\\\/fr\\\/produit\\\/aplis-kit-de-fil\\\/\"]}]},{\"@type\":\"ImageObject\",\"inLanguage\":\"fr-FR\",\"@id\":\"https:\\\/\\\/www.swisscrochet.ch\\\/fr\\\/produit\\\/aplis-kit-de-fil\\\/#primaryimage\",\"url\":\"https:\\\/\\\/www.swisscrochet.ch\\\/wp-content\\\/uploads\\\/2026\\\/03\\\/Aplis-Sample-Front.jpg\",\"contentUrl\":\"https:\\\/\\\/www.swisscrochet.ch\\\/wp-content\\\/uploads\\\/2026\\\/03\\\/Aplis-Sample-Front.jpg\",\"width\":1100,\"height\":1100},{\"@type\":\"BreadcrumbList\",\"@id\":\"https:\\\/\\\/www.swisscrochet.ch\\\/fr\\\/produit\\\/aplis-kit-de-fil\\\/#breadcrumb\",\"itemListElement\":[{\"@type\":\"ListItem\",\"position\":1,\"name\":\"Home\",\"item\":\"https:\\\/\\\/www.swisscrochet.ch\\\/fr\\\/\"},{\"@type\":\"ListItem\",\"position\":2,\"name\":\"Boutique\",\"item\":\"https:\\\/\\\/www.swisscrochet.ch\\\/fr\\\/boutique\\\/\"},{\"@type\":\"ListItem\",\"position\":3,\"name\":\"Aplis &#8211; Kit de fil\"}]},{\"@type\":\"WebSite\",\"@id\":\"https:\\\/\\\/www.swisscrochet.ch\\\/#website\",\"url\":\"https:\\\/\\\/www.swisscrochet.ch\\\/\",\"name\":\"Swiss Crochet\",\"description\":\"Lib\u00e9rez votre potentiel cr\u00e9atif\",\"potentialAction\":[{\"@type\":\"SearchAction\",\"target\":{\"@type\":\"EntryPoint\",\"urlTemplate\":\"https:\\\/\\\/www.swisscrochet.ch\\\/?s={search_term_string}\"},\"query-input\":{\"@type\":\"PropertyValueSpecification\",\"valueRequired\":true,\"valueName\":\"search_term_string\"}}],\"inLanguage\":\"fr-FR\"}]}<\/script>\n<!-- \/ Yoast SEO plugin. -->","yoast_head_json":{"title":"Aplis - Kit de fil &#171; Swiss Crochet","description":"Kit top au crochet Aplis avec fil Malabrigo Susurro. Design estival \u00e9l\u00e9gant avec encolure ronde et beau drap\u00e9. Tailles XS\u20135X, patron PDF inclus.","robots":{"index":"index","follow":"follow","max-snippet":"max-snippet:-1","max-image-preview":"max-image-preview:large","max-video-preview":"max-video-preview:-1"},"canonical":"https:\/\/www.swisscrochet.ch\/fr\/produit\/aplis-kit-de-fil\/","og_locale":"fr_FR","og_type":"article","og_title":"Aplis - Kit de fil &#171; Swiss Crochet","og_description":"Kit top au crochet Aplis avec fil Malabrigo Susurro. Design estival \u00e9l\u00e9gant avec encolure ronde et beau drap\u00e9. Tailles XS\u20135X, patron PDF inclus.","og_url":"https:\/\/www.swisscrochet.ch\/fr\/produit\/aplis-kit-de-fil\/","og_site_name":"Swiss Crochet","article_modified_time":"2026-03-18T19:28:51+00:00","og_image":[{"width":1100,"height":1100,"url":"https:\/\/www.swisscrochet.ch\/wp-content\/uploads\/2026\/03\/Aplis-Sample-Front.jpg","type":"image\/jpeg"}],"twitter_card":"summary_large_image","twitter_misc":{"Dur\u00e9e de lecture estim\u00e9e":"1 minute"},"schema":{"@context":"https:\/\/schema.org","@graph":[{"@type":["WebPage","ItemPage"],"@id":"https:\/\/www.swisscrochet.ch\/fr\/produit\/aplis-kit-de-fil\/","url":"https:\/\/www.swisscrochet.ch\/fr\/produit\/aplis-kit-de-fil\/","name":"Aplis - Kit de fil &#171; Swiss Crochet","isPartOf":{"@id":"https:\/\/www.swisscrochet.ch\/#website"},"primaryImageOfPage":{"@id":"https:\/\/www.swisscrochet.ch\/fr\/produit\/aplis-kit-de-fil\/#primaryimage"},"image":{"@id":"https:\/\/www.swisscrochet.ch\/fr\/produit\/aplis-kit-de-fil\/#primaryimage"},"thumbnailUrl":"https:\/\/www.swisscrochet.ch\/wp-content\/uploads\/2026\/03\/Aplis-Sample-Front.jpg","datePublished":"2026-03-18T19:01:46+00:00","dateModified":"2026-03-18T19:28:51+00:00","description":"Kit top au crochet Aplis avec fil Malabrigo Susurro. Design estival \u00e9l\u00e9gant avec encolure ronde et beau drap\u00e9. Tailles XS\u20135X, patron PDF inclus.","breadcrumb":{"@id":"https:\/\/www.swisscrochet.ch\/fr\/produit\/aplis-kit-de-fil\/#breadcrumb"},"inLanguage":"fr-FR","potentialAction":[{"@type":"ReadAction","target":["https:\/\/www.swisscrochet.ch\/fr\/produit\/aplis-kit-de-fil\/"]}]},{"@type":"ImageObject","inLanguage":"fr-FR","@id":"https:\/\/www.swisscrochet.ch\/fr\/produit\/aplis-kit-de-fil\/#primaryimage","url":"https:\/\/www.swisscrochet.ch\/wp-content\/uploads\/2026\/03\/Aplis-Sample-Front.jpg","contentUrl":"https:\/\/www.swisscrochet.ch\/wp-content\/uploads\/2026\/03\/Aplis-Sample-Front.jpg","width":1100,"height":1100},{"@type":"BreadcrumbList","@id":"https:\/\/www.swisscrochet.ch\/fr\/produit\/aplis-kit-de-fil\/#breadcrumb","itemListElement":[{"@type":"ListItem","position":1,"name":"Home","item":"https:\/\/www.swisscrochet.ch\/fr\/"},{"@type":"ListItem","position":2,"name":"Boutique","item":"https:\/\/www.swisscrochet.ch\/fr\/boutique\/"},{"@type":"ListItem","position":3,"name":"Aplis &#8211; Kit de fil"}]},{"@type":"WebSite","@id":"https:\/\/www.swisscrochet.ch\/#website","url":"https:\/\/www.swisscrochet.ch\/","name":"Swiss Crochet","description":"Lib\u00e9rez votre potentiel cr\u00e9atif","potentialAction":[{"@type":"SearchAction","target":{"@type":"EntryPoint","urlTemplate":"https:\/\/www.swisscrochet.ch\/?s={search_term_string}"},"query-input":{"@type":"PropertyValueSpecification","valueRequired":true,"valueName":"search_term_string"}}],"inLanguage":"fr-FR"}]}},"_links":{"self":[{"href":"https:\/\/www.swisscrochet.ch\/fr\/wp-json\/wp\/v2\/product\/28055","targetHints":{"allow":["GET"]}}],"collection":[{"href":"https:\/\/www.swisscrochet.ch\/fr\/wp-json\/wp\/v2\/product"}],"about":[{"href":"https:\/\/www.swisscrochet.ch\/fr\/wp-json\/wp\/v2\/types\/product"}],"wp:featuredmedia":[{"embeddable":true,"href":"https:\/\/www.swisscrochet.ch\/fr\/wp-json\/wp\/v2\/media\/28021"}],"wp:attachment":[{"href":"https:\/\/www.swisscrochet.ch\/fr\/wp-json\/wp\/v2\/media?parent=28055"}],"wp:term":[{"taxonomy":"product_brand","embeddable":true,"href":"https:\/\/www.swisscrochet.ch\/fr\/wp-json\/wp\/v2\/product_brand?post=28055"},{"taxonomy":"product_cat","embeddable":true,"href":"https:\/\/www.swisscrochet.ch\/fr\/wp-json\/wp\/v2\/product_cat?post=28055"},{"taxonomy":"product_tag","embeddable":true,"href":"https:\/\/www.swisscrochet.ch\/fr\/wp-json\/wp\/v2\/product_tag?post=28055"}],"curies":[{"name":"wp","href":"https:\/\/api.w.org\/{rel}","templated":true}]}}