{"id":2809,"date":"2025-01-11T18:56:01","date_gmt":"2025-01-11T17:56:01","guid":{"rendered":"https:\/\/www.swisscrochet.ch\/product\/scheepjes-catona-25gr\/"},"modified":"2026-04-16T19:38:09","modified_gmt":"2026-04-16T17:38:09","slug":"scheepjes-catona-25gr","status":"publish","type":"product","link":"https:\/\/www.swisscrochet.ch\/fr\/produit\/scheepjes-catona-25gr\/","title":{"rendered":"Scheepjes &#8211; Catona &#8211; 25gr"},"content":{"rendered":"","protected":false},"excerpt":{"rendered":"<p>Scheepjes Catona est un fil de poids fingering \u00e0 4 brins, fabriqu\u00e9 en 100 % coton merceris\u00e9, appr\u00e9ci\u00e9 pour sa respirabilit\u00e9 naturelle, sa brillance d\u00e9licate et sa texture lisse et souple. Parfait pour une grande vari\u00e9t\u00e9 de projets, des v\u00eatements et accessoires aux amigurumi, jouets et d\u00e9corations d\u2019int\u00e9rieur, Catona est un choix indispensable pour tous les amateurs de crochet.<\/p>\n<p>Certifi\u00e9 EN71-3, ce fil est sans danger pour les peaux sensibles, ce qui le rend id\u00e9al pour confectionner des articles pour b\u00e9b\u00e9s et enfants. De plus, Catona est produit en utilisant des eaux us\u00e9es recycl\u00e9es, offrant une option respectueuse de l\u2019environnement pour des cr\u00e9ations durables.<\/p>\n<p>L\u2019\u00e9chantillon illustr\u00e9 a \u00e9t\u00e9 lav\u00e9 en machine (programme normal \u00e0 40 \u00b0C) et repass\u00e9 \u00e0 la vapeur.<\/p>\n<p>Disponible dans une palette impressionnante de 146 couleurs, Scheepjes Catona invite \u00e0 une cr\u00e9ativit\u00e9 infinie et \u00e0 des combinaisons de couleurs vari\u00e9es pour tous vos projets de crochet. Choisissez Scheepjes Catona pour une qualit\u00e9, une polyvalence et des couleurs vibrantes \u00e0 chaque point !<\/p>\n","protected":false},"featured_media":4101,"template":"","meta":[],"product_brand":[],"product_cat":[1880,1885,227,1887,1882,1893],"product_tag":[],"class_list":{"0":"post-2809","1":"product","2":"type-product","3":"status-publish","4":"has-post-thumbnail","6":"product_cat-fils-amigurumi","7":"product_cat-fils-couvertures","8":"product_cat-fils","9":"product_cat-fils-fils-basiques","10":"product_cat-fils-sacs-et-decoration-interieure","11":"product_cat-fils-vetements","12":"pa_y1-brand-scheepjes-fr","13":"pa_y17-yarn-weight-fingering-fr","14":"description-off","16":"first","17":"instock","18":"taxable","19":"shipping-taxable","20":"purchasable","21":"product-type-variable","22":"wvs-archive-product-wrapper"},"bundled_by":["17693","17693","17693","17693","17693","17693","17693","17693","17693","17699","17699","17699","17699","17699","17699","17699","17706","17706","17706","17706","17706","29140","29140","29140","29140","29140","29140","29149","29149","29149","29168","29168","29168","29168","29168","29168"],"bundle_stock_status":"instock","bundle_stock_quantity":null,"bundle_virtual":false,"bundle_layout":"","bundle_add_to_cart_form_location":"","bundle_editable_in_cart":false,"bundle_sold_individually_context":"","bundle_item_grouping":"","bundle_min_size":"","bundle_max_size":"","bundle_price":[],"bundled_items":[],"bundle_sell_ids":[],"yoast_head":"<!-- This site is optimized with the Yoast SEO plugin v27.5 - https:\/\/yoast.com\/product\/yoast-seo-wordpress\/ -->\n<title>Scheepjes - Catona - 25gr &#171; Swiss Crochet<\/title>\n<meta name=\"description\" content=\"Scheepjes Catona est un fil de coton merceris\u00e9 4 brins avec une brillance d\u00e9licate. Parfait pour les amigurumis, les v\u00eatements et bien plus encore, disponible en 109 couleurs \u00e9clatantes !\" \/>\n<meta name=\"robots\" content=\"index, follow, max-snippet:-1, max-image-preview:large, max-video-preview:-1\" \/>\n<link rel=\"canonical\" href=\"https:\/\/www.swisscrochet.ch\/fr\/produit\/scheepjes-catona-25gr\/\" \/>\n<meta property=\"og:locale\" content=\"fr_FR\" \/>\n<meta property=\"og:type\" content=\"article\" \/>\n<meta property=\"og:title\" content=\"Scheepjes - Catona - 25gr &#171; Swiss Crochet\" \/>\n<meta property=\"og:description\" content=\"Scheepjes Catona est un fil de coton merceris\u00e9 4 brins avec une brillance d\u00e9licate. Parfait pour les amigurumis, les v\u00eatements et bien plus encore, disponible en 109 couleurs \u00e9clatantes !\" \/>\n<meta property=\"og:url\" content=\"https:\/\/www.swisscrochet.ch\/fr\/produit\/scheepjes-catona-25gr\/\" \/>\n<meta property=\"og:site_name\" content=\"Swiss Crochet\" \/>\n<meta property=\"article:modified_time\" content=\"2026-04-16T17:38:09+00:00\" \/>\n<meta property=\"og:image\" content=\"https:\/\/www.swisscrochet.ch\/wp-content\/uploads\/2025\/01\/Scheepjes-Catona-25gr-Overview.jpg\" \/>\n\t<meta property=\"og:image:width\" content=\"1000\" \/>\n\t<meta property=\"og:image:height\" content=\"1000\" \/>\n\t<meta property=\"og:image:type\" content=\"image\/jpeg\" \/>\n<meta name=\"twitter:card\" content=\"summary_large_image\" \/>\n<meta name=\"twitter:label1\" content=\"Dur\u00e9e de lecture estim\u00e9e\" \/>\n\t<meta name=\"twitter:data1\" content=\"1 minute\" \/>\n<script type=\"application\/ld+json\" class=\"yoast-schema-graph\">{\"@context\":\"https:\\\/\\\/schema.org\",\"@graph\":[{\"@type\":[\"WebPage\",\"ItemPage\"],\"@id\":\"https:\\\/\\\/www.swisscrochet.ch\\\/fr\\\/produit\\\/scheepjes-catona-25gr\\\/\",\"url\":\"https:\\\/\\\/www.swisscrochet.ch\\\/fr\\\/produit\\\/scheepjes-catona-25gr\\\/\",\"name\":\"Scheepjes - Catona - 25gr &#171; Swiss Crochet\",\"isPartOf\":{\"@id\":\"https:\\\/\\\/www.swisscrochet.ch\\\/#website\"},\"primaryImageOfPage\":{\"@id\":\"https:\\\/\\\/www.swisscrochet.ch\\\/fr\\\/produit\\\/scheepjes-catona-25gr\\\/#primaryimage\"},\"image\":{\"@id\":\"https:\\\/\\\/www.swisscrochet.ch\\\/fr\\\/produit\\\/scheepjes-catona-25gr\\\/#primaryimage\"},\"thumbnailUrl\":\"https:\\\/\\\/www.swisscrochet.ch\\\/wp-content\\\/uploads\\\/2025\\\/01\\\/Scheepjes-Catona-25gr-Overview.jpg\",\"datePublished\":\"2025-01-11T17:56:01+00:00\",\"dateModified\":\"2026-04-16T17:38:09+00:00\",\"description\":\"Scheepjes Catona est un fil de coton merceris\u00e9 4 brins avec une brillance d\u00e9licate. Parfait pour les amigurumis, les v\u00eatements et bien plus encore, disponible en 109 couleurs \u00e9clatantes !\",\"breadcrumb\":{\"@id\":\"https:\\\/\\\/www.swisscrochet.ch\\\/fr\\\/produit\\\/scheepjes-catona-25gr\\\/#breadcrumb\"},\"inLanguage\":\"fr-FR\",\"potentialAction\":[{\"@type\":\"ReadAction\",\"target\":[\"https:\\\/\\\/www.swisscrochet.ch\\\/fr\\\/produit\\\/scheepjes-catona-25gr\\\/\"]}]},{\"@type\":\"ImageObject\",\"inLanguage\":\"fr-FR\",\"@id\":\"https:\\\/\\\/www.swisscrochet.ch\\\/fr\\\/produit\\\/scheepjes-catona-25gr\\\/#primaryimage\",\"url\":\"https:\\\/\\\/www.swisscrochet.ch\\\/wp-content\\\/uploads\\\/2025\\\/01\\\/Scheepjes-Catona-25gr-Overview.jpg\",\"contentUrl\":\"https:\\\/\\\/www.swisscrochet.ch\\\/wp-content\\\/uploads\\\/2025\\\/01\\\/Scheepjes-Catona-25gr-Overview.jpg\",\"width\":1000,\"height\":1000},{\"@type\":\"BreadcrumbList\",\"@id\":\"https:\\\/\\\/www.swisscrochet.ch\\\/fr\\\/produit\\\/scheepjes-catona-25gr\\\/#breadcrumb\",\"itemListElement\":[{\"@type\":\"ListItem\",\"position\":1,\"name\":\"Home\",\"item\":\"https:\\\/\\\/www.swisscrochet.ch\\\/fr\\\/\"},{\"@type\":\"ListItem\",\"position\":2,\"name\":\"Boutique\",\"item\":\"https:\\\/\\\/www.swisscrochet.ch\\\/fr\\\/boutique\\\/\"},{\"@type\":\"ListItem\",\"position\":3,\"name\":\"Scheepjes &#8211; Catona &#8211; 25gr\"}]},{\"@type\":\"WebSite\",\"@id\":\"https:\\\/\\\/www.swisscrochet.ch\\\/#website\",\"url\":\"https:\\\/\\\/www.swisscrochet.ch\\\/\",\"name\":\"Swiss Crochet\",\"description\":\"Lib\u00e9rez votre potentiel cr\u00e9atif\",\"potentialAction\":[{\"@type\":\"SearchAction\",\"target\":{\"@type\":\"EntryPoint\",\"urlTemplate\":\"https:\\\/\\\/www.swisscrochet.ch\\\/?s={search_term_string}\"},\"query-input\":{\"@type\":\"PropertyValueSpecification\",\"valueRequired\":true,\"valueName\":\"search_term_string\"}}],\"inLanguage\":\"fr-FR\"}]}<\/script>\n<!-- \/ Yoast SEO plugin. -->","yoast_head_json":{"title":"Scheepjes - Catona - 25gr &#171; Swiss Crochet","description":"Scheepjes Catona est un fil de coton merceris\u00e9 4 brins avec une brillance d\u00e9licate. Parfait pour les amigurumis, les v\u00eatements et bien plus encore, disponible en 109 couleurs \u00e9clatantes !","robots":{"index":"index","follow":"follow","max-snippet":"max-snippet:-1","max-image-preview":"max-image-preview:large","max-video-preview":"max-video-preview:-1"},"canonical":"https:\/\/www.swisscrochet.ch\/fr\/produit\/scheepjes-catona-25gr\/","og_locale":"fr_FR","og_type":"article","og_title":"Scheepjes - Catona - 25gr &#171; Swiss Crochet","og_description":"Scheepjes Catona est un fil de coton merceris\u00e9 4 brins avec une brillance d\u00e9licate. Parfait pour les amigurumis, les v\u00eatements et bien plus encore, disponible en 109 couleurs \u00e9clatantes !","og_url":"https:\/\/www.swisscrochet.ch\/fr\/produit\/scheepjes-catona-25gr\/","og_site_name":"Swiss Crochet","article_modified_time":"2026-04-16T17:38:09+00:00","og_image":[{"width":1000,"height":1000,"url":"https:\/\/www.swisscrochet.ch\/wp-content\/uploads\/2025\/01\/Scheepjes-Catona-25gr-Overview.jpg","type":"image\/jpeg"}],"twitter_card":"summary_large_image","twitter_misc":{"Dur\u00e9e de lecture estim\u00e9e":"1 minute"},"schema":{"@context":"https:\/\/schema.org","@graph":[{"@type":["WebPage","ItemPage"],"@id":"https:\/\/www.swisscrochet.ch\/fr\/produit\/scheepjes-catona-25gr\/","url":"https:\/\/www.swisscrochet.ch\/fr\/produit\/scheepjes-catona-25gr\/","name":"Scheepjes - Catona - 25gr &#171; Swiss Crochet","isPartOf":{"@id":"https:\/\/www.swisscrochet.ch\/#website"},"primaryImageOfPage":{"@id":"https:\/\/www.swisscrochet.ch\/fr\/produit\/scheepjes-catona-25gr\/#primaryimage"},"image":{"@id":"https:\/\/www.swisscrochet.ch\/fr\/produit\/scheepjes-catona-25gr\/#primaryimage"},"thumbnailUrl":"https:\/\/www.swisscrochet.ch\/wp-content\/uploads\/2025\/01\/Scheepjes-Catona-25gr-Overview.jpg","datePublished":"2025-01-11T17:56:01+00:00","dateModified":"2026-04-16T17:38:09+00:00","description":"Scheepjes Catona est un fil de coton merceris\u00e9 4 brins avec une brillance d\u00e9licate. Parfait pour les amigurumis, les v\u00eatements et bien plus encore, disponible en 109 couleurs \u00e9clatantes !","breadcrumb":{"@id":"https:\/\/www.swisscrochet.ch\/fr\/produit\/scheepjes-catona-25gr\/#breadcrumb"},"inLanguage":"fr-FR","potentialAction":[{"@type":"ReadAction","target":["https:\/\/www.swisscrochet.ch\/fr\/produit\/scheepjes-catona-25gr\/"]}]},{"@type":"ImageObject","inLanguage":"fr-FR","@id":"https:\/\/www.swisscrochet.ch\/fr\/produit\/scheepjes-catona-25gr\/#primaryimage","url":"https:\/\/www.swisscrochet.ch\/wp-content\/uploads\/2025\/01\/Scheepjes-Catona-25gr-Overview.jpg","contentUrl":"https:\/\/www.swisscrochet.ch\/wp-content\/uploads\/2025\/01\/Scheepjes-Catona-25gr-Overview.jpg","width":1000,"height":1000},{"@type":"BreadcrumbList","@id":"https:\/\/www.swisscrochet.ch\/fr\/produit\/scheepjes-catona-25gr\/#breadcrumb","itemListElement":[{"@type":"ListItem","position":1,"name":"Home","item":"https:\/\/www.swisscrochet.ch\/fr\/"},{"@type":"ListItem","position":2,"name":"Boutique","item":"https:\/\/www.swisscrochet.ch\/fr\/boutique\/"},{"@type":"ListItem","position":3,"name":"Scheepjes &#8211; Catona &#8211; 25gr"}]},{"@type":"WebSite","@id":"https:\/\/www.swisscrochet.ch\/#website","url":"https:\/\/www.swisscrochet.ch\/","name":"Swiss Crochet","description":"Lib\u00e9rez votre potentiel cr\u00e9atif","potentialAction":[{"@type":"SearchAction","target":{"@type":"EntryPoint","urlTemplate":"https:\/\/www.swisscrochet.ch\/?s={search_term_string}"},"query-input":{"@type":"PropertyValueSpecification","valueRequired":true,"valueName":"search_term_string"}}],"inLanguage":"fr-FR"}]}},"_links":{"self":[{"href":"https:\/\/www.swisscrochet.ch\/fr\/wp-json\/wp\/v2\/product\/2809","targetHints":{"allow":["GET"]}}],"collection":[{"href":"https:\/\/www.swisscrochet.ch\/fr\/wp-json\/wp\/v2\/product"}],"about":[{"href":"https:\/\/www.swisscrochet.ch\/fr\/wp-json\/wp\/v2\/types\/product"}],"wp:featuredmedia":[{"embeddable":true,"href":"https:\/\/www.swisscrochet.ch\/fr\/wp-json\/wp\/v2\/media\/4101"}],"wp:attachment":[{"href":"https:\/\/www.swisscrochet.ch\/fr\/wp-json\/wp\/v2\/media?parent=2809"}],"wp:term":[{"taxonomy":"product_brand","embeddable":true,"href":"https:\/\/www.swisscrochet.ch\/fr\/wp-json\/wp\/v2\/product_brand?post=2809"},{"taxonomy":"product_cat","embeddable":true,"href":"https:\/\/www.swisscrochet.ch\/fr\/wp-json\/wp\/v2\/product_cat?post=2809"},{"taxonomy":"product_tag","embeddable":true,"href":"https:\/\/www.swisscrochet.ch\/fr\/wp-json\/wp\/v2\/product_tag?post=2809"}],"curies":[{"name":"wp","href":"https:\/\/api.w.org\/{rel}","templated":true}]}}