{"id":28191,"date":"2026-03-25T19:12:05","date_gmt":"2026-03-25T18:12:05","guid":{"rendered":"https:\/\/www.swisscrochet.ch\/product\/sarah-hearts-stitch-markers\/"},"modified":"2026-03-25T19:18:28","modified_gmt":"2026-03-25T18:18:28","slug":"sarah-hearts-marqueurs-de-mailles","status":"publish","type":"product","link":"https:\/\/www.swisscrochet.ch\/fr\/produit\/sarah-hearts-marqueurs-de-mailles\/","title":{"rendered":"Sarah Hearts \u2013 Marqueurs de mailles"},"content":{"rendered":"","protected":false},"excerpt":{"rendered":"<p>Ajoutez une touche ludique \u00e0 vos projets avec ces charmants marqueurs de mailles de Sarah Hearts. Chaque marqueur pr\u00e9sente un motif en \u00e9mail amusant et un fermoir mousqueton s\u00e9curis\u00e9, permettant de l\u2019attacher facilement directement \u00e0 votre ouvrage au crochet.<\/p>\n<p>Con\u00e7us pour allier fonctionnalit\u00e9 et plaisir, ces marqueurs de mailles vous aident \u00e0 suivre vos points tout en apportant une touche de personnalit\u00e9 \u00e0 votre projet.<\/p>\n<p>Parfaits pour :<br \/>\n\u2714 Marquer le d\u00e9but et la fin des tours ou des rangs<br \/>\n\u2714 Suivre les augmentations et diminutions en les pla\u00e7ant directement sur les mailles<br \/>\n\u2714 Maintien s\u00e9curis\u00e9 \u2014 reste en place pendant le travail tout en \u00e9tant facile \u00e0 attacher et \u00e0 retirer  <\/p>\n<p>Fabriqu\u00e9s en \u00e9mail et m\u00e9tal, ces marqueurs de mailles sont durables et constituent un ajout pratique \u00e0 toute trousse de crochet.<\/p>\n<p>Un petit accessoire charmant pour garder vos projets organis\u00e9s et agr\u00e9ables \u00e0 r\u00e9aliser.<\/p>\n","protected":false},"featured_media":26693,"template":"","meta":[],"product_brand":[],"product_cat":[221,566],"product_tag":[],"class_list":{"0":"post-28191","1":"product","2":"type-product","3":"status-publish","4":"has-post-thumbnail","6":"product_cat-crochets-et-outils","7":"product_cat-marqueurs-de-maille","8":"product_shipping_class-petits-envois","9":"pa_t1-manufacturer-sarah-hearts","10":"description-off","12":"first","13":"instock","14":"taxable","15":"shipping-taxable","16":"purchasable","17":"product-type-variable","18":"wvs-archive-product-wrapper"},"bundled_by":[],"bundle_stock_status":"instock","bundle_stock_quantity":null,"bundle_virtual":false,"bundle_layout":"","bundle_add_to_cart_form_location":"","bundle_editable_in_cart":false,"bundle_sold_individually_context":"","bundle_item_grouping":"","bundle_min_size":"","bundle_max_size":"","bundle_price":[],"bundled_items":[],"bundle_sell_ids":[],"yoast_head":"<!-- This site is optimized with the Yoast SEO plugin v27.3 - https:\/\/yoast.com\/product\/yoast-seo-wordpress\/ -->\n<title>Sarah Hearts \u2013 Marqueurs de mailles &#171; Swiss Crochet<\/title>\n<meta name=\"description\" content=\"Marqueurs de mailles Sarah Hearts avec motifs en \u00e9mail et fermoir mousqueton. Marqueurs fiables pour suivre les mailles, les tours et les augmentations. Durables et ludiques.\" \/>\n<meta name=\"robots\" content=\"index, follow, max-snippet:-1, max-image-preview:large, max-video-preview:-1\" \/>\n<link rel=\"canonical\" href=\"https:\/\/www.swisscrochet.ch\/fr\/produit\/sarah-hearts-marqueurs-de-mailles\/\" \/>\n<meta property=\"og:locale\" content=\"fr_FR\" \/>\n<meta property=\"og:type\" content=\"article\" \/>\n<meta property=\"og:title\" content=\"Sarah Hearts \u2013 Marqueurs de mailles &#171; Swiss Crochet\" \/>\n<meta property=\"og:description\" content=\"Marqueurs de mailles Sarah Hearts avec motifs en \u00e9mail et fermoir mousqueton. Marqueurs fiables pour suivre les mailles, les tours et les augmentations. Durables et ludiques.\" \/>\n<meta property=\"og:url\" content=\"https:\/\/www.swisscrochet.ch\/fr\/produit\/sarah-hearts-marqueurs-de-mailles\/\" \/>\n<meta property=\"og:site_name\" content=\"Swiss Crochet\" \/>\n<meta property=\"article:modified_time\" content=\"2026-03-25T18:18:28+00:00\" \/>\n<meta property=\"og:image\" content=\"https:\/\/www.swisscrochet.ch\/wp-content\/uploads\/2026\/03\/Sarah-Hearts-Stitch-Markers-Overview.jpg\" \/>\n\t<meta property=\"og:image:width\" content=\"1000\" \/>\n\t<meta property=\"og:image:height\" content=\"1000\" \/>\n\t<meta property=\"og:image:type\" content=\"image\/jpeg\" \/>\n<meta name=\"twitter:card\" content=\"summary_large_image\" \/>\n<meta name=\"twitter:label1\" content=\"Dur\u00e9e de lecture estim\u00e9e\" \/>\n\t<meta name=\"twitter:data1\" content=\"1 minute\" \/>\n<script type=\"application\/ld+json\" class=\"yoast-schema-graph\">{\"@context\":\"https:\\\/\\\/schema.org\",\"@graph\":[{\"@type\":[\"WebPage\",\"ItemPage\"],\"@id\":\"https:\\\/\\\/www.swisscrochet.ch\\\/fr\\\/produit\\\/sarah-hearts-marqueurs-de-mailles\\\/\",\"url\":\"https:\\\/\\\/www.swisscrochet.ch\\\/fr\\\/produit\\\/sarah-hearts-marqueurs-de-mailles\\\/\",\"name\":\"Sarah Hearts \u2013 Marqueurs de mailles &#171; Swiss Crochet\",\"isPartOf\":{\"@id\":\"https:\\\/\\\/www.swisscrochet.ch\\\/#website\"},\"primaryImageOfPage\":{\"@id\":\"https:\\\/\\\/www.swisscrochet.ch\\\/fr\\\/produit\\\/sarah-hearts-marqueurs-de-mailles\\\/#primaryimage\"},\"image\":{\"@id\":\"https:\\\/\\\/www.swisscrochet.ch\\\/fr\\\/produit\\\/sarah-hearts-marqueurs-de-mailles\\\/#primaryimage\"},\"thumbnailUrl\":\"https:\\\/\\\/www.swisscrochet.ch\\\/wp-content\\\/uploads\\\/2026\\\/03\\\/Sarah-Hearts-Stitch-Markers-Overview.jpg\",\"datePublished\":\"2026-03-25T18:12:05+00:00\",\"dateModified\":\"2026-03-25T18:18:28+00:00\",\"description\":\"Marqueurs de mailles Sarah Hearts avec motifs en \u00e9mail et fermoir mousqueton. Marqueurs fiables pour suivre les mailles, les tours et les augmentations. Durables et ludiques.\",\"breadcrumb\":{\"@id\":\"https:\\\/\\\/www.swisscrochet.ch\\\/fr\\\/produit\\\/sarah-hearts-marqueurs-de-mailles\\\/#breadcrumb\"},\"inLanguage\":\"fr-FR\",\"potentialAction\":[{\"@type\":\"ReadAction\",\"target\":[\"https:\\\/\\\/www.swisscrochet.ch\\\/fr\\\/produit\\\/sarah-hearts-marqueurs-de-mailles\\\/\"]}]},{\"@type\":\"ImageObject\",\"inLanguage\":\"fr-FR\",\"@id\":\"https:\\\/\\\/www.swisscrochet.ch\\\/fr\\\/produit\\\/sarah-hearts-marqueurs-de-mailles\\\/#primaryimage\",\"url\":\"https:\\\/\\\/www.swisscrochet.ch\\\/wp-content\\\/uploads\\\/2026\\\/03\\\/Sarah-Hearts-Stitch-Markers-Overview.jpg\",\"contentUrl\":\"https:\\\/\\\/www.swisscrochet.ch\\\/wp-content\\\/uploads\\\/2026\\\/03\\\/Sarah-Hearts-Stitch-Markers-Overview.jpg\",\"width\":1000,\"height\":1000},{\"@type\":\"BreadcrumbList\",\"@id\":\"https:\\\/\\\/www.swisscrochet.ch\\\/fr\\\/produit\\\/sarah-hearts-marqueurs-de-mailles\\\/#breadcrumb\",\"itemListElement\":[{\"@type\":\"ListItem\",\"position\":1,\"name\":\"Home\",\"item\":\"https:\\\/\\\/www.swisscrochet.ch\\\/fr\\\/\"},{\"@type\":\"ListItem\",\"position\":2,\"name\":\"Boutique\",\"item\":\"https:\\\/\\\/www.swisscrochet.ch\\\/fr\\\/boutique\\\/\"},{\"@type\":\"ListItem\",\"position\":3,\"name\":\"Sarah Hearts \u2013 Marqueurs de mailles\"}]},{\"@type\":\"WebSite\",\"@id\":\"https:\\\/\\\/www.swisscrochet.ch\\\/#website\",\"url\":\"https:\\\/\\\/www.swisscrochet.ch\\\/\",\"name\":\"Swiss Crochet\",\"description\":\"Lib\u00e9rez votre potentiel cr\u00e9atif\",\"potentialAction\":[{\"@type\":\"SearchAction\",\"target\":{\"@type\":\"EntryPoint\",\"urlTemplate\":\"https:\\\/\\\/www.swisscrochet.ch\\\/?s={search_term_string}\"},\"query-input\":{\"@type\":\"PropertyValueSpecification\",\"valueRequired\":true,\"valueName\":\"search_term_string\"}}],\"inLanguage\":\"fr-FR\"}]}<\/script>\n<!-- \/ Yoast SEO plugin. -->","yoast_head_json":{"title":"Sarah Hearts \u2013 Marqueurs de mailles &#171; Swiss Crochet","description":"Marqueurs de mailles Sarah Hearts avec motifs en \u00e9mail et fermoir mousqueton. Marqueurs fiables pour suivre les mailles, les tours et les augmentations. Durables et ludiques.","robots":{"index":"index","follow":"follow","max-snippet":"max-snippet:-1","max-image-preview":"max-image-preview:large","max-video-preview":"max-video-preview:-1"},"canonical":"https:\/\/www.swisscrochet.ch\/fr\/produit\/sarah-hearts-marqueurs-de-mailles\/","og_locale":"fr_FR","og_type":"article","og_title":"Sarah Hearts \u2013 Marqueurs de mailles &#171; Swiss Crochet","og_description":"Marqueurs de mailles Sarah Hearts avec motifs en \u00e9mail et fermoir mousqueton. Marqueurs fiables pour suivre les mailles, les tours et les augmentations. Durables et ludiques.","og_url":"https:\/\/www.swisscrochet.ch\/fr\/produit\/sarah-hearts-marqueurs-de-mailles\/","og_site_name":"Swiss Crochet","article_modified_time":"2026-03-25T18:18:28+00:00","og_image":[{"width":1000,"height":1000,"url":"https:\/\/www.swisscrochet.ch\/wp-content\/uploads\/2026\/03\/Sarah-Hearts-Stitch-Markers-Overview.jpg","type":"image\/jpeg"}],"twitter_card":"summary_large_image","twitter_misc":{"Dur\u00e9e de lecture estim\u00e9e":"1 minute"},"schema":{"@context":"https:\/\/schema.org","@graph":[{"@type":["WebPage","ItemPage"],"@id":"https:\/\/www.swisscrochet.ch\/fr\/produit\/sarah-hearts-marqueurs-de-mailles\/","url":"https:\/\/www.swisscrochet.ch\/fr\/produit\/sarah-hearts-marqueurs-de-mailles\/","name":"Sarah Hearts \u2013 Marqueurs de mailles &#171; Swiss Crochet","isPartOf":{"@id":"https:\/\/www.swisscrochet.ch\/#website"},"primaryImageOfPage":{"@id":"https:\/\/www.swisscrochet.ch\/fr\/produit\/sarah-hearts-marqueurs-de-mailles\/#primaryimage"},"image":{"@id":"https:\/\/www.swisscrochet.ch\/fr\/produit\/sarah-hearts-marqueurs-de-mailles\/#primaryimage"},"thumbnailUrl":"https:\/\/www.swisscrochet.ch\/wp-content\/uploads\/2026\/03\/Sarah-Hearts-Stitch-Markers-Overview.jpg","datePublished":"2026-03-25T18:12:05+00:00","dateModified":"2026-03-25T18:18:28+00:00","description":"Marqueurs de mailles Sarah Hearts avec motifs en \u00e9mail et fermoir mousqueton. Marqueurs fiables pour suivre les mailles, les tours et les augmentations. Durables et ludiques.","breadcrumb":{"@id":"https:\/\/www.swisscrochet.ch\/fr\/produit\/sarah-hearts-marqueurs-de-mailles\/#breadcrumb"},"inLanguage":"fr-FR","potentialAction":[{"@type":"ReadAction","target":["https:\/\/www.swisscrochet.ch\/fr\/produit\/sarah-hearts-marqueurs-de-mailles\/"]}]},{"@type":"ImageObject","inLanguage":"fr-FR","@id":"https:\/\/www.swisscrochet.ch\/fr\/produit\/sarah-hearts-marqueurs-de-mailles\/#primaryimage","url":"https:\/\/www.swisscrochet.ch\/wp-content\/uploads\/2026\/03\/Sarah-Hearts-Stitch-Markers-Overview.jpg","contentUrl":"https:\/\/www.swisscrochet.ch\/wp-content\/uploads\/2026\/03\/Sarah-Hearts-Stitch-Markers-Overview.jpg","width":1000,"height":1000},{"@type":"BreadcrumbList","@id":"https:\/\/www.swisscrochet.ch\/fr\/produit\/sarah-hearts-marqueurs-de-mailles\/#breadcrumb","itemListElement":[{"@type":"ListItem","position":1,"name":"Home","item":"https:\/\/www.swisscrochet.ch\/fr\/"},{"@type":"ListItem","position":2,"name":"Boutique","item":"https:\/\/www.swisscrochet.ch\/fr\/boutique\/"},{"@type":"ListItem","position":3,"name":"Sarah Hearts \u2013 Marqueurs de mailles"}]},{"@type":"WebSite","@id":"https:\/\/www.swisscrochet.ch\/#website","url":"https:\/\/www.swisscrochet.ch\/","name":"Swiss Crochet","description":"Lib\u00e9rez votre potentiel cr\u00e9atif","potentialAction":[{"@type":"SearchAction","target":{"@type":"EntryPoint","urlTemplate":"https:\/\/www.swisscrochet.ch\/?s={search_term_string}"},"query-input":{"@type":"PropertyValueSpecification","valueRequired":true,"valueName":"search_term_string"}}],"inLanguage":"fr-FR"}]}},"_links":{"self":[{"href":"https:\/\/www.swisscrochet.ch\/fr\/wp-json\/wp\/v2\/product\/28191","targetHints":{"allow":["GET"]}}],"collection":[{"href":"https:\/\/www.swisscrochet.ch\/fr\/wp-json\/wp\/v2\/product"}],"about":[{"href":"https:\/\/www.swisscrochet.ch\/fr\/wp-json\/wp\/v2\/types\/product"}],"wp:featuredmedia":[{"embeddable":true,"href":"https:\/\/www.swisscrochet.ch\/fr\/wp-json\/wp\/v2\/media\/26693"}],"wp:attachment":[{"href":"https:\/\/www.swisscrochet.ch\/fr\/wp-json\/wp\/v2\/media?parent=28191"}],"wp:term":[{"taxonomy":"product_brand","embeddable":true,"href":"https:\/\/www.swisscrochet.ch\/fr\/wp-json\/wp\/v2\/product_brand?post=28191"},{"taxonomy":"product_cat","embeddable":true,"href":"https:\/\/www.swisscrochet.ch\/fr\/wp-json\/wp\/v2\/product_cat?post=28191"},{"taxonomy":"product_tag","embeddable":true,"href":"https:\/\/www.swisscrochet.ch\/fr\/wp-json\/wp\/v2\/product_tag?post=28191"}],"curies":[{"name":"wp","href":"https:\/\/api.w.org\/{rel}","templated":true}]}}