{"id":28215,"date":"2026-03-25T19:35:59","date_gmt":"2026-03-25T18:35:59","guid":{"rendered":"https:\/\/www.swisscrochet.ch\/product\/sarah-hearts-woven-labels\/"},"modified":"2026-03-25T19:41:54","modified_gmt":"2026-03-25T18:41:54","slug":"sarah-hearts-etiquettes-tissees","status":"publish","type":"product","link":"https:\/\/www.swisscrochet.ch\/fr\/produit\/sarah-hearts-etiquettes-tissees\/","title":{"rendered":"Sarah Hearts \u2013 \u00c9tiquettes tiss\u00e9es"},"content":{"rendered":"","protected":false},"excerpt":{"rendered":"<p>Ajoutez une touche finale soign\u00e9e \u00e0 vos cr\u00e9ations faites main avec ces \u00e9tiquettes tiss\u00e9es de Sarah Hearts. Con\u00e7ues pour \u00eatre cousues sur vos projets au crochet, elles apportent personnalit\u00e9 et une finition professionnelle aux v\u00eatements, accessoires et cadeaux.<\/p>\n<p>Disponibles dans une vari\u00e9t\u00e9 de formats et de designs ludiques, ces \u00e9tiquettes permettent de personnaliser facilement vos cr\u00e9ations. Elles sont exceptionnellement douces au toucher et ne grattent pas, garantissant un confort optimal m\u00eame sur les v\u00eatements port\u00e9s directement sur la peau.<\/p>\n<p>Con\u00e7ues pour un usage quotidien, elles sont enti\u00e8rement lavables et r\u00e9sistent \u00e0 la chaleur du s\u00e8che-linge sans perdre leur forme ni leur qualit\u00e9.<\/p>\n<p>D\u00e9tails<br \/>\n\u2013 Vendues en lot de 8 \u00e9tiquettes<br \/>\n\u2013 Tissu tiss\u00e9 doux, confortable sur la peau<br \/>\n\u2013 Lavables en machine et compatibles s\u00e8che-linge<br \/>\n\u2013 Certifi\u00e9es OEKO-TEX\u00ae Standard 100<br \/>\n\u2013 Fabriqu\u00e9es de mani\u00e8re \u00e9thique en Chine  <\/p>\n<p>Un petit d\u00e9tail qui apporte caract\u00e8re, soin et une signature unique \u00e0 vos cr\u00e9ations.<\/p>\n","protected":false},"featured_media":26698,"template":"","meta":[],"product_brand":[],"product_cat":[221,2040],"product_tag":[],"class_list":{"0":"post-28215","1":"product","2":"type-product","3":"status-publish","4":"has-post-thumbnail","6":"product_cat-crochets-et-outils","7":"product_cat-goodies-crochet","8":"product_shipping_class-petits-envois","9":"pa_t1-manufacturer-sarah-hearts","10":"description-off","12":"first","13":"instock","14":"taxable","15":"shipping-taxable","16":"purchasable","17":"product-type-variable","18":"wvs-archive-product-wrapper"},"bundled_by":[],"bundle_stock_status":"instock","bundle_stock_quantity":null,"bundle_virtual":false,"bundle_layout":"","bundle_add_to_cart_form_location":"","bundle_editable_in_cart":false,"bundle_sold_individually_context":"","bundle_item_grouping":"","bundle_min_size":"","bundle_max_size":"","bundle_price":[],"bundled_items":[],"bundle_sell_ids":[],"yoast_head":"<!-- This site is optimized with the Yoast SEO plugin v27.3 - https:\/\/yoast.com\/product\/yoast-seo-wordpress\/ -->\n<title>Sarah Hearts \u2013 \u00c9tiquettes tiss\u00e9es &#171; Swiss Crochet<\/title>\n<meta name=\"description\" content=\"\u00c9tiquettes tiss\u00e9es Sarah Hearts pour projets au crochet. \u00c9tiquettes douces, lavables et certifi\u00e9es OEKO-TEX aux designs ludiques. Lot de 8.\" \/>\n<meta name=\"robots\" content=\"index, follow, max-snippet:-1, max-image-preview:large, max-video-preview:-1\" \/>\n<link rel=\"canonical\" href=\"https:\/\/www.swisscrochet.ch\/fr\/produit\/sarah-hearts-etiquettes-tissees\/\" \/>\n<meta property=\"og:locale\" content=\"fr_FR\" \/>\n<meta property=\"og:type\" content=\"article\" \/>\n<meta property=\"og:title\" content=\"Sarah Hearts \u2013 \u00c9tiquettes tiss\u00e9es &#171; Swiss Crochet\" \/>\n<meta property=\"og:description\" content=\"\u00c9tiquettes tiss\u00e9es Sarah Hearts pour projets au crochet. \u00c9tiquettes douces, lavables et certifi\u00e9es OEKO-TEX aux designs ludiques. Lot de 8.\" \/>\n<meta property=\"og:url\" content=\"https:\/\/www.swisscrochet.ch\/fr\/produit\/sarah-hearts-etiquettes-tissees\/\" \/>\n<meta property=\"og:site_name\" content=\"Swiss Crochet\" \/>\n<meta property=\"article:modified_time\" content=\"2026-03-25T18:41:54+00:00\" \/>\n<meta property=\"og:image\" content=\"https:\/\/www.swisscrochet.ch\/wp-content\/uploads\/2026\/03\/Sarah-Hearts-Woven-Labels-Overview.jpg\" \/>\n\t<meta property=\"og:image:width\" content=\"1000\" \/>\n\t<meta property=\"og:image:height\" content=\"1000\" \/>\n\t<meta property=\"og:image:type\" content=\"image\/jpeg\" \/>\n<meta name=\"twitter:card\" content=\"summary_large_image\" \/>\n<meta name=\"twitter:label1\" content=\"Dur\u00e9e de lecture estim\u00e9e\" \/>\n\t<meta name=\"twitter:data1\" content=\"1 minute\" \/>\n<script type=\"application\/ld+json\" class=\"yoast-schema-graph\">{\"@context\":\"https:\\\/\\\/schema.org\",\"@graph\":[{\"@type\":[\"WebPage\",\"ItemPage\"],\"@id\":\"https:\\\/\\\/www.swisscrochet.ch\\\/fr\\\/produit\\\/sarah-hearts-etiquettes-tissees\\\/\",\"url\":\"https:\\\/\\\/www.swisscrochet.ch\\\/fr\\\/produit\\\/sarah-hearts-etiquettes-tissees\\\/\",\"name\":\"Sarah Hearts \u2013 \u00c9tiquettes tiss\u00e9es &#171; Swiss Crochet\",\"isPartOf\":{\"@id\":\"https:\\\/\\\/www.swisscrochet.ch\\\/#website\"},\"primaryImageOfPage\":{\"@id\":\"https:\\\/\\\/www.swisscrochet.ch\\\/fr\\\/produit\\\/sarah-hearts-etiquettes-tissees\\\/#primaryimage\"},\"image\":{\"@id\":\"https:\\\/\\\/www.swisscrochet.ch\\\/fr\\\/produit\\\/sarah-hearts-etiquettes-tissees\\\/#primaryimage\"},\"thumbnailUrl\":\"https:\\\/\\\/www.swisscrochet.ch\\\/wp-content\\\/uploads\\\/2026\\\/03\\\/Sarah-Hearts-Woven-Labels-Overview.jpg\",\"datePublished\":\"2026-03-25T18:35:59+00:00\",\"dateModified\":\"2026-03-25T18:41:54+00:00\",\"description\":\"\u00c9tiquettes tiss\u00e9es Sarah Hearts pour projets au crochet. \u00c9tiquettes douces, lavables et certifi\u00e9es OEKO-TEX aux designs ludiques. Lot de 8.\",\"breadcrumb\":{\"@id\":\"https:\\\/\\\/www.swisscrochet.ch\\\/fr\\\/produit\\\/sarah-hearts-etiquettes-tissees\\\/#breadcrumb\"},\"inLanguage\":\"fr-FR\",\"potentialAction\":[{\"@type\":\"ReadAction\",\"target\":[\"https:\\\/\\\/www.swisscrochet.ch\\\/fr\\\/produit\\\/sarah-hearts-etiquettes-tissees\\\/\"]}]},{\"@type\":\"ImageObject\",\"inLanguage\":\"fr-FR\",\"@id\":\"https:\\\/\\\/www.swisscrochet.ch\\\/fr\\\/produit\\\/sarah-hearts-etiquettes-tissees\\\/#primaryimage\",\"url\":\"https:\\\/\\\/www.swisscrochet.ch\\\/wp-content\\\/uploads\\\/2026\\\/03\\\/Sarah-Hearts-Woven-Labels-Overview.jpg\",\"contentUrl\":\"https:\\\/\\\/www.swisscrochet.ch\\\/wp-content\\\/uploads\\\/2026\\\/03\\\/Sarah-Hearts-Woven-Labels-Overview.jpg\",\"width\":1000,\"height\":1000},{\"@type\":\"BreadcrumbList\",\"@id\":\"https:\\\/\\\/www.swisscrochet.ch\\\/fr\\\/produit\\\/sarah-hearts-etiquettes-tissees\\\/#breadcrumb\",\"itemListElement\":[{\"@type\":\"ListItem\",\"position\":1,\"name\":\"Home\",\"item\":\"https:\\\/\\\/www.swisscrochet.ch\\\/fr\\\/\"},{\"@type\":\"ListItem\",\"position\":2,\"name\":\"Boutique\",\"item\":\"https:\\\/\\\/www.swisscrochet.ch\\\/fr\\\/boutique\\\/\"},{\"@type\":\"ListItem\",\"position\":3,\"name\":\"Sarah Hearts \u2013 \u00c9tiquettes tiss\u00e9es\"}]},{\"@type\":\"WebSite\",\"@id\":\"https:\\\/\\\/www.swisscrochet.ch\\\/#website\",\"url\":\"https:\\\/\\\/www.swisscrochet.ch\\\/\",\"name\":\"Swiss Crochet\",\"description\":\"Lib\u00e9rez votre potentiel cr\u00e9atif\",\"potentialAction\":[{\"@type\":\"SearchAction\",\"target\":{\"@type\":\"EntryPoint\",\"urlTemplate\":\"https:\\\/\\\/www.swisscrochet.ch\\\/?s={search_term_string}\"},\"query-input\":{\"@type\":\"PropertyValueSpecification\",\"valueRequired\":true,\"valueName\":\"search_term_string\"}}],\"inLanguage\":\"fr-FR\"}]}<\/script>\n<!-- \/ Yoast SEO plugin. -->","yoast_head_json":{"title":"Sarah Hearts \u2013 \u00c9tiquettes tiss\u00e9es &#171; Swiss Crochet","description":"\u00c9tiquettes tiss\u00e9es Sarah Hearts pour projets au crochet. \u00c9tiquettes douces, lavables et certifi\u00e9es OEKO-TEX aux designs ludiques. Lot de 8.","robots":{"index":"index","follow":"follow","max-snippet":"max-snippet:-1","max-image-preview":"max-image-preview:large","max-video-preview":"max-video-preview:-1"},"canonical":"https:\/\/www.swisscrochet.ch\/fr\/produit\/sarah-hearts-etiquettes-tissees\/","og_locale":"fr_FR","og_type":"article","og_title":"Sarah Hearts \u2013 \u00c9tiquettes tiss\u00e9es &#171; Swiss Crochet","og_description":"\u00c9tiquettes tiss\u00e9es Sarah Hearts pour projets au crochet. \u00c9tiquettes douces, lavables et certifi\u00e9es OEKO-TEX aux designs ludiques. Lot de 8.","og_url":"https:\/\/www.swisscrochet.ch\/fr\/produit\/sarah-hearts-etiquettes-tissees\/","og_site_name":"Swiss Crochet","article_modified_time":"2026-03-25T18:41:54+00:00","og_image":[{"width":1000,"height":1000,"url":"https:\/\/www.swisscrochet.ch\/wp-content\/uploads\/2026\/03\/Sarah-Hearts-Woven-Labels-Overview.jpg","type":"image\/jpeg"}],"twitter_card":"summary_large_image","twitter_misc":{"Dur\u00e9e de lecture estim\u00e9e":"1 minute"},"schema":{"@context":"https:\/\/schema.org","@graph":[{"@type":["WebPage","ItemPage"],"@id":"https:\/\/www.swisscrochet.ch\/fr\/produit\/sarah-hearts-etiquettes-tissees\/","url":"https:\/\/www.swisscrochet.ch\/fr\/produit\/sarah-hearts-etiquettes-tissees\/","name":"Sarah Hearts \u2013 \u00c9tiquettes tiss\u00e9es &#171; Swiss Crochet","isPartOf":{"@id":"https:\/\/www.swisscrochet.ch\/#website"},"primaryImageOfPage":{"@id":"https:\/\/www.swisscrochet.ch\/fr\/produit\/sarah-hearts-etiquettes-tissees\/#primaryimage"},"image":{"@id":"https:\/\/www.swisscrochet.ch\/fr\/produit\/sarah-hearts-etiquettes-tissees\/#primaryimage"},"thumbnailUrl":"https:\/\/www.swisscrochet.ch\/wp-content\/uploads\/2026\/03\/Sarah-Hearts-Woven-Labels-Overview.jpg","datePublished":"2026-03-25T18:35:59+00:00","dateModified":"2026-03-25T18:41:54+00:00","description":"\u00c9tiquettes tiss\u00e9es Sarah Hearts pour projets au crochet. \u00c9tiquettes douces, lavables et certifi\u00e9es OEKO-TEX aux designs ludiques. Lot de 8.","breadcrumb":{"@id":"https:\/\/www.swisscrochet.ch\/fr\/produit\/sarah-hearts-etiquettes-tissees\/#breadcrumb"},"inLanguage":"fr-FR","potentialAction":[{"@type":"ReadAction","target":["https:\/\/www.swisscrochet.ch\/fr\/produit\/sarah-hearts-etiquettes-tissees\/"]}]},{"@type":"ImageObject","inLanguage":"fr-FR","@id":"https:\/\/www.swisscrochet.ch\/fr\/produit\/sarah-hearts-etiquettes-tissees\/#primaryimage","url":"https:\/\/www.swisscrochet.ch\/wp-content\/uploads\/2026\/03\/Sarah-Hearts-Woven-Labels-Overview.jpg","contentUrl":"https:\/\/www.swisscrochet.ch\/wp-content\/uploads\/2026\/03\/Sarah-Hearts-Woven-Labels-Overview.jpg","width":1000,"height":1000},{"@type":"BreadcrumbList","@id":"https:\/\/www.swisscrochet.ch\/fr\/produit\/sarah-hearts-etiquettes-tissees\/#breadcrumb","itemListElement":[{"@type":"ListItem","position":1,"name":"Home","item":"https:\/\/www.swisscrochet.ch\/fr\/"},{"@type":"ListItem","position":2,"name":"Boutique","item":"https:\/\/www.swisscrochet.ch\/fr\/boutique\/"},{"@type":"ListItem","position":3,"name":"Sarah Hearts \u2013 \u00c9tiquettes tiss\u00e9es"}]},{"@type":"WebSite","@id":"https:\/\/www.swisscrochet.ch\/#website","url":"https:\/\/www.swisscrochet.ch\/","name":"Swiss Crochet","description":"Lib\u00e9rez votre potentiel cr\u00e9atif","potentialAction":[{"@type":"SearchAction","target":{"@type":"EntryPoint","urlTemplate":"https:\/\/www.swisscrochet.ch\/?s={search_term_string}"},"query-input":{"@type":"PropertyValueSpecification","valueRequired":true,"valueName":"search_term_string"}}],"inLanguage":"fr-FR"}]}},"_links":{"self":[{"href":"https:\/\/www.swisscrochet.ch\/fr\/wp-json\/wp\/v2\/product\/28215","targetHints":{"allow":["GET"]}}],"collection":[{"href":"https:\/\/www.swisscrochet.ch\/fr\/wp-json\/wp\/v2\/product"}],"about":[{"href":"https:\/\/www.swisscrochet.ch\/fr\/wp-json\/wp\/v2\/types\/product"}],"wp:featuredmedia":[{"embeddable":true,"href":"https:\/\/www.swisscrochet.ch\/fr\/wp-json\/wp\/v2\/media\/26698"}],"wp:attachment":[{"href":"https:\/\/www.swisscrochet.ch\/fr\/wp-json\/wp\/v2\/media?parent=28215"}],"wp:term":[{"taxonomy":"product_brand","embeddable":true,"href":"https:\/\/www.swisscrochet.ch\/fr\/wp-json\/wp\/v2\/product_brand?post=28215"},{"taxonomy":"product_cat","embeddable":true,"href":"https:\/\/www.swisscrochet.ch\/fr\/wp-json\/wp\/v2\/product_cat?post=28215"},{"taxonomy":"product_tag","embeddable":true,"href":"https:\/\/www.swisscrochet.ch\/fr\/wp-json\/wp\/v2\/product_tag?post=28215"}],"curies":[{"name":"wp","href":"https:\/\/api.w.org\/{rel}","templated":true}]}}