{"id":28414,"date":"2026-04-01T20:42:36","date_gmt":"2026-04-01T18:42:36","guid":{"rendered":"https:\/\/www.swisscrochet.ch\/product\/tulip-etimo-grandhook-crochet-hook\/"},"modified":"2026-05-05T22:06:58","modified_gmt":"2026-05-05T20:06:58","slug":"tulip-crochet-etimo-grandhook","status":"publish","type":"product","link":"https:\/\/www.swisscrochet.ch\/fr\/produit\/tulip-crochet-etimo-grandhook\/","title":{"rendered":"Tulip \u2013 Crochet Etimo GrandHook"},"content":{"rendered":"","protected":false},"excerpt":{"rendered":"<p>Le crochet Tulip Etimo GrandHook est crochet [dt_tooltip title=\"effil\u00e9\"]Un crochet effil\u00e9 a une t\u00eate arrondie, un col plus \u00e9troit que le corps et un long corps, surtout compar\u00e9 aux autres types de crochets.[\/dt_tooltip] premium avec une pointe fine, garantissant un travail fluide et pr\u00e9cis. Sa construction l\u00e9g\u00e8re et son repose-pouce rembourr\u00e9 offrent un excellent confort, ce qui le rend id\u00e9al pour de longues sessions de crochet.<\/p>\n<p>Chaque taille est propos\u00e9e dans une couleur diff\u00e9rente.<\/p>\n<p>Le Tulip Etimo GrandHook est particuli\u00e8rement adapt\u00e9 aux crocheteuses utilisant la prise en couteau. Sa longueur accrue d\u00e9place le centre de gravit\u00e9 plus loin de la pointe, offrant un meilleur \u00e9quilibre et une exp\u00e9rience de crochet plus fluide.<\/p>\n<p>Con\u00e7u pour travailler avec des fils plus \u00e9pais, ce crochet est un outil fiable et polyvalent pour une grande vari\u00e9t\u00e9 de projets. Sa prise en main confortable et son design intuitif en font \u00e9galement un excellent choix pour les d\u00e9butantes.<\/p>\n<p><strong>Exclusivement disponible chez Swiss Crochet.<\/strong><\/p>\n","protected":false},"featured_media":25047,"template":"","meta":[],"product_brand":[],"product_cat":[221,555],"product_tag":[],"class_list":{"0":"post-28414","1":"product","2":"type-product","3":"status-publish","4":"has-post-thumbnail","6":"product_cat-crochets-et-outils","7":"product_cat-crochets-sans-poignee","8":"product_shipping_class-petits-envois","9":"pa_t1-manufacturer-tulip-fr","10":"description-off","12":"first","13":"instock","14":"taxable","15":"shipping-taxable","16":"purchasable","17":"product-type-variable","18":"wvs-archive-product-wrapper"},"bundled_by":[],"bundle_stock_status":"instock","bundle_stock_quantity":null,"bundle_virtual":false,"bundle_layout":"","bundle_add_to_cart_form_location":"","bundle_editable_in_cart":false,"bundle_sold_individually_context":"","bundle_item_grouping":"","bundle_min_size":"","bundle_max_size":"","bundle_price":[],"bundled_items":[],"bundle_sell_ids":[],"yoast_head":"<!-- This site is optimized with the Yoast SEO plugin v27.6 - https:\/\/yoast.com\/product\/yoast-seo-wordpress\/ -->\n<title>Tulip \u2013 Crochet Etimo GrandHook &#171; Swiss Crochet<\/title>\n<meta name=\"description\" content=\"Crochet Tulip Etimo GrandHook avec manche ergonomique et pointe conique. Crochet long id\u00e9al pour la prise en couteau et les fils plus \u00e9pais. Confortable et tailles cod\u00e9es par couleur.\" \/>\n<meta name=\"robots\" content=\"index, follow, max-snippet:-1, max-image-preview:large, max-video-preview:-1\" \/>\n<link rel=\"canonical\" href=\"https:\/\/www.swisscrochet.ch\/fr\/produit\/tulip-crochet-etimo-grandhook\/\" \/>\n<meta property=\"og:locale\" content=\"fr_FR\" \/>\n<meta property=\"og:type\" content=\"article\" \/>\n<meta property=\"og:title\" content=\"Tulip \u2013 Crochet Etimo GrandHook &#171; Swiss Crochet\" \/>\n<meta property=\"og:description\" content=\"Crochet Tulip Etimo GrandHook avec manche ergonomique et pointe conique. Crochet long id\u00e9al pour la prise en couteau et les fils plus \u00e9pais. Confortable et tailles cod\u00e9es par couleur.\" \/>\n<meta property=\"og:url\" content=\"https:\/\/www.swisscrochet.ch\/fr\/produit\/tulip-crochet-etimo-grandhook\/\" \/>\n<meta property=\"og:site_name\" content=\"Swiss Crochet\" \/>\n<meta property=\"article:modified_time\" content=\"2026-05-05T20:06:58+00:00\" \/>\n<meta property=\"og:image\" content=\"https:\/\/www.swisscrochet.ch\/wp-content\/uploads\/2026\/03\/Tulip-Etimo-GrandHook-Overview.jpg\" \/>\n\t<meta property=\"og:image:width\" content=\"1000\" \/>\n\t<meta property=\"og:image:height\" content=\"1000\" \/>\n\t<meta property=\"og:image:type\" content=\"image\/jpeg\" \/>\n<meta name=\"twitter:card\" content=\"summary_large_image\" \/>\n<meta name=\"twitter:label1\" content=\"Dur\u00e9e de lecture estim\u00e9e\" \/>\n\t<meta name=\"twitter:data1\" content=\"1 minute\" \/>\n<script type=\"application\/ld+json\" class=\"yoast-schema-graph\">{\"@context\":\"https:\\\/\\\/schema.org\",\"@graph\":[{\"@type\":[\"WebPage\",\"ItemPage\"],\"@id\":\"https:\\\/\\\/www.swisscrochet.ch\\\/fr\\\/produit\\\/tulip-crochet-etimo-grandhook\\\/\",\"url\":\"https:\\\/\\\/www.swisscrochet.ch\\\/fr\\\/produit\\\/tulip-crochet-etimo-grandhook\\\/\",\"name\":\"Tulip \u2013 Crochet Etimo GrandHook &#171; Swiss Crochet\",\"isPartOf\":{\"@id\":\"https:\\\/\\\/www.swisscrochet.ch\\\/#website\"},\"primaryImageOfPage\":{\"@id\":\"https:\\\/\\\/www.swisscrochet.ch\\\/fr\\\/produit\\\/tulip-crochet-etimo-grandhook\\\/#primaryimage\"},\"image\":{\"@id\":\"https:\\\/\\\/www.swisscrochet.ch\\\/fr\\\/produit\\\/tulip-crochet-etimo-grandhook\\\/#primaryimage\"},\"thumbnailUrl\":\"https:\\\/\\\/www.swisscrochet.ch\\\/wp-content\\\/uploads\\\/2026\\\/03\\\/Tulip-Etimo-GrandHook-Overview.jpg\",\"datePublished\":\"2026-04-01T18:42:36+00:00\",\"dateModified\":\"2026-05-05T20:06:58+00:00\",\"description\":\"Crochet Tulip Etimo GrandHook avec manche ergonomique et pointe conique. Crochet long id\u00e9al pour la prise en couteau et les fils plus \u00e9pais. Confortable et tailles cod\u00e9es par couleur.\",\"breadcrumb\":{\"@id\":\"https:\\\/\\\/www.swisscrochet.ch\\\/fr\\\/produit\\\/tulip-crochet-etimo-grandhook\\\/#breadcrumb\"},\"inLanguage\":\"fr-FR\",\"potentialAction\":[{\"@type\":\"ReadAction\",\"target\":[\"https:\\\/\\\/www.swisscrochet.ch\\\/fr\\\/produit\\\/tulip-crochet-etimo-grandhook\\\/\"]}]},{\"@type\":\"ImageObject\",\"inLanguage\":\"fr-FR\",\"@id\":\"https:\\\/\\\/www.swisscrochet.ch\\\/fr\\\/produit\\\/tulip-crochet-etimo-grandhook\\\/#primaryimage\",\"url\":\"https:\\\/\\\/www.swisscrochet.ch\\\/wp-content\\\/uploads\\\/2026\\\/03\\\/Tulip-Etimo-GrandHook-Overview.jpg\",\"contentUrl\":\"https:\\\/\\\/www.swisscrochet.ch\\\/wp-content\\\/uploads\\\/2026\\\/03\\\/Tulip-Etimo-GrandHook-Overview.jpg\",\"width\":1000,\"height\":1000},{\"@type\":\"BreadcrumbList\",\"@id\":\"https:\\\/\\\/www.swisscrochet.ch\\\/fr\\\/produit\\\/tulip-crochet-etimo-grandhook\\\/#breadcrumb\",\"itemListElement\":[{\"@type\":\"ListItem\",\"position\":1,\"name\":\"Home\",\"item\":\"https:\\\/\\\/www.swisscrochet.ch\\\/fr\\\/\"},{\"@type\":\"ListItem\",\"position\":2,\"name\":\"Boutique\",\"item\":\"https:\\\/\\\/www.swisscrochet.ch\\\/fr\\\/boutique\\\/\"},{\"@type\":\"ListItem\",\"position\":3,\"name\":\"Tulip \u2013 Crochet Etimo GrandHook\"}]},{\"@type\":\"WebSite\",\"@id\":\"https:\\\/\\\/www.swisscrochet.ch\\\/#website\",\"url\":\"https:\\\/\\\/www.swisscrochet.ch\\\/\",\"name\":\"Swiss Crochet\",\"description\":\"Lib\u00e9rez votre potentiel cr\u00e9atif\",\"potentialAction\":[{\"@type\":\"SearchAction\",\"target\":{\"@type\":\"EntryPoint\",\"urlTemplate\":\"https:\\\/\\\/www.swisscrochet.ch\\\/?s={search_term_string}\"},\"query-input\":{\"@type\":\"PropertyValueSpecification\",\"valueRequired\":true,\"valueName\":\"search_term_string\"}}],\"inLanguage\":\"fr-FR\"}]}<\/script>\n<!-- \/ Yoast SEO plugin. -->","yoast_head_json":{"title":"Tulip \u2013 Crochet Etimo GrandHook &#171; Swiss Crochet","description":"Crochet Tulip Etimo GrandHook avec manche ergonomique et pointe conique. Crochet long id\u00e9al pour la prise en couteau et les fils plus \u00e9pais. Confortable et tailles cod\u00e9es par couleur.","robots":{"index":"index","follow":"follow","max-snippet":"max-snippet:-1","max-image-preview":"max-image-preview:large","max-video-preview":"max-video-preview:-1"},"canonical":"https:\/\/www.swisscrochet.ch\/fr\/produit\/tulip-crochet-etimo-grandhook\/","og_locale":"fr_FR","og_type":"article","og_title":"Tulip \u2013 Crochet Etimo GrandHook &#171; Swiss Crochet","og_description":"Crochet Tulip Etimo GrandHook avec manche ergonomique et pointe conique. Crochet long id\u00e9al pour la prise en couteau et les fils plus \u00e9pais. Confortable et tailles cod\u00e9es par couleur.","og_url":"https:\/\/www.swisscrochet.ch\/fr\/produit\/tulip-crochet-etimo-grandhook\/","og_site_name":"Swiss Crochet","article_modified_time":"2026-05-05T20:06:58+00:00","og_image":[{"width":1000,"height":1000,"url":"https:\/\/www.swisscrochet.ch\/wp-content\/uploads\/2026\/03\/Tulip-Etimo-GrandHook-Overview.jpg","type":"image\/jpeg"}],"twitter_card":"summary_large_image","twitter_misc":{"Dur\u00e9e de lecture estim\u00e9e":"1 minute"},"schema":{"@context":"https:\/\/schema.org","@graph":[{"@type":["WebPage","ItemPage"],"@id":"https:\/\/www.swisscrochet.ch\/fr\/produit\/tulip-crochet-etimo-grandhook\/","url":"https:\/\/www.swisscrochet.ch\/fr\/produit\/tulip-crochet-etimo-grandhook\/","name":"Tulip \u2013 Crochet Etimo GrandHook &#171; Swiss Crochet","isPartOf":{"@id":"https:\/\/www.swisscrochet.ch\/#website"},"primaryImageOfPage":{"@id":"https:\/\/www.swisscrochet.ch\/fr\/produit\/tulip-crochet-etimo-grandhook\/#primaryimage"},"image":{"@id":"https:\/\/www.swisscrochet.ch\/fr\/produit\/tulip-crochet-etimo-grandhook\/#primaryimage"},"thumbnailUrl":"https:\/\/www.swisscrochet.ch\/wp-content\/uploads\/2026\/03\/Tulip-Etimo-GrandHook-Overview.jpg","datePublished":"2026-04-01T18:42:36+00:00","dateModified":"2026-05-05T20:06:58+00:00","description":"Crochet Tulip Etimo GrandHook avec manche ergonomique et pointe conique. Crochet long id\u00e9al pour la prise en couteau et les fils plus \u00e9pais. Confortable et tailles cod\u00e9es par couleur.","breadcrumb":{"@id":"https:\/\/www.swisscrochet.ch\/fr\/produit\/tulip-crochet-etimo-grandhook\/#breadcrumb"},"inLanguage":"fr-FR","potentialAction":[{"@type":"ReadAction","target":["https:\/\/www.swisscrochet.ch\/fr\/produit\/tulip-crochet-etimo-grandhook\/"]}]},{"@type":"ImageObject","inLanguage":"fr-FR","@id":"https:\/\/www.swisscrochet.ch\/fr\/produit\/tulip-crochet-etimo-grandhook\/#primaryimage","url":"https:\/\/www.swisscrochet.ch\/wp-content\/uploads\/2026\/03\/Tulip-Etimo-GrandHook-Overview.jpg","contentUrl":"https:\/\/www.swisscrochet.ch\/wp-content\/uploads\/2026\/03\/Tulip-Etimo-GrandHook-Overview.jpg","width":1000,"height":1000},{"@type":"BreadcrumbList","@id":"https:\/\/www.swisscrochet.ch\/fr\/produit\/tulip-crochet-etimo-grandhook\/#breadcrumb","itemListElement":[{"@type":"ListItem","position":1,"name":"Home","item":"https:\/\/www.swisscrochet.ch\/fr\/"},{"@type":"ListItem","position":2,"name":"Boutique","item":"https:\/\/www.swisscrochet.ch\/fr\/boutique\/"},{"@type":"ListItem","position":3,"name":"Tulip \u2013 Crochet Etimo GrandHook"}]},{"@type":"WebSite","@id":"https:\/\/www.swisscrochet.ch\/#website","url":"https:\/\/www.swisscrochet.ch\/","name":"Swiss Crochet","description":"Lib\u00e9rez votre potentiel cr\u00e9atif","potentialAction":[{"@type":"SearchAction","target":{"@type":"EntryPoint","urlTemplate":"https:\/\/www.swisscrochet.ch\/?s={search_term_string}"},"query-input":{"@type":"PropertyValueSpecification","valueRequired":true,"valueName":"search_term_string"}}],"inLanguage":"fr-FR"}]}},"_links":{"self":[{"href":"https:\/\/www.swisscrochet.ch\/fr\/wp-json\/wp\/v2\/product\/28414","targetHints":{"allow":["GET"]}}],"collection":[{"href":"https:\/\/www.swisscrochet.ch\/fr\/wp-json\/wp\/v2\/product"}],"about":[{"href":"https:\/\/www.swisscrochet.ch\/fr\/wp-json\/wp\/v2\/types\/product"}],"wp:featuredmedia":[{"embeddable":true,"href":"https:\/\/www.swisscrochet.ch\/fr\/wp-json\/wp\/v2\/media\/25047"}],"wp:attachment":[{"href":"https:\/\/www.swisscrochet.ch\/fr\/wp-json\/wp\/v2\/media?parent=28414"}],"wp:term":[{"taxonomy":"product_brand","embeddable":true,"href":"https:\/\/www.swisscrochet.ch\/fr\/wp-json\/wp\/v2\/product_brand?post=28414"},{"taxonomy":"product_cat","embeddable":true,"href":"https:\/\/www.swisscrochet.ch\/fr\/wp-json\/wp\/v2\/product_cat?post=28414"},{"taxonomy":"product_tag","embeddable":true,"href":"https:\/\/www.swisscrochet.ch\/fr\/wp-json\/wp\/v2\/product_tag?post=28414"}],"curies":[{"name":"wp","href":"https:\/\/api.w.org\/{rel}","templated":true}]}}