{"id":29057,"date":"2026-04-03T18:28:29","date_gmt":"2026-04-03T16:28:29","guid":{"rendered":"https:\/\/www.swisscrochet.ch\/product\/amigurumi-super-frauen-carla-mitrani\/"},"modified":"2026-04-03T18:28:29","modified_gmt":"2026-04-03T16:28:29","slug":"amigurumi-super-frauen-carla-mitrani","status":"publish","type":"product","link":"https:\/\/www.swisscrochet.ch\/fr\/produit\/amigurumi-super-frauen-carla-mitrani\/","title":{"rendered":"Amigurumi Super Frauen &#8211; Carla Mitrani"},"content":{"rendered":"","protected":false},"excerpt":{"rendered":"<p>Amigurumi Super Frauen von Carla Mitrani ist eine inspirierende Sammlung von geh\u00e4kelten Figuren, die starken und einflussreichen Frauen gewidmet sind. Dieses besondere Buch verbindet kreatives H\u00e4keln mit Geschichten von Pers\u00f6nlichkeiten, die die Welt gepr\u00e4gt haben.<\/p>\n<p>Die Projekte zeigen detailreiche Amigurumi-Figuren mit viel Charakter und Ausdruck. Jede Figur wird von klaren Anleitungen begleitet, die dich Schritt f\u00fcr Schritt durch den Entstehungsprozess f\u00fchren und dir helfen, die einzelnen Elemente pr\u00e4zise umzusetzen.<\/p>\n<p>Neben den Anleitungen bietet das Buch auch spannende Einblicke in die dargestellten Frauen und ihre Bedeutung, wodurch jedes Projekt eine zus\u00e4tzliche erz\u00e4hlerische Tiefe erh\u00e4lt.<\/p>\n<p>Geeignet f\u00fcr fortgeschrittene Anf\u00e4ngerinnen und erfahrene H\u00e4klerinnen, ist dieses Buch eine wunderbare Inspirationsquelle f\u00fcr alle, die Amigurumis mit Bedeutung und Pers\u00f6nlichkeit erschaffen m\u00f6chten.<\/p>\n<p>Sprache: Deutsch<\/p>\n","protected":false},"featured_media":28743,"template":"","meta":[],"product_brand":[],"product_cat":[1424,208],"product_tag":[],"class_list":{"0":"post-29057","1":"product","2":"type-product","3":"status-publish","4":"has-post-thumbnail","6":"product_cat-amigurumi-fr","7":"product_cat-livres","8":"pa_b1-language-allemand","9":"pa_b11-author-designer-carla-mitrani-fr","10":"description-off","12":"first","13":"instock","14":"taxable","15":"shipping-taxable","16":"purchasable","17":"product-type-simple"},"bundled_by":[],"bundle_stock_status":"instock","bundle_stock_quantity":3,"bundle_virtual":false,"bundle_layout":"","bundle_add_to_cart_form_location":"","bundle_editable_in_cart":false,"bundle_sold_individually_context":"","bundle_item_grouping":"","bundle_min_size":"","bundle_max_size":"","bundle_price":[],"bundled_items":[],"bundle_sell_ids":[],"yoast_head":"<!-- This site is optimized with the Yoast SEO plugin v27.3 - https:\/\/yoast.com\/product\/yoast-seo-wordpress\/ -->\n<title>Amigurumi Super Frauen - Carla Mitrani &#171; Swiss Crochet<\/title>\n<meta name=\"robots\" content=\"index, follow, max-snippet:-1, max-image-preview:large, max-video-preview:-1\" \/>\n<link rel=\"canonical\" href=\"https:\/\/www.swisscrochet.ch\/fr\/produit\/amigurumi-super-frauen-carla-mitrani\/\" \/>\n<meta property=\"og:locale\" content=\"fr_FR\" \/>\n<meta property=\"og:type\" content=\"article\" \/>\n<meta property=\"og:title\" content=\"Amigurumi Super Frauen - Carla Mitrani &#171; Swiss Crochet\" \/>\n<meta property=\"og:description\" content=\"Amigurumi Super Frauen von Carla Mitrani ist eine inspirierende Sammlung von geh\u00e4kelten Figuren, die starken und einflussreichen Frauen gewidmet sind. Dieses besondere Buch verbindet kreatives H\u00e4keln mit Geschichten von Pers\u00f6nlichkeiten, die die Welt gepr\u00e4gt haben.  Die Projekte zeigen detailreiche Amigurumi-Figuren mit viel Charakter und Ausdruck. Jede Figur wird von klaren Anleitungen begleitet, die dich Schritt f\u00fcr Schritt durch den Entstehungsprozess f\u00fchren und dir helfen, die einzelnen Elemente pr\u00e4zise umzusetzen.  Neben den Anleitungen bietet das Buch auch spannende Einblicke in die dargestellten Frauen und ihre Bedeutung, wodurch jedes Projekt eine zus\u00e4tzliche erz\u00e4hlerische Tiefe erh\u00e4lt.  Geeignet f\u00fcr fortgeschrittene Anf\u00e4ngerinnen und erfahrene H\u00e4klerinnen, ist dieses Buch eine wunderbare Inspirationsquelle f\u00fcr alle, die Amigurumis mit Bedeutung und Pers\u00f6nlichkeit erschaffen m\u00f6chten.  Sprache: Deutsch\" \/>\n<meta property=\"og:url\" content=\"https:\/\/www.swisscrochet.ch\/fr\/produit\/amigurumi-super-frauen-carla-mitrani\/\" \/>\n<meta property=\"og:site_name\" content=\"Swiss Crochet\" \/>\n<meta name=\"twitter:card\" content=\"summary_large_image\" \/>\n<script type=\"application\/ld+json\" class=\"yoast-schema-graph\">{\"@context\":\"https:\\\/\\\/schema.org\",\"@graph\":[{\"@type\":[\"WebPage\",\"ItemPage\"],\"@id\":\"https:\\\/\\\/www.swisscrochet.ch\\\/fr\\\/produit\\\/amigurumi-super-frauen-carla-mitrani\\\/\",\"url\":\"https:\\\/\\\/www.swisscrochet.ch\\\/fr\\\/produit\\\/amigurumi-super-frauen-carla-mitrani\\\/\",\"name\":\"Amigurumi Super Frauen - Carla Mitrani &#171; Swiss Crochet\",\"isPartOf\":{\"@id\":\"https:\\\/\\\/www.swisscrochet.ch\\\/#website\"},\"primaryImageOfPage\":{\"@id\":\"https:\\\/\\\/www.swisscrochet.ch\\\/fr\\\/produit\\\/amigurumi-super-frauen-carla-mitrani\\\/#primaryimage\"},\"image\":{\"@id\":\"https:\\\/\\\/www.swisscrochet.ch\\\/fr\\\/produit\\\/amigurumi-super-frauen-carla-mitrani\\\/#primaryimage\"},\"thumbnailUrl\":\"https:\\\/\\\/www.swisscrochet.ch\\\/wp-content\\\/uploads\\\/2026\\\/04\\\/Amigurumi-Super-Frauen-Overview.jpg\",\"datePublished\":\"2026-04-03T16:28:29+00:00\",\"breadcrumb\":{\"@id\":\"https:\\\/\\\/www.swisscrochet.ch\\\/fr\\\/produit\\\/amigurumi-super-frauen-carla-mitrani\\\/#breadcrumb\"},\"inLanguage\":\"fr-FR\",\"potentialAction\":[{\"@type\":\"ReadAction\",\"target\":[\"https:\\\/\\\/www.swisscrochet.ch\\\/fr\\\/produit\\\/amigurumi-super-frauen-carla-mitrani\\\/\"]}]},{\"@type\":\"ImageObject\",\"inLanguage\":\"fr-FR\",\"@id\":\"https:\\\/\\\/www.swisscrochet.ch\\\/fr\\\/produit\\\/amigurumi-super-frauen-carla-mitrani\\\/#primaryimage\",\"url\":\"https:\\\/\\\/www.swisscrochet.ch\\\/wp-content\\\/uploads\\\/2026\\\/04\\\/Amigurumi-Super-Frauen-Overview.jpg\",\"contentUrl\":\"https:\\\/\\\/www.swisscrochet.ch\\\/wp-content\\\/uploads\\\/2026\\\/04\\\/Amigurumi-Super-Frauen-Overview.jpg\",\"width\":1000,\"height\":1000},{\"@type\":\"BreadcrumbList\",\"@id\":\"https:\\\/\\\/www.swisscrochet.ch\\\/fr\\\/produit\\\/amigurumi-super-frauen-carla-mitrani\\\/#breadcrumb\",\"itemListElement\":[{\"@type\":\"ListItem\",\"position\":1,\"name\":\"Home\",\"item\":\"https:\\\/\\\/www.swisscrochet.ch\\\/fr\\\/\"},{\"@type\":\"ListItem\",\"position\":2,\"name\":\"Boutique\",\"item\":\"https:\\\/\\\/www.swisscrochet.ch\\\/fr\\\/boutique\\\/\"},{\"@type\":\"ListItem\",\"position\":3,\"name\":\"Amigurumi Super Frauen &#8211; Carla Mitrani\"}]},{\"@type\":\"WebSite\",\"@id\":\"https:\\\/\\\/www.swisscrochet.ch\\\/#website\",\"url\":\"https:\\\/\\\/www.swisscrochet.ch\\\/\",\"name\":\"Swiss Crochet\",\"description\":\"Lib\u00e9rez votre potentiel cr\u00e9atif\",\"potentialAction\":[{\"@type\":\"SearchAction\",\"target\":{\"@type\":\"EntryPoint\",\"urlTemplate\":\"https:\\\/\\\/www.swisscrochet.ch\\\/?s={search_term_string}\"},\"query-input\":{\"@type\":\"PropertyValueSpecification\",\"valueRequired\":true,\"valueName\":\"search_term_string\"}}],\"inLanguage\":\"fr-FR\"}]}<\/script>\n<!-- \/ Yoast SEO plugin. -->","yoast_head_json":{"title":"Amigurumi Super Frauen - Carla Mitrani &#171; Swiss Crochet","robots":{"index":"index","follow":"follow","max-snippet":"max-snippet:-1","max-image-preview":"max-image-preview:large","max-video-preview":"max-video-preview:-1"},"canonical":"https:\/\/www.swisscrochet.ch\/fr\/produit\/amigurumi-super-frauen-carla-mitrani\/","og_locale":"fr_FR","og_type":"article","og_title":"Amigurumi Super Frauen - Carla Mitrani &#171; Swiss Crochet","og_description":"Amigurumi Super Frauen von Carla Mitrani ist eine inspirierende Sammlung von geh\u00e4kelten Figuren, die starken und einflussreichen Frauen gewidmet sind. Dieses besondere Buch verbindet kreatives H\u00e4keln mit Geschichten von Pers\u00f6nlichkeiten, die die Welt gepr\u00e4gt haben.  Die Projekte zeigen detailreiche Amigurumi-Figuren mit viel Charakter und Ausdruck. Jede Figur wird von klaren Anleitungen begleitet, die dich Schritt f\u00fcr Schritt durch den Entstehungsprozess f\u00fchren und dir helfen, die einzelnen Elemente pr\u00e4zise umzusetzen.  Neben den Anleitungen bietet das Buch auch spannende Einblicke in die dargestellten Frauen und ihre Bedeutung, wodurch jedes Projekt eine zus\u00e4tzliche erz\u00e4hlerische Tiefe erh\u00e4lt.  Geeignet f\u00fcr fortgeschrittene Anf\u00e4ngerinnen und erfahrene H\u00e4klerinnen, ist dieses Buch eine wunderbare Inspirationsquelle f\u00fcr alle, die Amigurumis mit Bedeutung und Pers\u00f6nlichkeit erschaffen m\u00f6chten.  Sprache: Deutsch","og_url":"https:\/\/www.swisscrochet.ch\/fr\/produit\/amigurumi-super-frauen-carla-mitrani\/","og_site_name":"Swiss Crochet","twitter_card":"summary_large_image","schema":{"@context":"https:\/\/schema.org","@graph":[{"@type":["WebPage","ItemPage"],"@id":"https:\/\/www.swisscrochet.ch\/fr\/produit\/amigurumi-super-frauen-carla-mitrani\/","url":"https:\/\/www.swisscrochet.ch\/fr\/produit\/amigurumi-super-frauen-carla-mitrani\/","name":"Amigurumi Super Frauen - Carla Mitrani &#171; Swiss Crochet","isPartOf":{"@id":"https:\/\/www.swisscrochet.ch\/#website"},"primaryImageOfPage":{"@id":"https:\/\/www.swisscrochet.ch\/fr\/produit\/amigurumi-super-frauen-carla-mitrani\/#primaryimage"},"image":{"@id":"https:\/\/www.swisscrochet.ch\/fr\/produit\/amigurumi-super-frauen-carla-mitrani\/#primaryimage"},"thumbnailUrl":"https:\/\/www.swisscrochet.ch\/wp-content\/uploads\/2026\/04\/Amigurumi-Super-Frauen-Overview.jpg","datePublished":"2026-04-03T16:28:29+00:00","breadcrumb":{"@id":"https:\/\/www.swisscrochet.ch\/fr\/produit\/amigurumi-super-frauen-carla-mitrani\/#breadcrumb"},"inLanguage":"fr-FR","potentialAction":[{"@type":"ReadAction","target":["https:\/\/www.swisscrochet.ch\/fr\/produit\/amigurumi-super-frauen-carla-mitrani\/"]}]},{"@type":"ImageObject","inLanguage":"fr-FR","@id":"https:\/\/www.swisscrochet.ch\/fr\/produit\/amigurumi-super-frauen-carla-mitrani\/#primaryimage","url":"https:\/\/www.swisscrochet.ch\/wp-content\/uploads\/2026\/04\/Amigurumi-Super-Frauen-Overview.jpg","contentUrl":"https:\/\/www.swisscrochet.ch\/wp-content\/uploads\/2026\/04\/Amigurumi-Super-Frauen-Overview.jpg","width":1000,"height":1000},{"@type":"BreadcrumbList","@id":"https:\/\/www.swisscrochet.ch\/fr\/produit\/amigurumi-super-frauen-carla-mitrani\/#breadcrumb","itemListElement":[{"@type":"ListItem","position":1,"name":"Home","item":"https:\/\/www.swisscrochet.ch\/fr\/"},{"@type":"ListItem","position":2,"name":"Boutique","item":"https:\/\/www.swisscrochet.ch\/fr\/boutique\/"},{"@type":"ListItem","position":3,"name":"Amigurumi Super Frauen &#8211; Carla Mitrani"}]},{"@type":"WebSite","@id":"https:\/\/www.swisscrochet.ch\/#website","url":"https:\/\/www.swisscrochet.ch\/","name":"Swiss Crochet","description":"Lib\u00e9rez votre potentiel cr\u00e9atif","potentialAction":[{"@type":"SearchAction","target":{"@type":"EntryPoint","urlTemplate":"https:\/\/www.swisscrochet.ch\/?s={search_term_string}"},"query-input":{"@type":"PropertyValueSpecification","valueRequired":true,"valueName":"search_term_string"}}],"inLanguage":"fr-FR"}]}},"_links":{"self":[{"href":"https:\/\/www.swisscrochet.ch\/fr\/wp-json\/wp\/v2\/product\/29057","targetHints":{"allow":["GET"]}}],"collection":[{"href":"https:\/\/www.swisscrochet.ch\/fr\/wp-json\/wp\/v2\/product"}],"about":[{"href":"https:\/\/www.swisscrochet.ch\/fr\/wp-json\/wp\/v2\/types\/product"}],"wp:featuredmedia":[{"embeddable":true,"href":"https:\/\/www.swisscrochet.ch\/fr\/wp-json\/wp\/v2\/media\/28743"}],"wp:attachment":[{"href":"https:\/\/www.swisscrochet.ch\/fr\/wp-json\/wp\/v2\/media?parent=29057"}],"wp:term":[{"taxonomy":"product_brand","embeddable":true,"href":"https:\/\/www.swisscrochet.ch\/fr\/wp-json\/wp\/v2\/product_brand?post=29057"},{"taxonomy":"product_cat","embeddable":true,"href":"https:\/\/www.swisscrochet.ch\/fr\/wp-json\/wp\/v2\/product_cat?post=29057"},{"taxonomy":"product_tag","embeddable":true,"href":"https:\/\/www.swisscrochet.ch\/fr\/wp-json\/wp\/v2\/product_tag?post=29057"}],"curies":[{"name":"wp","href":"https:\/\/api.w.org\/{rel}","templated":true}]}}