{"id":29068,"date":"2026-04-03T18:42:17","date_gmt":"2026-04-03T16:42:17","guid":{"rendered":"https:\/\/www.swisscrochet.ch\/product\/die-wichtel-sind-los-mufficorn\/"},"modified":"2026-04-03T18:43:11","modified_gmt":"2026-04-03T16:43:11","slug":"die-wichtel-sind-los-mufficorn","status":"publish","type":"product","link":"https:\/\/www.swisscrochet.ch\/fr\/produit\/die-wichtel-sind-los-mufficorn\/","title":{"rendered":"Die Wichtel sind los! &#8211; Mufficorn"},"content":{"rendered":"","protected":false},"excerpt":{"rendered":"<p>Die Wichtel sind los! von Mufficorn ist eine zauberhafte Sammlung von Amigurumi-Wichteln, die mit viel Liebe zum Detail gestaltet sind. Dieses Buch l\u00e4dt dich ein, eine kleine Welt voller niedlicher Figuren zu erschaffen, die sich perfekt als Dekoration oder Geschenk eignen.<\/p>\n<p>Die Wichtel \u00fcberzeugen durch ihren verspielten Charakter und ihre individuellen Details. Ob einzeln geh\u00e4kelt oder als Gruppe arrangiert \u2013 jede Figur bringt eine besondere, m\u00e4rchenhafte Stimmung in deine Projekte.<\/p>\n<p>Die Anleitungen sind klar aufgebaut und f\u00fchren dich Schritt f\u00fcr Schritt durch den gesamten H\u00e4kelprozess. Dadurch eignet sich das Buch sowohl f\u00fcr fortgeschrittene Anf\u00e4ngerinnen als auch f\u00fcr erfahrene H\u00e4klerinnen, die Freude an detailreichen Amigurumi-Projekten haben.<\/p>\n<p>Eine wunderbare Inspirationsquelle f\u00fcr alle, die charmante Figuren h\u00e4keln und ihre Kreativit\u00e4t in kleinen, liebevollen Projekten ausleben m\u00f6chten.<\/p>\n<p>Sprache: Deutsch<\/p>\n","protected":false},"featured_media":28859,"template":"","meta":[],"product_brand":[],"product_cat":[1424,208],"product_tag":[],"class_list":{"0":"post-29068","1":"product","2":"type-product","3":"status-publish","4":"has-post-thumbnail","6":"product_cat-amigurumi-fr","7":"product_cat-livres","8":"pa_b1-language-allemand","9":"pa_b11-author-designer-mufficorn","10":"description-off","12":"first","13":"instock","14":"taxable","15":"shipping-taxable","16":"purchasable","17":"product-type-simple"},"bundled_by":[],"bundle_stock_status":"instock","bundle_stock_quantity":3,"bundle_virtual":false,"bundle_layout":"","bundle_add_to_cart_form_location":"","bundle_editable_in_cart":false,"bundle_sold_individually_context":"","bundle_item_grouping":"","bundle_min_size":"","bundle_max_size":"","bundle_price":[],"bundled_items":[],"bundle_sell_ids":[],"yoast_head":"<!-- This site is optimized with the Yoast SEO plugin v27.3 - https:\/\/yoast.com\/product\/yoast-seo-wordpress\/ -->\n<title>Die Wichtel sind los! - Mufficorn &#171; Swiss Crochet<\/title>\n<meta name=\"description\" content=\"Die Wichtel sind los! von Mufficorn. H\u00e4kelbuch mit niedlichen Amigurumi-Wichteln und detaillierten Anleitungen f\u00fcr kreative Figuren und Geschenkideen.\" \/>\n<meta name=\"robots\" content=\"index, follow, max-snippet:-1, max-image-preview:large, max-video-preview:-1\" \/>\n<link rel=\"canonical\" href=\"https:\/\/www.swisscrochet.ch\/fr\/produit\/die-wichtel-sind-los-mufficorn\/\" \/>\n<meta property=\"og:locale\" content=\"fr_FR\" \/>\n<meta property=\"og:type\" content=\"article\" \/>\n<meta property=\"og:title\" content=\"Die Wichtel sind los! - Mufficorn &#171; Swiss Crochet\" \/>\n<meta property=\"og:description\" content=\"Die Wichtel sind los! von Mufficorn. H\u00e4kelbuch mit niedlichen Amigurumi-Wichteln und detaillierten Anleitungen f\u00fcr kreative Figuren und Geschenkideen.\" \/>\n<meta property=\"og:url\" content=\"https:\/\/www.swisscrochet.ch\/fr\/produit\/die-wichtel-sind-los-mufficorn\/\" \/>\n<meta property=\"og:site_name\" content=\"Swiss Crochet\" \/>\n<meta property=\"article:modified_time\" content=\"2026-04-03T16:43:11+00:00\" \/>\n<meta property=\"og:image\" content=\"https:\/\/www.swisscrochet.ch\/wp-content\/uploads\/2026\/04\/Die-Wichtel-sind-los-Overview.jpg\" \/>\n\t<meta property=\"og:image:width\" content=\"1000\" \/>\n\t<meta property=\"og:image:height\" content=\"1000\" \/>\n\t<meta property=\"og:image:type\" content=\"image\/jpeg\" \/>\n<meta name=\"twitter:card\" content=\"summary_large_image\" \/>\n<meta name=\"twitter:label1\" content=\"Dur\u00e9e de lecture estim\u00e9e\" \/>\n\t<meta name=\"twitter:data1\" content=\"1 minute\" \/>\n<script type=\"application\/ld+json\" class=\"yoast-schema-graph\">{\"@context\":\"https:\\\/\\\/schema.org\",\"@graph\":[{\"@type\":[\"WebPage\",\"ItemPage\"],\"@id\":\"https:\\\/\\\/www.swisscrochet.ch\\\/fr\\\/produit\\\/die-wichtel-sind-los-mufficorn\\\/\",\"url\":\"https:\\\/\\\/www.swisscrochet.ch\\\/fr\\\/produit\\\/die-wichtel-sind-los-mufficorn\\\/\",\"name\":\"Die Wichtel sind los! - Mufficorn &#171; Swiss Crochet\",\"isPartOf\":{\"@id\":\"https:\\\/\\\/www.swisscrochet.ch\\\/#website\"},\"primaryImageOfPage\":{\"@id\":\"https:\\\/\\\/www.swisscrochet.ch\\\/fr\\\/produit\\\/die-wichtel-sind-los-mufficorn\\\/#primaryimage\"},\"image\":{\"@id\":\"https:\\\/\\\/www.swisscrochet.ch\\\/fr\\\/produit\\\/die-wichtel-sind-los-mufficorn\\\/#primaryimage\"},\"thumbnailUrl\":\"https:\\\/\\\/www.swisscrochet.ch\\\/wp-content\\\/uploads\\\/2026\\\/04\\\/Die-Wichtel-sind-los-Overview.jpg\",\"datePublished\":\"2026-04-03T16:42:17+00:00\",\"dateModified\":\"2026-04-03T16:43:11+00:00\",\"description\":\"Die Wichtel sind los! von Mufficorn. H\u00e4kelbuch mit niedlichen Amigurumi-Wichteln und detaillierten Anleitungen f\u00fcr kreative Figuren und Geschenkideen.\",\"breadcrumb\":{\"@id\":\"https:\\\/\\\/www.swisscrochet.ch\\\/fr\\\/produit\\\/die-wichtel-sind-los-mufficorn\\\/#breadcrumb\"},\"inLanguage\":\"fr-FR\",\"potentialAction\":[{\"@type\":\"ReadAction\",\"target\":[\"https:\\\/\\\/www.swisscrochet.ch\\\/fr\\\/produit\\\/die-wichtel-sind-los-mufficorn\\\/\"]}]},{\"@type\":\"ImageObject\",\"inLanguage\":\"fr-FR\",\"@id\":\"https:\\\/\\\/www.swisscrochet.ch\\\/fr\\\/produit\\\/die-wichtel-sind-los-mufficorn\\\/#primaryimage\",\"url\":\"https:\\\/\\\/www.swisscrochet.ch\\\/wp-content\\\/uploads\\\/2026\\\/04\\\/Die-Wichtel-sind-los-Overview.jpg\",\"contentUrl\":\"https:\\\/\\\/www.swisscrochet.ch\\\/wp-content\\\/uploads\\\/2026\\\/04\\\/Die-Wichtel-sind-los-Overview.jpg\",\"width\":1000,\"height\":1000},{\"@type\":\"BreadcrumbList\",\"@id\":\"https:\\\/\\\/www.swisscrochet.ch\\\/fr\\\/produit\\\/die-wichtel-sind-los-mufficorn\\\/#breadcrumb\",\"itemListElement\":[{\"@type\":\"ListItem\",\"position\":1,\"name\":\"Home\",\"item\":\"https:\\\/\\\/www.swisscrochet.ch\\\/fr\\\/\"},{\"@type\":\"ListItem\",\"position\":2,\"name\":\"Boutique\",\"item\":\"https:\\\/\\\/www.swisscrochet.ch\\\/fr\\\/boutique\\\/\"},{\"@type\":\"ListItem\",\"position\":3,\"name\":\"Die Wichtel sind los! &#8211; Mufficorn\"}]},{\"@type\":\"WebSite\",\"@id\":\"https:\\\/\\\/www.swisscrochet.ch\\\/#website\",\"url\":\"https:\\\/\\\/www.swisscrochet.ch\\\/\",\"name\":\"Swiss Crochet\",\"description\":\"Lib\u00e9rez votre potentiel cr\u00e9atif\",\"potentialAction\":[{\"@type\":\"SearchAction\",\"target\":{\"@type\":\"EntryPoint\",\"urlTemplate\":\"https:\\\/\\\/www.swisscrochet.ch\\\/?s={search_term_string}\"},\"query-input\":{\"@type\":\"PropertyValueSpecification\",\"valueRequired\":true,\"valueName\":\"search_term_string\"}}],\"inLanguage\":\"fr-FR\"}]}<\/script>\n<!-- \/ Yoast SEO plugin. -->","yoast_head_json":{"title":"Die Wichtel sind los! - Mufficorn &#171; Swiss Crochet","description":"Die Wichtel sind los! von Mufficorn. H\u00e4kelbuch mit niedlichen Amigurumi-Wichteln und detaillierten Anleitungen f\u00fcr kreative Figuren und Geschenkideen.","robots":{"index":"index","follow":"follow","max-snippet":"max-snippet:-1","max-image-preview":"max-image-preview:large","max-video-preview":"max-video-preview:-1"},"canonical":"https:\/\/www.swisscrochet.ch\/fr\/produit\/die-wichtel-sind-los-mufficorn\/","og_locale":"fr_FR","og_type":"article","og_title":"Die Wichtel sind los! - Mufficorn &#171; Swiss Crochet","og_description":"Die Wichtel sind los! von Mufficorn. H\u00e4kelbuch mit niedlichen Amigurumi-Wichteln und detaillierten Anleitungen f\u00fcr kreative Figuren und Geschenkideen.","og_url":"https:\/\/www.swisscrochet.ch\/fr\/produit\/die-wichtel-sind-los-mufficorn\/","og_site_name":"Swiss Crochet","article_modified_time":"2026-04-03T16:43:11+00:00","og_image":[{"width":1000,"height":1000,"url":"https:\/\/www.swisscrochet.ch\/wp-content\/uploads\/2026\/04\/Die-Wichtel-sind-los-Overview.jpg","type":"image\/jpeg"}],"twitter_card":"summary_large_image","twitter_misc":{"Dur\u00e9e de lecture estim\u00e9e":"1 minute"},"schema":{"@context":"https:\/\/schema.org","@graph":[{"@type":["WebPage","ItemPage"],"@id":"https:\/\/www.swisscrochet.ch\/fr\/produit\/die-wichtel-sind-los-mufficorn\/","url":"https:\/\/www.swisscrochet.ch\/fr\/produit\/die-wichtel-sind-los-mufficorn\/","name":"Die Wichtel sind los! - Mufficorn &#171; Swiss Crochet","isPartOf":{"@id":"https:\/\/www.swisscrochet.ch\/#website"},"primaryImageOfPage":{"@id":"https:\/\/www.swisscrochet.ch\/fr\/produit\/die-wichtel-sind-los-mufficorn\/#primaryimage"},"image":{"@id":"https:\/\/www.swisscrochet.ch\/fr\/produit\/die-wichtel-sind-los-mufficorn\/#primaryimage"},"thumbnailUrl":"https:\/\/www.swisscrochet.ch\/wp-content\/uploads\/2026\/04\/Die-Wichtel-sind-los-Overview.jpg","datePublished":"2026-04-03T16:42:17+00:00","dateModified":"2026-04-03T16:43:11+00:00","description":"Die Wichtel sind los! von Mufficorn. H\u00e4kelbuch mit niedlichen Amigurumi-Wichteln und detaillierten Anleitungen f\u00fcr kreative Figuren und Geschenkideen.","breadcrumb":{"@id":"https:\/\/www.swisscrochet.ch\/fr\/produit\/die-wichtel-sind-los-mufficorn\/#breadcrumb"},"inLanguage":"fr-FR","potentialAction":[{"@type":"ReadAction","target":["https:\/\/www.swisscrochet.ch\/fr\/produit\/die-wichtel-sind-los-mufficorn\/"]}]},{"@type":"ImageObject","inLanguage":"fr-FR","@id":"https:\/\/www.swisscrochet.ch\/fr\/produit\/die-wichtel-sind-los-mufficorn\/#primaryimage","url":"https:\/\/www.swisscrochet.ch\/wp-content\/uploads\/2026\/04\/Die-Wichtel-sind-los-Overview.jpg","contentUrl":"https:\/\/www.swisscrochet.ch\/wp-content\/uploads\/2026\/04\/Die-Wichtel-sind-los-Overview.jpg","width":1000,"height":1000},{"@type":"BreadcrumbList","@id":"https:\/\/www.swisscrochet.ch\/fr\/produit\/die-wichtel-sind-los-mufficorn\/#breadcrumb","itemListElement":[{"@type":"ListItem","position":1,"name":"Home","item":"https:\/\/www.swisscrochet.ch\/fr\/"},{"@type":"ListItem","position":2,"name":"Boutique","item":"https:\/\/www.swisscrochet.ch\/fr\/boutique\/"},{"@type":"ListItem","position":3,"name":"Die Wichtel sind los! &#8211; Mufficorn"}]},{"@type":"WebSite","@id":"https:\/\/www.swisscrochet.ch\/#website","url":"https:\/\/www.swisscrochet.ch\/","name":"Swiss Crochet","description":"Lib\u00e9rez votre potentiel cr\u00e9atif","potentialAction":[{"@type":"SearchAction","target":{"@type":"EntryPoint","urlTemplate":"https:\/\/www.swisscrochet.ch\/?s={search_term_string}"},"query-input":{"@type":"PropertyValueSpecification","valueRequired":true,"valueName":"search_term_string"}}],"inLanguage":"fr-FR"}]}},"_links":{"self":[{"href":"https:\/\/www.swisscrochet.ch\/fr\/wp-json\/wp\/v2\/product\/29068","targetHints":{"allow":["GET"]}}],"collection":[{"href":"https:\/\/www.swisscrochet.ch\/fr\/wp-json\/wp\/v2\/product"}],"about":[{"href":"https:\/\/www.swisscrochet.ch\/fr\/wp-json\/wp\/v2\/types\/product"}],"wp:featuredmedia":[{"embeddable":true,"href":"https:\/\/www.swisscrochet.ch\/fr\/wp-json\/wp\/v2\/media\/28859"}],"wp:attachment":[{"href":"https:\/\/www.swisscrochet.ch\/fr\/wp-json\/wp\/v2\/media?parent=29068"}],"wp:term":[{"taxonomy":"product_brand","embeddable":true,"href":"https:\/\/www.swisscrochet.ch\/fr\/wp-json\/wp\/v2\/product_brand?post=29068"},{"taxonomy":"product_cat","embeddable":true,"href":"https:\/\/www.swisscrochet.ch\/fr\/wp-json\/wp\/v2\/product_cat?post=29068"},{"taxonomy":"product_tag","embeddable":true,"href":"https:\/\/www.swisscrochet.ch\/fr\/wp-json\/wp\/v2\/product_tag?post=29068"}],"curies":[{"name":"wp","href":"https:\/\/api.w.org\/{rel}","templated":true}]}}