{"id":29087,"date":"2026-04-03T19:00:29","date_gmt":"2026-04-03T17:00:29","guid":{"rendered":"https:\/\/www.swisscrochet.ch\/product\/fantastische-hakelfreunde-2\/"},"modified":"2026-04-03T19:00:29","modified_gmt":"2026-04-03T17:00:29","slug":"fantastische-hakelfreunde-2","status":"publish","type":"product","link":"https:\/\/www.swisscrochet.ch\/fr\/produit\/fantastische-hakelfreunde-2\/","title":{"rendered":"Fantastische Ha\u0308kelfreunde 2"},"content":{"rendered":"","protected":false},"excerpt":{"rendered":"<p>Tauche ein in die zauberhafte Welt von Fantastische H\u00e4kelfreunde 2 und entdecke eine liebevoll gestaltete Sammlung einzigartiger H\u00e4kelprojekte! Dieses Buch ist die perfekte Fortsetzung f\u00fcr alle, die niedliche Figuren und fantasievolle Designs lieben.<\/p>\n<p>Dich erwarten zahlreiche detaillierte Anleitungen f\u00fcr bezaubernde H\u00e4kelfreunde \u2013 von s\u00fcssen Tieren bis hin zu magischen Wesen. Jede Anleitung ist klar strukturiert und Schritt f\u00fcr Schritt erkl\u00e4rt, sodass sowohl Anf\u00e4ngerinnen als auch Fortgeschrittene m\u00fchelos ihre eigenen kleinen Kunstwerke erschaffen k\u00f6nnen.<\/p>\n<p>Das erwartet dich:<\/p>\n<ul>\n<li>Vielf\u00e4ltige H\u00e4kelprojekte mit einzigartigem Charakter<\/li>\n<li>Verst\u00e4ndliche Schritt-f\u00fcr-Schritt-Anleitungen<\/li>\n<li>Tipps und Tricks f\u00fcr saubere Ergebnisse<\/li>\n<li>Perfekt zum Verschenken oder Selbstbehalten<\/li>\n<\/ul>\n<p>Ob als neues Lieblingsprojekt oder als kreative Geschenkidee \u2013 mit Fantastische H\u00e4kelfreunde 2 bringst du garantiert Freude auf die H\u00e4kelnadel!<\/p>\n<p>Sprache: Deutsch<\/p>\n","protected":false},"featured_media":28907,"template":"","meta":[],"product_brand":[],"product_cat":[1424,208],"product_tag":[],"class_list":{"0":"post-29087","1":"product","2":"type-product","3":"status-publish","4":"has-post-thumbnail","6":"product_cat-amigurumi-fr","7":"product_cat-livres","8":"pa_b1-language-allemand","9":"description-off","11":"first","12":"instock","13":"taxable","14":"shipping-taxable","15":"purchasable","16":"product-type-simple"},"bundled_by":[],"bundle_stock_status":"instock","bundle_stock_quantity":3,"bundle_virtual":false,"bundle_layout":"","bundle_add_to_cart_form_location":"","bundle_editable_in_cart":false,"bundle_sold_individually_context":"","bundle_item_grouping":"","bundle_min_size":"","bundle_max_size":"","bundle_price":[],"bundled_items":[],"bundle_sell_ids":[],"yoast_head":"<!-- This site is optimized with the Yoast SEO plugin v27.3 - https:\/\/yoast.com\/product\/yoast-seo-wordpress\/ -->\n<title>Fantastische Ha\u0308kelfreunde 2 &#171; Swiss Crochet<\/title>\n<meta name=\"robots\" content=\"index, follow, max-snippet:-1, max-image-preview:large, max-video-preview:-1\" \/>\n<link rel=\"canonical\" href=\"https:\/\/www.swisscrochet.ch\/fr\/produit\/fantastische-hakelfreunde-2\/\" \/>\n<meta property=\"og:locale\" content=\"fr_FR\" \/>\n<meta property=\"og:type\" content=\"article\" \/>\n<meta property=\"og:title\" content=\"Fantastische Ha\u0308kelfreunde 2 &#171; Swiss Crochet\" \/>\n<meta property=\"og:description\" content=\"Tauche ein in die zauberhafte Welt von Fantastische H\u00e4kelfreunde 2 und entdecke eine liebevoll gestaltete Sammlung einzigartiger H\u00e4kelprojekte! Dieses Buch ist die perfekte Fortsetzung f\u00fcr alle, die niedliche Figuren und fantasievolle Designs lieben.  Dich erwarten zahlreiche detaillierte Anleitungen f\u00fcr bezaubernde H\u00e4kelfreunde \u2013 von s\u00fcssen Tieren bis hin zu magischen Wesen. Jede Anleitung ist klar strukturiert und Schritt f\u00fcr Schritt erkl\u00e4rt, sodass sowohl Anf\u00e4ngerinnen als auch Fortgeschrittene m\u00fchelos ihre eigenen kleinen Kunstwerke erschaffen k\u00f6nnen.  Das erwartet dich:   Vielf\u00e4ltige H\u00e4kelprojekte mit einzigartigem Charakter  Verst\u00e4ndliche Schritt-f\u00fcr-Schritt-Anleitungen  Tipps und Tricks f\u00fcr saubere Ergebnisse  Perfekt zum Verschenken oder Selbstbehalten  Ob als neues Lieblingsprojekt oder als kreative Geschenkidee \u2013 mit Fantastische H\u00e4kelfreunde 2 bringst du garantiert Freude auf die H\u00e4kelnadel!  Sprache: Deutsch\" \/>\n<meta property=\"og:url\" content=\"https:\/\/www.swisscrochet.ch\/fr\/produit\/fantastische-hakelfreunde-2\/\" \/>\n<meta property=\"og:site_name\" content=\"Swiss Crochet\" \/>\n<meta name=\"twitter:card\" content=\"summary_large_image\" \/>\n<script type=\"application\/ld+json\" class=\"yoast-schema-graph\">{\"@context\":\"https:\\\/\\\/schema.org\",\"@graph\":[{\"@type\":[\"WebPage\",\"ItemPage\"],\"@id\":\"https:\\\/\\\/www.swisscrochet.ch\\\/fr\\\/produit\\\/fantastische-hakelfreunde-2\\\/\",\"url\":\"https:\\\/\\\/www.swisscrochet.ch\\\/fr\\\/produit\\\/fantastische-hakelfreunde-2\\\/\",\"name\":\"Fantastische Ha\u0308kelfreunde 2 &#171; Swiss Crochet\",\"isPartOf\":{\"@id\":\"https:\\\/\\\/www.swisscrochet.ch\\\/#website\"},\"primaryImageOfPage\":{\"@id\":\"https:\\\/\\\/www.swisscrochet.ch\\\/fr\\\/produit\\\/fantastische-hakelfreunde-2\\\/#primaryimage\"},\"image\":{\"@id\":\"https:\\\/\\\/www.swisscrochet.ch\\\/fr\\\/produit\\\/fantastische-hakelfreunde-2\\\/#primaryimage\"},\"thumbnailUrl\":\"https:\\\/\\\/www.swisscrochet.ch\\\/wp-content\\\/uploads\\\/2026\\\/04\\\/Fantasische-Hakelfreunde-2-Overview.jpg\",\"datePublished\":\"2026-04-03T17:00:29+00:00\",\"breadcrumb\":{\"@id\":\"https:\\\/\\\/www.swisscrochet.ch\\\/fr\\\/produit\\\/fantastische-hakelfreunde-2\\\/#breadcrumb\"},\"inLanguage\":\"fr-FR\",\"potentialAction\":[{\"@type\":\"ReadAction\",\"target\":[\"https:\\\/\\\/www.swisscrochet.ch\\\/fr\\\/produit\\\/fantastische-hakelfreunde-2\\\/\"]}]},{\"@type\":\"ImageObject\",\"inLanguage\":\"fr-FR\",\"@id\":\"https:\\\/\\\/www.swisscrochet.ch\\\/fr\\\/produit\\\/fantastische-hakelfreunde-2\\\/#primaryimage\",\"url\":\"https:\\\/\\\/www.swisscrochet.ch\\\/wp-content\\\/uploads\\\/2026\\\/04\\\/Fantasische-Hakelfreunde-2-Overview.jpg\",\"contentUrl\":\"https:\\\/\\\/www.swisscrochet.ch\\\/wp-content\\\/uploads\\\/2026\\\/04\\\/Fantasische-Hakelfreunde-2-Overview.jpg\",\"width\":1000,\"height\":1000},{\"@type\":\"BreadcrumbList\",\"@id\":\"https:\\\/\\\/www.swisscrochet.ch\\\/fr\\\/produit\\\/fantastische-hakelfreunde-2\\\/#breadcrumb\",\"itemListElement\":[{\"@type\":\"ListItem\",\"position\":1,\"name\":\"Home\",\"item\":\"https:\\\/\\\/www.swisscrochet.ch\\\/fr\\\/\"},{\"@type\":\"ListItem\",\"position\":2,\"name\":\"Boutique\",\"item\":\"https:\\\/\\\/www.swisscrochet.ch\\\/fr\\\/boutique\\\/\"},{\"@type\":\"ListItem\",\"position\":3,\"name\":\"Fantastische Ha\u0308kelfreunde 2\"}]},{\"@type\":\"WebSite\",\"@id\":\"https:\\\/\\\/www.swisscrochet.ch\\\/#website\",\"url\":\"https:\\\/\\\/www.swisscrochet.ch\\\/\",\"name\":\"Swiss Crochet\",\"description\":\"Lib\u00e9rez votre potentiel cr\u00e9atif\",\"potentialAction\":[{\"@type\":\"SearchAction\",\"target\":{\"@type\":\"EntryPoint\",\"urlTemplate\":\"https:\\\/\\\/www.swisscrochet.ch\\\/?s={search_term_string}\"},\"query-input\":{\"@type\":\"PropertyValueSpecification\",\"valueRequired\":true,\"valueName\":\"search_term_string\"}}],\"inLanguage\":\"fr-FR\"}]}<\/script>\n<!-- \/ Yoast SEO plugin. -->","yoast_head_json":{"title":"Fantastische Ha\u0308kelfreunde 2 &#171; Swiss Crochet","robots":{"index":"index","follow":"follow","max-snippet":"max-snippet:-1","max-image-preview":"max-image-preview:large","max-video-preview":"max-video-preview:-1"},"canonical":"https:\/\/www.swisscrochet.ch\/fr\/produit\/fantastische-hakelfreunde-2\/","og_locale":"fr_FR","og_type":"article","og_title":"Fantastische Ha\u0308kelfreunde 2 &#171; Swiss Crochet","og_description":"Tauche ein in die zauberhafte Welt von Fantastische H\u00e4kelfreunde 2 und entdecke eine liebevoll gestaltete Sammlung einzigartiger H\u00e4kelprojekte! Dieses Buch ist die perfekte Fortsetzung f\u00fcr alle, die niedliche Figuren und fantasievolle Designs lieben.  Dich erwarten zahlreiche detaillierte Anleitungen f\u00fcr bezaubernde H\u00e4kelfreunde \u2013 von s\u00fcssen Tieren bis hin zu magischen Wesen. Jede Anleitung ist klar strukturiert und Schritt f\u00fcr Schritt erkl\u00e4rt, sodass sowohl Anf\u00e4ngerinnen als auch Fortgeschrittene m\u00fchelos ihre eigenen kleinen Kunstwerke erschaffen k\u00f6nnen.  Das erwartet dich:   Vielf\u00e4ltige H\u00e4kelprojekte mit einzigartigem Charakter  Verst\u00e4ndliche Schritt-f\u00fcr-Schritt-Anleitungen  Tipps und Tricks f\u00fcr saubere Ergebnisse  Perfekt zum Verschenken oder Selbstbehalten  Ob als neues Lieblingsprojekt oder als kreative Geschenkidee \u2013 mit Fantastische H\u00e4kelfreunde 2 bringst du garantiert Freude auf die H\u00e4kelnadel!  Sprache: Deutsch","og_url":"https:\/\/www.swisscrochet.ch\/fr\/produit\/fantastische-hakelfreunde-2\/","og_site_name":"Swiss Crochet","twitter_card":"summary_large_image","schema":{"@context":"https:\/\/schema.org","@graph":[{"@type":["WebPage","ItemPage"],"@id":"https:\/\/www.swisscrochet.ch\/fr\/produit\/fantastische-hakelfreunde-2\/","url":"https:\/\/www.swisscrochet.ch\/fr\/produit\/fantastische-hakelfreunde-2\/","name":"Fantastische Ha\u0308kelfreunde 2 &#171; Swiss Crochet","isPartOf":{"@id":"https:\/\/www.swisscrochet.ch\/#website"},"primaryImageOfPage":{"@id":"https:\/\/www.swisscrochet.ch\/fr\/produit\/fantastische-hakelfreunde-2\/#primaryimage"},"image":{"@id":"https:\/\/www.swisscrochet.ch\/fr\/produit\/fantastische-hakelfreunde-2\/#primaryimage"},"thumbnailUrl":"https:\/\/www.swisscrochet.ch\/wp-content\/uploads\/2026\/04\/Fantasische-Hakelfreunde-2-Overview.jpg","datePublished":"2026-04-03T17:00:29+00:00","breadcrumb":{"@id":"https:\/\/www.swisscrochet.ch\/fr\/produit\/fantastische-hakelfreunde-2\/#breadcrumb"},"inLanguage":"fr-FR","potentialAction":[{"@type":"ReadAction","target":["https:\/\/www.swisscrochet.ch\/fr\/produit\/fantastische-hakelfreunde-2\/"]}]},{"@type":"ImageObject","inLanguage":"fr-FR","@id":"https:\/\/www.swisscrochet.ch\/fr\/produit\/fantastische-hakelfreunde-2\/#primaryimage","url":"https:\/\/www.swisscrochet.ch\/wp-content\/uploads\/2026\/04\/Fantasische-Hakelfreunde-2-Overview.jpg","contentUrl":"https:\/\/www.swisscrochet.ch\/wp-content\/uploads\/2026\/04\/Fantasische-Hakelfreunde-2-Overview.jpg","width":1000,"height":1000},{"@type":"BreadcrumbList","@id":"https:\/\/www.swisscrochet.ch\/fr\/produit\/fantastische-hakelfreunde-2\/#breadcrumb","itemListElement":[{"@type":"ListItem","position":1,"name":"Home","item":"https:\/\/www.swisscrochet.ch\/fr\/"},{"@type":"ListItem","position":2,"name":"Boutique","item":"https:\/\/www.swisscrochet.ch\/fr\/boutique\/"},{"@type":"ListItem","position":3,"name":"Fantastische Ha\u0308kelfreunde 2"}]},{"@type":"WebSite","@id":"https:\/\/www.swisscrochet.ch\/#website","url":"https:\/\/www.swisscrochet.ch\/","name":"Swiss Crochet","description":"Lib\u00e9rez votre potentiel cr\u00e9atif","potentialAction":[{"@type":"SearchAction","target":{"@type":"EntryPoint","urlTemplate":"https:\/\/www.swisscrochet.ch\/?s={search_term_string}"},"query-input":{"@type":"PropertyValueSpecification","valueRequired":true,"valueName":"search_term_string"}}],"inLanguage":"fr-FR"}]}},"_links":{"self":[{"href":"https:\/\/www.swisscrochet.ch\/fr\/wp-json\/wp\/v2\/product\/29087","targetHints":{"allow":["GET"]}}],"collection":[{"href":"https:\/\/www.swisscrochet.ch\/fr\/wp-json\/wp\/v2\/product"}],"about":[{"href":"https:\/\/www.swisscrochet.ch\/fr\/wp-json\/wp\/v2\/types\/product"}],"wp:featuredmedia":[{"embeddable":true,"href":"https:\/\/www.swisscrochet.ch\/fr\/wp-json\/wp\/v2\/media\/28907"}],"wp:attachment":[{"href":"https:\/\/www.swisscrochet.ch\/fr\/wp-json\/wp\/v2\/media?parent=29087"}],"wp:term":[{"taxonomy":"product_brand","embeddable":true,"href":"https:\/\/www.swisscrochet.ch\/fr\/wp-json\/wp\/v2\/product_brand?post=29087"},{"taxonomy":"product_cat","embeddable":true,"href":"https:\/\/www.swisscrochet.ch\/fr\/wp-json\/wp\/v2\/product_cat?post=29087"},{"taxonomy":"product_tag","embeddable":true,"href":"https:\/\/www.swisscrochet.ch\/fr\/wp-json\/wp\/v2\/product_tag?post=29087"}],"curies":[{"name":"wp","href":"https:\/\/api.w.org\/{rel}","templated":true}]}}