{"id":29132,"date":"2026-04-08T22:11:23","date_gmt":"2026-04-08T20:11:23","guid":{"rendered":"https:\/\/www.swisscrochet.ch\/product\/sea-turtle-zazu-yarn-kit\/"},"modified":"2026-04-08T22:19:54","modified_gmt":"2026-04-08T20:19:54","slug":"sea-turtle-zazu-kit-de-fil","status":"publish","type":"product","link":"https:\/\/www.swisscrochet.ch\/fr\/produit\/sea-turtle-zazu-kit-de-fil\/","title":{"rendered":"Sea Turtle Zazu \u2013 Kit de fil"},"content":{"rendered":"","protected":false},"excerpt":{"rendered":"<p>Plongez dans la douceur avec cette adorable tortue de mer toute douce et c\u00e2line ! Gr\u00e2ce au d\u00e9grad\u00e9 naturel du fil, chaque tortue pr\u00e9sente de subtiles variations de couleur \u2014 ajoutant une touche de charme suppl\u00e9mentaire. Choisissez parmi une superbe palette de 22 couleurs et cr\u00e9ez une tortue qui vous ressemble. Douce, confortable et pr\u00eate pour l\u2019aventure ! Quelle sera la couleur de votre tortue ?<\/p>\n<p><strong>Le kit comprend :<\/strong><\/p>\n<ul>\n<li>une copie num\u00e9rique du patron <a href=\"https:\/\/www.ravelry.com\/patterns\/library\/sea-turtle-zazu\" target=\"_blank\" rel=\"noopener\"> Sea Turtle Zazu par Laura de Vries <\/a> (disponible en anglais, allemand et n\u00e9erlandais)<\/li>\n<li>1 pelote de Big Darling Monochrome Cake<\/li>\n<li>une paire d\u2019yeux de s\u00e9curit\u00e9 noirs de 20 mm<\/li>\n<\/ul>\n<p><strong>Options suppl\u00e9mentaires :<\/strong><\/p>\n<ul>\n<li>crochet de 8.00 mm<\/li>\n<li>rembourrage en coton recycl\u00e9<\/li>\n<li>marqueurs de mailles<\/li>\n<\/ul>\n<p>Tout est r\u00e9uni dans un seul kit pratique \u2014 il vous suffit de choisir vos options, de t\u00e9l\u00e9charger le patron et de commencer \u00e0 crocheter votre propre adorable tortue de mer.<\/p>\n","protected":false},"featured_media":28092,"template":"","meta":[],"product_brand":[],"product_cat":[1659,331],"product_tag":[],"class_list":{"0":"post-29132","1":"product","2":"type-product","3":"status-publish","4":"has-post-thumbnail","6":"product_cat-kits-de-fils-amigurumi","7":"product_cat-kits-de-fils","8":"description-off","10":"first","11":"instock","12":"virtual","13":"taxable","14":"purchasable","15":"product-type-bundle"},"bundled_by":[],"bundle_stock_status":"instock","bundle_stock_quantity":12,"bundle_virtual":false,"bundle_layout":"default","bundle_add_to_cart_form_location":"default","bundle_editable_in_cart":false,"bundle_sold_individually_context":"product","bundle_item_grouping":"parent","bundle_min_size":"","bundle_max_size":"","bundle_price":{"price":{"min":{"incl_tax":"30.5","excl_tax":"28.21"},"max":{"incl_tax":"","excl_tax":""}},"regular_price":{"min":{"incl_tax":"30.5","excl_tax":"28.21"},"max":{"incl_tax":"","excl_tax":""}}},"bundled_items":[{"bundled_item_id":1085,"product_id":20379,"menu_order":0,"quantity_min":1,"quantity_max":1,"quantity_default":1,"priced_individually":true,"shipped_individually":false,"override_title":false,"title":"Scheepjes &#8211; Big Darling Monochrome Cake","override_description":true,"description":"","optional":false,"hide_thumbnail":false,"discount":"","override_variations":false,"allowed_variations":[""],"override_default_variation_attributes":false,"default_variation_attributes":[],"single_product_visibility":"visible","cart_visibility":"visible","order_visibility":"visible","single_product_price_visibility":"visible","cart_price_visibility":"visible","order_price_visibility":"visible","stock_status":"in_stock"},{"bundled_item_id":1086,"product_id":8325,"menu_order":1,"quantity_min":2,"quantity_max":2,"quantity_default":2,"priced_individually":true,"shipped_individually":false,"override_title":false,"title":"Yeux pour amigurumi \u2013 Noir \u2013 1 pi\u00e8ce","override_description":true,"description":"","optional":false,"hide_thumbnail":false,"discount":"","override_variations":true,"allowed_variations":[8335],"override_default_variation_attributes":true,"default_variation_attributes":[{"id":0,"name":"Size","option":"20mm"}],"single_product_visibility":"hidden","cart_visibility":"visible","order_visibility":"visible","single_product_price_visibility":"visible","cart_price_visibility":"visible","order_price_visibility":"visible","stock_status":"in_stock"},{"bundled_item_id":1087,"product_id":3546,"menu_order":2,"quantity_min":1,"quantity_max":1,"quantity_default":1,"priced_individually":true,"shipped_individually":false,"override_title":false,"title":"Tulip &#8211; MinD Crochet","override_description":true,"description":"","optional":true,"hide_thumbnail":false,"discount":"","override_variations":true,"allowed_variations":[3548],"override_default_variation_attributes":true,"default_variation_attributes":[{"id":0,"name":"Size","option":"8.00 mm"}],"single_product_visibility":"visible","cart_visibility":"visible","order_visibility":"visible","single_product_price_visibility":"visible","cart_price_visibility":"visible","order_price_visibility":"visible","stock_status":"in_stock"},{"bundled_item_id":1088,"product_id":7293,"menu_order":3,"quantity_min":3,"quantity_max":"","quantity_default":3,"priced_individually":true,"shipped_individually":false,"override_title":false,"title":"Hoooked &#8211; Remplissage en coton recycl\u00e9","override_description":true,"description":"","optional":true,"hide_thumbnail":false,"discount":"","override_variations":false,"allowed_variations":[""],"override_default_variation_attributes":false,"default_variation_attributes":[],"single_product_visibility":"visible","cart_visibility":"visible","order_visibility":"visible","single_product_price_visibility":"visible","cart_price_visibility":"visible","order_price_visibility":"visible","stock_status":"in_stock"},{"bundled_item_id":1089,"product_id":5060,"menu_order":4,"quantity_min":1,"quantity_max":"","quantity_default":1,"priced_individually":true,"shipped_individually":false,"override_title":false,"title":"Tulip &#8211; Set de marqueurs de maille &#8211; C\u0153ur","override_description":true,"description":"","optional":true,"hide_thumbnail":false,"discount":"","override_variations":false,"allowed_variations":[""],"override_default_variation_attributes":false,"default_variation_attributes":[],"single_product_visibility":"visible","cart_visibility":"visible","order_visibility":"visible","single_product_price_visibility":"visible","cart_price_visibility":"visible","order_price_visibility":"visible","stock_status":"in_stock"}],"bundle_sell_ids":[],"yoast_head":"<!-- This site is optimized with the Yoast SEO plugin v27.3 - https:\/\/yoast.com\/product\/yoast-seo-wordpress\/ -->\n<title>Sea Turtle Zazu \u2013 Kit de fil &#171; Swiss Crochet<\/title>\n<meta name=\"description\" content=\"Kit crochet Sea Turtle Zazu avec le fil Big Darling. R\u00e9alisez une tortue amigurumi douce avec des couleurs d\u00e9grad\u00e9es. Comprend le patron, le fil et des yeux de s\u00e9curit\u00e9.\" \/>\n<meta name=\"robots\" content=\"index, follow, max-snippet:-1, max-image-preview:large, max-video-preview:-1\" \/>\n<link rel=\"canonical\" href=\"https:\/\/www.swisscrochet.ch\/fr\/produit\/sea-turtle-zazu-kit-de-fil\/\" \/>\n<meta property=\"og:locale\" content=\"fr_FR\" \/>\n<meta property=\"og:type\" content=\"article\" \/>\n<meta property=\"og:title\" content=\"Sea Turtle Zazu \u2013 Kit de fil &#171; Swiss Crochet\" \/>\n<meta property=\"og:description\" content=\"Kit crochet Sea Turtle Zazu avec le fil Big Darling. R\u00e9alisez une tortue amigurumi douce avec des couleurs d\u00e9grad\u00e9es. Comprend le patron, le fil et des yeux de s\u00e9curit\u00e9.\" \/>\n<meta property=\"og:url\" content=\"https:\/\/www.swisscrochet.ch\/fr\/produit\/sea-turtle-zazu-kit-de-fil\/\" \/>\n<meta property=\"og:site_name\" content=\"Swiss Crochet\" \/>\n<meta property=\"article:modified_time\" content=\"2026-04-08T20:19:54+00:00\" \/>\n<meta property=\"og:image\" content=\"https:\/\/www.swisscrochet.ch\/wp-content\/uploads\/2026\/03\/Sea-Turtle-Zazu-1.webp\" \/>\n\t<meta property=\"og:image:width\" content=\"640\" \/>\n\t<meta property=\"og:image:height\" content=\"640\" \/>\n\t<meta property=\"og:image:type\" content=\"image\/webp\" \/>\n<meta name=\"twitter:card\" content=\"summary_large_image\" \/>\n<meta name=\"twitter:label1\" content=\"Dur\u00e9e de lecture estim\u00e9e\" \/>\n\t<meta name=\"twitter:data1\" content=\"1 minute\" \/>\n<script type=\"application\/ld+json\" class=\"yoast-schema-graph\">{\"@context\":\"https:\\\/\\\/schema.org\",\"@graph\":[{\"@type\":[\"WebPage\",\"ItemPage\"],\"@id\":\"https:\\\/\\\/www.swisscrochet.ch\\\/fr\\\/produit\\\/sea-turtle-zazu-kit-de-fil\\\/\",\"url\":\"https:\\\/\\\/www.swisscrochet.ch\\\/fr\\\/produit\\\/sea-turtle-zazu-kit-de-fil\\\/\",\"name\":\"Sea Turtle Zazu \u2013 Kit de fil &#171; Swiss Crochet\",\"isPartOf\":{\"@id\":\"https:\\\/\\\/www.swisscrochet.ch\\\/#website\"},\"primaryImageOfPage\":{\"@id\":\"https:\\\/\\\/www.swisscrochet.ch\\\/fr\\\/produit\\\/sea-turtle-zazu-kit-de-fil\\\/#primaryimage\"},\"image\":{\"@id\":\"https:\\\/\\\/www.swisscrochet.ch\\\/fr\\\/produit\\\/sea-turtle-zazu-kit-de-fil\\\/#primaryimage\"},\"thumbnailUrl\":\"https:\\\/\\\/www.swisscrochet.ch\\\/wp-content\\\/uploads\\\/2026\\\/03\\\/Sea-Turtle-Zazu-1.webp\",\"datePublished\":\"2026-04-08T20:11:23+00:00\",\"dateModified\":\"2026-04-08T20:19:54+00:00\",\"description\":\"Kit crochet Sea Turtle Zazu avec le fil Big Darling. R\u00e9alisez une tortue amigurumi douce avec des couleurs d\u00e9grad\u00e9es. Comprend le patron, le fil et des yeux de s\u00e9curit\u00e9.\",\"breadcrumb\":{\"@id\":\"https:\\\/\\\/www.swisscrochet.ch\\\/fr\\\/produit\\\/sea-turtle-zazu-kit-de-fil\\\/#breadcrumb\"},\"inLanguage\":\"fr-FR\",\"potentialAction\":[{\"@type\":\"ReadAction\",\"target\":[\"https:\\\/\\\/www.swisscrochet.ch\\\/fr\\\/produit\\\/sea-turtle-zazu-kit-de-fil\\\/\"]}]},{\"@type\":\"ImageObject\",\"inLanguage\":\"fr-FR\",\"@id\":\"https:\\\/\\\/www.swisscrochet.ch\\\/fr\\\/produit\\\/sea-turtle-zazu-kit-de-fil\\\/#primaryimage\",\"url\":\"https:\\\/\\\/www.swisscrochet.ch\\\/wp-content\\\/uploads\\\/2026\\\/03\\\/Sea-Turtle-Zazu-1.webp\",\"contentUrl\":\"https:\\\/\\\/www.swisscrochet.ch\\\/wp-content\\\/uploads\\\/2026\\\/03\\\/Sea-Turtle-Zazu-1.webp\",\"width\":640,\"height\":640},{\"@type\":\"BreadcrumbList\",\"@id\":\"https:\\\/\\\/www.swisscrochet.ch\\\/fr\\\/produit\\\/sea-turtle-zazu-kit-de-fil\\\/#breadcrumb\",\"itemListElement\":[{\"@type\":\"ListItem\",\"position\":1,\"name\":\"Home\",\"item\":\"https:\\\/\\\/www.swisscrochet.ch\\\/fr\\\/\"},{\"@type\":\"ListItem\",\"position\":2,\"name\":\"Boutique\",\"item\":\"https:\\\/\\\/www.swisscrochet.ch\\\/fr\\\/boutique\\\/\"},{\"@type\":\"ListItem\",\"position\":3,\"name\":\"Sea Turtle Zazu \u2013 Kit de fil\"}]},{\"@type\":\"WebSite\",\"@id\":\"https:\\\/\\\/www.swisscrochet.ch\\\/#website\",\"url\":\"https:\\\/\\\/www.swisscrochet.ch\\\/\",\"name\":\"Swiss Crochet\",\"description\":\"Lib\u00e9rez votre potentiel cr\u00e9atif\",\"potentialAction\":[{\"@type\":\"SearchAction\",\"target\":{\"@type\":\"EntryPoint\",\"urlTemplate\":\"https:\\\/\\\/www.swisscrochet.ch\\\/?s={search_term_string}\"},\"query-input\":{\"@type\":\"PropertyValueSpecification\",\"valueRequired\":true,\"valueName\":\"search_term_string\"}}],\"inLanguage\":\"fr-FR\"}]}<\/script>\n<!-- \/ Yoast SEO plugin. -->","yoast_head_json":{"title":"Sea Turtle Zazu \u2013 Kit de fil &#171; Swiss Crochet","description":"Kit crochet Sea Turtle Zazu avec le fil Big Darling. R\u00e9alisez une tortue amigurumi douce avec des couleurs d\u00e9grad\u00e9es. Comprend le patron, le fil et des yeux de s\u00e9curit\u00e9.","robots":{"index":"index","follow":"follow","max-snippet":"max-snippet:-1","max-image-preview":"max-image-preview:large","max-video-preview":"max-video-preview:-1"},"canonical":"https:\/\/www.swisscrochet.ch\/fr\/produit\/sea-turtle-zazu-kit-de-fil\/","og_locale":"fr_FR","og_type":"article","og_title":"Sea Turtle Zazu \u2013 Kit de fil &#171; Swiss Crochet","og_description":"Kit crochet Sea Turtle Zazu avec le fil Big Darling. R\u00e9alisez une tortue amigurumi douce avec des couleurs d\u00e9grad\u00e9es. Comprend le patron, le fil et des yeux de s\u00e9curit\u00e9.","og_url":"https:\/\/www.swisscrochet.ch\/fr\/produit\/sea-turtle-zazu-kit-de-fil\/","og_site_name":"Swiss Crochet","article_modified_time":"2026-04-08T20:19:54+00:00","og_image":[{"width":640,"height":640,"url":"https:\/\/www.swisscrochet.ch\/wp-content\/uploads\/2026\/03\/Sea-Turtle-Zazu-1.webp","type":"image\/webp"}],"twitter_card":"summary_large_image","twitter_misc":{"Dur\u00e9e de lecture estim\u00e9e":"1 minute"},"schema":{"@context":"https:\/\/schema.org","@graph":[{"@type":["WebPage","ItemPage"],"@id":"https:\/\/www.swisscrochet.ch\/fr\/produit\/sea-turtle-zazu-kit-de-fil\/","url":"https:\/\/www.swisscrochet.ch\/fr\/produit\/sea-turtle-zazu-kit-de-fil\/","name":"Sea Turtle Zazu \u2013 Kit de fil &#171; Swiss Crochet","isPartOf":{"@id":"https:\/\/www.swisscrochet.ch\/#website"},"primaryImageOfPage":{"@id":"https:\/\/www.swisscrochet.ch\/fr\/produit\/sea-turtle-zazu-kit-de-fil\/#primaryimage"},"image":{"@id":"https:\/\/www.swisscrochet.ch\/fr\/produit\/sea-turtle-zazu-kit-de-fil\/#primaryimage"},"thumbnailUrl":"https:\/\/www.swisscrochet.ch\/wp-content\/uploads\/2026\/03\/Sea-Turtle-Zazu-1.webp","datePublished":"2026-04-08T20:11:23+00:00","dateModified":"2026-04-08T20:19:54+00:00","description":"Kit crochet Sea Turtle Zazu avec le fil Big Darling. R\u00e9alisez une tortue amigurumi douce avec des couleurs d\u00e9grad\u00e9es. Comprend le patron, le fil et des yeux de s\u00e9curit\u00e9.","breadcrumb":{"@id":"https:\/\/www.swisscrochet.ch\/fr\/produit\/sea-turtle-zazu-kit-de-fil\/#breadcrumb"},"inLanguage":"fr-FR","potentialAction":[{"@type":"ReadAction","target":["https:\/\/www.swisscrochet.ch\/fr\/produit\/sea-turtle-zazu-kit-de-fil\/"]}]},{"@type":"ImageObject","inLanguage":"fr-FR","@id":"https:\/\/www.swisscrochet.ch\/fr\/produit\/sea-turtle-zazu-kit-de-fil\/#primaryimage","url":"https:\/\/www.swisscrochet.ch\/wp-content\/uploads\/2026\/03\/Sea-Turtle-Zazu-1.webp","contentUrl":"https:\/\/www.swisscrochet.ch\/wp-content\/uploads\/2026\/03\/Sea-Turtle-Zazu-1.webp","width":640,"height":640},{"@type":"BreadcrumbList","@id":"https:\/\/www.swisscrochet.ch\/fr\/produit\/sea-turtle-zazu-kit-de-fil\/#breadcrumb","itemListElement":[{"@type":"ListItem","position":1,"name":"Home","item":"https:\/\/www.swisscrochet.ch\/fr\/"},{"@type":"ListItem","position":2,"name":"Boutique","item":"https:\/\/www.swisscrochet.ch\/fr\/boutique\/"},{"@type":"ListItem","position":3,"name":"Sea Turtle Zazu \u2013 Kit de fil"}]},{"@type":"WebSite","@id":"https:\/\/www.swisscrochet.ch\/#website","url":"https:\/\/www.swisscrochet.ch\/","name":"Swiss Crochet","description":"Lib\u00e9rez votre potentiel cr\u00e9atif","potentialAction":[{"@type":"SearchAction","target":{"@type":"EntryPoint","urlTemplate":"https:\/\/www.swisscrochet.ch\/?s={search_term_string}"},"query-input":{"@type":"PropertyValueSpecification","valueRequired":true,"valueName":"search_term_string"}}],"inLanguage":"fr-FR"}]}},"_links":{"self":[{"href":"https:\/\/www.swisscrochet.ch\/fr\/wp-json\/wp\/v2\/product\/29132","targetHints":{"allow":["GET"]}}],"collection":[{"href":"https:\/\/www.swisscrochet.ch\/fr\/wp-json\/wp\/v2\/product"}],"about":[{"href":"https:\/\/www.swisscrochet.ch\/fr\/wp-json\/wp\/v2\/types\/product"}],"wp:featuredmedia":[{"embeddable":true,"href":"https:\/\/www.swisscrochet.ch\/fr\/wp-json\/wp\/v2\/media\/28092"}],"wp:attachment":[{"href":"https:\/\/www.swisscrochet.ch\/fr\/wp-json\/wp\/v2\/media?parent=29132"}],"wp:term":[{"taxonomy":"product_brand","embeddable":true,"href":"https:\/\/www.swisscrochet.ch\/fr\/wp-json\/wp\/v2\/product_brand?post=29132"},{"taxonomy":"product_cat","embeddable":true,"href":"https:\/\/www.swisscrochet.ch\/fr\/wp-json\/wp\/v2\/product_cat?post=29132"},{"taxonomy":"product_tag","embeddable":true,"href":"https:\/\/www.swisscrochet.ch\/fr\/wp-json\/wp\/v2\/product_tag?post=29132"}],"curies":[{"name":"wp","href":"https:\/\/api.w.org\/{rel}","templated":true}]}}