{"id":29140,"date":"2026-04-08T22:41:34","date_gmt":"2026-04-08T20:41:34","guid":{"rendered":"https:\/\/www.swisscrochet.ch\/product\/florence-the-unicorn-yarn-kit\/"},"modified":"2026-04-08T23:04:01","modified_gmt":"2026-04-08T21:04:01","slug":"florence-la-licorne-kit-de-fil","status":"publish","type":"product","link":"https:\/\/www.swisscrochet.ch\/fr\/produit\/florence-la-licorne-kit-de-fil\/","title":{"rendered":"Florence la licorne \u2013 Kit de fil"},"content":{"rendered":"","protected":false},"excerpt":{"rendered":"<p>Florence la licorne enchantera \u00e0 coup s\u00fbr tous les enfants \u00e0 l\u2019imagination d\u00e9bordante ! R\u00e9alisez au crochet ce compagnon magique en Scheepjes Catona avec corne et sabots dor\u00e9s, une crini\u00e8re ondoyante de boucles spiral\u00e9es et une partie inf\u00e9rieure \u00e9cailleuse aux douces couleurs arc-en-ciel. Les yeux endormis brod\u00e9s avec de longs cils donnent \u00e0 cette cr\u00e9ature rare une apparence douce et attachante. Florence est con\u00e7ue pour s\u2019adapter sur une balle oscillante avec clochette int\u00e9gr\u00e9e. Donnez-lui une petite impulsion et elle stimulera les sens en se balan\u00e7ant joyeusement, avec un tintement d\u00e9licat \u00e0 chaque mouvement.<\/p>\n<p><strong>Le kit comprend :<\/strong><\/p>\n<ul>\n<li>une copie num\u00e9rique du patron <a href=\"https:\/\/www.ravelry.com\/patterns\/library\/florence-the-unicorn\" target=\"_blank\" rel=\"noopener\">Florence the Unicorn par Nienke Jongstra<\/a> (disponible en anglais, allemand, fran\u00e7ais, espagnol et n\u00e9erlandais)<\/li>\n<li>1 pelote de Catona 50 g<\/li>\n<li>6 pelotes de Catona 25 g<\/li>\n<li>1 balle oscillante dans la couleur de votre choix<\/li>\n<li>fil \u00e9lastique pour crocheter le bord inf\u00e9rieur \u2014 pour s\u2019adapter \u00e0 la balle oscillante<\/li>\n<\/ul>\n<p><strong>Options suppl\u00e9mentaires :<\/strong><\/p>\n<ul>\n<li>crochet de 2.50 mm<\/li>\n<li>rembourrage en coton recycl\u00e9<\/li>\n<li>marqueurs de mailles<\/li>\n<\/ul>\n<p>Tout est r\u00e9uni dans un seul kit pratique \u2014 il vous suffit de choisir vos options, de t\u00e9l\u00e9charger le patron et de commencer \u00e0 crocheter votre adorable licorne oscillante.<\/p>\n","protected":false},"featured_media":28108,"template":"","meta":[],"product_brand":[],"product_cat":[1659,331],"product_tag":[],"class_list":{"0":"post-29140","1":"product","2":"type-product","3":"status-publish","4":"has-post-thumbnail","6":"product_cat-kits-de-fils-amigurumi","7":"product_cat-kits-de-fils","8":"description-off","10":"first","11":"instock","12":"virtual","13":"taxable","14":"purchasable","15":"product-type-bundle"},"bundled_by":[],"bundle_stock_status":"instock","bundle_stock_quantity":12,"bundle_virtual":false,"bundle_layout":"default","bundle_add_to_cart_form_location":"default","bundle_editable_in_cart":false,"bundle_sold_individually_context":"product","bundle_item_grouping":"parent","bundle_min_size":"","bundle_max_size":"","bundle_price":{"price":{"min":{"incl_tax":"35.3","excl_tax":"32.68"},"max":{"incl_tax":"","excl_tax":""}},"regular_price":{"min":{"incl_tax":"35.3","excl_tax":"32.68"},"max":{"incl_tax":"","excl_tax":""}}},"bundled_items":[{"bundled_item_id":1125,"product_id":3152,"menu_order":0,"quantity_min":1,"quantity_max":1,"quantity_default":1,"priced_individually":true,"shipped_individually":false,"override_title":false,"title":"Scheepjes &#8211; Catona &#8211; 50gr","override_description":false,"description":"Scheepjes &#8211; Catona &#8211; 50gr","optional":false,"hide_thumbnail":false,"discount":"","override_variations":true,"allowed_variations":[3164],"override_default_variation_attributes":true,"default_variation_attributes":[{"id":0,"name":"Color","option":"130 - Old Lace"}],"single_product_visibility":"hidden","cart_visibility":"visible","order_visibility":"visible","single_product_price_visibility":"visible","cart_price_visibility":"visible","order_price_visibility":"visible","stock_status":"in_stock"},{"bundled_item_id":1126,"product_id":2809,"menu_order":1,"quantity_min":1,"quantity_max":1,"quantity_default":1,"priced_individually":true,"shipped_individually":false,"override_title":false,"title":"Scheepjes &#8211; Catona &#8211; 25gr","override_description":false,"description":"Scheepjes &#8211; Catona &#8211; 25gr","optional":false,"hide_thumbnail":false,"discount":"","override_variations":true,"allowed_variations":[2861],"override_default_variation_attributes":true,"default_variation_attributes":[{"id":0,"name":"Color","option":"383 - Ginger Gold"}],"single_product_visibility":"hidden","cart_visibility":"visible","order_visibility":"visible","single_product_price_visibility":"visible","cart_price_visibility":"visible","order_price_visibility":"visible","stock_status":"in_stock"},{"bundled_item_id":1127,"product_id":2809,"menu_order":2,"quantity_min":1,"quantity_max":1,"quantity_default":1,"priced_individually":true,"shipped_individually":false,"override_title":false,"title":"Scheepjes &#8211; Catona &#8211; 25gr","override_description":false,"description":"Scheepjes &#8211; Catona &#8211; 25gr","optional":false,"hide_thumbnail":false,"discount":"","override_variations":true,"allowed_variations":[2885],"override_default_variation_attributes":true,"default_variation_attributes":[{"id":0,"name":"Color","option":"409 - Soft Rose"}],"single_product_visibility":"hidden","cart_visibility":"visible","order_visibility":"visible","single_product_price_visibility":"visible","cart_price_visibility":"visible","order_price_visibility":"visible","stock_status":"in_stock"},{"bundled_item_id":1128,"product_id":2809,"menu_order":3,"quantity_min":1,"quantity_max":1,"quantity_default":1,"priced_individually":true,"shipped_individually":false,"override_title":false,"title":"Scheepjes &#8211; Catona &#8211; 25gr","override_description":false,"description":"Scheepjes &#8211; Catona &#8211; 25gr","optional":false,"hide_thumbnail":false,"discount":"","override_variations":true,"allowed_variations":[2890],"override_default_variation_attributes":true,"default_variation_attributes":[{"id":0,"name":"Color","option":"414 - Vintage Peach"}],"single_product_visibility":"hidden","cart_visibility":"visible","order_visibility":"visible","single_product_price_visibility":"visible","cart_price_visibility":"visible","order_price_visibility":"visible","stock_status":"in_stock"},{"bundled_item_id":1129,"product_id":2809,"menu_order":4,"quantity_min":1,"quantity_max":1,"quantity_default":1,"priced_individually":true,"shipped_individually":false,"override_title":false,"title":"Scheepjes &#8211; Catona &#8211; 25gr","override_description":false,"description":"Scheepjes &#8211; Catona &#8211; 25gr","optional":false,"hide_thumbnail":false,"discount":"","override_variations":true,"allowed_variations":[2912],"override_default_variation_attributes":true,"default_variation_attributes":[{"id":0,"name":"Color","option":"522 - Primrose"}],"single_product_visibility":"hidden","cart_visibility":"visible","order_visibility":"visible","single_product_price_visibility":"visible","cart_price_visibility":"visible","order_price_visibility":"visible","stock_status":"in_stock"},{"bundled_item_id":1130,"product_id":2809,"menu_order":5,"quantity_min":1,"quantity_max":1,"quantity_default":1,"priced_individually":true,"shipped_individually":false,"override_title":false,"title":"Scheepjes &#8211; Catona &#8211; 25gr","override_description":false,"description":"Scheepjes &#8211; Catona &#8211; 25gr","optional":false,"hide_thumbnail":false,"discount":"","override_variations":true,"allowed_variations":[2870],"override_default_variation_attributes":true,"default_variation_attributes":[{"id":0,"name":"Color","option":"392 - Lime Juice"}],"single_product_visibility":"hidden","cart_visibility":"visible","order_visibility":"visible","single_product_price_visibility":"visible","cart_price_visibility":"visible","order_price_visibility":"visible","stock_status":"in_stock"},{"bundled_item_id":1131,"product_id":2809,"menu_order":6,"quantity_min":1,"quantity_max":1,"quantity_default":1,"priced_individually":true,"shipped_individually":false,"override_title":false,"title":"Scheepjes &#8211; Catona &#8211; 25gr","override_description":false,"description":"Scheepjes &#8211; Catona &#8211; 25gr","optional":false,"hide_thumbnail":false,"discount":"","override_variations":true,"allowed_variations":[2863],"override_default_variation_attributes":true,"default_variation_attributes":[{"id":0,"name":"Color","option":"385 - Crystalline"}],"single_product_visibility":"hidden","cart_visibility":"visible","order_visibility":"visible","single_product_price_visibility":"visible","cart_price_visibility":"visible","order_price_visibility":"visible","stock_status":"in_stock"},{"bundled_item_id":1132,"product_id":7252,"menu_order":7,"quantity_min":1,"quantity_max":1,"quantity_default":1,"priced_individually":true,"shipped_individually":false,"override_title":false,"title":"G\u00fctermann &#8211; Bobine de fil \u00e9lastique","override_description":true,"description":"","optional":false,"hide_thumbnail":false,"discount":"","override_variations":false,"allowed_variations":[""],"override_default_variation_attributes":false,"default_variation_attributes":[],"single_product_visibility":"visible","cart_visibility":"visible","order_visibility":"visible","single_product_price_visibility":"visible","cart_price_visibility":"visible","order_price_visibility":"visible","stock_status":"in_stock"},{"bundled_item_id":1133,"product_id":26636,"menu_order":8,"quantity_min":1,"quantity_max":1,"quantity_default":1,"priced_individually":true,"shipped_individually":false,"override_title":false,"title":"Opry &#8211; Balle oscillante","override_description":true,"description":"","optional":false,"hide_thumbnail":false,"discount":"","override_variations":false,"allowed_variations":[""],"override_default_variation_attributes":false,"default_variation_attributes":[],"single_product_visibility":"visible","cart_visibility":"visible","order_visibility":"visible","single_product_price_visibility":"visible","cart_price_visibility":"visible","order_price_visibility":"visible","stock_status":"in_stock"},{"bundled_item_id":1134,"product_id":13474,"menu_order":9,"quantity_min":1,"quantity_max":1,"quantity_default":1,"priced_individually":true,"shipped_individually":false,"override_title":false,"title":"Clover &#8211; Amour Crochet avec manche souple","override_description":true,"description":"","optional":true,"hide_thumbnail":false,"discount":"","override_variations":true,"allowed_variations":[13476],"override_default_variation_attributes":true,"default_variation_attributes":[{"id":0,"name":"Size","option":"2.50 mm"}],"single_product_visibility":"visible","cart_visibility":"visible","order_visibility":"visible","single_product_price_visibility":"visible","cart_price_visibility":"visible","order_price_visibility":"visible","stock_status":"in_stock"},{"bundled_item_id":1135,"product_id":7293,"menu_order":10,"quantity_min":1,"quantity_max":"","quantity_default":1,"priced_individually":true,"shipped_individually":false,"override_title":false,"title":"Hoooked &#8211; Remplissage en coton recycl\u00e9","override_description":true,"description":"","optional":true,"hide_thumbnail":false,"discount":"","override_variations":false,"allowed_variations":[""],"override_default_variation_attributes":false,"default_variation_attributes":[],"single_product_visibility":"visible","cart_visibility":"visible","order_visibility":"visible","single_product_price_visibility":"visible","cart_price_visibility":"visible","order_price_visibility":"visible","stock_status":"in_stock"},{"bundled_item_id":1136,"product_id":5060,"menu_order":11,"quantity_min":1,"quantity_max":"","quantity_default":1,"priced_individually":true,"shipped_individually":false,"override_title":false,"title":"Tulip &#8211; Set de marqueurs de maille &#8211; C\u0153ur","override_description":true,"description":"","optional":true,"hide_thumbnail":false,"discount":"","override_variations":false,"allowed_variations":[""],"override_default_variation_attributes":false,"default_variation_attributes":[],"single_product_visibility":"visible","cart_visibility":"visible","order_visibility":"visible","single_product_price_visibility":"visible","cart_price_visibility":"visible","order_price_visibility":"visible","stock_status":"in_stock"}],"bundle_sell_ids":[],"yoast_head":"<!-- This site is optimized with the Yoast SEO plugin v27.3 - https:\/\/yoast.com\/product\/yoast-seo-wordpress\/ -->\n<title>Florence la licorne \u2013 Kit de fil &#171; Swiss Crochet<\/title>\n<meta name=\"description\" content=\"Kit crochet Florence la licorne avec Scheepjes Catona et balle oscillante. Cr\u00e9ez une licorne amigurumi douce avec clochette, parfaite pour les jouets pour b\u00e9b\u00e9 et les cadeaux.\" \/>\n<meta name=\"robots\" content=\"index, follow, max-snippet:-1, max-image-preview:large, max-video-preview:-1\" \/>\n<link rel=\"canonical\" href=\"https:\/\/www.swisscrochet.ch\/fr\/produit\/florence-la-licorne-kit-de-fil\/\" \/>\n<meta property=\"og:locale\" content=\"fr_FR\" \/>\n<meta property=\"og:type\" content=\"article\" \/>\n<meta property=\"og:title\" content=\"Florence la licorne \u2013 Kit de fil &#171; Swiss Crochet\" \/>\n<meta property=\"og:description\" content=\"Kit crochet Florence la licorne avec Scheepjes Catona et balle oscillante. Cr\u00e9ez une licorne amigurumi douce avec clochette, parfaite pour les jouets pour b\u00e9b\u00e9 et les cadeaux.\" \/>\n<meta property=\"og:url\" content=\"https:\/\/www.swisscrochet.ch\/fr\/produit\/florence-la-licorne-kit-de-fil\/\" \/>\n<meta property=\"og:site_name\" content=\"Swiss Crochet\" \/>\n<meta property=\"article:modified_time\" content=\"2026-04-08T21:04:01+00:00\" \/>\n<meta property=\"og:image\" content=\"https:\/\/www.swisscrochet.ch\/wp-content\/uploads\/2026\/03\/Florence-the-Unicorn-1.webp\" \/>\n\t<meta property=\"og:image:width\" content=\"640\" \/>\n\t<meta property=\"og:image:height\" content=\"640\" \/>\n\t<meta property=\"og:image:type\" content=\"image\/webp\" \/>\n<meta name=\"twitter:card\" content=\"summary_large_image\" \/>\n<meta name=\"twitter:label1\" content=\"Dur\u00e9e de lecture estim\u00e9e\" \/>\n\t<meta name=\"twitter:data1\" content=\"1 minute\" \/>\n<script type=\"application\/ld+json\" class=\"yoast-schema-graph\">{\"@context\":\"https:\\\/\\\/schema.org\",\"@graph\":[{\"@type\":[\"WebPage\",\"ItemPage\"],\"@id\":\"https:\\\/\\\/www.swisscrochet.ch\\\/fr\\\/produit\\\/florence-la-licorne-kit-de-fil\\\/\",\"url\":\"https:\\\/\\\/www.swisscrochet.ch\\\/fr\\\/produit\\\/florence-la-licorne-kit-de-fil\\\/\",\"name\":\"Florence la licorne \u2013 Kit de fil &#171; Swiss Crochet\",\"isPartOf\":{\"@id\":\"https:\\\/\\\/www.swisscrochet.ch\\\/#website\"},\"primaryImageOfPage\":{\"@id\":\"https:\\\/\\\/www.swisscrochet.ch\\\/fr\\\/produit\\\/florence-la-licorne-kit-de-fil\\\/#primaryimage\"},\"image\":{\"@id\":\"https:\\\/\\\/www.swisscrochet.ch\\\/fr\\\/produit\\\/florence-la-licorne-kit-de-fil\\\/#primaryimage\"},\"thumbnailUrl\":\"https:\\\/\\\/www.swisscrochet.ch\\\/wp-content\\\/uploads\\\/2026\\\/03\\\/Florence-the-Unicorn-1.webp\",\"datePublished\":\"2026-04-08T20:41:34+00:00\",\"dateModified\":\"2026-04-08T21:04:01+00:00\",\"description\":\"Kit crochet Florence la licorne avec Scheepjes Catona et balle oscillante. Cr\u00e9ez une licorne amigurumi douce avec clochette, parfaite pour les jouets pour b\u00e9b\u00e9 et les cadeaux.\",\"breadcrumb\":{\"@id\":\"https:\\\/\\\/www.swisscrochet.ch\\\/fr\\\/produit\\\/florence-la-licorne-kit-de-fil\\\/#breadcrumb\"},\"inLanguage\":\"fr-FR\",\"potentialAction\":[{\"@type\":\"ReadAction\",\"target\":[\"https:\\\/\\\/www.swisscrochet.ch\\\/fr\\\/produit\\\/florence-la-licorne-kit-de-fil\\\/\"]}]},{\"@type\":\"ImageObject\",\"inLanguage\":\"fr-FR\",\"@id\":\"https:\\\/\\\/www.swisscrochet.ch\\\/fr\\\/produit\\\/florence-la-licorne-kit-de-fil\\\/#primaryimage\",\"url\":\"https:\\\/\\\/www.swisscrochet.ch\\\/wp-content\\\/uploads\\\/2026\\\/03\\\/Florence-the-Unicorn-1.webp\",\"contentUrl\":\"https:\\\/\\\/www.swisscrochet.ch\\\/wp-content\\\/uploads\\\/2026\\\/03\\\/Florence-the-Unicorn-1.webp\",\"width\":640,\"height\":640},{\"@type\":\"BreadcrumbList\",\"@id\":\"https:\\\/\\\/www.swisscrochet.ch\\\/fr\\\/produit\\\/florence-la-licorne-kit-de-fil\\\/#breadcrumb\",\"itemListElement\":[{\"@type\":\"ListItem\",\"position\":1,\"name\":\"Home\",\"item\":\"https:\\\/\\\/www.swisscrochet.ch\\\/fr\\\/\"},{\"@type\":\"ListItem\",\"position\":2,\"name\":\"Boutique\",\"item\":\"https:\\\/\\\/www.swisscrochet.ch\\\/fr\\\/boutique\\\/\"},{\"@type\":\"ListItem\",\"position\":3,\"name\":\"Florence la licorne \u2013 Kit de fil\"}]},{\"@type\":\"WebSite\",\"@id\":\"https:\\\/\\\/www.swisscrochet.ch\\\/#website\",\"url\":\"https:\\\/\\\/www.swisscrochet.ch\\\/\",\"name\":\"Swiss Crochet\",\"description\":\"Lib\u00e9rez votre potentiel cr\u00e9atif\",\"potentialAction\":[{\"@type\":\"SearchAction\",\"target\":{\"@type\":\"EntryPoint\",\"urlTemplate\":\"https:\\\/\\\/www.swisscrochet.ch\\\/?s={search_term_string}\"},\"query-input\":{\"@type\":\"PropertyValueSpecification\",\"valueRequired\":true,\"valueName\":\"search_term_string\"}}],\"inLanguage\":\"fr-FR\"}]}<\/script>\n<!-- \/ Yoast SEO plugin. -->","yoast_head_json":{"title":"Florence la licorne \u2013 Kit de fil &#171; Swiss Crochet","description":"Kit crochet Florence la licorne avec Scheepjes Catona et balle oscillante. Cr\u00e9ez une licorne amigurumi douce avec clochette, parfaite pour les jouets pour b\u00e9b\u00e9 et les cadeaux.","robots":{"index":"index","follow":"follow","max-snippet":"max-snippet:-1","max-image-preview":"max-image-preview:large","max-video-preview":"max-video-preview:-1"},"canonical":"https:\/\/www.swisscrochet.ch\/fr\/produit\/florence-la-licorne-kit-de-fil\/","og_locale":"fr_FR","og_type":"article","og_title":"Florence la licorne \u2013 Kit de fil &#171; Swiss Crochet","og_description":"Kit crochet Florence la licorne avec Scheepjes Catona et balle oscillante. Cr\u00e9ez une licorne amigurumi douce avec clochette, parfaite pour les jouets pour b\u00e9b\u00e9 et les cadeaux.","og_url":"https:\/\/www.swisscrochet.ch\/fr\/produit\/florence-la-licorne-kit-de-fil\/","og_site_name":"Swiss Crochet","article_modified_time":"2026-04-08T21:04:01+00:00","og_image":[{"width":640,"height":640,"url":"https:\/\/www.swisscrochet.ch\/wp-content\/uploads\/2026\/03\/Florence-the-Unicorn-1.webp","type":"image\/webp"}],"twitter_card":"summary_large_image","twitter_misc":{"Dur\u00e9e de lecture estim\u00e9e":"1 minute"},"schema":{"@context":"https:\/\/schema.org","@graph":[{"@type":["WebPage","ItemPage"],"@id":"https:\/\/www.swisscrochet.ch\/fr\/produit\/florence-la-licorne-kit-de-fil\/","url":"https:\/\/www.swisscrochet.ch\/fr\/produit\/florence-la-licorne-kit-de-fil\/","name":"Florence la licorne \u2013 Kit de fil &#171; Swiss Crochet","isPartOf":{"@id":"https:\/\/www.swisscrochet.ch\/#website"},"primaryImageOfPage":{"@id":"https:\/\/www.swisscrochet.ch\/fr\/produit\/florence-la-licorne-kit-de-fil\/#primaryimage"},"image":{"@id":"https:\/\/www.swisscrochet.ch\/fr\/produit\/florence-la-licorne-kit-de-fil\/#primaryimage"},"thumbnailUrl":"https:\/\/www.swisscrochet.ch\/wp-content\/uploads\/2026\/03\/Florence-the-Unicorn-1.webp","datePublished":"2026-04-08T20:41:34+00:00","dateModified":"2026-04-08T21:04:01+00:00","description":"Kit crochet Florence la licorne avec Scheepjes Catona et balle oscillante. Cr\u00e9ez une licorne amigurumi douce avec clochette, parfaite pour les jouets pour b\u00e9b\u00e9 et les cadeaux.","breadcrumb":{"@id":"https:\/\/www.swisscrochet.ch\/fr\/produit\/florence-la-licorne-kit-de-fil\/#breadcrumb"},"inLanguage":"fr-FR","potentialAction":[{"@type":"ReadAction","target":["https:\/\/www.swisscrochet.ch\/fr\/produit\/florence-la-licorne-kit-de-fil\/"]}]},{"@type":"ImageObject","inLanguage":"fr-FR","@id":"https:\/\/www.swisscrochet.ch\/fr\/produit\/florence-la-licorne-kit-de-fil\/#primaryimage","url":"https:\/\/www.swisscrochet.ch\/wp-content\/uploads\/2026\/03\/Florence-the-Unicorn-1.webp","contentUrl":"https:\/\/www.swisscrochet.ch\/wp-content\/uploads\/2026\/03\/Florence-the-Unicorn-1.webp","width":640,"height":640},{"@type":"BreadcrumbList","@id":"https:\/\/www.swisscrochet.ch\/fr\/produit\/florence-la-licorne-kit-de-fil\/#breadcrumb","itemListElement":[{"@type":"ListItem","position":1,"name":"Home","item":"https:\/\/www.swisscrochet.ch\/fr\/"},{"@type":"ListItem","position":2,"name":"Boutique","item":"https:\/\/www.swisscrochet.ch\/fr\/boutique\/"},{"@type":"ListItem","position":3,"name":"Florence la licorne \u2013 Kit de fil"}]},{"@type":"WebSite","@id":"https:\/\/www.swisscrochet.ch\/#website","url":"https:\/\/www.swisscrochet.ch\/","name":"Swiss Crochet","description":"Lib\u00e9rez votre potentiel cr\u00e9atif","potentialAction":[{"@type":"SearchAction","target":{"@type":"EntryPoint","urlTemplate":"https:\/\/www.swisscrochet.ch\/?s={search_term_string}"},"query-input":{"@type":"PropertyValueSpecification","valueRequired":true,"valueName":"search_term_string"}}],"inLanguage":"fr-FR"}]}},"_links":{"self":[{"href":"https:\/\/www.swisscrochet.ch\/fr\/wp-json\/wp\/v2\/product\/29140","targetHints":{"allow":["GET"]}}],"collection":[{"href":"https:\/\/www.swisscrochet.ch\/fr\/wp-json\/wp\/v2\/product"}],"about":[{"href":"https:\/\/www.swisscrochet.ch\/fr\/wp-json\/wp\/v2\/types\/product"}],"wp:featuredmedia":[{"embeddable":true,"href":"https:\/\/www.swisscrochet.ch\/fr\/wp-json\/wp\/v2\/media\/28108"}],"wp:attachment":[{"href":"https:\/\/www.swisscrochet.ch\/fr\/wp-json\/wp\/v2\/media?parent=29140"}],"wp:term":[{"taxonomy":"product_brand","embeddable":true,"href":"https:\/\/www.swisscrochet.ch\/fr\/wp-json\/wp\/v2\/product_brand?post=29140"},{"taxonomy":"product_cat","embeddable":true,"href":"https:\/\/www.swisscrochet.ch\/fr\/wp-json\/wp\/v2\/product_cat?post=29140"},{"taxonomy":"product_tag","embeddable":true,"href":"https:\/\/www.swisscrochet.ch\/fr\/wp-json\/wp\/v2\/product_tag?post=29140"}],"curies":[{"name":"wp","href":"https:\/\/api.w.org\/{rel}","templated":true}]}}