{"id":29817,"date":"2026-04-11T14:44:14","date_gmt":"2026-04-11T12:44:14","guid":{"rendered":"https:\/\/www.swisscrochet.ch\/product\/soojus-with-paint-sock-6ply-yarn-kit\/"},"modified":"2026-04-11T14:56:03","modified_gmt":"2026-04-11T12:56:03","slug":"soojus-avec-paint-sock-6ply-kit-de-fils","status":"publish","type":"product","link":"https:\/\/www.swisscrochet.ch\/fr\/produit\/soojus-avec-paint-sock-6ply-kit-de-fils\/","title":{"rendered":"Soojus avec Paint Sock 6ply &#8211; Kit de fils"},"content":{"rendered":"","protected":false},"excerpt":{"rendered":"<p>Imaginez la chaussette parfaite. Une paire de chaussettes robuste et chaude qui durera des ann\u00e9es. Une paire si rapide \u00e0 r\u00e9aliser que vous pourriez \u00e9puiser toute votre r\u00e9serve de fil \u00e0 chaussettes en quelques mois. Une paire qui ne n\u00e9cessite pas d\u2019entretien constant ni de r\u00e9parations fr\u00e9quentes.<\/p>\n<p>Trop beau pour \u00eatre vrai ? Absolument pas ! Nous parlons de chaussettes au crochet !<\/p>\n<p>Soojus est mon mod\u00e8le de chaussettes pr\u00e9f\u00e9r\u00e9.<\/p>\n<p>Voici pourquoi :<\/p>\n<ul>\n<li>Il est incroyablement rapide et facile \u00e0 r\u00e9aliser.<\/li>\n<li>Il permet de cr\u00e9er des chaussettes robustes et r\u00e9sistantes.<\/li>\n<li>Il facilite le suivi des tours et permet de travailler les deux chaussettes en m\u00eame temps.<\/li>\n<li>Il utilise la maniabilit\u00e9 \u00e0 360 degr\u00e9s du crochet pour cr\u00e9er un talon parfaitement ajust\u00e9.<\/li>\n<li>Il propose 7 tailles, un sch\u00e9ma et des mesures d\u00e9taill\u00e9es pour vous aider \u00e0 choisir la taille id\u00e9ale.<\/li>\n<\/ul>\n<p>Encore sceptique ?<br \/>\nJ\u2019ai r\u00e9alis\u00e9 8 paires de chaussettes pour moi et pour d\u2019autres avant de mettre ce mod\u00e8le par \u00e9crit. J\u2019ai utilis\u00e9 une grande vari\u00e9t\u00e9 de fils \u00e0 chaussettes : light fingering, fingering, sport, avec ou sans nylon. Tous pr\u00e9sentent peu ou pas de signes d\u2019usure et Z\u00c9RO trous \u00e0 r\u00e9parer.<\/p>\n<p>Essayez-le ! Vous ne serez pas d\u00e9\u00e7u.<\/p>\n<p><strong>Le kit comprend :<\/strong><\/p>\n<ul>\n<li>une copie num\u00e9rique du mod\u00e8le <a href=\"https:\/\/www.ravelry.com\/patterns\/library\/soojus\" target=\"_blank\">Soojus<\/a> (disponible en anglais et en allemand)<\/li>\n<li>1 pelote de Paint Sock 6 ply dans la couleur de votre choix<\/li>\n<li>1 bobine de fil \u00e9lastique dans la couleur de votre choix<\/li>\n<\/ul>\n<p><strong>Options suppl\u00e9mentaires :<\/strong><\/p>\n<ul>\n<li>crochet de 3.00 mm<\/li>\n<li>forme-chaussettes<\/li>\n<li>marqueurs de mailles<\/li>\n<\/ul>\n<p>Tout est r\u00e9uni dans un seul kit pratique \u2013 choisissez simplement votre couleur, t\u00e9l\u00e9chargez le mod\u00e8le et commencez \u00e0 crocheter !<\/p>\n","protected":false},"featured_media":25309,"template":"","meta":[],"product_brand":[],"product_cat":[1661,331],"product_tag":[],"class_list":{"0":"post-29817","1":"product","2":"type-product","3":"status-publish","4":"has-post-thumbnail","6":"product_cat-kits-de-fils-accessoires","7":"product_cat-kits-de-fils","8":"description-off","10":"first","11":"instock","12":"virtual","13":"taxable","14":"purchasable","15":"product-type-bundle"},"bundled_by":[],"bundle_stock_status":"instock","bundle_stock_quantity":48,"bundle_virtual":false,"bundle_layout":"default","bundle_add_to_cart_form_location":"default","bundle_editable_in_cart":false,"bundle_sold_individually_context":"product","bundle_item_grouping":"parent","bundle_min_size":"","bundle_max_size":"","bundle_price":{"price":{"min":{"incl_tax":"32.8","excl_tax":"30.34"},"max":{"incl_tax":"78","excl_tax":"72.15"}},"regular_price":{"min":{"incl_tax":"32.8","excl_tax":"30.34"},"max":{"incl_tax":"78","excl_tax":"72.15"}}},"bundled_items":[{"bundled_item_id":1336,"product_id":15870,"menu_order":0,"quantity_min":1,"quantity_max":1,"quantity_default":1,"priced_individually":true,"shipped_individually":false,"override_title":false,"title":"Laines du Nord &#8211; Paint Sock 6 ply","override_description":true,"description":"","optional":false,"hide_thumbnail":false,"discount":"","override_variations":false,"allowed_variations":[""],"override_default_variation_attributes":false,"default_variation_attributes":[],"single_product_visibility":"visible","cart_visibility":"visible","order_visibility":"visible","single_product_price_visibility":"visible","cart_price_visibility":"visible","order_price_visibility":"visible","stock_status":"in_stock"},{"bundled_item_id":1337,"product_id":7252,"menu_order":1,"quantity_min":1,"quantity_max":1,"quantity_default":1,"priced_individually":true,"shipped_individually":false,"override_title":false,"title":"G\u00fctermann &#8211; Bobine de fil \u00e9lastique","override_description":true,"description":"","optional":false,"hide_thumbnail":false,"discount":"","override_variations":false,"allowed_variations":[""],"override_default_variation_attributes":false,"default_variation_attributes":[],"single_product_visibility":"visible","cart_visibility":"visible","order_visibility":"visible","single_product_price_visibility":"visible","cart_price_visibility":"visible","order_price_visibility":"visible","stock_status":"in_stock"},{"bundled_item_id":1338,"product_id":29603,"menu_order":2,"quantity_min":1,"quantity_max":1,"quantity_default":1,"priced_individually":true,"shipped_individually":true,"override_title":false,"title":"\u00dcber den Traum &#8211; Soojus","override_description":false,"description":"\u00dcber den Traum &#8211; Soojus","optional":false,"hide_thumbnail":false,"discount":"","override_variations":false,"allowed_variations":[""],"override_default_variation_attributes":false,"default_variation_attributes":[],"single_product_visibility":"hidden","cart_visibility":"visible","order_visibility":"visible","single_product_price_visibility":"visible","cart_price_visibility":"visible","order_price_visibility":"visible","stock_status":"in_stock"},{"bundled_item_id":1339,"product_id":3501,"menu_order":3,"quantity_min":1,"quantity_max":1,"quantity_default":1,"priced_individually":true,"shipped_individually":false,"override_title":false,"title":"Tulip &#8211; Etimo Red &#8211; Crochet avec manche souple","override_description":true,"description":"","optional":true,"hide_thumbnail":false,"discount":"","override_variations":true,"allowed_variations":[3506],"override_default_variation_attributes":true,"default_variation_attributes":[{"id":0,"name":"Size","option":"3.00 mm"}],"single_product_visibility":"visible","cart_visibility":"visible","order_visibility":"visible","single_product_price_visibility":"visible","cart_price_visibility":"visible","order_price_visibility":"visible","stock_status":"in_stock"},{"bundled_item_id":1340,"product_id":5044,"menu_order":4,"quantity_min":1,"quantity_max":1,"quantity_default":1,"priced_individually":true,"shipped_individually":false,"override_title":false,"title":"Tulip &#8211; Ensemble de marqueurs de maille &#8211; Tulipe","override_description":true,"description":"","optional":true,"hide_thumbnail":false,"discount":"","override_variations":false,"allowed_variations":[""],"override_default_variation_attributes":false,"default_variation_attributes":[],"single_product_visibility":"visible","cart_visibility":"visible","order_visibility":"visible","single_product_price_visibility":"visible","cart_price_visibility":"visible","order_price_visibility":"visible","stock_status":"in_stock"},{"bundled_item_id":1341,"product_id":26611,"menu_order":5,"quantity_min":1,"quantity_max":2,"quantity_default":1,"priced_individually":true,"shipped_individually":false,"override_title":false,"title":"Pony &#8211; Forme \u00e0 chaussettes &#8211; 1 pi\u00e8ce","override_description":true,"description":"","optional":true,"hide_thumbnail":false,"discount":"","override_variations":false,"allowed_variations":[""],"override_default_variation_attributes":false,"default_variation_attributes":[],"single_product_visibility":"visible","cart_visibility":"visible","order_visibility":"visible","single_product_price_visibility":"visible","cart_price_visibility":"visible","order_price_visibility":"visible","stock_status":"in_stock"}],"bundle_sell_ids":[],"yoast_head":"<!-- This site is optimized with the Yoast SEO plugin v27.3 - https:\/\/yoast.com\/product\/yoast-seo-wordpress\/ -->\n<title>Soojus avec Paint Sock 6ply - Kit de fils &#171; Swiss Crochet<\/title>\n<meta name=\"description\" content=\"Kit de chaussettes au crochet Soojus avec patron, fil et fil \u00e9lastique. Mod\u00e8le facile et durable avec un excellent ajustement. Inclut 7 tailles et se r\u00e9alise rapidement.\" \/>\n<meta name=\"robots\" content=\"index, follow, max-snippet:-1, max-image-preview:large, max-video-preview:-1\" \/>\n<link rel=\"canonical\" href=\"https:\/\/www.swisscrochet.ch\/fr\/produit\/soojus-avec-paint-sock-6ply-kit-de-fils\/\" \/>\n<meta property=\"og:locale\" content=\"fr_FR\" \/>\n<meta property=\"og:type\" content=\"article\" \/>\n<meta property=\"og:title\" content=\"Soojus avec Paint Sock 6ply - Kit de fils &#171; Swiss Crochet\" \/>\n<meta property=\"og:description\" content=\"Kit de chaussettes au crochet Soojus avec patron, fil et fil \u00e9lastique. Mod\u00e8le facile et durable avec un excellent ajustement. Inclut 7 tailles et se r\u00e9alise rapidement.\" \/>\n<meta property=\"og:url\" content=\"https:\/\/www.swisscrochet.ch\/fr\/produit\/soojus-avec-paint-sock-6ply-kit-de-fils\/\" \/>\n<meta property=\"og:site_name\" content=\"Swiss Crochet\" \/>\n<meta property=\"article:modified_time\" content=\"2026-04-11T12:56:03+00:00\" \/>\n<meta property=\"og:image\" content=\"https:\/\/www.swisscrochet.ch\/wp-content\/uploads\/2026\/03\/Soojus-Paint-Sock-6ply-Overview.jpg\" \/>\n\t<meta property=\"og:image:width\" content=\"1000\" \/>\n\t<meta property=\"og:image:height\" content=\"1000\" \/>\n\t<meta property=\"og:image:type\" content=\"image\/jpeg\" \/>\n<meta name=\"twitter:card\" content=\"summary_large_image\" \/>\n<meta name=\"twitter:label1\" content=\"Dur\u00e9e de lecture estim\u00e9e\" \/>\n\t<meta name=\"twitter:data1\" content=\"1 minute\" \/>\n<script type=\"application\/ld+json\" class=\"yoast-schema-graph\">{\"@context\":\"https:\\\/\\\/schema.org\",\"@graph\":[{\"@type\":[\"WebPage\",\"ItemPage\"],\"@id\":\"https:\\\/\\\/www.swisscrochet.ch\\\/fr\\\/produit\\\/soojus-avec-paint-sock-6ply-kit-de-fils\\\/\",\"url\":\"https:\\\/\\\/www.swisscrochet.ch\\\/fr\\\/produit\\\/soojus-avec-paint-sock-6ply-kit-de-fils\\\/\",\"name\":\"Soojus avec Paint Sock 6ply - Kit de fils &#171; Swiss Crochet\",\"isPartOf\":{\"@id\":\"https:\\\/\\\/www.swisscrochet.ch\\\/#website\"},\"primaryImageOfPage\":{\"@id\":\"https:\\\/\\\/www.swisscrochet.ch\\\/fr\\\/produit\\\/soojus-avec-paint-sock-6ply-kit-de-fils\\\/#primaryimage\"},\"image\":{\"@id\":\"https:\\\/\\\/www.swisscrochet.ch\\\/fr\\\/produit\\\/soojus-avec-paint-sock-6ply-kit-de-fils\\\/#primaryimage\"},\"thumbnailUrl\":\"https:\\\/\\\/www.swisscrochet.ch\\\/wp-content\\\/uploads\\\/2026\\\/03\\\/Soojus-Paint-Sock-6ply-Overview.jpg\",\"datePublished\":\"2026-04-11T12:44:14+00:00\",\"dateModified\":\"2026-04-11T12:56:03+00:00\",\"description\":\"Kit de chaussettes au crochet Soojus avec patron, fil et fil \u00e9lastique. Mod\u00e8le facile et durable avec un excellent ajustement. Inclut 7 tailles et se r\u00e9alise rapidement.\",\"breadcrumb\":{\"@id\":\"https:\\\/\\\/www.swisscrochet.ch\\\/fr\\\/produit\\\/soojus-avec-paint-sock-6ply-kit-de-fils\\\/#breadcrumb\"},\"inLanguage\":\"fr-FR\",\"potentialAction\":[{\"@type\":\"ReadAction\",\"target\":[\"https:\\\/\\\/www.swisscrochet.ch\\\/fr\\\/produit\\\/soojus-avec-paint-sock-6ply-kit-de-fils\\\/\"]}]},{\"@type\":\"ImageObject\",\"inLanguage\":\"fr-FR\",\"@id\":\"https:\\\/\\\/www.swisscrochet.ch\\\/fr\\\/produit\\\/soojus-avec-paint-sock-6ply-kit-de-fils\\\/#primaryimage\",\"url\":\"https:\\\/\\\/www.swisscrochet.ch\\\/wp-content\\\/uploads\\\/2026\\\/03\\\/Soojus-Paint-Sock-6ply-Overview.jpg\",\"contentUrl\":\"https:\\\/\\\/www.swisscrochet.ch\\\/wp-content\\\/uploads\\\/2026\\\/03\\\/Soojus-Paint-Sock-6ply-Overview.jpg\",\"width\":1000,\"height\":1000},{\"@type\":\"BreadcrumbList\",\"@id\":\"https:\\\/\\\/www.swisscrochet.ch\\\/fr\\\/produit\\\/soojus-avec-paint-sock-6ply-kit-de-fils\\\/#breadcrumb\",\"itemListElement\":[{\"@type\":\"ListItem\",\"position\":1,\"name\":\"Home\",\"item\":\"https:\\\/\\\/www.swisscrochet.ch\\\/fr\\\/\"},{\"@type\":\"ListItem\",\"position\":2,\"name\":\"Boutique\",\"item\":\"https:\\\/\\\/www.swisscrochet.ch\\\/fr\\\/boutique\\\/\"},{\"@type\":\"ListItem\",\"position\":3,\"name\":\"Soojus avec Paint Sock 6ply &#8211; Kit de fils\"}]},{\"@type\":\"WebSite\",\"@id\":\"https:\\\/\\\/www.swisscrochet.ch\\\/#website\",\"url\":\"https:\\\/\\\/www.swisscrochet.ch\\\/\",\"name\":\"Swiss Crochet\",\"description\":\"Lib\u00e9rez votre potentiel cr\u00e9atif\",\"potentialAction\":[{\"@type\":\"SearchAction\",\"target\":{\"@type\":\"EntryPoint\",\"urlTemplate\":\"https:\\\/\\\/www.swisscrochet.ch\\\/?s={search_term_string}\"},\"query-input\":{\"@type\":\"PropertyValueSpecification\",\"valueRequired\":true,\"valueName\":\"search_term_string\"}}],\"inLanguage\":\"fr-FR\"}]}<\/script>\n<!-- \/ Yoast SEO plugin. -->","yoast_head_json":{"title":"Soojus avec Paint Sock 6ply - Kit de fils &#171; Swiss Crochet","description":"Kit de chaussettes au crochet Soojus avec patron, fil et fil \u00e9lastique. Mod\u00e8le facile et durable avec un excellent ajustement. Inclut 7 tailles et se r\u00e9alise rapidement.","robots":{"index":"index","follow":"follow","max-snippet":"max-snippet:-1","max-image-preview":"max-image-preview:large","max-video-preview":"max-video-preview:-1"},"canonical":"https:\/\/www.swisscrochet.ch\/fr\/produit\/soojus-avec-paint-sock-6ply-kit-de-fils\/","og_locale":"fr_FR","og_type":"article","og_title":"Soojus avec Paint Sock 6ply - Kit de fils &#171; Swiss Crochet","og_description":"Kit de chaussettes au crochet Soojus avec patron, fil et fil \u00e9lastique. Mod\u00e8le facile et durable avec un excellent ajustement. Inclut 7 tailles et se r\u00e9alise rapidement.","og_url":"https:\/\/www.swisscrochet.ch\/fr\/produit\/soojus-avec-paint-sock-6ply-kit-de-fils\/","og_site_name":"Swiss Crochet","article_modified_time":"2026-04-11T12:56:03+00:00","og_image":[{"width":1000,"height":1000,"url":"https:\/\/www.swisscrochet.ch\/wp-content\/uploads\/2026\/03\/Soojus-Paint-Sock-6ply-Overview.jpg","type":"image\/jpeg"}],"twitter_card":"summary_large_image","twitter_misc":{"Dur\u00e9e de lecture estim\u00e9e":"1 minute"},"schema":{"@context":"https:\/\/schema.org","@graph":[{"@type":["WebPage","ItemPage"],"@id":"https:\/\/www.swisscrochet.ch\/fr\/produit\/soojus-avec-paint-sock-6ply-kit-de-fils\/","url":"https:\/\/www.swisscrochet.ch\/fr\/produit\/soojus-avec-paint-sock-6ply-kit-de-fils\/","name":"Soojus avec Paint Sock 6ply - Kit de fils &#171; Swiss Crochet","isPartOf":{"@id":"https:\/\/www.swisscrochet.ch\/#website"},"primaryImageOfPage":{"@id":"https:\/\/www.swisscrochet.ch\/fr\/produit\/soojus-avec-paint-sock-6ply-kit-de-fils\/#primaryimage"},"image":{"@id":"https:\/\/www.swisscrochet.ch\/fr\/produit\/soojus-avec-paint-sock-6ply-kit-de-fils\/#primaryimage"},"thumbnailUrl":"https:\/\/www.swisscrochet.ch\/wp-content\/uploads\/2026\/03\/Soojus-Paint-Sock-6ply-Overview.jpg","datePublished":"2026-04-11T12:44:14+00:00","dateModified":"2026-04-11T12:56:03+00:00","description":"Kit de chaussettes au crochet Soojus avec patron, fil et fil \u00e9lastique. Mod\u00e8le facile et durable avec un excellent ajustement. Inclut 7 tailles et se r\u00e9alise rapidement.","breadcrumb":{"@id":"https:\/\/www.swisscrochet.ch\/fr\/produit\/soojus-avec-paint-sock-6ply-kit-de-fils\/#breadcrumb"},"inLanguage":"fr-FR","potentialAction":[{"@type":"ReadAction","target":["https:\/\/www.swisscrochet.ch\/fr\/produit\/soojus-avec-paint-sock-6ply-kit-de-fils\/"]}]},{"@type":"ImageObject","inLanguage":"fr-FR","@id":"https:\/\/www.swisscrochet.ch\/fr\/produit\/soojus-avec-paint-sock-6ply-kit-de-fils\/#primaryimage","url":"https:\/\/www.swisscrochet.ch\/wp-content\/uploads\/2026\/03\/Soojus-Paint-Sock-6ply-Overview.jpg","contentUrl":"https:\/\/www.swisscrochet.ch\/wp-content\/uploads\/2026\/03\/Soojus-Paint-Sock-6ply-Overview.jpg","width":1000,"height":1000},{"@type":"BreadcrumbList","@id":"https:\/\/www.swisscrochet.ch\/fr\/produit\/soojus-avec-paint-sock-6ply-kit-de-fils\/#breadcrumb","itemListElement":[{"@type":"ListItem","position":1,"name":"Home","item":"https:\/\/www.swisscrochet.ch\/fr\/"},{"@type":"ListItem","position":2,"name":"Boutique","item":"https:\/\/www.swisscrochet.ch\/fr\/boutique\/"},{"@type":"ListItem","position":3,"name":"Soojus avec Paint Sock 6ply &#8211; Kit de fils"}]},{"@type":"WebSite","@id":"https:\/\/www.swisscrochet.ch\/#website","url":"https:\/\/www.swisscrochet.ch\/","name":"Swiss Crochet","description":"Lib\u00e9rez votre potentiel cr\u00e9atif","potentialAction":[{"@type":"SearchAction","target":{"@type":"EntryPoint","urlTemplate":"https:\/\/www.swisscrochet.ch\/?s={search_term_string}"},"query-input":{"@type":"PropertyValueSpecification","valueRequired":true,"valueName":"search_term_string"}}],"inLanguage":"fr-FR"}]}},"_links":{"self":[{"href":"https:\/\/www.swisscrochet.ch\/fr\/wp-json\/wp\/v2\/product\/29817","targetHints":{"allow":["GET"]}}],"collection":[{"href":"https:\/\/www.swisscrochet.ch\/fr\/wp-json\/wp\/v2\/product"}],"about":[{"href":"https:\/\/www.swisscrochet.ch\/fr\/wp-json\/wp\/v2\/types\/product"}],"wp:featuredmedia":[{"embeddable":true,"href":"https:\/\/www.swisscrochet.ch\/fr\/wp-json\/wp\/v2\/media\/25309"}],"wp:attachment":[{"href":"https:\/\/www.swisscrochet.ch\/fr\/wp-json\/wp\/v2\/media?parent=29817"}],"wp:term":[{"taxonomy":"product_brand","embeddable":true,"href":"https:\/\/www.swisscrochet.ch\/fr\/wp-json\/wp\/v2\/product_brand?post=29817"},{"taxonomy":"product_cat","embeddable":true,"href":"https:\/\/www.swisscrochet.ch\/fr\/wp-json\/wp\/v2\/product_cat?post=29817"},{"taxonomy":"product_tag","embeddable":true,"href":"https:\/\/www.swisscrochet.ch\/fr\/wp-json\/wp\/v2\/product_tag?post=29817"}],"curies":[{"name":"wp","href":"https:\/\/api.w.org\/{rel}","templated":true}]}}