{"id":29923,"date":"2026-04-15T20:18:05","date_gmt":"2026-04-15T18:18:05","guid":{"rendered":"https:\/\/www.swisscrochet.ch\/product\/chasseral-with-catona-yarn-kit\/"},"modified":"2026-04-15T20:28:10","modified_gmt":"2026-04-15T18:28:10","slug":"chasseral-avec-catona-kit-de-fils","status":"publish","type":"product","link":"https:\/\/www.swisscrochet.ch\/fr\/produit\/chasseral-avec-catona-kit-de-fils\/","title":{"rendered":"Chasseral avec Catona &#8211; Kit de fils"},"content":{"rendered":"","protected":false},"excerpt":{"rendered":"<p><em>Aussi souvent que j\u2019essaie d\u2019ajouter des poches int\u00e9gr\u00e9es et spacieuses aux v\u00eatements que je r\u00e9alise moi-m\u00eame, je poss\u00e8de (et porte) encore de nombreuses pi\u00e8ces qui ont soit de tr\u00e8s petites poches, soit pas de poches du tout. C\u2019est particuli\u00e8rement le cas des v\u00eatements d\u2019\u00e9t\u00e9. Comme il est assez long de modifier chaque pi\u00e8ce, j\u2019ai d\u00e9cid\u00e9 de faire autrement : cr\u00e9er une poche portable que je peux utiliser avec diff\u00e9rents v\u00eatements.<\/em><\/p>\n<p>Chasseral est une jolie poche portable ou un petit sac avec une longue bandouli\u00e8re. Il est r\u00e9alis\u00e9 avec des points de crochet de base et des noppes amusantes qui cr\u00e9ent une belle texture.<\/p>\n<p>Ce kit comprend tout le n\u00e9cessaire pour r\u00e9aliser ce joli sac :<\/p>\n<ul>\n<li>une copie num\u00e9rique du patron (disponible en anglais et en allemand) et<\/li>\n<li>1 pelote de Scheepjes Catona dans la couleur de votre choix.<\/li>\n<\/ul>\n<p>&#8211;&gt; Pour plus de confort, vous pouvez \u00e9galement ajouter un crochet de 3.00 mm \u00e0 votre kit.<\/p>\n<p>Tout est r\u00e9uni dans un seul kit pratique \u2013 choisissez votre couleur, t\u00e9l\u00e9chargez le patron et commencez \u00e0 crocheter !<\/p>\n","protected":false},"featured_media":1639,"template":"","meta":[],"product_brand":[],"product_cat":[331,1664],"product_tag":[],"class_list":{"0":"post-29923","1":"product","2":"type-product","3":"status-publish","4":"has-post-thumbnail","6":"product_cat-kits-de-fils","7":"product_cat-kits-de-fils-sacs","8":"description-off","10":"first","11":"instock","12":"virtual","13":"taxable","14":"purchasable","15":"product-type-bundle"},"bundled_by":[],"bundle_stock_status":"instock","bundle_stock_quantity":2037,"bundle_virtual":false,"bundle_layout":"default","bundle_add_to_cart_form_location":"default","bundle_editable_in_cart":false,"bundle_sold_individually_context":"product","bundle_item_grouping":"parent","bundle_min_size":"","bundle_max_size":"","bundle_price":{"price":{"min":{"incl_tax":"9.3","excl_tax":"8.6"},"max":{"incl_tax":"13.1","excl_tax":"12.12"}},"regular_price":{"min":{"incl_tax":"9.3","excl_tax":"8.6"},"max":{"incl_tax":"13.1","excl_tax":"12.12"}}},"bundled_items":[{"bundled_item_id":1362,"product_id":3152,"menu_order":0,"quantity_min":1,"quantity_max":1,"quantity_default":1,"priced_individually":true,"shipped_individually":false,"override_title":false,"title":"Scheepjes &#8211; Catona &#8211; 50gr","override_description":true,"description":"","optional":false,"hide_thumbnail":false,"discount":"","override_variations":false,"allowed_variations":[""],"override_default_variation_attributes":false,"default_variation_attributes":[],"single_product_visibility":"visible","cart_visibility":"visible","order_visibility":"visible","single_product_price_visibility":"visible","cart_price_visibility":"visible","order_price_visibility":"visible","stock_status":"in_stock"},{"bundled_item_id":1363,"product_id":2125,"menu_order":1,"quantity_min":1,"quantity_max":1,"quantity_default":1,"priced_individually":true,"shipped_individually":true,"override_title":false,"title":"\u00dcber den Traum &#8211; Chasseral","override_description":false,"description":"\u00dcber den Traum &#8211; Chasseral","optional":false,"hide_thumbnail":false,"discount":"","override_variations":false,"allowed_variations":[""],"override_default_variation_attributes":false,"default_variation_attributes":[],"single_product_visibility":"hidden","cart_visibility":"visible","order_visibility":"visible","single_product_price_visibility":"visible","cart_price_visibility":"visible","order_price_visibility":"visible","stock_status":"in_stock"},{"bundled_item_id":1364,"product_id":3592,"menu_order":2,"quantity_min":1,"quantity_max":1,"quantity_default":1,"priced_individually":true,"shipped_individually":false,"override_title":false,"title":"Addi &#8211; Crochet sans manche","override_description":true,"description":"","optional":true,"hide_thumbnail":false,"discount":"","override_variations":true,"allowed_variations":[3595],"override_default_variation_attributes":true,"default_variation_attributes":[{"id":0,"name":"Size","option":"3.00 mm"}],"single_product_visibility":"visible","cart_visibility":"visible","order_visibility":"visible","single_product_price_visibility":"visible","cart_price_visibility":"visible","order_price_visibility":"visible","stock_status":"in_stock"}],"bundle_sell_ids":[],"yoast_head":"<!-- This site is optimized with the Yoast SEO plugin v27.4 - https:\/\/yoast.com\/product\/yoast-seo-wordpress\/ -->\n<title>Chasseral avec Catona - Kit de fils &#171; Swiss Crochet<\/title>\n<meta name=\"description\" content=\"Kit de sac au crochet Chasseral avec patron et fil Scheepjes Catona. R\u00e9alisez une poche portable avec un motif textur\u00e9 en relief \u00e0 l\u2019aide de points simples.\" \/>\n<meta name=\"robots\" content=\"index, follow, max-snippet:-1, max-image-preview:large, max-video-preview:-1\" \/>\n<link rel=\"canonical\" href=\"https:\/\/www.swisscrochet.ch\/fr\/produit\/chasseral-avec-catona-kit-de-fils\/\" \/>\n<meta property=\"og:locale\" content=\"fr_FR\" \/>\n<meta property=\"og:type\" content=\"article\" \/>\n<meta property=\"og:title\" content=\"Chasseral avec Catona - Kit de fils &#171; Swiss Crochet\" \/>\n<meta property=\"og:description\" content=\"Kit de sac au crochet Chasseral avec patron et fil Scheepjes Catona. R\u00e9alisez une poche portable avec un motif textur\u00e9 en relief \u00e0 l\u2019aide de points simples.\" \/>\n<meta property=\"og:url\" content=\"https:\/\/www.swisscrochet.ch\/fr\/produit\/chasseral-avec-catona-kit-de-fils\/\" \/>\n<meta property=\"og:site_name\" content=\"Swiss Crochet\" \/>\n<meta property=\"article:modified_time\" content=\"2026-04-15T18:28:10+00:00\" \/>\n<meta property=\"og:image\" content=\"https:\/\/www.swisscrochet.ch\/wp-content\/uploads\/2024\/12\/Uber-den-Traum-Chasseral-3.jpg\" \/>\n\t<meta property=\"og:image:width\" content=\"1100\" \/>\n\t<meta property=\"og:image:height\" content=\"1100\" \/>\n\t<meta property=\"og:image:type\" content=\"image\/jpeg\" \/>\n<meta name=\"twitter:card\" content=\"summary_large_image\" \/>\n<meta name=\"twitter:label1\" content=\"Dur\u00e9e de lecture estim\u00e9e\" \/>\n\t<meta name=\"twitter:data1\" content=\"1 minute\" \/>\n<script type=\"application\/ld+json\" class=\"yoast-schema-graph\">{\"@context\":\"https:\\\/\\\/schema.org\",\"@graph\":[{\"@type\":[\"WebPage\",\"ItemPage\"],\"@id\":\"https:\\\/\\\/www.swisscrochet.ch\\\/fr\\\/produit\\\/chasseral-avec-catona-kit-de-fils\\\/\",\"url\":\"https:\\\/\\\/www.swisscrochet.ch\\\/fr\\\/produit\\\/chasseral-avec-catona-kit-de-fils\\\/\",\"name\":\"Chasseral avec Catona - Kit de fils &#171; Swiss Crochet\",\"isPartOf\":{\"@id\":\"https:\\\/\\\/www.swisscrochet.ch\\\/#website\"},\"primaryImageOfPage\":{\"@id\":\"https:\\\/\\\/www.swisscrochet.ch\\\/fr\\\/produit\\\/chasseral-avec-catona-kit-de-fils\\\/#primaryimage\"},\"image\":{\"@id\":\"https:\\\/\\\/www.swisscrochet.ch\\\/fr\\\/produit\\\/chasseral-avec-catona-kit-de-fils\\\/#primaryimage\"},\"thumbnailUrl\":\"https:\\\/\\\/www.swisscrochet.ch\\\/wp-content\\\/uploads\\\/2024\\\/12\\\/Uber-den-Traum-Chasseral-3.jpg\",\"datePublished\":\"2026-04-15T18:18:05+00:00\",\"dateModified\":\"2026-04-15T18:28:10+00:00\",\"description\":\"Kit de sac au crochet Chasseral avec patron et fil Scheepjes Catona. R\u00e9alisez une poche portable avec un motif textur\u00e9 en relief \u00e0 l\u2019aide de points simples.\",\"breadcrumb\":{\"@id\":\"https:\\\/\\\/www.swisscrochet.ch\\\/fr\\\/produit\\\/chasseral-avec-catona-kit-de-fils\\\/#breadcrumb\"},\"inLanguage\":\"fr-FR\",\"potentialAction\":[{\"@type\":\"ReadAction\",\"target\":[\"https:\\\/\\\/www.swisscrochet.ch\\\/fr\\\/produit\\\/chasseral-avec-catona-kit-de-fils\\\/\"]}]},{\"@type\":\"ImageObject\",\"inLanguage\":\"fr-FR\",\"@id\":\"https:\\\/\\\/www.swisscrochet.ch\\\/fr\\\/produit\\\/chasseral-avec-catona-kit-de-fils\\\/#primaryimage\",\"url\":\"https:\\\/\\\/www.swisscrochet.ch\\\/wp-content\\\/uploads\\\/2024\\\/12\\\/Uber-den-Traum-Chasseral-3.jpg\",\"contentUrl\":\"https:\\\/\\\/www.swisscrochet.ch\\\/wp-content\\\/uploads\\\/2024\\\/12\\\/Uber-den-Traum-Chasseral-3.jpg\",\"width\":1100,\"height\":1100},{\"@type\":\"BreadcrumbList\",\"@id\":\"https:\\\/\\\/www.swisscrochet.ch\\\/fr\\\/produit\\\/chasseral-avec-catona-kit-de-fils\\\/#breadcrumb\",\"itemListElement\":[{\"@type\":\"ListItem\",\"position\":1,\"name\":\"Home\",\"item\":\"https:\\\/\\\/www.swisscrochet.ch\\\/fr\\\/\"},{\"@type\":\"ListItem\",\"position\":2,\"name\":\"Boutique\",\"item\":\"https:\\\/\\\/www.swisscrochet.ch\\\/fr\\\/boutique\\\/\"},{\"@type\":\"ListItem\",\"position\":3,\"name\":\"Chasseral avec Catona &#8211; Kit de fils\"}]},{\"@type\":\"WebSite\",\"@id\":\"https:\\\/\\\/www.swisscrochet.ch\\\/#website\",\"url\":\"https:\\\/\\\/www.swisscrochet.ch\\\/\",\"name\":\"Swiss Crochet\",\"description\":\"Lib\u00e9rez votre potentiel cr\u00e9atif\",\"potentialAction\":[{\"@type\":\"SearchAction\",\"target\":{\"@type\":\"EntryPoint\",\"urlTemplate\":\"https:\\\/\\\/www.swisscrochet.ch\\\/?s={search_term_string}\"},\"query-input\":{\"@type\":\"PropertyValueSpecification\",\"valueRequired\":true,\"valueName\":\"search_term_string\"}}],\"inLanguage\":\"fr-FR\"}]}<\/script>\n<!-- \/ Yoast SEO plugin. -->","yoast_head_json":{"title":"Chasseral avec Catona - Kit de fils &#171; Swiss Crochet","description":"Kit de sac au crochet Chasseral avec patron et fil Scheepjes Catona. R\u00e9alisez une poche portable avec un motif textur\u00e9 en relief \u00e0 l\u2019aide de points simples.","robots":{"index":"index","follow":"follow","max-snippet":"max-snippet:-1","max-image-preview":"max-image-preview:large","max-video-preview":"max-video-preview:-1"},"canonical":"https:\/\/www.swisscrochet.ch\/fr\/produit\/chasseral-avec-catona-kit-de-fils\/","og_locale":"fr_FR","og_type":"article","og_title":"Chasseral avec Catona - Kit de fils &#171; Swiss Crochet","og_description":"Kit de sac au crochet Chasseral avec patron et fil Scheepjes Catona. R\u00e9alisez une poche portable avec un motif textur\u00e9 en relief \u00e0 l\u2019aide de points simples.","og_url":"https:\/\/www.swisscrochet.ch\/fr\/produit\/chasseral-avec-catona-kit-de-fils\/","og_site_name":"Swiss Crochet","article_modified_time":"2026-04-15T18:28:10+00:00","og_image":[{"width":1100,"height":1100,"url":"https:\/\/www.swisscrochet.ch\/wp-content\/uploads\/2024\/12\/Uber-den-Traum-Chasseral-3.jpg","type":"image\/jpeg"}],"twitter_card":"summary_large_image","twitter_misc":{"Dur\u00e9e de lecture estim\u00e9e":"1 minute"},"schema":{"@context":"https:\/\/schema.org","@graph":[{"@type":["WebPage","ItemPage"],"@id":"https:\/\/www.swisscrochet.ch\/fr\/produit\/chasseral-avec-catona-kit-de-fils\/","url":"https:\/\/www.swisscrochet.ch\/fr\/produit\/chasseral-avec-catona-kit-de-fils\/","name":"Chasseral avec Catona - Kit de fils &#171; Swiss Crochet","isPartOf":{"@id":"https:\/\/www.swisscrochet.ch\/#website"},"primaryImageOfPage":{"@id":"https:\/\/www.swisscrochet.ch\/fr\/produit\/chasseral-avec-catona-kit-de-fils\/#primaryimage"},"image":{"@id":"https:\/\/www.swisscrochet.ch\/fr\/produit\/chasseral-avec-catona-kit-de-fils\/#primaryimage"},"thumbnailUrl":"https:\/\/www.swisscrochet.ch\/wp-content\/uploads\/2024\/12\/Uber-den-Traum-Chasseral-3.jpg","datePublished":"2026-04-15T18:18:05+00:00","dateModified":"2026-04-15T18:28:10+00:00","description":"Kit de sac au crochet Chasseral avec patron et fil Scheepjes Catona. R\u00e9alisez une poche portable avec un motif textur\u00e9 en relief \u00e0 l\u2019aide de points simples.","breadcrumb":{"@id":"https:\/\/www.swisscrochet.ch\/fr\/produit\/chasseral-avec-catona-kit-de-fils\/#breadcrumb"},"inLanguage":"fr-FR","potentialAction":[{"@type":"ReadAction","target":["https:\/\/www.swisscrochet.ch\/fr\/produit\/chasseral-avec-catona-kit-de-fils\/"]}]},{"@type":"ImageObject","inLanguage":"fr-FR","@id":"https:\/\/www.swisscrochet.ch\/fr\/produit\/chasseral-avec-catona-kit-de-fils\/#primaryimage","url":"https:\/\/www.swisscrochet.ch\/wp-content\/uploads\/2024\/12\/Uber-den-Traum-Chasseral-3.jpg","contentUrl":"https:\/\/www.swisscrochet.ch\/wp-content\/uploads\/2024\/12\/Uber-den-Traum-Chasseral-3.jpg","width":1100,"height":1100},{"@type":"BreadcrumbList","@id":"https:\/\/www.swisscrochet.ch\/fr\/produit\/chasseral-avec-catona-kit-de-fils\/#breadcrumb","itemListElement":[{"@type":"ListItem","position":1,"name":"Home","item":"https:\/\/www.swisscrochet.ch\/fr\/"},{"@type":"ListItem","position":2,"name":"Boutique","item":"https:\/\/www.swisscrochet.ch\/fr\/boutique\/"},{"@type":"ListItem","position":3,"name":"Chasseral avec Catona &#8211; Kit de fils"}]},{"@type":"WebSite","@id":"https:\/\/www.swisscrochet.ch\/#website","url":"https:\/\/www.swisscrochet.ch\/","name":"Swiss Crochet","description":"Lib\u00e9rez votre potentiel cr\u00e9atif","potentialAction":[{"@type":"SearchAction","target":{"@type":"EntryPoint","urlTemplate":"https:\/\/www.swisscrochet.ch\/?s={search_term_string}"},"query-input":{"@type":"PropertyValueSpecification","valueRequired":true,"valueName":"search_term_string"}}],"inLanguage":"fr-FR"}]}},"_links":{"self":[{"href":"https:\/\/www.swisscrochet.ch\/fr\/wp-json\/wp\/v2\/product\/29923","targetHints":{"allow":["GET"]}}],"collection":[{"href":"https:\/\/www.swisscrochet.ch\/fr\/wp-json\/wp\/v2\/product"}],"about":[{"href":"https:\/\/www.swisscrochet.ch\/fr\/wp-json\/wp\/v2\/types\/product"}],"wp:featuredmedia":[{"embeddable":true,"href":"https:\/\/www.swisscrochet.ch\/fr\/wp-json\/wp\/v2\/media\/1639"}],"wp:attachment":[{"href":"https:\/\/www.swisscrochet.ch\/fr\/wp-json\/wp\/v2\/media?parent=29923"}],"wp:term":[{"taxonomy":"product_brand","embeddable":true,"href":"https:\/\/www.swisscrochet.ch\/fr\/wp-json\/wp\/v2\/product_brand?post=29923"},{"taxonomy":"product_cat","embeddable":true,"href":"https:\/\/www.swisscrochet.ch\/fr\/wp-json\/wp\/v2\/product_cat?post=29923"},{"taxonomy":"product_tag","embeddable":true,"href":"https:\/\/www.swisscrochet.ch\/fr\/wp-json\/wp\/v2\/product_tag?post=29923"}],"curies":[{"name":"wp","href":"https:\/\/api.w.org\/{rel}","templated":true}]}}