{"id":31022,"date":"2026-04-21T23:06:10","date_gmt":"2026-04-21T21:06:10","guid":{"rendered":"https:\/\/www.swisscrochet.ch\/product\/laines-du-nord-poema-glitter\/"},"modified":"2026-04-21T23:14:52","modified_gmt":"2026-04-21T21:14:52","slug":"laines-du-nord-poema-glitter","status":"publish","type":"product","link":"https:\/\/www.swisscrochet.ch\/fr\/produit\/laines-du-nord-poema-glitter\/","title":{"rendered":"Laines du Nord &#8211; Poema Glitter"},"content":{"rendered":"","protected":false},"excerpt":{"rendered":"<p>Poema Glitter est un fil en m\u00e9rinos luxueux et doux avec un superbe d\u00e9grad\u00e9 de couleurs long. Sa construction \u00e0 un seul brin assure une excellente d\u00e9finition des mailles tout en aidant \u00e0 \u00e9viter le d\u00e9doublement et le d\u00e9vrillage, ce qui en fait un v\u00e9ritable plaisir \u00e0 travailler.<\/p>\n<p>Compos\u00e9 de 95 % de laine m\u00e9rinos de haute qualit\u00e9 et de 5 % de lurex subtilement scintillant, Poema Glitter offre un \u00e9clat raffin\u00e9 sans compromettre la douceur. Le fil est r\u00e9sistant au boulochage, ce qui le rend id\u00e9al pour des projets de crochet durables. Il convient parfaitement aux v\u00eatements et accessoires tels que pulls, cardigans, bonnets, \u00e9charpes et moufles.<\/p>\n<p>Poema Glitter est disponible exclusivement en <strong>coloris en \u00e9dition limit\u00e9e qui changent chaque ann\u00e9e<\/strong>, rendant chaque collection unique et offrant une nouvelle source d\u2019inspiration \u00e0 chaque sortie.<\/p>\n<p>L\u2019\u00e9chantillon pr\u00e9sent\u00e9 a \u00e9t\u00e9 lav\u00e9 en machine (programme laine \u00e0 30\u00b0C) puis repass\u00e9 \u00e0 la vapeur.<\/p>\n<p>D\u00e9couvrez Poema Glitter pour des projets de crochet \u00e9l\u00e9gants avec un toucher doux, un l\u00e9ger \u00e9clat et de magnifiques transitions de couleurs.<\/p>\n","protected":false},"featured_media":31010,"template":"","meta":[],"product_brand":[],"product_cat":[227,1893],"product_tag":[],"class_list":{"0":"post-31022","1":"product","2":"type-product","3":"status-publish","4":"has-post-thumbnail","6":"product_cat-fils","7":"product_cat-fils-vetements","8":"pa_y1-brand-laines-du-nord-fr","9":"pa_y17-yarn-weight-light-fingering-fr","10":"description-off","12":"first","13":"instock","14":"taxable","15":"shipping-taxable","16":"purchasable","17":"product-type-variable","18":"wvs-archive-product-wrapper"},"bundled_by":[],"bundle_stock_status":"instock","bundle_stock_quantity":null,"bundle_virtual":false,"bundle_layout":"","bundle_add_to_cart_form_location":"","bundle_editable_in_cart":false,"bundle_sold_individually_context":"","bundle_item_grouping":"","bundle_min_size":"","bundle_max_size":"","bundle_price":[],"bundled_items":[],"bundle_sell_ids":[],"yoast_head":"<!-- This site is optimized with the Yoast SEO plugin v27.4 - https:\/\/yoast.com\/product\/yoast-seo-wordpress\/ -->\n<title>Laines du Nord - Poema Glitter &#171; Swiss Crochet<\/title>\n<meta name=\"description\" content=\"Poema Glitter fil en m\u00e9rinos avec un subtil \u00e9clat de lurex et de longs d\u00e9grad\u00e9s de couleurs. Coloris en \u00e9dition limit\u00e9e, parfait pour des v\u00eatements \u00e9l\u00e9gants et des projets au crochet.\" \/>\n<meta name=\"robots\" content=\"index, follow, max-snippet:-1, max-image-preview:large, max-video-preview:-1\" \/>\n<link rel=\"canonical\" href=\"https:\/\/www.swisscrochet.ch\/fr\/produit\/laines-du-nord-poema-glitter\/\" \/>\n<meta property=\"og:locale\" content=\"fr_FR\" \/>\n<meta property=\"og:type\" content=\"article\" \/>\n<meta property=\"og:title\" content=\"Laines du Nord - Poema Glitter &#171; Swiss Crochet\" \/>\n<meta property=\"og:description\" content=\"Poema Glitter fil en m\u00e9rinos avec un subtil \u00e9clat de lurex et de longs d\u00e9grad\u00e9s de couleurs. Coloris en \u00e9dition limit\u00e9e, parfait pour des v\u00eatements \u00e9l\u00e9gants et des projets au crochet.\" \/>\n<meta property=\"og:url\" content=\"https:\/\/www.swisscrochet.ch\/fr\/produit\/laines-du-nord-poema-glitter\/\" \/>\n<meta property=\"og:site_name\" content=\"Swiss Crochet\" \/>\n<meta property=\"article:modified_time\" content=\"2026-04-21T21:14:52+00:00\" \/>\n<meta property=\"og:image\" content=\"https:\/\/www.swisscrochet.ch\/wp-content\/uploads\/2026\/04\/Laines-du-Nord-Poema-Glitter-Overview.jpg\" \/>\n\t<meta property=\"og:image:width\" content=\"1000\" \/>\n\t<meta property=\"og:image:height\" content=\"1000\" \/>\n\t<meta property=\"og:image:type\" content=\"image\/jpeg\" \/>\n<meta name=\"twitter:card\" content=\"summary_large_image\" \/>\n<meta name=\"twitter:label1\" content=\"Dur\u00e9e de lecture estim\u00e9e\" \/>\n\t<meta name=\"twitter:data1\" content=\"1 minute\" \/>\n<script type=\"application\/ld+json\" class=\"yoast-schema-graph\">{\"@context\":\"https:\\\/\\\/schema.org\",\"@graph\":[{\"@type\":[\"WebPage\",\"ItemPage\"],\"@id\":\"https:\\\/\\\/www.swisscrochet.ch\\\/fr\\\/produit\\\/laines-du-nord-poema-glitter\\\/\",\"url\":\"https:\\\/\\\/www.swisscrochet.ch\\\/fr\\\/produit\\\/laines-du-nord-poema-glitter\\\/\",\"name\":\"Laines du Nord - Poema Glitter &#171; Swiss Crochet\",\"isPartOf\":{\"@id\":\"https:\\\/\\\/www.swisscrochet.ch\\\/#website\"},\"primaryImageOfPage\":{\"@id\":\"https:\\\/\\\/www.swisscrochet.ch\\\/fr\\\/produit\\\/laines-du-nord-poema-glitter\\\/#primaryimage\"},\"image\":{\"@id\":\"https:\\\/\\\/www.swisscrochet.ch\\\/fr\\\/produit\\\/laines-du-nord-poema-glitter\\\/#primaryimage\"},\"thumbnailUrl\":\"https:\\\/\\\/www.swisscrochet.ch\\\/wp-content\\\/uploads\\\/2026\\\/04\\\/Laines-du-Nord-Poema-Glitter-Overview.jpg\",\"datePublished\":\"2026-04-21T21:06:10+00:00\",\"dateModified\":\"2026-04-21T21:14:52+00:00\",\"description\":\"Poema Glitter fil en m\u00e9rinos avec un subtil \u00e9clat de lurex et de longs d\u00e9grad\u00e9s de couleurs. Coloris en \u00e9dition limit\u00e9e, parfait pour des v\u00eatements \u00e9l\u00e9gants et des projets au crochet.\",\"breadcrumb\":{\"@id\":\"https:\\\/\\\/www.swisscrochet.ch\\\/fr\\\/produit\\\/laines-du-nord-poema-glitter\\\/#breadcrumb\"},\"inLanguage\":\"fr-FR\",\"potentialAction\":[{\"@type\":\"ReadAction\",\"target\":[\"https:\\\/\\\/www.swisscrochet.ch\\\/fr\\\/produit\\\/laines-du-nord-poema-glitter\\\/\"]}]},{\"@type\":\"ImageObject\",\"inLanguage\":\"fr-FR\",\"@id\":\"https:\\\/\\\/www.swisscrochet.ch\\\/fr\\\/produit\\\/laines-du-nord-poema-glitter\\\/#primaryimage\",\"url\":\"https:\\\/\\\/www.swisscrochet.ch\\\/wp-content\\\/uploads\\\/2026\\\/04\\\/Laines-du-Nord-Poema-Glitter-Overview.jpg\",\"contentUrl\":\"https:\\\/\\\/www.swisscrochet.ch\\\/wp-content\\\/uploads\\\/2026\\\/04\\\/Laines-du-Nord-Poema-Glitter-Overview.jpg\",\"width\":1000,\"height\":1000},{\"@type\":\"BreadcrumbList\",\"@id\":\"https:\\\/\\\/www.swisscrochet.ch\\\/fr\\\/produit\\\/laines-du-nord-poema-glitter\\\/#breadcrumb\",\"itemListElement\":[{\"@type\":\"ListItem\",\"position\":1,\"name\":\"Home\",\"item\":\"https:\\\/\\\/www.swisscrochet.ch\\\/fr\\\/\"},{\"@type\":\"ListItem\",\"position\":2,\"name\":\"Boutique\",\"item\":\"https:\\\/\\\/www.swisscrochet.ch\\\/fr\\\/boutique\\\/\"},{\"@type\":\"ListItem\",\"position\":3,\"name\":\"Laines du Nord &#8211; Poema Glitter\"}]},{\"@type\":\"WebSite\",\"@id\":\"https:\\\/\\\/www.swisscrochet.ch\\\/#website\",\"url\":\"https:\\\/\\\/www.swisscrochet.ch\\\/\",\"name\":\"Swiss Crochet\",\"description\":\"Lib\u00e9rez votre potentiel cr\u00e9atif\",\"potentialAction\":[{\"@type\":\"SearchAction\",\"target\":{\"@type\":\"EntryPoint\",\"urlTemplate\":\"https:\\\/\\\/www.swisscrochet.ch\\\/?s={search_term_string}\"},\"query-input\":{\"@type\":\"PropertyValueSpecification\",\"valueRequired\":true,\"valueName\":\"search_term_string\"}}],\"inLanguage\":\"fr-FR\"}]}<\/script>\n<!-- \/ Yoast SEO plugin. -->","yoast_head_json":{"title":"Laines du Nord - Poema Glitter &#171; Swiss Crochet","description":"Poema Glitter fil en m\u00e9rinos avec un subtil \u00e9clat de lurex et de longs d\u00e9grad\u00e9s de couleurs. Coloris en \u00e9dition limit\u00e9e, parfait pour des v\u00eatements \u00e9l\u00e9gants et des projets au crochet.","robots":{"index":"index","follow":"follow","max-snippet":"max-snippet:-1","max-image-preview":"max-image-preview:large","max-video-preview":"max-video-preview:-1"},"canonical":"https:\/\/www.swisscrochet.ch\/fr\/produit\/laines-du-nord-poema-glitter\/","og_locale":"fr_FR","og_type":"article","og_title":"Laines du Nord - Poema Glitter &#171; Swiss Crochet","og_description":"Poema Glitter fil en m\u00e9rinos avec un subtil \u00e9clat de lurex et de longs d\u00e9grad\u00e9s de couleurs. Coloris en \u00e9dition limit\u00e9e, parfait pour des v\u00eatements \u00e9l\u00e9gants et des projets au crochet.","og_url":"https:\/\/www.swisscrochet.ch\/fr\/produit\/laines-du-nord-poema-glitter\/","og_site_name":"Swiss Crochet","article_modified_time":"2026-04-21T21:14:52+00:00","og_image":[{"width":1000,"height":1000,"url":"https:\/\/www.swisscrochet.ch\/wp-content\/uploads\/2026\/04\/Laines-du-Nord-Poema-Glitter-Overview.jpg","type":"image\/jpeg"}],"twitter_card":"summary_large_image","twitter_misc":{"Dur\u00e9e de lecture estim\u00e9e":"1 minute"},"schema":{"@context":"https:\/\/schema.org","@graph":[{"@type":["WebPage","ItemPage"],"@id":"https:\/\/www.swisscrochet.ch\/fr\/produit\/laines-du-nord-poema-glitter\/","url":"https:\/\/www.swisscrochet.ch\/fr\/produit\/laines-du-nord-poema-glitter\/","name":"Laines du Nord - Poema Glitter &#171; Swiss Crochet","isPartOf":{"@id":"https:\/\/www.swisscrochet.ch\/#website"},"primaryImageOfPage":{"@id":"https:\/\/www.swisscrochet.ch\/fr\/produit\/laines-du-nord-poema-glitter\/#primaryimage"},"image":{"@id":"https:\/\/www.swisscrochet.ch\/fr\/produit\/laines-du-nord-poema-glitter\/#primaryimage"},"thumbnailUrl":"https:\/\/www.swisscrochet.ch\/wp-content\/uploads\/2026\/04\/Laines-du-Nord-Poema-Glitter-Overview.jpg","datePublished":"2026-04-21T21:06:10+00:00","dateModified":"2026-04-21T21:14:52+00:00","description":"Poema Glitter fil en m\u00e9rinos avec un subtil \u00e9clat de lurex et de longs d\u00e9grad\u00e9s de couleurs. Coloris en \u00e9dition limit\u00e9e, parfait pour des v\u00eatements \u00e9l\u00e9gants et des projets au crochet.","breadcrumb":{"@id":"https:\/\/www.swisscrochet.ch\/fr\/produit\/laines-du-nord-poema-glitter\/#breadcrumb"},"inLanguage":"fr-FR","potentialAction":[{"@type":"ReadAction","target":["https:\/\/www.swisscrochet.ch\/fr\/produit\/laines-du-nord-poema-glitter\/"]}]},{"@type":"ImageObject","inLanguage":"fr-FR","@id":"https:\/\/www.swisscrochet.ch\/fr\/produit\/laines-du-nord-poema-glitter\/#primaryimage","url":"https:\/\/www.swisscrochet.ch\/wp-content\/uploads\/2026\/04\/Laines-du-Nord-Poema-Glitter-Overview.jpg","contentUrl":"https:\/\/www.swisscrochet.ch\/wp-content\/uploads\/2026\/04\/Laines-du-Nord-Poema-Glitter-Overview.jpg","width":1000,"height":1000},{"@type":"BreadcrumbList","@id":"https:\/\/www.swisscrochet.ch\/fr\/produit\/laines-du-nord-poema-glitter\/#breadcrumb","itemListElement":[{"@type":"ListItem","position":1,"name":"Home","item":"https:\/\/www.swisscrochet.ch\/fr\/"},{"@type":"ListItem","position":2,"name":"Boutique","item":"https:\/\/www.swisscrochet.ch\/fr\/boutique\/"},{"@type":"ListItem","position":3,"name":"Laines du Nord &#8211; Poema Glitter"}]},{"@type":"WebSite","@id":"https:\/\/www.swisscrochet.ch\/#website","url":"https:\/\/www.swisscrochet.ch\/","name":"Swiss Crochet","description":"Lib\u00e9rez votre potentiel cr\u00e9atif","potentialAction":[{"@type":"SearchAction","target":{"@type":"EntryPoint","urlTemplate":"https:\/\/www.swisscrochet.ch\/?s={search_term_string}"},"query-input":{"@type":"PropertyValueSpecification","valueRequired":true,"valueName":"search_term_string"}}],"inLanguage":"fr-FR"}]}},"_links":{"self":[{"href":"https:\/\/www.swisscrochet.ch\/fr\/wp-json\/wp\/v2\/product\/31022","targetHints":{"allow":["GET"]}}],"collection":[{"href":"https:\/\/www.swisscrochet.ch\/fr\/wp-json\/wp\/v2\/product"}],"about":[{"href":"https:\/\/www.swisscrochet.ch\/fr\/wp-json\/wp\/v2\/types\/product"}],"wp:featuredmedia":[{"embeddable":true,"href":"https:\/\/www.swisscrochet.ch\/fr\/wp-json\/wp\/v2\/media\/31010"}],"wp:attachment":[{"href":"https:\/\/www.swisscrochet.ch\/fr\/wp-json\/wp\/v2\/media?parent=31022"}],"wp:term":[{"taxonomy":"product_brand","embeddable":true,"href":"https:\/\/www.swisscrochet.ch\/fr\/wp-json\/wp\/v2\/product_brand?post=31022"},{"taxonomy":"product_cat","embeddable":true,"href":"https:\/\/www.swisscrochet.ch\/fr\/wp-json\/wp\/v2\/product_cat?post=31022"},{"taxonomy":"product_tag","embeddable":true,"href":"https:\/\/www.swisscrochet.ch\/fr\/wp-json\/wp\/v2\/product_tag?post=31022"}],"curies":[{"name":"wp","href":"https:\/\/api.w.org\/{rel}","templated":true}]}}