{"id":31493,"date":"2026-04-23T19:07:48","date_gmt":"2026-04-23T17:07:48","guid":{"rendered":"https:\/\/www.swisscrochet.ch\/product\/laines-du-nord-natural-bag\/"},"modified":"2026-04-23T23:02:58","modified_gmt":"2026-04-23T21:02:58","slug":"laines-du-nord-natural-bag","status":"publish","type":"product","link":"https:\/\/www.swisscrochet.ch\/fr\/produit\/laines-du-nord-natural-bag\/","title":{"rendered":"Laines du Nord &#8211; Natural Bag"},"content":{"rendered":"","protected":false},"excerpt":{"rendered":"<p>Natural Bag est un fil robuste compos\u00e9 de 60 % de jute et de 40 % de coton, id\u00e9al pour les projets n\u00e9cessitant solidit\u00e9 et structure. Sa construction c\u00e2bl\u00e9e offre une excellente durabilit\u00e9, tandis que la torsion en Z aide \u00e0 \u00e9viter le d\u00e9doublement et le d\u00e9vrillage lors du crochet, ce qui le rend fiable et agr\u00e9able \u00e0 travailler.<\/p>\n<p>Sans \u00e9lasticit\u00e9, Natural Bag est particuli\u00e8rement adapt\u00e9 aux cr\u00e9ations qui doivent conserver leur forme, comme les paniers, sacs et objets de d\u00e9coration. Cette m\u00eame caract\u00e9ristique le rend toutefois inadapt\u00e9 aux v\u00eatements.<\/p>\n<p>L\u2019\u00e9chantillon pr\u00e9sent\u00e9 a \u00e9t\u00e9 lav\u00e9 en machine (programme normal \u00e0 40\u00b0C) puis repass\u00e9 \u00e0 la vapeur.<\/p>\n<p>D\u00e9couvrez Natural Bag pour des projets de crochet structur\u00e9s avec une texture naturelle, une grande r\u00e9sistance et une excellente d\u00e9finition des mailles.<\/p>\n","protected":false},"featured_media":30603,"template":"","meta":[],"product_brand":[],"product_cat":[227,1882],"product_tag":[],"class_list":{"0":"post-31493","1":"product","2":"type-product","3":"status-publish","4":"has-post-thumbnail","6":"product_cat-fils","7":"product_cat-fils-sacs-et-decoration-interieure","8":"pa_y1-brand-laines-du-nord-fr","9":"pa_y17-yarn-weight-worsted-fr","10":"description-off","12":"first","13":"instock","14":"taxable","15":"shipping-taxable","16":"purchasable","17":"product-type-variable","18":"wvs-archive-product-wrapper"},"bundled_by":[],"bundle_stock_status":"instock","bundle_stock_quantity":null,"bundle_virtual":false,"bundle_layout":"","bundle_add_to_cart_form_location":"","bundle_editable_in_cart":false,"bundle_sold_individually_context":"","bundle_item_grouping":"","bundle_min_size":"","bundle_max_size":"","bundle_price":[],"bundled_items":[],"bundle_sell_ids":[],"yoast_head":"<!-- This site is optimized with the Yoast SEO plugin v27.4 - https:\/\/yoast.com\/product\/yoast-seo-wordpress\/ -->\n<title>Laines du Nord - Natural Bag &#171; Swiss Crochet<\/title>\n<meta name=\"description\" content=\"Natural Bag fil en m\u00e9lange de jute et de coton. Fil solide et durable, id\u00e9al pour les sacs au crochet, paniers et projets structur\u00e9s avec une excellente d\u00e9finition des mailles.\" \/>\n<meta name=\"robots\" content=\"index, follow, max-snippet:-1, max-image-preview:large, max-video-preview:-1\" \/>\n<link rel=\"canonical\" href=\"https:\/\/www.swisscrochet.ch\/fr\/produit\/laines-du-nord-natural-bag\/\" \/>\n<meta property=\"og:locale\" content=\"fr_FR\" \/>\n<meta property=\"og:type\" content=\"article\" \/>\n<meta property=\"og:title\" content=\"Laines du Nord - Natural Bag &#171; Swiss Crochet\" \/>\n<meta property=\"og:description\" content=\"Natural Bag fil en m\u00e9lange de jute et de coton. Fil solide et durable, id\u00e9al pour les sacs au crochet, paniers et projets structur\u00e9s avec une excellente d\u00e9finition des mailles.\" \/>\n<meta property=\"og:url\" content=\"https:\/\/www.swisscrochet.ch\/fr\/produit\/laines-du-nord-natural-bag\/\" \/>\n<meta property=\"og:site_name\" content=\"Swiss Crochet\" \/>\n<meta property=\"article:modified_time\" content=\"2026-04-23T21:02:58+00:00\" \/>\n<meta property=\"og:image\" content=\"https:\/\/www.swisscrochet.ch\/wp-content\/uploads\/2026\/04\/Laines-du-Nord-Natural-Bag-Overview.jpg\" \/>\n\t<meta property=\"og:image:width\" content=\"1000\" \/>\n\t<meta property=\"og:image:height\" content=\"1000\" \/>\n\t<meta property=\"og:image:type\" content=\"image\/jpeg\" \/>\n<meta name=\"twitter:card\" content=\"summary_large_image\" \/>\n<meta name=\"twitter:label1\" content=\"Dur\u00e9e de lecture estim\u00e9e\" \/>\n\t<meta name=\"twitter:data1\" content=\"1 minute\" \/>\n<script type=\"application\/ld+json\" class=\"yoast-schema-graph\">{\"@context\":\"https:\\\/\\\/schema.org\",\"@graph\":[{\"@type\":[\"WebPage\",\"ItemPage\"],\"@id\":\"https:\\\/\\\/www.swisscrochet.ch\\\/fr\\\/produit\\\/laines-du-nord-natural-bag\\\/\",\"url\":\"https:\\\/\\\/www.swisscrochet.ch\\\/fr\\\/produit\\\/laines-du-nord-natural-bag\\\/\",\"name\":\"Laines du Nord - Natural Bag &#171; Swiss Crochet\",\"isPartOf\":{\"@id\":\"https:\\\/\\\/www.swisscrochet.ch\\\/#website\"},\"primaryImageOfPage\":{\"@id\":\"https:\\\/\\\/www.swisscrochet.ch\\\/fr\\\/produit\\\/laines-du-nord-natural-bag\\\/#primaryimage\"},\"image\":{\"@id\":\"https:\\\/\\\/www.swisscrochet.ch\\\/fr\\\/produit\\\/laines-du-nord-natural-bag\\\/#primaryimage\"},\"thumbnailUrl\":\"https:\\\/\\\/www.swisscrochet.ch\\\/wp-content\\\/uploads\\\/2026\\\/04\\\/Laines-du-Nord-Natural-Bag-Overview.jpg\",\"datePublished\":\"2026-04-23T17:07:48+00:00\",\"dateModified\":\"2026-04-23T21:02:58+00:00\",\"description\":\"Natural Bag fil en m\u00e9lange de jute et de coton. Fil solide et durable, id\u00e9al pour les sacs au crochet, paniers et projets structur\u00e9s avec une excellente d\u00e9finition des mailles.\",\"breadcrumb\":{\"@id\":\"https:\\\/\\\/www.swisscrochet.ch\\\/fr\\\/produit\\\/laines-du-nord-natural-bag\\\/#breadcrumb\"},\"inLanguage\":\"fr-FR\",\"potentialAction\":[{\"@type\":\"ReadAction\",\"target\":[\"https:\\\/\\\/www.swisscrochet.ch\\\/fr\\\/produit\\\/laines-du-nord-natural-bag\\\/\"]}]},{\"@type\":\"ImageObject\",\"inLanguage\":\"fr-FR\",\"@id\":\"https:\\\/\\\/www.swisscrochet.ch\\\/fr\\\/produit\\\/laines-du-nord-natural-bag\\\/#primaryimage\",\"url\":\"https:\\\/\\\/www.swisscrochet.ch\\\/wp-content\\\/uploads\\\/2026\\\/04\\\/Laines-du-Nord-Natural-Bag-Overview.jpg\",\"contentUrl\":\"https:\\\/\\\/www.swisscrochet.ch\\\/wp-content\\\/uploads\\\/2026\\\/04\\\/Laines-du-Nord-Natural-Bag-Overview.jpg\",\"width\":1000,\"height\":1000},{\"@type\":\"BreadcrumbList\",\"@id\":\"https:\\\/\\\/www.swisscrochet.ch\\\/fr\\\/produit\\\/laines-du-nord-natural-bag\\\/#breadcrumb\",\"itemListElement\":[{\"@type\":\"ListItem\",\"position\":1,\"name\":\"Home\",\"item\":\"https:\\\/\\\/www.swisscrochet.ch\\\/fr\\\/\"},{\"@type\":\"ListItem\",\"position\":2,\"name\":\"Boutique\",\"item\":\"https:\\\/\\\/www.swisscrochet.ch\\\/fr\\\/boutique\\\/\"},{\"@type\":\"ListItem\",\"position\":3,\"name\":\"Laines du Nord &#8211; Natural Bag\"}]},{\"@type\":\"WebSite\",\"@id\":\"https:\\\/\\\/www.swisscrochet.ch\\\/#website\",\"url\":\"https:\\\/\\\/www.swisscrochet.ch\\\/\",\"name\":\"Swiss Crochet\",\"description\":\"Lib\u00e9rez votre potentiel cr\u00e9atif\",\"potentialAction\":[{\"@type\":\"SearchAction\",\"target\":{\"@type\":\"EntryPoint\",\"urlTemplate\":\"https:\\\/\\\/www.swisscrochet.ch\\\/?s={search_term_string}\"},\"query-input\":{\"@type\":\"PropertyValueSpecification\",\"valueRequired\":true,\"valueName\":\"search_term_string\"}}],\"inLanguage\":\"fr-FR\"}]}<\/script>\n<!-- \/ Yoast SEO plugin. -->","yoast_head_json":{"title":"Laines du Nord - Natural Bag &#171; Swiss Crochet","description":"Natural Bag fil en m\u00e9lange de jute et de coton. Fil solide et durable, id\u00e9al pour les sacs au crochet, paniers et projets structur\u00e9s avec une excellente d\u00e9finition des mailles.","robots":{"index":"index","follow":"follow","max-snippet":"max-snippet:-1","max-image-preview":"max-image-preview:large","max-video-preview":"max-video-preview:-1"},"canonical":"https:\/\/www.swisscrochet.ch\/fr\/produit\/laines-du-nord-natural-bag\/","og_locale":"fr_FR","og_type":"article","og_title":"Laines du Nord - Natural Bag &#171; Swiss Crochet","og_description":"Natural Bag fil en m\u00e9lange de jute et de coton. Fil solide et durable, id\u00e9al pour les sacs au crochet, paniers et projets structur\u00e9s avec une excellente d\u00e9finition des mailles.","og_url":"https:\/\/www.swisscrochet.ch\/fr\/produit\/laines-du-nord-natural-bag\/","og_site_name":"Swiss Crochet","article_modified_time":"2026-04-23T21:02:58+00:00","og_image":[{"width":1000,"height":1000,"url":"https:\/\/www.swisscrochet.ch\/wp-content\/uploads\/2026\/04\/Laines-du-Nord-Natural-Bag-Overview.jpg","type":"image\/jpeg"}],"twitter_card":"summary_large_image","twitter_misc":{"Dur\u00e9e de lecture estim\u00e9e":"1 minute"},"schema":{"@context":"https:\/\/schema.org","@graph":[{"@type":["WebPage","ItemPage"],"@id":"https:\/\/www.swisscrochet.ch\/fr\/produit\/laines-du-nord-natural-bag\/","url":"https:\/\/www.swisscrochet.ch\/fr\/produit\/laines-du-nord-natural-bag\/","name":"Laines du Nord - Natural Bag &#171; Swiss Crochet","isPartOf":{"@id":"https:\/\/www.swisscrochet.ch\/#website"},"primaryImageOfPage":{"@id":"https:\/\/www.swisscrochet.ch\/fr\/produit\/laines-du-nord-natural-bag\/#primaryimage"},"image":{"@id":"https:\/\/www.swisscrochet.ch\/fr\/produit\/laines-du-nord-natural-bag\/#primaryimage"},"thumbnailUrl":"https:\/\/www.swisscrochet.ch\/wp-content\/uploads\/2026\/04\/Laines-du-Nord-Natural-Bag-Overview.jpg","datePublished":"2026-04-23T17:07:48+00:00","dateModified":"2026-04-23T21:02:58+00:00","description":"Natural Bag fil en m\u00e9lange de jute et de coton. Fil solide et durable, id\u00e9al pour les sacs au crochet, paniers et projets structur\u00e9s avec une excellente d\u00e9finition des mailles.","breadcrumb":{"@id":"https:\/\/www.swisscrochet.ch\/fr\/produit\/laines-du-nord-natural-bag\/#breadcrumb"},"inLanguage":"fr-FR","potentialAction":[{"@type":"ReadAction","target":["https:\/\/www.swisscrochet.ch\/fr\/produit\/laines-du-nord-natural-bag\/"]}]},{"@type":"ImageObject","inLanguage":"fr-FR","@id":"https:\/\/www.swisscrochet.ch\/fr\/produit\/laines-du-nord-natural-bag\/#primaryimage","url":"https:\/\/www.swisscrochet.ch\/wp-content\/uploads\/2026\/04\/Laines-du-Nord-Natural-Bag-Overview.jpg","contentUrl":"https:\/\/www.swisscrochet.ch\/wp-content\/uploads\/2026\/04\/Laines-du-Nord-Natural-Bag-Overview.jpg","width":1000,"height":1000},{"@type":"BreadcrumbList","@id":"https:\/\/www.swisscrochet.ch\/fr\/produit\/laines-du-nord-natural-bag\/#breadcrumb","itemListElement":[{"@type":"ListItem","position":1,"name":"Home","item":"https:\/\/www.swisscrochet.ch\/fr\/"},{"@type":"ListItem","position":2,"name":"Boutique","item":"https:\/\/www.swisscrochet.ch\/fr\/boutique\/"},{"@type":"ListItem","position":3,"name":"Laines du Nord &#8211; Natural Bag"}]},{"@type":"WebSite","@id":"https:\/\/www.swisscrochet.ch\/#website","url":"https:\/\/www.swisscrochet.ch\/","name":"Swiss Crochet","description":"Lib\u00e9rez votre potentiel cr\u00e9atif","potentialAction":[{"@type":"SearchAction","target":{"@type":"EntryPoint","urlTemplate":"https:\/\/www.swisscrochet.ch\/?s={search_term_string}"},"query-input":{"@type":"PropertyValueSpecification","valueRequired":true,"valueName":"search_term_string"}}],"inLanguage":"fr-FR"}]}},"_links":{"self":[{"href":"https:\/\/www.swisscrochet.ch\/fr\/wp-json\/wp\/v2\/product\/31493","targetHints":{"allow":["GET"]}}],"collection":[{"href":"https:\/\/www.swisscrochet.ch\/fr\/wp-json\/wp\/v2\/product"}],"about":[{"href":"https:\/\/www.swisscrochet.ch\/fr\/wp-json\/wp\/v2\/types\/product"}],"wp:featuredmedia":[{"embeddable":true,"href":"https:\/\/www.swisscrochet.ch\/fr\/wp-json\/wp\/v2\/media\/30603"}],"wp:attachment":[{"href":"https:\/\/www.swisscrochet.ch\/fr\/wp-json\/wp\/v2\/media?parent=31493"}],"wp:term":[{"taxonomy":"product_brand","embeddable":true,"href":"https:\/\/www.swisscrochet.ch\/fr\/wp-json\/wp\/v2\/product_brand?post=31493"},{"taxonomy":"product_cat","embeddable":true,"href":"https:\/\/www.swisscrochet.ch\/fr\/wp-json\/wp\/v2\/product_cat?post=31493"},{"taxonomy":"product_tag","embeddable":true,"href":"https:\/\/www.swisscrochet.ch\/fr\/wp-json\/wp\/v2\/product_tag?post=31493"}],"curies":[{"name":"wp","href":"https:\/\/api.w.org\/{rel}","templated":true}]}}