{"id":32040,"date":"2026-05-07T20:15:23","date_gmt":"2026-05-07T18:15:23","guid":{"rendered":"https:\/\/www.swisscrochet.ch\/product\/tulip-carryt-end-stoppers\/"},"modified":"2026-05-07T20:28:06","modified_gmt":"2026-05-07T18:28:06","slug":"tulip-embouts-carryt","status":"publish","type":"product","link":"https:\/\/www.swisscrochet.ch\/fr\/produit\/tulip-embouts-carryt\/","title":{"rendered":"Tulip &#8211; Embouts CarryT"},"content":{"rendered":"","protected":false},"excerpt":{"rendered":"<p>Les embouts Tulip CarryT sont des accessoires pratiques con\u00e7us pour \u00eatre utilis\u00e9s avec le syst\u00e8me de c\u00e2bles interchangeables Tulip CarryT pour le crochet tunisien.<\/p>\n<p>En crochet tunisien, le c\u00e2ble prolonge l\u2019arri\u00e8re du crochet et maintient les mailles actives, ce qui est particuli\u00e8rement utile pour les grands projets comme les couvertures, ch\u00e2les et v\u00eatements. L\u2019embout se fixe solidement \u00e0 l\u2019extr\u00e9mit\u00e9 oppos\u00e9e du c\u00e2ble afin d\u2019emp\u00eacher les mailles de glisser pendant le travail ou lorsque le projet est rang\u00e9. Consultez les photos du produit pour voir des exemples de montage.<\/p>\n<p>Les embouts se vissent fermement \u00e0 l\u2019extr\u00e9mit\u00e9 du c\u00e2ble, aidant \u00e0 maintenir les mailles bien en place et votre projet soigneusement s\u00e9curis\u00e9.<\/p>\n<p>Chaque emballage contient deux embouts.<\/p>\n<p>Un accessoire simple mais essentiel pour garder le contr\u00f4le et prot\u00e9ger vos mailles tout au long de vos projets de crochet tunisien.<\/p>\n<p><strong>Exclusivement disponible chez Swiss Crochet.<\/strong><\/p>\n","protected":false},"featured_media":32003,"template":"","meta":[],"product_brand":[],"product_cat":[560,221,557],"product_tag":[],"class_list":{"0":"post-32040","1":"product","2":"type-product","3":"status-publish","4":"has-post-thumbnail","6":"product_cat-autres-accessoires","7":"product_cat-crochets-et-outils","8":"product_cat-crochets-pour-le-crochet-tunisien","9":"product_shipping_class-petits-envois","10":"pa_t1-manufacturer-tulip-fr","11":"description-off","13":"first","14":"instock","15":"taxable","16":"shipping-taxable","17":"purchasable","18":"product-type-simple"},"bundled_by":[],"bundle_stock_status":"instock","bundle_stock_quantity":10,"bundle_virtual":false,"bundle_layout":"","bundle_add_to_cart_form_location":"","bundle_editable_in_cart":false,"bundle_sold_individually_context":"","bundle_item_grouping":"","bundle_min_size":"","bundle_max_size":"","bundle_price":[],"bundled_items":[],"bundle_sell_ids":[],"yoast_head":"<!-- This site is optimized with the Yoast SEO plugin v27.5 - https:\/\/yoast.com\/product\/yoast-seo-wordpress\/ -->\n<title>Tulip - Embouts CarryT &#171; Swiss Crochet<\/title>\n<meta name=\"description\" content=\"Embouts Tulip CarryT pour c\u00e2bles interchangeables de crochet tunisien. Maintiennent les mailles en place en toute s\u00e9curit\u00e9 pour couvertures, v\u00eatements et projets de grande taille.\" \/>\n<meta name=\"robots\" content=\"index, follow, max-snippet:-1, max-image-preview:large, max-video-preview:-1\" \/>\n<link rel=\"canonical\" href=\"https:\/\/www.swisscrochet.ch\/fr\/produit\/tulip-embouts-carryt\/\" \/>\n<meta property=\"og:locale\" content=\"fr_FR\" \/>\n<meta property=\"og:type\" content=\"article\" \/>\n<meta property=\"og:title\" content=\"Tulip - Embouts CarryT &#171; Swiss Crochet\" \/>\n<meta property=\"og:description\" content=\"Embouts Tulip CarryT pour c\u00e2bles interchangeables de crochet tunisien. Maintiennent les mailles en place en toute s\u00e9curit\u00e9 pour couvertures, v\u00eatements et projets de grande taille.\" \/>\n<meta property=\"og:url\" content=\"https:\/\/www.swisscrochet.ch\/fr\/produit\/tulip-embouts-carryt\/\" \/>\n<meta property=\"og:site_name\" content=\"Swiss Crochet\" \/>\n<meta property=\"article:modified_time\" content=\"2026-05-07T18:28:06+00:00\" \/>\n<meta property=\"og:image\" content=\"https:\/\/www.swisscrochet.ch\/wp-content\/uploads\/2026\/05\/Tulip-CarryT-End-Stoppers-Overview.jpg\" \/>\n\t<meta property=\"og:image:width\" content=\"1000\" \/>\n\t<meta property=\"og:image:height\" content=\"1000\" \/>\n\t<meta property=\"og:image:type\" content=\"image\/jpeg\" \/>\n<meta name=\"twitter:card\" content=\"summary_large_image\" \/>\n<meta name=\"twitter:label1\" content=\"Dur\u00e9e de lecture estim\u00e9e\" \/>\n\t<meta name=\"twitter:data1\" content=\"1 minute\" \/>\n<script type=\"application\/ld+json\" class=\"yoast-schema-graph\">{\"@context\":\"https:\\\/\\\/schema.org\",\"@graph\":[{\"@type\":[\"WebPage\",\"ItemPage\"],\"@id\":\"https:\\\/\\\/www.swisscrochet.ch\\\/fr\\\/produit\\\/tulip-embouts-carryt\\\/\",\"url\":\"https:\\\/\\\/www.swisscrochet.ch\\\/fr\\\/produit\\\/tulip-embouts-carryt\\\/\",\"name\":\"Tulip - Embouts CarryT &#171; Swiss Crochet\",\"isPartOf\":{\"@id\":\"https:\\\/\\\/www.swisscrochet.ch\\\/#website\"},\"primaryImageOfPage\":{\"@id\":\"https:\\\/\\\/www.swisscrochet.ch\\\/fr\\\/produit\\\/tulip-embouts-carryt\\\/#primaryimage\"},\"image\":{\"@id\":\"https:\\\/\\\/www.swisscrochet.ch\\\/fr\\\/produit\\\/tulip-embouts-carryt\\\/#primaryimage\"},\"thumbnailUrl\":\"https:\\\/\\\/www.swisscrochet.ch\\\/wp-content\\\/uploads\\\/2026\\\/05\\\/Tulip-CarryT-End-Stoppers-Overview.jpg\",\"datePublished\":\"2026-05-07T18:15:23+00:00\",\"dateModified\":\"2026-05-07T18:28:06+00:00\",\"description\":\"Embouts Tulip CarryT pour c\u00e2bles interchangeables de crochet tunisien. Maintiennent les mailles en place en toute s\u00e9curit\u00e9 pour couvertures, v\u00eatements et projets de grande taille.\",\"breadcrumb\":{\"@id\":\"https:\\\/\\\/www.swisscrochet.ch\\\/fr\\\/produit\\\/tulip-embouts-carryt\\\/#breadcrumb\"},\"inLanguage\":\"fr-FR\",\"potentialAction\":[{\"@type\":\"ReadAction\",\"target\":[\"https:\\\/\\\/www.swisscrochet.ch\\\/fr\\\/produit\\\/tulip-embouts-carryt\\\/\"]}]},{\"@type\":\"ImageObject\",\"inLanguage\":\"fr-FR\",\"@id\":\"https:\\\/\\\/www.swisscrochet.ch\\\/fr\\\/produit\\\/tulip-embouts-carryt\\\/#primaryimage\",\"url\":\"https:\\\/\\\/www.swisscrochet.ch\\\/wp-content\\\/uploads\\\/2026\\\/05\\\/Tulip-CarryT-End-Stoppers-Overview.jpg\",\"contentUrl\":\"https:\\\/\\\/www.swisscrochet.ch\\\/wp-content\\\/uploads\\\/2026\\\/05\\\/Tulip-CarryT-End-Stoppers-Overview.jpg\",\"width\":1000,\"height\":1000},{\"@type\":\"BreadcrumbList\",\"@id\":\"https:\\\/\\\/www.swisscrochet.ch\\\/fr\\\/produit\\\/tulip-embouts-carryt\\\/#breadcrumb\",\"itemListElement\":[{\"@type\":\"ListItem\",\"position\":1,\"name\":\"Home\",\"item\":\"https:\\\/\\\/www.swisscrochet.ch\\\/fr\\\/\"},{\"@type\":\"ListItem\",\"position\":2,\"name\":\"Boutique\",\"item\":\"https:\\\/\\\/www.swisscrochet.ch\\\/fr\\\/boutique\\\/\"},{\"@type\":\"ListItem\",\"position\":3,\"name\":\"Tulip &#8211; Embouts CarryT\"}]},{\"@type\":\"WebSite\",\"@id\":\"https:\\\/\\\/www.swisscrochet.ch\\\/#website\",\"url\":\"https:\\\/\\\/www.swisscrochet.ch\\\/\",\"name\":\"Swiss Crochet\",\"description\":\"Lib\u00e9rez votre potentiel cr\u00e9atif\",\"potentialAction\":[{\"@type\":\"SearchAction\",\"target\":{\"@type\":\"EntryPoint\",\"urlTemplate\":\"https:\\\/\\\/www.swisscrochet.ch\\\/?s={search_term_string}\"},\"query-input\":{\"@type\":\"PropertyValueSpecification\",\"valueRequired\":true,\"valueName\":\"search_term_string\"}}],\"inLanguage\":\"fr-FR\"}]}<\/script>\n<!-- \/ Yoast SEO plugin. -->","yoast_head_json":{"title":"Tulip - Embouts CarryT &#171; Swiss Crochet","description":"Embouts Tulip CarryT pour c\u00e2bles interchangeables de crochet tunisien. Maintiennent les mailles en place en toute s\u00e9curit\u00e9 pour couvertures, v\u00eatements et projets de grande taille.","robots":{"index":"index","follow":"follow","max-snippet":"max-snippet:-1","max-image-preview":"max-image-preview:large","max-video-preview":"max-video-preview:-1"},"canonical":"https:\/\/www.swisscrochet.ch\/fr\/produit\/tulip-embouts-carryt\/","og_locale":"fr_FR","og_type":"article","og_title":"Tulip - Embouts CarryT &#171; Swiss Crochet","og_description":"Embouts Tulip CarryT pour c\u00e2bles interchangeables de crochet tunisien. Maintiennent les mailles en place en toute s\u00e9curit\u00e9 pour couvertures, v\u00eatements et projets de grande taille.","og_url":"https:\/\/www.swisscrochet.ch\/fr\/produit\/tulip-embouts-carryt\/","og_site_name":"Swiss Crochet","article_modified_time":"2026-05-07T18:28:06+00:00","og_image":[{"width":1000,"height":1000,"url":"https:\/\/www.swisscrochet.ch\/wp-content\/uploads\/2026\/05\/Tulip-CarryT-End-Stoppers-Overview.jpg","type":"image\/jpeg"}],"twitter_card":"summary_large_image","twitter_misc":{"Dur\u00e9e de lecture estim\u00e9e":"1 minute"},"schema":{"@context":"https:\/\/schema.org","@graph":[{"@type":["WebPage","ItemPage"],"@id":"https:\/\/www.swisscrochet.ch\/fr\/produit\/tulip-embouts-carryt\/","url":"https:\/\/www.swisscrochet.ch\/fr\/produit\/tulip-embouts-carryt\/","name":"Tulip - Embouts CarryT &#171; Swiss Crochet","isPartOf":{"@id":"https:\/\/www.swisscrochet.ch\/#website"},"primaryImageOfPage":{"@id":"https:\/\/www.swisscrochet.ch\/fr\/produit\/tulip-embouts-carryt\/#primaryimage"},"image":{"@id":"https:\/\/www.swisscrochet.ch\/fr\/produit\/tulip-embouts-carryt\/#primaryimage"},"thumbnailUrl":"https:\/\/www.swisscrochet.ch\/wp-content\/uploads\/2026\/05\/Tulip-CarryT-End-Stoppers-Overview.jpg","datePublished":"2026-05-07T18:15:23+00:00","dateModified":"2026-05-07T18:28:06+00:00","description":"Embouts Tulip CarryT pour c\u00e2bles interchangeables de crochet tunisien. Maintiennent les mailles en place en toute s\u00e9curit\u00e9 pour couvertures, v\u00eatements et projets de grande taille.","breadcrumb":{"@id":"https:\/\/www.swisscrochet.ch\/fr\/produit\/tulip-embouts-carryt\/#breadcrumb"},"inLanguage":"fr-FR","potentialAction":[{"@type":"ReadAction","target":["https:\/\/www.swisscrochet.ch\/fr\/produit\/tulip-embouts-carryt\/"]}]},{"@type":"ImageObject","inLanguage":"fr-FR","@id":"https:\/\/www.swisscrochet.ch\/fr\/produit\/tulip-embouts-carryt\/#primaryimage","url":"https:\/\/www.swisscrochet.ch\/wp-content\/uploads\/2026\/05\/Tulip-CarryT-End-Stoppers-Overview.jpg","contentUrl":"https:\/\/www.swisscrochet.ch\/wp-content\/uploads\/2026\/05\/Tulip-CarryT-End-Stoppers-Overview.jpg","width":1000,"height":1000},{"@type":"BreadcrumbList","@id":"https:\/\/www.swisscrochet.ch\/fr\/produit\/tulip-embouts-carryt\/#breadcrumb","itemListElement":[{"@type":"ListItem","position":1,"name":"Home","item":"https:\/\/www.swisscrochet.ch\/fr\/"},{"@type":"ListItem","position":2,"name":"Boutique","item":"https:\/\/www.swisscrochet.ch\/fr\/boutique\/"},{"@type":"ListItem","position":3,"name":"Tulip &#8211; Embouts CarryT"}]},{"@type":"WebSite","@id":"https:\/\/www.swisscrochet.ch\/#website","url":"https:\/\/www.swisscrochet.ch\/","name":"Swiss Crochet","description":"Lib\u00e9rez votre potentiel cr\u00e9atif","potentialAction":[{"@type":"SearchAction","target":{"@type":"EntryPoint","urlTemplate":"https:\/\/www.swisscrochet.ch\/?s={search_term_string}"},"query-input":{"@type":"PropertyValueSpecification","valueRequired":true,"valueName":"search_term_string"}}],"inLanguage":"fr-FR"}]}},"_links":{"self":[{"href":"https:\/\/www.swisscrochet.ch\/fr\/wp-json\/wp\/v2\/product\/32040","targetHints":{"allow":["GET"]}}],"collection":[{"href":"https:\/\/www.swisscrochet.ch\/fr\/wp-json\/wp\/v2\/product"}],"about":[{"href":"https:\/\/www.swisscrochet.ch\/fr\/wp-json\/wp\/v2\/types\/product"}],"wp:featuredmedia":[{"embeddable":true,"href":"https:\/\/www.swisscrochet.ch\/fr\/wp-json\/wp\/v2\/media\/32003"}],"wp:attachment":[{"href":"https:\/\/www.swisscrochet.ch\/fr\/wp-json\/wp\/v2\/media?parent=32040"}],"wp:term":[{"taxonomy":"product_brand","embeddable":true,"href":"https:\/\/www.swisscrochet.ch\/fr\/wp-json\/wp\/v2\/product_brand?post=32040"},{"taxonomy":"product_cat","embeddable":true,"href":"https:\/\/www.swisscrochet.ch\/fr\/wp-json\/wp\/v2\/product_cat?post=32040"},{"taxonomy":"product_tag","embeddable":true,"href":"https:\/\/www.swisscrochet.ch\/fr\/wp-json\/wp\/v2\/product_tag?post=32040"}],"curies":[{"name":"wp","href":"https:\/\/api.w.org\/{rel}","templated":true}]}}