{"id":32043,"date":"2026-05-07T20:16:12","date_gmt":"2026-05-07T18:16:12","guid":{"rendered":"https:\/\/www.swisscrochet.ch\/product\/tulip-carryt-cable\/"},"modified":"2026-05-07T20:32:06","modified_gmt":"2026-05-07T18:32:06","slug":"tulip-cable-carryt","status":"publish","type":"product","link":"https:\/\/www.swisscrochet.ch\/fr\/produit\/tulip-cable-carryt\/","title":{"rendered":"Tulip &#8211; C\u00e2ble CarryT"},"content":{"rendered":"","protected":false},"excerpt":{"rendered":"<p>Le c\u00e2ble Tulip CarryT est con\u00e7u pour \u00eatre utilis\u00e9 avec les pointes de crochet tunisien interchangeables Tulip CarryT. Son syst\u00e8me innovant de connexion pivotante \u00e0 360 degr\u00e9s permet au c\u00e2ble de tourner librement pendant le crochet, l\u2019aidant \u00e0 tomber naturellement vers le bas et r\u00e9duisant les torsions et les n\u0153uds \u2014 particuli\u00e8rement utile avec les c\u00e2bles longs ou un grand nombre de mailles. Consultez les photos du produit pour voir des exemples de montage.<\/p>\n<p>Adapt\u00e9s aussi bien au crochet tunisien en aller-retour qu\u2019en rond, ces c\u00e2bles offrent une excellente polyvalence pour une grande vari\u00e9t\u00e9 de projets. Disponibles en longueurs de 40 cm \u00e0 100 cm, ils permettent d\u2019adapter facilement votre installation, des petits accessoires aux grands v\u00eatements, ch\u00e2les et couvertures.<\/p>\n<p>Le m\u00e9canisme pivotant fluide am\u00e9liore le confort et le contr\u00f4le des mailles, rendant les grands projets plus agr\u00e9ables et plus faciles \u00e0 g\u00e9rer.<\/p>\n<p>Un ajout pratique et soigneusement con\u00e7u \u00e0 votre mat\u00e9riel de crochet tunisien.<\/p>\n<p><strong>Exclusivement disponible chez Swiss Crochet.<\/strong><\/p>\n","protected":false},"featured_media":32019,"template":"","meta":[],"product_brand":[],"product_cat":[560,221,557],"product_tag":[],"class_list":{"0":"post-32043","1":"product","2":"type-product","3":"status-publish","4":"has-post-thumbnail","6":"product_cat-autres-accessoires","7":"product_cat-crochets-et-outils","8":"product_cat-crochets-pour-le-crochet-tunisien","9":"product_shipping_class-petits-envois","10":"pa_t1-manufacturer-tulip-fr","11":"description-off","13":"first","14":"instock","15":"taxable","16":"shipping-taxable","17":"purchasable","18":"product-type-variable","19":"wvs-archive-product-wrapper"},"bundled_by":[],"bundle_stock_status":"instock","bundle_stock_quantity":null,"bundle_virtual":false,"bundle_layout":"","bundle_add_to_cart_form_location":"","bundle_editable_in_cart":false,"bundle_sold_individually_context":"","bundle_item_grouping":"","bundle_min_size":"","bundle_max_size":"","bundle_price":[],"bundled_items":[],"bundle_sell_ids":[],"yoast_head":"<!-- This site is optimized with the Yoast SEO plugin v27.5 - https:\/\/yoast.com\/product\/yoast-seo-wordpress\/ -->\n<title>Tulip - C\u00e2ble CarryT &#171; Swiss Crochet<\/title>\n<meta name=\"description\" content=\"C\u00e2ble rotatif Tulip CarryT pour crochets tunisiens interchangeables. C\u00e2ble flexible pivotant \u00e0 360\u00b0 pour un crochet fluide et sans torsion, en aller-retour ou en rond.\" \/>\n<meta name=\"robots\" content=\"index, follow, max-snippet:-1, max-image-preview:large, max-video-preview:-1\" \/>\n<link rel=\"canonical\" href=\"https:\/\/www.swisscrochet.ch\/fr\/produit\/tulip-cable-carryt\/\" \/>\n<meta property=\"og:locale\" content=\"fr_FR\" \/>\n<meta property=\"og:type\" content=\"article\" \/>\n<meta property=\"og:title\" content=\"Tulip - C\u00e2ble CarryT &#171; Swiss Crochet\" \/>\n<meta property=\"og:description\" content=\"C\u00e2ble rotatif Tulip CarryT pour crochets tunisiens interchangeables. C\u00e2ble flexible pivotant \u00e0 360\u00b0 pour un crochet fluide et sans torsion, en aller-retour ou en rond.\" \/>\n<meta property=\"og:url\" content=\"https:\/\/www.swisscrochet.ch\/fr\/produit\/tulip-cable-carryt\/\" \/>\n<meta property=\"og:site_name\" content=\"Swiss Crochet\" \/>\n<meta property=\"article:modified_time\" content=\"2026-05-07T18:32:06+00:00\" \/>\n<meta property=\"og:image\" content=\"https:\/\/www.swisscrochet.ch\/wp-content\/uploads\/2026\/05\/Tulip-CarryT-Cable-Overview.jpg\" \/>\n\t<meta property=\"og:image:width\" content=\"1000\" \/>\n\t<meta property=\"og:image:height\" content=\"1000\" \/>\n\t<meta property=\"og:image:type\" content=\"image\/jpeg\" \/>\n<meta name=\"twitter:card\" content=\"summary_large_image\" \/>\n<meta name=\"twitter:label1\" content=\"Dur\u00e9e de lecture estim\u00e9e\" \/>\n\t<meta name=\"twitter:data1\" content=\"1 minute\" \/>\n<script type=\"application\/ld+json\" class=\"yoast-schema-graph\">{\"@context\":\"https:\\\/\\\/schema.org\",\"@graph\":[{\"@type\":[\"WebPage\",\"ItemPage\"],\"@id\":\"https:\\\/\\\/www.swisscrochet.ch\\\/fr\\\/produit\\\/tulip-cable-carryt\\\/\",\"url\":\"https:\\\/\\\/www.swisscrochet.ch\\\/fr\\\/produit\\\/tulip-cable-carryt\\\/\",\"name\":\"Tulip - C\u00e2ble CarryT &#171; Swiss Crochet\",\"isPartOf\":{\"@id\":\"https:\\\/\\\/www.swisscrochet.ch\\\/#website\"},\"primaryImageOfPage\":{\"@id\":\"https:\\\/\\\/www.swisscrochet.ch\\\/fr\\\/produit\\\/tulip-cable-carryt\\\/#primaryimage\"},\"image\":{\"@id\":\"https:\\\/\\\/www.swisscrochet.ch\\\/fr\\\/produit\\\/tulip-cable-carryt\\\/#primaryimage\"},\"thumbnailUrl\":\"https:\\\/\\\/www.swisscrochet.ch\\\/wp-content\\\/uploads\\\/2026\\\/05\\\/Tulip-CarryT-Cable-Overview.jpg\",\"datePublished\":\"2026-05-07T18:16:12+00:00\",\"dateModified\":\"2026-05-07T18:32:06+00:00\",\"description\":\"C\u00e2ble rotatif Tulip CarryT pour crochets tunisiens interchangeables. C\u00e2ble flexible pivotant \u00e0 360\u00b0 pour un crochet fluide et sans torsion, en aller-retour ou en rond.\",\"breadcrumb\":{\"@id\":\"https:\\\/\\\/www.swisscrochet.ch\\\/fr\\\/produit\\\/tulip-cable-carryt\\\/#breadcrumb\"},\"inLanguage\":\"fr-FR\",\"potentialAction\":[{\"@type\":\"ReadAction\",\"target\":[\"https:\\\/\\\/www.swisscrochet.ch\\\/fr\\\/produit\\\/tulip-cable-carryt\\\/\"]}]},{\"@type\":\"ImageObject\",\"inLanguage\":\"fr-FR\",\"@id\":\"https:\\\/\\\/www.swisscrochet.ch\\\/fr\\\/produit\\\/tulip-cable-carryt\\\/#primaryimage\",\"url\":\"https:\\\/\\\/www.swisscrochet.ch\\\/wp-content\\\/uploads\\\/2026\\\/05\\\/Tulip-CarryT-Cable-Overview.jpg\",\"contentUrl\":\"https:\\\/\\\/www.swisscrochet.ch\\\/wp-content\\\/uploads\\\/2026\\\/05\\\/Tulip-CarryT-Cable-Overview.jpg\",\"width\":1000,\"height\":1000},{\"@type\":\"BreadcrumbList\",\"@id\":\"https:\\\/\\\/www.swisscrochet.ch\\\/fr\\\/produit\\\/tulip-cable-carryt\\\/#breadcrumb\",\"itemListElement\":[{\"@type\":\"ListItem\",\"position\":1,\"name\":\"Home\",\"item\":\"https:\\\/\\\/www.swisscrochet.ch\\\/fr\\\/\"},{\"@type\":\"ListItem\",\"position\":2,\"name\":\"Boutique\",\"item\":\"https:\\\/\\\/www.swisscrochet.ch\\\/fr\\\/boutique\\\/\"},{\"@type\":\"ListItem\",\"position\":3,\"name\":\"Tulip &#8211; C\u00e2ble CarryT\"}]},{\"@type\":\"WebSite\",\"@id\":\"https:\\\/\\\/www.swisscrochet.ch\\\/#website\",\"url\":\"https:\\\/\\\/www.swisscrochet.ch\\\/\",\"name\":\"Swiss Crochet\",\"description\":\"Lib\u00e9rez votre potentiel cr\u00e9atif\",\"potentialAction\":[{\"@type\":\"SearchAction\",\"target\":{\"@type\":\"EntryPoint\",\"urlTemplate\":\"https:\\\/\\\/www.swisscrochet.ch\\\/?s={search_term_string}\"},\"query-input\":{\"@type\":\"PropertyValueSpecification\",\"valueRequired\":true,\"valueName\":\"search_term_string\"}}],\"inLanguage\":\"fr-FR\"}]}<\/script>\n<!-- \/ Yoast SEO plugin. -->","yoast_head_json":{"title":"Tulip - C\u00e2ble CarryT &#171; Swiss Crochet","description":"C\u00e2ble rotatif Tulip CarryT pour crochets tunisiens interchangeables. C\u00e2ble flexible pivotant \u00e0 360\u00b0 pour un crochet fluide et sans torsion, en aller-retour ou en rond.","robots":{"index":"index","follow":"follow","max-snippet":"max-snippet:-1","max-image-preview":"max-image-preview:large","max-video-preview":"max-video-preview:-1"},"canonical":"https:\/\/www.swisscrochet.ch\/fr\/produit\/tulip-cable-carryt\/","og_locale":"fr_FR","og_type":"article","og_title":"Tulip - C\u00e2ble CarryT &#171; Swiss Crochet","og_description":"C\u00e2ble rotatif Tulip CarryT pour crochets tunisiens interchangeables. C\u00e2ble flexible pivotant \u00e0 360\u00b0 pour un crochet fluide et sans torsion, en aller-retour ou en rond.","og_url":"https:\/\/www.swisscrochet.ch\/fr\/produit\/tulip-cable-carryt\/","og_site_name":"Swiss Crochet","article_modified_time":"2026-05-07T18:32:06+00:00","og_image":[{"width":1000,"height":1000,"url":"https:\/\/www.swisscrochet.ch\/wp-content\/uploads\/2026\/05\/Tulip-CarryT-Cable-Overview.jpg","type":"image\/jpeg"}],"twitter_card":"summary_large_image","twitter_misc":{"Dur\u00e9e de lecture estim\u00e9e":"1 minute"},"schema":{"@context":"https:\/\/schema.org","@graph":[{"@type":["WebPage","ItemPage"],"@id":"https:\/\/www.swisscrochet.ch\/fr\/produit\/tulip-cable-carryt\/","url":"https:\/\/www.swisscrochet.ch\/fr\/produit\/tulip-cable-carryt\/","name":"Tulip - C\u00e2ble CarryT &#171; Swiss Crochet","isPartOf":{"@id":"https:\/\/www.swisscrochet.ch\/#website"},"primaryImageOfPage":{"@id":"https:\/\/www.swisscrochet.ch\/fr\/produit\/tulip-cable-carryt\/#primaryimage"},"image":{"@id":"https:\/\/www.swisscrochet.ch\/fr\/produit\/tulip-cable-carryt\/#primaryimage"},"thumbnailUrl":"https:\/\/www.swisscrochet.ch\/wp-content\/uploads\/2026\/05\/Tulip-CarryT-Cable-Overview.jpg","datePublished":"2026-05-07T18:16:12+00:00","dateModified":"2026-05-07T18:32:06+00:00","description":"C\u00e2ble rotatif Tulip CarryT pour crochets tunisiens interchangeables. C\u00e2ble flexible pivotant \u00e0 360\u00b0 pour un crochet fluide et sans torsion, en aller-retour ou en rond.","breadcrumb":{"@id":"https:\/\/www.swisscrochet.ch\/fr\/produit\/tulip-cable-carryt\/#breadcrumb"},"inLanguage":"fr-FR","potentialAction":[{"@type":"ReadAction","target":["https:\/\/www.swisscrochet.ch\/fr\/produit\/tulip-cable-carryt\/"]}]},{"@type":"ImageObject","inLanguage":"fr-FR","@id":"https:\/\/www.swisscrochet.ch\/fr\/produit\/tulip-cable-carryt\/#primaryimage","url":"https:\/\/www.swisscrochet.ch\/wp-content\/uploads\/2026\/05\/Tulip-CarryT-Cable-Overview.jpg","contentUrl":"https:\/\/www.swisscrochet.ch\/wp-content\/uploads\/2026\/05\/Tulip-CarryT-Cable-Overview.jpg","width":1000,"height":1000},{"@type":"BreadcrumbList","@id":"https:\/\/www.swisscrochet.ch\/fr\/produit\/tulip-cable-carryt\/#breadcrumb","itemListElement":[{"@type":"ListItem","position":1,"name":"Home","item":"https:\/\/www.swisscrochet.ch\/fr\/"},{"@type":"ListItem","position":2,"name":"Boutique","item":"https:\/\/www.swisscrochet.ch\/fr\/boutique\/"},{"@type":"ListItem","position":3,"name":"Tulip &#8211; C\u00e2ble CarryT"}]},{"@type":"WebSite","@id":"https:\/\/www.swisscrochet.ch\/#website","url":"https:\/\/www.swisscrochet.ch\/","name":"Swiss Crochet","description":"Lib\u00e9rez votre potentiel cr\u00e9atif","potentialAction":[{"@type":"SearchAction","target":{"@type":"EntryPoint","urlTemplate":"https:\/\/www.swisscrochet.ch\/?s={search_term_string}"},"query-input":{"@type":"PropertyValueSpecification","valueRequired":true,"valueName":"search_term_string"}}],"inLanguage":"fr-FR"}]}},"_links":{"self":[{"href":"https:\/\/www.swisscrochet.ch\/fr\/wp-json\/wp\/v2\/product\/32043","targetHints":{"allow":["GET"]}}],"collection":[{"href":"https:\/\/www.swisscrochet.ch\/fr\/wp-json\/wp\/v2\/product"}],"about":[{"href":"https:\/\/www.swisscrochet.ch\/fr\/wp-json\/wp\/v2\/types\/product"}],"wp:featuredmedia":[{"embeddable":true,"href":"https:\/\/www.swisscrochet.ch\/fr\/wp-json\/wp\/v2\/media\/32019"}],"wp:attachment":[{"href":"https:\/\/www.swisscrochet.ch\/fr\/wp-json\/wp\/v2\/media?parent=32043"}],"wp:term":[{"taxonomy":"product_brand","embeddable":true,"href":"https:\/\/www.swisscrochet.ch\/fr\/wp-json\/wp\/v2\/product_brand?post=32043"},{"taxonomy":"product_cat","embeddable":true,"href":"https:\/\/www.swisscrochet.ch\/fr\/wp-json\/wp\/v2\/product_cat?post=32043"},{"taxonomy":"product_tag","embeddable":true,"href":"https:\/\/www.swisscrochet.ch\/fr\/wp-json\/wp\/v2\/product_tag?post=32043"}],"curies":[{"name":"wp","href":"https:\/\/api.w.org\/{rel}","templated":true}]}}