{"id":32059,"date":"2026-05-07T20:18:50","date_gmt":"2026-05-07T18:18:50","guid":{"rendered":"https:\/\/www.swisscrochet.ch\/product\/tulip-carryt-tunisian-crochet-hook-interchangable-tip\/"},"modified":"2026-05-07T20:39:42","modified_gmt":"2026-05-07T18:39:42","slug":"tulip-pointe-interchangeable-carryt-pour-crochet-tunisien","status":"publish","type":"product","link":"https:\/\/www.swisscrochet.ch\/fr\/produit\/tulip-pointe-interchangeable-carryt-pour-crochet-tunisien\/","title":{"rendered":"Tulip &#8211; Pointe interchangeable CarryT pour crochet tunisien"},"content":{"rendered":"","protected":false},"excerpt":{"rendered":"<p>Les pointes interchangeables Tulip CarryT pour crochet tunisien sont des crochets [dt_tooltip title=\"inline\"]Un crochet inline a une t\u00eate pointue, un col de m\u00eame diam\u00e8tre que le corps et un corps plus court par rapport aux autres types de crochets.[\/dt_tooltip] de haute qualit\u00e9 avec une t\u00eate pointue. Fabriqu\u00e9es en bambou premium lisse et l\u00e9ger, elles offrent un excellent confort, une grande flexibilit\u00e9 et un tr\u00e8s bon contr\u00f4le des mailles, ce qui les rend id\u00e9ales pour une large gamme de projets de crochet tunisien.<\/p>\n<p>Ces pointes sont con\u00e7ues pour \u00eatre utilis\u00e9es avec les c\u00e2bles Tulip CarryT, vous permettant d\u2019adapter la longueur du c\u00e2ble \u00e0 votre projet \u2014 des petits accessoires aux grands v\u00eatements, couvertures et bien plus encore.<\/p>\n<p>Gr\u00e2ce au syst\u00e8me interchangeable, les crochets peuvent \u00eatre utilis\u00e9s aussi bien pour le crochet tunisien en aller-retour qu\u2019en rond. Il suffit de fixer la taille de crochet souhait\u00e9e \u00e0 un c\u00e2ble compatible pour commencer \u00e0 crocheter.<\/p>\n<p>Chaque taille de crochet est grav\u00e9e au laser pour une identification facile.<\/p>\n<p>Les crochets interchangeables en bambou de Tulip offrent une exp\u00e9rience de crochet fluide et fiable tout en vous donnant la flexibilit\u00e9 d\u2019adapter vos outils \u00e0 chaque projet.<\/p>\n<p><strong>Exclusivement disponible chez Swiss Crochet.<\/strong><\/p>\n","protected":false},"featured_media":32035,"template":"","meta":[],"product_brand":[],"product_cat":[221,557],"product_tag":[],"class_list":{"0":"post-32059","1":"product","2":"type-product","3":"status-publish","4":"has-post-thumbnail","6":"product_cat-crochets-et-outils","7":"product_cat-crochets-pour-le-crochet-tunisien","8":"product_shipping_class-petits-envois","9":"pa_t1-manufacturer-tulip-fr","10":"description-off","12":"first","13":"instock","14":"taxable","15":"shipping-taxable","16":"purchasable","17":"product-type-variable","18":"wvs-archive-product-wrapper"},"bundled_by":[],"bundle_stock_status":"instock","bundle_stock_quantity":null,"bundle_virtual":false,"bundle_layout":"","bundle_add_to_cart_form_location":"","bundle_editable_in_cart":false,"bundle_sold_individually_context":"","bundle_item_grouping":"","bundle_min_size":"","bundle_max_size":"","bundle_price":[],"bundled_items":[],"bundle_sell_ids":[],"yoast_head":"<!-- This site is optimized with the Yoast SEO plugin v27.5 - https:\/\/yoast.com\/product\/yoast-seo-wordpress\/ -->\n<title>Tulip - Pointe interchangeable CarryT pour crochet tunisien &#171; Swiss Crochet<\/title>\n<meta name=\"description\" content=\"Pointes interchangeables Tulip CarryT pour crochet tunisien en bambou de qualit\u00e9 sup\u00e9rieure. Crochets inline pour projets de crochet tunisien en aller-retour ou en rond.\" \/>\n<meta name=\"robots\" content=\"index, follow, max-snippet:-1, max-image-preview:large, max-video-preview:-1\" \/>\n<link rel=\"canonical\" href=\"https:\/\/www.swisscrochet.ch\/fr\/produit\/tulip-pointe-interchangeable-carryt-pour-crochet-tunisien\/\" \/>\n<meta property=\"og:locale\" content=\"fr_FR\" \/>\n<meta property=\"og:type\" content=\"article\" \/>\n<meta property=\"og:title\" content=\"Tulip - Pointe interchangeable CarryT pour crochet tunisien &#171; Swiss Crochet\" \/>\n<meta property=\"og:description\" content=\"Pointes interchangeables Tulip CarryT pour crochet tunisien en bambou de qualit\u00e9 sup\u00e9rieure. Crochets inline pour projets de crochet tunisien en aller-retour ou en rond.\" \/>\n<meta property=\"og:url\" content=\"https:\/\/www.swisscrochet.ch\/fr\/produit\/tulip-pointe-interchangeable-carryt-pour-crochet-tunisien\/\" \/>\n<meta property=\"og:site_name\" content=\"Swiss Crochet\" \/>\n<meta property=\"article:modified_time\" content=\"2026-05-07T18:39:42+00:00\" \/>\n<meta property=\"og:image\" content=\"https:\/\/www.swisscrochet.ch\/wp-content\/uploads\/2026\/05\/Tulip-CarryT-Tunisian-Crochet-Hook-Tip-Overview.jpg\" \/>\n\t<meta property=\"og:image:width\" content=\"1000\" \/>\n\t<meta property=\"og:image:height\" content=\"1000\" \/>\n\t<meta property=\"og:image:type\" content=\"image\/jpeg\" \/>\n<meta name=\"twitter:card\" content=\"summary_large_image\" \/>\n<meta name=\"twitter:label1\" content=\"Dur\u00e9e de lecture estim\u00e9e\" \/>\n\t<meta name=\"twitter:data1\" content=\"1 minute\" \/>\n<script type=\"application\/ld+json\" class=\"yoast-schema-graph\">{\"@context\":\"https:\\\/\\\/schema.org\",\"@graph\":[{\"@type\":[\"WebPage\",\"ItemPage\"],\"@id\":\"https:\\\/\\\/www.swisscrochet.ch\\\/fr\\\/produit\\\/tulip-pointe-interchangeable-carryt-pour-crochet-tunisien\\\/\",\"url\":\"https:\\\/\\\/www.swisscrochet.ch\\\/fr\\\/produit\\\/tulip-pointe-interchangeable-carryt-pour-crochet-tunisien\\\/\",\"name\":\"Tulip - Pointe interchangeable CarryT pour crochet tunisien &#171; Swiss Crochet\",\"isPartOf\":{\"@id\":\"https:\\\/\\\/www.swisscrochet.ch\\\/#website\"},\"primaryImageOfPage\":{\"@id\":\"https:\\\/\\\/www.swisscrochet.ch\\\/fr\\\/produit\\\/tulip-pointe-interchangeable-carryt-pour-crochet-tunisien\\\/#primaryimage\"},\"image\":{\"@id\":\"https:\\\/\\\/www.swisscrochet.ch\\\/fr\\\/produit\\\/tulip-pointe-interchangeable-carryt-pour-crochet-tunisien\\\/#primaryimage\"},\"thumbnailUrl\":\"https:\\\/\\\/www.swisscrochet.ch\\\/wp-content\\\/uploads\\\/2026\\\/05\\\/Tulip-CarryT-Tunisian-Crochet-Hook-Tip-Overview.jpg\",\"datePublished\":\"2026-05-07T18:18:50+00:00\",\"dateModified\":\"2026-05-07T18:39:42+00:00\",\"description\":\"Pointes interchangeables Tulip CarryT pour crochet tunisien en bambou de qualit\u00e9 sup\u00e9rieure. Crochets inline pour projets de crochet tunisien en aller-retour ou en rond.\",\"breadcrumb\":{\"@id\":\"https:\\\/\\\/www.swisscrochet.ch\\\/fr\\\/produit\\\/tulip-pointe-interchangeable-carryt-pour-crochet-tunisien\\\/#breadcrumb\"},\"inLanguage\":\"fr-FR\",\"potentialAction\":[{\"@type\":\"ReadAction\",\"target\":[\"https:\\\/\\\/www.swisscrochet.ch\\\/fr\\\/produit\\\/tulip-pointe-interchangeable-carryt-pour-crochet-tunisien\\\/\"]}]},{\"@type\":\"ImageObject\",\"inLanguage\":\"fr-FR\",\"@id\":\"https:\\\/\\\/www.swisscrochet.ch\\\/fr\\\/produit\\\/tulip-pointe-interchangeable-carryt-pour-crochet-tunisien\\\/#primaryimage\",\"url\":\"https:\\\/\\\/www.swisscrochet.ch\\\/wp-content\\\/uploads\\\/2026\\\/05\\\/Tulip-CarryT-Tunisian-Crochet-Hook-Tip-Overview.jpg\",\"contentUrl\":\"https:\\\/\\\/www.swisscrochet.ch\\\/wp-content\\\/uploads\\\/2026\\\/05\\\/Tulip-CarryT-Tunisian-Crochet-Hook-Tip-Overview.jpg\",\"width\":1000,\"height\":1000},{\"@type\":\"BreadcrumbList\",\"@id\":\"https:\\\/\\\/www.swisscrochet.ch\\\/fr\\\/produit\\\/tulip-pointe-interchangeable-carryt-pour-crochet-tunisien\\\/#breadcrumb\",\"itemListElement\":[{\"@type\":\"ListItem\",\"position\":1,\"name\":\"Home\",\"item\":\"https:\\\/\\\/www.swisscrochet.ch\\\/fr\\\/\"},{\"@type\":\"ListItem\",\"position\":2,\"name\":\"Boutique\",\"item\":\"https:\\\/\\\/www.swisscrochet.ch\\\/fr\\\/boutique\\\/\"},{\"@type\":\"ListItem\",\"position\":3,\"name\":\"Tulip &#8211; Pointe interchangeable CarryT pour crochet tunisien\"}]},{\"@type\":\"WebSite\",\"@id\":\"https:\\\/\\\/www.swisscrochet.ch\\\/#website\",\"url\":\"https:\\\/\\\/www.swisscrochet.ch\\\/\",\"name\":\"Swiss Crochet\",\"description\":\"Lib\u00e9rez votre potentiel cr\u00e9atif\",\"potentialAction\":[{\"@type\":\"SearchAction\",\"target\":{\"@type\":\"EntryPoint\",\"urlTemplate\":\"https:\\\/\\\/www.swisscrochet.ch\\\/?s={search_term_string}\"},\"query-input\":{\"@type\":\"PropertyValueSpecification\",\"valueRequired\":true,\"valueName\":\"search_term_string\"}}],\"inLanguage\":\"fr-FR\"}]}<\/script>\n<!-- \/ Yoast SEO plugin. -->","yoast_head_json":{"title":"Tulip - Pointe interchangeable CarryT pour crochet tunisien &#171; Swiss Crochet","description":"Pointes interchangeables Tulip CarryT pour crochet tunisien en bambou de qualit\u00e9 sup\u00e9rieure. Crochets inline pour projets de crochet tunisien en aller-retour ou en rond.","robots":{"index":"index","follow":"follow","max-snippet":"max-snippet:-1","max-image-preview":"max-image-preview:large","max-video-preview":"max-video-preview:-1"},"canonical":"https:\/\/www.swisscrochet.ch\/fr\/produit\/tulip-pointe-interchangeable-carryt-pour-crochet-tunisien\/","og_locale":"fr_FR","og_type":"article","og_title":"Tulip - Pointe interchangeable CarryT pour crochet tunisien &#171; Swiss Crochet","og_description":"Pointes interchangeables Tulip CarryT pour crochet tunisien en bambou de qualit\u00e9 sup\u00e9rieure. Crochets inline pour projets de crochet tunisien en aller-retour ou en rond.","og_url":"https:\/\/www.swisscrochet.ch\/fr\/produit\/tulip-pointe-interchangeable-carryt-pour-crochet-tunisien\/","og_site_name":"Swiss Crochet","article_modified_time":"2026-05-07T18:39:42+00:00","og_image":[{"width":1000,"height":1000,"url":"https:\/\/www.swisscrochet.ch\/wp-content\/uploads\/2026\/05\/Tulip-CarryT-Tunisian-Crochet-Hook-Tip-Overview.jpg","type":"image\/jpeg"}],"twitter_card":"summary_large_image","twitter_misc":{"Dur\u00e9e de lecture estim\u00e9e":"1 minute"},"schema":{"@context":"https:\/\/schema.org","@graph":[{"@type":["WebPage","ItemPage"],"@id":"https:\/\/www.swisscrochet.ch\/fr\/produit\/tulip-pointe-interchangeable-carryt-pour-crochet-tunisien\/","url":"https:\/\/www.swisscrochet.ch\/fr\/produit\/tulip-pointe-interchangeable-carryt-pour-crochet-tunisien\/","name":"Tulip - Pointe interchangeable CarryT pour crochet tunisien &#171; Swiss Crochet","isPartOf":{"@id":"https:\/\/www.swisscrochet.ch\/#website"},"primaryImageOfPage":{"@id":"https:\/\/www.swisscrochet.ch\/fr\/produit\/tulip-pointe-interchangeable-carryt-pour-crochet-tunisien\/#primaryimage"},"image":{"@id":"https:\/\/www.swisscrochet.ch\/fr\/produit\/tulip-pointe-interchangeable-carryt-pour-crochet-tunisien\/#primaryimage"},"thumbnailUrl":"https:\/\/www.swisscrochet.ch\/wp-content\/uploads\/2026\/05\/Tulip-CarryT-Tunisian-Crochet-Hook-Tip-Overview.jpg","datePublished":"2026-05-07T18:18:50+00:00","dateModified":"2026-05-07T18:39:42+00:00","description":"Pointes interchangeables Tulip CarryT pour crochet tunisien en bambou de qualit\u00e9 sup\u00e9rieure. Crochets inline pour projets de crochet tunisien en aller-retour ou en rond.","breadcrumb":{"@id":"https:\/\/www.swisscrochet.ch\/fr\/produit\/tulip-pointe-interchangeable-carryt-pour-crochet-tunisien\/#breadcrumb"},"inLanguage":"fr-FR","potentialAction":[{"@type":"ReadAction","target":["https:\/\/www.swisscrochet.ch\/fr\/produit\/tulip-pointe-interchangeable-carryt-pour-crochet-tunisien\/"]}]},{"@type":"ImageObject","inLanguage":"fr-FR","@id":"https:\/\/www.swisscrochet.ch\/fr\/produit\/tulip-pointe-interchangeable-carryt-pour-crochet-tunisien\/#primaryimage","url":"https:\/\/www.swisscrochet.ch\/wp-content\/uploads\/2026\/05\/Tulip-CarryT-Tunisian-Crochet-Hook-Tip-Overview.jpg","contentUrl":"https:\/\/www.swisscrochet.ch\/wp-content\/uploads\/2026\/05\/Tulip-CarryT-Tunisian-Crochet-Hook-Tip-Overview.jpg","width":1000,"height":1000},{"@type":"BreadcrumbList","@id":"https:\/\/www.swisscrochet.ch\/fr\/produit\/tulip-pointe-interchangeable-carryt-pour-crochet-tunisien\/#breadcrumb","itemListElement":[{"@type":"ListItem","position":1,"name":"Home","item":"https:\/\/www.swisscrochet.ch\/fr\/"},{"@type":"ListItem","position":2,"name":"Boutique","item":"https:\/\/www.swisscrochet.ch\/fr\/boutique\/"},{"@type":"ListItem","position":3,"name":"Tulip &#8211; Pointe interchangeable CarryT pour crochet tunisien"}]},{"@type":"WebSite","@id":"https:\/\/www.swisscrochet.ch\/#website","url":"https:\/\/www.swisscrochet.ch\/","name":"Swiss Crochet","description":"Lib\u00e9rez votre potentiel cr\u00e9atif","potentialAction":[{"@type":"SearchAction","target":{"@type":"EntryPoint","urlTemplate":"https:\/\/www.swisscrochet.ch\/?s={search_term_string}"},"query-input":{"@type":"PropertyValueSpecification","valueRequired":true,"valueName":"search_term_string"}}],"inLanguage":"fr-FR"}]}},"_links":{"self":[{"href":"https:\/\/www.swisscrochet.ch\/fr\/wp-json\/wp\/v2\/product\/32059","targetHints":{"allow":["GET"]}}],"collection":[{"href":"https:\/\/www.swisscrochet.ch\/fr\/wp-json\/wp\/v2\/product"}],"about":[{"href":"https:\/\/www.swisscrochet.ch\/fr\/wp-json\/wp\/v2\/types\/product"}],"wp:featuredmedia":[{"embeddable":true,"href":"https:\/\/www.swisscrochet.ch\/fr\/wp-json\/wp\/v2\/media\/32035"}],"wp:attachment":[{"href":"https:\/\/www.swisscrochet.ch\/fr\/wp-json\/wp\/v2\/media?parent=32059"}],"wp:term":[{"taxonomy":"product_brand","embeddable":true,"href":"https:\/\/www.swisscrochet.ch\/fr\/wp-json\/wp\/v2\/product_brand?post=32059"},{"taxonomy":"product_cat","embeddable":true,"href":"https:\/\/www.swisscrochet.ch\/fr\/wp-json\/wp\/v2\/product_cat?post=32059"},{"taxonomy":"product_tag","embeddable":true,"href":"https:\/\/www.swisscrochet.ch\/fr\/wp-json\/wp\/v2\/product_tag?post=32059"}],"curies":[{"name":"wp","href":"https:\/\/api.w.org\/{rel}","templated":true}]}}