{"id":32094,"date":"2026-05-07T20:21:03","date_gmt":"2026-05-07T18:21:03","guid":{"rendered":"https:\/\/www.swisscrochet.ch\/product\/addi-swing-maxi-crochet-hook-17cm\/"},"modified":"2026-05-07T20:52:03","modified_gmt":"2026-05-07T18:52:03","slug":"addi-crochet-swing-maxi-17-cm","status":"publish","type":"product","link":"https:\/\/www.swisscrochet.ch\/fr\/produit\/addi-crochet-swing-maxi-17-cm\/","title":{"rendered":"Addi &#8211; Crochet Swing Maxi 17 cm"},"content":{"rendered":"","protected":false},"excerpt":{"rendered":"<p>Le crochet Addi Swing Maxi est un crochet [dt_tooltip title=\"effil\u00e9\"]Un crochet effil\u00e9 a une t\u00eate arrondie, un col plus \u00e9troit que le corps et un long corps, surtout compar\u00e9 aux autres types de crochets.[\/dt_tooltip] avec une t\u00eate d\u00e9licatement arrondie, con\u00e7u pour des mailles pr\u00e9cises et sans effort.<\/p>\n<p>Avec une longueur de 17 cm, la version Maxi offre une port\u00e9e et un \u00e9quilibre suppl\u00e9mentaires par rapport aux crochets standards. Chaque taille est cod\u00e9e par couleur pour une identification facile.<\/p>\n<p>Le crochet Addi Swing Maxi convient particuli\u00e8rement aux crocheteuses utilisant la prise couteau. Sa longueur suppl\u00e9mentaire d\u00e9place le centre de gravit\u00e9 plus loin de la pointe du crochet, offrant une sensation \u00e9quilibr\u00e9e et une exp\u00e9rience de crochet plus fluide. Le manche ergonomique \u00ab Swing \u00bb est con\u00e7u pour \u00e9pouser confortablement la main et aider \u00e0 r\u00e9duire la fatigue lors des longues sessions de crochet.<\/p>\n<p>Con\u00e7u pour le confort et la pr\u00e9cision, le crochet Addi Swing Maxi est un choix fiable aussi bien pour les d\u00e9butantes ambitieuses que pour les crocheteuses exp\u00e9riment\u00e9es. Sa construction ergonomique et sa glisse fluide le rendent particuli\u00e8rement agr\u00e9able pour les longues s\u00e9ances de crochet et les grands projets.<\/p>\n<p>Choisissez le crochet Addi Swing Maxi pour un crochet confortable, une prise en main \u00e9quilibr\u00e9e et des mailles fluides sur tous vos projets.<\/p>\n","protected":false},"featured_media":31979,"template":"","meta":[],"product_brand":[],"product_cat":[550,221],"product_tag":[],"class_list":{"0":"post-32094","1":"product","2":"type-product","3":"status-publish","4":"has-post-thumbnail","6":"product_cat-crochets-avec-poignee","7":"product_cat-crochets-et-outils","8":"product_shipping_class-petits-envois","9":"pa_t1-manufacturer-addi-fr","10":"description-off","12":"first","13":"instock","14":"taxable","15":"shipping-taxable","16":"purchasable","17":"product-type-variable","18":"wvs-archive-product-wrapper"},"bundled_by":[],"bundle_stock_status":"instock","bundle_stock_quantity":null,"bundle_virtual":false,"bundle_layout":"","bundle_add_to_cart_form_location":"","bundle_editable_in_cart":false,"bundle_sold_individually_context":"","bundle_item_grouping":"","bundle_min_size":"","bundle_max_size":"","bundle_price":[],"bundled_items":[],"bundle_sell_ids":[],"yoast_head":"<!-- This site is optimized with the Yoast SEO plugin v27.5 - https:\/\/yoast.com\/product\/yoast-seo-wordpress\/ -->\n<title>Addi - Crochet Swing Maxi 17 cm &#171; Swiss Crochet<\/title>\n<meta name=\"description\" content=\"Crochet Addi Swing Maxi avec manche ergonomique et pointe conique. Crochet long et \u00e9quilibr\u00e9 pour un crochet confortable et des mailles fluides.\" \/>\n<meta name=\"robots\" content=\"index, follow, max-snippet:-1, max-image-preview:large, max-video-preview:-1\" \/>\n<link rel=\"canonical\" href=\"https:\/\/www.swisscrochet.ch\/fr\/produit\/addi-crochet-swing-maxi-17-cm\/\" \/>\n<meta property=\"og:locale\" content=\"fr_FR\" \/>\n<meta property=\"og:type\" content=\"article\" \/>\n<meta property=\"og:title\" content=\"Addi - Crochet Swing Maxi 17 cm &#171; Swiss Crochet\" \/>\n<meta property=\"og:description\" content=\"Crochet Addi Swing Maxi avec manche ergonomique et pointe conique. Crochet long et \u00e9quilibr\u00e9 pour un crochet confortable et des mailles fluides.\" \/>\n<meta property=\"og:url\" content=\"https:\/\/www.swisscrochet.ch\/fr\/produit\/addi-crochet-swing-maxi-17-cm\/\" \/>\n<meta property=\"og:site_name\" content=\"Swiss Crochet\" \/>\n<meta property=\"article:modified_time\" content=\"2026-05-07T18:52:03+00:00\" \/>\n<meta property=\"og:image\" content=\"https:\/\/www.swisscrochet.ch\/wp-content\/uploads\/2026\/05\/Addi-Maxi-Swing-Crochet-Hook-17cm-Overview.jpg\" \/>\n\t<meta property=\"og:image:width\" content=\"1000\" \/>\n\t<meta property=\"og:image:height\" content=\"1000\" \/>\n\t<meta property=\"og:image:type\" content=\"image\/jpeg\" \/>\n<meta name=\"twitter:card\" content=\"summary_large_image\" \/>\n<meta name=\"twitter:label1\" content=\"Dur\u00e9e de lecture estim\u00e9e\" \/>\n\t<meta name=\"twitter:data1\" content=\"1 minute\" \/>\n<script type=\"application\/ld+json\" class=\"yoast-schema-graph\">{\"@context\":\"https:\\\/\\\/schema.org\",\"@graph\":[{\"@type\":[\"WebPage\",\"ItemPage\"],\"@id\":\"https:\\\/\\\/www.swisscrochet.ch\\\/fr\\\/produit\\\/addi-crochet-swing-maxi-17-cm\\\/\",\"url\":\"https:\\\/\\\/www.swisscrochet.ch\\\/fr\\\/produit\\\/addi-crochet-swing-maxi-17-cm\\\/\",\"name\":\"Addi - Crochet Swing Maxi 17 cm &#171; Swiss Crochet\",\"isPartOf\":{\"@id\":\"https:\\\/\\\/www.swisscrochet.ch\\\/#website\"},\"primaryImageOfPage\":{\"@id\":\"https:\\\/\\\/www.swisscrochet.ch\\\/fr\\\/produit\\\/addi-crochet-swing-maxi-17-cm\\\/#primaryimage\"},\"image\":{\"@id\":\"https:\\\/\\\/www.swisscrochet.ch\\\/fr\\\/produit\\\/addi-crochet-swing-maxi-17-cm\\\/#primaryimage\"},\"thumbnailUrl\":\"https:\\\/\\\/www.swisscrochet.ch\\\/wp-content\\\/uploads\\\/2026\\\/05\\\/Addi-Maxi-Swing-Crochet-Hook-17cm-Overview.jpg\",\"datePublished\":\"2026-05-07T18:21:03+00:00\",\"dateModified\":\"2026-05-07T18:52:03+00:00\",\"description\":\"Crochet Addi Swing Maxi avec manche ergonomique et pointe conique. Crochet long et \u00e9quilibr\u00e9 pour un crochet confortable et des mailles fluides.\",\"breadcrumb\":{\"@id\":\"https:\\\/\\\/www.swisscrochet.ch\\\/fr\\\/produit\\\/addi-crochet-swing-maxi-17-cm\\\/#breadcrumb\"},\"inLanguage\":\"fr-FR\",\"potentialAction\":[{\"@type\":\"ReadAction\",\"target\":[\"https:\\\/\\\/www.swisscrochet.ch\\\/fr\\\/produit\\\/addi-crochet-swing-maxi-17-cm\\\/\"]}]},{\"@type\":\"ImageObject\",\"inLanguage\":\"fr-FR\",\"@id\":\"https:\\\/\\\/www.swisscrochet.ch\\\/fr\\\/produit\\\/addi-crochet-swing-maxi-17-cm\\\/#primaryimage\",\"url\":\"https:\\\/\\\/www.swisscrochet.ch\\\/wp-content\\\/uploads\\\/2026\\\/05\\\/Addi-Maxi-Swing-Crochet-Hook-17cm-Overview.jpg\",\"contentUrl\":\"https:\\\/\\\/www.swisscrochet.ch\\\/wp-content\\\/uploads\\\/2026\\\/05\\\/Addi-Maxi-Swing-Crochet-Hook-17cm-Overview.jpg\",\"width\":1000,\"height\":1000},{\"@type\":\"BreadcrumbList\",\"@id\":\"https:\\\/\\\/www.swisscrochet.ch\\\/fr\\\/produit\\\/addi-crochet-swing-maxi-17-cm\\\/#breadcrumb\",\"itemListElement\":[{\"@type\":\"ListItem\",\"position\":1,\"name\":\"Home\",\"item\":\"https:\\\/\\\/www.swisscrochet.ch\\\/fr\\\/\"},{\"@type\":\"ListItem\",\"position\":2,\"name\":\"Boutique\",\"item\":\"https:\\\/\\\/www.swisscrochet.ch\\\/fr\\\/boutique\\\/\"},{\"@type\":\"ListItem\",\"position\":3,\"name\":\"Addi &#8211; Crochet Swing Maxi 17 cm\"}]},{\"@type\":\"WebSite\",\"@id\":\"https:\\\/\\\/www.swisscrochet.ch\\\/#website\",\"url\":\"https:\\\/\\\/www.swisscrochet.ch\\\/\",\"name\":\"Swiss Crochet\",\"description\":\"Lib\u00e9rez votre potentiel cr\u00e9atif\",\"potentialAction\":[{\"@type\":\"SearchAction\",\"target\":{\"@type\":\"EntryPoint\",\"urlTemplate\":\"https:\\\/\\\/www.swisscrochet.ch\\\/?s={search_term_string}\"},\"query-input\":{\"@type\":\"PropertyValueSpecification\",\"valueRequired\":true,\"valueName\":\"search_term_string\"}}],\"inLanguage\":\"fr-FR\"}]}<\/script>\n<!-- \/ Yoast SEO plugin. -->","yoast_head_json":{"title":"Addi - Crochet Swing Maxi 17 cm &#171; Swiss Crochet","description":"Crochet Addi Swing Maxi avec manche ergonomique et pointe conique. Crochet long et \u00e9quilibr\u00e9 pour un crochet confortable et des mailles fluides.","robots":{"index":"index","follow":"follow","max-snippet":"max-snippet:-1","max-image-preview":"max-image-preview:large","max-video-preview":"max-video-preview:-1"},"canonical":"https:\/\/www.swisscrochet.ch\/fr\/produit\/addi-crochet-swing-maxi-17-cm\/","og_locale":"fr_FR","og_type":"article","og_title":"Addi - Crochet Swing Maxi 17 cm &#171; Swiss Crochet","og_description":"Crochet Addi Swing Maxi avec manche ergonomique et pointe conique. Crochet long et \u00e9quilibr\u00e9 pour un crochet confortable et des mailles fluides.","og_url":"https:\/\/www.swisscrochet.ch\/fr\/produit\/addi-crochet-swing-maxi-17-cm\/","og_site_name":"Swiss Crochet","article_modified_time":"2026-05-07T18:52:03+00:00","og_image":[{"width":1000,"height":1000,"url":"https:\/\/www.swisscrochet.ch\/wp-content\/uploads\/2026\/05\/Addi-Maxi-Swing-Crochet-Hook-17cm-Overview.jpg","type":"image\/jpeg"}],"twitter_card":"summary_large_image","twitter_misc":{"Dur\u00e9e de lecture estim\u00e9e":"1 minute"},"schema":{"@context":"https:\/\/schema.org","@graph":[{"@type":["WebPage","ItemPage"],"@id":"https:\/\/www.swisscrochet.ch\/fr\/produit\/addi-crochet-swing-maxi-17-cm\/","url":"https:\/\/www.swisscrochet.ch\/fr\/produit\/addi-crochet-swing-maxi-17-cm\/","name":"Addi - Crochet Swing Maxi 17 cm &#171; Swiss Crochet","isPartOf":{"@id":"https:\/\/www.swisscrochet.ch\/#website"},"primaryImageOfPage":{"@id":"https:\/\/www.swisscrochet.ch\/fr\/produit\/addi-crochet-swing-maxi-17-cm\/#primaryimage"},"image":{"@id":"https:\/\/www.swisscrochet.ch\/fr\/produit\/addi-crochet-swing-maxi-17-cm\/#primaryimage"},"thumbnailUrl":"https:\/\/www.swisscrochet.ch\/wp-content\/uploads\/2026\/05\/Addi-Maxi-Swing-Crochet-Hook-17cm-Overview.jpg","datePublished":"2026-05-07T18:21:03+00:00","dateModified":"2026-05-07T18:52:03+00:00","description":"Crochet Addi Swing Maxi avec manche ergonomique et pointe conique. Crochet long et \u00e9quilibr\u00e9 pour un crochet confortable et des mailles fluides.","breadcrumb":{"@id":"https:\/\/www.swisscrochet.ch\/fr\/produit\/addi-crochet-swing-maxi-17-cm\/#breadcrumb"},"inLanguage":"fr-FR","potentialAction":[{"@type":"ReadAction","target":["https:\/\/www.swisscrochet.ch\/fr\/produit\/addi-crochet-swing-maxi-17-cm\/"]}]},{"@type":"ImageObject","inLanguage":"fr-FR","@id":"https:\/\/www.swisscrochet.ch\/fr\/produit\/addi-crochet-swing-maxi-17-cm\/#primaryimage","url":"https:\/\/www.swisscrochet.ch\/wp-content\/uploads\/2026\/05\/Addi-Maxi-Swing-Crochet-Hook-17cm-Overview.jpg","contentUrl":"https:\/\/www.swisscrochet.ch\/wp-content\/uploads\/2026\/05\/Addi-Maxi-Swing-Crochet-Hook-17cm-Overview.jpg","width":1000,"height":1000},{"@type":"BreadcrumbList","@id":"https:\/\/www.swisscrochet.ch\/fr\/produit\/addi-crochet-swing-maxi-17-cm\/#breadcrumb","itemListElement":[{"@type":"ListItem","position":1,"name":"Home","item":"https:\/\/www.swisscrochet.ch\/fr\/"},{"@type":"ListItem","position":2,"name":"Boutique","item":"https:\/\/www.swisscrochet.ch\/fr\/boutique\/"},{"@type":"ListItem","position":3,"name":"Addi &#8211; Crochet Swing Maxi 17 cm"}]},{"@type":"WebSite","@id":"https:\/\/www.swisscrochet.ch\/#website","url":"https:\/\/www.swisscrochet.ch\/","name":"Swiss Crochet","description":"Lib\u00e9rez votre potentiel cr\u00e9atif","potentialAction":[{"@type":"SearchAction","target":{"@type":"EntryPoint","urlTemplate":"https:\/\/www.swisscrochet.ch\/?s={search_term_string}"},"query-input":{"@type":"PropertyValueSpecification","valueRequired":true,"valueName":"search_term_string"}}],"inLanguage":"fr-FR"}]}},"_links":{"self":[{"href":"https:\/\/www.swisscrochet.ch\/fr\/wp-json\/wp\/v2\/product\/32094","targetHints":{"allow":["GET"]}}],"collection":[{"href":"https:\/\/www.swisscrochet.ch\/fr\/wp-json\/wp\/v2\/product"}],"about":[{"href":"https:\/\/www.swisscrochet.ch\/fr\/wp-json\/wp\/v2\/types\/product"}],"wp:featuredmedia":[{"embeddable":true,"href":"https:\/\/www.swisscrochet.ch\/fr\/wp-json\/wp\/v2\/media\/31979"}],"wp:attachment":[{"href":"https:\/\/www.swisscrochet.ch\/fr\/wp-json\/wp\/v2\/media?parent=32094"}],"wp:term":[{"taxonomy":"product_brand","embeddable":true,"href":"https:\/\/www.swisscrochet.ch\/fr\/wp-json\/wp\/v2\/product_brand?post=32094"},{"taxonomy":"product_cat","embeddable":true,"href":"https:\/\/www.swisscrochet.ch\/fr\/wp-json\/wp\/v2\/product_cat?post=32094"},{"taxonomy":"product_tag","embeddable":true,"href":"https:\/\/www.swisscrochet.ch\/fr\/wp-json\/wp\/v2\/product_tag?post=32094"}],"curies":[{"name":"wp","href":"https:\/\/api.w.org\/{rel}","templated":true}]}}