{"id":32130,"date":"2026-05-07T20:20:41","date_gmt":"2026-05-07T18:20:41","guid":{"rendered":"https:\/\/www.swisscrochet.ch\/product\/bohin-crochet-hook-mango-wood\/"},"modified":"2026-05-07T20:45:00","modified_gmt":"2026-05-07T18:45:00","slug":"bohin-crochet-en-bois-de-manguier","status":"publish","type":"product","link":"https:\/\/www.swisscrochet.ch\/fr\/produit\/bohin-crochet-en-bois-de-manguier\/","title":{"rendered":"Bohin &#8211; Crochet en bois de manguier"},"content":{"rendered":"","protected":false},"excerpt":{"rendered":"<p>Le crochet Bohin en bois de manguier est un crochet [dt_tooltip title=\"inline\"]Un crochet inline a une t\u00eate pointue, un col de m\u00eame diam\u00e8tre que le corps et un corps plus court par rapport aux autres types de crochets.[\/dt_tooltip] avec une t\u00eate d\u00e9licatement arrondie, con\u00e7u pour des mailles pr\u00e9cises et sans effort. Fabriqu\u00e9 en bois de manguier l\u00e9ger, il offre une sensation naturelle et chaleureuse en main, tandis que sa surface lisse et finie \u00e0 la main permet au fil de glisser facilement.<\/p>\n<p>Chaque crochet mesure 15 cm, avec la taille clairement indiqu\u00e9e sur le manche. Les couleurs varient selon la taille du crochet.<\/p>\n<p>Le crochet Bohin en bois de manguier convient particuli\u00e8rement aux crocheteuses utilisant la prise couteau. Sa forme et sa construction \u00e9quilibr\u00e9e d\u00e9placent l\u00e9g\u00e8rement le centre de gravit\u00e9 loin de la pointe du crochet, offrant ainsi une exp\u00e9rience de crochet plus confortable et mieux contr\u00f4l\u00e9e. Le manche ergonomique repose naturellement dans la main et aide \u00e0 r\u00e9duire la fatigue lors des longues sessions de crochet.<\/p>\n<p>Polyvalent et fiable, ce crochet fonctionne parfaitement avec une grande vari\u00e9t\u00e9 de fils et de fibres. Son confort, son prix accessible et sa facilit\u00e9 d\u2019utilisation en font un excellent choix aussi bien pour les d\u00e9butantes que pour les crocheteuses exp\u00e9riment\u00e9es.<\/p>\n<p><strong>Exclusivement disponible chez Swiss Crochet.<\/strong><\/p>\n","protected":false},"featured_media":31999,"template":"","meta":[],"product_brand":[],"product_cat":[550,221],"product_tag":[],"class_list":{"0":"post-32130","1":"product","2":"type-product","3":"status-publish","4":"has-post-thumbnail","6":"product_cat-crochets-avec-poignee","7":"product_cat-crochets-et-outils","8":"product_shipping_class-petits-envois","9":"pa_t1-manufacturer-bohin","10":"description-off","12":"first","13":"instock","14":"taxable","15":"shipping-taxable","16":"purchasable","17":"product-type-variable","18":"wvs-archive-product-wrapper"},"bundled_by":[],"bundle_stock_status":"instock","bundle_stock_quantity":null,"bundle_virtual":false,"bundle_layout":"","bundle_add_to_cart_form_location":"","bundle_editable_in_cart":false,"bundle_sold_individually_context":"","bundle_item_grouping":"","bundle_min_size":"","bundle_max_size":"","bundle_price":[],"bundled_items":[],"bundle_sell_ids":[],"yoast_head":"<!-- This site is optimized with the Yoast SEO plugin v27.5 - https:\/\/yoast.com\/product\/yoast-seo-wordpress\/ -->\n<title>Bohin - Crochet en bois de manguier &#171; Swiss Crochet<\/title>\n<meta name=\"description\" content=\"Crochet Bohin en bois de manguier avec design inline ergonomique. Crochet l\u00e9ger en bois pour des mailles fluides, une prise en main confortable et les projets de crochet du quotidien.\" \/>\n<meta name=\"robots\" content=\"index, follow, max-snippet:-1, max-image-preview:large, max-video-preview:-1\" \/>\n<link rel=\"canonical\" href=\"https:\/\/www.swisscrochet.ch\/fr\/produit\/bohin-crochet-en-bois-de-manguier\/\" \/>\n<meta property=\"og:locale\" content=\"fr_FR\" \/>\n<meta property=\"og:type\" content=\"article\" \/>\n<meta property=\"og:title\" content=\"Bohin - Crochet en bois de manguier &#171; Swiss Crochet\" \/>\n<meta property=\"og:description\" content=\"Crochet Bohin en bois de manguier avec design inline ergonomique. Crochet l\u00e9ger en bois pour des mailles fluides, une prise en main confortable et les projets de crochet du quotidien.\" \/>\n<meta property=\"og:url\" content=\"https:\/\/www.swisscrochet.ch\/fr\/produit\/bohin-crochet-en-bois-de-manguier\/\" \/>\n<meta property=\"og:site_name\" content=\"Swiss Crochet\" \/>\n<meta property=\"article:modified_time\" content=\"2026-05-07T18:45:00+00:00\" \/>\n<meta property=\"og:image\" content=\"https:\/\/www.swisscrochet.ch\/wp-content\/uploads\/2026\/05\/Bohin-Crochet-Hook-Mango-Wood-Overview.jpg\" \/>\n\t<meta property=\"og:image:width\" content=\"1000\" \/>\n\t<meta property=\"og:image:height\" content=\"1000\" \/>\n\t<meta property=\"og:image:type\" content=\"image\/jpeg\" \/>\n<meta name=\"twitter:card\" content=\"summary_large_image\" \/>\n<meta name=\"twitter:label1\" content=\"Dur\u00e9e de lecture estim\u00e9e\" \/>\n\t<meta name=\"twitter:data1\" content=\"1 minute\" \/>\n<script type=\"application\/ld+json\" class=\"yoast-schema-graph\">{\"@context\":\"https:\\\/\\\/schema.org\",\"@graph\":[{\"@type\":[\"WebPage\",\"ItemPage\"],\"@id\":\"https:\\\/\\\/www.swisscrochet.ch\\\/fr\\\/produit\\\/bohin-crochet-en-bois-de-manguier\\\/\",\"url\":\"https:\\\/\\\/www.swisscrochet.ch\\\/fr\\\/produit\\\/bohin-crochet-en-bois-de-manguier\\\/\",\"name\":\"Bohin - Crochet en bois de manguier &#171; Swiss Crochet\",\"isPartOf\":{\"@id\":\"https:\\\/\\\/www.swisscrochet.ch\\\/#website\"},\"primaryImageOfPage\":{\"@id\":\"https:\\\/\\\/www.swisscrochet.ch\\\/fr\\\/produit\\\/bohin-crochet-en-bois-de-manguier\\\/#primaryimage\"},\"image\":{\"@id\":\"https:\\\/\\\/www.swisscrochet.ch\\\/fr\\\/produit\\\/bohin-crochet-en-bois-de-manguier\\\/#primaryimage\"},\"thumbnailUrl\":\"https:\\\/\\\/www.swisscrochet.ch\\\/wp-content\\\/uploads\\\/2026\\\/05\\\/Bohin-Crochet-Hook-Mango-Wood-Overview.jpg\",\"datePublished\":\"2026-05-07T18:20:41+00:00\",\"dateModified\":\"2026-05-07T18:45:00+00:00\",\"description\":\"Crochet Bohin en bois de manguier avec design inline ergonomique. Crochet l\u00e9ger en bois pour des mailles fluides, une prise en main confortable et les projets de crochet du quotidien.\",\"breadcrumb\":{\"@id\":\"https:\\\/\\\/www.swisscrochet.ch\\\/fr\\\/produit\\\/bohin-crochet-en-bois-de-manguier\\\/#breadcrumb\"},\"inLanguage\":\"fr-FR\",\"potentialAction\":[{\"@type\":\"ReadAction\",\"target\":[\"https:\\\/\\\/www.swisscrochet.ch\\\/fr\\\/produit\\\/bohin-crochet-en-bois-de-manguier\\\/\"]}]},{\"@type\":\"ImageObject\",\"inLanguage\":\"fr-FR\",\"@id\":\"https:\\\/\\\/www.swisscrochet.ch\\\/fr\\\/produit\\\/bohin-crochet-en-bois-de-manguier\\\/#primaryimage\",\"url\":\"https:\\\/\\\/www.swisscrochet.ch\\\/wp-content\\\/uploads\\\/2026\\\/05\\\/Bohin-Crochet-Hook-Mango-Wood-Overview.jpg\",\"contentUrl\":\"https:\\\/\\\/www.swisscrochet.ch\\\/wp-content\\\/uploads\\\/2026\\\/05\\\/Bohin-Crochet-Hook-Mango-Wood-Overview.jpg\",\"width\":1000,\"height\":1000},{\"@type\":\"BreadcrumbList\",\"@id\":\"https:\\\/\\\/www.swisscrochet.ch\\\/fr\\\/produit\\\/bohin-crochet-en-bois-de-manguier\\\/#breadcrumb\",\"itemListElement\":[{\"@type\":\"ListItem\",\"position\":1,\"name\":\"Home\",\"item\":\"https:\\\/\\\/www.swisscrochet.ch\\\/fr\\\/\"},{\"@type\":\"ListItem\",\"position\":2,\"name\":\"Boutique\",\"item\":\"https:\\\/\\\/www.swisscrochet.ch\\\/fr\\\/boutique\\\/\"},{\"@type\":\"ListItem\",\"position\":3,\"name\":\"Bohin &#8211; Crochet en bois de manguier\"}]},{\"@type\":\"WebSite\",\"@id\":\"https:\\\/\\\/www.swisscrochet.ch\\\/#website\",\"url\":\"https:\\\/\\\/www.swisscrochet.ch\\\/\",\"name\":\"Swiss Crochet\",\"description\":\"Lib\u00e9rez votre potentiel cr\u00e9atif\",\"potentialAction\":[{\"@type\":\"SearchAction\",\"target\":{\"@type\":\"EntryPoint\",\"urlTemplate\":\"https:\\\/\\\/www.swisscrochet.ch\\\/?s={search_term_string}\"},\"query-input\":{\"@type\":\"PropertyValueSpecification\",\"valueRequired\":true,\"valueName\":\"search_term_string\"}}],\"inLanguage\":\"fr-FR\"}]}<\/script>\n<!-- \/ Yoast SEO plugin. -->","yoast_head_json":{"title":"Bohin - Crochet en bois de manguier &#171; Swiss Crochet","description":"Crochet Bohin en bois de manguier avec design inline ergonomique. Crochet l\u00e9ger en bois pour des mailles fluides, une prise en main confortable et les projets de crochet du quotidien.","robots":{"index":"index","follow":"follow","max-snippet":"max-snippet:-1","max-image-preview":"max-image-preview:large","max-video-preview":"max-video-preview:-1"},"canonical":"https:\/\/www.swisscrochet.ch\/fr\/produit\/bohin-crochet-en-bois-de-manguier\/","og_locale":"fr_FR","og_type":"article","og_title":"Bohin - Crochet en bois de manguier &#171; Swiss Crochet","og_description":"Crochet Bohin en bois de manguier avec design inline ergonomique. Crochet l\u00e9ger en bois pour des mailles fluides, une prise en main confortable et les projets de crochet du quotidien.","og_url":"https:\/\/www.swisscrochet.ch\/fr\/produit\/bohin-crochet-en-bois-de-manguier\/","og_site_name":"Swiss Crochet","article_modified_time":"2026-05-07T18:45:00+00:00","og_image":[{"width":1000,"height":1000,"url":"https:\/\/www.swisscrochet.ch\/wp-content\/uploads\/2026\/05\/Bohin-Crochet-Hook-Mango-Wood-Overview.jpg","type":"image\/jpeg"}],"twitter_card":"summary_large_image","twitter_misc":{"Dur\u00e9e de lecture estim\u00e9e":"1 minute"},"schema":{"@context":"https:\/\/schema.org","@graph":[{"@type":["WebPage","ItemPage"],"@id":"https:\/\/www.swisscrochet.ch\/fr\/produit\/bohin-crochet-en-bois-de-manguier\/","url":"https:\/\/www.swisscrochet.ch\/fr\/produit\/bohin-crochet-en-bois-de-manguier\/","name":"Bohin - Crochet en bois de manguier &#171; Swiss Crochet","isPartOf":{"@id":"https:\/\/www.swisscrochet.ch\/#website"},"primaryImageOfPage":{"@id":"https:\/\/www.swisscrochet.ch\/fr\/produit\/bohin-crochet-en-bois-de-manguier\/#primaryimage"},"image":{"@id":"https:\/\/www.swisscrochet.ch\/fr\/produit\/bohin-crochet-en-bois-de-manguier\/#primaryimage"},"thumbnailUrl":"https:\/\/www.swisscrochet.ch\/wp-content\/uploads\/2026\/05\/Bohin-Crochet-Hook-Mango-Wood-Overview.jpg","datePublished":"2026-05-07T18:20:41+00:00","dateModified":"2026-05-07T18:45:00+00:00","description":"Crochet Bohin en bois de manguier avec design inline ergonomique. Crochet l\u00e9ger en bois pour des mailles fluides, une prise en main confortable et les projets de crochet du quotidien.","breadcrumb":{"@id":"https:\/\/www.swisscrochet.ch\/fr\/produit\/bohin-crochet-en-bois-de-manguier\/#breadcrumb"},"inLanguage":"fr-FR","potentialAction":[{"@type":"ReadAction","target":["https:\/\/www.swisscrochet.ch\/fr\/produit\/bohin-crochet-en-bois-de-manguier\/"]}]},{"@type":"ImageObject","inLanguage":"fr-FR","@id":"https:\/\/www.swisscrochet.ch\/fr\/produit\/bohin-crochet-en-bois-de-manguier\/#primaryimage","url":"https:\/\/www.swisscrochet.ch\/wp-content\/uploads\/2026\/05\/Bohin-Crochet-Hook-Mango-Wood-Overview.jpg","contentUrl":"https:\/\/www.swisscrochet.ch\/wp-content\/uploads\/2026\/05\/Bohin-Crochet-Hook-Mango-Wood-Overview.jpg","width":1000,"height":1000},{"@type":"BreadcrumbList","@id":"https:\/\/www.swisscrochet.ch\/fr\/produit\/bohin-crochet-en-bois-de-manguier\/#breadcrumb","itemListElement":[{"@type":"ListItem","position":1,"name":"Home","item":"https:\/\/www.swisscrochet.ch\/fr\/"},{"@type":"ListItem","position":2,"name":"Boutique","item":"https:\/\/www.swisscrochet.ch\/fr\/boutique\/"},{"@type":"ListItem","position":3,"name":"Bohin &#8211; Crochet en bois de manguier"}]},{"@type":"WebSite","@id":"https:\/\/www.swisscrochet.ch\/#website","url":"https:\/\/www.swisscrochet.ch\/","name":"Swiss Crochet","description":"Lib\u00e9rez votre potentiel cr\u00e9atif","potentialAction":[{"@type":"SearchAction","target":{"@type":"EntryPoint","urlTemplate":"https:\/\/www.swisscrochet.ch\/?s={search_term_string}"},"query-input":{"@type":"PropertyValueSpecification","valueRequired":true,"valueName":"search_term_string"}}],"inLanguage":"fr-FR"}]}},"_links":{"self":[{"href":"https:\/\/www.swisscrochet.ch\/fr\/wp-json\/wp\/v2\/product\/32130","targetHints":{"allow":["GET"]}}],"collection":[{"href":"https:\/\/www.swisscrochet.ch\/fr\/wp-json\/wp\/v2\/product"}],"about":[{"href":"https:\/\/www.swisscrochet.ch\/fr\/wp-json\/wp\/v2\/types\/product"}],"wp:featuredmedia":[{"embeddable":true,"href":"https:\/\/www.swisscrochet.ch\/fr\/wp-json\/wp\/v2\/media\/31999"}],"wp:attachment":[{"href":"https:\/\/www.swisscrochet.ch\/fr\/wp-json\/wp\/v2\/media?parent=32130"}],"wp:term":[{"taxonomy":"product_brand","embeddable":true,"href":"https:\/\/www.swisscrochet.ch\/fr\/wp-json\/wp\/v2\/product_brand?post=32130"},{"taxonomy":"product_cat","embeddable":true,"href":"https:\/\/www.swisscrochet.ch\/fr\/wp-json\/wp\/v2\/product_cat?post=32130"},{"taxonomy":"product_tag","embeddable":true,"href":"https:\/\/www.swisscrochet.ch\/fr\/wp-json\/wp\/v2\/product_tag?post=32130"}],"curies":[{"name":"wp","href":"https:\/\/api.w.org\/{rel}","templated":true}]}}