{"id":3569,"date":"2025-01-13T20:20:57","date_gmt":"2025-01-13T19:20:57","guid":{"rendered":"https:\/\/www.swisscrochet.ch\/product\/chiaogoo-jumbo-bamboo-crochet-hook\/"},"modified":"2025-02-22T16:33:28","modified_gmt":"2025-02-22T15:33:28","slug":"chiaogoo-crochet-geant-en-bambou","status":"publish","type":"product","link":"https:\/\/www.swisscrochet.ch\/fr\/produit\/chiaogoo-crochet-geant-en-bambou\/","title":{"rendered":"Chiaogoo &#8211; Crochet g\u00e9ant en bambou"},"content":{"rendered":"","protected":false},"excerpt":{"rendered":"<p>Le crochet jumbo en bambou Chiaogoo est un crochet [dt_tooltip title=\"inline\"]Un crochet inline a une t\u00eate pointue, un col de m\u00eame diam\u00e8tre que le corps et un corps plus court par rapport aux autres types de crochets.[\/dt_tooltip] de haute qualit\u00e9 avec une t\u00eate pointue et un repose-pouce ergonomique pour plus de pr\u00e9cision et de confort. Fabriqu\u00e9 en bambou l\u00e9ger, il s&rsquo;adapte confortablement \u00e0 la main, et son design lisse et fait main permet au fil de glisser sans effort.<\/p>\n<p>Chaque crochet mesure 15 cm de long, et la taille est grav\u00e9e au laser sur le crochet pour une identification facile. Le bambou avec un diam\u00e8tre sup\u00e9rieur \u00e0 10.00 mm est rare, c&rsquo;est pourquoi les crochets de plus grande taille sont fabriqu\u00e9s en bois.<\/p>\n<p>Abordable et adapt\u00e9 aux d\u00e9butantes, le crochet jumbo en bambou Chiaogoo est id\u00e9al pour travailler avec des fils \u00e9pais et jumbo. Polyvalent et fiable, il fonctionne parfaitement avec tous les types de fils et de fibres.<\/p>\n","protected":false},"featured_media":4011,"template":"","meta":[],"product_brand":[],"product_cat":[221,555],"product_tag":[],"class_list":{"0":"post-3569","1":"product","2":"type-product","3":"status-publish","4":"has-post-thumbnail","6":"product_cat-crochets-et-outils","7":"product_cat-crochets-sans-poignee","8":"pa_t1-manufacturer-chiaogoo-fr","9":"description-off","11":"first","12":"instock","13":"taxable","14":"shipping-taxable","15":"purchasable","16":"product-type-variable","17":"wvs-archive-product-wrapper"},"bundled_by":[],"bundle_stock_status":"instock","bundle_stock_quantity":null,"bundle_virtual":false,"bundle_layout":"","bundle_add_to_cart_form_location":"","bundle_editable_in_cart":false,"bundle_sold_individually_context":"","bundle_item_grouping":"","bundle_min_size":"","bundle_max_size":"","bundle_price":[],"bundled_items":[],"bundle_sell_ids":[],"yoast_head":"<!-- This site is optimized with the Yoast SEO plugin v27.5 - https:\/\/yoast.com\/product\/yoast-seo-wordpress\/ -->\n<title>Chiaogoo - Crochet g\u00e9ant en bambou &#171; Swiss Crochet<\/title>\n<meta name=\"description\" content=\"Chiaogoo Crochet g\u00e9ant en bambou \u2013 Crochet l\u00e9ger avec une t\u00eate pointue et une finition lisse, parfait pour les fils jumbo. Confortable et id\u00e9al pour les fils \u00e9pais.\" \/>\n<meta name=\"robots\" content=\"index, follow, max-snippet:-1, max-image-preview:large, max-video-preview:-1\" \/>\n<link rel=\"canonical\" href=\"https:\/\/www.swisscrochet.ch\/fr\/produit\/chiaogoo-crochet-geant-en-bambou\/\" \/>\n<meta property=\"og:locale\" content=\"fr_FR\" \/>\n<meta property=\"og:type\" content=\"article\" \/>\n<meta property=\"og:title\" content=\"Chiaogoo - Crochet g\u00e9ant en bambou &#171; Swiss Crochet\" \/>\n<meta property=\"og:description\" content=\"Chiaogoo Crochet g\u00e9ant en bambou \u2013 Crochet l\u00e9ger avec une t\u00eate pointue et une finition lisse, parfait pour les fils jumbo. Confortable et id\u00e9al pour les fils \u00e9pais.\" \/>\n<meta property=\"og:url\" content=\"https:\/\/www.swisscrochet.ch\/fr\/produit\/chiaogoo-crochet-geant-en-bambou\/\" \/>\n<meta property=\"og:site_name\" content=\"Swiss Crochet\" \/>\n<meta property=\"article:modified_time\" content=\"2025-02-22T15:33:28+00:00\" \/>\n<meta property=\"og:image\" content=\"https:\/\/www.swisscrochet.ch\/wp-content\/uploads\/2025\/01\/Chiaogoo-Jumbo-Bamboo-Crochet-Hook-Overview.jpg\" \/>\n\t<meta property=\"og:image:width\" content=\"1000\" \/>\n\t<meta property=\"og:image:height\" content=\"1000\" \/>\n\t<meta property=\"og:image:type\" content=\"image\/jpeg\" \/>\n<meta name=\"twitter:card\" content=\"summary_large_image\" \/>\n<meta name=\"twitter:label1\" content=\"Dur\u00e9e de lecture estim\u00e9e\" \/>\n\t<meta name=\"twitter:data1\" content=\"1 minute\" \/>\n<script type=\"application\/ld+json\" class=\"yoast-schema-graph\">{\"@context\":\"https:\\\/\\\/schema.org\",\"@graph\":[{\"@type\":[\"WebPage\",\"ItemPage\"],\"@id\":\"https:\\\/\\\/www.swisscrochet.ch\\\/fr\\\/produit\\\/chiaogoo-crochet-geant-en-bambou\\\/\",\"url\":\"https:\\\/\\\/www.swisscrochet.ch\\\/fr\\\/produit\\\/chiaogoo-crochet-geant-en-bambou\\\/\",\"name\":\"Chiaogoo - Crochet g\u00e9ant en bambou &#171; Swiss Crochet\",\"isPartOf\":{\"@id\":\"https:\\\/\\\/www.swisscrochet.ch\\\/#website\"},\"primaryImageOfPage\":{\"@id\":\"https:\\\/\\\/www.swisscrochet.ch\\\/fr\\\/produit\\\/chiaogoo-crochet-geant-en-bambou\\\/#primaryimage\"},\"image\":{\"@id\":\"https:\\\/\\\/www.swisscrochet.ch\\\/fr\\\/produit\\\/chiaogoo-crochet-geant-en-bambou\\\/#primaryimage\"},\"thumbnailUrl\":\"https:\\\/\\\/www.swisscrochet.ch\\\/wp-content\\\/uploads\\\/2025\\\/01\\\/Chiaogoo-Jumbo-Bamboo-Crochet-Hook-Overview.jpg\",\"datePublished\":\"2025-01-13T19:20:57+00:00\",\"dateModified\":\"2025-02-22T15:33:28+00:00\",\"description\":\"Chiaogoo Crochet g\u00e9ant en bambou \u2013 Crochet l\u00e9ger avec une t\u00eate pointue et une finition lisse, parfait pour les fils jumbo. Confortable et id\u00e9al pour les fils \u00e9pais.\",\"breadcrumb\":{\"@id\":\"https:\\\/\\\/www.swisscrochet.ch\\\/fr\\\/produit\\\/chiaogoo-crochet-geant-en-bambou\\\/#breadcrumb\"},\"inLanguage\":\"fr-FR\",\"potentialAction\":[{\"@type\":\"ReadAction\",\"target\":[\"https:\\\/\\\/www.swisscrochet.ch\\\/fr\\\/produit\\\/chiaogoo-crochet-geant-en-bambou\\\/\"]}]},{\"@type\":\"ImageObject\",\"inLanguage\":\"fr-FR\",\"@id\":\"https:\\\/\\\/www.swisscrochet.ch\\\/fr\\\/produit\\\/chiaogoo-crochet-geant-en-bambou\\\/#primaryimage\",\"url\":\"https:\\\/\\\/www.swisscrochet.ch\\\/wp-content\\\/uploads\\\/2025\\\/01\\\/Chiaogoo-Jumbo-Bamboo-Crochet-Hook-Overview.jpg\",\"contentUrl\":\"https:\\\/\\\/www.swisscrochet.ch\\\/wp-content\\\/uploads\\\/2025\\\/01\\\/Chiaogoo-Jumbo-Bamboo-Crochet-Hook-Overview.jpg\",\"width\":1000,\"height\":1000},{\"@type\":\"BreadcrumbList\",\"@id\":\"https:\\\/\\\/www.swisscrochet.ch\\\/fr\\\/produit\\\/chiaogoo-crochet-geant-en-bambou\\\/#breadcrumb\",\"itemListElement\":[{\"@type\":\"ListItem\",\"position\":1,\"name\":\"Home\",\"item\":\"https:\\\/\\\/www.swisscrochet.ch\\\/fr\\\/\"},{\"@type\":\"ListItem\",\"position\":2,\"name\":\"Boutique\",\"item\":\"https:\\\/\\\/www.swisscrochet.ch\\\/fr\\\/boutique\\\/\"},{\"@type\":\"ListItem\",\"position\":3,\"name\":\"Chiaogoo &#8211; Crochet g\u00e9ant en bambou\"}]},{\"@type\":\"WebSite\",\"@id\":\"https:\\\/\\\/www.swisscrochet.ch\\\/#website\",\"url\":\"https:\\\/\\\/www.swisscrochet.ch\\\/\",\"name\":\"Swiss Crochet\",\"description\":\"Lib\u00e9rez votre potentiel cr\u00e9atif\",\"potentialAction\":[{\"@type\":\"SearchAction\",\"target\":{\"@type\":\"EntryPoint\",\"urlTemplate\":\"https:\\\/\\\/www.swisscrochet.ch\\\/?s={search_term_string}\"},\"query-input\":{\"@type\":\"PropertyValueSpecification\",\"valueRequired\":true,\"valueName\":\"search_term_string\"}}],\"inLanguage\":\"fr-FR\"}]}<\/script>\n<!-- \/ Yoast SEO plugin. -->","yoast_head_json":{"title":"Chiaogoo - Crochet g\u00e9ant en bambou &#171; Swiss Crochet","description":"Chiaogoo Crochet g\u00e9ant en bambou \u2013 Crochet l\u00e9ger avec une t\u00eate pointue et une finition lisse, parfait pour les fils jumbo. Confortable et id\u00e9al pour les fils \u00e9pais.","robots":{"index":"index","follow":"follow","max-snippet":"max-snippet:-1","max-image-preview":"max-image-preview:large","max-video-preview":"max-video-preview:-1"},"canonical":"https:\/\/www.swisscrochet.ch\/fr\/produit\/chiaogoo-crochet-geant-en-bambou\/","og_locale":"fr_FR","og_type":"article","og_title":"Chiaogoo - Crochet g\u00e9ant en bambou &#171; Swiss Crochet","og_description":"Chiaogoo Crochet g\u00e9ant en bambou \u2013 Crochet l\u00e9ger avec une t\u00eate pointue et une finition lisse, parfait pour les fils jumbo. Confortable et id\u00e9al pour les fils \u00e9pais.","og_url":"https:\/\/www.swisscrochet.ch\/fr\/produit\/chiaogoo-crochet-geant-en-bambou\/","og_site_name":"Swiss Crochet","article_modified_time":"2025-02-22T15:33:28+00:00","og_image":[{"width":1000,"height":1000,"url":"https:\/\/www.swisscrochet.ch\/wp-content\/uploads\/2025\/01\/Chiaogoo-Jumbo-Bamboo-Crochet-Hook-Overview.jpg","type":"image\/jpeg"}],"twitter_card":"summary_large_image","twitter_misc":{"Dur\u00e9e de lecture estim\u00e9e":"1 minute"},"schema":{"@context":"https:\/\/schema.org","@graph":[{"@type":["WebPage","ItemPage"],"@id":"https:\/\/www.swisscrochet.ch\/fr\/produit\/chiaogoo-crochet-geant-en-bambou\/","url":"https:\/\/www.swisscrochet.ch\/fr\/produit\/chiaogoo-crochet-geant-en-bambou\/","name":"Chiaogoo - Crochet g\u00e9ant en bambou &#171; Swiss Crochet","isPartOf":{"@id":"https:\/\/www.swisscrochet.ch\/#website"},"primaryImageOfPage":{"@id":"https:\/\/www.swisscrochet.ch\/fr\/produit\/chiaogoo-crochet-geant-en-bambou\/#primaryimage"},"image":{"@id":"https:\/\/www.swisscrochet.ch\/fr\/produit\/chiaogoo-crochet-geant-en-bambou\/#primaryimage"},"thumbnailUrl":"https:\/\/www.swisscrochet.ch\/wp-content\/uploads\/2025\/01\/Chiaogoo-Jumbo-Bamboo-Crochet-Hook-Overview.jpg","datePublished":"2025-01-13T19:20:57+00:00","dateModified":"2025-02-22T15:33:28+00:00","description":"Chiaogoo Crochet g\u00e9ant en bambou \u2013 Crochet l\u00e9ger avec une t\u00eate pointue et une finition lisse, parfait pour les fils jumbo. Confortable et id\u00e9al pour les fils \u00e9pais.","breadcrumb":{"@id":"https:\/\/www.swisscrochet.ch\/fr\/produit\/chiaogoo-crochet-geant-en-bambou\/#breadcrumb"},"inLanguage":"fr-FR","potentialAction":[{"@type":"ReadAction","target":["https:\/\/www.swisscrochet.ch\/fr\/produit\/chiaogoo-crochet-geant-en-bambou\/"]}]},{"@type":"ImageObject","inLanguage":"fr-FR","@id":"https:\/\/www.swisscrochet.ch\/fr\/produit\/chiaogoo-crochet-geant-en-bambou\/#primaryimage","url":"https:\/\/www.swisscrochet.ch\/wp-content\/uploads\/2025\/01\/Chiaogoo-Jumbo-Bamboo-Crochet-Hook-Overview.jpg","contentUrl":"https:\/\/www.swisscrochet.ch\/wp-content\/uploads\/2025\/01\/Chiaogoo-Jumbo-Bamboo-Crochet-Hook-Overview.jpg","width":1000,"height":1000},{"@type":"BreadcrumbList","@id":"https:\/\/www.swisscrochet.ch\/fr\/produit\/chiaogoo-crochet-geant-en-bambou\/#breadcrumb","itemListElement":[{"@type":"ListItem","position":1,"name":"Home","item":"https:\/\/www.swisscrochet.ch\/fr\/"},{"@type":"ListItem","position":2,"name":"Boutique","item":"https:\/\/www.swisscrochet.ch\/fr\/boutique\/"},{"@type":"ListItem","position":3,"name":"Chiaogoo &#8211; Crochet g\u00e9ant en bambou"}]},{"@type":"WebSite","@id":"https:\/\/www.swisscrochet.ch\/#website","url":"https:\/\/www.swisscrochet.ch\/","name":"Swiss Crochet","description":"Lib\u00e9rez votre potentiel cr\u00e9atif","potentialAction":[{"@type":"SearchAction","target":{"@type":"EntryPoint","urlTemplate":"https:\/\/www.swisscrochet.ch\/?s={search_term_string}"},"query-input":{"@type":"PropertyValueSpecification","valueRequired":true,"valueName":"search_term_string"}}],"inLanguage":"fr-FR"}]}},"_links":{"self":[{"href":"https:\/\/www.swisscrochet.ch\/fr\/wp-json\/wp\/v2\/product\/3569","targetHints":{"allow":["GET"]}}],"collection":[{"href":"https:\/\/www.swisscrochet.ch\/fr\/wp-json\/wp\/v2\/product"}],"about":[{"href":"https:\/\/www.swisscrochet.ch\/fr\/wp-json\/wp\/v2\/types\/product"}],"wp:featuredmedia":[{"embeddable":true,"href":"https:\/\/www.swisscrochet.ch\/fr\/wp-json\/wp\/v2\/media\/4011"}],"wp:attachment":[{"href":"https:\/\/www.swisscrochet.ch\/fr\/wp-json\/wp\/v2\/media?parent=3569"}],"wp:term":[{"taxonomy":"product_brand","embeddable":true,"href":"https:\/\/www.swisscrochet.ch\/fr\/wp-json\/wp\/v2\/product_brand?post=3569"},{"taxonomy":"product_cat","embeddable":true,"href":"https:\/\/www.swisscrochet.ch\/fr\/wp-json\/wp\/v2\/product_cat?post=3569"},{"taxonomy":"product_tag","embeddable":true,"href":"https:\/\/www.swisscrochet.ch\/fr\/wp-json\/wp\/v2\/product_tag?post=3569"}],"curies":[{"name":"wp","href":"https:\/\/api.w.org\/{rel}","templated":true}]}}