{"id":3592,"date":"2025-01-13T20:34:32","date_gmt":"2025-01-13T19:34:32","guid":{"rendered":"https:\/\/www.swisscrochet.ch\/product\/addi-crochet-hook-without-handle\/"},"modified":"2026-03-15T17:56:11","modified_gmt":"2026-03-15T16:56:11","slug":"addi-crochet-sans-manche","status":"publish","type":"product","link":"https:\/\/www.swisscrochet.ch\/fr\/produit\/addi-crochet-sans-manche\/","title":{"rendered":"Addi &#8211; Crochet sans manche"},"content":{"rendered":"","protected":false},"excerpt":{"rendered":"<p>Le crochet Addi est un crochet [dt_tooltip title=\"effil\u00e9\"]Un crochet effil\u00e9 a une t\u00eate arrondie, un col plus \u00e9troit que le corps et un long corps, surtout compar\u00e9 aux autres types de crochets.[\/dt_tooltip] avec une t\u00eate bien arrondie, assurant des points lisses et pr\u00e9cis. Il dispose d&rsquo;un simple repose-pouce pour une meilleure prise en main, tout en restant solide et l\u00e9ger pour un crochet sans effort.<\/p>\n<p>Chaque crochet mesure 15 cm, avec la taille indiqu\u00e9e de mani\u00e8re pratique sur le repose-pouce. La couleur varie en fonction de la taille :<\/p>\n<p>Gris : Tailles 2.00 mm \u00e0 6.00 mm<br \/>\nOr : Tailles 7.00 mm \u00e0 12.00 mm<\/p>\n<p>Abordable et adapt\u00e9 aux d\u00e9butantes, le crochet Addi est un excellent choix pour celles qui souhaitent exp\u00e9rimenter de nouvelles tailles de crochet. Polyvalent et fiable, il fonctionne parfaitement avec tous les types de fils et de fibres.<\/p>\n","protected":false},"featured_media":3987,"template":"","meta":[],"product_brand":[],"product_cat":[221,555],"product_tag":[],"class_list":{"0":"post-3592","1":"product","2":"type-product","3":"status-publish","4":"has-post-thumbnail","6":"product_cat-crochets-et-outils","7":"product_cat-crochets-sans-poignee","8":"product_shipping_class-petits-envois","9":"pa_t1-manufacturer-addi-fr","10":"description-off","12":"first","13":"instock","14":"taxable","15":"shipping-taxable","16":"purchasable","17":"product-type-variable","18":"wvs-archive-product-wrapper"},"bundled_by":["10380","10380","10380","10462","17693","17699","17706","17713","17720","29923","29928"],"bundle_stock_status":"instock","bundle_stock_quantity":null,"bundle_virtual":false,"bundle_layout":"","bundle_add_to_cart_form_location":"","bundle_editable_in_cart":false,"bundle_sold_individually_context":"","bundle_item_grouping":"","bundle_min_size":"","bundle_max_size":"","bundle_price":[],"bundled_items":[],"bundle_sell_ids":[],"yoast_head":"<!-- This site is optimized with the Yoast SEO plugin v27.4 - https:\/\/yoast.com\/product\/yoast-seo-wordpress\/ -->\n<title>Addi - Crochet sans manche &#171; Swiss Crochet<\/title>\n<meta name=\"robots\" content=\"index, follow, max-snippet:-1, max-image-preview:large, max-video-preview:-1\" \/>\n<link rel=\"canonical\" href=\"https:\/\/www.swisscrochet.ch\/produit\/addi-crochet-hook-without-handle\/\" \/>\n<meta property=\"og:locale\" content=\"fr_FR\" \/>\n<meta property=\"og:type\" content=\"article\" \/>\n<meta property=\"og:title\" content=\"Addi - Crochet sans manche &#171; Swiss Crochet\" \/>\n<meta property=\"og:description\" content=\"Le crochet Addi est un crochet avec une t\u00eate bien arrondie, assurant des points lisses et pr\u00e9cis. Il dispose d&#039;un simple repose-pouce pour une meilleure prise en main, tout en restant solide et l\u00e9ger pour un crochet sans effort.  Chaque crochet mesure 15 cm, avec la taille indiqu\u00e9e de mani\u00e8re pratique sur le repose-pouce. La couleur varie en fonction de la taille :  Gris : Tailles 2.00 mm \u00e0 6.00 mm Or : Tailles 7.00 mm \u00e0 12.00 mm  Abordable et adapt\u00e9 aux d\u00e9butantes, le crochet Addi est un excellent choix pour celles qui souhaitent exp\u00e9rimenter de nouvelles tailles de crochet. Polyvalent et fiable, il fonctionne parfaitement avec tous les types de fils et de fibres.\" \/>\n<meta property=\"og:url\" content=\"https:\/\/www.swisscrochet.ch\/produit\/addi-crochet-hook-without-handle\/\" \/>\n<meta property=\"og:site_name\" content=\"Swiss Crochet\" \/>\n<meta property=\"article:modified_time\" content=\"2026-03-15T16:56:11+00:00\" \/>\n<meta property=\"og:image\" content=\"https:\/\/www.swisscrochet.ch\/wp-content\/uploads\/2025\/01\/Addi-Crochet-Hook-Overview.jpg\" \/>\n\t<meta property=\"og:image:width\" content=\"1000\" \/>\n\t<meta property=\"og:image:height\" content=\"1000\" \/>\n\t<meta property=\"og:image:type\" content=\"image\/jpeg\" \/>\n<meta name=\"twitter:card\" content=\"summary_large_image\" \/>\n<meta name=\"twitter:label1\" content=\"Dur\u00e9e de lecture estim\u00e9e\" \/>\n\t<meta name=\"twitter:data1\" content=\"1 minute\" \/>\n<script type=\"application\/ld+json\" class=\"yoast-schema-graph\">{\"@context\":\"https:\\\/\\\/schema.org\",\"@graph\":[{\"@type\":[\"WebPage\",\"ItemPage\"],\"@id\":\"https:\\\/\\\/www.swisscrochet.ch\\\/produit\\\/addi-crochet-hook-without-handle\\\/\",\"url\":\"https:\\\/\\\/www.swisscrochet.ch\\\/produit\\\/addi-crochet-hook-without-handle\\\/\",\"name\":\"Addi - Crochet sans manche &#171; Swiss Crochet\",\"isPartOf\":{\"@id\":\"https:\\\/\\\/www.swisscrochet.ch\\\/#website\"},\"primaryImageOfPage\":{\"@id\":\"https:\\\/\\\/www.swisscrochet.ch\\\/produit\\\/addi-crochet-hook-without-handle\\\/#primaryimage\"},\"image\":{\"@id\":\"https:\\\/\\\/www.swisscrochet.ch\\\/produit\\\/addi-crochet-hook-without-handle\\\/#primaryimage\"},\"thumbnailUrl\":\"https:\\\/\\\/www.swisscrochet.ch\\\/wp-content\\\/uploads\\\/2025\\\/01\\\/Addi-Crochet-Hook-Overview.jpg\",\"datePublished\":\"2025-01-13T19:34:32+00:00\",\"dateModified\":\"2026-03-15T16:56:11+00:00\",\"breadcrumb\":{\"@id\":\"https:\\\/\\\/www.swisscrochet.ch\\\/produit\\\/addi-crochet-hook-without-handle\\\/#breadcrumb\"},\"inLanguage\":\"fr-FR\",\"potentialAction\":[{\"@type\":\"ReadAction\",\"target\":[\"https:\\\/\\\/www.swisscrochet.ch\\\/produit\\\/addi-crochet-hook-without-handle\\\/\"]}]},{\"@type\":\"ImageObject\",\"inLanguage\":\"fr-FR\",\"@id\":\"https:\\\/\\\/www.swisscrochet.ch\\\/produit\\\/addi-crochet-hook-without-handle\\\/#primaryimage\",\"url\":\"https:\\\/\\\/www.swisscrochet.ch\\\/wp-content\\\/uploads\\\/2025\\\/01\\\/Addi-Crochet-Hook-Overview.jpg\",\"contentUrl\":\"https:\\\/\\\/www.swisscrochet.ch\\\/wp-content\\\/uploads\\\/2025\\\/01\\\/Addi-Crochet-Hook-Overview.jpg\",\"width\":1000,\"height\":1000},{\"@type\":\"BreadcrumbList\",\"@id\":\"https:\\\/\\\/www.swisscrochet.ch\\\/produit\\\/addi-crochet-hook-without-handle\\\/#breadcrumb\",\"itemListElement\":[{\"@type\":\"ListItem\",\"position\":1,\"name\":\"Home\",\"item\":\"https:\\\/\\\/www.swisscrochet.ch\\\/fr\\\/\"},{\"@type\":\"ListItem\",\"position\":2,\"name\":\"Boutique\",\"item\":\"https:\\\/\\\/www.swisscrochet.ch\\\/fr\\\/boutique\\\/\"},{\"@type\":\"ListItem\",\"position\":3,\"name\":\"Addi &#8211; Crochet sans manche\"}]},{\"@type\":\"WebSite\",\"@id\":\"https:\\\/\\\/www.swisscrochet.ch\\\/#website\",\"url\":\"https:\\\/\\\/www.swisscrochet.ch\\\/\",\"name\":\"Swiss Crochet\",\"description\":\"Lib\u00e9rez votre potentiel cr\u00e9atif\",\"potentialAction\":[{\"@type\":\"SearchAction\",\"target\":{\"@type\":\"EntryPoint\",\"urlTemplate\":\"https:\\\/\\\/www.swisscrochet.ch\\\/?s={search_term_string}\"},\"query-input\":{\"@type\":\"PropertyValueSpecification\",\"valueRequired\":true,\"valueName\":\"search_term_string\"}}],\"inLanguage\":\"fr-FR\"}]}<\/script>\n<!-- \/ Yoast SEO plugin. -->","yoast_head_json":{"title":"Addi - Crochet sans manche &#171; Swiss Crochet","robots":{"index":"index","follow":"follow","max-snippet":"max-snippet:-1","max-image-preview":"max-image-preview:large","max-video-preview":"max-video-preview:-1"},"canonical":"https:\/\/www.swisscrochet.ch\/produit\/addi-crochet-hook-without-handle\/","og_locale":"fr_FR","og_type":"article","og_title":"Addi - Crochet sans manche &#171; Swiss Crochet","og_description":"Le crochet Addi est un crochet avec une t\u00eate bien arrondie, assurant des points lisses et pr\u00e9cis. Il dispose d'un simple repose-pouce pour une meilleure prise en main, tout en restant solide et l\u00e9ger pour un crochet sans effort.  Chaque crochet mesure 15 cm, avec la taille indiqu\u00e9e de mani\u00e8re pratique sur le repose-pouce. La couleur varie en fonction de la taille :  Gris : Tailles 2.00 mm \u00e0 6.00 mm Or : Tailles 7.00 mm \u00e0 12.00 mm  Abordable et adapt\u00e9 aux d\u00e9butantes, le crochet Addi est un excellent choix pour celles qui souhaitent exp\u00e9rimenter de nouvelles tailles de crochet. Polyvalent et fiable, il fonctionne parfaitement avec tous les types de fils et de fibres.","og_url":"https:\/\/www.swisscrochet.ch\/produit\/addi-crochet-hook-without-handle\/","og_site_name":"Swiss Crochet","article_modified_time":"2026-03-15T16:56:11+00:00","og_image":[{"width":1000,"height":1000,"url":"https:\/\/www.swisscrochet.ch\/wp-content\/uploads\/2025\/01\/Addi-Crochet-Hook-Overview.jpg","type":"image\/jpeg"}],"twitter_card":"summary_large_image","twitter_misc":{"Dur\u00e9e de lecture estim\u00e9e":"1 minute"},"schema":{"@context":"https:\/\/schema.org","@graph":[{"@type":["WebPage","ItemPage"],"@id":"https:\/\/www.swisscrochet.ch\/produit\/addi-crochet-hook-without-handle\/","url":"https:\/\/www.swisscrochet.ch\/produit\/addi-crochet-hook-without-handle\/","name":"Addi - Crochet sans manche &#171; Swiss Crochet","isPartOf":{"@id":"https:\/\/www.swisscrochet.ch\/#website"},"primaryImageOfPage":{"@id":"https:\/\/www.swisscrochet.ch\/produit\/addi-crochet-hook-without-handle\/#primaryimage"},"image":{"@id":"https:\/\/www.swisscrochet.ch\/produit\/addi-crochet-hook-without-handle\/#primaryimage"},"thumbnailUrl":"https:\/\/www.swisscrochet.ch\/wp-content\/uploads\/2025\/01\/Addi-Crochet-Hook-Overview.jpg","datePublished":"2025-01-13T19:34:32+00:00","dateModified":"2026-03-15T16:56:11+00:00","breadcrumb":{"@id":"https:\/\/www.swisscrochet.ch\/produit\/addi-crochet-hook-without-handle\/#breadcrumb"},"inLanguage":"fr-FR","potentialAction":[{"@type":"ReadAction","target":["https:\/\/www.swisscrochet.ch\/produit\/addi-crochet-hook-without-handle\/"]}]},{"@type":"ImageObject","inLanguage":"fr-FR","@id":"https:\/\/www.swisscrochet.ch\/produit\/addi-crochet-hook-without-handle\/#primaryimage","url":"https:\/\/www.swisscrochet.ch\/wp-content\/uploads\/2025\/01\/Addi-Crochet-Hook-Overview.jpg","contentUrl":"https:\/\/www.swisscrochet.ch\/wp-content\/uploads\/2025\/01\/Addi-Crochet-Hook-Overview.jpg","width":1000,"height":1000},{"@type":"BreadcrumbList","@id":"https:\/\/www.swisscrochet.ch\/produit\/addi-crochet-hook-without-handle\/#breadcrumb","itemListElement":[{"@type":"ListItem","position":1,"name":"Home","item":"https:\/\/www.swisscrochet.ch\/fr\/"},{"@type":"ListItem","position":2,"name":"Boutique","item":"https:\/\/www.swisscrochet.ch\/fr\/boutique\/"},{"@type":"ListItem","position":3,"name":"Addi &#8211; Crochet sans manche"}]},{"@type":"WebSite","@id":"https:\/\/www.swisscrochet.ch\/#website","url":"https:\/\/www.swisscrochet.ch\/","name":"Swiss Crochet","description":"Lib\u00e9rez votre potentiel cr\u00e9atif","potentialAction":[{"@type":"SearchAction","target":{"@type":"EntryPoint","urlTemplate":"https:\/\/www.swisscrochet.ch\/?s={search_term_string}"},"query-input":{"@type":"PropertyValueSpecification","valueRequired":true,"valueName":"search_term_string"}}],"inLanguage":"fr-FR"}]}},"_links":{"self":[{"href":"https:\/\/www.swisscrochet.ch\/fr\/wp-json\/wp\/v2\/product\/3592","targetHints":{"allow":["GET"]}}],"collection":[{"href":"https:\/\/www.swisscrochet.ch\/fr\/wp-json\/wp\/v2\/product"}],"about":[{"href":"https:\/\/www.swisscrochet.ch\/fr\/wp-json\/wp\/v2\/types\/product"}],"wp:featuredmedia":[{"embeddable":true,"href":"https:\/\/www.swisscrochet.ch\/fr\/wp-json\/wp\/v2\/media\/3987"}],"wp:attachment":[{"href":"https:\/\/www.swisscrochet.ch\/fr\/wp-json\/wp\/v2\/media?parent=3592"}],"wp:term":[{"taxonomy":"product_brand","embeddable":true,"href":"https:\/\/www.swisscrochet.ch\/fr\/wp-json\/wp\/v2\/product_brand?post=3592"},{"taxonomy":"product_cat","embeddable":true,"href":"https:\/\/www.swisscrochet.ch\/fr\/wp-json\/wp\/v2\/product_cat?post=3592"},{"taxonomy":"product_tag","embeddable":true,"href":"https:\/\/www.swisscrochet.ch\/fr\/wp-json\/wp\/v2\/product_tag?post=3592"}],"curies":[{"name":"wp","href":"https:\/\/api.w.org\/{rel}","templated":true}]}}