{"id":3638,"date":"2025-01-13T20:39:03","date_gmt":"2025-01-13T19:39:03","guid":{"rendered":"https:\/\/www.swisscrochet.ch\/product\/addi-tunisian-crochet-hook-double-pointed\/"},"modified":"2026-04-04T10:13:39","modified_gmt":"2026-04-04T08:13:39","slug":"addi-crochet-tunisien-a-double-pointe","status":"publish","type":"product","link":"https:\/\/www.swisscrochet.ch\/fr\/produit\/addi-crochet-tunisien-a-double-pointe\/","title":{"rendered":"Addi &#8211; Crochet tunisien &#8211; \u00e0 double pointe"},"content":{"rendered":"","protected":false},"excerpt":{"rendered":"<p>Le crochet tunisien Addi est un crochet [dt_tooltip title=\"effil\u00e9\"]Un crochet effil\u00e9 a une t\u00eate arrondie, un col plus \u00e9troit que le corps et un long corps, surtout compar\u00e9 aux autres types de crochets.[\/dt_tooltip] de haute qualit\u00e9 avec une t\u00eate pointue, assurant une couture pr\u00e9cise et sans effort. Fabriqu\u00e9 en aluminium l\u00e9ger de haute qualit\u00e9, il permet un crochet fluide et sans accrochages.<\/p>\n<p>Chaque crochet mesure 15 cm, ce qui le rend adapt\u00e9 pour le crochet r\u00e9gulier, pour cr\u00e9er des pi\u00e8ces \u00e9troites lors du travail \u00e0 plat en crochet tunisien, et pour g\u00e9rer les petits diam\u00e8tres lors du crochet tunisien en rond.<\/p>\n<p>Abordable et adapt\u00e9 aux d\u00e9butantes, le crochet tunisien Addi est un excellent choix pour celles qui souhaitent exp\u00e9rimenter le crochet tunisien pour la premi\u00e8re fois. Polyvalent et fiable, il fonctionne parfaitement avec tous les types de fils et de fibres.<\/p>\n<p><strong>Disponible exclusivement chez Swiss Crochet.<\/strong><\/p>\n","protected":false},"featured_media":3999,"template":"","meta":[],"product_brand":[],"product_cat":[221,557,555],"product_tag":[],"class_list":{"0":"post-3638","1":"product","2":"type-product","3":"status-publish","4":"has-post-thumbnail","6":"product_cat-crochets-et-outils","7":"product_cat-crochets-pour-le-crochet-tunisien","8":"product_cat-crochets-sans-poignee","9":"product_shipping_class-petits-envois","10":"pa_t1-manufacturer-addi-fr","11":"description-off","13":"first","14":"instock","15":"taxable","16":"shipping-taxable","17":"purchasable","18":"product-type-variable","19":"wvs-archive-product-wrapper"},"bundled_by":["10446","10849","10849"],"bundle_stock_status":"instock","bundle_stock_quantity":null,"bundle_virtual":false,"bundle_layout":"","bundle_add_to_cart_form_location":"","bundle_editable_in_cart":false,"bundle_sold_individually_context":"","bundle_item_grouping":"","bundle_min_size":"","bundle_max_size":"","bundle_price":[],"bundled_items":[],"bundle_sell_ids":[],"yoast_head":"<!-- This site is optimized with the Yoast SEO plugin v27.5 - https:\/\/yoast.com\/product\/yoast-seo-wordpress\/ -->\n<title>Addi - Crochet tunisien - \u00e0 double pointe &#171; Swiss Crochet<\/title>\n<meta name=\"robots\" content=\"index, follow, max-snippet:-1, max-image-preview:large, max-video-preview:-1\" \/>\n<link rel=\"canonical\" href=\"https:\/\/www.swisscrochet.ch\/produit\/addi-tunisian-crochet-hook-double-pointed\/\" \/>\n<meta property=\"og:locale\" content=\"fr_FR\" \/>\n<meta property=\"og:type\" content=\"article\" \/>\n<meta property=\"og:title\" content=\"Addi - Crochet tunisien - \u00e0 double pointe &#171; Swiss Crochet\" \/>\n<meta property=\"og:description\" content=\"Le crochet tunisien Addi est un crochet de haute qualit\u00e9 avec une t\u00eate pointue, assurant une couture pr\u00e9cise et sans effort. Fabriqu\u00e9 en aluminium l\u00e9ger de haute qualit\u00e9, il permet un crochet fluide et sans accrochages.  Chaque crochet mesure 15 cm, ce qui le rend adapt\u00e9 pour le crochet r\u00e9gulier, pour cr\u00e9er des pi\u00e8ces \u00e9troites lors du travail \u00e0 plat en crochet tunisien, et pour g\u00e9rer les petits diam\u00e8tres lors du crochet tunisien en rond.  Abordable et adapt\u00e9 aux d\u00e9butantes, le crochet tunisien Addi est un excellent choix pour celles qui souhaitent exp\u00e9rimenter le crochet tunisien pour la premi\u00e8re fois. Polyvalent et fiable, il fonctionne parfaitement avec tous les types de fils et de fibres.  Disponible exclusivement chez Swiss Crochet.\" \/>\n<meta property=\"og:url\" content=\"https:\/\/www.swisscrochet.ch\/produit\/addi-tunisian-crochet-hook-double-pointed\/\" \/>\n<meta property=\"og:site_name\" content=\"Swiss Crochet\" \/>\n<meta property=\"article:modified_time\" content=\"2026-04-04T08:13:39+00:00\" \/>\n<meta property=\"og:image\" content=\"https:\/\/www.swisscrochet.ch\/wp-content\/uploads\/2025\/01\/Addi-Tunisian-Crochet-Hook-Overview.jpg\" \/>\n\t<meta property=\"og:image:width\" content=\"1000\" \/>\n\t<meta property=\"og:image:height\" content=\"1000\" \/>\n\t<meta property=\"og:image:type\" content=\"image\/jpeg\" \/>\n<meta name=\"twitter:card\" content=\"summary_large_image\" \/>\n<meta name=\"twitter:label1\" content=\"Dur\u00e9e de lecture estim\u00e9e\" \/>\n\t<meta name=\"twitter:data1\" content=\"1 minute\" \/>\n<script type=\"application\/ld+json\" class=\"yoast-schema-graph\">{\"@context\":\"https:\\\/\\\/schema.org\",\"@graph\":[{\"@type\":[\"WebPage\",\"ItemPage\"],\"@id\":\"https:\\\/\\\/www.swisscrochet.ch\\\/produit\\\/addi-tunisian-crochet-hook-double-pointed\\\/\",\"url\":\"https:\\\/\\\/www.swisscrochet.ch\\\/produit\\\/addi-tunisian-crochet-hook-double-pointed\\\/\",\"name\":\"Addi - Crochet tunisien - \u00e0 double pointe &#171; Swiss Crochet\",\"isPartOf\":{\"@id\":\"https:\\\/\\\/www.swisscrochet.ch\\\/#website\"},\"primaryImageOfPage\":{\"@id\":\"https:\\\/\\\/www.swisscrochet.ch\\\/produit\\\/addi-tunisian-crochet-hook-double-pointed\\\/#primaryimage\"},\"image\":{\"@id\":\"https:\\\/\\\/www.swisscrochet.ch\\\/produit\\\/addi-tunisian-crochet-hook-double-pointed\\\/#primaryimage\"},\"thumbnailUrl\":\"https:\\\/\\\/www.swisscrochet.ch\\\/wp-content\\\/uploads\\\/2025\\\/01\\\/Addi-Tunisian-Crochet-Hook-Overview.jpg\",\"datePublished\":\"2025-01-13T19:39:03+00:00\",\"dateModified\":\"2026-04-04T08:13:39+00:00\",\"breadcrumb\":{\"@id\":\"https:\\\/\\\/www.swisscrochet.ch\\\/produit\\\/addi-tunisian-crochet-hook-double-pointed\\\/#breadcrumb\"},\"inLanguage\":\"fr-FR\",\"potentialAction\":[{\"@type\":\"ReadAction\",\"target\":[\"https:\\\/\\\/www.swisscrochet.ch\\\/produit\\\/addi-tunisian-crochet-hook-double-pointed\\\/\"]}]},{\"@type\":\"ImageObject\",\"inLanguage\":\"fr-FR\",\"@id\":\"https:\\\/\\\/www.swisscrochet.ch\\\/produit\\\/addi-tunisian-crochet-hook-double-pointed\\\/#primaryimage\",\"url\":\"https:\\\/\\\/www.swisscrochet.ch\\\/wp-content\\\/uploads\\\/2025\\\/01\\\/Addi-Tunisian-Crochet-Hook-Overview.jpg\",\"contentUrl\":\"https:\\\/\\\/www.swisscrochet.ch\\\/wp-content\\\/uploads\\\/2025\\\/01\\\/Addi-Tunisian-Crochet-Hook-Overview.jpg\",\"width\":1000,\"height\":1000},{\"@type\":\"BreadcrumbList\",\"@id\":\"https:\\\/\\\/www.swisscrochet.ch\\\/produit\\\/addi-tunisian-crochet-hook-double-pointed\\\/#breadcrumb\",\"itemListElement\":[{\"@type\":\"ListItem\",\"position\":1,\"name\":\"Home\",\"item\":\"https:\\\/\\\/www.swisscrochet.ch\\\/fr\\\/\"},{\"@type\":\"ListItem\",\"position\":2,\"name\":\"Boutique\",\"item\":\"https:\\\/\\\/www.swisscrochet.ch\\\/fr\\\/boutique\\\/\"},{\"@type\":\"ListItem\",\"position\":3,\"name\":\"Addi &#8211; Crochet tunisien &#8211; \u00e0 double pointe\"}]},{\"@type\":\"WebSite\",\"@id\":\"https:\\\/\\\/www.swisscrochet.ch\\\/#website\",\"url\":\"https:\\\/\\\/www.swisscrochet.ch\\\/\",\"name\":\"Swiss Crochet\",\"description\":\"Lib\u00e9rez votre potentiel cr\u00e9atif\",\"potentialAction\":[{\"@type\":\"SearchAction\",\"target\":{\"@type\":\"EntryPoint\",\"urlTemplate\":\"https:\\\/\\\/www.swisscrochet.ch\\\/?s={search_term_string}\"},\"query-input\":{\"@type\":\"PropertyValueSpecification\",\"valueRequired\":true,\"valueName\":\"search_term_string\"}}],\"inLanguage\":\"fr-FR\"}]}<\/script>\n<!-- \/ Yoast SEO plugin. -->","yoast_head_json":{"title":"Addi - Crochet tunisien - \u00e0 double pointe &#171; Swiss Crochet","robots":{"index":"index","follow":"follow","max-snippet":"max-snippet:-1","max-image-preview":"max-image-preview:large","max-video-preview":"max-video-preview:-1"},"canonical":"https:\/\/www.swisscrochet.ch\/produit\/addi-tunisian-crochet-hook-double-pointed\/","og_locale":"fr_FR","og_type":"article","og_title":"Addi - Crochet tunisien - \u00e0 double pointe &#171; Swiss Crochet","og_description":"Le crochet tunisien Addi est un crochet de haute qualit\u00e9 avec une t\u00eate pointue, assurant une couture pr\u00e9cise et sans effort. Fabriqu\u00e9 en aluminium l\u00e9ger de haute qualit\u00e9, il permet un crochet fluide et sans accrochages.  Chaque crochet mesure 15 cm, ce qui le rend adapt\u00e9 pour le crochet r\u00e9gulier, pour cr\u00e9er des pi\u00e8ces \u00e9troites lors du travail \u00e0 plat en crochet tunisien, et pour g\u00e9rer les petits diam\u00e8tres lors du crochet tunisien en rond.  Abordable et adapt\u00e9 aux d\u00e9butantes, le crochet tunisien Addi est un excellent choix pour celles qui souhaitent exp\u00e9rimenter le crochet tunisien pour la premi\u00e8re fois. Polyvalent et fiable, il fonctionne parfaitement avec tous les types de fils et de fibres.  Disponible exclusivement chez Swiss Crochet.","og_url":"https:\/\/www.swisscrochet.ch\/produit\/addi-tunisian-crochet-hook-double-pointed\/","og_site_name":"Swiss Crochet","article_modified_time":"2026-04-04T08:13:39+00:00","og_image":[{"width":1000,"height":1000,"url":"https:\/\/www.swisscrochet.ch\/wp-content\/uploads\/2025\/01\/Addi-Tunisian-Crochet-Hook-Overview.jpg","type":"image\/jpeg"}],"twitter_card":"summary_large_image","twitter_misc":{"Dur\u00e9e de lecture estim\u00e9e":"1 minute"},"schema":{"@context":"https:\/\/schema.org","@graph":[{"@type":["WebPage","ItemPage"],"@id":"https:\/\/www.swisscrochet.ch\/produit\/addi-tunisian-crochet-hook-double-pointed\/","url":"https:\/\/www.swisscrochet.ch\/produit\/addi-tunisian-crochet-hook-double-pointed\/","name":"Addi - Crochet tunisien - \u00e0 double pointe &#171; Swiss Crochet","isPartOf":{"@id":"https:\/\/www.swisscrochet.ch\/#website"},"primaryImageOfPage":{"@id":"https:\/\/www.swisscrochet.ch\/produit\/addi-tunisian-crochet-hook-double-pointed\/#primaryimage"},"image":{"@id":"https:\/\/www.swisscrochet.ch\/produit\/addi-tunisian-crochet-hook-double-pointed\/#primaryimage"},"thumbnailUrl":"https:\/\/www.swisscrochet.ch\/wp-content\/uploads\/2025\/01\/Addi-Tunisian-Crochet-Hook-Overview.jpg","datePublished":"2025-01-13T19:39:03+00:00","dateModified":"2026-04-04T08:13:39+00:00","breadcrumb":{"@id":"https:\/\/www.swisscrochet.ch\/produit\/addi-tunisian-crochet-hook-double-pointed\/#breadcrumb"},"inLanguage":"fr-FR","potentialAction":[{"@type":"ReadAction","target":["https:\/\/www.swisscrochet.ch\/produit\/addi-tunisian-crochet-hook-double-pointed\/"]}]},{"@type":"ImageObject","inLanguage":"fr-FR","@id":"https:\/\/www.swisscrochet.ch\/produit\/addi-tunisian-crochet-hook-double-pointed\/#primaryimage","url":"https:\/\/www.swisscrochet.ch\/wp-content\/uploads\/2025\/01\/Addi-Tunisian-Crochet-Hook-Overview.jpg","contentUrl":"https:\/\/www.swisscrochet.ch\/wp-content\/uploads\/2025\/01\/Addi-Tunisian-Crochet-Hook-Overview.jpg","width":1000,"height":1000},{"@type":"BreadcrumbList","@id":"https:\/\/www.swisscrochet.ch\/produit\/addi-tunisian-crochet-hook-double-pointed\/#breadcrumb","itemListElement":[{"@type":"ListItem","position":1,"name":"Home","item":"https:\/\/www.swisscrochet.ch\/fr\/"},{"@type":"ListItem","position":2,"name":"Boutique","item":"https:\/\/www.swisscrochet.ch\/fr\/boutique\/"},{"@type":"ListItem","position":3,"name":"Addi &#8211; Crochet tunisien &#8211; \u00e0 double pointe"}]},{"@type":"WebSite","@id":"https:\/\/www.swisscrochet.ch\/#website","url":"https:\/\/www.swisscrochet.ch\/","name":"Swiss Crochet","description":"Lib\u00e9rez votre potentiel cr\u00e9atif","potentialAction":[{"@type":"SearchAction","target":{"@type":"EntryPoint","urlTemplate":"https:\/\/www.swisscrochet.ch\/?s={search_term_string}"},"query-input":{"@type":"PropertyValueSpecification","valueRequired":true,"valueName":"search_term_string"}}],"inLanguage":"fr-FR"}]}},"_links":{"self":[{"href":"https:\/\/www.swisscrochet.ch\/fr\/wp-json\/wp\/v2\/product\/3638","targetHints":{"allow":["GET"]}}],"collection":[{"href":"https:\/\/www.swisscrochet.ch\/fr\/wp-json\/wp\/v2\/product"}],"about":[{"href":"https:\/\/www.swisscrochet.ch\/fr\/wp-json\/wp\/v2\/types\/product"}],"wp:featuredmedia":[{"embeddable":true,"href":"https:\/\/www.swisscrochet.ch\/fr\/wp-json\/wp\/v2\/media\/3999"}],"wp:attachment":[{"href":"https:\/\/www.swisscrochet.ch\/fr\/wp-json\/wp\/v2\/media?parent=3638"}],"wp:term":[{"taxonomy":"product_brand","embeddable":true,"href":"https:\/\/www.swisscrochet.ch\/fr\/wp-json\/wp\/v2\/product_brand?post=3638"},{"taxonomy":"product_cat","embeddable":true,"href":"https:\/\/www.swisscrochet.ch\/fr\/wp-json\/wp\/v2\/product_cat?post=3638"},{"taxonomy":"product_tag","embeddable":true,"href":"https:\/\/www.swisscrochet.ch\/fr\/wp-json\/wp\/v2\/product_tag?post=3638"}],"curies":[{"name":"wp","href":"https:\/\/api.w.org\/{rel}","templated":true}]}}