{"id":3672,"date":"2025-01-13T20:59:59","date_gmt":"2025-01-13T19:59:59","guid":{"rendered":"https:\/\/www.swisscrochet.ch\/product\/clover-steel-crochet-hook-with-handle\/"},"modified":"2026-03-14T13:30:10","modified_gmt":"2026-03-14T12:30:10","slug":"clover-crochet-en-acier-avec-manche","status":"publish","type":"product","link":"https:\/\/www.swisscrochet.ch\/fr\/produit\/clover-crochet-en-acier-avec-manche\/","title":{"rendered":"Clover &#8211; Crochet en acier avec manche"},"content":{"rendered":"","protected":false},"excerpt":{"rendered":"<p>Le crochet en acier Clover est un crochet [dt_tooltip title=\"effil\u00e9\"]Un crochet effil\u00e9 a une t\u00eate arrondie, un col plus \u00e9troit que le corps et un long corps, surtout compar\u00e9 aux autres types de crochets.[\/dt_tooltip] de haute qualit\u00e9 avec une t\u00eate pointue, assurant une couture pr\u00e9cise et sans effort. Fabriqu\u00e9 en acier r\u00e9sistant et durable, il permet un crochet fluide et sans accrochages.<\/p>\n<p>Con\u00e7u pour le confort et la praticit\u00e9, ce crochet poss\u00e8de un manche en plastique dur avec un repose-pouce pour une prise s\u00e9curis\u00e9e. Il inclut \u00e9galement un capuchon m\u00e9tallique pour prot\u00e9ger la pointe et \u00e9viter qu&rsquo;elle ne perce les tissus ou n&rsquo;accroche les mailles.<\/p>\n<p>Disponible en tailles de 0.50 mm \u00e0 1.75 mm, le crochet en acier Clover est parfait pour travailler avec des fils tr\u00e8s fins, tels que le fil \u00e0 crocheter, la toile d&rsquo;araign\u00e9e et les fils \u00e0 dentelle. Il est \u00e9galement un excellent outil pour l&rsquo;art tendance du microcrochet!<\/p>\n<p>Abordable et adapt\u00e9 aux d\u00e9butantes, ce crochet est un excellent choix pour toute personne souhaitant explorer le travail de crochet fin pour la premi\u00e8re fois.<\/p>\n<p><strong>Disponible exclusivement chez Swiss Crochet.<\/strong><\/p>\n","protected":false},"featured_media":4019,"template":"","meta":[],"product_brand":[],"product_cat":[550,221],"product_tag":[],"class_list":{"0":"post-3672","1":"product","2":"type-product","3":"status-publish","4":"has-post-thumbnail","6":"product_cat-crochets-avec-poignee","7":"product_cat-crochets-et-outils","8":"product_shipping_class-petits-envois","9":"pa_t1-manufacturer-clover-fr","10":"description-off","12":"first","13":"instock","14":"taxable","15":"shipping-taxable","16":"purchasable","17":"product-type-variable","18":"wvs-archive-product-wrapper"},"bundled_by":[],"bundle_stock_status":"instock","bundle_stock_quantity":null,"bundle_virtual":false,"bundle_layout":"","bundle_add_to_cart_form_location":"","bundle_editable_in_cart":false,"bundle_sold_individually_context":"","bundle_item_grouping":"","bundle_min_size":"","bundle_max_size":"","bundle_price":[],"bundled_items":[],"bundle_sell_ids":[],"yoast_head":"<!-- This site is optimized with the Yoast SEO plugin v27.5 - https:\/\/yoast.com\/product\/yoast-seo-wordpress\/ -->\n<title>Clover - Crochet en acier avec manche &#171; Swiss Crochet<\/title>\n<meta name=\"description\" content=\"Clover Crochet en acier de haute qualit\u00e9 avec une pointe pr\u00e9cise, une poign\u00e9e confortable et un capuchon protecteur. Id\u00e9al pour les projets de microcrochet!\" \/>\n<meta name=\"robots\" content=\"index, follow, max-snippet:-1, max-image-preview:large, max-video-preview:-1\" \/>\n<link rel=\"canonical\" href=\"https:\/\/www.swisscrochet.ch\/produit\/clover-steel-crochet-hook-with-handle\/\" \/>\n<meta property=\"og:locale\" content=\"fr_FR\" \/>\n<meta property=\"og:type\" content=\"article\" \/>\n<meta property=\"og:title\" content=\"Clover - Crochet en acier avec manche &#171; Swiss Crochet\" \/>\n<meta property=\"og:description\" content=\"Clover Crochet en acier de haute qualit\u00e9 avec une pointe pr\u00e9cise, une poign\u00e9e confortable et un capuchon protecteur. Id\u00e9al pour les projets de microcrochet!\" \/>\n<meta property=\"og:url\" content=\"https:\/\/www.swisscrochet.ch\/produit\/clover-steel-crochet-hook-with-handle\/\" \/>\n<meta property=\"og:site_name\" content=\"Swiss Crochet\" \/>\n<meta property=\"article:modified_time\" content=\"2026-03-14T12:30:10+00:00\" \/>\n<meta property=\"og:image\" content=\"https:\/\/www.swisscrochet.ch\/wp-content\/uploads\/2025\/01\/Clover-Steel-Crochet-Hook-Overview.jpg\" \/>\n\t<meta property=\"og:image:width\" content=\"1000\" \/>\n\t<meta property=\"og:image:height\" content=\"1000\" \/>\n\t<meta property=\"og:image:type\" content=\"image\/jpeg\" \/>\n<meta name=\"twitter:card\" content=\"summary_large_image\" \/>\n<meta name=\"twitter:label1\" content=\"Dur\u00e9e de lecture estim\u00e9e\" \/>\n\t<meta name=\"twitter:data1\" content=\"1 minute\" \/>\n<script type=\"application\/ld+json\" class=\"yoast-schema-graph\">{\"@context\":\"https:\\\/\\\/schema.org\",\"@graph\":[{\"@type\":[\"WebPage\",\"ItemPage\"],\"@id\":\"https:\\\/\\\/www.swisscrochet.ch\\\/produit\\\/clover-steel-crochet-hook-with-handle\\\/\",\"url\":\"https:\\\/\\\/www.swisscrochet.ch\\\/produit\\\/clover-steel-crochet-hook-with-handle\\\/\",\"name\":\"Clover - Crochet en acier avec manche &#171; Swiss Crochet\",\"isPartOf\":{\"@id\":\"https:\\\/\\\/www.swisscrochet.ch\\\/#website\"},\"primaryImageOfPage\":{\"@id\":\"https:\\\/\\\/www.swisscrochet.ch\\\/produit\\\/clover-steel-crochet-hook-with-handle\\\/#primaryimage\"},\"image\":{\"@id\":\"https:\\\/\\\/www.swisscrochet.ch\\\/produit\\\/clover-steel-crochet-hook-with-handle\\\/#primaryimage\"},\"thumbnailUrl\":\"https:\\\/\\\/www.swisscrochet.ch\\\/wp-content\\\/uploads\\\/2025\\\/01\\\/Clover-Steel-Crochet-Hook-Overview.jpg\",\"datePublished\":\"2025-01-13T19:59:59+00:00\",\"dateModified\":\"2026-03-14T12:30:10+00:00\",\"description\":\"Clover Crochet en acier de haute qualit\u00e9 avec une pointe pr\u00e9cise, une poign\u00e9e confortable et un capuchon protecteur. Id\u00e9al pour les projets de microcrochet!\",\"breadcrumb\":{\"@id\":\"https:\\\/\\\/www.swisscrochet.ch\\\/produit\\\/clover-steel-crochet-hook-with-handle\\\/#breadcrumb\"},\"inLanguage\":\"fr-FR\",\"potentialAction\":[{\"@type\":\"ReadAction\",\"target\":[\"https:\\\/\\\/www.swisscrochet.ch\\\/produit\\\/clover-steel-crochet-hook-with-handle\\\/\"]}]},{\"@type\":\"ImageObject\",\"inLanguage\":\"fr-FR\",\"@id\":\"https:\\\/\\\/www.swisscrochet.ch\\\/produit\\\/clover-steel-crochet-hook-with-handle\\\/#primaryimage\",\"url\":\"https:\\\/\\\/www.swisscrochet.ch\\\/wp-content\\\/uploads\\\/2025\\\/01\\\/Clover-Steel-Crochet-Hook-Overview.jpg\",\"contentUrl\":\"https:\\\/\\\/www.swisscrochet.ch\\\/wp-content\\\/uploads\\\/2025\\\/01\\\/Clover-Steel-Crochet-Hook-Overview.jpg\",\"width\":1000,\"height\":1000},{\"@type\":\"BreadcrumbList\",\"@id\":\"https:\\\/\\\/www.swisscrochet.ch\\\/produit\\\/clover-steel-crochet-hook-with-handle\\\/#breadcrumb\",\"itemListElement\":[{\"@type\":\"ListItem\",\"position\":1,\"name\":\"Home\",\"item\":\"https:\\\/\\\/www.swisscrochet.ch\\\/fr\\\/\"},{\"@type\":\"ListItem\",\"position\":2,\"name\":\"Boutique\",\"item\":\"https:\\\/\\\/www.swisscrochet.ch\\\/fr\\\/boutique\\\/\"},{\"@type\":\"ListItem\",\"position\":3,\"name\":\"Clover &#8211; Crochet en acier avec manche\"}]},{\"@type\":\"WebSite\",\"@id\":\"https:\\\/\\\/www.swisscrochet.ch\\\/#website\",\"url\":\"https:\\\/\\\/www.swisscrochet.ch\\\/\",\"name\":\"Swiss Crochet\",\"description\":\"Lib\u00e9rez votre potentiel cr\u00e9atif\",\"potentialAction\":[{\"@type\":\"SearchAction\",\"target\":{\"@type\":\"EntryPoint\",\"urlTemplate\":\"https:\\\/\\\/www.swisscrochet.ch\\\/?s={search_term_string}\"},\"query-input\":{\"@type\":\"PropertyValueSpecification\",\"valueRequired\":true,\"valueName\":\"search_term_string\"}}],\"inLanguage\":\"fr-FR\"}]}<\/script>\n<!-- \/ Yoast SEO plugin. -->","yoast_head_json":{"title":"Clover - Crochet en acier avec manche &#171; Swiss Crochet","description":"Clover Crochet en acier de haute qualit\u00e9 avec une pointe pr\u00e9cise, une poign\u00e9e confortable et un capuchon protecteur. Id\u00e9al pour les projets de microcrochet!","robots":{"index":"index","follow":"follow","max-snippet":"max-snippet:-1","max-image-preview":"max-image-preview:large","max-video-preview":"max-video-preview:-1"},"canonical":"https:\/\/www.swisscrochet.ch\/produit\/clover-steel-crochet-hook-with-handle\/","og_locale":"fr_FR","og_type":"article","og_title":"Clover - Crochet en acier avec manche &#171; Swiss Crochet","og_description":"Clover Crochet en acier de haute qualit\u00e9 avec une pointe pr\u00e9cise, une poign\u00e9e confortable et un capuchon protecteur. Id\u00e9al pour les projets de microcrochet!","og_url":"https:\/\/www.swisscrochet.ch\/produit\/clover-steel-crochet-hook-with-handle\/","og_site_name":"Swiss Crochet","article_modified_time":"2026-03-14T12:30:10+00:00","og_image":[{"width":1000,"height":1000,"url":"https:\/\/www.swisscrochet.ch\/wp-content\/uploads\/2025\/01\/Clover-Steel-Crochet-Hook-Overview.jpg","type":"image\/jpeg"}],"twitter_card":"summary_large_image","twitter_misc":{"Dur\u00e9e de lecture estim\u00e9e":"1 minute"},"schema":{"@context":"https:\/\/schema.org","@graph":[{"@type":["WebPage","ItemPage"],"@id":"https:\/\/www.swisscrochet.ch\/produit\/clover-steel-crochet-hook-with-handle\/","url":"https:\/\/www.swisscrochet.ch\/produit\/clover-steel-crochet-hook-with-handle\/","name":"Clover - Crochet en acier avec manche &#171; Swiss Crochet","isPartOf":{"@id":"https:\/\/www.swisscrochet.ch\/#website"},"primaryImageOfPage":{"@id":"https:\/\/www.swisscrochet.ch\/produit\/clover-steel-crochet-hook-with-handle\/#primaryimage"},"image":{"@id":"https:\/\/www.swisscrochet.ch\/produit\/clover-steel-crochet-hook-with-handle\/#primaryimage"},"thumbnailUrl":"https:\/\/www.swisscrochet.ch\/wp-content\/uploads\/2025\/01\/Clover-Steel-Crochet-Hook-Overview.jpg","datePublished":"2025-01-13T19:59:59+00:00","dateModified":"2026-03-14T12:30:10+00:00","description":"Clover Crochet en acier de haute qualit\u00e9 avec une pointe pr\u00e9cise, une poign\u00e9e confortable et un capuchon protecteur. Id\u00e9al pour les projets de microcrochet!","breadcrumb":{"@id":"https:\/\/www.swisscrochet.ch\/produit\/clover-steel-crochet-hook-with-handle\/#breadcrumb"},"inLanguage":"fr-FR","potentialAction":[{"@type":"ReadAction","target":["https:\/\/www.swisscrochet.ch\/produit\/clover-steel-crochet-hook-with-handle\/"]}]},{"@type":"ImageObject","inLanguage":"fr-FR","@id":"https:\/\/www.swisscrochet.ch\/produit\/clover-steel-crochet-hook-with-handle\/#primaryimage","url":"https:\/\/www.swisscrochet.ch\/wp-content\/uploads\/2025\/01\/Clover-Steel-Crochet-Hook-Overview.jpg","contentUrl":"https:\/\/www.swisscrochet.ch\/wp-content\/uploads\/2025\/01\/Clover-Steel-Crochet-Hook-Overview.jpg","width":1000,"height":1000},{"@type":"BreadcrumbList","@id":"https:\/\/www.swisscrochet.ch\/produit\/clover-steel-crochet-hook-with-handle\/#breadcrumb","itemListElement":[{"@type":"ListItem","position":1,"name":"Home","item":"https:\/\/www.swisscrochet.ch\/fr\/"},{"@type":"ListItem","position":2,"name":"Boutique","item":"https:\/\/www.swisscrochet.ch\/fr\/boutique\/"},{"@type":"ListItem","position":3,"name":"Clover &#8211; Crochet en acier avec manche"}]},{"@type":"WebSite","@id":"https:\/\/www.swisscrochet.ch\/#website","url":"https:\/\/www.swisscrochet.ch\/","name":"Swiss Crochet","description":"Lib\u00e9rez votre potentiel cr\u00e9atif","potentialAction":[{"@type":"SearchAction","target":{"@type":"EntryPoint","urlTemplate":"https:\/\/www.swisscrochet.ch\/?s={search_term_string}"},"query-input":{"@type":"PropertyValueSpecification","valueRequired":true,"valueName":"search_term_string"}}],"inLanguage":"fr-FR"}]}},"_links":{"self":[{"href":"https:\/\/www.swisscrochet.ch\/fr\/wp-json\/wp\/v2\/product\/3672","targetHints":{"allow":["GET"]}}],"collection":[{"href":"https:\/\/www.swisscrochet.ch\/fr\/wp-json\/wp\/v2\/product"}],"about":[{"href":"https:\/\/www.swisscrochet.ch\/fr\/wp-json\/wp\/v2\/types\/product"}],"wp:featuredmedia":[{"embeddable":true,"href":"https:\/\/www.swisscrochet.ch\/fr\/wp-json\/wp\/v2\/media\/4019"}],"wp:attachment":[{"href":"https:\/\/www.swisscrochet.ch\/fr\/wp-json\/wp\/v2\/media?parent=3672"}],"wp:term":[{"taxonomy":"product_brand","embeddable":true,"href":"https:\/\/www.swisscrochet.ch\/fr\/wp-json\/wp\/v2\/product_brand?post=3672"},{"taxonomy":"product_cat","embeddable":true,"href":"https:\/\/www.swisscrochet.ch\/fr\/wp-json\/wp\/v2\/product_cat?post=3672"},{"taxonomy":"product_tag","embeddable":true,"href":"https:\/\/www.swisscrochet.ch\/fr\/wp-json\/wp\/v2\/product_tag?post=3672"}],"curies":[{"name":"wp","href":"https:\/\/api.w.org\/{rel}","templated":true}]}}