{"id":3708,"date":"2025-01-20T15:07:11","date_gmt":"2025-01-20T14:07:11","guid":{"rendered":"https:\/\/www.swisscrochet.ch\/product\/namaste-backpack\/"},"modified":"2025-01-29T21:00:32","modified_gmt":"2025-01-29T20:00:32","slug":"namaste-sac-a-dos","status":"publish","type":"product","link":"https:\/\/www.swisscrochet.ch\/fr\/produit\/namaste-sac-a-dos\/","title":{"rendered":"Namaste &#8211; Sac \u00e0 dos"},"content":{"rendered":"","protected":false},"excerpt":{"rendered":"<p>Le sac \u00e0 dos Namaste Maker, con\u00e7u avec soin, a \u00e9t\u00e9 imagin\u00e9 pour les amateurs de travaux manuels en d\u00e9placement. Fabriqu\u00e9 en cuir vegan (polyur\u00e9thane sans PVC), ce sac produit de mani\u00e8re responsable est un indispensable, avec des caract\u00e9ristiques innovantes offrant une praticit\u00e9 exceptionnelle pour ceux qui aiment cr\u00e9er en voyage ou en d\u00e9placement.<\/p>\n<p>Caract\u00e9ristiques :<\/p>\n<ul>\n<li>Espace pour votre ordinateur portable et votre tablette<\/li>\n<li>Rangement pour plusieurs projets de crochet<\/li>\n<li>Multiples poches pour ranger fils, carnets et outils<\/li>\n<li>Guide-fil, aiguille \u00e0 laine et un mini carnet \u00e0 points<\/li>\n<li>Laisse pour cl\u00e9s servant \u00e9galement de ruban \u00e0 mesurer<\/li>\n<li>Un pompon d\u00e9coratif \u00e9quip\u00e9 d\u2019un marqueur de mailles lotus de secours<\/li>\n<li>Un sac anti-poussi\u00e8re servant \u00e9galement de sac \u00e0 projet<\/li>\n<\/ul>\n<p>Avec le sac \u00e0 dos Namaste, vous pouvez crocheter facilement en voyage ou dans les transports tout en gardant vos affaires en s\u00e9curit\u00e9.<\/p>\n<p>Chaque sac \u00e0 dos mesure 43.2 x 40.6 x 15.2 cm.<\/p>\n","protected":false},"featured_media":3873,"template":"","meta":[],"product_brand":[],"product_cat":[221,577,233],"product_tag":[],"class_list":{"0":"post-3708","1":"product","2":"type-product","3":"status-publish","4":"has-post-thumbnail","6":"product_cat-crochets-et-outils","7":"product_cat-etuis-et-trousses","8":"product_cat-soldes","9":"description-off","11":"first","12":"instock","13":"sale","14":"taxable","15":"shipping-taxable","16":"purchasable","17":"product-type-variable","18":"wvs-archive-product-wrapper"},"bundled_by":[],"bundle_stock_status":"instock","bundle_stock_quantity":null,"bundle_virtual":false,"bundle_layout":"","bundle_add_to_cart_form_location":"","bundle_editable_in_cart":false,"bundle_sold_individually_context":"","bundle_item_grouping":"","bundle_min_size":"","bundle_max_size":"","bundle_price":[],"bundled_items":[],"bundle_sell_ids":[],"yoast_head":"<!-- This site is optimized with the Yoast SEO plugin v27.5 - https:\/\/yoast.com\/product\/yoast-seo-wordpress\/ -->\n<title>Namaste - Sac \u00e0 dos &#171; Swiss Crochet<\/title>\n<meta name=\"robots\" content=\"index, follow, max-snippet:-1, max-image-preview:large, max-video-preview:-1\" \/>\n<link rel=\"canonical\" href=\"https:\/\/www.swisscrochet.ch\/produit\/namaste-backpack\/\" \/>\n<meta property=\"og:locale\" content=\"fr_FR\" \/>\n<meta property=\"og:type\" content=\"article\" \/>\n<meta property=\"og:title\" content=\"Namaste - Sac \u00e0 dos &#171; Swiss Crochet\" \/>\n<meta property=\"og:description\" content=\"Le sac \u00e0 dos Namaste Maker, con\u00e7u avec soin, a \u00e9t\u00e9 imagin\u00e9 pour les amateurs de travaux manuels en d\u00e9placement. Fabriqu\u00e9 en cuir vegan (polyur\u00e9thane sans PVC), ce sac produit de mani\u00e8re responsable est un indispensable, avec des caract\u00e9ristiques innovantes offrant une praticit\u00e9 exceptionnelle pour ceux qui aiment cr\u00e9er en voyage ou en d\u00e9placement.  Caract\u00e9ristiques :   Espace pour votre ordinateur portable et votre tablette  Rangement pour plusieurs projets de crochet  Multiples poches pour ranger fils, carnets et outils  Guide-fil, aiguille \u00e0 laine et un mini carnet \u00e0 points  Laisse pour cl\u00e9s servant \u00e9galement de ruban \u00e0 mesurer  Un pompon d\u00e9coratif \u00e9quip\u00e9 d\u2019un marqueur de mailles lotus de secours  Un sac anti-poussi\u00e8re servant \u00e9galement de sac \u00e0 projet  Avec le sac \u00e0 dos Namaste, vous pouvez crocheter facilement en voyage ou dans les transports tout en gardant vos affaires en s\u00e9curit\u00e9.  Chaque sac \u00e0 dos mesure 43.2 x 40.6 x 15.2 cm.\" \/>\n<meta property=\"og:url\" content=\"https:\/\/www.swisscrochet.ch\/produit\/namaste-backpack\/\" \/>\n<meta property=\"og:site_name\" content=\"Swiss Crochet\" \/>\n<meta property=\"article:modified_time\" content=\"2025-01-29T20:00:32+00:00\" \/>\n<meta property=\"og:image\" content=\"https:\/\/www.swisscrochet.ch\/wp-content\/uploads\/2025\/01\/Namaste-Backpack-Overview.jpg\" \/>\n\t<meta property=\"og:image:width\" content=\"1000\" \/>\n\t<meta property=\"og:image:height\" content=\"1000\" \/>\n\t<meta property=\"og:image:type\" content=\"image\/jpeg\" \/>\n<meta name=\"twitter:card\" content=\"summary_large_image\" \/>\n<script type=\"application\/ld+json\" class=\"yoast-schema-graph\">{\"@context\":\"https:\\\/\\\/schema.org\",\"@graph\":[{\"@type\":[\"WebPage\",\"ItemPage\"],\"@id\":\"https:\\\/\\\/www.swisscrochet.ch\\\/produit\\\/namaste-backpack\\\/\",\"url\":\"https:\\\/\\\/www.swisscrochet.ch\\\/produit\\\/namaste-backpack\\\/\",\"name\":\"Namaste - Sac \u00e0 dos &#171; Swiss Crochet\",\"isPartOf\":{\"@id\":\"https:\\\/\\\/www.swisscrochet.ch\\\/#website\"},\"primaryImageOfPage\":{\"@id\":\"https:\\\/\\\/www.swisscrochet.ch\\\/produit\\\/namaste-backpack\\\/#primaryimage\"},\"image\":{\"@id\":\"https:\\\/\\\/www.swisscrochet.ch\\\/produit\\\/namaste-backpack\\\/#primaryimage\"},\"thumbnailUrl\":\"https:\\\/\\\/www.swisscrochet.ch\\\/wp-content\\\/uploads\\\/2025\\\/01\\\/Namaste-Backpack-Overview.jpg\",\"datePublished\":\"2025-01-20T14:07:11+00:00\",\"dateModified\":\"2025-01-29T20:00:32+00:00\",\"breadcrumb\":{\"@id\":\"https:\\\/\\\/www.swisscrochet.ch\\\/produit\\\/namaste-backpack\\\/#breadcrumb\"},\"inLanguage\":\"fr-FR\",\"potentialAction\":[{\"@type\":\"ReadAction\",\"target\":[\"https:\\\/\\\/www.swisscrochet.ch\\\/produit\\\/namaste-backpack\\\/\"]}]},{\"@type\":\"ImageObject\",\"inLanguage\":\"fr-FR\",\"@id\":\"https:\\\/\\\/www.swisscrochet.ch\\\/produit\\\/namaste-backpack\\\/#primaryimage\",\"url\":\"https:\\\/\\\/www.swisscrochet.ch\\\/wp-content\\\/uploads\\\/2025\\\/01\\\/Namaste-Backpack-Overview.jpg\",\"contentUrl\":\"https:\\\/\\\/www.swisscrochet.ch\\\/wp-content\\\/uploads\\\/2025\\\/01\\\/Namaste-Backpack-Overview.jpg\",\"width\":1000,\"height\":1000},{\"@type\":\"BreadcrumbList\",\"@id\":\"https:\\\/\\\/www.swisscrochet.ch\\\/produit\\\/namaste-backpack\\\/#breadcrumb\",\"itemListElement\":[{\"@type\":\"ListItem\",\"position\":1,\"name\":\"Home\",\"item\":\"https:\\\/\\\/www.swisscrochet.ch\\\/fr\\\/\"},{\"@type\":\"ListItem\",\"position\":2,\"name\":\"Boutique\",\"item\":\"https:\\\/\\\/www.swisscrochet.ch\\\/fr\\\/boutique\\\/\"},{\"@type\":\"ListItem\",\"position\":3,\"name\":\"Namaste &#8211; Sac \u00e0 dos\"}]},{\"@type\":\"WebSite\",\"@id\":\"https:\\\/\\\/www.swisscrochet.ch\\\/#website\",\"url\":\"https:\\\/\\\/www.swisscrochet.ch\\\/\",\"name\":\"Swiss Crochet\",\"description\":\"Lib\u00e9rez votre potentiel cr\u00e9atif\",\"potentialAction\":[{\"@type\":\"SearchAction\",\"target\":{\"@type\":\"EntryPoint\",\"urlTemplate\":\"https:\\\/\\\/www.swisscrochet.ch\\\/?s={search_term_string}\"},\"query-input\":{\"@type\":\"PropertyValueSpecification\",\"valueRequired\":true,\"valueName\":\"search_term_string\"}}],\"inLanguage\":\"fr-FR\"}]}<\/script>\n<!-- \/ Yoast SEO plugin. -->","yoast_head_json":{"title":"Namaste - Sac \u00e0 dos &#171; Swiss Crochet","robots":{"index":"index","follow":"follow","max-snippet":"max-snippet:-1","max-image-preview":"max-image-preview:large","max-video-preview":"max-video-preview:-1"},"canonical":"https:\/\/www.swisscrochet.ch\/produit\/namaste-backpack\/","og_locale":"fr_FR","og_type":"article","og_title":"Namaste - Sac \u00e0 dos &#171; Swiss Crochet","og_description":"Le sac \u00e0 dos Namaste Maker, con\u00e7u avec soin, a \u00e9t\u00e9 imagin\u00e9 pour les amateurs de travaux manuels en d\u00e9placement. Fabriqu\u00e9 en cuir vegan (polyur\u00e9thane sans PVC), ce sac produit de mani\u00e8re responsable est un indispensable, avec des caract\u00e9ristiques innovantes offrant une praticit\u00e9 exceptionnelle pour ceux qui aiment cr\u00e9er en voyage ou en d\u00e9placement.  Caract\u00e9ristiques :   Espace pour votre ordinateur portable et votre tablette  Rangement pour plusieurs projets de crochet  Multiples poches pour ranger fils, carnets et outils  Guide-fil, aiguille \u00e0 laine et un mini carnet \u00e0 points  Laisse pour cl\u00e9s servant \u00e9galement de ruban \u00e0 mesurer  Un pompon d\u00e9coratif \u00e9quip\u00e9 d\u2019un marqueur de mailles lotus de secours  Un sac anti-poussi\u00e8re servant \u00e9galement de sac \u00e0 projet  Avec le sac \u00e0 dos Namaste, vous pouvez crocheter facilement en voyage ou dans les transports tout en gardant vos affaires en s\u00e9curit\u00e9.  Chaque sac \u00e0 dos mesure 43.2 x 40.6 x 15.2 cm.","og_url":"https:\/\/www.swisscrochet.ch\/produit\/namaste-backpack\/","og_site_name":"Swiss Crochet","article_modified_time":"2025-01-29T20:00:32+00:00","og_image":[{"width":1000,"height":1000,"url":"https:\/\/www.swisscrochet.ch\/wp-content\/uploads\/2025\/01\/Namaste-Backpack-Overview.jpg","type":"image\/jpeg"}],"twitter_card":"summary_large_image","schema":{"@context":"https:\/\/schema.org","@graph":[{"@type":["WebPage","ItemPage"],"@id":"https:\/\/www.swisscrochet.ch\/produit\/namaste-backpack\/","url":"https:\/\/www.swisscrochet.ch\/produit\/namaste-backpack\/","name":"Namaste - Sac \u00e0 dos &#171; Swiss Crochet","isPartOf":{"@id":"https:\/\/www.swisscrochet.ch\/#website"},"primaryImageOfPage":{"@id":"https:\/\/www.swisscrochet.ch\/produit\/namaste-backpack\/#primaryimage"},"image":{"@id":"https:\/\/www.swisscrochet.ch\/produit\/namaste-backpack\/#primaryimage"},"thumbnailUrl":"https:\/\/www.swisscrochet.ch\/wp-content\/uploads\/2025\/01\/Namaste-Backpack-Overview.jpg","datePublished":"2025-01-20T14:07:11+00:00","dateModified":"2025-01-29T20:00:32+00:00","breadcrumb":{"@id":"https:\/\/www.swisscrochet.ch\/produit\/namaste-backpack\/#breadcrumb"},"inLanguage":"fr-FR","potentialAction":[{"@type":"ReadAction","target":["https:\/\/www.swisscrochet.ch\/produit\/namaste-backpack\/"]}]},{"@type":"ImageObject","inLanguage":"fr-FR","@id":"https:\/\/www.swisscrochet.ch\/produit\/namaste-backpack\/#primaryimage","url":"https:\/\/www.swisscrochet.ch\/wp-content\/uploads\/2025\/01\/Namaste-Backpack-Overview.jpg","contentUrl":"https:\/\/www.swisscrochet.ch\/wp-content\/uploads\/2025\/01\/Namaste-Backpack-Overview.jpg","width":1000,"height":1000},{"@type":"BreadcrumbList","@id":"https:\/\/www.swisscrochet.ch\/produit\/namaste-backpack\/#breadcrumb","itemListElement":[{"@type":"ListItem","position":1,"name":"Home","item":"https:\/\/www.swisscrochet.ch\/fr\/"},{"@type":"ListItem","position":2,"name":"Boutique","item":"https:\/\/www.swisscrochet.ch\/fr\/boutique\/"},{"@type":"ListItem","position":3,"name":"Namaste &#8211; Sac \u00e0 dos"}]},{"@type":"WebSite","@id":"https:\/\/www.swisscrochet.ch\/#website","url":"https:\/\/www.swisscrochet.ch\/","name":"Swiss Crochet","description":"Lib\u00e9rez votre potentiel cr\u00e9atif","potentialAction":[{"@type":"SearchAction","target":{"@type":"EntryPoint","urlTemplate":"https:\/\/www.swisscrochet.ch\/?s={search_term_string}"},"query-input":{"@type":"PropertyValueSpecification","valueRequired":true,"valueName":"search_term_string"}}],"inLanguage":"fr-FR"}]}},"_links":{"self":[{"href":"https:\/\/www.swisscrochet.ch\/fr\/wp-json\/wp\/v2\/product\/3708","targetHints":{"allow":["GET"]}}],"collection":[{"href":"https:\/\/www.swisscrochet.ch\/fr\/wp-json\/wp\/v2\/product"}],"about":[{"href":"https:\/\/www.swisscrochet.ch\/fr\/wp-json\/wp\/v2\/types\/product"}],"wp:featuredmedia":[{"embeddable":true,"href":"https:\/\/www.swisscrochet.ch\/fr\/wp-json\/wp\/v2\/media\/3873"}],"wp:attachment":[{"href":"https:\/\/www.swisscrochet.ch\/fr\/wp-json\/wp\/v2\/media?parent=3708"}],"wp:term":[{"taxonomy":"product_brand","embeddable":true,"href":"https:\/\/www.swisscrochet.ch\/fr\/wp-json\/wp\/v2\/product_brand?post=3708"},{"taxonomy":"product_cat","embeddable":true,"href":"https:\/\/www.swisscrochet.ch\/fr\/wp-json\/wp\/v2\/product_cat?post=3708"},{"taxonomy":"product_tag","embeddable":true,"href":"https:\/\/www.swisscrochet.ch\/fr\/wp-json\/wp\/v2\/product_tag?post=3708"}],"curies":[{"name":"wp","href":"https:\/\/api.w.org\/{rel}","templated":true}]}}