{"id":4582,"date":"2025-02-21T16:24:26","date_gmt":"2025-02-21T15:24:26","guid":{"rendered":"https:\/\/www.swisscrochet.ch\/?post_type=product&#038;p=4582"},"modified":"2025-09-13T19:19:29","modified_gmt":"2025-09-13T17:19:29","slug":"addi-anneau-guide-fil","status":"publish","type":"product","link":"https:\/\/www.swisscrochet.ch\/fr\/produit\/addi-anneau-guide-fil\/","title":{"rendered":"Addi &#8211; Anneau guide-fil"},"content":{"rendered":"","protected":false},"excerpt":{"rendered":"<p>L&rsquo;anneau guide-fil Addi est un outil pratique en forme de d\u00e9, con\u00e7u avec deux guides pour g\u00e9rer facilement deux fils s\u00e9par\u00e9s. Port\u00e9 sur la partie sup\u00e9rieure de l&rsquo;index ou du majeur, il permet de maintenir une tension constante lors du travail avec plusieurs couleurs.<\/p>\n<p>Initialement con\u00e7u pour le tricot de style continental, cet accessoire polyvalent est \u00e9galement utile pour le crochet. Il facilite les changements de couleur et \u00e9vite d&rsquo;avoir \u00e0 ajuster la tension du fil en permanence.<\/p>\n<p>L&rsquo;anneau guide-fil Addi est disponible en taille unique.<\/p>\n","protected":false},"featured_media":4569,"template":"","meta":[],"product_brand":[],"product_cat":[560,221],"product_tag":[],"class_list":{"0":"post-4582","1":"product","2":"type-product","3":"status-publish","4":"has-post-thumbnail","6":"product_cat-autres-accessoires","7":"product_cat-crochets-et-outils","8":"product_shipping_class-petits-envois","9":"pa_t1-manufacturer-addi-fr","10":"description-off","12":"first","13":"instock","14":"taxable","15":"shipping-taxable","16":"purchasable","17":"product-type-simple"},"bundled_by":[],"bundle_stock_status":"instock","bundle_stock_quantity":4,"bundle_virtual":false,"bundle_layout":"","bundle_add_to_cart_form_location":"","bundle_editable_in_cart":false,"bundle_sold_individually_context":"","bundle_item_grouping":"","bundle_min_size":"","bundle_max_size":"","bundle_price":[],"bundled_items":[],"bundle_sell_ids":[],"yoast_head":"<!-- This site is optimized with the Yoast SEO plugin v27.5 - https:\/\/yoast.com\/product\/yoast-seo-wordpress\/ -->\n<title>Addi - Anneau guide-fil &#171; Swiss Crochet<\/title>\n<meta name=\"robots\" content=\"index, follow, max-snippet:-1, max-image-preview:large, max-video-preview:-1\" \/>\n<link rel=\"canonical\" href=\"https:\/\/www.swisscrochet.ch\/produit\/addi-yarn-finger-ring\/\" \/>\n<meta property=\"og:locale\" content=\"fr_FR\" \/>\n<meta property=\"og:type\" content=\"article\" \/>\n<meta property=\"og:title\" content=\"Addi - Anneau guide-fil &#171; Swiss Crochet\" \/>\n<meta property=\"og:description\" content=\"L&#039;anneau guide-fil Addi est un outil pratique en forme de d\u00e9, con\u00e7u avec deux guides pour g\u00e9rer facilement deux fils s\u00e9par\u00e9s. Port\u00e9 sur la partie sup\u00e9rieure de l&#039;index ou du majeur, il permet de maintenir une tension constante lors du travail avec plusieurs couleurs.  Initialement con\u00e7u pour le tricot de style continental, cet accessoire polyvalent est \u00e9galement utile pour le crochet. Il facilite les changements de couleur et \u00e9vite d&#039;avoir \u00e0 ajuster la tension du fil en permanence.  L&#039;anneau guide-fil Addi est disponible en taille unique.\" \/>\n<meta property=\"og:url\" content=\"https:\/\/www.swisscrochet.ch\/produit\/addi-yarn-finger-ring\/\" \/>\n<meta property=\"og:site_name\" content=\"Swiss Crochet\" \/>\n<meta property=\"article:modified_time\" content=\"2025-09-13T17:19:29+00:00\" \/>\n<meta property=\"og:image\" content=\"https:\/\/www.swisscrochet.ch\/wp-content\/uploads\/2025\/02\/Addi-Yarn-Finger-Ring-Overview.jpg\" \/>\n\t<meta property=\"og:image:width\" content=\"1000\" \/>\n\t<meta property=\"og:image:height\" content=\"1000\" \/>\n\t<meta property=\"og:image:type\" content=\"image\/jpeg\" \/>\n<meta name=\"twitter:card\" content=\"summary_large_image\" \/>\n<meta name=\"twitter:label1\" content=\"Dur\u00e9e de lecture estim\u00e9e\" \/>\n\t<meta name=\"twitter:data1\" content=\"1 minute\" \/>\n<script type=\"application\/ld+json\" class=\"yoast-schema-graph\">{\"@context\":\"https:\\\/\\\/schema.org\",\"@graph\":[{\"@type\":[\"WebPage\",\"ItemPage\"],\"@id\":\"https:\\\/\\\/www.swisscrochet.ch\\\/produit\\\/addi-yarn-finger-ring\\\/\",\"url\":\"https:\\\/\\\/www.swisscrochet.ch\\\/produit\\\/addi-yarn-finger-ring\\\/\",\"name\":\"Addi - Anneau guide-fil &#171; Swiss Crochet\",\"isPartOf\":{\"@id\":\"https:\\\/\\\/www.swisscrochet.ch\\\/#website\"},\"primaryImageOfPage\":{\"@id\":\"https:\\\/\\\/www.swisscrochet.ch\\\/produit\\\/addi-yarn-finger-ring\\\/#primaryimage\"},\"image\":{\"@id\":\"https:\\\/\\\/www.swisscrochet.ch\\\/produit\\\/addi-yarn-finger-ring\\\/#primaryimage\"},\"thumbnailUrl\":\"https:\\\/\\\/www.swisscrochet.ch\\\/wp-content\\\/uploads\\\/2025\\\/02\\\/Addi-Yarn-Finger-Ring-Overview.jpg\",\"datePublished\":\"2025-02-21T15:24:26+00:00\",\"dateModified\":\"2025-09-13T17:19:29+00:00\",\"breadcrumb\":{\"@id\":\"https:\\\/\\\/www.swisscrochet.ch\\\/produit\\\/addi-yarn-finger-ring\\\/#breadcrumb\"},\"inLanguage\":\"fr-FR\",\"potentialAction\":[{\"@type\":\"ReadAction\",\"target\":[\"https:\\\/\\\/www.swisscrochet.ch\\\/produit\\\/addi-yarn-finger-ring\\\/\"]}]},{\"@type\":\"ImageObject\",\"inLanguage\":\"fr-FR\",\"@id\":\"https:\\\/\\\/www.swisscrochet.ch\\\/produit\\\/addi-yarn-finger-ring\\\/#primaryimage\",\"url\":\"https:\\\/\\\/www.swisscrochet.ch\\\/wp-content\\\/uploads\\\/2025\\\/02\\\/Addi-Yarn-Finger-Ring-Overview.jpg\",\"contentUrl\":\"https:\\\/\\\/www.swisscrochet.ch\\\/wp-content\\\/uploads\\\/2025\\\/02\\\/Addi-Yarn-Finger-Ring-Overview.jpg\",\"width\":1000,\"height\":1000},{\"@type\":\"BreadcrumbList\",\"@id\":\"https:\\\/\\\/www.swisscrochet.ch\\\/produit\\\/addi-yarn-finger-ring\\\/#breadcrumb\",\"itemListElement\":[{\"@type\":\"ListItem\",\"position\":1,\"name\":\"Home\",\"item\":\"https:\\\/\\\/www.swisscrochet.ch\\\/fr\\\/\"},{\"@type\":\"ListItem\",\"position\":2,\"name\":\"Boutique\",\"item\":\"https:\\\/\\\/www.swisscrochet.ch\\\/fr\\\/boutique\\\/\"},{\"@type\":\"ListItem\",\"position\":3,\"name\":\"Addi &#8211; Anneau guide-fil\"}]},{\"@type\":\"WebSite\",\"@id\":\"https:\\\/\\\/www.swisscrochet.ch\\\/#website\",\"url\":\"https:\\\/\\\/www.swisscrochet.ch\\\/\",\"name\":\"Swiss Crochet\",\"description\":\"Lib\u00e9rez votre potentiel cr\u00e9atif\",\"potentialAction\":[{\"@type\":\"SearchAction\",\"target\":{\"@type\":\"EntryPoint\",\"urlTemplate\":\"https:\\\/\\\/www.swisscrochet.ch\\\/?s={search_term_string}\"},\"query-input\":{\"@type\":\"PropertyValueSpecification\",\"valueRequired\":true,\"valueName\":\"search_term_string\"}}],\"inLanguage\":\"fr-FR\"}]}<\/script>\n<!-- \/ Yoast SEO plugin. -->","yoast_head_json":{"title":"Addi - Anneau guide-fil &#171; Swiss Crochet","robots":{"index":"index","follow":"follow","max-snippet":"max-snippet:-1","max-image-preview":"max-image-preview:large","max-video-preview":"max-video-preview:-1"},"canonical":"https:\/\/www.swisscrochet.ch\/produit\/addi-yarn-finger-ring\/","og_locale":"fr_FR","og_type":"article","og_title":"Addi - Anneau guide-fil &#171; Swiss Crochet","og_description":"L'anneau guide-fil Addi est un outil pratique en forme de d\u00e9, con\u00e7u avec deux guides pour g\u00e9rer facilement deux fils s\u00e9par\u00e9s. Port\u00e9 sur la partie sup\u00e9rieure de l'index ou du majeur, il permet de maintenir une tension constante lors du travail avec plusieurs couleurs.  Initialement con\u00e7u pour le tricot de style continental, cet accessoire polyvalent est \u00e9galement utile pour le crochet. Il facilite les changements de couleur et \u00e9vite d'avoir \u00e0 ajuster la tension du fil en permanence.  L'anneau guide-fil Addi est disponible en taille unique.","og_url":"https:\/\/www.swisscrochet.ch\/produit\/addi-yarn-finger-ring\/","og_site_name":"Swiss Crochet","article_modified_time":"2025-09-13T17:19:29+00:00","og_image":[{"width":1000,"height":1000,"url":"https:\/\/www.swisscrochet.ch\/wp-content\/uploads\/2025\/02\/Addi-Yarn-Finger-Ring-Overview.jpg","type":"image\/jpeg"}],"twitter_card":"summary_large_image","twitter_misc":{"Dur\u00e9e de lecture estim\u00e9e":"1 minute"},"schema":{"@context":"https:\/\/schema.org","@graph":[{"@type":["WebPage","ItemPage"],"@id":"https:\/\/www.swisscrochet.ch\/produit\/addi-yarn-finger-ring\/","url":"https:\/\/www.swisscrochet.ch\/produit\/addi-yarn-finger-ring\/","name":"Addi - Anneau guide-fil &#171; Swiss Crochet","isPartOf":{"@id":"https:\/\/www.swisscrochet.ch\/#website"},"primaryImageOfPage":{"@id":"https:\/\/www.swisscrochet.ch\/produit\/addi-yarn-finger-ring\/#primaryimage"},"image":{"@id":"https:\/\/www.swisscrochet.ch\/produit\/addi-yarn-finger-ring\/#primaryimage"},"thumbnailUrl":"https:\/\/www.swisscrochet.ch\/wp-content\/uploads\/2025\/02\/Addi-Yarn-Finger-Ring-Overview.jpg","datePublished":"2025-02-21T15:24:26+00:00","dateModified":"2025-09-13T17:19:29+00:00","breadcrumb":{"@id":"https:\/\/www.swisscrochet.ch\/produit\/addi-yarn-finger-ring\/#breadcrumb"},"inLanguage":"fr-FR","potentialAction":[{"@type":"ReadAction","target":["https:\/\/www.swisscrochet.ch\/produit\/addi-yarn-finger-ring\/"]}]},{"@type":"ImageObject","inLanguage":"fr-FR","@id":"https:\/\/www.swisscrochet.ch\/produit\/addi-yarn-finger-ring\/#primaryimage","url":"https:\/\/www.swisscrochet.ch\/wp-content\/uploads\/2025\/02\/Addi-Yarn-Finger-Ring-Overview.jpg","contentUrl":"https:\/\/www.swisscrochet.ch\/wp-content\/uploads\/2025\/02\/Addi-Yarn-Finger-Ring-Overview.jpg","width":1000,"height":1000},{"@type":"BreadcrumbList","@id":"https:\/\/www.swisscrochet.ch\/produit\/addi-yarn-finger-ring\/#breadcrumb","itemListElement":[{"@type":"ListItem","position":1,"name":"Home","item":"https:\/\/www.swisscrochet.ch\/fr\/"},{"@type":"ListItem","position":2,"name":"Boutique","item":"https:\/\/www.swisscrochet.ch\/fr\/boutique\/"},{"@type":"ListItem","position":3,"name":"Addi &#8211; Anneau guide-fil"}]},{"@type":"WebSite","@id":"https:\/\/www.swisscrochet.ch\/#website","url":"https:\/\/www.swisscrochet.ch\/","name":"Swiss Crochet","description":"Lib\u00e9rez votre potentiel cr\u00e9atif","potentialAction":[{"@type":"SearchAction","target":{"@type":"EntryPoint","urlTemplate":"https:\/\/www.swisscrochet.ch\/?s={search_term_string}"},"query-input":{"@type":"PropertyValueSpecification","valueRequired":true,"valueName":"search_term_string"}}],"inLanguage":"fr-FR"}]}},"_links":{"self":[{"href":"https:\/\/www.swisscrochet.ch\/fr\/wp-json\/wp\/v2\/product\/4582","targetHints":{"allow":["GET"]}}],"collection":[{"href":"https:\/\/www.swisscrochet.ch\/fr\/wp-json\/wp\/v2\/product"}],"about":[{"href":"https:\/\/www.swisscrochet.ch\/fr\/wp-json\/wp\/v2\/types\/product"}],"wp:featuredmedia":[{"embeddable":true,"href":"https:\/\/www.swisscrochet.ch\/fr\/wp-json\/wp\/v2\/media\/4569"}],"wp:attachment":[{"href":"https:\/\/www.swisscrochet.ch\/fr\/wp-json\/wp\/v2\/media?parent=4582"}],"wp:term":[{"taxonomy":"product_brand","embeddable":true,"href":"https:\/\/www.swisscrochet.ch\/fr\/wp-json\/wp\/v2\/product_brand?post=4582"},{"taxonomy":"product_cat","embeddable":true,"href":"https:\/\/www.swisscrochet.ch\/fr\/wp-json\/wp\/v2\/product_cat?post=4582"},{"taxonomy":"product_tag","embeddable":true,"href":"https:\/\/www.swisscrochet.ch\/fr\/wp-json\/wp\/v2\/product_tag?post=4582"}],"curies":[{"name":"wp","href":"https:\/\/api.w.org\/{rel}","templated":true}]}}