{"id":4590,"date":"2025-02-21T17:12:39","date_gmt":"2025-02-21T16:12:39","guid":{"rendered":"https:\/\/www.swisscrochet.ch\/product\/addi-smyrna-tapestry-needle\/"},"modified":"2026-03-15T20:33:36","modified_gmt":"2026-03-15T19:33:36","slug":"addi-smyrna-aiguille-a-tapisserie","status":"publish","type":"product","link":"https:\/\/www.swisscrochet.ch\/fr\/produit\/addi-smyrna-aiguille-a-tapisserie\/","title":{"rendered":"Addi &#8211; Smyrna aiguille \u00e0 tapisserie"},"content":{"rendered":"","protected":false},"excerpt":{"rendered":"<p>L&rsquo;aiguille \u00e0 tapisserie Addi poss\u00e8de un grand \u0153il pour un enfilage facile, ce qui la rend parfaite pour travailler avec des fils \u00e9pais. Con\u00e7ue avec une pointe \u00e9mouss\u00e9e, elle glisse en douceur \u00e0 travers les mailles sans diviser les fibres.<\/p>\n<p>Id\u00e9ale pour la broderie sur tissu au crochet, pour assembler des pi\u00e8ces ou pour rentrer les fils, cette aiguille polyvalente est un incontournable dans la trousse de tout artisan.<\/p>\n","protected":false},"featured_media":4560,"template":"","meta":[],"product_brand":[],"product_cat":[569,221],"product_tag":[],"class_list":{"0":"post-4590","1":"product","2":"type-product","3":"status-publish","4":"has-post-thumbnail","6":"product_cat-aiguilles-a-tapisserie","7":"product_cat-crochets-et-outils","8":"product_shipping_class-petits-envois","9":"pa_t1-manufacturer-addi-fr","10":"description-off","12":"first","13":"instock","14":"taxable","15":"shipping-taxable","16":"purchasable","17":"product-type-simple"},"bundled_by":["10380","10387","13581"],"bundle_stock_status":"instock","bundle_stock_quantity":13,"bundle_virtual":false,"bundle_layout":"","bundle_add_to_cart_form_location":"","bundle_editable_in_cart":false,"bundle_sold_individually_context":"","bundle_item_grouping":"","bundle_min_size":"","bundle_max_size":"","bundle_price":[],"bundled_items":[],"bundle_sell_ids":[],"yoast_head":"<!-- This site is optimized with the Yoast SEO plugin v27.5 - https:\/\/yoast.com\/product\/yoast-seo-wordpress\/ -->\n<title>Addi - Smyrna aiguille \u00e0 tapisserie &#171; Swiss Crochet<\/title>\n<meta name=\"robots\" content=\"index, follow, max-snippet:-1, max-image-preview:large, max-video-preview:-1\" \/>\n<link rel=\"canonical\" href=\"https:\/\/www.swisscrochet.ch\/produit\/addi-smyrna-tapestry-needle\/\" \/>\n<meta property=\"og:locale\" content=\"fr_FR\" \/>\n<meta property=\"og:type\" content=\"article\" \/>\n<meta property=\"og:title\" content=\"Addi - Smyrna aiguille \u00e0 tapisserie &#171; Swiss Crochet\" \/>\n<meta property=\"og:description\" content=\"L&#039;aiguille \u00e0 tapisserie Addi poss\u00e8de un grand \u0153il pour un enfilage facile, ce qui la rend parfaite pour travailler avec des fils \u00e9pais. Con\u00e7ue avec une pointe \u00e9mouss\u00e9e, elle glisse en douceur \u00e0 travers les mailles sans diviser les fibres.  Id\u00e9ale pour la broderie sur tissu au crochet, pour assembler des pi\u00e8ces ou pour rentrer les fils, cette aiguille polyvalente est un incontournable dans la trousse de tout artisan.\" \/>\n<meta property=\"og:url\" content=\"https:\/\/www.swisscrochet.ch\/produit\/addi-smyrna-tapestry-needle\/\" \/>\n<meta property=\"og:site_name\" content=\"Swiss Crochet\" \/>\n<meta property=\"article:modified_time\" content=\"2026-03-15T19:33:36+00:00\" \/>\n<meta property=\"og:image\" content=\"https:\/\/www.swisscrochet.ch\/wp-content\/uploads\/2025\/02\/Addi-Smyrna-Tapestry-Needle-Overview.jpg\" \/>\n\t<meta property=\"og:image:width\" content=\"1000\" \/>\n\t<meta property=\"og:image:height\" content=\"1000\" \/>\n\t<meta property=\"og:image:type\" content=\"image\/jpeg\" \/>\n<meta name=\"twitter:card\" content=\"summary_large_image\" \/>\n<meta name=\"twitter:label1\" content=\"Dur\u00e9e de lecture estim\u00e9e\" \/>\n\t<meta name=\"twitter:data1\" content=\"1 minute\" \/>\n<script type=\"application\/ld+json\" class=\"yoast-schema-graph\">{\"@context\":\"https:\\\/\\\/schema.org\",\"@graph\":[{\"@type\":[\"WebPage\",\"ItemPage\"],\"@id\":\"https:\\\/\\\/www.swisscrochet.ch\\\/produit\\\/addi-smyrna-tapestry-needle\\\/\",\"url\":\"https:\\\/\\\/www.swisscrochet.ch\\\/produit\\\/addi-smyrna-tapestry-needle\\\/\",\"name\":\"Addi - Smyrna aiguille \u00e0 tapisserie &#171; Swiss Crochet\",\"isPartOf\":{\"@id\":\"https:\\\/\\\/www.swisscrochet.ch\\\/#website\"},\"primaryImageOfPage\":{\"@id\":\"https:\\\/\\\/www.swisscrochet.ch\\\/produit\\\/addi-smyrna-tapestry-needle\\\/#primaryimage\"},\"image\":{\"@id\":\"https:\\\/\\\/www.swisscrochet.ch\\\/produit\\\/addi-smyrna-tapestry-needle\\\/#primaryimage\"},\"thumbnailUrl\":\"https:\\\/\\\/www.swisscrochet.ch\\\/wp-content\\\/uploads\\\/2025\\\/02\\\/Addi-Smyrna-Tapestry-Needle-Overview.jpg\",\"datePublished\":\"2025-02-21T16:12:39+00:00\",\"dateModified\":\"2026-03-15T19:33:36+00:00\",\"breadcrumb\":{\"@id\":\"https:\\\/\\\/www.swisscrochet.ch\\\/produit\\\/addi-smyrna-tapestry-needle\\\/#breadcrumb\"},\"inLanguage\":\"fr-FR\",\"potentialAction\":[{\"@type\":\"ReadAction\",\"target\":[\"https:\\\/\\\/www.swisscrochet.ch\\\/produit\\\/addi-smyrna-tapestry-needle\\\/\"]}]},{\"@type\":\"ImageObject\",\"inLanguage\":\"fr-FR\",\"@id\":\"https:\\\/\\\/www.swisscrochet.ch\\\/produit\\\/addi-smyrna-tapestry-needle\\\/#primaryimage\",\"url\":\"https:\\\/\\\/www.swisscrochet.ch\\\/wp-content\\\/uploads\\\/2025\\\/02\\\/Addi-Smyrna-Tapestry-Needle-Overview.jpg\",\"contentUrl\":\"https:\\\/\\\/www.swisscrochet.ch\\\/wp-content\\\/uploads\\\/2025\\\/02\\\/Addi-Smyrna-Tapestry-Needle-Overview.jpg\",\"width\":1000,\"height\":1000},{\"@type\":\"BreadcrumbList\",\"@id\":\"https:\\\/\\\/www.swisscrochet.ch\\\/produit\\\/addi-smyrna-tapestry-needle\\\/#breadcrumb\",\"itemListElement\":[{\"@type\":\"ListItem\",\"position\":1,\"name\":\"Home\",\"item\":\"https:\\\/\\\/www.swisscrochet.ch\\\/fr\\\/\"},{\"@type\":\"ListItem\",\"position\":2,\"name\":\"Boutique\",\"item\":\"https:\\\/\\\/www.swisscrochet.ch\\\/fr\\\/boutique\\\/\"},{\"@type\":\"ListItem\",\"position\":3,\"name\":\"Addi &#8211; Smyrna aiguille \u00e0 tapisserie\"}]},{\"@type\":\"WebSite\",\"@id\":\"https:\\\/\\\/www.swisscrochet.ch\\\/#website\",\"url\":\"https:\\\/\\\/www.swisscrochet.ch\\\/\",\"name\":\"Swiss Crochet\",\"description\":\"Lib\u00e9rez votre potentiel cr\u00e9atif\",\"potentialAction\":[{\"@type\":\"SearchAction\",\"target\":{\"@type\":\"EntryPoint\",\"urlTemplate\":\"https:\\\/\\\/www.swisscrochet.ch\\\/?s={search_term_string}\"},\"query-input\":{\"@type\":\"PropertyValueSpecification\",\"valueRequired\":true,\"valueName\":\"search_term_string\"}}],\"inLanguage\":\"fr-FR\"}]}<\/script>\n<!-- \/ Yoast SEO plugin. -->","yoast_head_json":{"title":"Addi - Smyrna aiguille \u00e0 tapisserie &#171; Swiss Crochet","robots":{"index":"index","follow":"follow","max-snippet":"max-snippet:-1","max-image-preview":"max-image-preview:large","max-video-preview":"max-video-preview:-1"},"canonical":"https:\/\/www.swisscrochet.ch\/produit\/addi-smyrna-tapestry-needle\/","og_locale":"fr_FR","og_type":"article","og_title":"Addi - Smyrna aiguille \u00e0 tapisserie &#171; Swiss Crochet","og_description":"L'aiguille \u00e0 tapisserie Addi poss\u00e8de un grand \u0153il pour un enfilage facile, ce qui la rend parfaite pour travailler avec des fils \u00e9pais. Con\u00e7ue avec une pointe \u00e9mouss\u00e9e, elle glisse en douceur \u00e0 travers les mailles sans diviser les fibres.  Id\u00e9ale pour la broderie sur tissu au crochet, pour assembler des pi\u00e8ces ou pour rentrer les fils, cette aiguille polyvalente est un incontournable dans la trousse de tout artisan.","og_url":"https:\/\/www.swisscrochet.ch\/produit\/addi-smyrna-tapestry-needle\/","og_site_name":"Swiss Crochet","article_modified_time":"2026-03-15T19:33:36+00:00","og_image":[{"width":1000,"height":1000,"url":"https:\/\/www.swisscrochet.ch\/wp-content\/uploads\/2025\/02\/Addi-Smyrna-Tapestry-Needle-Overview.jpg","type":"image\/jpeg"}],"twitter_card":"summary_large_image","twitter_misc":{"Dur\u00e9e de lecture estim\u00e9e":"1 minute"},"schema":{"@context":"https:\/\/schema.org","@graph":[{"@type":["WebPage","ItemPage"],"@id":"https:\/\/www.swisscrochet.ch\/produit\/addi-smyrna-tapestry-needle\/","url":"https:\/\/www.swisscrochet.ch\/produit\/addi-smyrna-tapestry-needle\/","name":"Addi - Smyrna aiguille \u00e0 tapisserie &#171; Swiss Crochet","isPartOf":{"@id":"https:\/\/www.swisscrochet.ch\/#website"},"primaryImageOfPage":{"@id":"https:\/\/www.swisscrochet.ch\/produit\/addi-smyrna-tapestry-needle\/#primaryimage"},"image":{"@id":"https:\/\/www.swisscrochet.ch\/produit\/addi-smyrna-tapestry-needle\/#primaryimage"},"thumbnailUrl":"https:\/\/www.swisscrochet.ch\/wp-content\/uploads\/2025\/02\/Addi-Smyrna-Tapestry-Needle-Overview.jpg","datePublished":"2025-02-21T16:12:39+00:00","dateModified":"2026-03-15T19:33:36+00:00","breadcrumb":{"@id":"https:\/\/www.swisscrochet.ch\/produit\/addi-smyrna-tapestry-needle\/#breadcrumb"},"inLanguage":"fr-FR","potentialAction":[{"@type":"ReadAction","target":["https:\/\/www.swisscrochet.ch\/produit\/addi-smyrna-tapestry-needle\/"]}]},{"@type":"ImageObject","inLanguage":"fr-FR","@id":"https:\/\/www.swisscrochet.ch\/produit\/addi-smyrna-tapestry-needle\/#primaryimage","url":"https:\/\/www.swisscrochet.ch\/wp-content\/uploads\/2025\/02\/Addi-Smyrna-Tapestry-Needle-Overview.jpg","contentUrl":"https:\/\/www.swisscrochet.ch\/wp-content\/uploads\/2025\/02\/Addi-Smyrna-Tapestry-Needle-Overview.jpg","width":1000,"height":1000},{"@type":"BreadcrumbList","@id":"https:\/\/www.swisscrochet.ch\/produit\/addi-smyrna-tapestry-needle\/#breadcrumb","itemListElement":[{"@type":"ListItem","position":1,"name":"Home","item":"https:\/\/www.swisscrochet.ch\/fr\/"},{"@type":"ListItem","position":2,"name":"Boutique","item":"https:\/\/www.swisscrochet.ch\/fr\/boutique\/"},{"@type":"ListItem","position":3,"name":"Addi &#8211; Smyrna aiguille \u00e0 tapisserie"}]},{"@type":"WebSite","@id":"https:\/\/www.swisscrochet.ch\/#website","url":"https:\/\/www.swisscrochet.ch\/","name":"Swiss Crochet","description":"Lib\u00e9rez votre potentiel cr\u00e9atif","potentialAction":[{"@type":"SearchAction","target":{"@type":"EntryPoint","urlTemplate":"https:\/\/www.swisscrochet.ch\/?s={search_term_string}"},"query-input":{"@type":"PropertyValueSpecification","valueRequired":true,"valueName":"search_term_string"}}],"inLanguage":"fr-FR"}]}},"_links":{"self":[{"href":"https:\/\/www.swisscrochet.ch\/fr\/wp-json\/wp\/v2\/product\/4590","targetHints":{"allow":["GET"]}}],"collection":[{"href":"https:\/\/www.swisscrochet.ch\/fr\/wp-json\/wp\/v2\/product"}],"about":[{"href":"https:\/\/www.swisscrochet.ch\/fr\/wp-json\/wp\/v2\/types\/product"}],"wp:featuredmedia":[{"embeddable":true,"href":"https:\/\/www.swisscrochet.ch\/fr\/wp-json\/wp\/v2\/media\/4560"}],"wp:attachment":[{"href":"https:\/\/www.swisscrochet.ch\/fr\/wp-json\/wp\/v2\/media?parent=4590"}],"wp:term":[{"taxonomy":"product_brand","embeddable":true,"href":"https:\/\/www.swisscrochet.ch\/fr\/wp-json\/wp\/v2\/product_brand?post=4590"},{"taxonomy":"product_cat","embeddable":true,"href":"https:\/\/www.swisscrochet.ch\/fr\/wp-json\/wp\/v2\/product_cat?post=4590"},{"taxonomy":"product_tag","embeddable":true,"href":"https:\/\/www.swisscrochet.ch\/fr\/wp-json\/wp\/v2\/product_tag?post=4590"}],"curies":[{"name":"wp","href":"https:\/\/api.w.org\/{rel}","templated":true}]}}