{"id":4692,"date":"2025-02-21T20:08:01","date_gmt":"2025-02-21T19:08:01","guid":{"rendered":"https:\/\/www.swisscrochet.ch\/product\/chiaogoo-nostepinne\/"},"modified":"2025-02-21T20:38:24","modified_gmt":"2025-02-21T19:38:24","slug":"chiaogoo-nostepinne","status":"publish","type":"product","link":"https:\/\/www.swisscrochet.ch\/fr\/produit\/chiaogoo-nostepinne\/","title":{"rendered":"Chiaogoo &#8211; Nostepinne"},"content":{"rendered":"","protected":false},"excerpt":{"rendered":"<p>Le Nostepinne ChiaoGoo est un outil traditionnel qui facilite et rend efficace le roulage d\u2019un \u00e9cheveau en une pelote \u00e0 tirer du centre. Sa longueur permet de rouler une quantit\u00e9 g\u00e9n\u00e9reuse de fil, ce qui le rend id\u00e9al pour les grands \u00e9cheveaux et les fils \u00e9pais.<\/p>\n<p>Compact et portable, ce Nostepinne est facile \u00e0 ranger et \u00e0 transporter, ce qui en fait un excellent outil pour les artisans en d\u00e9placement. Abordable et pratique, c\u2019est un ajout indispensable \u00e0 votre trousse d\u2019outils pour le bricolage.<\/p>\n<p>Fabriqu\u00e9 en bois poli, le Nostepinne ChiaoGoo est durable et \u00e9l\u00e9gant.<\/p>\n<p>Longueur : 28 cm<\/p>\n","protected":false},"featured_media":4619,"template":"","meta":[],"product_brand":[],"product_cat":[221,572],"product_tag":[],"class_list":{"0":"post-4692","1":"product","2":"type-product","3":"status-publish","4":"has-post-thumbnail","6":"product_cat-crochets-et-outils","7":"product_cat-enrouleurs-de-pelote","8":"pa_t1-manufacturer-chiaogoo-fr","9":"description-off","11":"first","12":"instock","13":"taxable","14":"shipping-taxable","15":"purchasable","16":"product-type-simple"},"bundled_by":[],"bundle_stock_status":"instock","bundle_stock_quantity":5,"bundle_virtual":false,"bundle_layout":"","bundle_add_to_cart_form_location":"","bundle_editable_in_cart":false,"bundle_sold_individually_context":"","bundle_item_grouping":"","bundle_min_size":"","bundle_max_size":"","bundle_price":[],"bundled_items":[],"bundle_sell_ids":[],"yoast_head":"<!-- This site is optimized with the Yoast SEO plugin v27.5 - https:\/\/yoast.com\/product\/yoast-seo-wordpress\/ -->\n<title>Chiaogoo - Nostepinne &#171; Swiss Crochet<\/title>\n<meta name=\"robots\" content=\"index, follow, max-snippet:-1, max-image-preview:large, max-video-preview:-1\" \/>\n<link rel=\"canonical\" href=\"https:\/\/www.swisscrochet.ch\/produit\/chiaogoo-nostepinne\/\" \/>\n<meta property=\"og:locale\" content=\"fr_FR\" \/>\n<meta property=\"og:type\" content=\"article\" \/>\n<meta property=\"og:title\" content=\"Chiaogoo - Nostepinne &#171; Swiss Crochet\" \/>\n<meta property=\"og:description\" content=\"Le Nostepinne ChiaoGoo est un outil traditionnel qui facilite et rend efficace le roulage d\u2019un \u00e9cheveau en une pelote \u00e0 tirer du centre. Sa longueur permet de rouler une quantit\u00e9 g\u00e9n\u00e9reuse de fil, ce qui le rend id\u00e9al pour les grands \u00e9cheveaux et les fils \u00e9pais.  Compact et portable, ce Nostepinne est facile \u00e0 ranger et \u00e0 transporter, ce qui en fait un excellent outil pour les artisans en d\u00e9placement. Abordable et pratique, c\u2019est un ajout indispensable \u00e0 votre trousse d\u2019outils pour le bricolage.  Fabriqu\u00e9 en bois poli, le Nostepinne ChiaoGoo est durable et \u00e9l\u00e9gant.  Longueur : 28 cm\" \/>\n<meta property=\"og:url\" content=\"https:\/\/www.swisscrochet.ch\/produit\/chiaogoo-nostepinne\/\" \/>\n<meta property=\"og:site_name\" content=\"Swiss Crochet\" \/>\n<meta property=\"article:modified_time\" content=\"2025-02-21T19:38:24+00:00\" \/>\n<meta property=\"og:image\" content=\"https:\/\/www.swisscrochet.ch\/wp-content\/uploads\/2025\/02\/Chiaogoo-Nostepinne-Overview.jpg\" \/>\n\t<meta property=\"og:image:width\" content=\"1000\" \/>\n\t<meta property=\"og:image:height\" content=\"1000\" \/>\n\t<meta property=\"og:image:type\" content=\"image\/jpeg\" \/>\n<meta name=\"twitter:card\" content=\"summary_large_image\" \/>\n<meta name=\"twitter:label1\" content=\"Dur\u00e9e de lecture estim\u00e9e\" \/>\n\t<meta name=\"twitter:data1\" content=\"1 minute\" \/>\n<script type=\"application\/ld+json\" class=\"yoast-schema-graph\">{\"@context\":\"https:\\\/\\\/schema.org\",\"@graph\":[{\"@type\":[\"WebPage\",\"ItemPage\"],\"@id\":\"https:\\\/\\\/www.swisscrochet.ch\\\/produit\\\/chiaogoo-nostepinne\\\/\",\"url\":\"https:\\\/\\\/www.swisscrochet.ch\\\/produit\\\/chiaogoo-nostepinne\\\/\",\"name\":\"Chiaogoo - Nostepinne &#171; Swiss Crochet\",\"isPartOf\":{\"@id\":\"https:\\\/\\\/www.swisscrochet.ch\\\/#website\"},\"primaryImageOfPage\":{\"@id\":\"https:\\\/\\\/www.swisscrochet.ch\\\/produit\\\/chiaogoo-nostepinne\\\/#primaryimage\"},\"image\":{\"@id\":\"https:\\\/\\\/www.swisscrochet.ch\\\/produit\\\/chiaogoo-nostepinne\\\/#primaryimage\"},\"thumbnailUrl\":\"https:\\\/\\\/www.swisscrochet.ch\\\/wp-content\\\/uploads\\\/2025\\\/02\\\/Chiaogoo-Nostepinne-Overview.jpg\",\"datePublished\":\"2025-02-21T19:08:01+00:00\",\"dateModified\":\"2025-02-21T19:38:24+00:00\",\"breadcrumb\":{\"@id\":\"https:\\\/\\\/www.swisscrochet.ch\\\/produit\\\/chiaogoo-nostepinne\\\/#breadcrumb\"},\"inLanguage\":\"fr-FR\",\"potentialAction\":[{\"@type\":\"ReadAction\",\"target\":[\"https:\\\/\\\/www.swisscrochet.ch\\\/produit\\\/chiaogoo-nostepinne\\\/\"]}]},{\"@type\":\"ImageObject\",\"inLanguage\":\"fr-FR\",\"@id\":\"https:\\\/\\\/www.swisscrochet.ch\\\/produit\\\/chiaogoo-nostepinne\\\/#primaryimage\",\"url\":\"https:\\\/\\\/www.swisscrochet.ch\\\/wp-content\\\/uploads\\\/2025\\\/02\\\/Chiaogoo-Nostepinne-Overview.jpg\",\"contentUrl\":\"https:\\\/\\\/www.swisscrochet.ch\\\/wp-content\\\/uploads\\\/2025\\\/02\\\/Chiaogoo-Nostepinne-Overview.jpg\",\"width\":1000,\"height\":1000},{\"@type\":\"BreadcrumbList\",\"@id\":\"https:\\\/\\\/www.swisscrochet.ch\\\/produit\\\/chiaogoo-nostepinne\\\/#breadcrumb\",\"itemListElement\":[{\"@type\":\"ListItem\",\"position\":1,\"name\":\"Home\",\"item\":\"https:\\\/\\\/www.swisscrochet.ch\\\/fr\\\/\"},{\"@type\":\"ListItem\",\"position\":2,\"name\":\"Boutique\",\"item\":\"https:\\\/\\\/www.swisscrochet.ch\\\/fr\\\/boutique\\\/\"},{\"@type\":\"ListItem\",\"position\":3,\"name\":\"Chiaogoo &#8211; Nostepinne\"}]},{\"@type\":\"WebSite\",\"@id\":\"https:\\\/\\\/www.swisscrochet.ch\\\/#website\",\"url\":\"https:\\\/\\\/www.swisscrochet.ch\\\/\",\"name\":\"Swiss Crochet\",\"description\":\"Lib\u00e9rez votre potentiel cr\u00e9atif\",\"potentialAction\":[{\"@type\":\"SearchAction\",\"target\":{\"@type\":\"EntryPoint\",\"urlTemplate\":\"https:\\\/\\\/www.swisscrochet.ch\\\/?s={search_term_string}\"},\"query-input\":{\"@type\":\"PropertyValueSpecification\",\"valueRequired\":true,\"valueName\":\"search_term_string\"}}],\"inLanguage\":\"fr-FR\"}]}<\/script>\n<!-- \/ Yoast SEO plugin. -->","yoast_head_json":{"title":"Chiaogoo - Nostepinne &#171; Swiss Crochet","robots":{"index":"index","follow":"follow","max-snippet":"max-snippet:-1","max-image-preview":"max-image-preview:large","max-video-preview":"max-video-preview:-1"},"canonical":"https:\/\/www.swisscrochet.ch\/produit\/chiaogoo-nostepinne\/","og_locale":"fr_FR","og_type":"article","og_title":"Chiaogoo - Nostepinne &#171; Swiss Crochet","og_description":"Le Nostepinne ChiaoGoo est un outil traditionnel qui facilite et rend efficace le roulage d\u2019un \u00e9cheveau en une pelote \u00e0 tirer du centre. Sa longueur permet de rouler une quantit\u00e9 g\u00e9n\u00e9reuse de fil, ce qui le rend id\u00e9al pour les grands \u00e9cheveaux et les fils \u00e9pais.  Compact et portable, ce Nostepinne est facile \u00e0 ranger et \u00e0 transporter, ce qui en fait un excellent outil pour les artisans en d\u00e9placement. Abordable et pratique, c\u2019est un ajout indispensable \u00e0 votre trousse d\u2019outils pour le bricolage.  Fabriqu\u00e9 en bois poli, le Nostepinne ChiaoGoo est durable et \u00e9l\u00e9gant.  Longueur : 28 cm","og_url":"https:\/\/www.swisscrochet.ch\/produit\/chiaogoo-nostepinne\/","og_site_name":"Swiss Crochet","article_modified_time":"2025-02-21T19:38:24+00:00","og_image":[{"width":1000,"height":1000,"url":"https:\/\/www.swisscrochet.ch\/wp-content\/uploads\/2025\/02\/Chiaogoo-Nostepinne-Overview.jpg","type":"image\/jpeg"}],"twitter_card":"summary_large_image","twitter_misc":{"Dur\u00e9e de lecture estim\u00e9e":"1 minute"},"schema":{"@context":"https:\/\/schema.org","@graph":[{"@type":["WebPage","ItemPage"],"@id":"https:\/\/www.swisscrochet.ch\/produit\/chiaogoo-nostepinne\/","url":"https:\/\/www.swisscrochet.ch\/produit\/chiaogoo-nostepinne\/","name":"Chiaogoo - Nostepinne &#171; Swiss Crochet","isPartOf":{"@id":"https:\/\/www.swisscrochet.ch\/#website"},"primaryImageOfPage":{"@id":"https:\/\/www.swisscrochet.ch\/produit\/chiaogoo-nostepinne\/#primaryimage"},"image":{"@id":"https:\/\/www.swisscrochet.ch\/produit\/chiaogoo-nostepinne\/#primaryimage"},"thumbnailUrl":"https:\/\/www.swisscrochet.ch\/wp-content\/uploads\/2025\/02\/Chiaogoo-Nostepinne-Overview.jpg","datePublished":"2025-02-21T19:08:01+00:00","dateModified":"2025-02-21T19:38:24+00:00","breadcrumb":{"@id":"https:\/\/www.swisscrochet.ch\/produit\/chiaogoo-nostepinne\/#breadcrumb"},"inLanguage":"fr-FR","potentialAction":[{"@type":"ReadAction","target":["https:\/\/www.swisscrochet.ch\/produit\/chiaogoo-nostepinne\/"]}]},{"@type":"ImageObject","inLanguage":"fr-FR","@id":"https:\/\/www.swisscrochet.ch\/produit\/chiaogoo-nostepinne\/#primaryimage","url":"https:\/\/www.swisscrochet.ch\/wp-content\/uploads\/2025\/02\/Chiaogoo-Nostepinne-Overview.jpg","contentUrl":"https:\/\/www.swisscrochet.ch\/wp-content\/uploads\/2025\/02\/Chiaogoo-Nostepinne-Overview.jpg","width":1000,"height":1000},{"@type":"BreadcrumbList","@id":"https:\/\/www.swisscrochet.ch\/produit\/chiaogoo-nostepinne\/#breadcrumb","itemListElement":[{"@type":"ListItem","position":1,"name":"Home","item":"https:\/\/www.swisscrochet.ch\/fr\/"},{"@type":"ListItem","position":2,"name":"Boutique","item":"https:\/\/www.swisscrochet.ch\/fr\/boutique\/"},{"@type":"ListItem","position":3,"name":"Chiaogoo &#8211; Nostepinne"}]},{"@type":"WebSite","@id":"https:\/\/www.swisscrochet.ch\/#website","url":"https:\/\/www.swisscrochet.ch\/","name":"Swiss Crochet","description":"Lib\u00e9rez votre potentiel cr\u00e9atif","potentialAction":[{"@type":"SearchAction","target":{"@type":"EntryPoint","urlTemplate":"https:\/\/www.swisscrochet.ch\/?s={search_term_string}"},"query-input":{"@type":"PropertyValueSpecification","valueRequired":true,"valueName":"search_term_string"}}],"inLanguage":"fr-FR"}]}},"_links":{"self":[{"href":"https:\/\/www.swisscrochet.ch\/fr\/wp-json\/wp\/v2\/product\/4692","targetHints":{"allow":["GET"]}}],"collection":[{"href":"https:\/\/www.swisscrochet.ch\/fr\/wp-json\/wp\/v2\/product"}],"about":[{"href":"https:\/\/www.swisscrochet.ch\/fr\/wp-json\/wp\/v2\/types\/product"}],"wp:featuredmedia":[{"embeddable":true,"href":"https:\/\/www.swisscrochet.ch\/fr\/wp-json\/wp\/v2\/media\/4619"}],"wp:attachment":[{"href":"https:\/\/www.swisscrochet.ch\/fr\/wp-json\/wp\/v2\/media?parent=4692"}],"wp:term":[{"taxonomy":"product_brand","embeddable":true,"href":"https:\/\/www.swisscrochet.ch\/fr\/wp-json\/wp\/v2\/product_brand?post=4692"},{"taxonomy":"product_cat","embeddable":true,"href":"https:\/\/www.swisscrochet.ch\/fr\/wp-json\/wp\/v2\/product_cat?post=4692"},{"taxonomy":"product_tag","embeddable":true,"href":"https:\/\/www.swisscrochet.ch\/fr\/wp-json\/wp\/v2\/product_tag?post=4692"}],"curies":[{"name":"wp","href":"https:\/\/api.w.org\/{rel}","templated":true}]}}