{"id":4704,"date":"2025-02-21T19:43:19","date_gmt":"2025-02-21T18:43:19","guid":{"rendered":"https:\/\/www.swisscrochet.ch\/product\/clover-yarn-cutter-pedant\/"},"modified":"2025-11-14T15:29:06","modified_gmt":"2025-11-14T14:29:06","slug":"clover-pendentif-coupe-fil","status":"publish","type":"product","link":"https:\/\/www.swisscrochet.ch\/fr\/produit\/clover-pendentif-coupe-fil\/","title":{"rendered":"Clover &#8211; Pendentif Coupe-fil"},"content":{"rendered":"","protected":false},"excerpt":{"rendered":"<p>Le pendentif coupe-fil Clover est un accessoire essentiel pour les artisans qui aiment cr\u00e9er en d\u00e9placement. Con\u00e7u pour \u00eatre port\u00e9 sur une cha\u00eene ou un cordon en cuir en tant que collier, cet outil pratique est parfait pour couper tous types de fils et de laine. S\u00fbr \u00e0 utiliser et \u00e0 emporter dans les avions, il respecte les r\u00e9glementations internationales concernant les objets tranchants, ce qui en fait un choix id\u00e9al pour les voyages.<\/p>\n<p>Inspir\u00e9 du design du <a href=\"https:\/\/en.wikipedia.org\/wiki\/Shuriken\" target=\"_blank\" rel=\"noopener\">Shuriken<\/a> japonais, ce pendentif \u00e9l\u00e9gant combine fonctionnalit\u00e9 et artisanat unique.<\/p>\n<p>Couleur : Or antique<br \/>\nDiam\u00e8tre du pendentif (hors fixation) : 3.5 cm<br \/>\n<em>Cha\u00eene de collier ou cordon non inclus.<\/em><\/p>\n","protected":false},"featured_media":4615,"template":"","meta":[],"product_brand":[],"product_cat":[221,563],"product_tag":[],"class_list":{"0":"post-4704","1":"product","2":"type-product","3":"status-publish","4":"has-post-thumbnail","6":"product_cat-crochets-et-outils","7":"product_cat-outils-de-mesure-et-de-coupe","8":"product_shipping_class-petits-envois","9":"pa_t1-manufacturer-clover-fr","10":"description-off","12":"first","13":"instock","14":"taxable","15":"shipping-taxable","16":"purchasable","17":"product-type-simple"},"bundled_by":[],"bundle_stock_status":"instock","bundle_stock_quantity":9,"bundle_virtual":false,"bundle_layout":"","bundle_add_to_cart_form_location":"","bundle_editable_in_cart":false,"bundle_sold_individually_context":"","bundle_item_grouping":"","bundle_min_size":"","bundle_max_size":"","bundle_price":[],"bundled_items":[],"bundle_sell_ids":[],"yoast_head":"<!-- This site is optimized with the Yoast SEO plugin v27.5 - https:\/\/yoast.com\/product\/yoast-seo-wordpress\/ -->\n<title>Clover - Pendentif Coupe-fil &#171; Swiss Crochet<\/title>\n<meta name=\"robots\" content=\"index, follow, max-snippet:-1, max-image-preview:large, max-video-preview:-1\" \/>\n<link rel=\"canonical\" href=\"https:\/\/www.swisscrochet.ch\/produit\/clover-yarn-cutter-pedant\/\" \/>\n<meta property=\"og:locale\" content=\"fr_FR\" \/>\n<meta property=\"og:type\" content=\"article\" \/>\n<meta property=\"og:title\" content=\"Clover - Pendentif Coupe-fil &#171; Swiss Crochet\" \/>\n<meta property=\"og:description\" content=\"Le pendentif coupe-fil Clover est un accessoire essentiel pour les artisans qui aiment cr\u00e9er en d\u00e9placement. Con\u00e7u pour \u00eatre port\u00e9 sur une cha\u00eene ou un cordon en cuir en tant que collier, cet outil pratique est parfait pour couper tous types de fils et de laine. S\u00fbr \u00e0 utiliser et \u00e0 emporter dans les avions, il respecte les r\u00e9glementations internationales concernant les objets tranchants, ce qui en fait un choix id\u00e9al pour les voyages.  Inspir\u00e9 du design du Shuriken japonais, ce pendentif \u00e9l\u00e9gant combine fonctionnalit\u00e9 et artisanat unique.  Couleur : Or antique Diam\u00e8tre du pendentif (hors fixation) : 3.5 cm Cha\u00eene de collier ou cordon non inclus.\" \/>\n<meta property=\"og:url\" content=\"https:\/\/www.swisscrochet.ch\/produit\/clover-yarn-cutter-pedant\/\" \/>\n<meta property=\"og:site_name\" content=\"Swiss Crochet\" \/>\n<meta property=\"article:modified_time\" content=\"2025-11-14T14:29:06+00:00\" \/>\n<meta property=\"og:image\" content=\"https:\/\/www.swisscrochet.ch\/wp-content\/uploads\/2025\/02\/Clover-Yarn-Cutter-Pedant-Overview.jpg\" \/>\n\t<meta property=\"og:image:width\" content=\"1000\" \/>\n\t<meta property=\"og:image:height\" content=\"1000\" \/>\n\t<meta property=\"og:image:type\" content=\"image\/jpeg\" \/>\n<meta name=\"twitter:card\" content=\"summary_large_image\" \/>\n<meta name=\"twitter:label1\" content=\"Dur\u00e9e de lecture estim\u00e9e\" \/>\n\t<meta name=\"twitter:data1\" content=\"1 minute\" \/>\n<script type=\"application\/ld+json\" class=\"yoast-schema-graph\">{\"@context\":\"https:\\\/\\\/schema.org\",\"@graph\":[{\"@type\":[\"WebPage\",\"ItemPage\"],\"@id\":\"https:\\\/\\\/www.swisscrochet.ch\\\/produit\\\/clover-yarn-cutter-pedant\\\/\",\"url\":\"https:\\\/\\\/www.swisscrochet.ch\\\/produit\\\/clover-yarn-cutter-pedant\\\/\",\"name\":\"Clover - Pendentif Coupe-fil &#171; Swiss Crochet\",\"isPartOf\":{\"@id\":\"https:\\\/\\\/www.swisscrochet.ch\\\/#website\"},\"primaryImageOfPage\":{\"@id\":\"https:\\\/\\\/www.swisscrochet.ch\\\/produit\\\/clover-yarn-cutter-pedant\\\/#primaryimage\"},\"image\":{\"@id\":\"https:\\\/\\\/www.swisscrochet.ch\\\/produit\\\/clover-yarn-cutter-pedant\\\/#primaryimage\"},\"thumbnailUrl\":\"https:\\\/\\\/www.swisscrochet.ch\\\/wp-content\\\/uploads\\\/2025\\\/02\\\/Clover-Yarn-Cutter-Pedant-Overview.jpg\",\"datePublished\":\"2025-02-21T18:43:19+00:00\",\"dateModified\":\"2025-11-14T14:29:06+00:00\",\"breadcrumb\":{\"@id\":\"https:\\\/\\\/www.swisscrochet.ch\\\/produit\\\/clover-yarn-cutter-pedant\\\/#breadcrumb\"},\"inLanguage\":\"fr-FR\",\"potentialAction\":[{\"@type\":\"ReadAction\",\"target\":[\"https:\\\/\\\/www.swisscrochet.ch\\\/produit\\\/clover-yarn-cutter-pedant\\\/\"]}]},{\"@type\":\"ImageObject\",\"inLanguage\":\"fr-FR\",\"@id\":\"https:\\\/\\\/www.swisscrochet.ch\\\/produit\\\/clover-yarn-cutter-pedant\\\/#primaryimage\",\"url\":\"https:\\\/\\\/www.swisscrochet.ch\\\/wp-content\\\/uploads\\\/2025\\\/02\\\/Clover-Yarn-Cutter-Pedant-Overview.jpg\",\"contentUrl\":\"https:\\\/\\\/www.swisscrochet.ch\\\/wp-content\\\/uploads\\\/2025\\\/02\\\/Clover-Yarn-Cutter-Pedant-Overview.jpg\",\"width\":1000,\"height\":1000},{\"@type\":\"BreadcrumbList\",\"@id\":\"https:\\\/\\\/www.swisscrochet.ch\\\/produit\\\/clover-yarn-cutter-pedant\\\/#breadcrumb\",\"itemListElement\":[{\"@type\":\"ListItem\",\"position\":1,\"name\":\"Home\",\"item\":\"https:\\\/\\\/www.swisscrochet.ch\\\/fr\\\/\"},{\"@type\":\"ListItem\",\"position\":2,\"name\":\"Boutique\",\"item\":\"https:\\\/\\\/www.swisscrochet.ch\\\/fr\\\/boutique\\\/\"},{\"@type\":\"ListItem\",\"position\":3,\"name\":\"Clover &#8211; Pendentif Coupe-fil\"}]},{\"@type\":\"WebSite\",\"@id\":\"https:\\\/\\\/www.swisscrochet.ch\\\/#website\",\"url\":\"https:\\\/\\\/www.swisscrochet.ch\\\/\",\"name\":\"Swiss Crochet\",\"description\":\"Lib\u00e9rez votre potentiel cr\u00e9atif\",\"potentialAction\":[{\"@type\":\"SearchAction\",\"target\":{\"@type\":\"EntryPoint\",\"urlTemplate\":\"https:\\\/\\\/www.swisscrochet.ch\\\/?s={search_term_string}\"},\"query-input\":{\"@type\":\"PropertyValueSpecification\",\"valueRequired\":true,\"valueName\":\"search_term_string\"}}],\"inLanguage\":\"fr-FR\"}]}<\/script>\n<!-- \/ Yoast SEO plugin. -->","yoast_head_json":{"title":"Clover - Pendentif Coupe-fil &#171; Swiss Crochet","robots":{"index":"index","follow":"follow","max-snippet":"max-snippet:-1","max-image-preview":"max-image-preview:large","max-video-preview":"max-video-preview:-1"},"canonical":"https:\/\/www.swisscrochet.ch\/produit\/clover-yarn-cutter-pedant\/","og_locale":"fr_FR","og_type":"article","og_title":"Clover - Pendentif Coupe-fil &#171; Swiss Crochet","og_description":"Le pendentif coupe-fil Clover est un accessoire essentiel pour les artisans qui aiment cr\u00e9er en d\u00e9placement. Con\u00e7u pour \u00eatre port\u00e9 sur une cha\u00eene ou un cordon en cuir en tant que collier, cet outil pratique est parfait pour couper tous types de fils et de laine. S\u00fbr \u00e0 utiliser et \u00e0 emporter dans les avions, il respecte les r\u00e9glementations internationales concernant les objets tranchants, ce qui en fait un choix id\u00e9al pour les voyages.  Inspir\u00e9 du design du Shuriken japonais, ce pendentif \u00e9l\u00e9gant combine fonctionnalit\u00e9 et artisanat unique.  Couleur : Or antique Diam\u00e8tre du pendentif (hors fixation) : 3.5 cm Cha\u00eene de collier ou cordon non inclus.","og_url":"https:\/\/www.swisscrochet.ch\/produit\/clover-yarn-cutter-pedant\/","og_site_name":"Swiss Crochet","article_modified_time":"2025-11-14T14:29:06+00:00","og_image":[{"width":1000,"height":1000,"url":"https:\/\/www.swisscrochet.ch\/wp-content\/uploads\/2025\/02\/Clover-Yarn-Cutter-Pedant-Overview.jpg","type":"image\/jpeg"}],"twitter_card":"summary_large_image","twitter_misc":{"Dur\u00e9e de lecture estim\u00e9e":"1 minute"},"schema":{"@context":"https:\/\/schema.org","@graph":[{"@type":["WebPage","ItemPage"],"@id":"https:\/\/www.swisscrochet.ch\/produit\/clover-yarn-cutter-pedant\/","url":"https:\/\/www.swisscrochet.ch\/produit\/clover-yarn-cutter-pedant\/","name":"Clover - Pendentif Coupe-fil &#171; Swiss Crochet","isPartOf":{"@id":"https:\/\/www.swisscrochet.ch\/#website"},"primaryImageOfPage":{"@id":"https:\/\/www.swisscrochet.ch\/produit\/clover-yarn-cutter-pedant\/#primaryimage"},"image":{"@id":"https:\/\/www.swisscrochet.ch\/produit\/clover-yarn-cutter-pedant\/#primaryimage"},"thumbnailUrl":"https:\/\/www.swisscrochet.ch\/wp-content\/uploads\/2025\/02\/Clover-Yarn-Cutter-Pedant-Overview.jpg","datePublished":"2025-02-21T18:43:19+00:00","dateModified":"2025-11-14T14:29:06+00:00","breadcrumb":{"@id":"https:\/\/www.swisscrochet.ch\/produit\/clover-yarn-cutter-pedant\/#breadcrumb"},"inLanguage":"fr-FR","potentialAction":[{"@type":"ReadAction","target":["https:\/\/www.swisscrochet.ch\/produit\/clover-yarn-cutter-pedant\/"]}]},{"@type":"ImageObject","inLanguage":"fr-FR","@id":"https:\/\/www.swisscrochet.ch\/produit\/clover-yarn-cutter-pedant\/#primaryimage","url":"https:\/\/www.swisscrochet.ch\/wp-content\/uploads\/2025\/02\/Clover-Yarn-Cutter-Pedant-Overview.jpg","contentUrl":"https:\/\/www.swisscrochet.ch\/wp-content\/uploads\/2025\/02\/Clover-Yarn-Cutter-Pedant-Overview.jpg","width":1000,"height":1000},{"@type":"BreadcrumbList","@id":"https:\/\/www.swisscrochet.ch\/produit\/clover-yarn-cutter-pedant\/#breadcrumb","itemListElement":[{"@type":"ListItem","position":1,"name":"Home","item":"https:\/\/www.swisscrochet.ch\/fr\/"},{"@type":"ListItem","position":2,"name":"Boutique","item":"https:\/\/www.swisscrochet.ch\/fr\/boutique\/"},{"@type":"ListItem","position":3,"name":"Clover &#8211; Pendentif Coupe-fil"}]},{"@type":"WebSite","@id":"https:\/\/www.swisscrochet.ch\/#website","url":"https:\/\/www.swisscrochet.ch\/","name":"Swiss Crochet","description":"Lib\u00e9rez votre potentiel cr\u00e9atif","potentialAction":[{"@type":"SearchAction","target":{"@type":"EntryPoint","urlTemplate":"https:\/\/www.swisscrochet.ch\/?s={search_term_string}"},"query-input":{"@type":"PropertyValueSpecification","valueRequired":true,"valueName":"search_term_string"}}],"inLanguage":"fr-FR"}]}},"_links":{"self":[{"href":"https:\/\/www.swisscrochet.ch\/fr\/wp-json\/wp\/v2\/product\/4704","targetHints":{"allow":["GET"]}}],"collection":[{"href":"https:\/\/www.swisscrochet.ch\/fr\/wp-json\/wp\/v2\/product"}],"about":[{"href":"https:\/\/www.swisscrochet.ch\/fr\/wp-json\/wp\/v2\/types\/product"}],"wp:featuredmedia":[{"embeddable":true,"href":"https:\/\/www.swisscrochet.ch\/fr\/wp-json\/wp\/v2\/media\/4615"}],"wp:attachment":[{"href":"https:\/\/www.swisscrochet.ch\/fr\/wp-json\/wp\/v2\/media?parent=4704"}],"wp:term":[{"taxonomy":"product_brand","embeddable":true,"href":"https:\/\/www.swisscrochet.ch\/fr\/wp-json\/wp\/v2\/product_brand?post=4704"},{"taxonomy":"product_cat","embeddable":true,"href":"https:\/\/www.swisscrochet.ch\/fr\/wp-json\/wp\/v2\/product_cat?post=4704"},{"taxonomy":"product_tag","embeddable":true,"href":"https:\/\/www.swisscrochet.ch\/fr\/wp-json\/wp\/v2\/product_tag?post=4704"}],"curies":[{"name":"wp","href":"https:\/\/api.w.org\/{rel}","templated":true}]}}