{"id":4712,"date":"2025-02-21T19:41:20","date_gmt":"2025-02-21T18:41:20","guid":{"rendered":"https:\/\/www.swisscrochet.ch\/product\/clover-super-jumbo-tapestry-needle-set\/"},"modified":"2026-04-10T00:43:56","modified_gmt":"2026-04-09T22:43:56","slug":"clover-ensemble-daiguilles-a-tapisserie-super-jumbo","status":"publish","type":"product","link":"https:\/\/www.swisscrochet.ch\/fr\/produit\/clover-ensemble-daiguilles-a-tapisserie-super-jumbo\/","title":{"rendered":"Clover &#8211; Ensemble d&rsquo;aiguilles \u00e0 tapisserie Super Jumbo"},"content":{"rendered":"","protected":false},"excerpt":{"rendered":"<p>L&rsquo;ensemble d&rsquo;aiguilles \u00e0 tapisserie Super Jumbo Clover comprend deux aiguilles en plastique, sp\u00e9cialement con\u00e7ues pour \u00eatre utilis\u00e9es avec des fils Bulky, Super Bulky et Jumbo.<\/p>\n<p>Ces aiguilles pr\u00e9sentent une pointe \u00e9mouss\u00e9e et courb\u00e9e, leur permettant de glisser en douceur \u00e0 travers les mailles sans diviser les fibres.<\/p>\n<p>Id\u00e9ales pour la broderie sur tissu au crochet, pour assembler des pi\u00e8ces ou pour rentrer les fils, ces aiguilles polyvalentes sont des outils essentiels pour tout artisan.<\/p>\n<p>Chaque set contient deux aiguilles \u00e0 tapisserie, mesurant 8 cm et 9 cm de longueur.<\/p>\n","protected":false},"featured_media":4603,"template":"","meta":[],"product_brand":[],"product_cat":[569,221],"product_tag":[],"class_list":{"0":"post-4712","1":"product","2":"type-product","3":"status-publish","4":"has-post-thumbnail","6":"product_cat-aiguilles-a-tapisserie","7":"product_cat-crochets-et-outils","8":"product_shipping_class-petits-envois","9":"pa_t1-manufacturer-clover-fr","10":"description-off","12":"first","13":"instock","14":"taxable","15":"shipping-taxable","16":"purchasable","17":"product-type-simple"},"bundled_by":["10395"],"bundle_stock_status":"instock","bundle_stock_quantity":4,"bundle_virtual":false,"bundle_layout":"","bundle_add_to_cart_form_location":"","bundle_editable_in_cart":false,"bundle_sold_individually_context":"","bundle_item_grouping":"","bundle_min_size":"","bundle_max_size":"","bundle_price":[],"bundled_items":[],"bundle_sell_ids":[],"yoast_head":"<!-- This site is optimized with the Yoast SEO plugin v27.4 - https:\/\/yoast.com\/product\/yoast-seo-wordpress\/ -->\n<title>Clover - Ensemble d&#039;aiguilles \u00e0 tapisserie Super Jumbo &#171; Swiss Crochet<\/title>\n<meta name=\"robots\" content=\"index, follow, max-snippet:-1, max-image-preview:large, max-video-preview:-1\" \/>\n<link rel=\"canonical\" href=\"https:\/\/www.swisscrochet.ch\/fr\/produit\/clover-ensemble-daiguilles-a-tapisserie-super-jumbo\/\" \/>\n<meta property=\"og:locale\" content=\"fr_FR\" \/>\n<meta property=\"og:type\" content=\"article\" \/>\n<meta property=\"og:title\" content=\"Clover - Ensemble d&#039;aiguilles \u00e0 tapisserie Super Jumbo &#171; Swiss Crochet\" \/>\n<meta property=\"og:description\" content=\"L&#039;ensemble d&#039;aiguilles \u00e0 tapisserie Super Jumbo Clover comprend deux aiguilles en plastique, sp\u00e9cialement con\u00e7ues pour \u00eatre utilis\u00e9es avec des fils Bulky, Super Bulky et Jumbo.  Ces aiguilles pr\u00e9sentent une pointe \u00e9mouss\u00e9e et courb\u00e9e, leur permettant de glisser en douceur \u00e0 travers les mailles sans diviser les fibres.  Id\u00e9ales pour la broderie sur tissu au crochet, pour assembler des pi\u00e8ces ou pour rentrer les fils, ces aiguilles polyvalentes sont des outils essentiels pour tout artisan.  Chaque set contient deux aiguilles \u00e0 tapisserie, mesurant 8 cm et 9 cm de longueur.\" \/>\n<meta property=\"og:url\" content=\"https:\/\/www.swisscrochet.ch\/fr\/produit\/clover-ensemble-daiguilles-a-tapisserie-super-jumbo\/\" \/>\n<meta property=\"og:site_name\" content=\"Swiss Crochet\" \/>\n<meta property=\"article:modified_time\" content=\"2026-04-09T22:43:56+00:00\" \/>\n<meta property=\"og:image\" content=\"https:\/\/www.swisscrochet.ch\/wp-content\/uploads\/2025\/02\/Clover-Super-Jumbo-Tapestry-Needles-Set-Overview.jpg\" \/>\n\t<meta property=\"og:image:width\" content=\"1000\" \/>\n\t<meta property=\"og:image:height\" content=\"1000\" \/>\n\t<meta property=\"og:image:type\" content=\"image\/jpeg\" \/>\n<meta name=\"twitter:card\" content=\"summary_large_image\" \/>\n<meta name=\"twitter:label1\" content=\"Dur\u00e9e de lecture estim\u00e9e\" \/>\n\t<meta name=\"twitter:data1\" content=\"1 minute\" \/>\n<script type=\"application\/ld+json\" class=\"yoast-schema-graph\">{\"@context\":\"https:\\\/\\\/schema.org\",\"@graph\":[{\"@type\":[\"WebPage\",\"ItemPage\"],\"@id\":\"https:\\\/\\\/www.swisscrochet.ch\\\/fr\\\/produit\\\/clover-ensemble-daiguilles-a-tapisserie-super-jumbo\\\/\",\"url\":\"https:\\\/\\\/www.swisscrochet.ch\\\/fr\\\/produit\\\/clover-ensemble-daiguilles-a-tapisserie-super-jumbo\\\/\",\"name\":\"Clover - Ensemble d'aiguilles \u00e0 tapisserie Super Jumbo &#171; Swiss Crochet\",\"isPartOf\":{\"@id\":\"https:\\\/\\\/www.swisscrochet.ch\\\/#website\"},\"primaryImageOfPage\":{\"@id\":\"https:\\\/\\\/www.swisscrochet.ch\\\/fr\\\/produit\\\/clover-ensemble-daiguilles-a-tapisserie-super-jumbo\\\/#primaryimage\"},\"image\":{\"@id\":\"https:\\\/\\\/www.swisscrochet.ch\\\/fr\\\/produit\\\/clover-ensemble-daiguilles-a-tapisserie-super-jumbo\\\/#primaryimage\"},\"thumbnailUrl\":\"https:\\\/\\\/www.swisscrochet.ch\\\/wp-content\\\/uploads\\\/2025\\\/02\\\/Clover-Super-Jumbo-Tapestry-Needles-Set-Overview.jpg\",\"datePublished\":\"2025-02-21T18:41:20+00:00\",\"dateModified\":\"2026-04-09T22:43:56+00:00\",\"breadcrumb\":{\"@id\":\"https:\\\/\\\/www.swisscrochet.ch\\\/fr\\\/produit\\\/clover-ensemble-daiguilles-a-tapisserie-super-jumbo\\\/#breadcrumb\"},\"inLanguage\":\"fr-FR\",\"potentialAction\":[{\"@type\":\"ReadAction\",\"target\":[\"https:\\\/\\\/www.swisscrochet.ch\\\/fr\\\/produit\\\/clover-ensemble-daiguilles-a-tapisserie-super-jumbo\\\/\"]}]},{\"@type\":\"ImageObject\",\"inLanguage\":\"fr-FR\",\"@id\":\"https:\\\/\\\/www.swisscrochet.ch\\\/fr\\\/produit\\\/clover-ensemble-daiguilles-a-tapisserie-super-jumbo\\\/#primaryimage\",\"url\":\"https:\\\/\\\/www.swisscrochet.ch\\\/wp-content\\\/uploads\\\/2025\\\/02\\\/Clover-Super-Jumbo-Tapestry-Needles-Set-Overview.jpg\",\"contentUrl\":\"https:\\\/\\\/www.swisscrochet.ch\\\/wp-content\\\/uploads\\\/2025\\\/02\\\/Clover-Super-Jumbo-Tapestry-Needles-Set-Overview.jpg\",\"width\":1000,\"height\":1000},{\"@type\":\"BreadcrumbList\",\"@id\":\"https:\\\/\\\/www.swisscrochet.ch\\\/fr\\\/produit\\\/clover-ensemble-daiguilles-a-tapisserie-super-jumbo\\\/#breadcrumb\",\"itemListElement\":[{\"@type\":\"ListItem\",\"position\":1,\"name\":\"Home\",\"item\":\"https:\\\/\\\/www.swisscrochet.ch\\\/fr\\\/\"},{\"@type\":\"ListItem\",\"position\":2,\"name\":\"Boutique\",\"item\":\"https:\\\/\\\/www.swisscrochet.ch\\\/fr\\\/boutique\\\/\"},{\"@type\":\"ListItem\",\"position\":3,\"name\":\"Clover &#8211; Ensemble d&rsquo;aiguilles \u00e0 tapisserie Super Jumbo\"}]},{\"@type\":\"WebSite\",\"@id\":\"https:\\\/\\\/www.swisscrochet.ch\\\/#website\",\"url\":\"https:\\\/\\\/www.swisscrochet.ch\\\/\",\"name\":\"Swiss Crochet\",\"description\":\"Lib\u00e9rez votre potentiel cr\u00e9atif\",\"potentialAction\":[{\"@type\":\"SearchAction\",\"target\":{\"@type\":\"EntryPoint\",\"urlTemplate\":\"https:\\\/\\\/www.swisscrochet.ch\\\/?s={search_term_string}\"},\"query-input\":{\"@type\":\"PropertyValueSpecification\",\"valueRequired\":true,\"valueName\":\"search_term_string\"}}],\"inLanguage\":\"fr-FR\"}]}<\/script>\n<!-- \/ Yoast SEO plugin. -->","yoast_head_json":{"title":"Clover - Ensemble d'aiguilles \u00e0 tapisserie Super Jumbo &#171; Swiss Crochet","robots":{"index":"index","follow":"follow","max-snippet":"max-snippet:-1","max-image-preview":"max-image-preview:large","max-video-preview":"max-video-preview:-1"},"canonical":"https:\/\/www.swisscrochet.ch\/fr\/produit\/clover-ensemble-daiguilles-a-tapisserie-super-jumbo\/","og_locale":"fr_FR","og_type":"article","og_title":"Clover - Ensemble d'aiguilles \u00e0 tapisserie Super Jumbo &#171; Swiss Crochet","og_description":"L'ensemble d'aiguilles \u00e0 tapisserie Super Jumbo Clover comprend deux aiguilles en plastique, sp\u00e9cialement con\u00e7ues pour \u00eatre utilis\u00e9es avec des fils Bulky, Super Bulky et Jumbo.  Ces aiguilles pr\u00e9sentent une pointe \u00e9mouss\u00e9e et courb\u00e9e, leur permettant de glisser en douceur \u00e0 travers les mailles sans diviser les fibres.  Id\u00e9ales pour la broderie sur tissu au crochet, pour assembler des pi\u00e8ces ou pour rentrer les fils, ces aiguilles polyvalentes sont des outils essentiels pour tout artisan.  Chaque set contient deux aiguilles \u00e0 tapisserie, mesurant 8 cm et 9 cm de longueur.","og_url":"https:\/\/www.swisscrochet.ch\/fr\/produit\/clover-ensemble-daiguilles-a-tapisserie-super-jumbo\/","og_site_name":"Swiss Crochet","article_modified_time":"2026-04-09T22:43:56+00:00","og_image":[{"width":1000,"height":1000,"url":"https:\/\/www.swisscrochet.ch\/wp-content\/uploads\/2025\/02\/Clover-Super-Jumbo-Tapestry-Needles-Set-Overview.jpg","type":"image\/jpeg"}],"twitter_card":"summary_large_image","twitter_misc":{"Dur\u00e9e de lecture estim\u00e9e":"1 minute"},"schema":{"@context":"https:\/\/schema.org","@graph":[{"@type":["WebPage","ItemPage"],"@id":"https:\/\/www.swisscrochet.ch\/fr\/produit\/clover-ensemble-daiguilles-a-tapisserie-super-jumbo\/","url":"https:\/\/www.swisscrochet.ch\/fr\/produit\/clover-ensemble-daiguilles-a-tapisserie-super-jumbo\/","name":"Clover - Ensemble d'aiguilles \u00e0 tapisserie Super Jumbo &#171; Swiss Crochet","isPartOf":{"@id":"https:\/\/www.swisscrochet.ch\/#website"},"primaryImageOfPage":{"@id":"https:\/\/www.swisscrochet.ch\/fr\/produit\/clover-ensemble-daiguilles-a-tapisserie-super-jumbo\/#primaryimage"},"image":{"@id":"https:\/\/www.swisscrochet.ch\/fr\/produit\/clover-ensemble-daiguilles-a-tapisserie-super-jumbo\/#primaryimage"},"thumbnailUrl":"https:\/\/www.swisscrochet.ch\/wp-content\/uploads\/2025\/02\/Clover-Super-Jumbo-Tapestry-Needles-Set-Overview.jpg","datePublished":"2025-02-21T18:41:20+00:00","dateModified":"2026-04-09T22:43:56+00:00","breadcrumb":{"@id":"https:\/\/www.swisscrochet.ch\/fr\/produit\/clover-ensemble-daiguilles-a-tapisserie-super-jumbo\/#breadcrumb"},"inLanguage":"fr-FR","potentialAction":[{"@type":"ReadAction","target":["https:\/\/www.swisscrochet.ch\/fr\/produit\/clover-ensemble-daiguilles-a-tapisserie-super-jumbo\/"]}]},{"@type":"ImageObject","inLanguage":"fr-FR","@id":"https:\/\/www.swisscrochet.ch\/fr\/produit\/clover-ensemble-daiguilles-a-tapisserie-super-jumbo\/#primaryimage","url":"https:\/\/www.swisscrochet.ch\/wp-content\/uploads\/2025\/02\/Clover-Super-Jumbo-Tapestry-Needles-Set-Overview.jpg","contentUrl":"https:\/\/www.swisscrochet.ch\/wp-content\/uploads\/2025\/02\/Clover-Super-Jumbo-Tapestry-Needles-Set-Overview.jpg","width":1000,"height":1000},{"@type":"BreadcrumbList","@id":"https:\/\/www.swisscrochet.ch\/fr\/produit\/clover-ensemble-daiguilles-a-tapisserie-super-jumbo\/#breadcrumb","itemListElement":[{"@type":"ListItem","position":1,"name":"Home","item":"https:\/\/www.swisscrochet.ch\/fr\/"},{"@type":"ListItem","position":2,"name":"Boutique","item":"https:\/\/www.swisscrochet.ch\/fr\/boutique\/"},{"@type":"ListItem","position":3,"name":"Clover &#8211; Ensemble d&rsquo;aiguilles \u00e0 tapisserie Super Jumbo"}]},{"@type":"WebSite","@id":"https:\/\/www.swisscrochet.ch\/#website","url":"https:\/\/www.swisscrochet.ch\/","name":"Swiss Crochet","description":"Lib\u00e9rez votre potentiel cr\u00e9atif","potentialAction":[{"@type":"SearchAction","target":{"@type":"EntryPoint","urlTemplate":"https:\/\/www.swisscrochet.ch\/?s={search_term_string}"},"query-input":{"@type":"PropertyValueSpecification","valueRequired":true,"valueName":"search_term_string"}}],"inLanguage":"fr-FR"}]}},"_links":{"self":[{"href":"https:\/\/www.swisscrochet.ch\/fr\/wp-json\/wp\/v2\/product\/4712","targetHints":{"allow":["GET"]}}],"collection":[{"href":"https:\/\/www.swisscrochet.ch\/fr\/wp-json\/wp\/v2\/product"}],"about":[{"href":"https:\/\/www.swisscrochet.ch\/fr\/wp-json\/wp\/v2\/types\/product"}],"wp:featuredmedia":[{"embeddable":true,"href":"https:\/\/www.swisscrochet.ch\/fr\/wp-json\/wp\/v2\/media\/4603"}],"wp:attachment":[{"href":"https:\/\/www.swisscrochet.ch\/fr\/wp-json\/wp\/v2\/media?parent=4712"}],"wp:term":[{"taxonomy":"product_brand","embeddable":true,"href":"https:\/\/www.swisscrochet.ch\/fr\/wp-json\/wp\/v2\/product_brand?post=4712"},{"taxonomy":"product_cat","embeddable":true,"href":"https:\/\/www.swisscrochet.ch\/fr\/wp-json\/wp\/v2\/product_cat?post=4712"},{"taxonomy":"product_tag","embeddable":true,"href":"https:\/\/www.swisscrochet.ch\/fr\/wp-json\/wp\/v2\/product_tag?post=4712"}],"curies":[{"name":"wp","href":"https:\/\/api.w.org\/{rel}","templated":true}]}}