{"id":5002,"date":"2025-02-28T14:13:42","date_gmt":"2025-02-28T13:13:42","guid":{"rendered":"https:\/\/www.swisscrochet.ch\/product\/scheepjes-gauge-tool\/"},"modified":"2025-03-13T16:11:33","modified_gmt":"2025-03-13T15:11:33","slug":"scheepjes-outil-de-mesure-dechantillon","status":"publish","type":"product","link":"https:\/\/www.swisscrochet.ch\/fr\/produit\/scheepjes-outil-de-mesure-dechantillon\/","title":{"rendered":"Scheepjes &#8211; Outil de mesure d\u2019\u00e9chantillon"},"content":{"rendered":"","protected":false},"excerpt":{"rendered":"<p>L\u2019outil de mesure d\u2019\u00e9chantillon Scheepjes est un accessoire \u00e0 la fois mignon et pratique pour les crocheteuses. Con\u00e7u en forme de mouton charmant, il vous aide \u00e0 mesurer facilement votre \u00e9chantillon. De plus, le v\u00e9rificateur de taille de crochet int\u00e9gr\u00e9 en haut et en bas permet de d\u00e9terminer rapidement les tailles allant de 2.00 mm \u00e0 12.00 mm.<\/p>\n<p>Toutes les mesures sont indiqu\u00e9es en syst\u00e8me m\u00e9trique, ce qui en fait un outil pratique pour des mesures pr\u00e9cises et exactes.<\/p>\n","protected":false},"featured_media":4683,"template":"","meta":[],"product_brand":[],"product_cat":[221,563],"product_tag":[],"class_list":{"0":"post-5002","1":"product","2":"type-product","3":"status-publish","4":"has-post-thumbnail","6":"product_cat-crochets-et-outils","7":"product_cat-outils-de-mesure-et-de-coupe","8":"product_shipping_class-petits-envois","9":"pa_t1-manufacturer-scheepjes-fr","10":"description-off","12":"first","13":"instock","14":"taxable","15":"shipping-taxable","16":"purchasable","17":"product-type-simple"},"bundled_by":["10380"],"bundle_stock_status":"instock","bundle_stock_quantity":9,"bundle_virtual":false,"bundle_layout":"","bundle_add_to_cart_form_location":"","bundle_editable_in_cart":false,"bundle_sold_individually_context":"","bundle_item_grouping":"","bundle_min_size":"","bundle_max_size":"","bundle_price":[],"bundled_items":[],"bundle_sell_ids":[],"yoast_head":"<!-- This site is optimized with the Yoast SEO plugin v27.5 - https:\/\/yoast.com\/product\/yoast-seo-wordpress\/ -->\n<title>Scheepjes - Outil de mesure d\u2019\u00e9chantillon &#171; Swiss Crochet<\/title>\n<meta name=\"description\" content=\"Mesurez votre \u00e9chantillon de tension et v\u00e9rifiez les tailles de crochet (2.00 mm\u201312 mm) avec cet outil en forme de mouton. Toutes les mesures sont en syst\u00e8me m\u00e9trique.\" \/>\n<meta name=\"robots\" content=\"index, follow, max-snippet:-1, max-image-preview:large, max-video-preview:-1\" \/>\n<link rel=\"canonical\" href=\"https:\/\/www.swisscrochet.ch\/produit\/scheepjes-gauge-tool\/\" \/>\n<meta property=\"og:locale\" content=\"fr_FR\" \/>\n<meta property=\"og:type\" content=\"article\" \/>\n<meta property=\"og:title\" content=\"Scheepjes - Outil de mesure d\u2019\u00e9chantillon &#171; Swiss Crochet\" \/>\n<meta property=\"og:description\" content=\"Mesurez votre \u00e9chantillon de tension et v\u00e9rifiez les tailles de crochet (2.00 mm\u201312 mm) avec cet outil en forme de mouton. Toutes les mesures sont en syst\u00e8me m\u00e9trique.\" \/>\n<meta property=\"og:url\" content=\"https:\/\/www.swisscrochet.ch\/produit\/scheepjes-gauge-tool\/\" \/>\n<meta property=\"og:site_name\" content=\"Swiss Crochet\" \/>\n<meta property=\"article:modified_time\" content=\"2025-03-13T15:11:33+00:00\" \/>\n<meta property=\"og:image\" content=\"https:\/\/www.swisscrochet.ch\/wp-content\/uploads\/2025\/02\/Scheepjes-Gauge-Tool-Overview.jpg\" \/>\n\t<meta property=\"og:image:width\" content=\"1000\" \/>\n\t<meta property=\"og:image:height\" content=\"1000\" \/>\n\t<meta property=\"og:image:type\" content=\"image\/jpeg\" \/>\n<meta name=\"twitter:card\" content=\"summary_large_image\" \/>\n<meta name=\"twitter:label1\" content=\"Dur\u00e9e de lecture estim\u00e9e\" \/>\n\t<meta name=\"twitter:data1\" content=\"1 minute\" \/>\n<script type=\"application\/ld+json\" class=\"yoast-schema-graph\">{\"@context\":\"https:\\\/\\\/schema.org\",\"@graph\":[{\"@type\":[\"WebPage\",\"ItemPage\"],\"@id\":\"https:\\\/\\\/www.swisscrochet.ch\\\/produit\\\/scheepjes-gauge-tool\\\/\",\"url\":\"https:\\\/\\\/www.swisscrochet.ch\\\/produit\\\/scheepjes-gauge-tool\\\/\",\"name\":\"Scheepjes - Outil de mesure d\u2019\u00e9chantillon &#171; Swiss Crochet\",\"isPartOf\":{\"@id\":\"https:\\\/\\\/www.swisscrochet.ch\\\/#website\"},\"primaryImageOfPage\":{\"@id\":\"https:\\\/\\\/www.swisscrochet.ch\\\/produit\\\/scheepjes-gauge-tool\\\/#primaryimage\"},\"image\":{\"@id\":\"https:\\\/\\\/www.swisscrochet.ch\\\/produit\\\/scheepjes-gauge-tool\\\/#primaryimage\"},\"thumbnailUrl\":\"https:\\\/\\\/www.swisscrochet.ch\\\/wp-content\\\/uploads\\\/2025\\\/02\\\/Scheepjes-Gauge-Tool-Overview.jpg\",\"datePublished\":\"2025-02-28T13:13:42+00:00\",\"dateModified\":\"2025-03-13T15:11:33+00:00\",\"description\":\"Mesurez votre \u00e9chantillon de tension et v\u00e9rifiez les tailles de crochet (2.00 mm\u201312 mm) avec cet outil en forme de mouton. Toutes les mesures sont en syst\u00e8me m\u00e9trique.\",\"breadcrumb\":{\"@id\":\"https:\\\/\\\/www.swisscrochet.ch\\\/produit\\\/scheepjes-gauge-tool\\\/#breadcrumb\"},\"inLanguage\":\"fr-FR\",\"potentialAction\":[{\"@type\":\"ReadAction\",\"target\":[\"https:\\\/\\\/www.swisscrochet.ch\\\/produit\\\/scheepjes-gauge-tool\\\/\"]}]},{\"@type\":\"ImageObject\",\"inLanguage\":\"fr-FR\",\"@id\":\"https:\\\/\\\/www.swisscrochet.ch\\\/produit\\\/scheepjes-gauge-tool\\\/#primaryimage\",\"url\":\"https:\\\/\\\/www.swisscrochet.ch\\\/wp-content\\\/uploads\\\/2025\\\/02\\\/Scheepjes-Gauge-Tool-Overview.jpg\",\"contentUrl\":\"https:\\\/\\\/www.swisscrochet.ch\\\/wp-content\\\/uploads\\\/2025\\\/02\\\/Scheepjes-Gauge-Tool-Overview.jpg\",\"width\":1000,\"height\":1000},{\"@type\":\"BreadcrumbList\",\"@id\":\"https:\\\/\\\/www.swisscrochet.ch\\\/produit\\\/scheepjes-gauge-tool\\\/#breadcrumb\",\"itemListElement\":[{\"@type\":\"ListItem\",\"position\":1,\"name\":\"Home\",\"item\":\"https:\\\/\\\/www.swisscrochet.ch\\\/fr\\\/\"},{\"@type\":\"ListItem\",\"position\":2,\"name\":\"Boutique\",\"item\":\"https:\\\/\\\/www.swisscrochet.ch\\\/fr\\\/boutique\\\/\"},{\"@type\":\"ListItem\",\"position\":3,\"name\":\"Scheepjes &#8211; Outil de mesure d\u2019\u00e9chantillon\"}]},{\"@type\":\"WebSite\",\"@id\":\"https:\\\/\\\/www.swisscrochet.ch\\\/#website\",\"url\":\"https:\\\/\\\/www.swisscrochet.ch\\\/\",\"name\":\"Swiss Crochet\",\"description\":\"Lib\u00e9rez votre potentiel cr\u00e9atif\",\"potentialAction\":[{\"@type\":\"SearchAction\",\"target\":{\"@type\":\"EntryPoint\",\"urlTemplate\":\"https:\\\/\\\/www.swisscrochet.ch\\\/?s={search_term_string}\"},\"query-input\":{\"@type\":\"PropertyValueSpecification\",\"valueRequired\":true,\"valueName\":\"search_term_string\"}}],\"inLanguage\":\"fr-FR\"}]}<\/script>\n<!-- \/ Yoast SEO plugin. -->","yoast_head_json":{"title":"Scheepjes - Outil de mesure d\u2019\u00e9chantillon &#171; Swiss Crochet","description":"Mesurez votre \u00e9chantillon de tension et v\u00e9rifiez les tailles de crochet (2.00 mm\u201312 mm) avec cet outil en forme de mouton. Toutes les mesures sont en syst\u00e8me m\u00e9trique.","robots":{"index":"index","follow":"follow","max-snippet":"max-snippet:-1","max-image-preview":"max-image-preview:large","max-video-preview":"max-video-preview:-1"},"canonical":"https:\/\/www.swisscrochet.ch\/produit\/scheepjes-gauge-tool\/","og_locale":"fr_FR","og_type":"article","og_title":"Scheepjes - Outil de mesure d\u2019\u00e9chantillon &#171; Swiss Crochet","og_description":"Mesurez votre \u00e9chantillon de tension et v\u00e9rifiez les tailles de crochet (2.00 mm\u201312 mm) avec cet outil en forme de mouton. Toutes les mesures sont en syst\u00e8me m\u00e9trique.","og_url":"https:\/\/www.swisscrochet.ch\/produit\/scheepjes-gauge-tool\/","og_site_name":"Swiss Crochet","article_modified_time":"2025-03-13T15:11:33+00:00","og_image":[{"width":1000,"height":1000,"url":"https:\/\/www.swisscrochet.ch\/wp-content\/uploads\/2025\/02\/Scheepjes-Gauge-Tool-Overview.jpg","type":"image\/jpeg"}],"twitter_card":"summary_large_image","twitter_misc":{"Dur\u00e9e de lecture estim\u00e9e":"1 minute"},"schema":{"@context":"https:\/\/schema.org","@graph":[{"@type":["WebPage","ItemPage"],"@id":"https:\/\/www.swisscrochet.ch\/produit\/scheepjes-gauge-tool\/","url":"https:\/\/www.swisscrochet.ch\/produit\/scheepjes-gauge-tool\/","name":"Scheepjes - Outil de mesure d\u2019\u00e9chantillon &#171; Swiss Crochet","isPartOf":{"@id":"https:\/\/www.swisscrochet.ch\/#website"},"primaryImageOfPage":{"@id":"https:\/\/www.swisscrochet.ch\/produit\/scheepjes-gauge-tool\/#primaryimage"},"image":{"@id":"https:\/\/www.swisscrochet.ch\/produit\/scheepjes-gauge-tool\/#primaryimage"},"thumbnailUrl":"https:\/\/www.swisscrochet.ch\/wp-content\/uploads\/2025\/02\/Scheepjes-Gauge-Tool-Overview.jpg","datePublished":"2025-02-28T13:13:42+00:00","dateModified":"2025-03-13T15:11:33+00:00","description":"Mesurez votre \u00e9chantillon de tension et v\u00e9rifiez les tailles de crochet (2.00 mm\u201312 mm) avec cet outil en forme de mouton. Toutes les mesures sont en syst\u00e8me m\u00e9trique.","breadcrumb":{"@id":"https:\/\/www.swisscrochet.ch\/produit\/scheepjes-gauge-tool\/#breadcrumb"},"inLanguage":"fr-FR","potentialAction":[{"@type":"ReadAction","target":["https:\/\/www.swisscrochet.ch\/produit\/scheepjes-gauge-tool\/"]}]},{"@type":"ImageObject","inLanguage":"fr-FR","@id":"https:\/\/www.swisscrochet.ch\/produit\/scheepjes-gauge-tool\/#primaryimage","url":"https:\/\/www.swisscrochet.ch\/wp-content\/uploads\/2025\/02\/Scheepjes-Gauge-Tool-Overview.jpg","contentUrl":"https:\/\/www.swisscrochet.ch\/wp-content\/uploads\/2025\/02\/Scheepjes-Gauge-Tool-Overview.jpg","width":1000,"height":1000},{"@type":"BreadcrumbList","@id":"https:\/\/www.swisscrochet.ch\/produit\/scheepjes-gauge-tool\/#breadcrumb","itemListElement":[{"@type":"ListItem","position":1,"name":"Home","item":"https:\/\/www.swisscrochet.ch\/fr\/"},{"@type":"ListItem","position":2,"name":"Boutique","item":"https:\/\/www.swisscrochet.ch\/fr\/boutique\/"},{"@type":"ListItem","position":3,"name":"Scheepjes &#8211; Outil de mesure d\u2019\u00e9chantillon"}]},{"@type":"WebSite","@id":"https:\/\/www.swisscrochet.ch\/#website","url":"https:\/\/www.swisscrochet.ch\/","name":"Swiss Crochet","description":"Lib\u00e9rez votre potentiel cr\u00e9atif","potentialAction":[{"@type":"SearchAction","target":{"@type":"EntryPoint","urlTemplate":"https:\/\/www.swisscrochet.ch\/?s={search_term_string}"},"query-input":{"@type":"PropertyValueSpecification","valueRequired":true,"valueName":"search_term_string"}}],"inLanguage":"fr-FR"}]}},"_links":{"self":[{"href":"https:\/\/www.swisscrochet.ch\/fr\/wp-json\/wp\/v2\/product\/5002","targetHints":{"allow":["GET"]}}],"collection":[{"href":"https:\/\/www.swisscrochet.ch\/fr\/wp-json\/wp\/v2\/product"}],"about":[{"href":"https:\/\/www.swisscrochet.ch\/fr\/wp-json\/wp\/v2\/types\/product"}],"wp:featuredmedia":[{"embeddable":true,"href":"https:\/\/www.swisscrochet.ch\/fr\/wp-json\/wp\/v2\/media\/4683"}],"wp:attachment":[{"href":"https:\/\/www.swisscrochet.ch\/fr\/wp-json\/wp\/v2\/media?parent=5002"}],"wp:term":[{"taxonomy":"product_brand","embeddable":true,"href":"https:\/\/www.swisscrochet.ch\/fr\/wp-json\/wp\/v2\/product_brand?post=5002"},{"taxonomy":"product_cat","embeddable":true,"href":"https:\/\/www.swisscrochet.ch\/fr\/wp-json\/wp\/v2\/product_cat?post=5002"},{"taxonomy":"product_tag","embeddable":true,"href":"https:\/\/www.swisscrochet.ch\/fr\/wp-json\/wp\/v2\/product_tag?post=5002"}],"curies":[{"name":"wp","href":"https:\/\/api.w.org\/{rel}","templated":true}]}}