{"id":5010,"date":"2025-02-28T14:55:32","date_gmt":"2025-02-28T13:55:32","guid":{"rendered":"https:\/\/www.swisscrochet.ch\/product\/tulip-gauge-tool\/"},"modified":"2025-03-13T16:41:34","modified_gmt":"2025-03-13T15:41:34","slug":"tulip-outil-de-mesure-dechantillon","status":"publish","type":"product","link":"https:\/\/www.swisscrochet.ch\/fr\/produit\/tulip-outil-de-mesure-dechantillon\/","title":{"rendered":"Tulip &#8211; Outil de mesure d\u2019\u00e9chantillon"},"content":{"rendered":"","protected":false},"excerpt":{"rendered":"<p>L\u2019outil de mesure d\u2019\u00e9chantillon Tulip est un accessoire \u00e0 la fois mignon et tr\u00e8s pratique. Il vous permet de mesurer facilement votre \u00e9chantillon de tension tout en servant de v\u00e9rificateur de taille de crochet, vous aidant \u00e0 identifier rapidement 21 tailles diff\u00e9rentes de 2.00 mm \u00e0 12.00 mm en ins\u00e9rant votre crochet dans les trous pr\u00e9vus \u00e0 cet effet.<\/p>\n<p>Caract\u00e9ristiques principales:<br \/>\n\u2714 Syst\u00e8me double pour les tailles d\u2019aiguilles \u2013 Affiche les tailles en syst\u00e8mes m\u00e9trique et japonais<br \/>\n\u2714 Mesure du WPI \u2013 Aide \u00e0 d\u00e9terminer le nombre d\u2019enroulements par pouce (WPI) des fils<br \/>\n\u2714 Fonction bobine de fil \u2013 Id\u00e9ale pour ranger et organiser votre fil<br \/>\n\u2714 Double unit\u00e9 de mesure \u2013 Marquages du r\u00e8gle disponibles en syst\u00e8mes m\u00e9trique et imp\u00e9rial<\/p>\n<p>Fabriqu\u00e9 en poly\u00e9thyl\u00e8ne haute r\u00e9sistance, cet outil durable est parfait pour garantir des mesures pr\u00e9cises et faciliter vos projets de crochet comme jamais auparavant!<\/p>\n","protected":false},"featured_media":4787,"template":"","meta":[],"product_brand":[],"product_cat":[221,563],"product_tag":[],"class_list":{"0":"post-5010","1":"product","2":"type-product","3":"status-publish","4":"has-post-thumbnail","6":"product_cat-crochets-et-outils","7":"product_cat-outils-de-mesure-et-de-coupe","8":"product_shipping_class-petits-envois","9":"pa_t1-manufacturer-tulip-fr","10":"description-off","12":"first","13":"instock","14":"taxable","15":"shipping-taxable","16":"purchasable","17":"product-type-variable","18":"wvs-archive-product-wrapper"},"bundled_by":["10387","10395"],"bundle_stock_status":"instock","bundle_stock_quantity":null,"bundle_virtual":false,"bundle_layout":"","bundle_add_to_cart_form_location":"","bundle_editable_in_cart":false,"bundle_sold_individually_context":"","bundle_item_grouping":"","bundle_min_size":"","bundle_max_size":"","bundle_price":[],"bundled_items":[],"bundle_sell_ids":[],"yoast_head":"<!-- This site is optimized with the Yoast SEO plugin v27.5 - https:\/\/yoast.com\/product\/yoast-seo-wordpress\/ -->\n<title>Tulip - Outil de mesure d\u2019\u00e9chantillon &#171; Swiss Crochet<\/title>\n<meta name=\"description\" content=\"Mesurez vos \u00e9chantillons de tension, v\u00e9rifiez les tailles de crochet (2.00\u20131200 mm), d\u00e9terminez le WPI et utilisez-le comme bobine de fil. Un indispensable pour les crocheteuses !\" \/>\n<meta name=\"robots\" content=\"index, follow, max-snippet:-1, max-image-preview:large, max-video-preview:-1\" \/>\n<link rel=\"canonical\" href=\"https:\/\/www.swisscrochet.ch\/produit\/tulip-gauge-tool\/\" \/>\n<meta property=\"og:locale\" content=\"fr_FR\" \/>\n<meta property=\"og:type\" content=\"article\" \/>\n<meta property=\"og:title\" content=\"Tulip - Outil de mesure d\u2019\u00e9chantillon &#171; Swiss Crochet\" \/>\n<meta property=\"og:description\" content=\"Mesurez vos \u00e9chantillons de tension, v\u00e9rifiez les tailles de crochet (2.00\u20131200 mm), d\u00e9terminez le WPI et utilisez-le comme bobine de fil. Un indispensable pour les crocheteuses !\" \/>\n<meta property=\"og:url\" content=\"https:\/\/www.swisscrochet.ch\/produit\/tulip-gauge-tool\/\" \/>\n<meta property=\"og:site_name\" content=\"Swiss Crochet\" \/>\n<meta property=\"article:modified_time\" content=\"2025-03-13T15:41:34+00:00\" \/>\n<meta property=\"og:image\" content=\"https:\/\/www.swisscrochet.ch\/wp-content\/uploads\/2025\/02\/Tulip-Gauge-Tool-Overview.jpg\" \/>\n\t<meta property=\"og:image:width\" content=\"1000\" \/>\n\t<meta property=\"og:image:height\" content=\"1000\" \/>\n\t<meta property=\"og:image:type\" content=\"image\/jpeg\" \/>\n<meta name=\"twitter:card\" content=\"summary_large_image\" \/>\n<meta name=\"twitter:label1\" content=\"Dur\u00e9e de lecture estim\u00e9e\" \/>\n\t<meta name=\"twitter:data1\" content=\"1 minute\" \/>\n<script type=\"application\/ld+json\" class=\"yoast-schema-graph\">{\"@context\":\"https:\\\/\\\/schema.org\",\"@graph\":[{\"@type\":[\"WebPage\",\"ItemPage\"],\"@id\":\"https:\\\/\\\/www.swisscrochet.ch\\\/produit\\\/tulip-gauge-tool\\\/\",\"url\":\"https:\\\/\\\/www.swisscrochet.ch\\\/produit\\\/tulip-gauge-tool\\\/\",\"name\":\"Tulip - Outil de mesure d\u2019\u00e9chantillon &#171; Swiss Crochet\",\"isPartOf\":{\"@id\":\"https:\\\/\\\/www.swisscrochet.ch\\\/#website\"},\"primaryImageOfPage\":{\"@id\":\"https:\\\/\\\/www.swisscrochet.ch\\\/produit\\\/tulip-gauge-tool\\\/#primaryimage\"},\"image\":{\"@id\":\"https:\\\/\\\/www.swisscrochet.ch\\\/produit\\\/tulip-gauge-tool\\\/#primaryimage\"},\"thumbnailUrl\":\"https:\\\/\\\/www.swisscrochet.ch\\\/wp-content\\\/uploads\\\/2025\\\/02\\\/Tulip-Gauge-Tool-Overview.jpg\",\"datePublished\":\"2025-02-28T13:55:32+00:00\",\"dateModified\":\"2025-03-13T15:41:34+00:00\",\"description\":\"Mesurez vos \u00e9chantillons de tension, v\u00e9rifiez les tailles de crochet (2.00\u20131200 mm), d\u00e9terminez le WPI et utilisez-le comme bobine de fil. Un indispensable pour les crocheteuses !\",\"breadcrumb\":{\"@id\":\"https:\\\/\\\/www.swisscrochet.ch\\\/produit\\\/tulip-gauge-tool\\\/#breadcrumb\"},\"inLanguage\":\"fr-FR\",\"potentialAction\":[{\"@type\":\"ReadAction\",\"target\":[\"https:\\\/\\\/www.swisscrochet.ch\\\/produit\\\/tulip-gauge-tool\\\/\"]}]},{\"@type\":\"ImageObject\",\"inLanguage\":\"fr-FR\",\"@id\":\"https:\\\/\\\/www.swisscrochet.ch\\\/produit\\\/tulip-gauge-tool\\\/#primaryimage\",\"url\":\"https:\\\/\\\/www.swisscrochet.ch\\\/wp-content\\\/uploads\\\/2025\\\/02\\\/Tulip-Gauge-Tool-Overview.jpg\",\"contentUrl\":\"https:\\\/\\\/www.swisscrochet.ch\\\/wp-content\\\/uploads\\\/2025\\\/02\\\/Tulip-Gauge-Tool-Overview.jpg\",\"width\":1000,\"height\":1000},{\"@type\":\"BreadcrumbList\",\"@id\":\"https:\\\/\\\/www.swisscrochet.ch\\\/produit\\\/tulip-gauge-tool\\\/#breadcrumb\",\"itemListElement\":[{\"@type\":\"ListItem\",\"position\":1,\"name\":\"Home\",\"item\":\"https:\\\/\\\/www.swisscrochet.ch\\\/fr\\\/\"},{\"@type\":\"ListItem\",\"position\":2,\"name\":\"Boutique\",\"item\":\"https:\\\/\\\/www.swisscrochet.ch\\\/fr\\\/boutique\\\/\"},{\"@type\":\"ListItem\",\"position\":3,\"name\":\"Tulip &#8211; Outil de mesure d\u2019\u00e9chantillon\"}]},{\"@type\":\"WebSite\",\"@id\":\"https:\\\/\\\/www.swisscrochet.ch\\\/#website\",\"url\":\"https:\\\/\\\/www.swisscrochet.ch\\\/\",\"name\":\"Swiss Crochet\",\"description\":\"Lib\u00e9rez votre potentiel cr\u00e9atif\",\"potentialAction\":[{\"@type\":\"SearchAction\",\"target\":{\"@type\":\"EntryPoint\",\"urlTemplate\":\"https:\\\/\\\/www.swisscrochet.ch\\\/?s={search_term_string}\"},\"query-input\":{\"@type\":\"PropertyValueSpecification\",\"valueRequired\":true,\"valueName\":\"search_term_string\"}}],\"inLanguage\":\"fr-FR\"}]}<\/script>\n<!-- \/ Yoast SEO plugin. -->","yoast_head_json":{"title":"Tulip - Outil de mesure d\u2019\u00e9chantillon &#171; Swiss Crochet","description":"Mesurez vos \u00e9chantillons de tension, v\u00e9rifiez les tailles de crochet (2.00\u20131200 mm), d\u00e9terminez le WPI et utilisez-le comme bobine de fil. Un indispensable pour les crocheteuses !","robots":{"index":"index","follow":"follow","max-snippet":"max-snippet:-1","max-image-preview":"max-image-preview:large","max-video-preview":"max-video-preview:-1"},"canonical":"https:\/\/www.swisscrochet.ch\/produit\/tulip-gauge-tool\/","og_locale":"fr_FR","og_type":"article","og_title":"Tulip - Outil de mesure d\u2019\u00e9chantillon &#171; Swiss Crochet","og_description":"Mesurez vos \u00e9chantillons de tension, v\u00e9rifiez les tailles de crochet (2.00\u20131200 mm), d\u00e9terminez le WPI et utilisez-le comme bobine de fil. Un indispensable pour les crocheteuses !","og_url":"https:\/\/www.swisscrochet.ch\/produit\/tulip-gauge-tool\/","og_site_name":"Swiss Crochet","article_modified_time":"2025-03-13T15:41:34+00:00","og_image":[{"width":1000,"height":1000,"url":"https:\/\/www.swisscrochet.ch\/wp-content\/uploads\/2025\/02\/Tulip-Gauge-Tool-Overview.jpg","type":"image\/jpeg"}],"twitter_card":"summary_large_image","twitter_misc":{"Dur\u00e9e de lecture estim\u00e9e":"1 minute"},"schema":{"@context":"https:\/\/schema.org","@graph":[{"@type":["WebPage","ItemPage"],"@id":"https:\/\/www.swisscrochet.ch\/produit\/tulip-gauge-tool\/","url":"https:\/\/www.swisscrochet.ch\/produit\/tulip-gauge-tool\/","name":"Tulip - Outil de mesure d\u2019\u00e9chantillon &#171; Swiss Crochet","isPartOf":{"@id":"https:\/\/www.swisscrochet.ch\/#website"},"primaryImageOfPage":{"@id":"https:\/\/www.swisscrochet.ch\/produit\/tulip-gauge-tool\/#primaryimage"},"image":{"@id":"https:\/\/www.swisscrochet.ch\/produit\/tulip-gauge-tool\/#primaryimage"},"thumbnailUrl":"https:\/\/www.swisscrochet.ch\/wp-content\/uploads\/2025\/02\/Tulip-Gauge-Tool-Overview.jpg","datePublished":"2025-02-28T13:55:32+00:00","dateModified":"2025-03-13T15:41:34+00:00","description":"Mesurez vos \u00e9chantillons de tension, v\u00e9rifiez les tailles de crochet (2.00\u20131200 mm), d\u00e9terminez le WPI et utilisez-le comme bobine de fil. Un indispensable pour les crocheteuses !","breadcrumb":{"@id":"https:\/\/www.swisscrochet.ch\/produit\/tulip-gauge-tool\/#breadcrumb"},"inLanguage":"fr-FR","potentialAction":[{"@type":"ReadAction","target":["https:\/\/www.swisscrochet.ch\/produit\/tulip-gauge-tool\/"]}]},{"@type":"ImageObject","inLanguage":"fr-FR","@id":"https:\/\/www.swisscrochet.ch\/produit\/tulip-gauge-tool\/#primaryimage","url":"https:\/\/www.swisscrochet.ch\/wp-content\/uploads\/2025\/02\/Tulip-Gauge-Tool-Overview.jpg","contentUrl":"https:\/\/www.swisscrochet.ch\/wp-content\/uploads\/2025\/02\/Tulip-Gauge-Tool-Overview.jpg","width":1000,"height":1000},{"@type":"BreadcrumbList","@id":"https:\/\/www.swisscrochet.ch\/produit\/tulip-gauge-tool\/#breadcrumb","itemListElement":[{"@type":"ListItem","position":1,"name":"Home","item":"https:\/\/www.swisscrochet.ch\/fr\/"},{"@type":"ListItem","position":2,"name":"Boutique","item":"https:\/\/www.swisscrochet.ch\/fr\/boutique\/"},{"@type":"ListItem","position":3,"name":"Tulip &#8211; Outil de mesure d\u2019\u00e9chantillon"}]},{"@type":"WebSite","@id":"https:\/\/www.swisscrochet.ch\/#website","url":"https:\/\/www.swisscrochet.ch\/","name":"Swiss Crochet","description":"Lib\u00e9rez votre potentiel cr\u00e9atif","potentialAction":[{"@type":"SearchAction","target":{"@type":"EntryPoint","urlTemplate":"https:\/\/www.swisscrochet.ch\/?s={search_term_string}"},"query-input":{"@type":"PropertyValueSpecification","valueRequired":true,"valueName":"search_term_string"}}],"inLanguage":"fr-FR"}]}},"_links":{"self":[{"href":"https:\/\/www.swisscrochet.ch\/fr\/wp-json\/wp\/v2\/product\/5010","targetHints":{"allow":["GET"]}}],"collection":[{"href":"https:\/\/www.swisscrochet.ch\/fr\/wp-json\/wp\/v2\/product"}],"about":[{"href":"https:\/\/www.swisscrochet.ch\/fr\/wp-json\/wp\/v2\/types\/product"}],"wp:featuredmedia":[{"embeddable":true,"href":"https:\/\/www.swisscrochet.ch\/fr\/wp-json\/wp\/v2\/media\/4787"}],"wp:attachment":[{"href":"https:\/\/www.swisscrochet.ch\/fr\/wp-json\/wp\/v2\/media?parent=5010"}],"wp:term":[{"taxonomy":"product_brand","embeddable":true,"href":"https:\/\/www.swisscrochet.ch\/fr\/wp-json\/wp\/v2\/product_brand?post=5010"},{"taxonomy":"product_cat","embeddable":true,"href":"https:\/\/www.swisscrochet.ch\/fr\/wp-json\/wp\/v2\/product_cat?post=5010"},{"taxonomy":"product_tag","embeddable":true,"href":"https:\/\/www.swisscrochet.ch\/fr\/wp-json\/wp\/v2\/product_tag?post=5010"}],"curies":[{"name":"wp","href":"https:\/\/api.w.org\/{rel}","templated":true}]}}