{"id":5060,"date":"2025-02-28T15:11:44","date_gmt":"2025-02-28T14:11:44","guid":{"rendered":"https:\/\/www.swisscrochet.ch\/product\/tulip-stitch-marker-set-heart\/"},"modified":"2026-04-28T15:33:52","modified_gmt":"2026-04-28T13:33:52","slug":"tulip-set-de-marqueurs-de-maille-coeur","status":"publish","type":"product","link":"https:\/\/www.swisscrochet.ch\/fr\/produit\/tulip-set-de-marqueurs-de-maille-coeur\/","title":{"rendered":"Tulip &#8211; Set de marqueurs de maille &#8211; C\u0153ur"},"content":{"rendered":"","protected":false},"excerpt":{"rendered":"<p>Le set de marqueurs de maille Tulip comprend 7 marqueurs en forme de c\u0153ur, un outil indispensable pour suivre facilement vos progr\u00e8s en crochet!<\/p>\n<p>Ces marqueurs de maille verrouillables \u00e0 bout arrondi sont sp\u00e9cialement con\u00e7us pour \u00e9viter de fendre le fil tout en permettant de r\u00e9cup\u00e9rer les mailles facilement.<\/p>\n<p>Parfait pour:<br \/>\n\u2714 Marquer le d\u00e9but et la fin des tours ou des rangs<br \/>\n\u2714 Suivre les augmentations et les diminutions directement sur les mailles<br \/>\n\u2714 Une fixation s\u00e9curis\u00e9e \u2013 ne tombent pas, mais sont faciles \u00e0 attacher et \u00e0 retirer<\/p>\n<p>Mat\u00e9riau: Polyac\u00e9tal \u2013 durable et l\u00e9ger pour une manipulation facile.<\/p>\n","protected":false},"featured_media":4815,"template":"","meta":[],"product_brand":[],"product_cat":[221,566],"product_tag":[],"class_list":{"0":"post-5060","1":"product","2":"type-product","3":"status-publish","4":"has-post-thumbnail","6":"product_cat-crochets-et-outils","7":"product_cat-marqueurs-de-maille","8":"product_shipping_class-petits-envois","9":"pa_t1-manufacturer-tulip-fr","10":"description-off","12":"first","13":"instock","14":"taxable","15":"shipping-taxable","16":"purchasable","17":"product-type-variable","18":"wvs-archive-product-wrapper"},"bundled_by":["10380","10387","10395","17693","17699","17706","17713","17720","29132","29140","29149","29168"],"bundle_stock_status":"instock","bundle_stock_quantity":null,"bundle_virtual":false,"bundle_layout":"","bundle_add_to_cart_form_location":"","bundle_editable_in_cart":false,"bundle_sold_individually_context":"","bundle_item_grouping":"","bundle_min_size":"","bundle_max_size":"","bundle_price":[],"bundled_items":[],"bundle_sell_ids":[],"yoast_head":"<!-- This site is optimized with the Yoast SEO plugin v27.5 - https:\/\/yoast.com\/product\/yoast-seo-wordpress\/ -->\n<title>Tulip - Set de marqueurs de maille - C\u0153ur &#171; Swiss Crochet<\/title>\n<meta name=\"description\" content=\"7 marqueurs de maille verrouillables en forme de c\u0153ur qui ne fendent pas le fil. Parfaits pour suivre les mailles, les tours, les augmentations et les diminutions en toute simplicit\u00e9!\" \/>\n<meta name=\"robots\" content=\"index, follow, max-snippet:-1, max-image-preview:large, max-video-preview:-1\" \/>\n<link rel=\"canonical\" href=\"https:\/\/www.swisscrochet.ch\/produit\/tulip-stitch-marker-set-heart\/\" \/>\n<meta property=\"og:locale\" content=\"fr_FR\" \/>\n<meta property=\"og:type\" content=\"article\" \/>\n<meta property=\"og:title\" content=\"Tulip - Set de marqueurs de maille - C\u0153ur &#171; Swiss Crochet\" \/>\n<meta property=\"og:description\" content=\"7 marqueurs de maille verrouillables en forme de c\u0153ur qui ne fendent pas le fil. Parfaits pour suivre les mailles, les tours, les augmentations et les diminutions en toute simplicit\u00e9!\" \/>\n<meta property=\"og:url\" content=\"https:\/\/www.swisscrochet.ch\/produit\/tulip-stitch-marker-set-heart\/\" \/>\n<meta property=\"og:site_name\" content=\"Swiss Crochet\" \/>\n<meta property=\"article:modified_time\" content=\"2026-04-28T13:33:52+00:00\" \/>\n<meta property=\"og:image\" content=\"https:\/\/www.swisscrochet.ch\/wp-content\/uploads\/2025\/02\/Tulip-Stitch-Markers-Heart-Overview.jpg\" \/>\n\t<meta property=\"og:image:width\" content=\"1000\" \/>\n\t<meta property=\"og:image:height\" content=\"1000\" \/>\n\t<meta property=\"og:image:type\" content=\"image\/jpeg\" \/>\n<meta name=\"twitter:card\" content=\"summary_large_image\" \/>\n<meta name=\"twitter:label1\" content=\"Dur\u00e9e de lecture estim\u00e9e\" \/>\n\t<meta name=\"twitter:data1\" content=\"1 minute\" \/>\n<script type=\"application\/ld+json\" class=\"yoast-schema-graph\">{\"@context\":\"https:\\\/\\\/schema.org\",\"@graph\":[{\"@type\":[\"WebPage\",\"ItemPage\"],\"@id\":\"https:\\\/\\\/www.swisscrochet.ch\\\/produit\\\/tulip-stitch-marker-set-heart\\\/\",\"url\":\"https:\\\/\\\/www.swisscrochet.ch\\\/produit\\\/tulip-stitch-marker-set-heart\\\/\",\"name\":\"Tulip - Set de marqueurs de maille - C\u0153ur &#171; Swiss Crochet\",\"isPartOf\":{\"@id\":\"https:\\\/\\\/www.swisscrochet.ch\\\/#website\"},\"primaryImageOfPage\":{\"@id\":\"https:\\\/\\\/www.swisscrochet.ch\\\/produit\\\/tulip-stitch-marker-set-heart\\\/#primaryimage\"},\"image\":{\"@id\":\"https:\\\/\\\/www.swisscrochet.ch\\\/produit\\\/tulip-stitch-marker-set-heart\\\/#primaryimage\"},\"thumbnailUrl\":\"https:\\\/\\\/www.swisscrochet.ch\\\/wp-content\\\/uploads\\\/2025\\\/02\\\/Tulip-Stitch-Markers-Heart-Overview.jpg\",\"datePublished\":\"2025-02-28T14:11:44+00:00\",\"dateModified\":\"2026-04-28T13:33:52+00:00\",\"description\":\"7 marqueurs de maille verrouillables en forme de c\u0153ur qui ne fendent pas le fil. Parfaits pour suivre les mailles, les tours, les augmentations et les diminutions en toute simplicit\u00e9!\",\"breadcrumb\":{\"@id\":\"https:\\\/\\\/www.swisscrochet.ch\\\/produit\\\/tulip-stitch-marker-set-heart\\\/#breadcrumb\"},\"inLanguage\":\"fr-FR\",\"potentialAction\":[{\"@type\":\"ReadAction\",\"target\":[\"https:\\\/\\\/www.swisscrochet.ch\\\/produit\\\/tulip-stitch-marker-set-heart\\\/\"]}]},{\"@type\":\"ImageObject\",\"inLanguage\":\"fr-FR\",\"@id\":\"https:\\\/\\\/www.swisscrochet.ch\\\/produit\\\/tulip-stitch-marker-set-heart\\\/#primaryimage\",\"url\":\"https:\\\/\\\/www.swisscrochet.ch\\\/wp-content\\\/uploads\\\/2025\\\/02\\\/Tulip-Stitch-Markers-Heart-Overview.jpg\",\"contentUrl\":\"https:\\\/\\\/www.swisscrochet.ch\\\/wp-content\\\/uploads\\\/2025\\\/02\\\/Tulip-Stitch-Markers-Heart-Overview.jpg\",\"width\":1000,\"height\":1000},{\"@type\":\"BreadcrumbList\",\"@id\":\"https:\\\/\\\/www.swisscrochet.ch\\\/produit\\\/tulip-stitch-marker-set-heart\\\/#breadcrumb\",\"itemListElement\":[{\"@type\":\"ListItem\",\"position\":1,\"name\":\"Home\",\"item\":\"https:\\\/\\\/www.swisscrochet.ch\\\/fr\\\/\"},{\"@type\":\"ListItem\",\"position\":2,\"name\":\"Boutique\",\"item\":\"https:\\\/\\\/www.swisscrochet.ch\\\/fr\\\/boutique\\\/\"},{\"@type\":\"ListItem\",\"position\":3,\"name\":\"Tulip &#8211; Set de marqueurs de maille &#8211; C\u0153ur\"}]},{\"@type\":\"WebSite\",\"@id\":\"https:\\\/\\\/www.swisscrochet.ch\\\/#website\",\"url\":\"https:\\\/\\\/www.swisscrochet.ch\\\/\",\"name\":\"Swiss Crochet\",\"description\":\"Lib\u00e9rez votre potentiel cr\u00e9atif\",\"potentialAction\":[{\"@type\":\"SearchAction\",\"target\":{\"@type\":\"EntryPoint\",\"urlTemplate\":\"https:\\\/\\\/www.swisscrochet.ch\\\/?s={search_term_string}\"},\"query-input\":{\"@type\":\"PropertyValueSpecification\",\"valueRequired\":true,\"valueName\":\"search_term_string\"}}],\"inLanguage\":\"fr-FR\"}]}<\/script>\n<!-- \/ Yoast SEO plugin. -->","yoast_head_json":{"title":"Tulip - Set de marqueurs de maille - C\u0153ur &#171; Swiss Crochet","description":"7 marqueurs de maille verrouillables en forme de c\u0153ur qui ne fendent pas le fil. Parfaits pour suivre les mailles, les tours, les augmentations et les diminutions en toute simplicit\u00e9!","robots":{"index":"index","follow":"follow","max-snippet":"max-snippet:-1","max-image-preview":"max-image-preview:large","max-video-preview":"max-video-preview:-1"},"canonical":"https:\/\/www.swisscrochet.ch\/produit\/tulip-stitch-marker-set-heart\/","og_locale":"fr_FR","og_type":"article","og_title":"Tulip - Set de marqueurs de maille - C\u0153ur &#171; Swiss Crochet","og_description":"7 marqueurs de maille verrouillables en forme de c\u0153ur qui ne fendent pas le fil. Parfaits pour suivre les mailles, les tours, les augmentations et les diminutions en toute simplicit\u00e9!","og_url":"https:\/\/www.swisscrochet.ch\/produit\/tulip-stitch-marker-set-heart\/","og_site_name":"Swiss Crochet","article_modified_time":"2026-04-28T13:33:52+00:00","og_image":[{"width":1000,"height":1000,"url":"https:\/\/www.swisscrochet.ch\/wp-content\/uploads\/2025\/02\/Tulip-Stitch-Markers-Heart-Overview.jpg","type":"image\/jpeg"}],"twitter_card":"summary_large_image","twitter_misc":{"Dur\u00e9e de lecture estim\u00e9e":"1 minute"},"schema":{"@context":"https:\/\/schema.org","@graph":[{"@type":["WebPage","ItemPage"],"@id":"https:\/\/www.swisscrochet.ch\/produit\/tulip-stitch-marker-set-heart\/","url":"https:\/\/www.swisscrochet.ch\/produit\/tulip-stitch-marker-set-heart\/","name":"Tulip - Set de marqueurs de maille - C\u0153ur &#171; Swiss Crochet","isPartOf":{"@id":"https:\/\/www.swisscrochet.ch\/#website"},"primaryImageOfPage":{"@id":"https:\/\/www.swisscrochet.ch\/produit\/tulip-stitch-marker-set-heart\/#primaryimage"},"image":{"@id":"https:\/\/www.swisscrochet.ch\/produit\/tulip-stitch-marker-set-heart\/#primaryimage"},"thumbnailUrl":"https:\/\/www.swisscrochet.ch\/wp-content\/uploads\/2025\/02\/Tulip-Stitch-Markers-Heart-Overview.jpg","datePublished":"2025-02-28T14:11:44+00:00","dateModified":"2026-04-28T13:33:52+00:00","description":"7 marqueurs de maille verrouillables en forme de c\u0153ur qui ne fendent pas le fil. Parfaits pour suivre les mailles, les tours, les augmentations et les diminutions en toute simplicit\u00e9!","breadcrumb":{"@id":"https:\/\/www.swisscrochet.ch\/produit\/tulip-stitch-marker-set-heart\/#breadcrumb"},"inLanguage":"fr-FR","potentialAction":[{"@type":"ReadAction","target":["https:\/\/www.swisscrochet.ch\/produit\/tulip-stitch-marker-set-heart\/"]}]},{"@type":"ImageObject","inLanguage":"fr-FR","@id":"https:\/\/www.swisscrochet.ch\/produit\/tulip-stitch-marker-set-heart\/#primaryimage","url":"https:\/\/www.swisscrochet.ch\/wp-content\/uploads\/2025\/02\/Tulip-Stitch-Markers-Heart-Overview.jpg","contentUrl":"https:\/\/www.swisscrochet.ch\/wp-content\/uploads\/2025\/02\/Tulip-Stitch-Markers-Heart-Overview.jpg","width":1000,"height":1000},{"@type":"BreadcrumbList","@id":"https:\/\/www.swisscrochet.ch\/produit\/tulip-stitch-marker-set-heart\/#breadcrumb","itemListElement":[{"@type":"ListItem","position":1,"name":"Home","item":"https:\/\/www.swisscrochet.ch\/fr\/"},{"@type":"ListItem","position":2,"name":"Boutique","item":"https:\/\/www.swisscrochet.ch\/fr\/boutique\/"},{"@type":"ListItem","position":3,"name":"Tulip &#8211; Set de marqueurs de maille &#8211; C\u0153ur"}]},{"@type":"WebSite","@id":"https:\/\/www.swisscrochet.ch\/#website","url":"https:\/\/www.swisscrochet.ch\/","name":"Swiss Crochet","description":"Lib\u00e9rez votre potentiel cr\u00e9atif","potentialAction":[{"@type":"SearchAction","target":{"@type":"EntryPoint","urlTemplate":"https:\/\/www.swisscrochet.ch\/?s={search_term_string}"},"query-input":{"@type":"PropertyValueSpecification","valueRequired":true,"valueName":"search_term_string"}}],"inLanguage":"fr-FR"}]}},"_links":{"self":[{"href":"https:\/\/www.swisscrochet.ch\/fr\/wp-json\/wp\/v2\/product\/5060","targetHints":{"allow":["GET"]}}],"collection":[{"href":"https:\/\/www.swisscrochet.ch\/fr\/wp-json\/wp\/v2\/product"}],"about":[{"href":"https:\/\/www.swisscrochet.ch\/fr\/wp-json\/wp\/v2\/types\/product"}],"wp:featuredmedia":[{"embeddable":true,"href":"https:\/\/www.swisscrochet.ch\/fr\/wp-json\/wp\/v2\/media\/4815"}],"wp:attachment":[{"href":"https:\/\/www.swisscrochet.ch\/fr\/wp-json\/wp\/v2\/media?parent=5060"}],"wp:term":[{"taxonomy":"product_brand","embeddable":true,"href":"https:\/\/www.swisscrochet.ch\/fr\/wp-json\/wp\/v2\/product_brand?post=5060"},{"taxonomy":"product_cat","embeddable":true,"href":"https:\/\/www.swisscrochet.ch\/fr\/wp-json\/wp\/v2\/product_cat?post=5060"},{"taxonomy":"product_tag","embeddable":true,"href":"https:\/\/www.swisscrochet.ch\/fr\/wp-json\/wp\/v2\/product_tag?post=5060"}],"curies":[{"name":"wp","href":"https:\/\/api.w.org\/{rel}","templated":true}]}}