{"id":5076,"date":"2025-02-28T15:39:20","date_gmt":"2025-02-28T14:39:20","guid":{"rendered":"https:\/\/www.swisscrochet.ch\/product\/tulip-tapestry-needles-for-amigurumi\/"},"modified":"2026-04-20T09:38:04","modified_gmt":"2026-04-20T07:38:04","slug":"tulip-aiguilles-a-tapisserie-pour-amigurumi","status":"publish","type":"product","link":"https:\/\/www.swisscrochet.ch\/fr\/produit\/tulip-aiguilles-a-tapisserie-pour-amigurumi\/","title":{"rendered":"Tulip &#8211; Aiguilles \u00e0 tapisserie pour amigurumi"},"content":{"rendered":"","protected":false},"excerpt":{"rendered":"<p>Les aiguilles \u00e0 tapisserie Tulip pour amigurumi sont des aiguilles extra-longues sp\u00e9cialement con\u00e7ues pour les finitions d\u2019amigurumi. Avec un chas allong\u00e9 et des pointes ac\u00e9r\u00e9es, elles traversent le rembourrage sans effort, permettant de s\u00e9curiser facilement les extr\u00e9mit\u00e9s du fil \u00e0 l\u2019int\u00e9rieur du projet.<\/p>\n<p>\u2714 Parfaites pour coudre de petites pi\u00e8ces comme les yeux et les nez<br \/>\n\u2714 Leur longueur permet d\u2019enchev\u00eatrer les extr\u00e9mit\u00e9s du fil dans le rembourrage pour une finition s\u00e9curis\u00e9e<br \/>\n\u2714 Id\u00e9ales pour l\u2019assemblage d\u2019amigurumi et de jouets en peluche<\/p>\n<p>Inclus:<\/p>\n<ul>\n<li>Deux aiguilles en acier nickel\u00e9 de tailles 1.82 x 127 mm et 1.36 x 94 mm<\/li>\n<li>\u00c9l\u00e9gant \u00e9tui de rangement en PVC rouge (14.3 x 4.4 cm) avec fermeture \u00e0 pression<\/li>\n<li>Poches int\u00e9rieures pour aiguilles \u00e0 tapisserie, marqueurs de mailles, r\u00e8gle et enfile-aiguille<\/li>\n<\/ul>\n<p><strong>\u00c9dition sp\u00e9ciale! <\/strong>Ce magnifique \u00e9tui d\u00e9cor\u00e9 a \u00e9t\u00e9 cr\u00e9\u00e9 en collaboration avec la <a href=\"https:\/\/amigurumi.jp\/\" target=\"_blank\" rel=\"noopener\">Japan Amigurumi Association<\/a> pour c\u00e9l\u00e9brer son 20e anniversaire. <\/p>\n","protected":false},"featured_media":4887,"template":"","meta":[],"product_brand":[],"product_cat":[569,221],"product_tag":[],"class_list":{"0":"post-5076","1":"product","2":"type-product","3":"status-publish","4":"has-post-thumbnail","6":"product_cat-aiguilles-a-tapisserie","7":"product_cat-crochets-et-outils","8":"product_shipping_class-petits-envois","9":"pa_t1-manufacturer-tulip-fr","10":"description-off","12":"first","13":"outofstock","14":"taxable","15":"shipping-taxable","16":"purchasable","17":"product-type-simple"},"bundled_by":[],"bundle_stock_status":"outofstock","bundle_stock_quantity":0,"bundle_virtual":false,"bundle_layout":"","bundle_add_to_cart_form_location":"","bundle_editable_in_cart":false,"bundle_sold_individually_context":"","bundle_item_grouping":"","bundle_min_size":"","bundle_max_size":"","bundle_price":[],"bundled_items":[],"bundle_sell_ids":[],"yoast_head":"<!-- This site is optimized with the Yoast SEO plugin v27.5 - https:\/\/yoast.com\/product\/yoast-seo-wordpress\/ -->\n<title>Tulip - Aiguilles \u00e0 tapisserie pour amigurumi &#171; Swiss Crochet<\/title>\n<meta name=\"description\" content=\"Les aiguilles \u00e0 tapisserie Tulip pour amigurumi sont des aiguilles extra-longues, id\u00e9ales pour les finitions, la fixation des fils et l\u2019assemblage de petites pi\u00e8ces. Fournies avec un \u00e9tui en \u00e9dition sp\u00e9ciale.\" \/>\n<meta name=\"robots\" content=\"index, follow, max-snippet:-1, max-image-preview:large, max-video-preview:-1\" \/>\n<link rel=\"canonical\" href=\"https:\/\/www.swisscrochet.ch\/fr\/produit\/tulip-aiguilles-a-tapisserie-pour-amigurumi\/\" \/>\n<meta property=\"og:locale\" content=\"fr_FR\" \/>\n<meta property=\"og:type\" content=\"article\" \/>\n<meta property=\"og:title\" content=\"Tulip - Aiguilles \u00e0 tapisserie pour amigurumi &#171; Swiss Crochet\" \/>\n<meta property=\"og:description\" content=\"Les aiguilles \u00e0 tapisserie Tulip pour amigurumi sont des aiguilles extra-longues, id\u00e9ales pour les finitions, la fixation des fils et l\u2019assemblage de petites pi\u00e8ces. Fournies avec un \u00e9tui en \u00e9dition sp\u00e9ciale.\" \/>\n<meta property=\"og:url\" content=\"https:\/\/www.swisscrochet.ch\/fr\/produit\/tulip-aiguilles-a-tapisserie-pour-amigurumi\/\" \/>\n<meta property=\"og:site_name\" content=\"Swiss Crochet\" \/>\n<meta property=\"article:modified_time\" content=\"2026-04-20T07:38:04+00:00\" \/>\n<meta property=\"og:image\" content=\"https:\/\/www.swisscrochet.ch\/wp-content\/uploads\/2025\/02\/Tulip-Tapestry-Needles-for-Amigurumi-Overview.jpg\" \/>\n\t<meta property=\"og:image:width\" content=\"1000\" \/>\n\t<meta property=\"og:image:height\" content=\"1000\" \/>\n\t<meta property=\"og:image:type\" content=\"image\/jpeg\" \/>\n<meta name=\"twitter:card\" content=\"summary_large_image\" \/>\n<meta name=\"twitter:label1\" content=\"Dur\u00e9e de lecture estim\u00e9e\" \/>\n\t<meta name=\"twitter:data1\" content=\"1 minute\" \/>\n<script type=\"application\/ld+json\" class=\"yoast-schema-graph\">{\"@context\":\"https:\\\/\\\/schema.org\",\"@graph\":[{\"@type\":[\"WebPage\",\"ItemPage\"],\"@id\":\"https:\\\/\\\/www.swisscrochet.ch\\\/fr\\\/produit\\\/tulip-aiguilles-a-tapisserie-pour-amigurumi\\\/\",\"url\":\"https:\\\/\\\/www.swisscrochet.ch\\\/fr\\\/produit\\\/tulip-aiguilles-a-tapisserie-pour-amigurumi\\\/\",\"name\":\"Tulip - Aiguilles \u00e0 tapisserie pour amigurumi &#171; Swiss Crochet\",\"isPartOf\":{\"@id\":\"https:\\\/\\\/www.swisscrochet.ch\\\/#website\"},\"primaryImageOfPage\":{\"@id\":\"https:\\\/\\\/www.swisscrochet.ch\\\/fr\\\/produit\\\/tulip-aiguilles-a-tapisserie-pour-amigurumi\\\/#primaryimage\"},\"image\":{\"@id\":\"https:\\\/\\\/www.swisscrochet.ch\\\/fr\\\/produit\\\/tulip-aiguilles-a-tapisserie-pour-amigurumi\\\/#primaryimage\"},\"thumbnailUrl\":\"https:\\\/\\\/www.swisscrochet.ch\\\/wp-content\\\/uploads\\\/2025\\\/02\\\/Tulip-Tapestry-Needles-for-Amigurumi-Overview.jpg\",\"datePublished\":\"2025-02-28T14:39:20+00:00\",\"dateModified\":\"2026-04-20T07:38:04+00:00\",\"description\":\"Les aiguilles \u00e0 tapisserie Tulip pour amigurumi sont des aiguilles extra-longues, id\u00e9ales pour les finitions, la fixation des fils et l\u2019assemblage de petites pi\u00e8ces. Fournies avec un \u00e9tui en \u00e9dition sp\u00e9ciale.\",\"breadcrumb\":{\"@id\":\"https:\\\/\\\/www.swisscrochet.ch\\\/fr\\\/produit\\\/tulip-aiguilles-a-tapisserie-pour-amigurumi\\\/#breadcrumb\"},\"inLanguage\":\"fr-FR\",\"potentialAction\":[{\"@type\":\"ReadAction\",\"target\":[\"https:\\\/\\\/www.swisscrochet.ch\\\/fr\\\/produit\\\/tulip-aiguilles-a-tapisserie-pour-amigurumi\\\/\"]}]},{\"@type\":\"ImageObject\",\"inLanguage\":\"fr-FR\",\"@id\":\"https:\\\/\\\/www.swisscrochet.ch\\\/fr\\\/produit\\\/tulip-aiguilles-a-tapisserie-pour-amigurumi\\\/#primaryimage\",\"url\":\"https:\\\/\\\/www.swisscrochet.ch\\\/wp-content\\\/uploads\\\/2025\\\/02\\\/Tulip-Tapestry-Needles-for-Amigurumi-Overview.jpg\",\"contentUrl\":\"https:\\\/\\\/www.swisscrochet.ch\\\/wp-content\\\/uploads\\\/2025\\\/02\\\/Tulip-Tapestry-Needles-for-Amigurumi-Overview.jpg\",\"width\":1000,\"height\":1000},{\"@type\":\"BreadcrumbList\",\"@id\":\"https:\\\/\\\/www.swisscrochet.ch\\\/fr\\\/produit\\\/tulip-aiguilles-a-tapisserie-pour-amigurumi\\\/#breadcrumb\",\"itemListElement\":[{\"@type\":\"ListItem\",\"position\":1,\"name\":\"Home\",\"item\":\"https:\\\/\\\/www.swisscrochet.ch\\\/fr\\\/\"},{\"@type\":\"ListItem\",\"position\":2,\"name\":\"Boutique\",\"item\":\"https:\\\/\\\/www.swisscrochet.ch\\\/fr\\\/boutique\\\/\"},{\"@type\":\"ListItem\",\"position\":3,\"name\":\"Tulip &#8211; Aiguilles \u00e0 tapisserie pour amigurumi\"}]},{\"@type\":\"WebSite\",\"@id\":\"https:\\\/\\\/www.swisscrochet.ch\\\/#website\",\"url\":\"https:\\\/\\\/www.swisscrochet.ch\\\/\",\"name\":\"Swiss Crochet\",\"description\":\"Lib\u00e9rez votre potentiel cr\u00e9atif\",\"potentialAction\":[{\"@type\":\"SearchAction\",\"target\":{\"@type\":\"EntryPoint\",\"urlTemplate\":\"https:\\\/\\\/www.swisscrochet.ch\\\/?s={search_term_string}\"},\"query-input\":{\"@type\":\"PropertyValueSpecification\",\"valueRequired\":true,\"valueName\":\"search_term_string\"}}],\"inLanguage\":\"fr-FR\"}]}<\/script>\n<!-- \/ Yoast SEO plugin. -->","yoast_head_json":{"title":"Tulip - Aiguilles \u00e0 tapisserie pour amigurumi &#171; Swiss Crochet","description":"Les aiguilles \u00e0 tapisserie Tulip pour amigurumi sont des aiguilles extra-longues, id\u00e9ales pour les finitions, la fixation des fils et l\u2019assemblage de petites pi\u00e8ces. Fournies avec un \u00e9tui en \u00e9dition sp\u00e9ciale.","robots":{"index":"index","follow":"follow","max-snippet":"max-snippet:-1","max-image-preview":"max-image-preview:large","max-video-preview":"max-video-preview:-1"},"canonical":"https:\/\/www.swisscrochet.ch\/fr\/produit\/tulip-aiguilles-a-tapisserie-pour-amigurumi\/","og_locale":"fr_FR","og_type":"article","og_title":"Tulip - Aiguilles \u00e0 tapisserie pour amigurumi &#171; Swiss Crochet","og_description":"Les aiguilles \u00e0 tapisserie Tulip pour amigurumi sont des aiguilles extra-longues, id\u00e9ales pour les finitions, la fixation des fils et l\u2019assemblage de petites pi\u00e8ces. Fournies avec un \u00e9tui en \u00e9dition sp\u00e9ciale.","og_url":"https:\/\/www.swisscrochet.ch\/fr\/produit\/tulip-aiguilles-a-tapisserie-pour-amigurumi\/","og_site_name":"Swiss Crochet","article_modified_time":"2026-04-20T07:38:04+00:00","og_image":[{"width":1000,"height":1000,"url":"https:\/\/www.swisscrochet.ch\/wp-content\/uploads\/2025\/02\/Tulip-Tapestry-Needles-for-Amigurumi-Overview.jpg","type":"image\/jpeg"}],"twitter_card":"summary_large_image","twitter_misc":{"Dur\u00e9e de lecture estim\u00e9e":"1 minute"},"schema":{"@context":"https:\/\/schema.org","@graph":[{"@type":["WebPage","ItemPage"],"@id":"https:\/\/www.swisscrochet.ch\/fr\/produit\/tulip-aiguilles-a-tapisserie-pour-amigurumi\/","url":"https:\/\/www.swisscrochet.ch\/fr\/produit\/tulip-aiguilles-a-tapisserie-pour-amigurumi\/","name":"Tulip - Aiguilles \u00e0 tapisserie pour amigurumi &#171; Swiss Crochet","isPartOf":{"@id":"https:\/\/www.swisscrochet.ch\/#website"},"primaryImageOfPage":{"@id":"https:\/\/www.swisscrochet.ch\/fr\/produit\/tulip-aiguilles-a-tapisserie-pour-amigurumi\/#primaryimage"},"image":{"@id":"https:\/\/www.swisscrochet.ch\/fr\/produit\/tulip-aiguilles-a-tapisserie-pour-amigurumi\/#primaryimage"},"thumbnailUrl":"https:\/\/www.swisscrochet.ch\/wp-content\/uploads\/2025\/02\/Tulip-Tapestry-Needles-for-Amigurumi-Overview.jpg","datePublished":"2025-02-28T14:39:20+00:00","dateModified":"2026-04-20T07:38:04+00:00","description":"Les aiguilles \u00e0 tapisserie Tulip pour amigurumi sont des aiguilles extra-longues, id\u00e9ales pour les finitions, la fixation des fils et l\u2019assemblage de petites pi\u00e8ces. Fournies avec un \u00e9tui en \u00e9dition sp\u00e9ciale.","breadcrumb":{"@id":"https:\/\/www.swisscrochet.ch\/fr\/produit\/tulip-aiguilles-a-tapisserie-pour-amigurumi\/#breadcrumb"},"inLanguage":"fr-FR","potentialAction":[{"@type":"ReadAction","target":["https:\/\/www.swisscrochet.ch\/fr\/produit\/tulip-aiguilles-a-tapisserie-pour-amigurumi\/"]}]},{"@type":"ImageObject","inLanguage":"fr-FR","@id":"https:\/\/www.swisscrochet.ch\/fr\/produit\/tulip-aiguilles-a-tapisserie-pour-amigurumi\/#primaryimage","url":"https:\/\/www.swisscrochet.ch\/wp-content\/uploads\/2025\/02\/Tulip-Tapestry-Needles-for-Amigurumi-Overview.jpg","contentUrl":"https:\/\/www.swisscrochet.ch\/wp-content\/uploads\/2025\/02\/Tulip-Tapestry-Needles-for-Amigurumi-Overview.jpg","width":1000,"height":1000},{"@type":"BreadcrumbList","@id":"https:\/\/www.swisscrochet.ch\/fr\/produit\/tulip-aiguilles-a-tapisserie-pour-amigurumi\/#breadcrumb","itemListElement":[{"@type":"ListItem","position":1,"name":"Home","item":"https:\/\/www.swisscrochet.ch\/fr\/"},{"@type":"ListItem","position":2,"name":"Boutique","item":"https:\/\/www.swisscrochet.ch\/fr\/boutique\/"},{"@type":"ListItem","position":3,"name":"Tulip &#8211; Aiguilles \u00e0 tapisserie pour amigurumi"}]},{"@type":"WebSite","@id":"https:\/\/www.swisscrochet.ch\/#website","url":"https:\/\/www.swisscrochet.ch\/","name":"Swiss Crochet","description":"Lib\u00e9rez votre potentiel cr\u00e9atif","potentialAction":[{"@type":"SearchAction","target":{"@type":"EntryPoint","urlTemplate":"https:\/\/www.swisscrochet.ch\/?s={search_term_string}"},"query-input":{"@type":"PropertyValueSpecification","valueRequired":true,"valueName":"search_term_string"}}],"inLanguage":"fr-FR"}]}},"_links":{"self":[{"href":"https:\/\/www.swisscrochet.ch\/fr\/wp-json\/wp\/v2\/product\/5076","targetHints":{"allow":["GET"]}}],"collection":[{"href":"https:\/\/www.swisscrochet.ch\/fr\/wp-json\/wp\/v2\/product"}],"about":[{"href":"https:\/\/www.swisscrochet.ch\/fr\/wp-json\/wp\/v2\/types\/product"}],"wp:featuredmedia":[{"embeddable":true,"href":"https:\/\/www.swisscrochet.ch\/fr\/wp-json\/wp\/v2\/media\/4887"}],"wp:attachment":[{"href":"https:\/\/www.swisscrochet.ch\/fr\/wp-json\/wp\/v2\/media?parent=5076"}],"wp:term":[{"taxonomy":"product_brand","embeddable":true,"href":"https:\/\/www.swisscrochet.ch\/fr\/wp-json\/wp\/v2\/product_brand?post=5076"},{"taxonomy":"product_cat","embeddable":true,"href":"https:\/\/www.swisscrochet.ch\/fr\/wp-json\/wp\/v2\/product_cat?post=5076"},{"taxonomy":"product_tag","embeddable":true,"href":"https:\/\/www.swisscrochet.ch\/fr\/wp-json\/wp\/v2\/product_tag?post=5076"}],"curies":[{"name":"wp","href":"https:\/\/api.w.org\/{rel}","templated":true}]}}