{"id":5082,"date":"2025-02-28T16:00:36","date_gmt":"2025-02-28T15:00:36","guid":{"rendered":"https:\/\/www.swisscrochet.ch\/product\/tulip-tapestry-needles-assorted-bent-tip\/"},"modified":"2025-03-13T17:21:27","modified_gmt":"2025-03-13T16:21:27","slug":"tulip-aiguilles-a-tapisserie-assorties-pointe-courbee","status":"publish","type":"product","link":"https:\/\/www.swisscrochet.ch\/fr\/produit\/tulip-aiguilles-a-tapisserie-assorties-pointe-courbee\/","title":{"rendered":"Tulip &#8211; Aiguilles \u00e0 tapisserie assorties &#8211; Pointe courb\u00e9e"},"content":{"rendered":"","protected":false},"excerpt":{"rendered":"<p>L\u2019ensemble d\u2019aiguilles \u00e0 tapisserie Tulip assorties (pointe courb\u00e9e) est un set polyvalent comprenant des aiguilles de diff\u00e9rentes \u00e9paisseurs et longueurs, soigneusement rang\u00e9es dans un \u00e9tui portable avec fermeture magn\u00e9tique.<\/p>\n<p>Gr\u00e2ce \u00e0 leur pointe courb\u00e9e, ces aiguilles facilitent la prise du fil, tandis que leur c\u00f4t\u00e9 plat assure une prise en main confortable. Id\u00e9ales pour rentrer les fils, rabattre les mailles ou assembler des pi\u00e8ces.<\/p>\n<p>L\u2019ensemble comprend 4 aiguilles en acier nickel\u00e9 aux tailles suivantes:<\/p>\n<ul>\n<li>13 \u2013 2.40 \u00d7 70 mm<\/li>\n<li>15 \u2013 1.81 \u00d7 60 mm<\/li>\n<li>17 \u2013 1.35 \u00d7 54.50 mm<\/li>\n<li>20 \u2013 1.07 \u00d7 45.50 mm<\/li>\n<\/ul>\n<p>L\u2019\u00e9tui jaune est fabriqu\u00e9 en PVC durable, id\u00e9al pour un rangement et un transport faciles. <\/p>\n","protected":false},"featured_media":4843,"template":"","meta":[],"product_brand":[],"product_cat":[569,221],"product_tag":[],"class_list":{"0":"post-5082","1":"product","2":"type-product","3":"status-publish","4":"has-post-thumbnail","6":"product_cat-aiguilles-a-tapisserie","7":"product_cat-crochets-et-outils","8":"product_shipping_class-petits-envois","9":"pa_t1-manufacturer-tulip-fr","10":"description-off","12":"first","13":"instock","14":"taxable","15":"shipping-taxable","16":"purchasable","17":"product-type-simple"},"bundled_by":["10395"],"bundle_stock_status":"instock","bundle_stock_quantity":6,"bundle_virtual":false,"bundle_layout":"","bundle_add_to_cart_form_location":"","bundle_editable_in_cart":false,"bundle_sold_individually_context":"","bundle_item_grouping":"","bundle_min_size":"","bundle_max_size":"","bundle_price":[],"bundled_items":[],"bundle_sell_ids":[],"yoast_head":"<!-- This site is optimized with the Yoast SEO plugin v27.5 - https:\/\/yoast.com\/product\/yoast-seo-wordpress\/ -->\n<title>Tulip - Aiguilles \u00e0 tapisserie assorties - Pointe courb\u00e9e &#171; Swiss Crochet<\/title>\n<meta name=\"description\" content=\"Tulip Aiguilles \u00e0 tapisserie assorties ont une pointe courb\u00e9e pour attraper facilement le fil et un c\u00f4t\u00e9 plat pour une meilleure prise en main. Parfaites pour rentrer les fils et assembler les pi\u00e8ces.\" \/>\n<meta name=\"robots\" content=\"index, follow, max-snippet:-1, max-image-preview:large, max-video-preview:-1\" \/>\n<link rel=\"canonical\" href=\"https:\/\/www.swisscrochet.ch\/produit\/tulip-tapestry-needles-assorted-bent-tip\/\" \/>\n<meta property=\"og:locale\" content=\"fr_FR\" \/>\n<meta property=\"og:type\" content=\"article\" \/>\n<meta property=\"og:title\" content=\"Tulip - Aiguilles \u00e0 tapisserie assorties - Pointe courb\u00e9e &#171; Swiss Crochet\" \/>\n<meta property=\"og:description\" content=\"Tulip Aiguilles \u00e0 tapisserie assorties ont une pointe courb\u00e9e pour attraper facilement le fil et un c\u00f4t\u00e9 plat pour une meilleure prise en main. Parfaites pour rentrer les fils et assembler les pi\u00e8ces.\" \/>\n<meta property=\"og:url\" content=\"https:\/\/www.swisscrochet.ch\/produit\/tulip-tapestry-needles-assorted-bent-tip\/\" \/>\n<meta property=\"og:site_name\" content=\"Swiss Crochet\" \/>\n<meta property=\"article:modified_time\" content=\"2025-03-13T16:21:27+00:00\" \/>\n<meta property=\"og:image\" content=\"https:\/\/www.swisscrochet.ch\/wp-content\/uploads\/2025\/02\/Tulip-Tapestry-Needles-Assorted-Bent-Tip-Overview.jpg\" \/>\n\t<meta property=\"og:image:width\" content=\"1000\" \/>\n\t<meta property=\"og:image:height\" content=\"1000\" \/>\n\t<meta property=\"og:image:type\" content=\"image\/jpeg\" \/>\n<meta name=\"twitter:card\" content=\"summary_large_image\" \/>\n<meta name=\"twitter:label1\" content=\"Dur\u00e9e de lecture estim\u00e9e\" \/>\n\t<meta name=\"twitter:data1\" content=\"1 minute\" \/>\n<script type=\"application\/ld+json\" class=\"yoast-schema-graph\">{\"@context\":\"https:\\\/\\\/schema.org\",\"@graph\":[{\"@type\":[\"WebPage\",\"ItemPage\"],\"@id\":\"https:\\\/\\\/www.swisscrochet.ch\\\/produit\\\/tulip-tapestry-needles-assorted-bent-tip\\\/\",\"url\":\"https:\\\/\\\/www.swisscrochet.ch\\\/produit\\\/tulip-tapestry-needles-assorted-bent-tip\\\/\",\"name\":\"Tulip - Aiguilles \u00e0 tapisserie assorties - Pointe courb\u00e9e &#171; Swiss Crochet\",\"isPartOf\":{\"@id\":\"https:\\\/\\\/www.swisscrochet.ch\\\/#website\"},\"primaryImageOfPage\":{\"@id\":\"https:\\\/\\\/www.swisscrochet.ch\\\/produit\\\/tulip-tapestry-needles-assorted-bent-tip\\\/#primaryimage\"},\"image\":{\"@id\":\"https:\\\/\\\/www.swisscrochet.ch\\\/produit\\\/tulip-tapestry-needles-assorted-bent-tip\\\/#primaryimage\"},\"thumbnailUrl\":\"https:\\\/\\\/www.swisscrochet.ch\\\/wp-content\\\/uploads\\\/2025\\\/02\\\/Tulip-Tapestry-Needles-Assorted-Bent-Tip-Overview.jpg\",\"datePublished\":\"2025-02-28T15:00:36+00:00\",\"dateModified\":\"2025-03-13T16:21:27+00:00\",\"description\":\"Tulip Aiguilles \u00e0 tapisserie assorties ont une pointe courb\u00e9e pour attraper facilement le fil et un c\u00f4t\u00e9 plat pour une meilleure prise en main. Parfaites pour rentrer les fils et assembler les pi\u00e8ces.\",\"breadcrumb\":{\"@id\":\"https:\\\/\\\/www.swisscrochet.ch\\\/produit\\\/tulip-tapestry-needles-assorted-bent-tip\\\/#breadcrumb\"},\"inLanguage\":\"fr-FR\",\"potentialAction\":[{\"@type\":\"ReadAction\",\"target\":[\"https:\\\/\\\/www.swisscrochet.ch\\\/produit\\\/tulip-tapestry-needles-assorted-bent-tip\\\/\"]}]},{\"@type\":\"ImageObject\",\"inLanguage\":\"fr-FR\",\"@id\":\"https:\\\/\\\/www.swisscrochet.ch\\\/produit\\\/tulip-tapestry-needles-assorted-bent-tip\\\/#primaryimage\",\"url\":\"https:\\\/\\\/www.swisscrochet.ch\\\/wp-content\\\/uploads\\\/2025\\\/02\\\/Tulip-Tapestry-Needles-Assorted-Bent-Tip-Overview.jpg\",\"contentUrl\":\"https:\\\/\\\/www.swisscrochet.ch\\\/wp-content\\\/uploads\\\/2025\\\/02\\\/Tulip-Tapestry-Needles-Assorted-Bent-Tip-Overview.jpg\",\"width\":1000,\"height\":1000},{\"@type\":\"BreadcrumbList\",\"@id\":\"https:\\\/\\\/www.swisscrochet.ch\\\/produit\\\/tulip-tapestry-needles-assorted-bent-tip\\\/#breadcrumb\",\"itemListElement\":[{\"@type\":\"ListItem\",\"position\":1,\"name\":\"Home\",\"item\":\"https:\\\/\\\/www.swisscrochet.ch\\\/fr\\\/\"},{\"@type\":\"ListItem\",\"position\":2,\"name\":\"Boutique\",\"item\":\"https:\\\/\\\/www.swisscrochet.ch\\\/fr\\\/boutique\\\/\"},{\"@type\":\"ListItem\",\"position\":3,\"name\":\"Tulip &#8211; Aiguilles \u00e0 tapisserie assorties &#8211; Pointe courb\u00e9e\"}]},{\"@type\":\"WebSite\",\"@id\":\"https:\\\/\\\/www.swisscrochet.ch\\\/#website\",\"url\":\"https:\\\/\\\/www.swisscrochet.ch\\\/\",\"name\":\"Swiss Crochet\",\"description\":\"Lib\u00e9rez votre potentiel cr\u00e9atif\",\"potentialAction\":[{\"@type\":\"SearchAction\",\"target\":{\"@type\":\"EntryPoint\",\"urlTemplate\":\"https:\\\/\\\/www.swisscrochet.ch\\\/?s={search_term_string}\"},\"query-input\":{\"@type\":\"PropertyValueSpecification\",\"valueRequired\":true,\"valueName\":\"search_term_string\"}}],\"inLanguage\":\"fr-FR\"}]}<\/script>\n<!-- \/ Yoast SEO plugin. -->","yoast_head_json":{"title":"Tulip - Aiguilles \u00e0 tapisserie assorties - Pointe courb\u00e9e &#171; Swiss Crochet","description":"Tulip Aiguilles \u00e0 tapisserie assorties ont une pointe courb\u00e9e pour attraper facilement le fil et un c\u00f4t\u00e9 plat pour une meilleure prise en main. Parfaites pour rentrer les fils et assembler les pi\u00e8ces.","robots":{"index":"index","follow":"follow","max-snippet":"max-snippet:-1","max-image-preview":"max-image-preview:large","max-video-preview":"max-video-preview:-1"},"canonical":"https:\/\/www.swisscrochet.ch\/produit\/tulip-tapestry-needles-assorted-bent-tip\/","og_locale":"fr_FR","og_type":"article","og_title":"Tulip - Aiguilles \u00e0 tapisserie assorties - Pointe courb\u00e9e &#171; Swiss Crochet","og_description":"Tulip Aiguilles \u00e0 tapisserie assorties ont une pointe courb\u00e9e pour attraper facilement le fil et un c\u00f4t\u00e9 plat pour une meilleure prise en main. Parfaites pour rentrer les fils et assembler les pi\u00e8ces.","og_url":"https:\/\/www.swisscrochet.ch\/produit\/tulip-tapestry-needles-assorted-bent-tip\/","og_site_name":"Swiss Crochet","article_modified_time":"2025-03-13T16:21:27+00:00","og_image":[{"width":1000,"height":1000,"url":"https:\/\/www.swisscrochet.ch\/wp-content\/uploads\/2025\/02\/Tulip-Tapestry-Needles-Assorted-Bent-Tip-Overview.jpg","type":"image\/jpeg"}],"twitter_card":"summary_large_image","twitter_misc":{"Dur\u00e9e de lecture estim\u00e9e":"1 minute"},"schema":{"@context":"https:\/\/schema.org","@graph":[{"@type":["WebPage","ItemPage"],"@id":"https:\/\/www.swisscrochet.ch\/produit\/tulip-tapestry-needles-assorted-bent-tip\/","url":"https:\/\/www.swisscrochet.ch\/produit\/tulip-tapestry-needles-assorted-bent-tip\/","name":"Tulip - Aiguilles \u00e0 tapisserie assorties - Pointe courb\u00e9e &#171; Swiss Crochet","isPartOf":{"@id":"https:\/\/www.swisscrochet.ch\/#website"},"primaryImageOfPage":{"@id":"https:\/\/www.swisscrochet.ch\/produit\/tulip-tapestry-needles-assorted-bent-tip\/#primaryimage"},"image":{"@id":"https:\/\/www.swisscrochet.ch\/produit\/tulip-tapestry-needles-assorted-bent-tip\/#primaryimage"},"thumbnailUrl":"https:\/\/www.swisscrochet.ch\/wp-content\/uploads\/2025\/02\/Tulip-Tapestry-Needles-Assorted-Bent-Tip-Overview.jpg","datePublished":"2025-02-28T15:00:36+00:00","dateModified":"2025-03-13T16:21:27+00:00","description":"Tulip Aiguilles \u00e0 tapisserie assorties ont une pointe courb\u00e9e pour attraper facilement le fil et un c\u00f4t\u00e9 plat pour une meilleure prise en main. Parfaites pour rentrer les fils et assembler les pi\u00e8ces.","breadcrumb":{"@id":"https:\/\/www.swisscrochet.ch\/produit\/tulip-tapestry-needles-assorted-bent-tip\/#breadcrumb"},"inLanguage":"fr-FR","potentialAction":[{"@type":"ReadAction","target":["https:\/\/www.swisscrochet.ch\/produit\/tulip-tapestry-needles-assorted-bent-tip\/"]}]},{"@type":"ImageObject","inLanguage":"fr-FR","@id":"https:\/\/www.swisscrochet.ch\/produit\/tulip-tapestry-needles-assorted-bent-tip\/#primaryimage","url":"https:\/\/www.swisscrochet.ch\/wp-content\/uploads\/2025\/02\/Tulip-Tapestry-Needles-Assorted-Bent-Tip-Overview.jpg","contentUrl":"https:\/\/www.swisscrochet.ch\/wp-content\/uploads\/2025\/02\/Tulip-Tapestry-Needles-Assorted-Bent-Tip-Overview.jpg","width":1000,"height":1000},{"@type":"BreadcrumbList","@id":"https:\/\/www.swisscrochet.ch\/produit\/tulip-tapestry-needles-assorted-bent-tip\/#breadcrumb","itemListElement":[{"@type":"ListItem","position":1,"name":"Home","item":"https:\/\/www.swisscrochet.ch\/fr\/"},{"@type":"ListItem","position":2,"name":"Boutique","item":"https:\/\/www.swisscrochet.ch\/fr\/boutique\/"},{"@type":"ListItem","position":3,"name":"Tulip &#8211; Aiguilles \u00e0 tapisserie assorties &#8211; Pointe courb\u00e9e"}]},{"@type":"WebSite","@id":"https:\/\/www.swisscrochet.ch\/#website","url":"https:\/\/www.swisscrochet.ch\/","name":"Swiss Crochet","description":"Lib\u00e9rez votre potentiel cr\u00e9atif","potentialAction":[{"@type":"SearchAction","target":{"@type":"EntryPoint","urlTemplate":"https:\/\/www.swisscrochet.ch\/?s={search_term_string}"},"query-input":{"@type":"PropertyValueSpecification","valueRequired":true,"valueName":"search_term_string"}}],"inLanguage":"fr-FR"}]}},"_links":{"self":[{"href":"https:\/\/www.swisscrochet.ch\/fr\/wp-json\/wp\/v2\/product\/5082","targetHints":{"allow":["GET"]}}],"collection":[{"href":"https:\/\/www.swisscrochet.ch\/fr\/wp-json\/wp\/v2\/product"}],"about":[{"href":"https:\/\/www.swisscrochet.ch\/fr\/wp-json\/wp\/v2\/types\/product"}],"wp:featuredmedia":[{"embeddable":true,"href":"https:\/\/www.swisscrochet.ch\/fr\/wp-json\/wp\/v2\/media\/4843"}],"wp:attachment":[{"href":"https:\/\/www.swisscrochet.ch\/fr\/wp-json\/wp\/v2\/media?parent=5082"}],"wp:term":[{"taxonomy":"product_brand","embeddable":true,"href":"https:\/\/www.swisscrochet.ch\/fr\/wp-json\/wp\/v2\/product_brand?post=5082"},{"taxonomy":"product_cat","embeddable":true,"href":"https:\/\/www.swisscrochet.ch\/fr\/wp-json\/wp\/v2\/product_cat?post=5082"},{"taxonomy":"product_tag","embeddable":true,"href":"https:\/\/www.swisscrochet.ch\/fr\/wp-json\/wp\/v2\/product_tag?post=5082"}],"curies":[{"name":"wp","href":"https:\/\/api.w.org\/{rel}","templated":true}]}}