{"id":5104,"date":"2025-02-28T13:40:33","date_gmt":"2025-02-28T12:40:33","guid":{"rendered":"https:\/\/www.swisscrochet.ch\/product\/prym-steel-t-pins-set-of-10\/"},"modified":"2026-03-21T11:48:52","modified_gmt":"2026-03-21T10:48:52","slug":"prym-epingles-en-t-en-acier-set-de-10","status":"publish","type":"product","link":"https:\/\/www.swisscrochet.ch\/fr\/produit\/prym-epingles-en-t-en-acier-set-de-10\/","title":{"rendered":"Prym &#8211; \u00c9pingles en T en acier &#8211; Set de 10"},"content":{"rendered":"","protected":false},"excerpt":{"rendered":"<p>Les \u00e9pingles en T en acier Prym sont un outil indispensable pour les crocheteuses et les cr\u00e9atrices. Parfaites pour fixer les pi\u00e8ces au crochet sur une planche ou un tissu, ces \u00e9pingles robustes aident \u00e0 tendre et \u00e0 fa\u00e7onner les projets lors du blocage. Elles sont \u00e9galement essentielles pour le crochet irlandais, garantissant des d\u00e9tails pr\u00e9cis et une bonne structure.<\/p>\n<p>Longueur : 32 mm<br \/>\n\u00c9paisseur : 0.75 mm<\/p>\n","protected":false},"featured_media":4671,"template":"","meta":[],"product_brand":[],"product_cat":[560,221,575],"product_tag":[],"class_list":{"0":"post-5104","1":"product","2":"type-product","3":"status-publish","4":"has-post-thumbnail","6":"product_cat-autres-accessoires","7":"product_cat-crochets-et-outils","8":"product_cat-outils-de-blocage","9":"product_shipping_class-petits-envois","10":"pa_t1-manufacturer-prym-fr","11":"description-off","13":"first","14":"instock","15":"taxable","16":"shipping-taxable","17":"purchasable","18":"product-type-simple"},"bundled_by":[],"bundle_stock_status":"instock","bundle_stock_quantity":15,"bundle_virtual":false,"bundle_layout":"","bundle_add_to_cart_form_location":"","bundle_editable_in_cart":false,"bundle_sold_individually_context":"","bundle_item_grouping":"","bundle_min_size":"","bundle_max_size":"","bundle_price":[],"bundled_items":[],"bundle_sell_ids":[],"yoast_head":"<!-- This site is optimized with the Yoast SEO plugin v27.5 - https:\/\/yoast.com\/product\/yoast-seo-wordpress\/ -->\n<title>Prym - \u00c9pingles en T en acier - Set de 10 &#171; Swiss Crochet<\/title>\n<meta name=\"description\" content=\"Prym \u00c9pingles en T en acier \u2013 Indispensables pour le blocage, la mise en forme et le crochet irlandais. Solides et durables, parfaites pour fixer les pi\u00e8ces au crochet. Longueur : 32 mm.\" \/>\n<meta name=\"robots\" content=\"index, follow, max-snippet:-1, max-image-preview:large, max-video-preview:-1\" \/>\n<link rel=\"canonical\" href=\"https:\/\/www.swisscrochet.ch\/fr\/produit\/prym-epingles-en-t-en-acier-set-de-10\/\" \/>\n<meta property=\"og:locale\" content=\"fr_FR\" \/>\n<meta property=\"og:type\" content=\"article\" \/>\n<meta property=\"og:title\" content=\"Prym - \u00c9pingles en T en acier - Set de 10 &#171; Swiss Crochet\" \/>\n<meta property=\"og:description\" content=\"Prym \u00c9pingles en T en acier \u2013 Indispensables pour le blocage, la mise en forme et le crochet irlandais. Solides et durables, parfaites pour fixer les pi\u00e8ces au crochet. Longueur : 32 mm.\" \/>\n<meta property=\"og:url\" content=\"https:\/\/www.swisscrochet.ch\/fr\/produit\/prym-epingles-en-t-en-acier-set-de-10\/\" \/>\n<meta property=\"og:site_name\" content=\"Swiss Crochet\" \/>\n<meta property=\"article:modified_time\" content=\"2026-03-21T10:48:52+00:00\" \/>\n<meta property=\"og:image\" content=\"https:\/\/www.swisscrochet.ch\/wp-content\/uploads\/2025\/02\/Prym-Steel-T-Pins-Overview.jpg\" \/>\n\t<meta property=\"og:image:width\" content=\"1000\" \/>\n\t<meta property=\"og:image:height\" content=\"1000\" \/>\n\t<meta property=\"og:image:type\" content=\"image\/jpeg\" \/>\n<meta name=\"twitter:card\" content=\"summary_large_image\" \/>\n<meta name=\"twitter:label1\" content=\"Dur\u00e9e de lecture estim\u00e9e\" \/>\n\t<meta name=\"twitter:data1\" content=\"1 minute\" \/>\n<script type=\"application\/ld+json\" class=\"yoast-schema-graph\">{\"@context\":\"https:\\\/\\\/schema.org\",\"@graph\":[{\"@type\":[\"WebPage\",\"ItemPage\"],\"@id\":\"https:\\\/\\\/www.swisscrochet.ch\\\/fr\\\/produit\\\/prym-epingles-en-t-en-acier-set-de-10\\\/\",\"url\":\"https:\\\/\\\/www.swisscrochet.ch\\\/fr\\\/produit\\\/prym-epingles-en-t-en-acier-set-de-10\\\/\",\"name\":\"Prym - \u00c9pingles en T en acier - Set de 10 &#171; Swiss Crochet\",\"isPartOf\":{\"@id\":\"https:\\\/\\\/www.swisscrochet.ch\\\/#website\"},\"primaryImageOfPage\":{\"@id\":\"https:\\\/\\\/www.swisscrochet.ch\\\/fr\\\/produit\\\/prym-epingles-en-t-en-acier-set-de-10\\\/#primaryimage\"},\"image\":{\"@id\":\"https:\\\/\\\/www.swisscrochet.ch\\\/fr\\\/produit\\\/prym-epingles-en-t-en-acier-set-de-10\\\/#primaryimage\"},\"thumbnailUrl\":\"https:\\\/\\\/www.swisscrochet.ch\\\/wp-content\\\/uploads\\\/2025\\\/02\\\/Prym-Steel-T-Pins-Overview.jpg\",\"datePublished\":\"2025-02-28T12:40:33+00:00\",\"dateModified\":\"2026-03-21T10:48:52+00:00\",\"description\":\"Prym \u00c9pingles en T en acier \u2013 Indispensables pour le blocage, la mise en forme et le crochet irlandais. Solides et durables, parfaites pour fixer les pi\u00e8ces au crochet. Longueur : 32 mm.\",\"breadcrumb\":{\"@id\":\"https:\\\/\\\/www.swisscrochet.ch\\\/fr\\\/produit\\\/prym-epingles-en-t-en-acier-set-de-10\\\/#breadcrumb\"},\"inLanguage\":\"fr-FR\",\"potentialAction\":[{\"@type\":\"ReadAction\",\"target\":[\"https:\\\/\\\/www.swisscrochet.ch\\\/fr\\\/produit\\\/prym-epingles-en-t-en-acier-set-de-10\\\/\"]}]},{\"@type\":\"ImageObject\",\"inLanguage\":\"fr-FR\",\"@id\":\"https:\\\/\\\/www.swisscrochet.ch\\\/fr\\\/produit\\\/prym-epingles-en-t-en-acier-set-de-10\\\/#primaryimage\",\"url\":\"https:\\\/\\\/www.swisscrochet.ch\\\/wp-content\\\/uploads\\\/2025\\\/02\\\/Prym-Steel-T-Pins-Overview.jpg\",\"contentUrl\":\"https:\\\/\\\/www.swisscrochet.ch\\\/wp-content\\\/uploads\\\/2025\\\/02\\\/Prym-Steel-T-Pins-Overview.jpg\",\"width\":1000,\"height\":1000},{\"@type\":\"BreadcrumbList\",\"@id\":\"https:\\\/\\\/www.swisscrochet.ch\\\/fr\\\/produit\\\/prym-epingles-en-t-en-acier-set-de-10\\\/#breadcrumb\",\"itemListElement\":[{\"@type\":\"ListItem\",\"position\":1,\"name\":\"Home\",\"item\":\"https:\\\/\\\/www.swisscrochet.ch\\\/fr\\\/\"},{\"@type\":\"ListItem\",\"position\":2,\"name\":\"Boutique\",\"item\":\"https:\\\/\\\/www.swisscrochet.ch\\\/fr\\\/boutique\\\/\"},{\"@type\":\"ListItem\",\"position\":3,\"name\":\"Prym &#8211; \u00c9pingles en T en acier &#8211; Set de 10\"}]},{\"@type\":\"WebSite\",\"@id\":\"https:\\\/\\\/www.swisscrochet.ch\\\/#website\",\"url\":\"https:\\\/\\\/www.swisscrochet.ch\\\/\",\"name\":\"Swiss Crochet\",\"description\":\"Lib\u00e9rez votre potentiel cr\u00e9atif\",\"potentialAction\":[{\"@type\":\"SearchAction\",\"target\":{\"@type\":\"EntryPoint\",\"urlTemplate\":\"https:\\\/\\\/www.swisscrochet.ch\\\/?s={search_term_string}\"},\"query-input\":{\"@type\":\"PropertyValueSpecification\",\"valueRequired\":true,\"valueName\":\"search_term_string\"}}],\"inLanguage\":\"fr-FR\"}]}<\/script>\n<!-- \/ Yoast SEO plugin. -->","yoast_head_json":{"title":"Prym - \u00c9pingles en T en acier - Set de 10 &#171; Swiss Crochet","description":"Prym \u00c9pingles en T en acier \u2013 Indispensables pour le blocage, la mise en forme et le crochet irlandais. Solides et durables, parfaites pour fixer les pi\u00e8ces au crochet. Longueur : 32 mm.","robots":{"index":"index","follow":"follow","max-snippet":"max-snippet:-1","max-image-preview":"max-image-preview:large","max-video-preview":"max-video-preview:-1"},"canonical":"https:\/\/www.swisscrochet.ch\/fr\/produit\/prym-epingles-en-t-en-acier-set-de-10\/","og_locale":"fr_FR","og_type":"article","og_title":"Prym - \u00c9pingles en T en acier - Set de 10 &#171; Swiss Crochet","og_description":"Prym \u00c9pingles en T en acier \u2013 Indispensables pour le blocage, la mise en forme et le crochet irlandais. Solides et durables, parfaites pour fixer les pi\u00e8ces au crochet. Longueur : 32 mm.","og_url":"https:\/\/www.swisscrochet.ch\/fr\/produit\/prym-epingles-en-t-en-acier-set-de-10\/","og_site_name":"Swiss Crochet","article_modified_time":"2026-03-21T10:48:52+00:00","og_image":[{"width":1000,"height":1000,"url":"https:\/\/www.swisscrochet.ch\/wp-content\/uploads\/2025\/02\/Prym-Steel-T-Pins-Overview.jpg","type":"image\/jpeg"}],"twitter_card":"summary_large_image","twitter_misc":{"Dur\u00e9e de lecture estim\u00e9e":"1 minute"},"schema":{"@context":"https:\/\/schema.org","@graph":[{"@type":["WebPage","ItemPage"],"@id":"https:\/\/www.swisscrochet.ch\/fr\/produit\/prym-epingles-en-t-en-acier-set-de-10\/","url":"https:\/\/www.swisscrochet.ch\/fr\/produit\/prym-epingles-en-t-en-acier-set-de-10\/","name":"Prym - \u00c9pingles en T en acier - Set de 10 &#171; Swiss Crochet","isPartOf":{"@id":"https:\/\/www.swisscrochet.ch\/#website"},"primaryImageOfPage":{"@id":"https:\/\/www.swisscrochet.ch\/fr\/produit\/prym-epingles-en-t-en-acier-set-de-10\/#primaryimage"},"image":{"@id":"https:\/\/www.swisscrochet.ch\/fr\/produit\/prym-epingles-en-t-en-acier-set-de-10\/#primaryimage"},"thumbnailUrl":"https:\/\/www.swisscrochet.ch\/wp-content\/uploads\/2025\/02\/Prym-Steel-T-Pins-Overview.jpg","datePublished":"2025-02-28T12:40:33+00:00","dateModified":"2026-03-21T10:48:52+00:00","description":"Prym \u00c9pingles en T en acier \u2013 Indispensables pour le blocage, la mise en forme et le crochet irlandais. Solides et durables, parfaites pour fixer les pi\u00e8ces au crochet. Longueur : 32 mm.","breadcrumb":{"@id":"https:\/\/www.swisscrochet.ch\/fr\/produit\/prym-epingles-en-t-en-acier-set-de-10\/#breadcrumb"},"inLanguage":"fr-FR","potentialAction":[{"@type":"ReadAction","target":["https:\/\/www.swisscrochet.ch\/fr\/produit\/prym-epingles-en-t-en-acier-set-de-10\/"]}]},{"@type":"ImageObject","inLanguage":"fr-FR","@id":"https:\/\/www.swisscrochet.ch\/fr\/produit\/prym-epingles-en-t-en-acier-set-de-10\/#primaryimage","url":"https:\/\/www.swisscrochet.ch\/wp-content\/uploads\/2025\/02\/Prym-Steel-T-Pins-Overview.jpg","contentUrl":"https:\/\/www.swisscrochet.ch\/wp-content\/uploads\/2025\/02\/Prym-Steel-T-Pins-Overview.jpg","width":1000,"height":1000},{"@type":"BreadcrumbList","@id":"https:\/\/www.swisscrochet.ch\/fr\/produit\/prym-epingles-en-t-en-acier-set-de-10\/#breadcrumb","itemListElement":[{"@type":"ListItem","position":1,"name":"Home","item":"https:\/\/www.swisscrochet.ch\/fr\/"},{"@type":"ListItem","position":2,"name":"Boutique","item":"https:\/\/www.swisscrochet.ch\/fr\/boutique\/"},{"@type":"ListItem","position":3,"name":"Prym &#8211; \u00c9pingles en T en acier &#8211; Set de 10"}]},{"@type":"WebSite","@id":"https:\/\/www.swisscrochet.ch\/#website","url":"https:\/\/www.swisscrochet.ch\/","name":"Swiss Crochet","description":"Lib\u00e9rez votre potentiel cr\u00e9atif","potentialAction":[{"@type":"SearchAction","target":{"@type":"EntryPoint","urlTemplate":"https:\/\/www.swisscrochet.ch\/?s={search_term_string}"},"query-input":{"@type":"PropertyValueSpecification","valueRequired":true,"valueName":"search_term_string"}}],"inLanguage":"fr-FR"}]}},"_links":{"self":[{"href":"https:\/\/www.swisscrochet.ch\/fr\/wp-json\/wp\/v2\/product\/5104","targetHints":{"allow":["GET"]}}],"collection":[{"href":"https:\/\/www.swisscrochet.ch\/fr\/wp-json\/wp\/v2\/product"}],"about":[{"href":"https:\/\/www.swisscrochet.ch\/fr\/wp-json\/wp\/v2\/types\/product"}],"wp:featuredmedia":[{"embeddable":true,"href":"https:\/\/www.swisscrochet.ch\/fr\/wp-json\/wp\/v2\/media\/4671"}],"wp:attachment":[{"href":"https:\/\/www.swisscrochet.ch\/fr\/wp-json\/wp\/v2\/media?parent=5104"}],"wp:term":[{"taxonomy":"product_brand","embeddable":true,"href":"https:\/\/www.swisscrochet.ch\/fr\/wp-json\/wp\/v2\/product_brand?post=5104"},{"taxonomy":"product_cat","embeddable":true,"href":"https:\/\/www.swisscrochet.ch\/fr\/wp-json\/wp\/v2\/product_cat?post=5104"},{"taxonomy":"product_tag","embeddable":true,"href":"https:\/\/www.swisscrochet.ch\/fr\/wp-json\/wp\/v2\/product_tag?post=5104"}],"curies":[{"name":"wp","href":"https:\/\/api.w.org\/{rel}","templated":true}]}}