{"id":5107,"date":"2025-02-28T13:39:47","date_gmt":"2025-02-28T12:39:47","guid":{"rendered":"https:\/\/www.swisscrochet.ch\/product\/prym-tape-measure\/"},"modified":"2025-03-14T10:43:27","modified_gmt":"2025-03-14T09:43:27","slug":"prym-metre-ruban","status":"publish","type":"product","link":"https:\/\/www.swisscrochet.ch\/fr\/produit\/prym-metre-ruban\/","title":{"rendered":"Prym &#8211; M\u00e8tre Ruban"},"content":{"rendered":"","protected":false},"excerpt":{"rendered":"<p>Le m\u00e8tre ruban Prym est un outil essentiel pour tous types d\u2019artisanat. Avec son \u00e9chelle color\u00e9e, il offre une excellente visibilit\u00e9 pour des mesures pr\u00e9cises. Con\u00e7u pour durer, ce m\u00e8tre ruban de qualit\u00e9 professionnelle est dot\u00e9 d\u2019extr\u00e9mit\u00e9s renforc\u00e9es en m\u00e9tal pour plus de stabilit\u00e9 et de long\u00e9vit\u00e9.<\/p>\n<p>Longueur totale : 150 cm<\/p>\n","protected":false},"featured_media":4679,"template":"","meta":[],"product_brand":[],"product_cat":[221,563],"product_tag":[],"class_list":{"0":"post-5107","1":"product","2":"type-product","3":"status-publish","4":"has-post-thumbnail","6":"product_cat-crochets-et-outils","7":"product_cat-outils-de-mesure-et-de-coupe","8":"product_shipping_class-petits-envois","9":"pa_t1-manufacturer-prym-fr","10":"description-off","12":"first","13":"instock","14":"taxable","15":"shipping-taxable","16":"purchasable","17":"product-type-simple"},"bundled_by":["10380","10387","10395"],"bundle_stock_status":"instock","bundle_stock_quantity":9,"bundle_virtual":false,"bundle_layout":"","bundle_add_to_cart_form_location":"","bundle_editable_in_cart":false,"bundle_sold_individually_context":"","bundle_item_grouping":"","bundle_min_size":"","bundle_max_size":"","bundle_price":[],"bundled_items":[],"bundle_sell_ids":[],"yoast_head":"<!-- This site is optimized with the Yoast SEO plugin v27.5 - https:\/\/yoast.com\/product\/yoast-seo-wordpress\/ -->\n<title>Prym - M\u00e8tre Ruban &#171; Swiss Crochet<\/title>\n<meta name=\"description\" content=\"Prym M\u00e8tre Ruban \u2013 M\u00e8tre ruban durable de 150 cm avec une \u00e9chelle color\u00e9e pour une meilleure visibilit\u00e9 et des extr\u00e9mit\u00e9s renforc\u00e9es en m\u00e9tal pour plus de stabilit\u00e9.\" \/>\n<meta name=\"robots\" content=\"index, follow, max-snippet:-1, max-image-preview:large, max-video-preview:-1\" \/>\n<link rel=\"canonical\" href=\"https:\/\/www.swisscrochet.ch\/produit\/prym-tape-measure\/\" \/>\n<meta property=\"og:locale\" content=\"fr_FR\" \/>\n<meta property=\"og:type\" content=\"article\" \/>\n<meta property=\"og:title\" content=\"Prym - M\u00e8tre Ruban &#171; Swiss Crochet\" \/>\n<meta property=\"og:description\" content=\"Prym M\u00e8tre Ruban \u2013 M\u00e8tre ruban durable de 150 cm avec une \u00e9chelle color\u00e9e pour une meilleure visibilit\u00e9 et des extr\u00e9mit\u00e9s renforc\u00e9es en m\u00e9tal pour plus de stabilit\u00e9.\" \/>\n<meta property=\"og:url\" content=\"https:\/\/www.swisscrochet.ch\/produit\/prym-tape-measure\/\" \/>\n<meta property=\"og:site_name\" content=\"Swiss Crochet\" \/>\n<meta property=\"article:modified_time\" content=\"2025-03-14T09:43:27+00:00\" \/>\n<meta property=\"og:image\" content=\"https:\/\/www.swisscrochet.ch\/wp-content\/uploads\/2025\/02\/Prym-Tape-Measure-Overview.jpg\" \/>\n\t<meta property=\"og:image:width\" content=\"1000\" \/>\n\t<meta property=\"og:image:height\" content=\"1000\" \/>\n\t<meta property=\"og:image:type\" content=\"image\/jpeg\" \/>\n<meta name=\"twitter:card\" content=\"summary_large_image\" \/>\n<meta name=\"twitter:label1\" content=\"Dur\u00e9e de lecture estim\u00e9e\" \/>\n\t<meta name=\"twitter:data1\" content=\"1 minute\" \/>\n<script type=\"application\/ld+json\" class=\"yoast-schema-graph\">{\"@context\":\"https:\\\/\\\/schema.org\",\"@graph\":[{\"@type\":[\"WebPage\",\"ItemPage\"],\"@id\":\"https:\\\/\\\/www.swisscrochet.ch\\\/produit\\\/prym-tape-measure\\\/\",\"url\":\"https:\\\/\\\/www.swisscrochet.ch\\\/produit\\\/prym-tape-measure\\\/\",\"name\":\"Prym - M\u00e8tre Ruban &#171; Swiss Crochet\",\"isPartOf\":{\"@id\":\"https:\\\/\\\/www.swisscrochet.ch\\\/#website\"},\"primaryImageOfPage\":{\"@id\":\"https:\\\/\\\/www.swisscrochet.ch\\\/produit\\\/prym-tape-measure\\\/#primaryimage\"},\"image\":{\"@id\":\"https:\\\/\\\/www.swisscrochet.ch\\\/produit\\\/prym-tape-measure\\\/#primaryimage\"},\"thumbnailUrl\":\"https:\\\/\\\/www.swisscrochet.ch\\\/wp-content\\\/uploads\\\/2025\\\/02\\\/Prym-Tape-Measure-Overview.jpg\",\"datePublished\":\"2025-02-28T12:39:47+00:00\",\"dateModified\":\"2025-03-14T09:43:27+00:00\",\"description\":\"Prym M\u00e8tre Ruban \u2013 M\u00e8tre ruban durable de 150 cm avec une \u00e9chelle color\u00e9e pour une meilleure visibilit\u00e9 et des extr\u00e9mit\u00e9s renforc\u00e9es en m\u00e9tal pour plus de stabilit\u00e9.\",\"breadcrumb\":{\"@id\":\"https:\\\/\\\/www.swisscrochet.ch\\\/produit\\\/prym-tape-measure\\\/#breadcrumb\"},\"inLanguage\":\"fr-FR\",\"potentialAction\":[{\"@type\":\"ReadAction\",\"target\":[\"https:\\\/\\\/www.swisscrochet.ch\\\/produit\\\/prym-tape-measure\\\/\"]}]},{\"@type\":\"ImageObject\",\"inLanguage\":\"fr-FR\",\"@id\":\"https:\\\/\\\/www.swisscrochet.ch\\\/produit\\\/prym-tape-measure\\\/#primaryimage\",\"url\":\"https:\\\/\\\/www.swisscrochet.ch\\\/wp-content\\\/uploads\\\/2025\\\/02\\\/Prym-Tape-Measure-Overview.jpg\",\"contentUrl\":\"https:\\\/\\\/www.swisscrochet.ch\\\/wp-content\\\/uploads\\\/2025\\\/02\\\/Prym-Tape-Measure-Overview.jpg\",\"width\":1000,\"height\":1000},{\"@type\":\"BreadcrumbList\",\"@id\":\"https:\\\/\\\/www.swisscrochet.ch\\\/produit\\\/prym-tape-measure\\\/#breadcrumb\",\"itemListElement\":[{\"@type\":\"ListItem\",\"position\":1,\"name\":\"Home\",\"item\":\"https:\\\/\\\/www.swisscrochet.ch\\\/fr\\\/\"},{\"@type\":\"ListItem\",\"position\":2,\"name\":\"Boutique\",\"item\":\"https:\\\/\\\/www.swisscrochet.ch\\\/fr\\\/boutique\\\/\"},{\"@type\":\"ListItem\",\"position\":3,\"name\":\"Prym &#8211; M\u00e8tre Ruban\"}]},{\"@type\":\"WebSite\",\"@id\":\"https:\\\/\\\/www.swisscrochet.ch\\\/#website\",\"url\":\"https:\\\/\\\/www.swisscrochet.ch\\\/\",\"name\":\"Swiss Crochet\",\"description\":\"Lib\u00e9rez votre potentiel cr\u00e9atif\",\"potentialAction\":[{\"@type\":\"SearchAction\",\"target\":{\"@type\":\"EntryPoint\",\"urlTemplate\":\"https:\\\/\\\/www.swisscrochet.ch\\\/?s={search_term_string}\"},\"query-input\":{\"@type\":\"PropertyValueSpecification\",\"valueRequired\":true,\"valueName\":\"search_term_string\"}}],\"inLanguage\":\"fr-FR\"}]}<\/script>\n<!-- \/ Yoast SEO plugin. -->","yoast_head_json":{"title":"Prym - M\u00e8tre Ruban &#171; Swiss Crochet","description":"Prym M\u00e8tre Ruban \u2013 M\u00e8tre ruban durable de 150 cm avec une \u00e9chelle color\u00e9e pour une meilleure visibilit\u00e9 et des extr\u00e9mit\u00e9s renforc\u00e9es en m\u00e9tal pour plus de stabilit\u00e9.","robots":{"index":"index","follow":"follow","max-snippet":"max-snippet:-1","max-image-preview":"max-image-preview:large","max-video-preview":"max-video-preview:-1"},"canonical":"https:\/\/www.swisscrochet.ch\/produit\/prym-tape-measure\/","og_locale":"fr_FR","og_type":"article","og_title":"Prym - M\u00e8tre Ruban &#171; Swiss Crochet","og_description":"Prym M\u00e8tre Ruban \u2013 M\u00e8tre ruban durable de 150 cm avec une \u00e9chelle color\u00e9e pour une meilleure visibilit\u00e9 et des extr\u00e9mit\u00e9s renforc\u00e9es en m\u00e9tal pour plus de stabilit\u00e9.","og_url":"https:\/\/www.swisscrochet.ch\/produit\/prym-tape-measure\/","og_site_name":"Swiss Crochet","article_modified_time":"2025-03-14T09:43:27+00:00","og_image":[{"width":1000,"height":1000,"url":"https:\/\/www.swisscrochet.ch\/wp-content\/uploads\/2025\/02\/Prym-Tape-Measure-Overview.jpg","type":"image\/jpeg"}],"twitter_card":"summary_large_image","twitter_misc":{"Dur\u00e9e de lecture estim\u00e9e":"1 minute"},"schema":{"@context":"https:\/\/schema.org","@graph":[{"@type":["WebPage","ItemPage"],"@id":"https:\/\/www.swisscrochet.ch\/produit\/prym-tape-measure\/","url":"https:\/\/www.swisscrochet.ch\/produit\/prym-tape-measure\/","name":"Prym - M\u00e8tre Ruban &#171; Swiss Crochet","isPartOf":{"@id":"https:\/\/www.swisscrochet.ch\/#website"},"primaryImageOfPage":{"@id":"https:\/\/www.swisscrochet.ch\/produit\/prym-tape-measure\/#primaryimage"},"image":{"@id":"https:\/\/www.swisscrochet.ch\/produit\/prym-tape-measure\/#primaryimage"},"thumbnailUrl":"https:\/\/www.swisscrochet.ch\/wp-content\/uploads\/2025\/02\/Prym-Tape-Measure-Overview.jpg","datePublished":"2025-02-28T12:39:47+00:00","dateModified":"2025-03-14T09:43:27+00:00","description":"Prym M\u00e8tre Ruban \u2013 M\u00e8tre ruban durable de 150 cm avec une \u00e9chelle color\u00e9e pour une meilleure visibilit\u00e9 et des extr\u00e9mit\u00e9s renforc\u00e9es en m\u00e9tal pour plus de stabilit\u00e9.","breadcrumb":{"@id":"https:\/\/www.swisscrochet.ch\/produit\/prym-tape-measure\/#breadcrumb"},"inLanguage":"fr-FR","potentialAction":[{"@type":"ReadAction","target":["https:\/\/www.swisscrochet.ch\/produit\/prym-tape-measure\/"]}]},{"@type":"ImageObject","inLanguage":"fr-FR","@id":"https:\/\/www.swisscrochet.ch\/produit\/prym-tape-measure\/#primaryimage","url":"https:\/\/www.swisscrochet.ch\/wp-content\/uploads\/2025\/02\/Prym-Tape-Measure-Overview.jpg","contentUrl":"https:\/\/www.swisscrochet.ch\/wp-content\/uploads\/2025\/02\/Prym-Tape-Measure-Overview.jpg","width":1000,"height":1000},{"@type":"BreadcrumbList","@id":"https:\/\/www.swisscrochet.ch\/produit\/prym-tape-measure\/#breadcrumb","itemListElement":[{"@type":"ListItem","position":1,"name":"Home","item":"https:\/\/www.swisscrochet.ch\/fr\/"},{"@type":"ListItem","position":2,"name":"Boutique","item":"https:\/\/www.swisscrochet.ch\/fr\/boutique\/"},{"@type":"ListItem","position":3,"name":"Prym &#8211; M\u00e8tre Ruban"}]},{"@type":"WebSite","@id":"https:\/\/www.swisscrochet.ch\/#website","url":"https:\/\/www.swisscrochet.ch\/","name":"Swiss Crochet","description":"Lib\u00e9rez votre potentiel cr\u00e9atif","potentialAction":[{"@type":"SearchAction","target":{"@type":"EntryPoint","urlTemplate":"https:\/\/www.swisscrochet.ch\/?s={search_term_string}"},"query-input":{"@type":"PropertyValueSpecification","valueRequired":true,"valueName":"search_term_string"}}],"inLanguage":"fr-FR"}]}},"_links":{"self":[{"href":"https:\/\/www.swisscrochet.ch\/fr\/wp-json\/wp\/v2\/product\/5107","targetHints":{"allow":["GET"]}}],"collection":[{"href":"https:\/\/www.swisscrochet.ch\/fr\/wp-json\/wp\/v2\/product"}],"about":[{"href":"https:\/\/www.swisscrochet.ch\/fr\/wp-json\/wp\/v2\/types\/product"}],"wp:featuredmedia":[{"embeddable":true,"href":"https:\/\/www.swisscrochet.ch\/fr\/wp-json\/wp\/v2\/media\/4679"}],"wp:attachment":[{"href":"https:\/\/www.swisscrochet.ch\/fr\/wp-json\/wp\/v2\/media?parent=5107"}],"wp:term":[{"taxonomy":"product_brand","embeddable":true,"href":"https:\/\/www.swisscrochet.ch\/fr\/wp-json\/wp\/v2\/product_brand?post=5107"},{"taxonomy":"product_cat","embeddable":true,"href":"https:\/\/www.swisscrochet.ch\/fr\/wp-json\/wp\/v2\/product_cat?post=5107"},{"taxonomy":"product_tag","embeddable":true,"href":"https:\/\/www.swisscrochet.ch\/fr\/wp-json\/wp\/v2\/product_tag?post=5107"}],"curies":[{"name":"wp","href":"https:\/\/api.w.org\/{rel}","templated":true}]}}