{"id":5224,"date":"2025-03-14T17:28:29","date_gmt":"2025-03-14T16:28:29","guid":{"rendered":"https:\/\/www.swisscrochet.ch\/product\/hoooked-zpagetti-700gr\/"},"modified":"2026-03-28T10:54:22","modified_gmt":"2026-03-28T09:54:22","slug":"hoooked-zpagetti-700gr","status":"publish","type":"product","link":"https:\/\/www.swisscrochet.ch\/fr\/produit\/hoooked-zpagetti-700gr\/","title":{"rendered":"Hoooked &#8211; Zpagetti &#8211; 700gr"},"content":{"rendered":"","protected":false},"excerpt":{"rendered":"<p>Hoooked Zpagetti est un fil de t-shirt polyvalent fabriqu\u00e9 \u00e0 partir de d\u00e9chets textiles pr\u00e9-consommation. Zpagetti est non fil\u00e9, ce qui signifie qu\u2019il n\u2019a aucune torsion \u2013 parfait pour des projets au crochet avec une excellente d\u00e9finition des mailles. Gr\u00e2ce \u00e0 sa composition textile, il offre une l\u00e9g\u00e8re \u00e9lasticit\u00e9 qui le rend facile \u00e0 travailler.<\/p>\n<p>Id\u00e9al pour crocheter des paniers, sacs, tapis et d\u00e9corations d\u2019int\u00e9rieur, son \u00e9paisseur Super Bulky permet d\u2019obtenir des r\u00e9sultats rapides et satisfaisants. En raison de son poids, il est moins adapt\u00e9 aux v\u00eatements portables.<\/p>\n<p>L\u2019\u00e9chantillon illustr\u00e9 a \u00e9t\u00e9 lav\u00e9 en machine (programme normal \u00e0 40\u00b0C) et repass\u00e9 \u00e0 la vapeur.<\/p>\n<p>Optez pour Hoooked Zpagetti pour des projets au crochet rapides, \u00e9cologiques et \u00e0 la texture audacieuse avec des couleurs vibrantes!<\/p>\n<p><strong>L\u2019unicit\u00e9 des fils Zpagetti<\/strong><br \/>\nLa composition de Zpagetti est de 90 % coton recycl\u00e9 et 10 % autres fibres recycl\u00e9es (\u00e9lasthanne). Les bordures et chutes de textile produites par l\u2019industrie du tissu, qui seraient normalement jet\u00e9es, sont transform\u00e9es en fil. Ces morceaux de tissu sont s\u00e9lectionn\u00e9s et tri\u00e9s \u00e0 la main au centre de production Hoooked au Portugal. Gr\u00e2ce \u00e0 un contr\u00f4le qualit\u00e9 rigoureux, Hoooked garantit des conditions de travail \u00e9thiques et des normes de production \u00e9lev\u00e9es. Les textiles Hoooked Zpagetti respectent les normes europ\u00e9ennes REACH en mati\u00e8re de s\u00e9curit\u00e9 des colorants.<\/p>\n<p><strong>Veuillez noter :<\/strong> Le fil Zpagetti n\u2019est pas reteint \u2013 ses couleurs sont d\u00e9termin\u00e9es par le tissu d\u2019origine. Chaque lot est donc unique, et bien que des nuances similaires puissent appara\u00eetre, il est impossible de reproduire exactement la m\u00eame couleur.<\/p>\n<p>C\u2019est pourquoi <strong>il est important d\u2019acheter suffisamment de fil pour votre projet<\/strong>. Une fois une couleur \u00e9puis\u00e9e, elle ne sera plus disponible !<\/p>\n<p>Chez Swiss Crochet, vous trouverez une palette de couleurs soigneusement s\u00e9lectionn\u00e9e, disponible en quantit\u00e9s plus importantes (4+ c\u00f4nes). <strong>Chaque c\u00f4ne est vendu selon sa couleur r\u00e9elle, et non selon une r\u00e9f\u00e9rence de teinte.<\/strong><\/p>\n<p>Chaque c\u00f4ne est photographi\u00e9 individuellement et list\u00e9 s\u00e9par\u00e9ment, vous permettant de visualiser pr\u00e9cis\u00e9ment la couleur avant l\u2019achat \u2013 <em>une exclusivit\u00e9 Swiss Crochet !<\/em><\/p>\n","protected":false},"featured_media":5197,"template":"","meta":[],"product_brand":[],"product_cat":[227,1882],"product_tag":[],"class_list":{"0":"post-5224","1":"product","2":"type-product","3":"status-publish","4":"has-post-thumbnail","6":"product_cat-fils","7":"product_cat-fils-sacs-et-decoration-interieure","8":"pa_y1-brand-hoooked-fr","9":"pa_y17-yarn-weight-super-bulky-fr","10":"description-off","12":"first","13":"instock","14":"taxable","15":"shipping-taxable","16":"purchasable","17":"product-type-variable","18":"wvs-archive-product-wrapper"},"bundled_by":[],"bundle_stock_status":"instock","bundle_stock_quantity":null,"bundle_virtual":false,"bundle_layout":"","bundle_add_to_cart_form_location":"","bundle_editable_in_cart":false,"bundle_sold_individually_context":"","bundle_item_grouping":"","bundle_min_size":"","bundle_max_size":"","bundle_price":[],"bundled_items":[],"bundle_sell_ids":[],"yoast_head":"<!-- This site is optimized with the Yoast SEO plugin v27.4 - https:\/\/yoast.com\/product\/yoast-seo-wordpress\/ -->\n<title>Hoooked - Zpagetti - 700gr &#171; Swiss Crochet<\/title>\n<meta name=\"description\" content=\"Hoooked Zpagetti est un fil recycl\u00e9 de t-shirt, parfait pour le crochet. Id\u00e9al pour les sacs, paniers et tapis, il offre une excellente d\u00e9finition des mailles et une bonne \u00e9lasticit\u00e9!\" \/>\n<meta name=\"robots\" content=\"index, follow, max-snippet:-1, max-image-preview:large, max-video-preview:-1\" \/>\n<link rel=\"canonical\" href=\"https:\/\/www.swisscrochet.ch\/fr\/produit\/hoooked-zpagetti-700gr\/\" \/>\n<meta property=\"og:locale\" content=\"fr_FR\" \/>\n<meta property=\"og:type\" content=\"article\" \/>\n<meta property=\"og:title\" content=\"Hoooked - Zpagetti - 700gr &#171; Swiss Crochet\" \/>\n<meta property=\"og:description\" content=\"Hoooked Zpagetti est un fil recycl\u00e9 de t-shirt, parfait pour le crochet. Id\u00e9al pour les sacs, paniers et tapis, il offre une excellente d\u00e9finition des mailles et une bonne \u00e9lasticit\u00e9!\" \/>\n<meta property=\"og:url\" content=\"https:\/\/www.swisscrochet.ch\/fr\/produit\/hoooked-zpagetti-700gr\/\" \/>\n<meta property=\"og:site_name\" content=\"Swiss Crochet\" \/>\n<meta property=\"article:modified_time\" content=\"2026-03-28T09:54:22+00:00\" \/>\n<meta property=\"og:image\" content=\"https:\/\/www.swisscrochet.ch\/wp-content\/uploads\/2025\/03\/Hoooked-Zpagetti-700gr-Overview.jpg\" \/>\n\t<meta property=\"og:image:width\" content=\"1000\" \/>\n\t<meta property=\"og:image:height\" content=\"1000\" \/>\n\t<meta property=\"og:image:type\" content=\"image\/jpeg\" \/>\n<meta name=\"twitter:card\" content=\"summary_large_image\" \/>\n<meta name=\"twitter:label1\" content=\"Dur\u00e9e de lecture estim\u00e9e\" \/>\n\t<meta name=\"twitter:data1\" content=\"1 minute\" \/>\n<script type=\"application\/ld+json\" class=\"yoast-schema-graph\">{\"@context\":\"https:\\\/\\\/schema.org\",\"@graph\":[{\"@type\":[\"WebPage\",\"ItemPage\"],\"@id\":\"https:\\\/\\\/www.swisscrochet.ch\\\/fr\\\/produit\\\/hoooked-zpagetti-700gr\\\/\",\"url\":\"https:\\\/\\\/www.swisscrochet.ch\\\/fr\\\/produit\\\/hoooked-zpagetti-700gr\\\/\",\"name\":\"Hoooked - Zpagetti - 700gr &#171; Swiss Crochet\",\"isPartOf\":{\"@id\":\"https:\\\/\\\/www.swisscrochet.ch\\\/#website\"},\"primaryImageOfPage\":{\"@id\":\"https:\\\/\\\/www.swisscrochet.ch\\\/fr\\\/produit\\\/hoooked-zpagetti-700gr\\\/#primaryimage\"},\"image\":{\"@id\":\"https:\\\/\\\/www.swisscrochet.ch\\\/fr\\\/produit\\\/hoooked-zpagetti-700gr\\\/#primaryimage\"},\"thumbnailUrl\":\"https:\\\/\\\/www.swisscrochet.ch\\\/wp-content\\\/uploads\\\/2025\\\/03\\\/Hoooked-Zpagetti-700gr-Overview.jpg\",\"datePublished\":\"2025-03-14T16:28:29+00:00\",\"dateModified\":\"2026-03-28T09:54:22+00:00\",\"description\":\"Hoooked Zpagetti est un fil recycl\u00e9 de t-shirt, parfait pour le crochet. Id\u00e9al pour les sacs, paniers et tapis, il offre une excellente d\u00e9finition des mailles et une bonne \u00e9lasticit\u00e9!\",\"breadcrumb\":{\"@id\":\"https:\\\/\\\/www.swisscrochet.ch\\\/fr\\\/produit\\\/hoooked-zpagetti-700gr\\\/#breadcrumb\"},\"inLanguage\":\"fr-FR\",\"potentialAction\":[{\"@type\":\"ReadAction\",\"target\":[\"https:\\\/\\\/www.swisscrochet.ch\\\/fr\\\/produit\\\/hoooked-zpagetti-700gr\\\/\"]}]},{\"@type\":\"ImageObject\",\"inLanguage\":\"fr-FR\",\"@id\":\"https:\\\/\\\/www.swisscrochet.ch\\\/fr\\\/produit\\\/hoooked-zpagetti-700gr\\\/#primaryimage\",\"url\":\"https:\\\/\\\/www.swisscrochet.ch\\\/wp-content\\\/uploads\\\/2025\\\/03\\\/Hoooked-Zpagetti-700gr-Overview.jpg\",\"contentUrl\":\"https:\\\/\\\/www.swisscrochet.ch\\\/wp-content\\\/uploads\\\/2025\\\/03\\\/Hoooked-Zpagetti-700gr-Overview.jpg\",\"width\":1000,\"height\":1000},{\"@type\":\"BreadcrumbList\",\"@id\":\"https:\\\/\\\/www.swisscrochet.ch\\\/fr\\\/produit\\\/hoooked-zpagetti-700gr\\\/#breadcrumb\",\"itemListElement\":[{\"@type\":\"ListItem\",\"position\":1,\"name\":\"Home\",\"item\":\"https:\\\/\\\/www.swisscrochet.ch\\\/fr\\\/\"},{\"@type\":\"ListItem\",\"position\":2,\"name\":\"Boutique\",\"item\":\"https:\\\/\\\/www.swisscrochet.ch\\\/fr\\\/boutique\\\/\"},{\"@type\":\"ListItem\",\"position\":3,\"name\":\"Hoooked &#8211; Zpagetti &#8211; 700gr\"}]},{\"@type\":\"WebSite\",\"@id\":\"https:\\\/\\\/www.swisscrochet.ch\\\/#website\",\"url\":\"https:\\\/\\\/www.swisscrochet.ch\\\/\",\"name\":\"Swiss Crochet\",\"description\":\"Lib\u00e9rez votre potentiel cr\u00e9atif\",\"potentialAction\":[{\"@type\":\"SearchAction\",\"target\":{\"@type\":\"EntryPoint\",\"urlTemplate\":\"https:\\\/\\\/www.swisscrochet.ch\\\/?s={search_term_string}\"},\"query-input\":{\"@type\":\"PropertyValueSpecification\",\"valueRequired\":true,\"valueName\":\"search_term_string\"}}],\"inLanguage\":\"fr-FR\"}]}<\/script>\n<!-- \/ Yoast SEO plugin. -->","yoast_head_json":{"title":"Hoooked - Zpagetti - 700gr &#171; Swiss Crochet","description":"Hoooked Zpagetti est un fil recycl\u00e9 de t-shirt, parfait pour le crochet. Id\u00e9al pour les sacs, paniers et tapis, il offre une excellente d\u00e9finition des mailles et une bonne \u00e9lasticit\u00e9!","robots":{"index":"index","follow":"follow","max-snippet":"max-snippet:-1","max-image-preview":"max-image-preview:large","max-video-preview":"max-video-preview:-1"},"canonical":"https:\/\/www.swisscrochet.ch\/fr\/produit\/hoooked-zpagetti-700gr\/","og_locale":"fr_FR","og_type":"article","og_title":"Hoooked - Zpagetti - 700gr &#171; Swiss Crochet","og_description":"Hoooked Zpagetti est un fil recycl\u00e9 de t-shirt, parfait pour le crochet. Id\u00e9al pour les sacs, paniers et tapis, il offre une excellente d\u00e9finition des mailles et une bonne \u00e9lasticit\u00e9!","og_url":"https:\/\/www.swisscrochet.ch\/fr\/produit\/hoooked-zpagetti-700gr\/","og_site_name":"Swiss Crochet","article_modified_time":"2026-03-28T09:54:22+00:00","og_image":[{"width":1000,"height":1000,"url":"https:\/\/www.swisscrochet.ch\/wp-content\/uploads\/2025\/03\/Hoooked-Zpagetti-700gr-Overview.jpg","type":"image\/jpeg"}],"twitter_card":"summary_large_image","twitter_misc":{"Dur\u00e9e de lecture estim\u00e9e":"1 minute"},"schema":{"@context":"https:\/\/schema.org","@graph":[{"@type":["WebPage","ItemPage"],"@id":"https:\/\/www.swisscrochet.ch\/fr\/produit\/hoooked-zpagetti-700gr\/","url":"https:\/\/www.swisscrochet.ch\/fr\/produit\/hoooked-zpagetti-700gr\/","name":"Hoooked - Zpagetti - 700gr &#171; Swiss Crochet","isPartOf":{"@id":"https:\/\/www.swisscrochet.ch\/#website"},"primaryImageOfPage":{"@id":"https:\/\/www.swisscrochet.ch\/fr\/produit\/hoooked-zpagetti-700gr\/#primaryimage"},"image":{"@id":"https:\/\/www.swisscrochet.ch\/fr\/produit\/hoooked-zpagetti-700gr\/#primaryimage"},"thumbnailUrl":"https:\/\/www.swisscrochet.ch\/wp-content\/uploads\/2025\/03\/Hoooked-Zpagetti-700gr-Overview.jpg","datePublished":"2025-03-14T16:28:29+00:00","dateModified":"2026-03-28T09:54:22+00:00","description":"Hoooked Zpagetti est un fil recycl\u00e9 de t-shirt, parfait pour le crochet. Id\u00e9al pour les sacs, paniers et tapis, il offre une excellente d\u00e9finition des mailles et une bonne \u00e9lasticit\u00e9!","breadcrumb":{"@id":"https:\/\/www.swisscrochet.ch\/fr\/produit\/hoooked-zpagetti-700gr\/#breadcrumb"},"inLanguage":"fr-FR","potentialAction":[{"@type":"ReadAction","target":["https:\/\/www.swisscrochet.ch\/fr\/produit\/hoooked-zpagetti-700gr\/"]}]},{"@type":"ImageObject","inLanguage":"fr-FR","@id":"https:\/\/www.swisscrochet.ch\/fr\/produit\/hoooked-zpagetti-700gr\/#primaryimage","url":"https:\/\/www.swisscrochet.ch\/wp-content\/uploads\/2025\/03\/Hoooked-Zpagetti-700gr-Overview.jpg","contentUrl":"https:\/\/www.swisscrochet.ch\/wp-content\/uploads\/2025\/03\/Hoooked-Zpagetti-700gr-Overview.jpg","width":1000,"height":1000},{"@type":"BreadcrumbList","@id":"https:\/\/www.swisscrochet.ch\/fr\/produit\/hoooked-zpagetti-700gr\/#breadcrumb","itemListElement":[{"@type":"ListItem","position":1,"name":"Home","item":"https:\/\/www.swisscrochet.ch\/fr\/"},{"@type":"ListItem","position":2,"name":"Boutique","item":"https:\/\/www.swisscrochet.ch\/fr\/boutique\/"},{"@type":"ListItem","position":3,"name":"Hoooked &#8211; Zpagetti &#8211; 700gr"}]},{"@type":"WebSite","@id":"https:\/\/www.swisscrochet.ch\/#website","url":"https:\/\/www.swisscrochet.ch\/","name":"Swiss Crochet","description":"Lib\u00e9rez votre potentiel cr\u00e9atif","potentialAction":[{"@type":"SearchAction","target":{"@type":"EntryPoint","urlTemplate":"https:\/\/www.swisscrochet.ch\/?s={search_term_string}"},"query-input":{"@type":"PropertyValueSpecification","valueRequired":true,"valueName":"search_term_string"}}],"inLanguage":"fr-FR"}]}},"_links":{"self":[{"href":"https:\/\/www.swisscrochet.ch\/fr\/wp-json\/wp\/v2\/product\/5224","targetHints":{"allow":["GET"]}}],"collection":[{"href":"https:\/\/www.swisscrochet.ch\/fr\/wp-json\/wp\/v2\/product"}],"about":[{"href":"https:\/\/www.swisscrochet.ch\/fr\/wp-json\/wp\/v2\/types\/product"}],"wp:featuredmedia":[{"embeddable":true,"href":"https:\/\/www.swisscrochet.ch\/fr\/wp-json\/wp\/v2\/media\/5197"}],"wp:attachment":[{"href":"https:\/\/www.swisscrochet.ch\/fr\/wp-json\/wp\/v2\/media?parent=5224"}],"wp:term":[{"taxonomy":"product_brand","embeddable":true,"href":"https:\/\/www.swisscrochet.ch\/fr\/wp-json\/wp\/v2\/product_brand?post=5224"},{"taxonomy":"product_cat","embeddable":true,"href":"https:\/\/www.swisscrochet.ch\/fr\/wp-json\/wp\/v2\/product_cat?post=5224"},{"taxonomy":"product_tag","embeddable":true,"href":"https:\/\/www.swisscrochet.ch\/fr\/wp-json\/wp\/v2\/product_tag?post=5224"}],"curies":[{"name":"wp","href":"https:\/\/api.w.org\/{rel}","templated":true}]}}