{"id":5546,"date":"2025-03-21T14:34:26","date_gmt":"2025-03-21T13:34:26","guid":{"rendered":"https:\/\/www.swisscrochet.ch\/product\/hoooked-ribbon-xl-250gr\/"},"modified":"2025-12-12T12:08:17","modified_gmt":"2025-12-12T11:08:17","slug":"hoooked-ribbon-xl-250gr","status":"publish","type":"product","link":"https:\/\/www.swisscrochet.ch\/fr\/produit\/hoooked-ribbon-xl-250gr\/","title":{"rendered":"Hoooked &#8211; Ribbon XL 250gr"},"content":{"rendered":"","protected":false},"excerpt":{"rendered":"<p>Hoooked Ribbon XL est un fil polyvalent fabriqu\u00e9 \u00e0 partir de d\u00e9chets textiles pr\u00e9-consommation. Il est non fil\u00e9, c\u2019est-\u00e0-dire sans torsion \u2013 parfait pour des projets au crochet avec une excellente d\u00e9finition des mailles. Gr\u00e2ce \u00e0 sa composition en tissu, il offre une l\u00e9g\u00e8re \u00e9lasticit\u00e9, ce qui le rend facile \u00e0 travailler.<\/p>\n<p>Ribbon XL est compos\u00e9 de 80 % de coton recycl\u00e9 et de 20 % d&rsquo;autres fibres recycl\u00e9es. Les chutes textiles de l&rsquo;industrie du tissu, qui seraient normalement jet\u00e9es, sont transform\u00e9es en fil. Ces restes sont d\u00e9compos\u00e9s, \u00e0 nouveau fil\u00e9s, puis tricot\u00e9s sous forme de ruban pour donner naissance \u00e0 Ribbon XL.<\/p>\n<p>Id\u00e9al pour crocheter des paniers, sacs, tapis et d\u00e9corations d\u2019int\u00e9rieur, son \u00e9paisseur Super Bulky permet d\u2019obtenir des r\u00e9sultats rapides et satisfaisants. Il peut \u00e9galement \u00eatre utilis\u00e9 pour confectionner des v\u00eatements.<\/p>\n<p>L\u2019\u00e9chantillon illustr\u00e9 a \u00e9t\u00e9 lav\u00e9 en machine (programme normal \u00e0 40\u00b0C) et repass\u00e9 \u00e0 la vapeur.<\/p>\n<p>Choisissez Hoooked Ribbon XL pour des projets au crochet rapides, \u00e9cologiques et \u00e0 la texture audacieuse avec des couleurs vibrantes!<\/p>\n<p><strong>Remarque :<\/strong> En raison de son processus de production, Ribbon XL est disponible dans des coloris reproductibles, contrairement au fil <a href=\"https:\/\/www.swisscrochet.ch\/fr\/produit\/hoooked-zpagetti-700gr\/ \">Zpagetti<\/a>. Pour des couleurs fluo, d\u00e9couvrez <a href=\"https:\/\/www.swisscrochet.ch\/fr\/produit\/hoooked-ribbon-xl-neon-250gr\/\">Ribbon XL Neon<\/a>.<\/p>\n","protected":false},"featured_media":5682,"template":"","meta":[],"product_brand":[],"product_cat":[227,1882],"product_tag":[],"class_list":{"0":"post-5546","1":"product","2":"type-product","3":"status-publish","4":"has-post-thumbnail","6":"product_cat-fils","7":"product_cat-fils-sacs-et-decoration-interieure","8":"pa_y1-brand-hoooked-fr","9":"pa_y17-yarn-weight-super-bulky-fr","10":"description-off","12":"first","13":"instock","14":"taxable","15":"shipping-taxable","16":"purchasable","17":"product-type-variable","18":"wvs-archive-product-wrapper"},"bundled_by":[],"bundle_stock_status":"instock","bundle_stock_quantity":null,"bundle_virtual":false,"bundle_layout":"","bundle_add_to_cart_form_location":"","bundle_editable_in_cart":false,"bundle_sold_individually_context":"","bundle_item_grouping":"","bundle_min_size":"","bundle_max_size":"","bundle_price":[],"bundled_items":[],"bundle_sell_ids":[],"yoast_head":"<!-- This site is optimized with the Yoast SEO plugin v27.4 - https:\/\/yoast.com\/product\/yoast-seo-wordpress\/ -->\n<title>Hoooked - Ribbon XL 250gr &#171; Swiss Crochet<\/title>\n<meta name=\"description\" content=\"Hoooked Ribbon XL est un fil recycl\u00e9 avec une texture audacieuse et des couleurs vibrantes. Parfait pour paniers, sacs et d\u00e9coration int\u00e9rieure. \u00c9cologique et facile \u00e0 utiliser !\" \/>\n<meta name=\"robots\" content=\"index, follow, max-snippet:-1, max-image-preview:large, max-video-preview:-1\" \/>\n<link rel=\"canonical\" href=\"https:\/\/www.swisscrochet.ch\/fr\/produit\/hoooked-ribbon-xl-250gr\/\" \/>\n<meta property=\"og:locale\" content=\"fr_FR\" \/>\n<meta property=\"og:type\" content=\"article\" \/>\n<meta property=\"og:title\" content=\"Hoooked - Ribbon XL 250gr &#171; Swiss Crochet\" \/>\n<meta property=\"og:description\" content=\"Hoooked Ribbon XL est un fil recycl\u00e9 avec une texture audacieuse et des couleurs vibrantes. Parfait pour paniers, sacs et d\u00e9coration int\u00e9rieure. \u00c9cologique et facile \u00e0 utiliser !\" \/>\n<meta property=\"og:url\" content=\"https:\/\/www.swisscrochet.ch\/fr\/produit\/hoooked-ribbon-xl-250gr\/\" \/>\n<meta property=\"og:site_name\" content=\"Swiss Crochet\" \/>\n<meta property=\"article:modified_time\" content=\"2025-12-12T11:08:17+00:00\" \/>\n<meta property=\"og:image\" content=\"https:\/\/www.swisscrochet.ch\/wp-content\/uploads\/2025\/03\/Hoooked-Ribbon-XL-250gr-Overview-1.jpg\" \/>\n\t<meta property=\"og:image:width\" content=\"1000\" \/>\n\t<meta property=\"og:image:height\" content=\"1000\" \/>\n\t<meta property=\"og:image:type\" content=\"image\/jpeg\" \/>\n<meta name=\"twitter:card\" content=\"summary_large_image\" \/>\n<meta name=\"twitter:label1\" content=\"Dur\u00e9e de lecture estim\u00e9e\" \/>\n\t<meta name=\"twitter:data1\" content=\"1 minute\" \/>\n<script type=\"application\/ld+json\" class=\"yoast-schema-graph\">{\"@context\":\"https:\\\/\\\/schema.org\",\"@graph\":[{\"@type\":[\"WebPage\",\"ItemPage\"],\"@id\":\"https:\\\/\\\/www.swisscrochet.ch\\\/fr\\\/produit\\\/hoooked-ribbon-xl-250gr\\\/\",\"url\":\"https:\\\/\\\/www.swisscrochet.ch\\\/fr\\\/produit\\\/hoooked-ribbon-xl-250gr\\\/\",\"name\":\"Hoooked - Ribbon XL 250gr &#171; Swiss Crochet\",\"isPartOf\":{\"@id\":\"https:\\\/\\\/www.swisscrochet.ch\\\/#website\"},\"primaryImageOfPage\":{\"@id\":\"https:\\\/\\\/www.swisscrochet.ch\\\/fr\\\/produit\\\/hoooked-ribbon-xl-250gr\\\/#primaryimage\"},\"image\":{\"@id\":\"https:\\\/\\\/www.swisscrochet.ch\\\/fr\\\/produit\\\/hoooked-ribbon-xl-250gr\\\/#primaryimage\"},\"thumbnailUrl\":\"https:\\\/\\\/www.swisscrochet.ch\\\/wp-content\\\/uploads\\\/2025\\\/03\\\/Hoooked-Ribbon-XL-250gr-Overview-1.jpg\",\"datePublished\":\"2025-03-21T13:34:26+00:00\",\"dateModified\":\"2025-12-12T11:08:17+00:00\",\"description\":\"Hoooked Ribbon XL est un fil recycl\u00e9 avec une texture audacieuse et des couleurs vibrantes. Parfait pour paniers, sacs et d\u00e9coration int\u00e9rieure. \u00c9cologique et facile \u00e0 utiliser !\",\"breadcrumb\":{\"@id\":\"https:\\\/\\\/www.swisscrochet.ch\\\/fr\\\/produit\\\/hoooked-ribbon-xl-250gr\\\/#breadcrumb\"},\"inLanguage\":\"fr-FR\",\"potentialAction\":[{\"@type\":\"ReadAction\",\"target\":[\"https:\\\/\\\/www.swisscrochet.ch\\\/fr\\\/produit\\\/hoooked-ribbon-xl-250gr\\\/\"]}]},{\"@type\":\"ImageObject\",\"inLanguage\":\"fr-FR\",\"@id\":\"https:\\\/\\\/www.swisscrochet.ch\\\/fr\\\/produit\\\/hoooked-ribbon-xl-250gr\\\/#primaryimage\",\"url\":\"https:\\\/\\\/www.swisscrochet.ch\\\/wp-content\\\/uploads\\\/2025\\\/03\\\/Hoooked-Ribbon-XL-250gr-Overview-1.jpg\",\"contentUrl\":\"https:\\\/\\\/www.swisscrochet.ch\\\/wp-content\\\/uploads\\\/2025\\\/03\\\/Hoooked-Ribbon-XL-250gr-Overview-1.jpg\",\"width\":1000,\"height\":1000},{\"@type\":\"BreadcrumbList\",\"@id\":\"https:\\\/\\\/www.swisscrochet.ch\\\/fr\\\/produit\\\/hoooked-ribbon-xl-250gr\\\/#breadcrumb\",\"itemListElement\":[{\"@type\":\"ListItem\",\"position\":1,\"name\":\"Home\",\"item\":\"https:\\\/\\\/www.swisscrochet.ch\\\/fr\\\/\"},{\"@type\":\"ListItem\",\"position\":2,\"name\":\"Boutique\",\"item\":\"https:\\\/\\\/www.swisscrochet.ch\\\/fr\\\/boutique\\\/\"},{\"@type\":\"ListItem\",\"position\":3,\"name\":\"Hoooked &#8211; Ribbon XL 250gr\"}]},{\"@type\":\"WebSite\",\"@id\":\"https:\\\/\\\/www.swisscrochet.ch\\\/#website\",\"url\":\"https:\\\/\\\/www.swisscrochet.ch\\\/\",\"name\":\"Swiss Crochet\",\"description\":\"Lib\u00e9rez votre potentiel cr\u00e9atif\",\"potentialAction\":[{\"@type\":\"SearchAction\",\"target\":{\"@type\":\"EntryPoint\",\"urlTemplate\":\"https:\\\/\\\/www.swisscrochet.ch\\\/?s={search_term_string}\"},\"query-input\":{\"@type\":\"PropertyValueSpecification\",\"valueRequired\":true,\"valueName\":\"search_term_string\"}}],\"inLanguage\":\"fr-FR\"}]}<\/script>\n<!-- \/ Yoast SEO plugin. -->","yoast_head_json":{"title":"Hoooked - Ribbon XL 250gr &#171; Swiss Crochet","description":"Hoooked Ribbon XL est un fil recycl\u00e9 avec une texture audacieuse et des couleurs vibrantes. Parfait pour paniers, sacs et d\u00e9coration int\u00e9rieure. \u00c9cologique et facile \u00e0 utiliser !","robots":{"index":"index","follow":"follow","max-snippet":"max-snippet:-1","max-image-preview":"max-image-preview:large","max-video-preview":"max-video-preview:-1"},"canonical":"https:\/\/www.swisscrochet.ch\/fr\/produit\/hoooked-ribbon-xl-250gr\/","og_locale":"fr_FR","og_type":"article","og_title":"Hoooked - Ribbon XL 250gr &#171; Swiss Crochet","og_description":"Hoooked Ribbon XL est un fil recycl\u00e9 avec une texture audacieuse et des couleurs vibrantes. Parfait pour paniers, sacs et d\u00e9coration int\u00e9rieure. \u00c9cologique et facile \u00e0 utiliser !","og_url":"https:\/\/www.swisscrochet.ch\/fr\/produit\/hoooked-ribbon-xl-250gr\/","og_site_name":"Swiss Crochet","article_modified_time":"2025-12-12T11:08:17+00:00","og_image":[{"width":1000,"height":1000,"url":"https:\/\/www.swisscrochet.ch\/wp-content\/uploads\/2025\/03\/Hoooked-Ribbon-XL-250gr-Overview-1.jpg","type":"image\/jpeg"}],"twitter_card":"summary_large_image","twitter_misc":{"Dur\u00e9e de lecture estim\u00e9e":"1 minute"},"schema":{"@context":"https:\/\/schema.org","@graph":[{"@type":["WebPage","ItemPage"],"@id":"https:\/\/www.swisscrochet.ch\/fr\/produit\/hoooked-ribbon-xl-250gr\/","url":"https:\/\/www.swisscrochet.ch\/fr\/produit\/hoooked-ribbon-xl-250gr\/","name":"Hoooked - Ribbon XL 250gr &#171; Swiss Crochet","isPartOf":{"@id":"https:\/\/www.swisscrochet.ch\/#website"},"primaryImageOfPage":{"@id":"https:\/\/www.swisscrochet.ch\/fr\/produit\/hoooked-ribbon-xl-250gr\/#primaryimage"},"image":{"@id":"https:\/\/www.swisscrochet.ch\/fr\/produit\/hoooked-ribbon-xl-250gr\/#primaryimage"},"thumbnailUrl":"https:\/\/www.swisscrochet.ch\/wp-content\/uploads\/2025\/03\/Hoooked-Ribbon-XL-250gr-Overview-1.jpg","datePublished":"2025-03-21T13:34:26+00:00","dateModified":"2025-12-12T11:08:17+00:00","description":"Hoooked Ribbon XL est un fil recycl\u00e9 avec une texture audacieuse et des couleurs vibrantes. Parfait pour paniers, sacs et d\u00e9coration int\u00e9rieure. \u00c9cologique et facile \u00e0 utiliser !","breadcrumb":{"@id":"https:\/\/www.swisscrochet.ch\/fr\/produit\/hoooked-ribbon-xl-250gr\/#breadcrumb"},"inLanguage":"fr-FR","potentialAction":[{"@type":"ReadAction","target":["https:\/\/www.swisscrochet.ch\/fr\/produit\/hoooked-ribbon-xl-250gr\/"]}]},{"@type":"ImageObject","inLanguage":"fr-FR","@id":"https:\/\/www.swisscrochet.ch\/fr\/produit\/hoooked-ribbon-xl-250gr\/#primaryimage","url":"https:\/\/www.swisscrochet.ch\/wp-content\/uploads\/2025\/03\/Hoooked-Ribbon-XL-250gr-Overview-1.jpg","contentUrl":"https:\/\/www.swisscrochet.ch\/wp-content\/uploads\/2025\/03\/Hoooked-Ribbon-XL-250gr-Overview-1.jpg","width":1000,"height":1000},{"@type":"BreadcrumbList","@id":"https:\/\/www.swisscrochet.ch\/fr\/produit\/hoooked-ribbon-xl-250gr\/#breadcrumb","itemListElement":[{"@type":"ListItem","position":1,"name":"Home","item":"https:\/\/www.swisscrochet.ch\/fr\/"},{"@type":"ListItem","position":2,"name":"Boutique","item":"https:\/\/www.swisscrochet.ch\/fr\/boutique\/"},{"@type":"ListItem","position":3,"name":"Hoooked &#8211; Ribbon XL 250gr"}]},{"@type":"WebSite","@id":"https:\/\/www.swisscrochet.ch\/#website","url":"https:\/\/www.swisscrochet.ch\/","name":"Swiss Crochet","description":"Lib\u00e9rez votre potentiel cr\u00e9atif","potentialAction":[{"@type":"SearchAction","target":{"@type":"EntryPoint","urlTemplate":"https:\/\/www.swisscrochet.ch\/?s={search_term_string}"},"query-input":{"@type":"PropertyValueSpecification","valueRequired":true,"valueName":"search_term_string"}}],"inLanguage":"fr-FR"}]}},"_links":{"self":[{"href":"https:\/\/www.swisscrochet.ch\/fr\/wp-json\/wp\/v2\/product\/5546","targetHints":{"allow":["GET"]}}],"collection":[{"href":"https:\/\/www.swisscrochet.ch\/fr\/wp-json\/wp\/v2\/product"}],"about":[{"href":"https:\/\/www.swisscrochet.ch\/fr\/wp-json\/wp\/v2\/types\/product"}],"wp:featuredmedia":[{"embeddable":true,"href":"https:\/\/www.swisscrochet.ch\/fr\/wp-json\/wp\/v2\/media\/5682"}],"wp:attachment":[{"href":"https:\/\/www.swisscrochet.ch\/fr\/wp-json\/wp\/v2\/media?parent=5546"}],"wp:term":[{"taxonomy":"product_brand","embeddable":true,"href":"https:\/\/www.swisscrochet.ch\/fr\/wp-json\/wp\/v2\/product_brand?post=5546"},{"taxonomy":"product_cat","embeddable":true,"href":"https:\/\/www.swisscrochet.ch\/fr\/wp-json\/wp\/v2\/product_cat?post=5546"},{"taxonomy":"product_tag","embeddable":true,"href":"https:\/\/www.swisscrochet.ch\/fr\/wp-json\/wp\/v2\/product_tag?post=5546"}],"curies":[{"name":"wp","href":"https:\/\/api.w.org\/{rel}","templated":true}]}}