{"id":6030,"date":"2025-04-26T14:20:41","date_gmt":"2025-04-26T12:20:41","guid":{"rendered":"https:\/\/www.swisscrochet.ch\/product\/laines-du-nord-poema-mohair\/"},"modified":"2025-04-26T15:54:46","modified_gmt":"2025-04-26T13:54:46","slug":"laines-du-nord-poema-mohair","status":"publish","type":"product","link":"https:\/\/www.swisscrochet.ch\/fr\/produit\/laines-du-nord-poema-mohair\/","title":{"rendered":"Laines du Nord &#8211; Poema Mohair"},"content":{"rendered":"","protected":false},"excerpt":{"rendered":"<p>Poema Mohair est un fil luxueux compos\u00e9 de 70\u202f% mohair de chevreau et 30\u202f% soie, avec un superbe effet de d\u00e9grad\u00e9 long. Son retors en Z \u00e9vite que le fil ne se d\u00e9double ou ne s&rsquo;effiloche pendant l&rsquo;utilisation, rendant le crochet tr\u00e8s agr\u00e9able.<\/p>\n<p>Id\u00e9al pour les v\u00eatements et les accessoires \u2013 Poema Mohair brille dans les pulls, gilets, bonnets, \u00e9charpes et moufles. Il peut \u00eatre travaill\u00e9 en simple ou combin\u00e9 avec d\u2019autres fils pour plus de texture et de profondeur.<\/p>\n<p>L\u2019\u00e9chantillon illustr\u00e9 a \u00e9t\u00e9 lav\u00e9 en machine (programme laine \u00e0 30 \u00b0C) et repass\u00e9 \u00e0 la vapeur.<\/p>\n<p>D\u00e9couvrez Poema Mohair pour vos cr\u00e9ations au crochet les plus douces \u2013 o\u00f9 douceur et d\u00e9grad\u00e9 se rencontrent\u202f!<\/p>\n","protected":false},"featured_media":6497,"template":"","meta":[],"product_brand":[],"product_cat":[227,1893],"product_tag":[],"class_list":{"0":"post-6030","1":"product","2":"type-product","3":"status-publish","4":"has-post-thumbnail","6":"product_cat-fils","7":"product_cat-fils-vetements","8":"pa_y1-brand-laines-du-nord-fr","9":"pa_y17-yarn-weight-lace-fr","10":"description-off","12":"first","13":"instock","14":"taxable","15":"shipping-taxable","16":"purchasable","17":"product-type-variable","18":"wvs-archive-product-wrapper"},"bundled_by":["16133"],"bundle_stock_status":"instock","bundle_stock_quantity":null,"bundle_virtual":false,"bundle_layout":"","bundle_add_to_cart_form_location":"","bundle_editable_in_cart":false,"bundle_sold_individually_context":"","bundle_item_grouping":"","bundle_min_size":"","bundle_max_size":"","bundle_price":[],"bundled_items":[],"bundle_sell_ids":[],"yoast_head":"<!-- This site is optimized with the Yoast SEO plugin v27.4 - https:\/\/yoast.com\/product\/yoast-seo-wordpress\/ -->\n<title>Laines du Nord - Poema Mohair &#171; Swiss Crochet<\/title>\n<meta name=\"description\" content=\"Poema Mohair est un fil luxueux compos\u00e9 de 70\u202f% mohair de chevreau et 30\u202f% soie, avec un superbe effet d\u00e9grad\u00e9 \u2013 parfait pour des projets au crochet doux et confortables, comme des v\u00eatements et des accessoires.\" \/>\n<meta name=\"robots\" content=\"index, follow, max-snippet:-1, max-image-preview:large, max-video-preview:-1\" \/>\n<link rel=\"canonical\" href=\"https:\/\/www.swisscrochet.ch\/produit\/laines-du-nord-poema-mohair\/\" \/>\n<meta property=\"og:locale\" content=\"fr_FR\" \/>\n<meta property=\"og:type\" content=\"article\" \/>\n<meta property=\"og:title\" content=\"Laines du Nord - Poema Mohair &#171; Swiss Crochet\" \/>\n<meta property=\"og:description\" content=\"Poema Mohair est un fil luxueux compos\u00e9 de 70\u202f% mohair de chevreau et 30\u202f% soie, avec un superbe effet d\u00e9grad\u00e9 \u2013 parfait pour des projets au crochet doux et confortables, comme des v\u00eatements et des accessoires.\" \/>\n<meta property=\"og:url\" content=\"https:\/\/www.swisscrochet.ch\/produit\/laines-du-nord-poema-mohair\/\" \/>\n<meta property=\"og:site_name\" content=\"Swiss Crochet\" \/>\n<meta property=\"article:modified_time\" content=\"2025-04-26T13:54:46+00:00\" \/>\n<meta property=\"og:image\" content=\"https:\/\/www.swisscrochet.ch\/wp-content\/uploads\/2025\/04\/Laines-du-Nord-Poema-Mohair-Overview-1.jpg\" \/>\n\t<meta property=\"og:image:width\" content=\"1000\" \/>\n\t<meta property=\"og:image:height\" content=\"1000\" \/>\n\t<meta property=\"og:image:type\" content=\"image\/jpeg\" \/>\n<meta name=\"twitter:card\" content=\"summary_large_image\" \/>\n<meta name=\"twitter:label1\" content=\"Dur\u00e9e de lecture estim\u00e9e\" \/>\n\t<meta name=\"twitter:data1\" content=\"1 minute\" \/>\n<script type=\"application\/ld+json\" class=\"yoast-schema-graph\">{\"@context\":\"https:\\\/\\\/schema.org\",\"@graph\":[{\"@type\":[\"WebPage\",\"ItemPage\"],\"@id\":\"https:\\\/\\\/www.swisscrochet.ch\\\/produit\\\/laines-du-nord-poema-mohair\\\/\",\"url\":\"https:\\\/\\\/www.swisscrochet.ch\\\/produit\\\/laines-du-nord-poema-mohair\\\/\",\"name\":\"Laines du Nord - Poema Mohair &#171; Swiss Crochet\",\"isPartOf\":{\"@id\":\"https:\\\/\\\/www.swisscrochet.ch\\\/#website\"},\"primaryImageOfPage\":{\"@id\":\"https:\\\/\\\/www.swisscrochet.ch\\\/produit\\\/laines-du-nord-poema-mohair\\\/#primaryimage\"},\"image\":{\"@id\":\"https:\\\/\\\/www.swisscrochet.ch\\\/produit\\\/laines-du-nord-poema-mohair\\\/#primaryimage\"},\"thumbnailUrl\":\"https:\\\/\\\/www.swisscrochet.ch\\\/wp-content\\\/uploads\\\/2025\\\/04\\\/Laines-du-Nord-Poema-Mohair-Overview-1.jpg\",\"datePublished\":\"2025-04-26T12:20:41+00:00\",\"dateModified\":\"2025-04-26T13:54:46+00:00\",\"description\":\"Poema Mohair est un fil luxueux compos\u00e9 de 70\u202f% mohair de chevreau et 30\u202f% soie, avec un superbe effet d\u00e9grad\u00e9 \u2013 parfait pour des projets au crochet doux et confortables, comme des v\u00eatements et des accessoires.\",\"breadcrumb\":{\"@id\":\"https:\\\/\\\/www.swisscrochet.ch\\\/produit\\\/laines-du-nord-poema-mohair\\\/#breadcrumb\"},\"inLanguage\":\"fr-FR\",\"potentialAction\":[{\"@type\":\"ReadAction\",\"target\":[\"https:\\\/\\\/www.swisscrochet.ch\\\/produit\\\/laines-du-nord-poema-mohair\\\/\"]}]},{\"@type\":\"ImageObject\",\"inLanguage\":\"fr-FR\",\"@id\":\"https:\\\/\\\/www.swisscrochet.ch\\\/produit\\\/laines-du-nord-poema-mohair\\\/#primaryimage\",\"url\":\"https:\\\/\\\/www.swisscrochet.ch\\\/wp-content\\\/uploads\\\/2025\\\/04\\\/Laines-du-Nord-Poema-Mohair-Overview-1.jpg\",\"contentUrl\":\"https:\\\/\\\/www.swisscrochet.ch\\\/wp-content\\\/uploads\\\/2025\\\/04\\\/Laines-du-Nord-Poema-Mohair-Overview-1.jpg\",\"width\":1000,\"height\":1000},{\"@type\":\"BreadcrumbList\",\"@id\":\"https:\\\/\\\/www.swisscrochet.ch\\\/produit\\\/laines-du-nord-poema-mohair\\\/#breadcrumb\",\"itemListElement\":[{\"@type\":\"ListItem\",\"position\":1,\"name\":\"Home\",\"item\":\"https:\\\/\\\/www.swisscrochet.ch\\\/fr\\\/\"},{\"@type\":\"ListItem\",\"position\":2,\"name\":\"Boutique\",\"item\":\"https:\\\/\\\/www.swisscrochet.ch\\\/fr\\\/boutique\\\/\"},{\"@type\":\"ListItem\",\"position\":3,\"name\":\"Laines du Nord &#8211; Poema Mohair\"}]},{\"@type\":\"WebSite\",\"@id\":\"https:\\\/\\\/www.swisscrochet.ch\\\/#website\",\"url\":\"https:\\\/\\\/www.swisscrochet.ch\\\/\",\"name\":\"Swiss Crochet\",\"description\":\"Lib\u00e9rez votre potentiel cr\u00e9atif\",\"potentialAction\":[{\"@type\":\"SearchAction\",\"target\":{\"@type\":\"EntryPoint\",\"urlTemplate\":\"https:\\\/\\\/www.swisscrochet.ch\\\/?s={search_term_string}\"},\"query-input\":{\"@type\":\"PropertyValueSpecification\",\"valueRequired\":true,\"valueName\":\"search_term_string\"}}],\"inLanguage\":\"fr-FR\"}]}<\/script>\n<!-- \/ Yoast SEO plugin. -->","yoast_head_json":{"title":"Laines du Nord - Poema Mohair &#171; Swiss Crochet","description":"Poema Mohair est un fil luxueux compos\u00e9 de 70\u202f% mohair de chevreau et 30\u202f% soie, avec un superbe effet d\u00e9grad\u00e9 \u2013 parfait pour des projets au crochet doux et confortables, comme des v\u00eatements et des accessoires.","robots":{"index":"index","follow":"follow","max-snippet":"max-snippet:-1","max-image-preview":"max-image-preview:large","max-video-preview":"max-video-preview:-1"},"canonical":"https:\/\/www.swisscrochet.ch\/produit\/laines-du-nord-poema-mohair\/","og_locale":"fr_FR","og_type":"article","og_title":"Laines du Nord - Poema Mohair &#171; Swiss Crochet","og_description":"Poema Mohair est un fil luxueux compos\u00e9 de 70\u202f% mohair de chevreau et 30\u202f% soie, avec un superbe effet d\u00e9grad\u00e9 \u2013 parfait pour des projets au crochet doux et confortables, comme des v\u00eatements et des accessoires.","og_url":"https:\/\/www.swisscrochet.ch\/produit\/laines-du-nord-poema-mohair\/","og_site_name":"Swiss Crochet","article_modified_time":"2025-04-26T13:54:46+00:00","og_image":[{"width":1000,"height":1000,"url":"https:\/\/www.swisscrochet.ch\/wp-content\/uploads\/2025\/04\/Laines-du-Nord-Poema-Mohair-Overview-1.jpg","type":"image\/jpeg"}],"twitter_card":"summary_large_image","twitter_misc":{"Dur\u00e9e de lecture estim\u00e9e":"1 minute"},"schema":{"@context":"https:\/\/schema.org","@graph":[{"@type":["WebPage","ItemPage"],"@id":"https:\/\/www.swisscrochet.ch\/produit\/laines-du-nord-poema-mohair\/","url":"https:\/\/www.swisscrochet.ch\/produit\/laines-du-nord-poema-mohair\/","name":"Laines du Nord - Poema Mohair &#171; Swiss Crochet","isPartOf":{"@id":"https:\/\/www.swisscrochet.ch\/#website"},"primaryImageOfPage":{"@id":"https:\/\/www.swisscrochet.ch\/produit\/laines-du-nord-poema-mohair\/#primaryimage"},"image":{"@id":"https:\/\/www.swisscrochet.ch\/produit\/laines-du-nord-poema-mohair\/#primaryimage"},"thumbnailUrl":"https:\/\/www.swisscrochet.ch\/wp-content\/uploads\/2025\/04\/Laines-du-Nord-Poema-Mohair-Overview-1.jpg","datePublished":"2025-04-26T12:20:41+00:00","dateModified":"2025-04-26T13:54:46+00:00","description":"Poema Mohair est un fil luxueux compos\u00e9 de 70\u202f% mohair de chevreau et 30\u202f% soie, avec un superbe effet d\u00e9grad\u00e9 \u2013 parfait pour des projets au crochet doux et confortables, comme des v\u00eatements et des accessoires.","breadcrumb":{"@id":"https:\/\/www.swisscrochet.ch\/produit\/laines-du-nord-poema-mohair\/#breadcrumb"},"inLanguage":"fr-FR","potentialAction":[{"@type":"ReadAction","target":["https:\/\/www.swisscrochet.ch\/produit\/laines-du-nord-poema-mohair\/"]}]},{"@type":"ImageObject","inLanguage":"fr-FR","@id":"https:\/\/www.swisscrochet.ch\/produit\/laines-du-nord-poema-mohair\/#primaryimage","url":"https:\/\/www.swisscrochet.ch\/wp-content\/uploads\/2025\/04\/Laines-du-Nord-Poema-Mohair-Overview-1.jpg","contentUrl":"https:\/\/www.swisscrochet.ch\/wp-content\/uploads\/2025\/04\/Laines-du-Nord-Poema-Mohair-Overview-1.jpg","width":1000,"height":1000},{"@type":"BreadcrumbList","@id":"https:\/\/www.swisscrochet.ch\/produit\/laines-du-nord-poema-mohair\/#breadcrumb","itemListElement":[{"@type":"ListItem","position":1,"name":"Home","item":"https:\/\/www.swisscrochet.ch\/fr\/"},{"@type":"ListItem","position":2,"name":"Boutique","item":"https:\/\/www.swisscrochet.ch\/fr\/boutique\/"},{"@type":"ListItem","position":3,"name":"Laines du Nord &#8211; Poema Mohair"}]},{"@type":"WebSite","@id":"https:\/\/www.swisscrochet.ch\/#website","url":"https:\/\/www.swisscrochet.ch\/","name":"Swiss Crochet","description":"Lib\u00e9rez votre potentiel cr\u00e9atif","potentialAction":[{"@type":"SearchAction","target":{"@type":"EntryPoint","urlTemplate":"https:\/\/www.swisscrochet.ch\/?s={search_term_string}"},"query-input":{"@type":"PropertyValueSpecification","valueRequired":true,"valueName":"search_term_string"}}],"inLanguage":"fr-FR"}]}},"_links":{"self":[{"href":"https:\/\/www.swisscrochet.ch\/fr\/wp-json\/wp\/v2\/product\/6030","targetHints":{"allow":["GET"]}}],"collection":[{"href":"https:\/\/www.swisscrochet.ch\/fr\/wp-json\/wp\/v2\/product"}],"about":[{"href":"https:\/\/www.swisscrochet.ch\/fr\/wp-json\/wp\/v2\/types\/product"}],"wp:featuredmedia":[{"embeddable":true,"href":"https:\/\/www.swisscrochet.ch\/fr\/wp-json\/wp\/v2\/media\/6497"}],"wp:attachment":[{"href":"https:\/\/www.swisscrochet.ch\/fr\/wp-json\/wp\/v2\/media?parent=6030"}],"wp:term":[{"taxonomy":"product_brand","embeddable":true,"href":"https:\/\/www.swisscrochet.ch\/fr\/wp-json\/wp\/v2\/product_brand?post=6030"},{"taxonomy":"product_cat","embeddable":true,"href":"https:\/\/www.swisscrochet.ch\/fr\/wp-json\/wp\/v2\/product_cat?post=6030"},{"taxonomy":"product_tag","embeddable":true,"href":"https:\/\/www.swisscrochet.ch\/fr\/wp-json\/wp\/v2\/product_tag?post=6030"}],"curies":[{"name":"wp","href":"https:\/\/api.w.org\/{rel}","templated":true}]}}