{"id":6743,"date":"2025-05-03T14:30:37","date_gmt":"2025-05-03T12:30:37","guid":{"rendered":"https:\/\/www.swisscrochet.ch\/product\/chiaogoo-bamboo-crochet-hook\/"},"modified":"2025-05-03T14:59:20","modified_gmt":"2025-05-03T12:59:20","slug":"chiaogoo-bamboo-crochet-hook","status":"publish","type":"product","link":"https:\/\/www.swisscrochet.ch\/fr\/produit\/chiaogoo-bamboo-crochet-hook\/","title":{"rendered":"Chiaogoo &#8211; Bamboo Crochet Hook"},"content":{"rendered":"","protected":false},"excerpt":{"rendered":"<p>Le crochet jumbo en Chiaogoo est un crochet [dt_tooltip title=\"inline\"]Un crochet inline a une t\u00eate pointue, un col de m\u00eame diam\u00e8tre que le corps et un corps plus court par rapport aux autres types de crochets.[\/dt_tooltip] de haute qualit\u00e9 avec une t\u00eate pointue et un repose-pouce ergonomique pour plus de pr\u00e9cision et de confort. Fabriqu\u00e9 en bambou l\u00e9ger, il s&rsquo;adapte confortablement \u00e0 la main, et son design lisse et fait main permet au fil de glisser sans effort.<\/p>\n<p>Les crochets jusqu&rsquo;\u00e0 8.00 mm mesurent 15 cm de long, les plus grands crochets mesurent 16 cm. La taille est grav\u00e9e au laser sur le crochet pour une identification facile.<\/p>\n<p>Abordable et adapt\u00e9e aux d\u00e9butants, le crochet en bambou Chiaogoo est id\u00e9al pour les fils glissants. Polyvalent et fiable, il fonctionne parfaitement avec tous types de fils et de fibres.<\/p>\n","protected":false},"featured_media":6737,"template":"","meta":[],"product_brand":[],"product_cat":[221,555],"product_tag":[],"class_list":{"0":"post-6743","1":"product","2":"type-product","3":"status-publish","4":"has-post-thumbnail","6":"product_cat-crochets-et-outils","7":"product_cat-crochets-sans-poignee","8":"product_shipping_class-petits-envois","9":"pa_t1-manufacturer-chiaogoo-fr","10":"description-off","12":"first","13":"instock","14":"taxable","15":"shipping-taxable","16":"purchasable","17":"product-type-variable","18":"wvs-archive-product-wrapper"},"bundled_by":[],"bundle_stock_status":"instock","bundle_stock_quantity":null,"bundle_virtual":false,"bundle_layout":"","bundle_add_to_cart_form_location":"","bundle_editable_in_cart":false,"bundle_sold_individually_context":"","bundle_item_grouping":"","bundle_min_size":"","bundle_max_size":"","bundle_price":[],"bundled_items":[],"bundle_sell_ids":[],"yoast_head":"<!-- This site is optimized with the Yoast SEO plugin v27.4 - https:\/\/yoast.com\/product\/yoast-seo-wordpress\/ -->\n<title>Chiaogoo - Bamboo Crochet Hook &#171; Swiss Crochet<\/title>\n<meta name=\"description\" content=\"Crochet en bambou Chiaogoo \u2013 Crochet l\u00e9ger avec une t\u00eate pointue et une finition lisse, parfait pour les d\u00e9butantes et les fils glissants.\" \/>\n<meta name=\"robots\" content=\"index, follow, max-snippet:-1, max-image-preview:large, max-video-preview:-1\" \/>\n<link rel=\"canonical\" href=\"https:\/\/www.swisscrochet.ch\/fr\/produit\/chiaogoo-bamboo-crochet-hook\/\" \/>\n<meta property=\"og:locale\" content=\"fr_FR\" \/>\n<meta property=\"og:type\" content=\"article\" \/>\n<meta property=\"og:title\" content=\"Chiaogoo - Bamboo Crochet Hook &#171; Swiss Crochet\" \/>\n<meta property=\"og:description\" content=\"Crochet en bambou Chiaogoo \u2013 Crochet l\u00e9ger avec une t\u00eate pointue et une finition lisse, parfait pour les d\u00e9butantes et les fils glissants.\" \/>\n<meta property=\"og:url\" content=\"https:\/\/www.swisscrochet.ch\/fr\/produit\/chiaogoo-bamboo-crochet-hook\/\" \/>\n<meta property=\"og:site_name\" content=\"Swiss Crochet\" \/>\n<meta property=\"article:modified_time\" content=\"2025-05-03T12:59:20+00:00\" \/>\n<meta property=\"og:image\" content=\"https:\/\/www.swisscrochet.ch\/wp-content\/uploads\/2025\/05\/Chiaogoo-Bamboo-Crochet-Hook-Overview.jpg\" \/>\n\t<meta property=\"og:image:width\" content=\"1000\" \/>\n\t<meta property=\"og:image:height\" content=\"1000\" \/>\n\t<meta property=\"og:image:type\" content=\"image\/jpeg\" \/>\n<meta name=\"twitter:card\" content=\"summary_large_image\" \/>\n<meta name=\"twitter:label1\" content=\"Dur\u00e9e de lecture estim\u00e9e\" \/>\n\t<meta name=\"twitter:data1\" content=\"1 minute\" \/>\n<script type=\"application\/ld+json\" class=\"yoast-schema-graph\">{\"@context\":\"https:\\\/\\\/schema.org\",\"@graph\":[{\"@type\":[\"WebPage\",\"ItemPage\"],\"@id\":\"https:\\\/\\\/www.swisscrochet.ch\\\/fr\\\/produit\\\/chiaogoo-bamboo-crochet-hook\\\/\",\"url\":\"https:\\\/\\\/www.swisscrochet.ch\\\/fr\\\/produit\\\/chiaogoo-bamboo-crochet-hook\\\/\",\"name\":\"Chiaogoo - Bamboo Crochet Hook &#171; Swiss Crochet\",\"isPartOf\":{\"@id\":\"https:\\\/\\\/www.swisscrochet.ch\\\/#website\"},\"primaryImageOfPage\":{\"@id\":\"https:\\\/\\\/www.swisscrochet.ch\\\/fr\\\/produit\\\/chiaogoo-bamboo-crochet-hook\\\/#primaryimage\"},\"image\":{\"@id\":\"https:\\\/\\\/www.swisscrochet.ch\\\/fr\\\/produit\\\/chiaogoo-bamboo-crochet-hook\\\/#primaryimage\"},\"thumbnailUrl\":\"https:\\\/\\\/www.swisscrochet.ch\\\/wp-content\\\/uploads\\\/2025\\\/05\\\/Chiaogoo-Bamboo-Crochet-Hook-Overview.jpg\",\"datePublished\":\"2025-05-03T12:30:37+00:00\",\"dateModified\":\"2025-05-03T12:59:20+00:00\",\"description\":\"Crochet en bambou Chiaogoo \u2013 Crochet l\u00e9ger avec une t\u00eate pointue et une finition lisse, parfait pour les d\u00e9butantes et les fils glissants.\",\"breadcrumb\":{\"@id\":\"https:\\\/\\\/www.swisscrochet.ch\\\/fr\\\/produit\\\/chiaogoo-bamboo-crochet-hook\\\/#breadcrumb\"},\"inLanguage\":\"fr-FR\",\"potentialAction\":[{\"@type\":\"ReadAction\",\"target\":[\"https:\\\/\\\/www.swisscrochet.ch\\\/fr\\\/produit\\\/chiaogoo-bamboo-crochet-hook\\\/\"]}]},{\"@type\":\"ImageObject\",\"inLanguage\":\"fr-FR\",\"@id\":\"https:\\\/\\\/www.swisscrochet.ch\\\/fr\\\/produit\\\/chiaogoo-bamboo-crochet-hook\\\/#primaryimage\",\"url\":\"https:\\\/\\\/www.swisscrochet.ch\\\/wp-content\\\/uploads\\\/2025\\\/05\\\/Chiaogoo-Bamboo-Crochet-Hook-Overview.jpg\",\"contentUrl\":\"https:\\\/\\\/www.swisscrochet.ch\\\/wp-content\\\/uploads\\\/2025\\\/05\\\/Chiaogoo-Bamboo-Crochet-Hook-Overview.jpg\",\"width\":1000,\"height\":1000},{\"@type\":\"BreadcrumbList\",\"@id\":\"https:\\\/\\\/www.swisscrochet.ch\\\/fr\\\/produit\\\/chiaogoo-bamboo-crochet-hook\\\/#breadcrumb\",\"itemListElement\":[{\"@type\":\"ListItem\",\"position\":1,\"name\":\"Home\",\"item\":\"https:\\\/\\\/www.swisscrochet.ch\\\/fr\\\/\"},{\"@type\":\"ListItem\",\"position\":2,\"name\":\"Boutique\",\"item\":\"https:\\\/\\\/www.swisscrochet.ch\\\/fr\\\/boutique\\\/\"},{\"@type\":\"ListItem\",\"position\":3,\"name\":\"Chiaogoo &#8211; Bamboo Crochet Hook\"}]},{\"@type\":\"WebSite\",\"@id\":\"https:\\\/\\\/www.swisscrochet.ch\\\/#website\",\"url\":\"https:\\\/\\\/www.swisscrochet.ch\\\/\",\"name\":\"Swiss Crochet\",\"description\":\"Lib\u00e9rez votre potentiel cr\u00e9atif\",\"potentialAction\":[{\"@type\":\"SearchAction\",\"target\":{\"@type\":\"EntryPoint\",\"urlTemplate\":\"https:\\\/\\\/www.swisscrochet.ch\\\/?s={search_term_string}\"},\"query-input\":{\"@type\":\"PropertyValueSpecification\",\"valueRequired\":true,\"valueName\":\"search_term_string\"}}],\"inLanguage\":\"fr-FR\"}]}<\/script>\n<!-- \/ Yoast SEO plugin. -->","yoast_head_json":{"title":"Chiaogoo - Bamboo Crochet Hook &#171; Swiss Crochet","description":"Crochet en bambou Chiaogoo \u2013 Crochet l\u00e9ger avec une t\u00eate pointue et une finition lisse, parfait pour les d\u00e9butantes et les fils glissants.","robots":{"index":"index","follow":"follow","max-snippet":"max-snippet:-1","max-image-preview":"max-image-preview:large","max-video-preview":"max-video-preview:-1"},"canonical":"https:\/\/www.swisscrochet.ch\/fr\/produit\/chiaogoo-bamboo-crochet-hook\/","og_locale":"fr_FR","og_type":"article","og_title":"Chiaogoo - Bamboo Crochet Hook &#171; Swiss Crochet","og_description":"Crochet en bambou Chiaogoo \u2013 Crochet l\u00e9ger avec une t\u00eate pointue et une finition lisse, parfait pour les d\u00e9butantes et les fils glissants.","og_url":"https:\/\/www.swisscrochet.ch\/fr\/produit\/chiaogoo-bamboo-crochet-hook\/","og_site_name":"Swiss Crochet","article_modified_time":"2025-05-03T12:59:20+00:00","og_image":[{"width":1000,"height":1000,"url":"https:\/\/www.swisscrochet.ch\/wp-content\/uploads\/2025\/05\/Chiaogoo-Bamboo-Crochet-Hook-Overview.jpg","type":"image\/jpeg"}],"twitter_card":"summary_large_image","twitter_misc":{"Dur\u00e9e de lecture estim\u00e9e":"1 minute"},"schema":{"@context":"https:\/\/schema.org","@graph":[{"@type":["WebPage","ItemPage"],"@id":"https:\/\/www.swisscrochet.ch\/fr\/produit\/chiaogoo-bamboo-crochet-hook\/","url":"https:\/\/www.swisscrochet.ch\/fr\/produit\/chiaogoo-bamboo-crochet-hook\/","name":"Chiaogoo - Bamboo Crochet Hook &#171; Swiss Crochet","isPartOf":{"@id":"https:\/\/www.swisscrochet.ch\/#website"},"primaryImageOfPage":{"@id":"https:\/\/www.swisscrochet.ch\/fr\/produit\/chiaogoo-bamboo-crochet-hook\/#primaryimage"},"image":{"@id":"https:\/\/www.swisscrochet.ch\/fr\/produit\/chiaogoo-bamboo-crochet-hook\/#primaryimage"},"thumbnailUrl":"https:\/\/www.swisscrochet.ch\/wp-content\/uploads\/2025\/05\/Chiaogoo-Bamboo-Crochet-Hook-Overview.jpg","datePublished":"2025-05-03T12:30:37+00:00","dateModified":"2025-05-03T12:59:20+00:00","description":"Crochet en bambou Chiaogoo \u2013 Crochet l\u00e9ger avec une t\u00eate pointue et une finition lisse, parfait pour les d\u00e9butantes et les fils glissants.","breadcrumb":{"@id":"https:\/\/www.swisscrochet.ch\/fr\/produit\/chiaogoo-bamboo-crochet-hook\/#breadcrumb"},"inLanguage":"fr-FR","potentialAction":[{"@type":"ReadAction","target":["https:\/\/www.swisscrochet.ch\/fr\/produit\/chiaogoo-bamboo-crochet-hook\/"]}]},{"@type":"ImageObject","inLanguage":"fr-FR","@id":"https:\/\/www.swisscrochet.ch\/fr\/produit\/chiaogoo-bamboo-crochet-hook\/#primaryimage","url":"https:\/\/www.swisscrochet.ch\/wp-content\/uploads\/2025\/05\/Chiaogoo-Bamboo-Crochet-Hook-Overview.jpg","contentUrl":"https:\/\/www.swisscrochet.ch\/wp-content\/uploads\/2025\/05\/Chiaogoo-Bamboo-Crochet-Hook-Overview.jpg","width":1000,"height":1000},{"@type":"BreadcrumbList","@id":"https:\/\/www.swisscrochet.ch\/fr\/produit\/chiaogoo-bamboo-crochet-hook\/#breadcrumb","itemListElement":[{"@type":"ListItem","position":1,"name":"Home","item":"https:\/\/www.swisscrochet.ch\/fr\/"},{"@type":"ListItem","position":2,"name":"Boutique","item":"https:\/\/www.swisscrochet.ch\/fr\/boutique\/"},{"@type":"ListItem","position":3,"name":"Chiaogoo &#8211; Bamboo Crochet Hook"}]},{"@type":"WebSite","@id":"https:\/\/www.swisscrochet.ch\/#website","url":"https:\/\/www.swisscrochet.ch\/","name":"Swiss Crochet","description":"Lib\u00e9rez votre potentiel cr\u00e9atif","potentialAction":[{"@type":"SearchAction","target":{"@type":"EntryPoint","urlTemplate":"https:\/\/www.swisscrochet.ch\/?s={search_term_string}"},"query-input":{"@type":"PropertyValueSpecification","valueRequired":true,"valueName":"search_term_string"}}],"inLanguage":"fr-FR"}]}},"_links":{"self":[{"href":"https:\/\/www.swisscrochet.ch\/fr\/wp-json\/wp\/v2\/product\/6743","targetHints":{"allow":["GET"]}}],"collection":[{"href":"https:\/\/www.swisscrochet.ch\/fr\/wp-json\/wp\/v2\/product"}],"about":[{"href":"https:\/\/www.swisscrochet.ch\/fr\/wp-json\/wp\/v2\/types\/product"}],"wp:featuredmedia":[{"embeddable":true,"href":"https:\/\/www.swisscrochet.ch\/fr\/wp-json\/wp\/v2\/media\/6737"}],"wp:attachment":[{"href":"https:\/\/www.swisscrochet.ch\/fr\/wp-json\/wp\/v2\/media?parent=6743"}],"wp:term":[{"taxonomy":"product_brand","embeddable":true,"href":"https:\/\/www.swisscrochet.ch\/fr\/wp-json\/wp\/v2\/product_brand?post=6743"},{"taxonomy":"product_cat","embeddable":true,"href":"https:\/\/www.swisscrochet.ch\/fr\/wp-json\/wp\/v2\/product_cat?post=6743"},{"taxonomy":"product_tag","embeddable":true,"href":"https:\/\/www.swisscrochet.ch\/fr\/wp-json\/wp\/v2\/product_tag?post=6743"}],"curies":[{"name":"wp","href":"https:\/\/api.w.org\/{rel}","templated":true}]}}