{"id":6801,"date":"2025-05-09T17:59:05","date_gmt":"2025-05-09T15:59:05","guid":{"rendered":"https:\/\/www.swisscrochet.ch\/product\/swiss-crochet-enamel-pin\/"},"modified":"2026-03-08T11:32:32","modified_gmt":"2026-03-08T10:32:32","slug":"swiss-crochet-enamel-pin","status":"publish","type":"product","link":"https:\/\/www.swisscrochet.ch\/fr\/produit\/swiss-crochet-enamel-pin\/","title":{"rendered":"Swiss Crochet &#8211; Enamel Pin"},"content":{"rendered":"","protected":false},"excerpt":{"rendered":"<p>Affichez votre amour pour tout ce qui touche au crochet avec le pin\u2019s officiel <em>Swiss Crochet<\/em>. Orn\u00e9 du charmant logo Swiss Crochet, ce pin\u2019s de haute qualit\u00e9 est un compl\u00e9ment parfait pour votre sac de projet, votre veste en jean ou votre pochette \u00e0 accessoires. Fabriqu\u00e9 en \u00e9mail dur et m\u00e9tal poli, il est \u00e0 la fois durable et \u00e9l\u00e9gant \u2014 un clin d\u2019\u0153il discret \u00e0 votre boutique de fils pr\u00e9f\u00e9r\u00e9e.<\/p>\n<p>Que ce soit pour vous-m\u00eame ou comme petit cadeau pour une autre passionn\u00e9e de crochet, ce pin\u2019s est une mani\u00e8re amusante de c\u00e9l\u00e9brer votre passion pour le crochet et la communaut\u00e9 Swiss Crochet.<\/p>\n<p>D\u00e9tails<br \/>\n\u2013 \u00c9mail dur avec finition lisse<br \/>\n\u2013 Fermeture s\u00e9curis\u00e9e en caoutchouc<br \/>\n\u2013 Mesure : 3 cm<\/p>\n<p>Un petit accessoire plein de charme crochet.<\/p>\n","protected":false},"featured_media":6797,"template":"","meta":[],"product_brand":[],"product_cat":[221,2040],"product_tag":[],"class_list":{"0":"post-6801","1":"product","2":"type-product","3":"status-publish","4":"has-post-thumbnail","6":"product_cat-crochets-et-outils","7":"product_cat-goodies-crochet","8":"product_shipping_class-petits-envois","9":"pa_t1-manufacturer-swiss-crochet-fr","10":"description-off","12":"first","13":"instock","14":"taxable","15":"shipping-taxable","16":"purchasable","17":"product-type-simple"},"bundled_by":[],"bundle_stock_status":"instock","bundle_stock_quantity":198,"bundle_virtual":false,"bundle_layout":"","bundle_add_to_cart_form_location":"","bundle_editable_in_cart":false,"bundle_sold_individually_context":"","bundle_item_grouping":"","bundle_min_size":"","bundle_max_size":"","bundle_price":[],"bundled_items":[],"bundle_sell_ids":[],"yoast_head":"<!-- This site is optimized with the Yoast SEO plugin v27.5 - https:\/\/yoast.com\/product\/yoast-seo-wordpress\/ -->\n<title>Swiss Crochet - Enamel Pin &#171; Swiss Crochet<\/title>\n<meta name=\"description\" content=\"Ajoutez une touche de fiert\u00e9 pour le crochet \u00e0 votre sac ou votre veste avec l\u2019\u00e9pingle Swiss Crochet \u2014 arborant le logo officiel en \u00e9mail dur poli et r\u00e9sistant.\" \/>\n<meta name=\"robots\" content=\"index, follow, max-snippet:-1, max-image-preview:large, max-video-preview:-1\" \/>\n<link rel=\"canonical\" href=\"https:\/\/www.swisscrochet.ch\/fr\/produit\/swiss-crochet-enamel-pin\/\" \/>\n<meta property=\"og:locale\" content=\"fr_FR\" \/>\n<meta property=\"og:type\" content=\"article\" \/>\n<meta property=\"og:title\" content=\"Swiss Crochet - Enamel Pin &#171; Swiss Crochet\" \/>\n<meta property=\"og:description\" content=\"Ajoutez une touche de fiert\u00e9 pour le crochet \u00e0 votre sac ou votre veste avec l\u2019\u00e9pingle Swiss Crochet \u2014 arborant le logo officiel en \u00e9mail dur poli et r\u00e9sistant.\" \/>\n<meta property=\"og:url\" content=\"https:\/\/www.swisscrochet.ch\/fr\/produit\/swiss-crochet-enamel-pin\/\" \/>\n<meta property=\"og:site_name\" content=\"Swiss Crochet\" \/>\n<meta property=\"article:modified_time\" content=\"2026-03-08T10:32:32+00:00\" \/>\n<meta property=\"og:image\" content=\"https:\/\/www.swisscrochet.ch\/wp-content\/uploads\/2025\/05\/Swiss-Crochet-Enamel-Pin-Overview.jpg\" \/>\n\t<meta property=\"og:image:width\" content=\"1000\" \/>\n\t<meta property=\"og:image:height\" content=\"1000\" \/>\n\t<meta property=\"og:image:type\" content=\"image\/jpeg\" \/>\n<meta name=\"twitter:card\" content=\"summary_large_image\" \/>\n<meta name=\"twitter:label1\" content=\"Dur\u00e9e de lecture estim\u00e9e\" \/>\n\t<meta name=\"twitter:data1\" content=\"1 minute\" \/>\n<script type=\"application\/ld+json\" class=\"yoast-schema-graph\">{\"@context\":\"https:\\\/\\\/schema.org\",\"@graph\":[{\"@type\":[\"WebPage\",\"ItemPage\"],\"@id\":\"https:\\\/\\\/www.swisscrochet.ch\\\/fr\\\/produit\\\/swiss-crochet-enamel-pin\\\/\",\"url\":\"https:\\\/\\\/www.swisscrochet.ch\\\/fr\\\/produit\\\/swiss-crochet-enamel-pin\\\/\",\"name\":\"Swiss Crochet - Enamel Pin &#171; Swiss Crochet\",\"isPartOf\":{\"@id\":\"https:\\\/\\\/www.swisscrochet.ch\\\/#website\"},\"primaryImageOfPage\":{\"@id\":\"https:\\\/\\\/www.swisscrochet.ch\\\/fr\\\/produit\\\/swiss-crochet-enamel-pin\\\/#primaryimage\"},\"image\":{\"@id\":\"https:\\\/\\\/www.swisscrochet.ch\\\/fr\\\/produit\\\/swiss-crochet-enamel-pin\\\/#primaryimage\"},\"thumbnailUrl\":\"https:\\\/\\\/www.swisscrochet.ch\\\/wp-content\\\/uploads\\\/2025\\\/05\\\/Swiss-Crochet-Enamel-Pin-Overview.jpg\",\"datePublished\":\"2025-05-09T15:59:05+00:00\",\"dateModified\":\"2026-03-08T10:32:32+00:00\",\"description\":\"Ajoutez une touche de fiert\u00e9 pour le crochet \u00e0 votre sac ou votre veste avec l\u2019\u00e9pingle Swiss Crochet \u2014 arborant le logo officiel en \u00e9mail dur poli et r\u00e9sistant.\",\"breadcrumb\":{\"@id\":\"https:\\\/\\\/www.swisscrochet.ch\\\/fr\\\/produit\\\/swiss-crochet-enamel-pin\\\/#breadcrumb\"},\"inLanguage\":\"fr-FR\",\"potentialAction\":[{\"@type\":\"ReadAction\",\"target\":[\"https:\\\/\\\/www.swisscrochet.ch\\\/fr\\\/produit\\\/swiss-crochet-enamel-pin\\\/\"]}]},{\"@type\":\"ImageObject\",\"inLanguage\":\"fr-FR\",\"@id\":\"https:\\\/\\\/www.swisscrochet.ch\\\/fr\\\/produit\\\/swiss-crochet-enamel-pin\\\/#primaryimage\",\"url\":\"https:\\\/\\\/www.swisscrochet.ch\\\/wp-content\\\/uploads\\\/2025\\\/05\\\/Swiss-Crochet-Enamel-Pin-Overview.jpg\",\"contentUrl\":\"https:\\\/\\\/www.swisscrochet.ch\\\/wp-content\\\/uploads\\\/2025\\\/05\\\/Swiss-Crochet-Enamel-Pin-Overview.jpg\",\"width\":1000,\"height\":1000},{\"@type\":\"BreadcrumbList\",\"@id\":\"https:\\\/\\\/www.swisscrochet.ch\\\/fr\\\/produit\\\/swiss-crochet-enamel-pin\\\/#breadcrumb\",\"itemListElement\":[{\"@type\":\"ListItem\",\"position\":1,\"name\":\"Home\",\"item\":\"https:\\\/\\\/www.swisscrochet.ch\\\/fr\\\/\"},{\"@type\":\"ListItem\",\"position\":2,\"name\":\"Boutique\",\"item\":\"https:\\\/\\\/www.swisscrochet.ch\\\/fr\\\/boutique\\\/\"},{\"@type\":\"ListItem\",\"position\":3,\"name\":\"Swiss Crochet &#8211; Enamel Pin\"}]},{\"@type\":\"WebSite\",\"@id\":\"https:\\\/\\\/www.swisscrochet.ch\\\/#website\",\"url\":\"https:\\\/\\\/www.swisscrochet.ch\\\/\",\"name\":\"Swiss Crochet\",\"description\":\"Lib\u00e9rez votre potentiel cr\u00e9atif\",\"potentialAction\":[{\"@type\":\"SearchAction\",\"target\":{\"@type\":\"EntryPoint\",\"urlTemplate\":\"https:\\\/\\\/www.swisscrochet.ch\\\/?s={search_term_string}\"},\"query-input\":{\"@type\":\"PropertyValueSpecification\",\"valueRequired\":true,\"valueName\":\"search_term_string\"}}],\"inLanguage\":\"fr-FR\"}]}<\/script>\n<!-- \/ Yoast SEO plugin. -->","yoast_head_json":{"title":"Swiss Crochet - Enamel Pin &#171; Swiss Crochet","description":"Ajoutez une touche de fiert\u00e9 pour le crochet \u00e0 votre sac ou votre veste avec l\u2019\u00e9pingle Swiss Crochet \u2014 arborant le logo officiel en \u00e9mail dur poli et r\u00e9sistant.","robots":{"index":"index","follow":"follow","max-snippet":"max-snippet:-1","max-image-preview":"max-image-preview:large","max-video-preview":"max-video-preview:-1"},"canonical":"https:\/\/www.swisscrochet.ch\/fr\/produit\/swiss-crochet-enamel-pin\/","og_locale":"fr_FR","og_type":"article","og_title":"Swiss Crochet - Enamel Pin &#171; Swiss Crochet","og_description":"Ajoutez une touche de fiert\u00e9 pour le crochet \u00e0 votre sac ou votre veste avec l\u2019\u00e9pingle Swiss Crochet \u2014 arborant le logo officiel en \u00e9mail dur poli et r\u00e9sistant.","og_url":"https:\/\/www.swisscrochet.ch\/fr\/produit\/swiss-crochet-enamel-pin\/","og_site_name":"Swiss Crochet","article_modified_time":"2026-03-08T10:32:32+00:00","og_image":[{"width":1000,"height":1000,"url":"https:\/\/www.swisscrochet.ch\/wp-content\/uploads\/2025\/05\/Swiss-Crochet-Enamel-Pin-Overview.jpg","type":"image\/jpeg"}],"twitter_card":"summary_large_image","twitter_misc":{"Dur\u00e9e de lecture estim\u00e9e":"1 minute"},"schema":{"@context":"https:\/\/schema.org","@graph":[{"@type":["WebPage","ItemPage"],"@id":"https:\/\/www.swisscrochet.ch\/fr\/produit\/swiss-crochet-enamel-pin\/","url":"https:\/\/www.swisscrochet.ch\/fr\/produit\/swiss-crochet-enamel-pin\/","name":"Swiss Crochet - Enamel Pin &#171; Swiss Crochet","isPartOf":{"@id":"https:\/\/www.swisscrochet.ch\/#website"},"primaryImageOfPage":{"@id":"https:\/\/www.swisscrochet.ch\/fr\/produit\/swiss-crochet-enamel-pin\/#primaryimage"},"image":{"@id":"https:\/\/www.swisscrochet.ch\/fr\/produit\/swiss-crochet-enamel-pin\/#primaryimage"},"thumbnailUrl":"https:\/\/www.swisscrochet.ch\/wp-content\/uploads\/2025\/05\/Swiss-Crochet-Enamel-Pin-Overview.jpg","datePublished":"2025-05-09T15:59:05+00:00","dateModified":"2026-03-08T10:32:32+00:00","description":"Ajoutez une touche de fiert\u00e9 pour le crochet \u00e0 votre sac ou votre veste avec l\u2019\u00e9pingle Swiss Crochet \u2014 arborant le logo officiel en \u00e9mail dur poli et r\u00e9sistant.","breadcrumb":{"@id":"https:\/\/www.swisscrochet.ch\/fr\/produit\/swiss-crochet-enamel-pin\/#breadcrumb"},"inLanguage":"fr-FR","potentialAction":[{"@type":"ReadAction","target":["https:\/\/www.swisscrochet.ch\/fr\/produit\/swiss-crochet-enamel-pin\/"]}]},{"@type":"ImageObject","inLanguage":"fr-FR","@id":"https:\/\/www.swisscrochet.ch\/fr\/produit\/swiss-crochet-enamel-pin\/#primaryimage","url":"https:\/\/www.swisscrochet.ch\/wp-content\/uploads\/2025\/05\/Swiss-Crochet-Enamel-Pin-Overview.jpg","contentUrl":"https:\/\/www.swisscrochet.ch\/wp-content\/uploads\/2025\/05\/Swiss-Crochet-Enamel-Pin-Overview.jpg","width":1000,"height":1000},{"@type":"BreadcrumbList","@id":"https:\/\/www.swisscrochet.ch\/fr\/produit\/swiss-crochet-enamel-pin\/#breadcrumb","itemListElement":[{"@type":"ListItem","position":1,"name":"Home","item":"https:\/\/www.swisscrochet.ch\/fr\/"},{"@type":"ListItem","position":2,"name":"Boutique","item":"https:\/\/www.swisscrochet.ch\/fr\/boutique\/"},{"@type":"ListItem","position":3,"name":"Swiss Crochet &#8211; Enamel Pin"}]},{"@type":"WebSite","@id":"https:\/\/www.swisscrochet.ch\/#website","url":"https:\/\/www.swisscrochet.ch\/","name":"Swiss Crochet","description":"Lib\u00e9rez votre potentiel cr\u00e9atif","potentialAction":[{"@type":"SearchAction","target":{"@type":"EntryPoint","urlTemplate":"https:\/\/www.swisscrochet.ch\/?s={search_term_string}"},"query-input":{"@type":"PropertyValueSpecification","valueRequired":true,"valueName":"search_term_string"}}],"inLanguage":"fr-FR"}]}},"_links":{"self":[{"href":"https:\/\/www.swisscrochet.ch\/fr\/wp-json\/wp\/v2\/product\/6801","targetHints":{"allow":["GET"]}}],"collection":[{"href":"https:\/\/www.swisscrochet.ch\/fr\/wp-json\/wp\/v2\/product"}],"about":[{"href":"https:\/\/www.swisscrochet.ch\/fr\/wp-json\/wp\/v2\/types\/product"}],"wp:featuredmedia":[{"embeddable":true,"href":"https:\/\/www.swisscrochet.ch\/fr\/wp-json\/wp\/v2\/media\/6797"}],"wp:attachment":[{"href":"https:\/\/www.swisscrochet.ch\/fr\/wp-json\/wp\/v2\/media?parent=6801"}],"wp:term":[{"taxonomy":"product_brand","embeddable":true,"href":"https:\/\/www.swisscrochet.ch\/fr\/wp-json\/wp\/v2\/product_brand?post=6801"},{"taxonomy":"product_cat","embeddable":true,"href":"https:\/\/www.swisscrochet.ch\/fr\/wp-json\/wp\/v2\/product_cat?post=6801"},{"taxonomy":"product_tag","embeddable":true,"href":"https:\/\/www.swisscrochet.ch\/fr\/wp-json\/wp\/v2\/product_tag?post=6801"}],"curies":[{"name":"wp","href":"https:\/\/api.w.org\/{rel}","templated":true}]}}