{"id":6838,"date":"2025-05-15T14:23:48","date_gmt":"2025-05-15T12:23:48","guid":{"rendered":"https:\/\/www.swisscrochet.ch\/product\/chiaogoo-adapters\/"},"modified":"2025-05-15T14:32:41","modified_gmt":"2025-05-15T12:32:41","slug":"chiaogoo-adaptateurs","status":"publish","type":"product","link":"https:\/\/www.swisscrochet.ch\/fr\/produit\/chiaogoo-adaptateurs\/","title":{"rendered":"Chiaogoo &#8211; Adaptateurs"},"content":{"rendered":"","protected":false},"excerpt":{"rendered":"<p>Augmentez la polyvalence de votre syst\u00e8me interchangeable ChiaoGoo avec ces adaptateurs indispensables de pointes (L) vers c\u00e2bles (S). Con\u00e7us pour les cr\u00e9atives utilisant diff\u00e9rentes tailles de crochets et c\u00e2bles, ces petits connecteurs puissants permettent de relier facilement les grandes pointes (L) aux c\u00e2bles (S) plus fins. Voir exemple d\u2019assemblage dans les photos produit.<\/p>\n<p>Fabriqu\u00e9s en acier inoxydable de haute qualit\u00e9, les adaptateurs ChiaoGoo assurent une jonction lisse et s\u00e9curis\u00e9e entre vos pointes et vos c\u00e2bles \u2014 sans accrochage ni interruption, pour une exp\u00e9rience de crochet fluide et agr\u00e9able.<\/p>\n<p><strong>Caract\u00e9ristiques principales :<\/strong><\/p>\n<ul>\n<li>Permet de connecter des pointes ChiaoGoo taille (L) \u00e0 des c\u00e2bles taille (S).<\/li>\n<li>En acier inoxydable durable et de haute qualit\u00e9.<\/li>\n<li>Connexion fluide et s\u00e9curis\u00e9e pour un travail sans interruption.<\/li>\n<li>Compatible avec tous les syst\u00e8mes interchangeables ChiaoGoo.<\/li>\n<li>Parfait pour \u00e9largir les possibilit\u00e9s de votre collection de crochets et c\u00e2bles.<\/li>\n<\/ul>\n","protected":false},"featured_media":6725,"template":"","meta":[],"product_brand":[],"product_cat":[560,221,557],"product_tag":[],"class_list":{"0":"post-6838","1":"product","2":"type-product","3":"status-publish","4":"has-post-thumbnail","6":"product_cat-autres-accessoires","7":"product_cat-crochets-et-outils","8":"product_cat-crochets-pour-le-crochet-tunisien","9":"product_shipping_class-petits-envois","10":"pa_t1-manufacturer-chiaogoo-fr","11":"description-off","13":"first","14":"instock","15":"taxable","16":"shipping-taxable","17":"purchasable","18":"product-type-simple"},"bundled_by":[],"bundle_stock_status":"instock","bundle_stock_quantity":5,"bundle_virtual":false,"bundle_layout":"","bundle_add_to_cart_form_location":"","bundle_editable_in_cart":false,"bundle_sold_individually_context":"","bundle_item_grouping":"","bundle_min_size":"","bundle_max_size":"","bundle_price":[],"bundled_items":[],"bundle_sell_ids":[],"yoast_head":"<!-- This site is optimized with the Yoast SEO plugin v27.4 - https:\/\/yoast.com\/product\/yoast-seo-wordpress\/ -->\n<title>Chiaogoo - Adaptateurs &#171; Swiss Crochet<\/title>\n<meta name=\"description\" content=\"Connectez les pointes ChiaoGoo (L) aux c\u00e2bles (S) avec des adaptateurs durables en acier inoxydable. Pour des jonctions sans accroc et une plus grande polyvalence de votre set de crochets tunisiens.\" \/>\n<meta name=\"robots\" content=\"index, follow, max-snippet:-1, max-image-preview:large, max-video-preview:-1\" \/>\n<link rel=\"canonical\" href=\"https:\/\/www.swisscrochet.ch\/produit\/chiaogoo-adapters\/\" \/>\n<meta property=\"og:locale\" content=\"fr_FR\" \/>\n<meta property=\"og:type\" content=\"article\" \/>\n<meta property=\"og:title\" content=\"Chiaogoo - Adaptateurs &#171; Swiss Crochet\" \/>\n<meta property=\"og:description\" content=\"Connectez les pointes ChiaoGoo (L) aux c\u00e2bles (S) avec des adaptateurs durables en acier inoxydable. Pour des jonctions sans accroc et une plus grande polyvalence de votre set de crochets tunisiens.\" \/>\n<meta property=\"og:url\" content=\"https:\/\/www.swisscrochet.ch\/produit\/chiaogoo-adapters\/\" \/>\n<meta property=\"og:site_name\" content=\"Swiss Crochet\" \/>\n<meta property=\"article:modified_time\" content=\"2025-05-15T12:32:41+00:00\" \/>\n<meta property=\"og:image\" content=\"https:\/\/www.swisscrochet.ch\/wp-content\/uploads\/2025\/05\/Chiaogoo-Adapters-Overview.jpg\" \/>\n\t<meta property=\"og:image:width\" content=\"1000\" \/>\n\t<meta property=\"og:image:height\" content=\"1000\" \/>\n\t<meta property=\"og:image:type\" content=\"image\/jpeg\" \/>\n<meta name=\"twitter:card\" content=\"summary_large_image\" \/>\n<meta name=\"twitter:label1\" content=\"Dur\u00e9e de lecture estim\u00e9e\" \/>\n\t<meta name=\"twitter:data1\" content=\"1 minute\" \/>\n<script type=\"application\/ld+json\" class=\"yoast-schema-graph\">{\"@context\":\"https:\\\/\\\/schema.org\",\"@graph\":[{\"@type\":[\"WebPage\",\"ItemPage\"],\"@id\":\"https:\\\/\\\/www.swisscrochet.ch\\\/produit\\\/chiaogoo-adapters\\\/\",\"url\":\"https:\\\/\\\/www.swisscrochet.ch\\\/produit\\\/chiaogoo-adapters\\\/\",\"name\":\"Chiaogoo - Adaptateurs &#171; Swiss Crochet\",\"isPartOf\":{\"@id\":\"https:\\\/\\\/www.swisscrochet.ch\\\/#website\"},\"primaryImageOfPage\":{\"@id\":\"https:\\\/\\\/www.swisscrochet.ch\\\/produit\\\/chiaogoo-adapters\\\/#primaryimage\"},\"image\":{\"@id\":\"https:\\\/\\\/www.swisscrochet.ch\\\/produit\\\/chiaogoo-adapters\\\/#primaryimage\"},\"thumbnailUrl\":\"https:\\\/\\\/www.swisscrochet.ch\\\/wp-content\\\/uploads\\\/2025\\\/05\\\/Chiaogoo-Adapters-Overview.jpg\",\"datePublished\":\"2025-05-15T12:23:48+00:00\",\"dateModified\":\"2025-05-15T12:32:41+00:00\",\"description\":\"Connectez les pointes ChiaoGoo (L) aux c\u00e2bles (S) avec des adaptateurs durables en acier inoxydable. Pour des jonctions sans accroc et une plus grande polyvalence de votre set de crochets tunisiens.\",\"breadcrumb\":{\"@id\":\"https:\\\/\\\/www.swisscrochet.ch\\\/produit\\\/chiaogoo-adapters\\\/#breadcrumb\"},\"inLanguage\":\"fr-FR\",\"potentialAction\":[{\"@type\":\"ReadAction\",\"target\":[\"https:\\\/\\\/www.swisscrochet.ch\\\/produit\\\/chiaogoo-adapters\\\/\"]}]},{\"@type\":\"ImageObject\",\"inLanguage\":\"fr-FR\",\"@id\":\"https:\\\/\\\/www.swisscrochet.ch\\\/produit\\\/chiaogoo-adapters\\\/#primaryimage\",\"url\":\"https:\\\/\\\/www.swisscrochet.ch\\\/wp-content\\\/uploads\\\/2025\\\/05\\\/Chiaogoo-Adapters-Overview.jpg\",\"contentUrl\":\"https:\\\/\\\/www.swisscrochet.ch\\\/wp-content\\\/uploads\\\/2025\\\/05\\\/Chiaogoo-Adapters-Overview.jpg\",\"width\":1000,\"height\":1000},{\"@type\":\"BreadcrumbList\",\"@id\":\"https:\\\/\\\/www.swisscrochet.ch\\\/produit\\\/chiaogoo-adapters\\\/#breadcrumb\",\"itemListElement\":[{\"@type\":\"ListItem\",\"position\":1,\"name\":\"Home\",\"item\":\"https:\\\/\\\/www.swisscrochet.ch\\\/fr\\\/\"},{\"@type\":\"ListItem\",\"position\":2,\"name\":\"Boutique\",\"item\":\"https:\\\/\\\/www.swisscrochet.ch\\\/fr\\\/boutique\\\/\"},{\"@type\":\"ListItem\",\"position\":3,\"name\":\"Chiaogoo &#8211; Adaptateurs\"}]},{\"@type\":\"WebSite\",\"@id\":\"https:\\\/\\\/www.swisscrochet.ch\\\/#website\",\"url\":\"https:\\\/\\\/www.swisscrochet.ch\\\/\",\"name\":\"Swiss Crochet\",\"description\":\"Lib\u00e9rez votre potentiel cr\u00e9atif\",\"potentialAction\":[{\"@type\":\"SearchAction\",\"target\":{\"@type\":\"EntryPoint\",\"urlTemplate\":\"https:\\\/\\\/www.swisscrochet.ch\\\/?s={search_term_string}\"},\"query-input\":{\"@type\":\"PropertyValueSpecification\",\"valueRequired\":true,\"valueName\":\"search_term_string\"}}],\"inLanguage\":\"fr-FR\"}]}<\/script>\n<!-- \/ Yoast SEO plugin. -->","yoast_head_json":{"title":"Chiaogoo - Adaptateurs &#171; Swiss Crochet","description":"Connectez les pointes ChiaoGoo (L) aux c\u00e2bles (S) avec des adaptateurs durables en acier inoxydable. Pour des jonctions sans accroc et une plus grande polyvalence de votre set de crochets tunisiens.","robots":{"index":"index","follow":"follow","max-snippet":"max-snippet:-1","max-image-preview":"max-image-preview:large","max-video-preview":"max-video-preview:-1"},"canonical":"https:\/\/www.swisscrochet.ch\/produit\/chiaogoo-adapters\/","og_locale":"fr_FR","og_type":"article","og_title":"Chiaogoo - Adaptateurs &#171; Swiss Crochet","og_description":"Connectez les pointes ChiaoGoo (L) aux c\u00e2bles (S) avec des adaptateurs durables en acier inoxydable. Pour des jonctions sans accroc et une plus grande polyvalence de votre set de crochets tunisiens.","og_url":"https:\/\/www.swisscrochet.ch\/produit\/chiaogoo-adapters\/","og_site_name":"Swiss Crochet","article_modified_time":"2025-05-15T12:32:41+00:00","og_image":[{"width":1000,"height":1000,"url":"https:\/\/www.swisscrochet.ch\/wp-content\/uploads\/2025\/05\/Chiaogoo-Adapters-Overview.jpg","type":"image\/jpeg"}],"twitter_card":"summary_large_image","twitter_misc":{"Dur\u00e9e de lecture estim\u00e9e":"1 minute"},"schema":{"@context":"https:\/\/schema.org","@graph":[{"@type":["WebPage","ItemPage"],"@id":"https:\/\/www.swisscrochet.ch\/produit\/chiaogoo-adapters\/","url":"https:\/\/www.swisscrochet.ch\/produit\/chiaogoo-adapters\/","name":"Chiaogoo - Adaptateurs &#171; Swiss Crochet","isPartOf":{"@id":"https:\/\/www.swisscrochet.ch\/#website"},"primaryImageOfPage":{"@id":"https:\/\/www.swisscrochet.ch\/produit\/chiaogoo-adapters\/#primaryimage"},"image":{"@id":"https:\/\/www.swisscrochet.ch\/produit\/chiaogoo-adapters\/#primaryimage"},"thumbnailUrl":"https:\/\/www.swisscrochet.ch\/wp-content\/uploads\/2025\/05\/Chiaogoo-Adapters-Overview.jpg","datePublished":"2025-05-15T12:23:48+00:00","dateModified":"2025-05-15T12:32:41+00:00","description":"Connectez les pointes ChiaoGoo (L) aux c\u00e2bles (S) avec des adaptateurs durables en acier inoxydable. Pour des jonctions sans accroc et une plus grande polyvalence de votre set de crochets tunisiens.","breadcrumb":{"@id":"https:\/\/www.swisscrochet.ch\/produit\/chiaogoo-adapters\/#breadcrumb"},"inLanguage":"fr-FR","potentialAction":[{"@type":"ReadAction","target":["https:\/\/www.swisscrochet.ch\/produit\/chiaogoo-adapters\/"]}]},{"@type":"ImageObject","inLanguage":"fr-FR","@id":"https:\/\/www.swisscrochet.ch\/produit\/chiaogoo-adapters\/#primaryimage","url":"https:\/\/www.swisscrochet.ch\/wp-content\/uploads\/2025\/05\/Chiaogoo-Adapters-Overview.jpg","contentUrl":"https:\/\/www.swisscrochet.ch\/wp-content\/uploads\/2025\/05\/Chiaogoo-Adapters-Overview.jpg","width":1000,"height":1000},{"@type":"BreadcrumbList","@id":"https:\/\/www.swisscrochet.ch\/produit\/chiaogoo-adapters\/#breadcrumb","itemListElement":[{"@type":"ListItem","position":1,"name":"Home","item":"https:\/\/www.swisscrochet.ch\/fr\/"},{"@type":"ListItem","position":2,"name":"Boutique","item":"https:\/\/www.swisscrochet.ch\/fr\/boutique\/"},{"@type":"ListItem","position":3,"name":"Chiaogoo &#8211; Adaptateurs"}]},{"@type":"WebSite","@id":"https:\/\/www.swisscrochet.ch\/#website","url":"https:\/\/www.swisscrochet.ch\/","name":"Swiss Crochet","description":"Lib\u00e9rez votre potentiel cr\u00e9atif","potentialAction":[{"@type":"SearchAction","target":{"@type":"EntryPoint","urlTemplate":"https:\/\/www.swisscrochet.ch\/?s={search_term_string}"},"query-input":{"@type":"PropertyValueSpecification","valueRequired":true,"valueName":"search_term_string"}}],"inLanguage":"fr-FR"}]}},"_links":{"self":[{"href":"https:\/\/www.swisscrochet.ch\/fr\/wp-json\/wp\/v2\/product\/6838","targetHints":{"allow":["GET"]}}],"collection":[{"href":"https:\/\/www.swisscrochet.ch\/fr\/wp-json\/wp\/v2\/product"}],"about":[{"href":"https:\/\/www.swisscrochet.ch\/fr\/wp-json\/wp\/v2\/types\/product"}],"wp:featuredmedia":[{"embeddable":true,"href":"https:\/\/www.swisscrochet.ch\/fr\/wp-json\/wp\/v2\/media\/6725"}],"wp:attachment":[{"href":"https:\/\/www.swisscrochet.ch\/fr\/wp-json\/wp\/v2\/media?parent=6838"}],"wp:term":[{"taxonomy":"product_brand","embeddable":true,"href":"https:\/\/www.swisscrochet.ch\/fr\/wp-json\/wp\/v2\/product_brand?post=6838"},{"taxonomy":"product_cat","embeddable":true,"href":"https:\/\/www.swisscrochet.ch\/fr\/wp-json\/wp\/v2\/product_cat?post=6838"},{"taxonomy":"product_tag","embeddable":true,"href":"https:\/\/www.swisscrochet.ch\/fr\/wp-json\/wp\/v2\/product_tag?post=6838"}],"curies":[{"name":"wp","href":"https:\/\/api.w.org\/{rel}","templated":true}]}}