{"id":6848,"date":"2025-05-15T14:59:58","date_gmt":"2025-05-15T12:59:58","guid":{"rendered":"https:\/\/www.swisscrochet.ch\/product\/chiaogoo-end-stoppers\/"},"modified":"2026-01-28T13:25:50","modified_gmt":"2026-01-28T12:25:50","slug":"chiaogoo-butees","status":"publish","type":"product","link":"https:\/\/www.swisscrochet.ch\/fr\/produit\/chiaogoo-butees\/","title":{"rendered":"Chiaogoo &#8211; But\u00e9es"},"content":{"rendered":"","protected":false},"excerpt":{"rendered":"<p>Les but\u00e9es ChiaoGoo sont des accessoires essentiels pour le crochet tunisien avec c\u00e2bles interchangeables. En crochet tunisien, le c\u00e2ble se connecte \u00e0 l\u2019arri\u00e8re du crochet et maintient les mailles en cours \u2014 id\u00e9al pour les grands projets comme les couvertures, ch\u00e2les ou v\u00eatements. La but\u00e9e est fix\u00e9e \u00e0 l\u2019extr\u00e9mit\u00e9 non crochet du c\u00e2ble et emp\u00eache les mailles de glisser. Voir les photos du produit pour des exemples de montage.<\/p>\n<p>Ces but\u00e9es se vissent fermement sur l\u2019extr\u00e9mit\u00e9 du c\u00e2ble et maintiennent vos mailles en toute s\u00e9curit\u00e9 tout au long du projet.<\/p>\n<p>Disponible en deux tailles :<\/p>\n<ul>\n<li>But\u00e9es Small (S) \u2013 pour c\u00e2bles ChiaoGoo (S) (utilis\u00e9es avec des crochets de 3.50 mm \u00e0 5.00 mm)<\/li>\n<li>But\u00e9es Large (L) \u2013 pour c\u00e2bles ChiaoGoo (L) (utilis\u00e9es avec des crochets de 5.50 mm \u00e0 10.00 mm)<\/li>\n<\/ul>\n<p>Chaque paquet contient deux pi\u00e8ces.<\/p>\n<p>Les but\u00e9es ChiaoGoo garantissent que vos mailles de crochet tunisien restent en place \u2014 pour plus de s\u00e9r\u00e9nit\u00e9 et un meilleur contr\u00f4le de votre projet.<\/p>\n","protected":false},"featured_media":6713,"template":"","meta":[],"product_brand":[],"product_cat":[560,221,557],"product_tag":[],"class_list":{"0":"post-6848","1":"product","2":"type-product","3":"status-publish","4":"has-post-thumbnail","6":"product_cat-autres-accessoires","7":"product_cat-crochets-et-outils","8":"product_cat-crochets-pour-le-crochet-tunisien","9":"product_shipping_class-petits-envois","10":"pa_t1-manufacturer-chiaogoo-fr","11":"description-off","13":"first","14":"instock","15":"taxable","16":"shipping-taxable","17":"purchasable","18":"product-type-variable","19":"wvs-archive-product-wrapper"},"bundled_by":["10446","10849","10849"],"bundle_stock_status":"instock","bundle_stock_quantity":null,"bundle_virtual":false,"bundle_layout":"","bundle_add_to_cart_form_location":"","bundle_editable_in_cart":false,"bundle_sold_individually_context":"","bundle_item_grouping":"","bundle_min_size":"","bundle_max_size":"","bundle_price":[],"bundled_items":[],"bundle_sell_ids":[],"yoast_head":"<!-- This site is optimized with the Yoast SEO plugin v27.4 - https:\/\/yoast.com\/product\/yoast-seo-wordpress\/ -->\n<title>Chiaogoo - But\u00e9es &#171; Swiss Crochet<\/title>\n<meta name=\"description\" content=\"Tu peux d\u00e9sormais r\u00e9aliser de grands projets en crochet tunisien avec les c\u00e2bles et but\u00e9es ChiaoGoo. Disponibles pour c\u00e2bles S et L. Id\u00e9al pour couvertures, ch\u00e2les, et plus encore.\" \/>\n<meta name=\"robots\" content=\"index, follow, max-snippet:-1, max-image-preview:large, max-video-preview:-1\" \/>\n<link rel=\"canonical\" href=\"https:\/\/www.swisscrochet.ch\/produit\/chiaogoo-end-stoppers\/\" \/>\n<meta property=\"og:locale\" content=\"fr_FR\" \/>\n<meta property=\"og:type\" content=\"article\" \/>\n<meta property=\"og:title\" content=\"Chiaogoo - But\u00e9es &#171; Swiss Crochet\" \/>\n<meta property=\"og:description\" content=\"Tu peux d\u00e9sormais r\u00e9aliser de grands projets en crochet tunisien avec les c\u00e2bles et but\u00e9es ChiaoGoo. Disponibles pour c\u00e2bles S et L. Id\u00e9al pour couvertures, ch\u00e2les, et plus encore.\" \/>\n<meta property=\"og:url\" content=\"https:\/\/www.swisscrochet.ch\/produit\/chiaogoo-end-stoppers\/\" \/>\n<meta property=\"og:site_name\" content=\"Swiss Crochet\" \/>\n<meta property=\"article:modified_time\" content=\"2026-01-28T12:25:50+00:00\" \/>\n<meta property=\"og:image\" content=\"https:\/\/www.swisscrochet.ch\/wp-content\/uploads\/2025\/05\/Chiaogoo-End-Stoppers-Overview.jpg\" \/>\n\t<meta property=\"og:image:width\" content=\"1000\" \/>\n\t<meta property=\"og:image:height\" content=\"1000\" \/>\n\t<meta property=\"og:image:type\" content=\"image\/jpeg\" \/>\n<meta name=\"twitter:card\" content=\"summary_large_image\" \/>\n<meta name=\"twitter:label1\" content=\"Dur\u00e9e de lecture estim\u00e9e\" \/>\n\t<meta name=\"twitter:data1\" content=\"1 minute\" \/>\n<script type=\"application\/ld+json\" class=\"yoast-schema-graph\">{\"@context\":\"https:\\\/\\\/schema.org\",\"@graph\":[{\"@type\":[\"WebPage\",\"ItemPage\"],\"@id\":\"https:\\\/\\\/www.swisscrochet.ch\\\/produit\\\/chiaogoo-end-stoppers\\\/\",\"url\":\"https:\\\/\\\/www.swisscrochet.ch\\\/produit\\\/chiaogoo-end-stoppers\\\/\",\"name\":\"Chiaogoo - But\u00e9es &#171; Swiss Crochet\",\"isPartOf\":{\"@id\":\"https:\\\/\\\/www.swisscrochet.ch\\\/#website\"},\"primaryImageOfPage\":{\"@id\":\"https:\\\/\\\/www.swisscrochet.ch\\\/produit\\\/chiaogoo-end-stoppers\\\/#primaryimage\"},\"image\":{\"@id\":\"https:\\\/\\\/www.swisscrochet.ch\\\/produit\\\/chiaogoo-end-stoppers\\\/#primaryimage\"},\"thumbnailUrl\":\"https:\\\/\\\/www.swisscrochet.ch\\\/wp-content\\\/uploads\\\/2025\\\/05\\\/Chiaogoo-End-Stoppers-Overview.jpg\",\"datePublished\":\"2025-05-15T12:59:58+00:00\",\"dateModified\":\"2026-01-28T12:25:50+00:00\",\"description\":\"Tu peux d\u00e9sormais r\u00e9aliser de grands projets en crochet tunisien avec les c\u00e2bles et but\u00e9es ChiaoGoo. Disponibles pour c\u00e2bles S et L. Id\u00e9al pour couvertures, ch\u00e2les, et plus encore.\",\"breadcrumb\":{\"@id\":\"https:\\\/\\\/www.swisscrochet.ch\\\/produit\\\/chiaogoo-end-stoppers\\\/#breadcrumb\"},\"inLanguage\":\"fr-FR\",\"potentialAction\":[{\"@type\":\"ReadAction\",\"target\":[\"https:\\\/\\\/www.swisscrochet.ch\\\/produit\\\/chiaogoo-end-stoppers\\\/\"]}]},{\"@type\":\"ImageObject\",\"inLanguage\":\"fr-FR\",\"@id\":\"https:\\\/\\\/www.swisscrochet.ch\\\/produit\\\/chiaogoo-end-stoppers\\\/#primaryimage\",\"url\":\"https:\\\/\\\/www.swisscrochet.ch\\\/wp-content\\\/uploads\\\/2025\\\/05\\\/Chiaogoo-End-Stoppers-Overview.jpg\",\"contentUrl\":\"https:\\\/\\\/www.swisscrochet.ch\\\/wp-content\\\/uploads\\\/2025\\\/05\\\/Chiaogoo-End-Stoppers-Overview.jpg\",\"width\":1000,\"height\":1000},{\"@type\":\"BreadcrumbList\",\"@id\":\"https:\\\/\\\/www.swisscrochet.ch\\\/produit\\\/chiaogoo-end-stoppers\\\/#breadcrumb\",\"itemListElement\":[{\"@type\":\"ListItem\",\"position\":1,\"name\":\"Home\",\"item\":\"https:\\\/\\\/www.swisscrochet.ch\\\/fr\\\/\"},{\"@type\":\"ListItem\",\"position\":2,\"name\":\"Boutique\",\"item\":\"https:\\\/\\\/www.swisscrochet.ch\\\/fr\\\/boutique\\\/\"},{\"@type\":\"ListItem\",\"position\":3,\"name\":\"Chiaogoo &#8211; But\u00e9es\"}]},{\"@type\":\"WebSite\",\"@id\":\"https:\\\/\\\/www.swisscrochet.ch\\\/#website\",\"url\":\"https:\\\/\\\/www.swisscrochet.ch\\\/\",\"name\":\"Swiss Crochet\",\"description\":\"Lib\u00e9rez votre potentiel cr\u00e9atif\",\"potentialAction\":[{\"@type\":\"SearchAction\",\"target\":{\"@type\":\"EntryPoint\",\"urlTemplate\":\"https:\\\/\\\/www.swisscrochet.ch\\\/?s={search_term_string}\"},\"query-input\":{\"@type\":\"PropertyValueSpecification\",\"valueRequired\":true,\"valueName\":\"search_term_string\"}}],\"inLanguage\":\"fr-FR\"}]}<\/script>\n<!-- \/ Yoast SEO plugin. -->","yoast_head_json":{"title":"Chiaogoo - But\u00e9es &#171; Swiss Crochet","description":"Tu peux d\u00e9sormais r\u00e9aliser de grands projets en crochet tunisien avec les c\u00e2bles et but\u00e9es ChiaoGoo. Disponibles pour c\u00e2bles S et L. Id\u00e9al pour couvertures, ch\u00e2les, et plus encore.","robots":{"index":"index","follow":"follow","max-snippet":"max-snippet:-1","max-image-preview":"max-image-preview:large","max-video-preview":"max-video-preview:-1"},"canonical":"https:\/\/www.swisscrochet.ch\/produit\/chiaogoo-end-stoppers\/","og_locale":"fr_FR","og_type":"article","og_title":"Chiaogoo - But\u00e9es &#171; Swiss Crochet","og_description":"Tu peux d\u00e9sormais r\u00e9aliser de grands projets en crochet tunisien avec les c\u00e2bles et but\u00e9es ChiaoGoo. Disponibles pour c\u00e2bles S et L. Id\u00e9al pour couvertures, ch\u00e2les, et plus encore.","og_url":"https:\/\/www.swisscrochet.ch\/produit\/chiaogoo-end-stoppers\/","og_site_name":"Swiss Crochet","article_modified_time":"2026-01-28T12:25:50+00:00","og_image":[{"width":1000,"height":1000,"url":"https:\/\/www.swisscrochet.ch\/wp-content\/uploads\/2025\/05\/Chiaogoo-End-Stoppers-Overview.jpg","type":"image\/jpeg"}],"twitter_card":"summary_large_image","twitter_misc":{"Dur\u00e9e de lecture estim\u00e9e":"1 minute"},"schema":{"@context":"https:\/\/schema.org","@graph":[{"@type":["WebPage","ItemPage"],"@id":"https:\/\/www.swisscrochet.ch\/produit\/chiaogoo-end-stoppers\/","url":"https:\/\/www.swisscrochet.ch\/produit\/chiaogoo-end-stoppers\/","name":"Chiaogoo - But\u00e9es &#171; Swiss Crochet","isPartOf":{"@id":"https:\/\/www.swisscrochet.ch\/#website"},"primaryImageOfPage":{"@id":"https:\/\/www.swisscrochet.ch\/produit\/chiaogoo-end-stoppers\/#primaryimage"},"image":{"@id":"https:\/\/www.swisscrochet.ch\/produit\/chiaogoo-end-stoppers\/#primaryimage"},"thumbnailUrl":"https:\/\/www.swisscrochet.ch\/wp-content\/uploads\/2025\/05\/Chiaogoo-End-Stoppers-Overview.jpg","datePublished":"2025-05-15T12:59:58+00:00","dateModified":"2026-01-28T12:25:50+00:00","description":"Tu peux d\u00e9sormais r\u00e9aliser de grands projets en crochet tunisien avec les c\u00e2bles et but\u00e9es ChiaoGoo. Disponibles pour c\u00e2bles S et L. Id\u00e9al pour couvertures, ch\u00e2les, et plus encore.","breadcrumb":{"@id":"https:\/\/www.swisscrochet.ch\/produit\/chiaogoo-end-stoppers\/#breadcrumb"},"inLanguage":"fr-FR","potentialAction":[{"@type":"ReadAction","target":["https:\/\/www.swisscrochet.ch\/produit\/chiaogoo-end-stoppers\/"]}]},{"@type":"ImageObject","inLanguage":"fr-FR","@id":"https:\/\/www.swisscrochet.ch\/produit\/chiaogoo-end-stoppers\/#primaryimage","url":"https:\/\/www.swisscrochet.ch\/wp-content\/uploads\/2025\/05\/Chiaogoo-End-Stoppers-Overview.jpg","contentUrl":"https:\/\/www.swisscrochet.ch\/wp-content\/uploads\/2025\/05\/Chiaogoo-End-Stoppers-Overview.jpg","width":1000,"height":1000},{"@type":"BreadcrumbList","@id":"https:\/\/www.swisscrochet.ch\/produit\/chiaogoo-end-stoppers\/#breadcrumb","itemListElement":[{"@type":"ListItem","position":1,"name":"Home","item":"https:\/\/www.swisscrochet.ch\/fr\/"},{"@type":"ListItem","position":2,"name":"Boutique","item":"https:\/\/www.swisscrochet.ch\/fr\/boutique\/"},{"@type":"ListItem","position":3,"name":"Chiaogoo &#8211; But\u00e9es"}]},{"@type":"WebSite","@id":"https:\/\/www.swisscrochet.ch\/#website","url":"https:\/\/www.swisscrochet.ch\/","name":"Swiss Crochet","description":"Lib\u00e9rez votre potentiel cr\u00e9atif","potentialAction":[{"@type":"SearchAction","target":{"@type":"EntryPoint","urlTemplate":"https:\/\/www.swisscrochet.ch\/?s={search_term_string}"},"query-input":{"@type":"PropertyValueSpecification","valueRequired":true,"valueName":"search_term_string"}}],"inLanguage":"fr-FR"}]}},"_links":{"self":[{"href":"https:\/\/www.swisscrochet.ch\/fr\/wp-json\/wp\/v2\/product\/6848","targetHints":{"allow":["GET"]}}],"collection":[{"href":"https:\/\/www.swisscrochet.ch\/fr\/wp-json\/wp\/v2\/product"}],"about":[{"href":"https:\/\/www.swisscrochet.ch\/fr\/wp-json\/wp\/v2\/types\/product"}],"wp:featuredmedia":[{"embeddable":true,"href":"https:\/\/www.swisscrochet.ch\/fr\/wp-json\/wp\/v2\/media\/6713"}],"wp:attachment":[{"href":"https:\/\/www.swisscrochet.ch\/fr\/wp-json\/wp\/v2\/media?parent=6848"}],"wp:term":[{"taxonomy":"product_brand","embeddable":true,"href":"https:\/\/www.swisscrochet.ch\/fr\/wp-json\/wp\/v2\/product_brand?post=6848"},{"taxonomy":"product_cat","embeddable":true,"href":"https:\/\/www.swisscrochet.ch\/fr\/wp-json\/wp\/v2\/product_cat?post=6848"},{"taxonomy":"product_tag","embeddable":true,"href":"https:\/\/www.swisscrochet.ch\/fr\/wp-json\/wp\/v2\/product_tag?post=6848"}],"curies":[{"name":"wp","href":"https:\/\/api.w.org\/{rel}","templated":true}]}}