{"id":6888,"date":"2025-05-15T15:48:52","date_gmt":"2025-05-15T13:48:52","guid":{"rendered":"https:\/\/www.swisscrochet.ch\/product\/chiaogoo-swiv360-silver-cable\/"},"modified":"2026-01-28T13:25:49","modified_gmt":"2026-01-28T12:25:49","slug":"chiaogoo-cable-swiv360-silver","status":"publish","type":"product","link":"https:\/\/www.swisscrochet.ch\/fr\/produit\/chiaogoo-cable-swiv360-silver\/","title":{"rendered":"Chiaogoo &#8211; C\u00e2ble SWIV360 Silver"},"content":{"rendered":"","protected":false},"excerpt":{"rendered":"<p>Le c\u00e2ble ChiaoGoo SWIV360 Silver est une v\u00e9ritable r\u00e9volution pour les adeptes du crochet tunisien utilisant des pointes et c\u00e2bles interchangeables. Con\u00e7u pour pivoter \u00e0 360\u00b0, ce c\u00e2ble innovant reste naturellement orient\u00e9 vers le bas pendant le travail, emp\u00eachant les torsions et les n\u0153uds \u2013 particuli\u00e8rement utile avec des c\u00e2bles longs et un grand nombre de mailles. Voir les photos du produit pour des exemples de montage.<\/p>\n<p>Ces c\u00e2bles conviennent au crochet tunisien \u00e0 plat ou en rond, offrant une grande flexibilit\u00e9 pour vos projets. Disponibles en longueurs de 13 cm \u00e0 125 cm, vous trouverez la taille id\u00e9ale pour chaque projet.<\/p>\n<p>Disponibles en deux tailles :<\/p>\n<ul>\n<li>C\u00e2ble SWIV360 Small (S) \u2013 compatible avec les pointes ChiaoGoo (S) pour crochets de 3.50 mm \u00e0 5.00 mm<\/li>\n<li>C\u00e2ble SWIV360 Large (L) \u2013 compatible avec les pointes ChiaoGoo (L) pour crochets de 5.50 mm \u00e0 10.00 mm<\/li>\n<\/ul>\n<p>Gr\u00e2ce \u00e0 cette fonctionnalit\u00e9 pivotante, vos mailles restent fluides, confortables et sous contr\u00f4le \u2013 id\u00e9al pour les grands ouvrages comme les couvertures, ch\u00e2les ou v\u00eatements. Optez pour le c\u00e2ble ChiaoGoo SWIV360 Silver et profitez d\u2019une exp\u00e9rience de crochet tunisien sans n\u0153uds, agr\u00e9able et fluide\u202f!<\/p>\n","protected":false},"featured_media":6705,"template":"","meta":[],"product_brand":[],"product_cat":[560,221,557],"product_tag":[],"class_list":{"0":"post-6888","1":"product","2":"type-product","3":"status-publish","4":"has-post-thumbnail","6":"product_cat-autres-accessoires","7":"product_cat-crochets-et-outils","8":"product_cat-crochets-pour-le-crochet-tunisien","9":"product_shipping_class-petits-envois","10":"pa_t1-manufacturer-chiaogoo-fr","11":"description-off","13":"first","14":"instock","15":"taxable","16":"shipping-taxable","17":"purchasable","18":"product-type-variable","19":"wvs-archive-product-wrapper"},"bundled_by":["10446","10849","10849","10849","10849"],"bundle_stock_status":"instock","bundle_stock_quantity":null,"bundle_virtual":false,"bundle_layout":"","bundle_add_to_cart_form_location":"","bundle_editable_in_cart":false,"bundle_sold_individually_context":"","bundle_item_grouping":"","bundle_min_size":"","bundle_max_size":"","bundle_price":[],"bundled_items":[],"bundle_sell_ids":[],"yoast_head":"<!-- This site is optimized with the Yoast SEO plugin v27.4 - https:\/\/yoast.com\/product\/yoast-seo-wordpress\/ -->\n<title>Chiaogoo - C\u00e2ble SWIV360 Silver &#171; Swiss Crochet<\/title>\n<meta name=\"description\" content=\"Les c\u00e2bles ChiaoGoo SWIV360 Silver pivotent \u00e0 360\u00b0, emp\u00eachant les torsions \u2013 parfaits pour le crochet tunisien \u00e0 plat ou en rond. Disponibles en longueurs de 13 \u00e0 125 cm.\" \/>\n<meta name=\"robots\" content=\"index, follow, max-snippet:-1, max-image-preview:large, max-video-preview:-1\" \/>\n<link rel=\"canonical\" href=\"https:\/\/www.swisscrochet.ch\/produit\/chiaogoo-swiv360-silver-cable\/\" \/>\n<meta property=\"og:locale\" content=\"fr_FR\" \/>\n<meta property=\"og:type\" content=\"article\" \/>\n<meta property=\"og:title\" content=\"Chiaogoo - C\u00e2ble SWIV360 Silver &#171; Swiss Crochet\" \/>\n<meta property=\"og:description\" content=\"Les c\u00e2bles ChiaoGoo SWIV360 Silver pivotent \u00e0 360\u00b0, emp\u00eachant les torsions \u2013 parfaits pour le crochet tunisien \u00e0 plat ou en rond. Disponibles en longueurs de 13 \u00e0 125 cm.\" \/>\n<meta property=\"og:url\" content=\"https:\/\/www.swisscrochet.ch\/produit\/chiaogoo-swiv360-silver-cable\/\" \/>\n<meta property=\"og:site_name\" content=\"Swiss Crochet\" \/>\n<meta property=\"article:modified_time\" content=\"2026-01-28T12:25:49+00:00\" \/>\n<meta property=\"og:image\" content=\"https:\/\/www.swisscrochet.ch\/wp-content\/uploads\/2025\/05\/Chiaogoo-SWIV360-Silver-Cable-Overview.jpg\" \/>\n\t<meta property=\"og:image:width\" content=\"1000\" \/>\n\t<meta property=\"og:image:height\" content=\"1000\" \/>\n\t<meta property=\"og:image:type\" content=\"image\/jpeg\" \/>\n<meta name=\"twitter:card\" content=\"summary_large_image\" \/>\n<meta name=\"twitter:label1\" content=\"Dur\u00e9e de lecture estim\u00e9e\" \/>\n\t<meta name=\"twitter:data1\" content=\"1 minute\" \/>\n<script type=\"application\/ld+json\" class=\"yoast-schema-graph\">{\"@context\":\"https:\\\/\\\/schema.org\",\"@graph\":[{\"@type\":[\"WebPage\",\"ItemPage\"],\"@id\":\"https:\\\/\\\/www.swisscrochet.ch\\\/produit\\\/chiaogoo-swiv360-silver-cable\\\/\",\"url\":\"https:\\\/\\\/www.swisscrochet.ch\\\/produit\\\/chiaogoo-swiv360-silver-cable\\\/\",\"name\":\"Chiaogoo - C\u00e2ble SWIV360 Silver &#171; Swiss Crochet\",\"isPartOf\":{\"@id\":\"https:\\\/\\\/www.swisscrochet.ch\\\/#website\"},\"primaryImageOfPage\":{\"@id\":\"https:\\\/\\\/www.swisscrochet.ch\\\/produit\\\/chiaogoo-swiv360-silver-cable\\\/#primaryimage\"},\"image\":{\"@id\":\"https:\\\/\\\/www.swisscrochet.ch\\\/produit\\\/chiaogoo-swiv360-silver-cable\\\/#primaryimage\"},\"thumbnailUrl\":\"https:\\\/\\\/www.swisscrochet.ch\\\/wp-content\\\/uploads\\\/2025\\\/05\\\/Chiaogoo-SWIV360-Silver-Cable-Overview.jpg\",\"datePublished\":\"2025-05-15T13:48:52+00:00\",\"dateModified\":\"2026-01-28T12:25:49+00:00\",\"description\":\"Les c\u00e2bles ChiaoGoo SWIV360 Silver pivotent \u00e0 360\u00b0, emp\u00eachant les torsions \u2013 parfaits pour le crochet tunisien \u00e0 plat ou en rond. Disponibles en longueurs de 13 \u00e0 125 cm.\",\"breadcrumb\":{\"@id\":\"https:\\\/\\\/www.swisscrochet.ch\\\/produit\\\/chiaogoo-swiv360-silver-cable\\\/#breadcrumb\"},\"inLanguage\":\"fr-FR\",\"potentialAction\":[{\"@type\":\"ReadAction\",\"target\":[\"https:\\\/\\\/www.swisscrochet.ch\\\/produit\\\/chiaogoo-swiv360-silver-cable\\\/\"]}]},{\"@type\":\"ImageObject\",\"inLanguage\":\"fr-FR\",\"@id\":\"https:\\\/\\\/www.swisscrochet.ch\\\/produit\\\/chiaogoo-swiv360-silver-cable\\\/#primaryimage\",\"url\":\"https:\\\/\\\/www.swisscrochet.ch\\\/wp-content\\\/uploads\\\/2025\\\/05\\\/Chiaogoo-SWIV360-Silver-Cable-Overview.jpg\",\"contentUrl\":\"https:\\\/\\\/www.swisscrochet.ch\\\/wp-content\\\/uploads\\\/2025\\\/05\\\/Chiaogoo-SWIV360-Silver-Cable-Overview.jpg\",\"width\":1000,\"height\":1000},{\"@type\":\"BreadcrumbList\",\"@id\":\"https:\\\/\\\/www.swisscrochet.ch\\\/produit\\\/chiaogoo-swiv360-silver-cable\\\/#breadcrumb\",\"itemListElement\":[{\"@type\":\"ListItem\",\"position\":1,\"name\":\"Home\",\"item\":\"https:\\\/\\\/www.swisscrochet.ch\\\/fr\\\/\"},{\"@type\":\"ListItem\",\"position\":2,\"name\":\"Boutique\",\"item\":\"https:\\\/\\\/www.swisscrochet.ch\\\/fr\\\/boutique\\\/\"},{\"@type\":\"ListItem\",\"position\":3,\"name\":\"Chiaogoo &#8211; C\u00e2ble SWIV360 Silver\"}]},{\"@type\":\"WebSite\",\"@id\":\"https:\\\/\\\/www.swisscrochet.ch\\\/#website\",\"url\":\"https:\\\/\\\/www.swisscrochet.ch\\\/\",\"name\":\"Swiss Crochet\",\"description\":\"Lib\u00e9rez votre potentiel cr\u00e9atif\",\"potentialAction\":[{\"@type\":\"SearchAction\",\"target\":{\"@type\":\"EntryPoint\",\"urlTemplate\":\"https:\\\/\\\/www.swisscrochet.ch\\\/?s={search_term_string}\"},\"query-input\":{\"@type\":\"PropertyValueSpecification\",\"valueRequired\":true,\"valueName\":\"search_term_string\"}}],\"inLanguage\":\"fr-FR\"}]}<\/script>\n<!-- \/ Yoast SEO plugin. -->","yoast_head_json":{"title":"Chiaogoo - C\u00e2ble SWIV360 Silver &#171; Swiss Crochet","description":"Les c\u00e2bles ChiaoGoo SWIV360 Silver pivotent \u00e0 360\u00b0, emp\u00eachant les torsions \u2013 parfaits pour le crochet tunisien \u00e0 plat ou en rond. Disponibles en longueurs de 13 \u00e0 125 cm.","robots":{"index":"index","follow":"follow","max-snippet":"max-snippet:-1","max-image-preview":"max-image-preview:large","max-video-preview":"max-video-preview:-1"},"canonical":"https:\/\/www.swisscrochet.ch\/produit\/chiaogoo-swiv360-silver-cable\/","og_locale":"fr_FR","og_type":"article","og_title":"Chiaogoo - C\u00e2ble SWIV360 Silver &#171; Swiss Crochet","og_description":"Les c\u00e2bles ChiaoGoo SWIV360 Silver pivotent \u00e0 360\u00b0, emp\u00eachant les torsions \u2013 parfaits pour le crochet tunisien \u00e0 plat ou en rond. Disponibles en longueurs de 13 \u00e0 125 cm.","og_url":"https:\/\/www.swisscrochet.ch\/produit\/chiaogoo-swiv360-silver-cable\/","og_site_name":"Swiss Crochet","article_modified_time":"2026-01-28T12:25:49+00:00","og_image":[{"width":1000,"height":1000,"url":"https:\/\/www.swisscrochet.ch\/wp-content\/uploads\/2025\/05\/Chiaogoo-SWIV360-Silver-Cable-Overview.jpg","type":"image\/jpeg"}],"twitter_card":"summary_large_image","twitter_misc":{"Dur\u00e9e de lecture estim\u00e9e":"1 minute"},"schema":{"@context":"https:\/\/schema.org","@graph":[{"@type":["WebPage","ItemPage"],"@id":"https:\/\/www.swisscrochet.ch\/produit\/chiaogoo-swiv360-silver-cable\/","url":"https:\/\/www.swisscrochet.ch\/produit\/chiaogoo-swiv360-silver-cable\/","name":"Chiaogoo - C\u00e2ble SWIV360 Silver &#171; Swiss Crochet","isPartOf":{"@id":"https:\/\/www.swisscrochet.ch\/#website"},"primaryImageOfPage":{"@id":"https:\/\/www.swisscrochet.ch\/produit\/chiaogoo-swiv360-silver-cable\/#primaryimage"},"image":{"@id":"https:\/\/www.swisscrochet.ch\/produit\/chiaogoo-swiv360-silver-cable\/#primaryimage"},"thumbnailUrl":"https:\/\/www.swisscrochet.ch\/wp-content\/uploads\/2025\/05\/Chiaogoo-SWIV360-Silver-Cable-Overview.jpg","datePublished":"2025-05-15T13:48:52+00:00","dateModified":"2026-01-28T12:25:49+00:00","description":"Les c\u00e2bles ChiaoGoo SWIV360 Silver pivotent \u00e0 360\u00b0, emp\u00eachant les torsions \u2013 parfaits pour le crochet tunisien \u00e0 plat ou en rond. Disponibles en longueurs de 13 \u00e0 125 cm.","breadcrumb":{"@id":"https:\/\/www.swisscrochet.ch\/produit\/chiaogoo-swiv360-silver-cable\/#breadcrumb"},"inLanguage":"fr-FR","potentialAction":[{"@type":"ReadAction","target":["https:\/\/www.swisscrochet.ch\/produit\/chiaogoo-swiv360-silver-cable\/"]}]},{"@type":"ImageObject","inLanguage":"fr-FR","@id":"https:\/\/www.swisscrochet.ch\/produit\/chiaogoo-swiv360-silver-cable\/#primaryimage","url":"https:\/\/www.swisscrochet.ch\/wp-content\/uploads\/2025\/05\/Chiaogoo-SWIV360-Silver-Cable-Overview.jpg","contentUrl":"https:\/\/www.swisscrochet.ch\/wp-content\/uploads\/2025\/05\/Chiaogoo-SWIV360-Silver-Cable-Overview.jpg","width":1000,"height":1000},{"@type":"BreadcrumbList","@id":"https:\/\/www.swisscrochet.ch\/produit\/chiaogoo-swiv360-silver-cable\/#breadcrumb","itemListElement":[{"@type":"ListItem","position":1,"name":"Home","item":"https:\/\/www.swisscrochet.ch\/fr\/"},{"@type":"ListItem","position":2,"name":"Boutique","item":"https:\/\/www.swisscrochet.ch\/fr\/boutique\/"},{"@type":"ListItem","position":3,"name":"Chiaogoo &#8211; C\u00e2ble SWIV360 Silver"}]},{"@type":"WebSite","@id":"https:\/\/www.swisscrochet.ch\/#website","url":"https:\/\/www.swisscrochet.ch\/","name":"Swiss Crochet","description":"Lib\u00e9rez votre potentiel cr\u00e9atif","potentialAction":[{"@type":"SearchAction","target":{"@type":"EntryPoint","urlTemplate":"https:\/\/www.swisscrochet.ch\/?s={search_term_string}"},"query-input":{"@type":"PropertyValueSpecification","valueRequired":true,"valueName":"search_term_string"}}],"inLanguage":"fr-FR"}]}},"_links":{"self":[{"href":"https:\/\/www.swisscrochet.ch\/fr\/wp-json\/wp\/v2\/product\/6888","targetHints":{"allow":["GET"]}}],"collection":[{"href":"https:\/\/www.swisscrochet.ch\/fr\/wp-json\/wp\/v2\/product"}],"about":[{"href":"https:\/\/www.swisscrochet.ch\/fr\/wp-json\/wp\/v2\/types\/product"}],"wp:featuredmedia":[{"embeddable":true,"href":"https:\/\/www.swisscrochet.ch\/fr\/wp-json\/wp\/v2\/media\/6705"}],"wp:attachment":[{"href":"https:\/\/www.swisscrochet.ch\/fr\/wp-json\/wp\/v2\/media?parent=6888"}],"wp:term":[{"taxonomy":"product_brand","embeddable":true,"href":"https:\/\/www.swisscrochet.ch\/fr\/wp-json\/wp\/v2\/product_brand?post=6888"},{"taxonomy":"product_cat","embeddable":true,"href":"https:\/\/www.swisscrochet.ch\/fr\/wp-json\/wp\/v2\/product_cat?post=6888"},{"taxonomy":"product_tag","embeddable":true,"href":"https:\/\/www.swisscrochet.ch\/fr\/wp-json\/wp\/v2\/product_tag?post=6888"}],"curies":[{"name":"wp","href":"https:\/\/api.w.org\/{rel}","templated":true}]}}